{"id":355041,"date":"2025-09-29T19:19:34","date_gmt":"2025-09-29T17:19:34","guid":{"rendered":"https:\/\/www.miomiorun.com\/?post_type=product&#038;p=355041"},"modified":"2026-05-09T10:11:39","modified_gmt":"2026-05-09T08:11:39","slug":"race-t-shirt-nature-ai-print-hombre","status":"publish","type":"product","link":"https:\/\/www.miomiorun.com\/es\/producto\/race-t-shirt-nature-ai-print-hombre\/","title":{"rendered":"Race T-Shirt Nature AI Print hombre"},"content":{"rendered":"<p data-start=\"200\" data-end=\"480\">La <strong data-start=\"203\" data-end=\"230\">camiseta Race de NNormal<\/strong> est\u00e1 dise\u00f1ada para ofrecerte una experiencia de carrera superior, combinando ligereza, comodidad y sostenibilidad. Fabricada en un <strong data-start=\"346\" data-end=\"377\">90 % con materiales reciclados<\/strong>, representa una opci\u00f3n responsable para quienes buscan un alto rendimiento y el respeto por el medio ambiente.<\/p>\n<p data-start=\"482\" data-end=\"855\">El nuevo dise\u00f1o, inspirado en los colores de la naturaleza y enriquecido por la creatividad de la inteligencia artificial, hace que esta camiseta sea \u00fanica, capaz de contar una historia a trav\u00e9s de sus matices. El corte ergon\u00f3mico y el tejido extremadamente ligero te acompa\u00f1an en tus entrenamientos y en las carreras m\u00e1s exigentes, regal\u00e1ndote una sensaci\u00f3n de m\u00e1xima libertad.<\/p>\n<p data-start=\"857\" data-end=\"1047\">La <strong data-start=\"860\" data-end=\"876\">Race T-Shirt<\/strong> se convertir\u00e1 pronto en una prenda imprescindible de tu equipaci\u00f3n de running, gracias a su capacidad para combinar <strong data-start=\"975\" data-end=\"1044\">innovaci\u00f3n est\u00e9tica, comodidad t\u00e9cnica y responsabilidad medioambiental<\/strong>.<\/p>\n<p data-start=\"1049\" data-end=\"1082\"><strong data-start=\"1049\" data-end=\"1080\">Caracter\u00edsticas principales:<\/strong><\/p>\n<ul data-start=\"1083\" data-end=\"1379\">\n<li data-start=\"1083\" data-end=\"1142\">\n<p data-start=\"1085\" data-end=\"1142\">Composici\u00f3n: <strong data-start=\"1099\" data-end=\"1140\">86 % poli\u00e9ster reciclado, 14 % elastano<\/strong><\/p>\n<\/li>\n<li data-start=\"1143\" data-end=\"1192\">\n<p data-start=\"1145\" data-end=\"1192\">Fabricada en un <strong data-start=\"1159\" data-end=\"1190\">90 % con materiales reciclados<\/strong><\/p>\n<\/li>\n<li data-start=\"1193\" data-end=\"1269\">\n<p data-start=\"1195\" data-end=\"1269\"><strong data-start=\"1195\" data-end=\"1228\">Tejido ligero y transpirable<\/strong>, ideal para competiciones y entrenamientos intensos<\/p>\n<\/li>\n<li data-start=\"1270\" data-end=\"1332\">\n<p data-start=\"1272\" data-end=\"1332\"><strong data-start=\"1272\" data-end=\"1293\">Dise\u00f1o innovador<\/strong> inspirado en la naturaleza y creado con IA<\/p>\n<\/li>\n<li data-start=\"1333\" data-end=\"1379\">\n<p data-start=\"1335\" data-end=\"1379\">Fabricada en Lituania por <strong data-start=\"1359\" data-end=\"1377\">Audimas Supply<\/strong><\/p>\n<\/li>\n<\/ul>\n","protected":false},"excerpt":{"rendered":"<ul data-start=\"1083\" data-end=\"1379\">\n<li data-start=\"1193\" data-end=\"1269\">\n<p data-start=\"1195\" data-end=\"1269\">Tejido ligero y transpirable<\/p>\n<\/li>\n<li data-start=\"1270\" data-end=\"1332\">\n<p data-start=\"1272\" data-end=\"1332\">Dise\u00f1o innovador inspirado en la naturaleza y creado con IA<\/p>\n<\/li>\n<\/ul>\n","protected":false},"featured_media":358057,"template":"","meta":{"_acf_changed":false,"inline_featured_image":false},"product_brand":[],"product_cat":[24455,24463],"product_tag":[35740,35744],"class_list":{"0":"post-355041","1":"product","2":"type-product","3":"status-publish","4":"has-post-thumbnail","6":"product_cat-camiseta-es-2","7":"product_cat-ropa-de-hombre-es","8":"product_tag-nnormal-es","9":"product_tag-nnormal-hombre-es","10":"pa_attivita-caminar","11":"pa_attivita-running-es","12":"pa_attivita-trail-es","13":"pa_colore-race-t-shirt-nature-ai-print-es","14":"pa_marca-nnormal-es","15":"pa_sesso-hombre","16":"pa_size-small-es","17":"pa_size-medium-es","18":"pa_size-large-es","20":"first","21":"instock","22":"sale","23":"taxable","24":"shipping-taxable","25":"purchasable","26":"product-type-variable","27":"wvs-archive-product-wrapper"},"acf":[],"yoast_head":"<!-- This site is optimized with the Yoast SEO plugin v26.8 - https:\/\/yoast.com\/product\/yoast-seo-wordpress\/ -->\n<title>NNormal Race T-Shirt Nature AI Print hombre -camiseta de running- MioMioRun.com<\/title>\n<meta name=\"description\" content=\"Camiseta NNormal Race: camiseta de running ligera y sostenible, fabricada en un 90 % con materiales reciclados y con un dise\u00f1o innovador inspirado en la naturaleza.\" \/>\n<meta name=\"robots\" content=\"index, follow, max-snippet:-1, max-image-preview:large, max-video-preview:-1\" \/>\n<link rel=\"canonical\" href=\"https:\/\/www.miomiorun.com\/es\/producto\/race-t-shirt-nature-ai-print-hombre\/\" \/>\n<meta property=\"og:locale\" content=\"es_ES\" \/>\n<meta property=\"og:type\" content=\"article\" \/>\n<meta property=\"og:title\" content=\"NNormal Race T-Shirt Nature AI Print hombre -camiseta de running- MioMioRun.com\" \/>\n<meta property=\"og:description\" content=\"Camiseta NNormal Race: camiseta de running ligera y sostenible, fabricada en un 90 % con materiales reciclados y con un dise\u00f1o innovador inspirado en la naturaleza.\" \/>\n<meta property=\"og:url\" content=\"https:\/\/www.miomiorun.com\/es\/producto\/race-t-shirt-nature-ai-print-hombre\/\" \/>\n<meta property=\"og:site_name\" content=\"MioMioRun\" \/>\n<meta property=\"article:publisher\" content=\"https:\/\/www.facebook.com\/miomiorun\/\" \/>\n<meta property=\"article:modified_time\" content=\"2026-05-09T08:11:39+00:00\" \/>\n<meta property=\"og:image\" content=\"https:\/\/www.miomiorun.com\/app\/uploads\/2025\/10\/nnormal-Race-t-shirt-Nature-AI-print-N1CMTS-007.webp\" \/>\n\t<meta property=\"og:image:width\" content=\"720\" \/>\n\t<meta property=\"og:image:height\" content=\"720\" \/>\n\t<meta property=\"og:image:type\" content=\"image\/webp\" \/>\n<meta name=\"twitter:card\" content=\"summary_large_image\" \/>\n<meta name=\"twitter:label1\" content=\"Est. reading time\" \/>\n\t<meta name=\"twitter:data1\" content=\"1 minute\" \/>\n<script type=\"application\/ld+json\" class=\"yoast-schema-graph\">{\"@context\":\"https:\/\/schema.org\",\"@graph\":[{\"@type\":\"WebPage\",\"@id\":\"https:\/\/www.miomiorun.com\/es\/producto\/race-t-shirt-nature-ai-print-hombre\/\",\"url\":\"https:\/\/www.miomiorun.com\/es\/producto\/race-t-shirt-nature-ai-print-hombre\/\",\"name\":\"NNormal Race T-Shirt Nature AI Print hombre -camiseta de running- MioMioRun.com\",\"isPartOf\":{\"@id\":\"https:\/\/www.miomiorun.com\/es\/#website\"},\"primaryImageOfPage\":{\"@id\":\"https:\/\/www.miomiorun.com\/es\/producto\/race-t-shirt-nature-ai-print-hombre\/#primaryimage\"},\"image\":{\"@id\":\"https:\/\/www.miomiorun.com\/es\/producto\/race-t-shirt-nature-ai-print-hombre\/#primaryimage\"},\"thumbnailUrl\":\"https:\/\/www.miomiorun.com\/app\/uploads\/2025\/10\/nnormal-Race-t-shirt-Nature-AI-print-N1CMTS-007.webp\",\"datePublished\":\"2025-09-29T17:19:34+00:00\",\"dateModified\":\"2026-05-09T08:11:39+00:00\",\"description\":\"Camiseta NNormal Race: camiseta de running ligera y sostenible, fabricada en un 90 % con materiales reciclados y con un dise\u00f1o innovador inspirado en la naturaleza.\",\"breadcrumb\":{\"@id\":\"https:\/\/www.miomiorun.com\/es\/producto\/race-t-shirt-nature-ai-print-hombre\/#breadcrumb\"},\"inLanguage\":\"es-ES\",\"potentialAction\":[{\"@type\":\"ReadAction\",\"target\":[\"https:\/\/www.miomiorun.com\/es\/producto\/race-t-shirt-nature-ai-print-hombre\/\"]}]},{\"@type\":\"ImageObject\",\"inLanguage\":\"es-ES\",\"@id\":\"https:\/\/www.miomiorun.com\/es\/producto\/race-t-shirt-nature-ai-print-hombre\/#primaryimage\",\"url\":\"https:\/\/www.miomiorun.com\/app\/uploads\/2025\/10\/nnormal-Race-t-shirt-Nature-AI-print-N1CMTS-007.webp\",\"contentUrl\":\"https:\/\/www.miomiorun.com\/app\/uploads\/2025\/10\/nnormal-Race-t-shirt-Nature-AI-print-N1CMTS-007.webp\",\"width\":720,\"height\":720,\"caption\":\"nnormal Race t-shirt Nature AI print N1CMTS-007\"},{\"@type\":\"BreadcrumbList\",\"@id\":\"https:\/\/www.miomiorun.com\/es\/producto\/race-t-shirt-nature-ai-print-hombre\/#breadcrumb\",\"itemListElement\":[{\"@type\":\"ListItem\",\"position\":1,\"name\":\"Home\",\"item\":\"https:\/\/www.miomiorun.com\/es\/\"},{\"@type\":\"ListItem\",\"position\":2,\"name\":\"Shop\",\"item\":\"https:\/\/www.miomiorun.com\/shop\/\"},{\"@type\":\"ListItem\",\"position\":3,\"name\":\"Race T-Shirt Nature AI Print hombre\"}]},{\"@type\":\"WebSite\",\"@id\":\"https:\/\/www.miomiorun.com\/es\/#website\",\"url\":\"https:\/\/www.miomiorun.com\/es\/\",\"name\":\"MioMioRun\",\"description\":\"Tienda 100% running y trail\",\"publisher\":{\"@id\":\"https:\/\/www.miomiorun.com\/es\/#organization\"},\"potentialAction\":[{\"@type\":\"SearchAction\",\"target\":{\"@type\":\"EntryPoint\",\"urlTemplate\":\"https:\/\/www.miomiorun.com\/es\/?s={search_term_string}\"},\"query-input\":{\"@type\":\"PropertyValueSpecification\",\"valueRequired\":true,\"valueName\":\"search_term_string\"}}],\"inLanguage\":\"es-ES\"},{\"@type\":\"Organization\",\"@id\":\"https:\/\/www.miomiorun.com\/es\/#organization\",\"name\":\"MioMio Run\",\"url\":\"https:\/\/www.miomiorun.com\/es\/\",\"logo\":{\"@type\":\"ImageObject\",\"inLanguage\":\"es-ES\",\"@id\":\"https:\/\/www.miomiorun.com\/es\/#\/schema\/logo\/image\/\",\"url\":\"https:\/\/www.miomiorun.com\/app\/uploads\/2019\/12\/logomio.png\",\"contentUrl\":\"https:\/\/www.miomiorun.com\/app\/uploads\/2019\/12\/logomio.png\",\"width\":115,\"height\":82,\"caption\":\"MioMio Run\"},\"image\":{\"@id\":\"https:\/\/www.miomiorun.com\/es\/#\/schema\/logo\/image\/\"},\"sameAs\":[\"https:\/\/www.facebook.com\/miomiorun\/\",\"https:\/\/www.instagram.com\/miomiorun\/\"]}]}<\/script>\n<!-- \/ Yoast SEO plugin. -->","yoast_head_json":{"title":"NNormal Race T-Shirt Nature AI Print hombre -camiseta de running- MioMioRun.com","description":"Camiseta NNormal Race: camiseta de running ligera y sostenible, fabricada en un 90 % con materiales reciclados y con un dise\u00f1o innovador inspirado en la naturaleza.","robots":{"index":"index","follow":"follow","max-snippet":"max-snippet:-1","max-image-preview":"max-image-preview:large","max-video-preview":"max-video-preview:-1"},"canonical":"https:\/\/www.miomiorun.com\/es\/producto\/race-t-shirt-nature-ai-print-hombre\/","og_locale":"es_ES","og_type":"article","og_title":"NNormal Race T-Shirt Nature AI Print hombre -camiseta de running- MioMioRun.com","og_description":"Camiseta NNormal Race: camiseta de running ligera y sostenible, fabricada en un 90 % con materiales reciclados y con un dise\u00f1o innovador inspirado en la naturaleza.","og_url":"https:\/\/www.miomiorun.com\/es\/producto\/race-t-shirt-nature-ai-print-hombre\/","og_site_name":"MioMioRun","article_publisher":"https:\/\/www.facebook.com\/miomiorun\/","article_modified_time":"2026-05-09T08:11:39+00:00","og_image":[{"width":720,"height":720,"url":"https:\/\/www.miomiorun.com\/app\/uploads\/2025\/10\/nnormal-Race-t-shirt-Nature-AI-print-N1CMTS-007.webp","type":"image\/webp"}],"twitter_card":"summary_large_image","twitter_misc":{"Est. reading time":"1 minute"},"schema":{"@context":"https:\/\/schema.org","@graph":[{"@type":"WebPage","@id":"https:\/\/www.miomiorun.com\/es\/producto\/race-t-shirt-nature-ai-print-hombre\/","url":"https:\/\/www.miomiorun.com\/es\/producto\/race-t-shirt-nature-ai-print-hombre\/","name":"NNormal Race T-Shirt Nature AI Print hombre -camiseta de running- MioMioRun.com","isPartOf":{"@id":"https:\/\/www.miomiorun.com\/es\/#website"},"primaryImageOfPage":{"@id":"https:\/\/www.miomiorun.com\/es\/producto\/race-t-shirt-nature-ai-print-hombre\/#primaryimage"},"image":{"@id":"https:\/\/www.miomiorun.com\/es\/producto\/race-t-shirt-nature-ai-print-hombre\/#primaryimage"},"thumbnailUrl":"https:\/\/www.miomiorun.com\/app\/uploads\/2025\/10\/nnormal-Race-t-shirt-Nature-AI-print-N1CMTS-007.webp","datePublished":"2025-09-29T17:19:34+00:00","dateModified":"2026-05-09T08:11:39+00:00","description":"Camiseta NNormal Race: camiseta de running ligera y sostenible, fabricada en un 90 % con materiales reciclados y con un dise\u00f1o innovador inspirado en la naturaleza.","breadcrumb":{"@id":"https:\/\/www.miomiorun.com\/es\/producto\/race-t-shirt-nature-ai-print-hombre\/#breadcrumb"},"inLanguage":"es-ES","potentialAction":[{"@type":"ReadAction","target":["https:\/\/www.miomiorun.com\/es\/producto\/race-t-shirt-nature-ai-print-hombre\/"]}]},{"@type":"ImageObject","inLanguage":"es-ES","@id":"https:\/\/www.miomiorun.com\/es\/producto\/race-t-shirt-nature-ai-print-hombre\/#primaryimage","url":"https:\/\/www.miomiorun.com\/app\/uploads\/2025\/10\/nnormal-Race-t-shirt-Nature-AI-print-N1CMTS-007.webp","contentUrl":"https:\/\/www.miomiorun.com\/app\/uploads\/2025\/10\/nnormal-Race-t-shirt-Nature-AI-print-N1CMTS-007.webp","width":720,"height":720,"caption":"nnormal Race t-shirt Nature AI print N1CMTS-007"},{"@type":"BreadcrumbList","@id":"https:\/\/www.miomiorun.com\/es\/producto\/race-t-shirt-nature-ai-print-hombre\/#breadcrumb","itemListElement":[{"@type":"ListItem","position":1,"name":"Home","item":"https:\/\/www.miomiorun.com\/es\/"},{"@type":"ListItem","position":2,"name":"Shop","item":"https:\/\/www.miomiorun.com\/shop\/"},{"@type":"ListItem","position":3,"name":"Race T-Shirt Nature AI Print hombre"}]},{"@type":"WebSite","@id":"https:\/\/www.miomiorun.com\/es\/#website","url":"https:\/\/www.miomiorun.com\/es\/","name":"MioMioRun","description":"Tienda 100% running y trail","publisher":{"@id":"https:\/\/www.miomiorun.com\/es\/#organization"},"potentialAction":[{"@type":"SearchAction","target":{"@type":"EntryPoint","urlTemplate":"https:\/\/www.miomiorun.com\/es\/?s={search_term_string}"},"query-input":{"@type":"PropertyValueSpecification","valueRequired":true,"valueName":"search_term_string"}}],"inLanguage":"es-ES"},{"@type":"Organization","@id":"https:\/\/www.miomiorun.com\/es\/#organization","name":"MioMio Run","url":"https:\/\/www.miomiorun.com\/es\/","logo":{"@type":"ImageObject","inLanguage":"es-ES","@id":"https:\/\/www.miomiorun.com\/es\/#\/schema\/logo\/image\/","url":"https:\/\/www.miomiorun.com\/app\/uploads\/2019\/12\/logomio.png","contentUrl":"https:\/\/www.miomiorun.com\/app\/uploads\/2019\/12\/logomio.png","width":115,"height":82,"caption":"MioMio Run"},"image":{"@id":"https:\/\/www.miomiorun.com\/es\/#\/schema\/logo\/image\/"},"sameAs":["https:\/\/www.facebook.com\/miomiorun\/","https:\/\/www.instagram.com\/miomiorun\/"]}]}},"_links":{"self":[{"href":"https:\/\/www.miomiorun.com\/es\/wp-json\/wp\/v2\/product\/355041","targetHints":{"allow":["GET"]}}],"collection":[{"href":"https:\/\/www.miomiorun.com\/es\/wp-json\/wp\/v2\/product"}],"about":[{"href":"https:\/\/www.miomiorun.com\/es\/wp-json\/wp\/v2\/types\/product"}],"wp:featuredmedia":[{"embeddable":true,"href":"https:\/\/www.miomiorun.com\/es\/wp-json\/wp\/v2\/media\/358057"}],"wp:attachment":[{"href":"https:\/\/www.miomiorun.com\/es\/wp-json\/wp\/v2\/media?parent=355041"}],"wp:term":[{"taxonomy":"product_brand","embeddable":true,"href":"https:\/\/www.miomiorun.com\/es\/wp-json\/wp\/v2\/product_brand?post=355041"},{"taxonomy":"product_cat","embeddable":true,"href":"https:\/\/www.miomiorun.com\/es\/wp-json\/wp\/v2\/product_cat?post=355041"},{"taxonomy":"product_tag","embeddable":true,"href":"https:\/\/www.miomiorun.com\/es\/wp-json\/wp\/v2\/product_tag?post=355041"}],"curies":[{"name":"wp","href":"https:\/\/api.w.org\/{rel}","templated":true}]}}