{"id":354818,"date":"2025-09-27T15:44:07","date_gmt":"2025-09-27T13:44:07","guid":{"rendered":"https:\/\/www.miomiorun.com\/?post_type=product&#038;p=354818"},"modified":"2026-05-09T10:11:15","modified_gmt":"2026-05-09T08:11:15","slug":"race-cap","status":"publish","type":"product","link":"https:\/\/www.miomiorun.com\/es\/producto\/race-cap\/","title":{"rendered":"Race Cap"},"content":{"rendered":"<p data-start=\"190\" data-end=\"535\">Recorre los senderos con seguridad y estilo gracias a la <strong data-start=\"242\" data-end=\"265\">Race Cap de NNormal<\/strong>, la gorra dise\u00f1ada para los corredores de trail que no quieren renunciar ni a la comodidad ni al rendimiento. Confeccionada en poli\u00e9ster reciclado con un toque de spandex, combina <strong data-start=\"431\" data-end=\"478\">durabilidad, ligereza y un ajuste ergon\u00f3mico<\/strong>, adapt\u00e1ndose perfectamente a cualquier entrenamiento o carrera.<\/p>\n<p data-start=\"537\" data-end=\"825\">Los orificios cortados con l\u00e1ser en los laterales mejoran la transpiraci\u00f3n y el efecto refrescante, manteni\u00e9ndote fresco y seco incluso durante las salidas m\u00e1s intensas. La estructura ligera y el dise\u00f1o ajustable garantizan estabilidad y comodidad prolongada, sin renunciar nunca a la practicidad.<\/p>\n<p data-start=\"827\" data-end=\"1021\">M\u00e1s que una simple gorra, la <strong data-start=\"861\" data-end=\"884\">Race Cap de NNormal<\/strong> es un accesorio esencial para quienes corren por la monta\u00f1a o por los senderos m\u00e1s t\u00e9cnicos, ya que ofrece protecci\u00f3n, rendimiento y un estilo distintivo.<\/p>\n<p data-start=\"1023\" data-end=\"1056\"><strong data-start=\"1023\" data-end=\"1054\">Caracter\u00edsticas principales:<\/strong><\/p>\n<ul data-start=\"1057\" data-end=\"1368\">\n<li data-start=\"1057\" data-end=\"1117\">\n<p data-start=\"1059\" data-end=\"1117\">Fabricada con <strong data-start=\"1074\" data-end=\"1115\">97 % de poli\u00e9ster reciclado y 3 % de spandex<\/strong><\/p>\n<\/li>\n<li data-start=\"1118\" data-end=\"1192\">\n<p data-start=\"1120\" data-end=\"1192\"><strong data-start=\"1120\" data-end=\"1138\">Orificios cortados con l\u00e1ser<\/strong> en los laterales para una ventilaci\u00f3n y refrigeraci\u00f3n \u00f3ptimas<\/p>\n<\/li>\n<li data-start=\"1193\" data-end=\"1257\">\n<p data-start=\"1195\" data-end=\"1257\"><strong data-start=\"1195\" data-end=\"1216\">Dise\u00f1o ajustable<\/strong> para un ajuste seguro y vers\u00e1til<\/p>\n<\/li>\n<li data-start=\"1258\" data-end=\"1340\">\n<p data-start=\"1260\" data-end=\"1340\">Tejido <strong data-start=\"1268\" data-end=\"1293\">ligero y transpirable<\/strong>, ideal para carreras intensas y d\u00edas soleados<\/p>\n<\/li>\n<\/ul>\n","protected":false},"excerpt":{"rendered":"<ul data-start=\"1057\" data-end=\"1368\">\n<li data-start=\"1193\" data-end=\"1257\">\n<p data-start=\"1195\" data-end=\"1257\"><strong data-start=\"1195\" data-end=\"1216\">Dise\u00f1o ajustable<\/strong> para un ajuste seguro y vers\u00e1til<\/p>\n<\/li>\n<li data-start=\"1258\" data-end=\"1340\">\n<p data-start=\"1260\" data-end=\"1340\">Tejido <strong data-start=\"1268\" data-end=\"1293\">ligero y transpirable<\/strong><\/p>\n<\/li>\n<\/ul>\n","protected":false},"featured_media":358014,"template":"","meta":{"_acf_changed":false,"inline_featured_image":false},"product_brand":[],"product_cat":[24205,24221,24222],"product_tag":[35740],"class_list":{"0":"post-354818","1":"product","2":"type-product","3":"status-publish","4":"has-post-thumbnail","6":"product_cat-accesorios","7":"product_cat-calefaccion","8":"product_cat-sombreros-gorras","9":"product_tag-nnormal-es","10":"pa_attivita-caminar","11":"pa_attivita-outdoor-es","12":"pa_attivita-running-es","13":"pa_attivita-trail-es","14":"pa_colore-race-cap-black-es","15":"pa_colore-race-cap-green-es","16":"pa_colore-race-cap-orange","17":"pa_colore-race-cap-purple","18":"pa_colore-race-cap-white-es","19":"pa_marca-nnormal-es","20":"pa_sesso-hombre","21":"pa_sesso-mujer","23":"first","24":"instock","25":"taxable","26":"shipping-taxable","27":"purchasable","28":"product-type-variable","29":"wvs-archive-product-wrapper"},"acf":[],"yoast_head":"<!-- This site is optimized with the Yoast SEO plugin v26.8 - https:\/\/yoast.com\/product\/yoast-seo-wordpress\/ -->\n<title>NNormal Race Cap - Gorra de running - MioMioRun<\/title>\n<meta name=\"description\" content=\"Race Cap: gorra de trail running ligera y transpirable, fabricada en poli\u00e9ster reciclado, con orificios cortados con l\u00e1ser y dise\u00f1o ajustable para mayor comodidad y rendimiento.\" \/>\n<meta name=\"robots\" content=\"index, follow, max-snippet:-1, max-image-preview:large, max-video-preview:-1\" \/>\n<link rel=\"canonical\" href=\"https:\/\/www.miomiorun.com\/es\/producto\/race-cap\/\" \/>\n<meta property=\"og:locale\" content=\"es_ES\" \/>\n<meta property=\"og:type\" content=\"article\" \/>\n<meta property=\"og:title\" content=\"NNormal Race Cap - Gorra de running - MioMioRun\" \/>\n<meta property=\"og:description\" content=\"Race Cap: gorra de trail running ligera y transpirable, fabricada en poli\u00e9ster reciclado, con orificios cortados con l\u00e1ser y dise\u00f1o ajustable para mayor comodidad y rendimiento.\" \/>\n<meta property=\"og:url\" content=\"https:\/\/www.miomiorun.com\/es\/producto\/race-cap\/\" \/>\n<meta property=\"og:site_name\" content=\"MioMioRun\" \/>\n<meta property=\"article:publisher\" content=\"https:\/\/www.facebook.com\/miomiorun\/\" \/>\n<meta property=\"article:modified_time\" content=\"2026-05-09T08:11:15+00:00\" \/>\n<meta property=\"og:image\" content=\"https:\/\/www.miomiorun.com\/app\/uploads\/2025\/10\/nnormal-Race-cap-green-N1ARC03-003.webp\" \/>\n\t<meta property=\"og:image:width\" content=\"720\" \/>\n\t<meta property=\"og:image:height\" content=\"720\" \/>\n\t<meta property=\"og:image:type\" content=\"image\/webp\" \/>\n<meta name=\"twitter:card\" content=\"summary_large_image\" \/>\n<meta name=\"twitter:label1\" content=\"Est. reading time\" \/>\n\t<meta name=\"twitter:data1\" content=\"1 minute\" \/>\n<script type=\"application\/ld+json\" class=\"yoast-schema-graph\">{\"@context\":\"https:\/\/schema.org\",\"@graph\":[{\"@type\":\"WebPage\",\"@id\":\"https:\/\/www.miomiorun.com\/es\/producto\/race-cap\/\",\"url\":\"https:\/\/www.miomiorun.com\/es\/producto\/race-cap\/\",\"name\":\"NNormal Race Cap - Gorra de running - MioMioRun\",\"isPartOf\":{\"@id\":\"https:\/\/www.miomiorun.com\/es\/#website\"},\"primaryImageOfPage\":{\"@id\":\"https:\/\/www.miomiorun.com\/es\/producto\/race-cap\/#primaryimage\"},\"image\":{\"@id\":\"https:\/\/www.miomiorun.com\/es\/producto\/race-cap\/#primaryimage\"},\"thumbnailUrl\":\"https:\/\/www.miomiorun.com\/app\/uploads\/2025\/10\/nnormal-Race-cap-green-N1ARC03-003.webp\",\"datePublished\":\"2025-09-27T13:44:07+00:00\",\"dateModified\":\"2026-05-09T08:11:15+00:00\",\"description\":\"Race Cap: gorra de trail running ligera y transpirable, fabricada en poli\u00e9ster reciclado, con orificios cortados con l\u00e1ser y dise\u00f1o ajustable para mayor comodidad y rendimiento.\",\"breadcrumb\":{\"@id\":\"https:\/\/www.miomiorun.com\/es\/producto\/race-cap\/#breadcrumb\"},\"inLanguage\":\"es-ES\",\"potentialAction\":[{\"@type\":\"ReadAction\",\"target\":[\"https:\/\/www.miomiorun.com\/es\/producto\/race-cap\/\"]}]},{\"@type\":\"ImageObject\",\"inLanguage\":\"es-ES\",\"@id\":\"https:\/\/www.miomiorun.com\/es\/producto\/race-cap\/#primaryimage\",\"url\":\"https:\/\/www.miomiorun.com\/app\/uploads\/2025\/10\/nnormal-Race-cap-green-N1ARC03-003.webp\",\"contentUrl\":\"https:\/\/www.miomiorun.com\/app\/uploads\/2025\/10\/nnormal-Race-cap-green-N1ARC03-003.webp\",\"width\":720,\"height\":720,\"caption\":\"nnormal Race cap green N1ARC03-003\"},{\"@type\":\"BreadcrumbList\",\"@id\":\"https:\/\/www.miomiorun.com\/es\/producto\/race-cap\/#breadcrumb\",\"itemListElement\":[{\"@type\":\"ListItem\",\"position\":1,\"name\":\"Home\",\"item\":\"https:\/\/www.miomiorun.com\/es\/\"},{\"@type\":\"ListItem\",\"position\":2,\"name\":\"Shop\",\"item\":\"https:\/\/www.miomiorun.com\/shop\/\"},{\"@type\":\"ListItem\",\"position\":3,\"name\":\"Race Cap\"}]},{\"@type\":\"WebSite\",\"@id\":\"https:\/\/www.miomiorun.com\/es\/#website\",\"url\":\"https:\/\/www.miomiorun.com\/es\/\",\"name\":\"MioMioRun\",\"description\":\"Tienda 100% running y trail\",\"publisher\":{\"@id\":\"https:\/\/www.miomiorun.com\/es\/#organization\"},\"potentialAction\":[{\"@type\":\"SearchAction\",\"target\":{\"@type\":\"EntryPoint\",\"urlTemplate\":\"https:\/\/www.miomiorun.com\/es\/?s={search_term_string}\"},\"query-input\":{\"@type\":\"PropertyValueSpecification\",\"valueRequired\":true,\"valueName\":\"search_term_string\"}}],\"inLanguage\":\"es-ES\"},{\"@type\":\"Organization\",\"@id\":\"https:\/\/www.miomiorun.com\/es\/#organization\",\"name\":\"MioMio Run\",\"url\":\"https:\/\/www.miomiorun.com\/es\/\",\"logo\":{\"@type\":\"ImageObject\",\"inLanguage\":\"es-ES\",\"@id\":\"https:\/\/www.miomiorun.com\/es\/#\/schema\/logo\/image\/\",\"url\":\"https:\/\/www.miomiorun.com\/app\/uploads\/2019\/12\/logomio.png\",\"contentUrl\":\"https:\/\/www.miomiorun.com\/app\/uploads\/2019\/12\/logomio.png\",\"width\":115,\"height\":82,\"caption\":\"MioMio Run\"},\"image\":{\"@id\":\"https:\/\/www.miomiorun.com\/es\/#\/schema\/logo\/image\/\"},\"sameAs\":[\"https:\/\/www.facebook.com\/miomiorun\/\",\"https:\/\/www.instagram.com\/miomiorun\/\"]}]}<\/script>\n<!-- \/ Yoast SEO plugin. -->","yoast_head_json":{"title":"NNormal Race Cap - Gorra de running - MioMioRun","description":"Race Cap: gorra de trail running ligera y transpirable, fabricada en poli\u00e9ster reciclado, con orificios cortados con l\u00e1ser y dise\u00f1o ajustable para mayor comodidad y rendimiento.","robots":{"index":"index","follow":"follow","max-snippet":"max-snippet:-1","max-image-preview":"max-image-preview:large","max-video-preview":"max-video-preview:-1"},"canonical":"https:\/\/www.miomiorun.com\/es\/producto\/race-cap\/","og_locale":"es_ES","og_type":"article","og_title":"NNormal Race Cap - Gorra de running - MioMioRun","og_description":"Race Cap: gorra de trail running ligera y transpirable, fabricada en poli\u00e9ster reciclado, con orificios cortados con l\u00e1ser y dise\u00f1o ajustable para mayor comodidad y rendimiento.","og_url":"https:\/\/www.miomiorun.com\/es\/producto\/race-cap\/","og_site_name":"MioMioRun","article_publisher":"https:\/\/www.facebook.com\/miomiorun\/","article_modified_time":"2026-05-09T08:11:15+00:00","og_image":[{"width":720,"height":720,"url":"https:\/\/www.miomiorun.com\/app\/uploads\/2025\/10\/nnormal-Race-cap-green-N1ARC03-003.webp","type":"image\/webp"}],"twitter_card":"summary_large_image","twitter_misc":{"Est. reading time":"1 minute"},"schema":{"@context":"https:\/\/schema.org","@graph":[{"@type":"WebPage","@id":"https:\/\/www.miomiorun.com\/es\/producto\/race-cap\/","url":"https:\/\/www.miomiorun.com\/es\/producto\/race-cap\/","name":"NNormal Race Cap - Gorra de running - MioMioRun","isPartOf":{"@id":"https:\/\/www.miomiorun.com\/es\/#website"},"primaryImageOfPage":{"@id":"https:\/\/www.miomiorun.com\/es\/producto\/race-cap\/#primaryimage"},"image":{"@id":"https:\/\/www.miomiorun.com\/es\/producto\/race-cap\/#primaryimage"},"thumbnailUrl":"https:\/\/www.miomiorun.com\/app\/uploads\/2025\/10\/nnormal-Race-cap-green-N1ARC03-003.webp","datePublished":"2025-09-27T13:44:07+00:00","dateModified":"2026-05-09T08:11:15+00:00","description":"Race Cap: gorra de trail running ligera y transpirable, fabricada en poli\u00e9ster reciclado, con orificios cortados con l\u00e1ser y dise\u00f1o ajustable para mayor comodidad y rendimiento.","breadcrumb":{"@id":"https:\/\/www.miomiorun.com\/es\/producto\/race-cap\/#breadcrumb"},"inLanguage":"es-ES","potentialAction":[{"@type":"ReadAction","target":["https:\/\/www.miomiorun.com\/es\/producto\/race-cap\/"]}]},{"@type":"ImageObject","inLanguage":"es-ES","@id":"https:\/\/www.miomiorun.com\/es\/producto\/race-cap\/#primaryimage","url":"https:\/\/www.miomiorun.com\/app\/uploads\/2025\/10\/nnormal-Race-cap-green-N1ARC03-003.webp","contentUrl":"https:\/\/www.miomiorun.com\/app\/uploads\/2025\/10\/nnormal-Race-cap-green-N1ARC03-003.webp","width":720,"height":720,"caption":"nnormal Race cap green N1ARC03-003"},{"@type":"BreadcrumbList","@id":"https:\/\/www.miomiorun.com\/es\/producto\/race-cap\/#breadcrumb","itemListElement":[{"@type":"ListItem","position":1,"name":"Home","item":"https:\/\/www.miomiorun.com\/es\/"},{"@type":"ListItem","position":2,"name":"Shop","item":"https:\/\/www.miomiorun.com\/shop\/"},{"@type":"ListItem","position":3,"name":"Race Cap"}]},{"@type":"WebSite","@id":"https:\/\/www.miomiorun.com\/es\/#website","url":"https:\/\/www.miomiorun.com\/es\/","name":"MioMioRun","description":"Tienda 100% running y trail","publisher":{"@id":"https:\/\/www.miomiorun.com\/es\/#organization"},"potentialAction":[{"@type":"SearchAction","target":{"@type":"EntryPoint","urlTemplate":"https:\/\/www.miomiorun.com\/es\/?s={search_term_string}"},"query-input":{"@type":"PropertyValueSpecification","valueRequired":true,"valueName":"search_term_string"}}],"inLanguage":"es-ES"},{"@type":"Organization","@id":"https:\/\/www.miomiorun.com\/es\/#organization","name":"MioMio Run","url":"https:\/\/www.miomiorun.com\/es\/","logo":{"@type":"ImageObject","inLanguage":"es-ES","@id":"https:\/\/www.miomiorun.com\/es\/#\/schema\/logo\/image\/","url":"https:\/\/www.miomiorun.com\/app\/uploads\/2019\/12\/logomio.png","contentUrl":"https:\/\/www.miomiorun.com\/app\/uploads\/2019\/12\/logomio.png","width":115,"height":82,"caption":"MioMio Run"},"image":{"@id":"https:\/\/www.miomiorun.com\/es\/#\/schema\/logo\/image\/"},"sameAs":["https:\/\/www.facebook.com\/miomiorun\/","https:\/\/www.instagram.com\/miomiorun\/"]}]}},"_links":{"self":[{"href":"https:\/\/www.miomiorun.com\/es\/wp-json\/wp\/v2\/product\/354818","targetHints":{"allow":["GET"]}}],"collection":[{"href":"https:\/\/www.miomiorun.com\/es\/wp-json\/wp\/v2\/product"}],"about":[{"href":"https:\/\/www.miomiorun.com\/es\/wp-json\/wp\/v2\/types\/product"}],"wp:featuredmedia":[{"embeddable":true,"href":"https:\/\/www.miomiorun.com\/es\/wp-json\/wp\/v2\/media\/358014"}],"wp:attachment":[{"href":"https:\/\/www.miomiorun.com\/es\/wp-json\/wp\/v2\/media?parent=354818"}],"wp:term":[{"taxonomy":"product_brand","embeddable":true,"href":"https:\/\/www.miomiorun.com\/es\/wp-json\/wp\/v2\/product_brand?post=354818"},{"taxonomy":"product_cat","embeddable":true,"href":"https:\/\/www.miomiorun.com\/es\/wp-json\/wp\/v2\/product_cat?post=354818"},{"taxonomy":"product_tag","embeddable":true,"href":"https:\/\/www.miomiorun.com\/es\/wp-json\/wp\/v2\/product_tag?post=354818"}],"curies":[{"name":"wp","href":"https:\/\/api.w.org\/{rel}","templated":true}]}}