{"id":354237,"date":"2025-09-26T19:25:06","date_gmt":"2025-09-26T17:25:06","guid":{"rendered":"https:\/\/www.miomiorun.com\/?post_type=product&#038;p=354237"},"modified":"2026-04-17T10:47:58","modified_gmt":"2026-04-17T08:47:58","slug":"tomir-2-0","status":"publish","type":"product","link":"https:\/\/www.miomiorun.com\/es\/producto\/tomir-2-0\/","title":{"rendered":"Tomir 2.0"},"content":{"rendered":"<table style=\"border-collapse: collapse;width: 100%\">\n<tbody>\n<tr>\n<td style=\"width: 33.3333%;vertical-align: top\">\n<p style=\"text-align: left\"><strong>Especificaciones t\u00e9cnicas<\/strong><\/p>\n<p style=\"text-align: left\">Categor\u00eda: Amortiguaci\u00f3n estructurada<br \/>\nDiferencial: 8 mm<br \/>\nPeso: 264 gramos (talla UK 8,5)<br \/>\nIdeal para: corredores de trail que buscan una zapatilla de alto rendimiento y comodidad en recorridos largos y exigentes.<br \/>\nPeso del deportista: 60-80 kg<br \/>\nRitmo de carrera: medio (5-6 min\/km)<br \/>\n<a href=\"https:\/\/miomiorun.com\/guida-alle-specifiche-tecniche\/\">Gu\u00eda de especificaciones t\u00e9cnicas<\/a><\/p>\n<\/td>\n<td style=\"width: 66.6666%;vertical-align: top\">\n<p style=\"text-align: left\" data-start=\"232\" data-end=\"549\">La <strong data-start=\"235\" data-end=\"247\">Tomir 02<\/strong> est\u00e1 pensada para quienes desean destacar tanto por su estilo como por su rendimiento. Esta zapatilla de trail running est\u00e1 dise\u00f1ada para afrontar con seguridad los recorridos m\u00e1s t\u00e9cnicos y las distancias m\u00e1s largas, garantizando estabilidad, protecci\u00f3n y una amortiguaci\u00f3n segura que acompa\u00f1a cada paso.<\/p>\n<p data-start=\"551\" data-end=\"941\">Con un <strong data-start=\"559\" data-end=\"612\">stack de 25 mm en la parte delantera del pie y 33 mm en el tal\u00f3n<\/strong>, un <strong data-start=\"617\" data-end=\"633\">drop de 8 mm<\/strong> y tacos de <strong data-start=\"648\" data-end=\"656\">5 mm<\/strong>, la Tomir 02 ofrece el equilibrio perfecto entre comodidad y agarre, asegurando tracci\u00f3n incluso en los terrenos m\u00e1s exigentes. A pesar de su robustez, mantiene un peso reducido, por lo que resulta ligera y reactiva incluso en las salidas m\u00e1s largas.<\/p>\n<p data-start=\"943\" data-end=\"1339\">El coraz\u00f3n del rendimiento es la suela, fabricada con <strong data-start=\"997\" data-end=\"1017\">VIBRAM\u00ae Megagrip<\/strong>, que garantiza un agarre inmejorable tanto en superficies secas como mojadas. La tecnolog\u00eda <strong data-start=\"1111\" data-end=\"1131\">VIBRAM\u00ae Litebase<\/strong> reduce el peso total sin comprometer la resistencia y la durabilidad, mientras que el dise\u00f1o de los tacos con <strong data-start=\"1235\" data-end=\"1259\">VIBRAM\u00ae Traction Lug<\/strong> est\u00e1 pensado para ofrecer mayor estabilidad y empuje tanto en subida como en bajada.<\/p>\n<p data-start=\"1341\" data-end=\"1514\">Para completar la zapatilla, la <strong data-start=\"1367\" data-end=\"1389\">entresuela Eexpure<\/strong> asegura una amortiguaci\u00f3n reactiva y protectora, perfecta para mantener la energ\u00eda y la comodidad incluso tras muchas horas de carrera.<\/p>\n<p data-start=\"1516\" data-end=\"1742\">La Tomir 02 es mucho m\u00e1s que una zapatilla: es una compa\u00f1era fiable para quienes quieren superar sus l\u00edmites, combinando rendimiento y estilo en cada sendero.<\/p>\n<\/td>\n<\/tr>\n<\/tbody>\n<\/table>\n<p>&nbsp;<\/p>\n","protected":false},"excerpt":{"rendered":"<ul>\n<li>Zapatilla de running dise\u00f1ada para el mundo del trail y el ultratrail<\/li>\n<li>Excelente amortiguaci\u00f3n<\/li>\n<li>Gran durabilidad<\/li>\n<\/ul>\n","protected":false},"featured_media":358122,"template":"","meta":{"_acf_changed":false,"inline_featured_image":false},"product_brand":[],"product_cat":[24227,24454,24230,24451],"product_tag":[35740,35744,35960],"class_list":{"0":"post-354237","1":"product","2":"type-product","3":"status-publish","4":"has-post-thumbnail","6":"product_cat-calzado-femenino","7":"product_cat-calzado-para-hombre","8":"product_cat-trail-es","9":"product_cat-trail-es-3","10":"product_tag-nnormal-es","11":"product_tag-nnormal-hombre-es","12":"product_tag-nnormal-mujer","13":"pa_attivita-outdoor-es","14":"pa_attivita-trail-es","15":"pa_colore-tomir-2-0-green-white","16":"pa_colore-tomir-2-0-shoe-beige-es","17":"pa_colore-tomir-2-0-shoe-burgundy-es","18":"pa_marca-nnormal-es","19":"pa_sesso-hombre","20":"pa_sesso-mujer","21":"pa_size-38-es","23":"pa_size-39-es","24":"pa_size-40-es","26":"pa_size-41-es","27":"pa_size-42-es","29":"pa_size-43-es","30":"pa_size-44-es","32":"pa_size-45-es","33":"pa_size-46-es","36":"first","37":"instock","38":"taxable","39":"shipping-taxable","40":"purchasable","41":"product-type-variable","42":"wvs-archive-product-wrapper"},"acf":[],"yoast_head":"<!-- This site is optimized with the Yoast SEO plugin v26.8 - https:\/\/yoast.com\/product\/yoast-seo-wordpress\/ -->\n<title>NNormal Tomir 2.0 -Zapatillas de trail para hombre - MioMioRun.com<\/title>\n<meta name=\"description\" content=\"Descubre las Tomir 02: unas zapatillas de trail running ligeras y resistentes, con suela Vibram\u00ae y entresuela Eexpure para ofrecer agarre, estabilidad y comodidad en largas distancias\" \/>\n<meta name=\"robots\" content=\"index, follow, max-snippet:-1, max-image-preview:large, max-video-preview:-1\" \/>\n<link rel=\"canonical\" href=\"https:\/\/www.miomiorun.com\/es\/producto\/tomir-2-0\/\" \/>\n<meta property=\"og:locale\" content=\"es_ES\" \/>\n<meta property=\"og:type\" content=\"article\" \/>\n<meta property=\"og:title\" content=\"NNormal Tomir 2.0 -Zapatillas de trail para hombre - MioMioRun.com\" \/>\n<meta property=\"og:description\" content=\"Descubre las Tomir 02: unas zapatillas de trail running ligeras y resistentes, con suela Vibram\u00ae y entresuela Eexpure para ofrecer agarre, estabilidad y comodidad en largas distancias\" \/>\n<meta property=\"og:url\" content=\"https:\/\/www.miomiorun.com\/es\/producto\/tomir-2-0\/\" \/>\n<meta property=\"og:site_name\" content=\"MioMioRun\" \/>\n<meta property=\"article:publisher\" content=\"https:\/\/www.facebook.com\/miomiorun\/\" \/>\n<meta property=\"article:modified_time\" content=\"2026-04-17T08:47:58+00:00\" \/>\n<meta property=\"og:image\" content=\"https:\/\/www.miomiorun.com\/app\/uploads\/2025\/10\/nnormal-Tomir-2.0-shoe-burgundy-N2ZTR25-004.webp\" \/>\n\t<meta property=\"og:image:width\" content=\"720\" \/>\n\t<meta property=\"og:image:height\" content=\"720\" \/>\n\t<meta property=\"og:image:type\" content=\"image\/webp\" \/>\n<meta name=\"twitter:card\" content=\"summary_large_image\" \/>\n<meta name=\"twitter:label1\" content=\"Est. reading time\" \/>\n\t<meta name=\"twitter:data1\" content=\"1 minute\" \/>\n<script type=\"application\/ld+json\" class=\"yoast-schema-graph\">{\"@context\":\"https:\/\/schema.org\",\"@graph\":[{\"@type\":\"WebPage\",\"@id\":\"https:\/\/www.miomiorun.com\/es\/producto\/tomir-2-0\/\",\"url\":\"https:\/\/www.miomiorun.com\/es\/producto\/tomir-2-0\/\",\"name\":\"NNormal Tomir 2.0 -Zapatillas de trail para hombre - MioMioRun.com\",\"isPartOf\":{\"@id\":\"https:\/\/www.miomiorun.com\/es\/#website\"},\"primaryImageOfPage\":{\"@id\":\"https:\/\/www.miomiorun.com\/es\/producto\/tomir-2-0\/#primaryimage\"},\"image\":{\"@id\":\"https:\/\/www.miomiorun.com\/es\/producto\/tomir-2-0\/#primaryimage\"},\"thumbnailUrl\":\"https:\/\/www.miomiorun.com\/app\/uploads\/2025\/10\/nnormal-Tomir-2.0-shoe-burgundy-N2ZTR25-004.webp\",\"datePublished\":\"2025-09-26T17:25:06+00:00\",\"dateModified\":\"2026-04-17T08:47:58+00:00\",\"description\":\"Descubre las Tomir 02: unas zapatillas de trail running ligeras y resistentes, con suela Vibram\u00ae y entresuela Eexpure para ofrecer agarre, estabilidad y comodidad en largas distancias\",\"breadcrumb\":{\"@id\":\"https:\/\/www.miomiorun.com\/es\/producto\/tomir-2-0\/#breadcrumb\"},\"inLanguage\":\"es-ES\",\"potentialAction\":[{\"@type\":\"ReadAction\",\"target\":[\"https:\/\/www.miomiorun.com\/es\/producto\/tomir-2-0\/\"]}]},{\"@type\":\"ImageObject\",\"inLanguage\":\"es-ES\",\"@id\":\"https:\/\/www.miomiorun.com\/es\/producto\/tomir-2-0\/#primaryimage\",\"url\":\"https:\/\/www.miomiorun.com\/app\/uploads\/2025\/10\/nnormal-Tomir-2.0-shoe-burgundy-N2ZTR25-004.webp\",\"contentUrl\":\"https:\/\/www.miomiorun.com\/app\/uploads\/2025\/10\/nnormal-Tomir-2.0-shoe-burgundy-N2ZTR25-004.webp\",\"width\":720,\"height\":720,\"caption\":\"nnormal Tomir 2.0 shoe burgundy N2ZTR25-004\"},{\"@type\":\"BreadcrumbList\",\"@id\":\"https:\/\/www.miomiorun.com\/es\/producto\/tomir-2-0\/#breadcrumb\",\"itemListElement\":[{\"@type\":\"ListItem\",\"position\":1,\"name\":\"Home\",\"item\":\"https:\/\/www.miomiorun.com\/es\/\"},{\"@type\":\"ListItem\",\"position\":2,\"name\":\"Shop\",\"item\":\"https:\/\/www.miomiorun.com\/shop\/\"},{\"@type\":\"ListItem\",\"position\":3,\"name\":\"Tomir 2.0\"}]},{\"@type\":\"WebSite\",\"@id\":\"https:\/\/www.miomiorun.com\/es\/#website\",\"url\":\"https:\/\/www.miomiorun.com\/es\/\",\"name\":\"MioMioRun\",\"description\":\"Tienda 100% running y trail\",\"publisher\":{\"@id\":\"https:\/\/www.miomiorun.com\/es\/#organization\"},\"potentialAction\":[{\"@type\":\"SearchAction\",\"target\":{\"@type\":\"EntryPoint\",\"urlTemplate\":\"https:\/\/www.miomiorun.com\/es\/?s={search_term_string}\"},\"query-input\":{\"@type\":\"PropertyValueSpecification\",\"valueRequired\":true,\"valueName\":\"search_term_string\"}}],\"inLanguage\":\"es-ES\"},{\"@type\":\"Organization\",\"@id\":\"https:\/\/www.miomiorun.com\/es\/#organization\",\"name\":\"MioMio Run\",\"url\":\"https:\/\/www.miomiorun.com\/es\/\",\"logo\":{\"@type\":\"ImageObject\",\"inLanguage\":\"es-ES\",\"@id\":\"https:\/\/www.miomiorun.com\/es\/#\/schema\/logo\/image\/\",\"url\":\"https:\/\/www.miomiorun.com\/app\/uploads\/2019\/12\/logomio.png\",\"contentUrl\":\"https:\/\/www.miomiorun.com\/app\/uploads\/2019\/12\/logomio.png\",\"width\":115,\"height\":82,\"caption\":\"MioMio Run\"},\"image\":{\"@id\":\"https:\/\/www.miomiorun.com\/es\/#\/schema\/logo\/image\/\"},\"sameAs\":[\"https:\/\/www.facebook.com\/miomiorun\/\",\"https:\/\/www.instagram.com\/miomiorun\/\"]}]}<\/script>\n<!-- \/ Yoast SEO plugin. -->","yoast_head_json":{"title":"NNormal Tomir 2.0 -Zapatillas de trail para hombre - MioMioRun.com","description":"Descubre las Tomir 02: unas zapatillas de trail running ligeras y resistentes, con suela Vibram\u00ae y entresuela Eexpure para ofrecer agarre, estabilidad y comodidad en largas distancias","robots":{"index":"index","follow":"follow","max-snippet":"max-snippet:-1","max-image-preview":"max-image-preview:large","max-video-preview":"max-video-preview:-1"},"canonical":"https:\/\/www.miomiorun.com\/es\/producto\/tomir-2-0\/","og_locale":"es_ES","og_type":"article","og_title":"NNormal Tomir 2.0 -Zapatillas de trail para hombre - MioMioRun.com","og_description":"Descubre las Tomir 02: unas zapatillas de trail running ligeras y resistentes, con suela Vibram\u00ae y entresuela Eexpure para ofrecer agarre, estabilidad y comodidad en largas distancias","og_url":"https:\/\/www.miomiorun.com\/es\/producto\/tomir-2-0\/","og_site_name":"MioMioRun","article_publisher":"https:\/\/www.facebook.com\/miomiorun\/","article_modified_time":"2026-04-17T08:47:58+00:00","og_image":[{"width":720,"height":720,"url":"https:\/\/www.miomiorun.com\/app\/uploads\/2025\/10\/nnormal-Tomir-2.0-shoe-burgundy-N2ZTR25-004.webp","type":"image\/webp"}],"twitter_card":"summary_large_image","twitter_misc":{"Est. reading time":"1 minute"},"schema":{"@context":"https:\/\/schema.org","@graph":[{"@type":"WebPage","@id":"https:\/\/www.miomiorun.com\/es\/producto\/tomir-2-0\/","url":"https:\/\/www.miomiorun.com\/es\/producto\/tomir-2-0\/","name":"NNormal Tomir 2.0 -Zapatillas de trail para hombre - MioMioRun.com","isPartOf":{"@id":"https:\/\/www.miomiorun.com\/es\/#website"},"primaryImageOfPage":{"@id":"https:\/\/www.miomiorun.com\/es\/producto\/tomir-2-0\/#primaryimage"},"image":{"@id":"https:\/\/www.miomiorun.com\/es\/producto\/tomir-2-0\/#primaryimage"},"thumbnailUrl":"https:\/\/www.miomiorun.com\/app\/uploads\/2025\/10\/nnormal-Tomir-2.0-shoe-burgundy-N2ZTR25-004.webp","datePublished":"2025-09-26T17:25:06+00:00","dateModified":"2026-04-17T08:47:58+00:00","description":"Descubre las Tomir 02: unas zapatillas de trail running ligeras y resistentes, con suela Vibram\u00ae y entresuela Eexpure para ofrecer agarre, estabilidad y comodidad en largas distancias","breadcrumb":{"@id":"https:\/\/www.miomiorun.com\/es\/producto\/tomir-2-0\/#breadcrumb"},"inLanguage":"es-ES","potentialAction":[{"@type":"ReadAction","target":["https:\/\/www.miomiorun.com\/es\/producto\/tomir-2-0\/"]}]},{"@type":"ImageObject","inLanguage":"es-ES","@id":"https:\/\/www.miomiorun.com\/es\/producto\/tomir-2-0\/#primaryimage","url":"https:\/\/www.miomiorun.com\/app\/uploads\/2025\/10\/nnormal-Tomir-2.0-shoe-burgundy-N2ZTR25-004.webp","contentUrl":"https:\/\/www.miomiorun.com\/app\/uploads\/2025\/10\/nnormal-Tomir-2.0-shoe-burgundy-N2ZTR25-004.webp","width":720,"height":720,"caption":"nnormal Tomir 2.0 shoe burgundy N2ZTR25-004"},{"@type":"BreadcrumbList","@id":"https:\/\/www.miomiorun.com\/es\/producto\/tomir-2-0\/#breadcrumb","itemListElement":[{"@type":"ListItem","position":1,"name":"Home","item":"https:\/\/www.miomiorun.com\/es\/"},{"@type":"ListItem","position":2,"name":"Shop","item":"https:\/\/www.miomiorun.com\/shop\/"},{"@type":"ListItem","position":3,"name":"Tomir 2.0"}]},{"@type":"WebSite","@id":"https:\/\/www.miomiorun.com\/es\/#website","url":"https:\/\/www.miomiorun.com\/es\/","name":"MioMioRun","description":"Tienda 100% running y trail","publisher":{"@id":"https:\/\/www.miomiorun.com\/es\/#organization"},"potentialAction":[{"@type":"SearchAction","target":{"@type":"EntryPoint","urlTemplate":"https:\/\/www.miomiorun.com\/es\/?s={search_term_string}"},"query-input":{"@type":"PropertyValueSpecification","valueRequired":true,"valueName":"search_term_string"}}],"inLanguage":"es-ES"},{"@type":"Organization","@id":"https:\/\/www.miomiorun.com\/es\/#organization","name":"MioMio Run","url":"https:\/\/www.miomiorun.com\/es\/","logo":{"@type":"ImageObject","inLanguage":"es-ES","@id":"https:\/\/www.miomiorun.com\/es\/#\/schema\/logo\/image\/","url":"https:\/\/www.miomiorun.com\/app\/uploads\/2019\/12\/logomio.png","contentUrl":"https:\/\/www.miomiorun.com\/app\/uploads\/2019\/12\/logomio.png","width":115,"height":82,"caption":"MioMio Run"},"image":{"@id":"https:\/\/www.miomiorun.com\/es\/#\/schema\/logo\/image\/"},"sameAs":["https:\/\/www.facebook.com\/miomiorun\/","https:\/\/www.instagram.com\/miomiorun\/"]}]}},"_links":{"self":[{"href":"https:\/\/www.miomiorun.com\/es\/wp-json\/wp\/v2\/product\/354237","targetHints":{"allow":["GET"]}}],"collection":[{"href":"https:\/\/www.miomiorun.com\/es\/wp-json\/wp\/v2\/product"}],"about":[{"href":"https:\/\/www.miomiorun.com\/es\/wp-json\/wp\/v2\/types\/product"}],"wp:featuredmedia":[{"embeddable":true,"href":"https:\/\/www.miomiorun.com\/es\/wp-json\/wp\/v2\/media\/358122"}],"wp:attachment":[{"href":"https:\/\/www.miomiorun.com\/es\/wp-json\/wp\/v2\/media?parent=354237"}],"wp:term":[{"taxonomy":"product_brand","embeddable":true,"href":"https:\/\/www.miomiorun.com\/es\/wp-json\/wp\/v2\/product_brand?post=354237"},{"taxonomy":"product_cat","embeddable":true,"href":"https:\/\/www.miomiorun.com\/es\/wp-json\/wp\/v2\/product_cat?post=354237"},{"taxonomy":"product_tag","embeddable":true,"href":"https:\/\/www.miomiorun.com\/es\/wp-json\/wp\/v2\/product_tag?post=354237"}],"curies":[{"name":"wp","href":"https:\/\/api.w.org\/{rel}","templated":true}]}}