{"id":353378,"date":"2025-09-26T11:41:00","date_gmt":"2025-09-26T09:41:00","guid":{"rendered":"https:\/\/www.miomiorun.com\/?post_type=product&#038;p=353378"},"modified":"2026-04-17T10:48:30","modified_gmt":"2026-04-17T08:48:30","slug":"prodigio-max-hombre","status":"publish","type":"product","link":"https:\/\/www.miomiorun.com\/es\/producto\/prodigio-max-hombre\/","title":{"rendered":"Prodigio Max hombre"},"content":{"rendered":"<table style=\"border-collapse: collapse;width: 100%\">\n<tbody>\n<tr>\n<td style=\"width: 33.3333%;vertical-align: top;text-align: center\"><strong>Especificaciones t\u00e9cnicas<\/strong><\/p>\n<p>Categor\u00eda: Amortiguaci\u00f3n estructurada<br \/>\nDiferencial: 6 mm (37 mm-31 mm)<br \/>\nPeso:&nbsp;<span class=\"ymCSIb Lem6n\" data-hveid=\"CAMQAA\" data-processed=\"true\"><span class=\"N9Q8Lc\">298<\/span><\/span> g<br \/>\nIdeal para: corredores de trail que buscan una zapatilla de alto rendimiento y comodidad en recorridos largos y exigentes.<br \/>\nPeso del deportista: 60-80 kg<br \/>\nRitmo de carrera: medio (5-6 min\/km)<br \/>\n<a href=\"https:\/\/miomiorun.com\/guida-alle-specifiche-tecniche\/\">Gu\u00eda de especificaciones t\u00e9cnicas<\/a><\/td>\n<td style=\"width: 66.6666%;vertical-align: top;text-align: center\">\n<p data-start=\"150\" data-end=\"517\">La <strong data-start=\"153\" data-end=\"174\">PRODIGIO MAX Hombre<\/strong> es la zapatilla de <strong data-start=\"193\" data-end=\"213\">Mountain Running<\/strong> dise\u00f1ada para los amantes de las largas distancias y el ultra trail. M\u00e1xima amortiguaci\u00f3n, comodidad y estabilidad te acompa\u00f1an en cada aventura, desde las excursiones m\u00e1s exigentes hasta las carreras m\u00e1s duras e ic\u00f3nicas del mundo, como la <strong data-start=\"434\" data-end=\"460\">Tor des G\u00e9ants (330 km)<\/strong>, la <strong data-start=\"465\" data-end=\"487\">Swiss Peak (360 km)<\/strong> o la <strong data-start=\"493\" data-end=\"514\">Tahoe 200 (320 km)<\/strong>.<\/p>\n<p data-start=\"519\" data-end=\"827\">Gracias a la nueva mezcla <strong data-start=\"545\" data-end=\"565\">XFlow Endurance\u2122<\/strong>, la zapatilla mantiene una comodidad constante desde el primer hasta el \u00faltimo kil\u00f3metro, mejorando la durabilidad y la resistencia. La suela <strong data-start=\"685\" data-end=\"712\">de doble mezcla FriXion\u00ae Red<\/strong> ofrece el equilibrio perfecto entre agarre y robustez, con una amplia superficie de apoyo y un rocker medio para una estabilidad superior.<\/p>\n<p data-start=\"829\" data-end=\"1019\">La parte superior <strong data-start=\"839\" data-end=\"855\">Comfort Wire<\/strong> combina suavidad y sujeci\u00f3n, envolviendo el pie de forma natural, mientras que el <strong data-start=\"939\" data-end=\"958\">Wrapping System<\/strong> estabiliza el pie y el tobillo incluso en los terrenos m\u00e1s t\u00e9cnicos.<\/p>\n<\/td>\n<\/tr>\n<\/tbody>\n<\/table>\n<p>&nbsp;<\/p>\n","protected":false},"excerpt":{"rendered":"<ul>\n<li data-start=\"1057\" data-end=\"1148\">\n<p data-start=\"1059\" data-end=\"1148\">Entresuela XFlow Endurance\u2122: amortiguaci\u00f3n duradera y comodidad en largas distancias.<\/p>\n<\/li>\n<li data-start=\"1149\" data-end=\"1223\">\n<p data-start=\"1151\" data-end=\"1223\">Suela FriXion\u00ae Red: doble compuesto para un agarre y una resistencia \u00f3ptimos.<\/p>\n<\/li>\n<li data-start=\"1224\" data-end=\"1307\">\n<p data-start=\"1226\" data-end=\"1307\">Empeine Comfort Wire + Wrapping System: ajuste suave con estabilidad garantizada<\/p>\n<\/li>\n<\/ul>\n","protected":false},"featured_media":355019,"template":"","meta":{"_acf_changed":false,"inline_featured_image":false},"product_brand":[],"product_cat":[24454,24451],"product_tag":[23598,23600],"class_list":{"0":"post-353378","1":"product","2":"type-product","3":"status-publish","4":"has-post-thumbnail","6":"product_cat-calzado-para-hombre","7":"product_cat-trail-es-3","8":"product_tag-la-sportiva-es","9":"product_tag-la-sportiva-hombre","10":"pa_attivita-outdoor-es","11":"pa_attivita-trail-es","12":"pa_colore-prodigio-max-black-yellow","13":"pa_colore-prodigio-max-cypress-mountain-red-es","14":"pa_colore-prodigio-max-night-sky-mountain-red","15":"pa_colore-prodigio-max-white-lava-es","16":"pa_marca-la-sportiva-es","17":"pa_sesso-hombre","18":"pa_size-42-es","19":"pa_size-42-5-es","20":"pa_size-43-es","21":"pa_size-43-5-es","22":"pa_size-44-es","23":"pa_size-44-5-es","24":"pa_size-45-es","25":"pa_size-45-5-es","26":"pa_size-46-es","27":"pa_size-46-5-es","28":"pa_size-47-es","30":"first","31":"instock","32":"sale","33":"taxable","34":"shipping-taxable","35":"purchasable","36":"product-type-variable","37":"wvs-archive-product-wrapper"},"acf":[],"yoast_head":"<!-- This site is optimized with the Yoast SEO plugin v26.8 - https:\/\/yoast.com\/product\/yoast-seo-wordpress\/ -->\n<title>La sportiva Prodigio Max hombre - Zapatillas de trail hombre - MioMioRun .com<\/title>\n<meta name=\"description\" content=\"Descubre las PRODIGIO MAX para hombre, unas zapatillas de trail running con amortiguaci\u00f3n XFlow Endurance\u2122, suela FriXion Red y m\u00e1ximo confort en largas distancias.\" \/>\n<meta name=\"robots\" content=\"index, follow, max-snippet:-1, max-image-preview:large, max-video-preview:-1\" \/>\n<link rel=\"canonical\" href=\"https:\/\/www.miomiorun.com\/es\/producto\/prodigio-max-hombre\/\" \/>\n<meta property=\"og:locale\" content=\"es_ES\" \/>\n<meta property=\"og:type\" content=\"article\" \/>\n<meta property=\"og:title\" content=\"La sportiva Prodigio Max hombre - Zapatillas de trail hombre - MioMioRun .com\" \/>\n<meta property=\"og:description\" content=\"Descubre las PRODIGIO MAX para hombre, unas zapatillas de trail running con amortiguaci\u00f3n XFlow Endurance\u2122, suela FriXion Red y m\u00e1ximo confort en largas distancias.\" \/>\n<meta property=\"og:url\" content=\"https:\/\/www.miomiorun.com\/es\/producto\/prodigio-max-hombre\/\" \/>\n<meta property=\"og:site_name\" content=\"MioMioRun\" \/>\n<meta property=\"article:publisher\" content=\"https:\/\/www.facebook.com\/miomiorun\/\" \/>\n<meta property=\"article:modified_time\" content=\"2026-04-17T08:48:30+00:00\" \/>\n<meta property=\"og:image\" content=\"https:\/\/www.miomiorun.com\/app\/uploads\/2025\/09\/la-sportiva-Prodigio-Max-black-yellow-ZFRS104K00Y00.webp\" \/>\n\t<meta property=\"og:image:width\" content=\"720\" \/>\n\t<meta property=\"og:image:height\" content=\"720\" \/>\n\t<meta property=\"og:image:type\" content=\"image\/webp\" \/>\n<meta name=\"twitter:card\" content=\"summary_large_image\" \/>\n<meta name=\"twitter:label1\" content=\"Est. reading time\" \/>\n\t<meta name=\"twitter:data1\" content=\"1 minute\" \/>\n<script type=\"application\/ld+json\" class=\"yoast-schema-graph\">{\"@context\":\"https:\/\/schema.org\",\"@graph\":[{\"@type\":\"WebPage\",\"@id\":\"https:\/\/www.miomiorun.com\/es\/producto\/prodigio-max-hombre\/\",\"url\":\"https:\/\/www.miomiorun.com\/es\/producto\/prodigio-max-hombre\/\",\"name\":\"La sportiva Prodigio Max hombre - Zapatillas de trail hombre - MioMioRun .com\",\"isPartOf\":{\"@id\":\"https:\/\/www.miomiorun.com\/es\/#website\"},\"primaryImageOfPage\":{\"@id\":\"https:\/\/www.miomiorun.com\/es\/producto\/prodigio-max-hombre\/#primaryimage\"},\"image\":{\"@id\":\"https:\/\/www.miomiorun.com\/es\/producto\/prodigio-max-hombre\/#primaryimage\"},\"thumbnailUrl\":\"https:\/\/www.miomiorun.com\/app\/uploads\/2025\/09\/la-sportiva-Prodigio-Max-black-yellow-ZFRS104K00Y00.webp\",\"datePublished\":\"2025-09-26T09:41:00+00:00\",\"dateModified\":\"2026-04-17T08:48:30+00:00\",\"description\":\"Descubre las PRODIGIO MAX para hombre, unas zapatillas de trail running con amortiguaci\u00f3n XFlow Endurance\u2122, suela FriXion Red y m\u00e1ximo confort en largas distancias.\",\"breadcrumb\":{\"@id\":\"https:\/\/www.miomiorun.com\/es\/producto\/prodigio-max-hombre\/#breadcrumb\"},\"inLanguage\":\"es-ES\",\"potentialAction\":[{\"@type\":\"ReadAction\",\"target\":[\"https:\/\/www.miomiorun.com\/es\/producto\/prodigio-max-hombre\/\"]}]},{\"@type\":\"ImageObject\",\"inLanguage\":\"es-ES\",\"@id\":\"https:\/\/www.miomiorun.com\/es\/producto\/prodigio-max-hombre\/#primaryimage\",\"url\":\"https:\/\/www.miomiorun.com\/app\/uploads\/2025\/09\/la-sportiva-Prodigio-Max-black-yellow-ZFRS104K00Y00.webp\",\"contentUrl\":\"https:\/\/www.miomiorun.com\/app\/uploads\/2025\/09\/la-sportiva-Prodigio-Max-black-yellow-ZFRS104K00Y00.webp\",\"width\":720,\"height\":720,\"caption\":\"la sportiva Prodigio Max black yellow ZFRS104K00Y00\"},{\"@type\":\"BreadcrumbList\",\"@id\":\"https:\/\/www.miomiorun.com\/es\/producto\/prodigio-max-hombre\/#breadcrumb\",\"itemListElement\":[{\"@type\":\"ListItem\",\"position\":1,\"name\":\"Home\",\"item\":\"https:\/\/www.miomiorun.com\/es\/\"},{\"@type\":\"ListItem\",\"position\":2,\"name\":\"Shop\",\"item\":\"https:\/\/www.miomiorun.com\/shop\/\"},{\"@type\":\"ListItem\",\"position\":3,\"name\":\"Prodigio Max hombre\"}]},{\"@type\":\"WebSite\",\"@id\":\"https:\/\/www.miomiorun.com\/es\/#website\",\"url\":\"https:\/\/www.miomiorun.com\/es\/\",\"name\":\"MioMioRun\",\"description\":\"Tienda 100% running y trail\",\"publisher\":{\"@id\":\"https:\/\/www.miomiorun.com\/es\/#organization\"},\"potentialAction\":[{\"@type\":\"SearchAction\",\"target\":{\"@type\":\"EntryPoint\",\"urlTemplate\":\"https:\/\/www.miomiorun.com\/es\/?s={search_term_string}\"},\"query-input\":{\"@type\":\"PropertyValueSpecification\",\"valueRequired\":true,\"valueName\":\"search_term_string\"}}],\"inLanguage\":\"es-ES\"},{\"@type\":\"Organization\",\"@id\":\"https:\/\/www.miomiorun.com\/es\/#organization\",\"name\":\"MioMio Run\",\"url\":\"https:\/\/www.miomiorun.com\/es\/\",\"logo\":{\"@type\":\"ImageObject\",\"inLanguage\":\"es-ES\",\"@id\":\"https:\/\/www.miomiorun.com\/es\/#\/schema\/logo\/image\/\",\"url\":\"https:\/\/www.miomiorun.com\/app\/uploads\/2019\/12\/logomio.png\",\"contentUrl\":\"https:\/\/www.miomiorun.com\/app\/uploads\/2019\/12\/logomio.png\",\"width\":115,\"height\":82,\"caption\":\"MioMio Run\"},\"image\":{\"@id\":\"https:\/\/www.miomiorun.com\/es\/#\/schema\/logo\/image\/\"},\"sameAs\":[\"https:\/\/www.facebook.com\/miomiorun\/\",\"https:\/\/www.instagram.com\/miomiorun\/\"]}]}<\/script>\n<!-- \/ Yoast SEO plugin. -->","yoast_head_json":{"title":"La sportiva Prodigio Max hombre - Zapatillas de trail hombre - MioMioRun .com","description":"Descubre las PRODIGIO MAX para hombre, unas zapatillas de trail running con amortiguaci\u00f3n XFlow Endurance\u2122, suela FriXion Red y m\u00e1ximo confort en largas distancias.","robots":{"index":"index","follow":"follow","max-snippet":"max-snippet:-1","max-image-preview":"max-image-preview:large","max-video-preview":"max-video-preview:-1"},"canonical":"https:\/\/www.miomiorun.com\/es\/producto\/prodigio-max-hombre\/","og_locale":"es_ES","og_type":"article","og_title":"La sportiva Prodigio Max hombre - Zapatillas de trail hombre - MioMioRun .com","og_description":"Descubre las PRODIGIO MAX para hombre, unas zapatillas de trail running con amortiguaci\u00f3n XFlow Endurance\u2122, suela FriXion Red y m\u00e1ximo confort en largas distancias.","og_url":"https:\/\/www.miomiorun.com\/es\/producto\/prodigio-max-hombre\/","og_site_name":"MioMioRun","article_publisher":"https:\/\/www.facebook.com\/miomiorun\/","article_modified_time":"2026-04-17T08:48:30+00:00","og_image":[{"width":720,"height":720,"url":"https:\/\/www.miomiorun.com\/app\/uploads\/2025\/09\/la-sportiva-Prodigio-Max-black-yellow-ZFRS104K00Y00.webp","type":"image\/webp"}],"twitter_card":"summary_large_image","twitter_misc":{"Est. reading time":"1 minute"},"schema":{"@context":"https:\/\/schema.org","@graph":[{"@type":"WebPage","@id":"https:\/\/www.miomiorun.com\/es\/producto\/prodigio-max-hombre\/","url":"https:\/\/www.miomiorun.com\/es\/producto\/prodigio-max-hombre\/","name":"La sportiva Prodigio Max hombre - Zapatillas de trail hombre - MioMioRun .com","isPartOf":{"@id":"https:\/\/www.miomiorun.com\/es\/#website"},"primaryImageOfPage":{"@id":"https:\/\/www.miomiorun.com\/es\/producto\/prodigio-max-hombre\/#primaryimage"},"image":{"@id":"https:\/\/www.miomiorun.com\/es\/producto\/prodigio-max-hombre\/#primaryimage"},"thumbnailUrl":"https:\/\/www.miomiorun.com\/app\/uploads\/2025\/09\/la-sportiva-Prodigio-Max-black-yellow-ZFRS104K00Y00.webp","datePublished":"2025-09-26T09:41:00+00:00","dateModified":"2026-04-17T08:48:30+00:00","description":"Descubre las PRODIGIO MAX para hombre, unas zapatillas de trail running con amortiguaci\u00f3n XFlow Endurance\u2122, suela FriXion Red y m\u00e1ximo confort en largas distancias.","breadcrumb":{"@id":"https:\/\/www.miomiorun.com\/es\/producto\/prodigio-max-hombre\/#breadcrumb"},"inLanguage":"es-ES","potentialAction":[{"@type":"ReadAction","target":["https:\/\/www.miomiorun.com\/es\/producto\/prodigio-max-hombre\/"]}]},{"@type":"ImageObject","inLanguage":"es-ES","@id":"https:\/\/www.miomiorun.com\/es\/producto\/prodigio-max-hombre\/#primaryimage","url":"https:\/\/www.miomiorun.com\/app\/uploads\/2025\/09\/la-sportiva-Prodigio-Max-black-yellow-ZFRS104K00Y00.webp","contentUrl":"https:\/\/www.miomiorun.com\/app\/uploads\/2025\/09\/la-sportiva-Prodigio-Max-black-yellow-ZFRS104K00Y00.webp","width":720,"height":720,"caption":"la sportiva Prodigio Max black yellow ZFRS104K00Y00"},{"@type":"BreadcrumbList","@id":"https:\/\/www.miomiorun.com\/es\/producto\/prodigio-max-hombre\/#breadcrumb","itemListElement":[{"@type":"ListItem","position":1,"name":"Home","item":"https:\/\/www.miomiorun.com\/es\/"},{"@type":"ListItem","position":2,"name":"Shop","item":"https:\/\/www.miomiorun.com\/shop\/"},{"@type":"ListItem","position":3,"name":"Prodigio Max hombre"}]},{"@type":"WebSite","@id":"https:\/\/www.miomiorun.com\/es\/#website","url":"https:\/\/www.miomiorun.com\/es\/","name":"MioMioRun","description":"Tienda 100% running y trail","publisher":{"@id":"https:\/\/www.miomiorun.com\/es\/#organization"},"potentialAction":[{"@type":"SearchAction","target":{"@type":"EntryPoint","urlTemplate":"https:\/\/www.miomiorun.com\/es\/?s={search_term_string}"},"query-input":{"@type":"PropertyValueSpecification","valueRequired":true,"valueName":"search_term_string"}}],"inLanguage":"es-ES"},{"@type":"Organization","@id":"https:\/\/www.miomiorun.com\/es\/#organization","name":"MioMio Run","url":"https:\/\/www.miomiorun.com\/es\/","logo":{"@type":"ImageObject","inLanguage":"es-ES","@id":"https:\/\/www.miomiorun.com\/es\/#\/schema\/logo\/image\/","url":"https:\/\/www.miomiorun.com\/app\/uploads\/2019\/12\/logomio.png","contentUrl":"https:\/\/www.miomiorun.com\/app\/uploads\/2019\/12\/logomio.png","width":115,"height":82,"caption":"MioMio Run"},"image":{"@id":"https:\/\/www.miomiorun.com\/es\/#\/schema\/logo\/image\/"},"sameAs":["https:\/\/www.facebook.com\/miomiorun\/","https:\/\/www.instagram.com\/miomiorun\/"]}]}},"_links":{"self":[{"href":"https:\/\/www.miomiorun.com\/es\/wp-json\/wp\/v2\/product\/353378","targetHints":{"allow":["GET"]}}],"collection":[{"href":"https:\/\/www.miomiorun.com\/es\/wp-json\/wp\/v2\/product"}],"about":[{"href":"https:\/\/www.miomiorun.com\/es\/wp-json\/wp\/v2\/types\/product"}],"wp:featuredmedia":[{"embeddable":true,"href":"https:\/\/www.miomiorun.com\/es\/wp-json\/wp\/v2\/media\/355019"}],"wp:attachment":[{"href":"https:\/\/www.miomiorun.com\/es\/wp-json\/wp\/v2\/media?parent=353378"}],"wp:term":[{"taxonomy":"product_brand","embeddable":true,"href":"https:\/\/www.miomiorun.com\/es\/wp-json\/wp\/v2\/product_brand?post=353378"},{"taxonomy":"product_cat","embeddable":true,"href":"https:\/\/www.miomiorun.com\/es\/wp-json\/wp\/v2\/product_cat?post=353378"},{"taxonomy":"product_tag","embeddable":true,"href":"https:\/\/www.miomiorun.com\/es\/wp-json\/wp\/v2\/product_tag?post=353378"}],"curies":[{"name":"wp","href":"https:\/\/api.w.org\/{rel}","templated":true}]}}