{"id":350148,"date":"2025-09-12T11:58:51","date_gmt":"2025-09-12T09:58:51","guid":{"rendered":"https:\/\/www.miomiorun.com\/?post_type=product&#038;p=350148"},"modified":"2026-05-09T10:09:42","modified_gmt":"2026-05-09T08:09:42","slug":"peregrine-15-gtx-hombre","status":"publish","type":"product","link":"https:\/\/www.miomiorun.com\/es\/producto\/peregrine-15-gtx-hombre\/","title":{"rendered":"Peregrine 15 GTX hombre"},"content":{"rendered":"<div class=\"vc-row container\"><div class=\"vc-column\"><div class=\"vc-column-text\"><\/p>\n<p><strong>Especificaciones t\u00e9cnicas<\/strong><\/p>\n<p>Categor\u00eda: amortiguaci\u00f3n superior<br \/>\nDesnivel: 4 mm (28\/24 mm)<br \/>\nPeso: 301 g<br \/>\nIdeal para: corredores, corredores de trail y senderistas que buscan un modelo no excesivamente pesado, capaz de garantizar suavidad en el apoyo y elasticidad, con buena tracci\u00f3n en terrenos monta\u00f1osos incluso exigentes, dotado de una parte superior impermeable de Gore-Tex para cualquier condici\u00f3n meteorol\u00f3gica.<br \/>\nPeso del deportista: 70-80 kg<br \/>\nRitmo de carrera: medio (5,00-5,30 min\/km)<br \/>\n<a href=\"https:\/\/miomiorun.com\/guida-alle-specifiche-tecniche\/\">Gu\u00eda de especificaciones t\u00e9cnicas<\/a><\/p>\n<p><\/div><\/div><div class=\"vc-column\"><div class=\"vc-column-text\"><\/p>\n<p>Enfr\u00e9ntate a los terrenos m\u00e1s dif\u00edciles con las Peregrine 15 GTX, unas zapatillas de trail running ligeras y resistentes dise\u00f1adas para ofrecerte protecci\u00f3n y agarre en cualquier condici\u00f3n. Equipadas con la tecnolog\u00eda Gore-Tex Invisible Fit, garantizan impermeabilidad y transpirabilidad sin a\u00f1adir peso a la carrera.<\/p>\n<p>Gracias a la nueva mezcla PWRRUN en la entresuela, ofrece m\u00e1s comodidad, amortiguaci\u00f3n y flexibilidad, mientras que la plantilla PWRRUN+ a\u00f1ade un nivel adicional de reactividad. La suela PWRTRAC de cobertura total con tacos agresivos de 5 mm asegura una tracci\u00f3n inmejorable, y la protecci\u00f3n Rock Guard en la parte delantera del pie protege contra los residuos del sendero. La parte superior reforzada de malla de alta resistencia ofrece una durabilidad superior y es compatible con polainas.<\/p>\n<p><strong>Detalles t\u00e9cnicos:<\/strong><br \/>\n&#8211; Amortiguaci\u00f3n: PWRRUN + plantilla PWRRUN+<br \/>\n&#8211; Suela: PWRTRAC con tacos de 5 mm para una tracci\u00f3n m\u00e1xima<br \/>\n&#8211; Protecci\u00f3n: Rock Guard en la puntera<br \/>\n&#8211; Parte superior: malla reforzada con inserciones antiabrasi\u00f3n + anilla en D para polainas<br \/>\n&#8211; Impermeabilidad: Gore-Tex Invisible Fit, ligero y transpirable<\/p>\n<p><\/div><\/div><\/div>\n","protected":false},"excerpt":{"rendered":"<ul>\n<li>&nbsp;Zapatilla de trail running neutra, ligera y protectora<\/li>\n<li>&nbsp;Entresuela PWRRUN con plantilla PWRRUN+ para mayor comodidad y reactividad<\/li>\n<li>Suela PWRTRAC con tacos agresivos de 5 mm para un agarre \u00f3ptimo en cualquier terreno<\/li>\n<li>Tecnolog\u00eda Gore-Tex Invisible Fit: impermeable y transpirable<\/li>\n<\/ul>\n","protected":false},"featured_media":351727,"template":"","meta":{"_acf_changed":false,"inline_featured_image":false},"product_brand":[],"product_cat":[24468,24465],"product_tag":[23578,23577],"class_list":{"0":"post-350148","1":"product","2":"type-product","3":"status-publish","4":"has-post-thumbnail","6":"product_cat-calzado-para-hombre-es","7":"product_cat-trail-es-4","8":"product_tag-saucony-es","9":"product_tag-saucony-hombre","10":"pa_attivita-outdoor-es","11":"pa_attivita-trail-es","12":"pa_colore-peregrine-15-gtx-regal-black-es","13":"pa_marca-saucony-es","14":"pa_sesso-hombre","15":"pa_size-42-es","16":"pa_size-44-es","17":"pa_size-45-es","18":"pa_size-46-es","19":"pa_size-46-5-es","21":"first","22":"instock","23":"sale","24":"taxable","25":"shipping-taxable","26":"purchasable","27":"product-type-variable","28":"wvs-archive-product-wrapper"},"acf":[],"yoast_head":"<!-- This site is optimized with the Yoast SEO plugin v26.8 - https:\/\/yoast.com\/product\/yoast-seo-wordpress\/ -->\n<title>Saucony Peregrine 15 GTX hombre - zapatillas de trail running - MioMioRun<\/title>\n<meta name=\"description\" content=\"Las Peregrine 15 GTX son unas zapatillas de trail running impermeables y transpirables con Gore-Tex, suela PWRTRAC de 5 mm, amortiguaci\u00f3n PWRRUN y protecci\u00f3n Rock Guard.\" \/>\n<meta name=\"robots\" content=\"index, follow, max-snippet:-1, max-image-preview:large, max-video-preview:-1\" \/>\n<link rel=\"canonical\" href=\"https:\/\/www.miomiorun.com\/es\/producto\/peregrine-15-gtx-hombre\/\" \/>\n<meta property=\"og:locale\" content=\"es_ES\" \/>\n<meta property=\"og:type\" content=\"article\" \/>\n<meta property=\"og:title\" content=\"Saucony Peregrine 15 GTX hombre - zapatillas de trail running - MioMioRun\" \/>\n<meta property=\"og:description\" content=\"Las Peregrine 15 GTX son unas zapatillas de trail running impermeables y transpirables con Gore-Tex, suela PWRTRAC de 5 mm, amortiguaci\u00f3n PWRRUN y protecci\u00f3n Rock Guard.\" \/>\n<meta property=\"og:url\" content=\"https:\/\/www.miomiorun.com\/es\/producto\/peregrine-15-gtx-hombre\/\" \/>\n<meta property=\"og:site_name\" content=\"MioMioRun\" \/>\n<meta property=\"article:publisher\" content=\"https:\/\/www.facebook.com\/miomiorun\/\" \/>\n<meta property=\"article:modified_time\" content=\"2026-05-09T08:09:42+00:00\" \/>\n<meta property=\"og:image\" content=\"https:\/\/www.miomiorun.com\/app\/uploads\/2025\/09\/saucony-Peregrine-15-GTX-regal-black-S20992-262.webp\" \/>\n\t<meta property=\"og:image:width\" content=\"720\" \/>\n\t<meta property=\"og:image:height\" content=\"720\" \/>\n\t<meta property=\"og:image:type\" content=\"image\/webp\" \/>\n<meta name=\"twitter:card\" content=\"summary_large_image\" \/>\n<meta name=\"twitter:label1\" content=\"Est. reading time\" \/>\n\t<meta name=\"twitter:data1\" content=\"2 minutes\" \/>\n<script type=\"application\/ld+json\" class=\"yoast-schema-graph\">{\"@context\":\"https:\/\/schema.org\",\"@graph\":[{\"@type\":\"WebPage\",\"@id\":\"https:\/\/www.miomiorun.com\/es\/producto\/peregrine-15-gtx-hombre\/\",\"url\":\"https:\/\/www.miomiorun.com\/es\/producto\/peregrine-15-gtx-hombre\/\",\"name\":\"Saucony Peregrine 15 GTX hombre - zapatillas de trail running - MioMioRun\",\"isPartOf\":{\"@id\":\"https:\/\/www.miomiorun.com\/es\/#website\"},\"primaryImageOfPage\":{\"@id\":\"https:\/\/www.miomiorun.com\/es\/producto\/peregrine-15-gtx-hombre\/#primaryimage\"},\"image\":{\"@id\":\"https:\/\/www.miomiorun.com\/es\/producto\/peregrine-15-gtx-hombre\/#primaryimage\"},\"thumbnailUrl\":\"https:\/\/www.miomiorun.com\/app\/uploads\/2025\/09\/saucony-Peregrine-15-GTX-regal-black-S20992-262.webp\",\"datePublished\":\"2025-09-12T09:58:51+00:00\",\"dateModified\":\"2026-05-09T08:09:42+00:00\",\"description\":\"Las Peregrine 15 GTX son unas zapatillas de trail running impermeables y transpirables con Gore-Tex, suela PWRTRAC de 5 mm, amortiguaci\u00f3n PWRRUN y protecci\u00f3n Rock Guard.\",\"breadcrumb\":{\"@id\":\"https:\/\/www.miomiorun.com\/es\/producto\/peregrine-15-gtx-hombre\/#breadcrumb\"},\"inLanguage\":\"es-ES\",\"potentialAction\":[{\"@type\":\"ReadAction\",\"target\":[\"https:\/\/www.miomiorun.com\/es\/producto\/peregrine-15-gtx-hombre\/\"]}]},{\"@type\":\"ImageObject\",\"inLanguage\":\"es-ES\",\"@id\":\"https:\/\/www.miomiorun.com\/es\/producto\/peregrine-15-gtx-hombre\/#primaryimage\",\"url\":\"https:\/\/www.miomiorun.com\/app\/uploads\/2025\/09\/saucony-Peregrine-15-GTX-regal-black-S20992-262.webp\",\"contentUrl\":\"https:\/\/www.miomiorun.com\/app\/uploads\/2025\/09\/saucony-Peregrine-15-GTX-regal-black-S20992-262.webp\",\"width\":720,\"height\":720,\"caption\":\"saucony Peregrine 15 GTX regal black S20992-262\"},{\"@type\":\"BreadcrumbList\",\"@id\":\"https:\/\/www.miomiorun.com\/es\/producto\/peregrine-15-gtx-hombre\/#breadcrumb\",\"itemListElement\":[{\"@type\":\"ListItem\",\"position\":1,\"name\":\"Home\",\"item\":\"https:\/\/www.miomiorun.com\/es\/\"},{\"@type\":\"ListItem\",\"position\":2,\"name\":\"Shop\",\"item\":\"https:\/\/www.miomiorun.com\/shop\/\"},{\"@type\":\"ListItem\",\"position\":3,\"name\":\"Peregrine 15 GTX hombre\"}]},{\"@type\":\"WebSite\",\"@id\":\"https:\/\/www.miomiorun.com\/es\/#website\",\"url\":\"https:\/\/www.miomiorun.com\/es\/\",\"name\":\"MioMioRun\",\"description\":\"Tienda 100% running y trail\",\"publisher\":{\"@id\":\"https:\/\/www.miomiorun.com\/es\/#organization\"},\"potentialAction\":[{\"@type\":\"SearchAction\",\"target\":{\"@type\":\"EntryPoint\",\"urlTemplate\":\"https:\/\/www.miomiorun.com\/es\/?s={search_term_string}\"},\"query-input\":{\"@type\":\"PropertyValueSpecification\",\"valueRequired\":true,\"valueName\":\"search_term_string\"}}],\"inLanguage\":\"es-ES\"},{\"@type\":\"Organization\",\"@id\":\"https:\/\/www.miomiorun.com\/es\/#organization\",\"name\":\"MioMio Run\",\"url\":\"https:\/\/www.miomiorun.com\/es\/\",\"logo\":{\"@type\":\"ImageObject\",\"inLanguage\":\"es-ES\",\"@id\":\"https:\/\/www.miomiorun.com\/es\/#\/schema\/logo\/image\/\",\"url\":\"https:\/\/www.miomiorun.com\/app\/uploads\/2019\/12\/logomio.png\",\"contentUrl\":\"https:\/\/www.miomiorun.com\/app\/uploads\/2019\/12\/logomio.png\",\"width\":115,\"height\":82,\"caption\":\"MioMio Run\"},\"image\":{\"@id\":\"https:\/\/www.miomiorun.com\/es\/#\/schema\/logo\/image\/\"},\"sameAs\":[\"https:\/\/www.facebook.com\/miomiorun\/\",\"https:\/\/www.instagram.com\/miomiorun\/\"]}]}<\/script>\n<!-- \/ Yoast SEO plugin. -->","yoast_head_json":{"title":"Saucony Peregrine 15 GTX hombre - zapatillas de trail running - MioMioRun","description":"Las Peregrine 15 GTX son unas zapatillas de trail running impermeables y transpirables con Gore-Tex, suela PWRTRAC de 5 mm, amortiguaci\u00f3n PWRRUN y protecci\u00f3n Rock Guard.","robots":{"index":"index","follow":"follow","max-snippet":"max-snippet:-1","max-image-preview":"max-image-preview:large","max-video-preview":"max-video-preview:-1"},"canonical":"https:\/\/www.miomiorun.com\/es\/producto\/peregrine-15-gtx-hombre\/","og_locale":"es_ES","og_type":"article","og_title":"Saucony Peregrine 15 GTX hombre - zapatillas de trail running - MioMioRun","og_description":"Las Peregrine 15 GTX son unas zapatillas de trail running impermeables y transpirables con Gore-Tex, suela PWRTRAC de 5 mm, amortiguaci\u00f3n PWRRUN y protecci\u00f3n Rock Guard.","og_url":"https:\/\/www.miomiorun.com\/es\/producto\/peregrine-15-gtx-hombre\/","og_site_name":"MioMioRun","article_publisher":"https:\/\/www.facebook.com\/miomiorun\/","article_modified_time":"2026-05-09T08:09:42+00:00","og_image":[{"width":720,"height":720,"url":"https:\/\/www.miomiorun.com\/app\/uploads\/2025\/09\/saucony-Peregrine-15-GTX-regal-black-S20992-262.webp","type":"image\/webp"}],"twitter_card":"summary_large_image","twitter_misc":{"Est. reading time":"2 minutes"},"schema":{"@context":"https:\/\/schema.org","@graph":[{"@type":"WebPage","@id":"https:\/\/www.miomiorun.com\/es\/producto\/peregrine-15-gtx-hombre\/","url":"https:\/\/www.miomiorun.com\/es\/producto\/peregrine-15-gtx-hombre\/","name":"Saucony Peregrine 15 GTX hombre - zapatillas de trail running - MioMioRun","isPartOf":{"@id":"https:\/\/www.miomiorun.com\/es\/#website"},"primaryImageOfPage":{"@id":"https:\/\/www.miomiorun.com\/es\/producto\/peregrine-15-gtx-hombre\/#primaryimage"},"image":{"@id":"https:\/\/www.miomiorun.com\/es\/producto\/peregrine-15-gtx-hombre\/#primaryimage"},"thumbnailUrl":"https:\/\/www.miomiorun.com\/app\/uploads\/2025\/09\/saucony-Peregrine-15-GTX-regal-black-S20992-262.webp","datePublished":"2025-09-12T09:58:51+00:00","dateModified":"2026-05-09T08:09:42+00:00","description":"Las Peregrine 15 GTX son unas zapatillas de trail running impermeables y transpirables con Gore-Tex, suela PWRTRAC de 5 mm, amortiguaci\u00f3n PWRRUN y protecci\u00f3n Rock Guard.","breadcrumb":{"@id":"https:\/\/www.miomiorun.com\/es\/producto\/peregrine-15-gtx-hombre\/#breadcrumb"},"inLanguage":"es-ES","potentialAction":[{"@type":"ReadAction","target":["https:\/\/www.miomiorun.com\/es\/producto\/peregrine-15-gtx-hombre\/"]}]},{"@type":"ImageObject","inLanguage":"es-ES","@id":"https:\/\/www.miomiorun.com\/es\/producto\/peregrine-15-gtx-hombre\/#primaryimage","url":"https:\/\/www.miomiorun.com\/app\/uploads\/2025\/09\/saucony-Peregrine-15-GTX-regal-black-S20992-262.webp","contentUrl":"https:\/\/www.miomiorun.com\/app\/uploads\/2025\/09\/saucony-Peregrine-15-GTX-regal-black-S20992-262.webp","width":720,"height":720,"caption":"saucony Peregrine 15 GTX regal black S20992-262"},{"@type":"BreadcrumbList","@id":"https:\/\/www.miomiorun.com\/es\/producto\/peregrine-15-gtx-hombre\/#breadcrumb","itemListElement":[{"@type":"ListItem","position":1,"name":"Home","item":"https:\/\/www.miomiorun.com\/es\/"},{"@type":"ListItem","position":2,"name":"Shop","item":"https:\/\/www.miomiorun.com\/shop\/"},{"@type":"ListItem","position":3,"name":"Peregrine 15 GTX hombre"}]},{"@type":"WebSite","@id":"https:\/\/www.miomiorun.com\/es\/#website","url":"https:\/\/www.miomiorun.com\/es\/","name":"MioMioRun","description":"Tienda 100% running y trail","publisher":{"@id":"https:\/\/www.miomiorun.com\/es\/#organization"},"potentialAction":[{"@type":"SearchAction","target":{"@type":"EntryPoint","urlTemplate":"https:\/\/www.miomiorun.com\/es\/?s={search_term_string}"},"query-input":{"@type":"PropertyValueSpecification","valueRequired":true,"valueName":"search_term_string"}}],"inLanguage":"es-ES"},{"@type":"Organization","@id":"https:\/\/www.miomiorun.com\/es\/#organization","name":"MioMio Run","url":"https:\/\/www.miomiorun.com\/es\/","logo":{"@type":"ImageObject","inLanguage":"es-ES","@id":"https:\/\/www.miomiorun.com\/es\/#\/schema\/logo\/image\/","url":"https:\/\/www.miomiorun.com\/app\/uploads\/2019\/12\/logomio.png","contentUrl":"https:\/\/www.miomiorun.com\/app\/uploads\/2019\/12\/logomio.png","width":115,"height":82,"caption":"MioMio Run"},"image":{"@id":"https:\/\/www.miomiorun.com\/es\/#\/schema\/logo\/image\/"},"sameAs":["https:\/\/www.facebook.com\/miomiorun\/","https:\/\/www.instagram.com\/miomiorun\/"]}]}},"_links":{"self":[{"href":"https:\/\/www.miomiorun.com\/es\/wp-json\/wp\/v2\/product\/350148","targetHints":{"allow":["GET"]}}],"collection":[{"href":"https:\/\/www.miomiorun.com\/es\/wp-json\/wp\/v2\/product"}],"about":[{"href":"https:\/\/www.miomiorun.com\/es\/wp-json\/wp\/v2\/types\/product"}],"wp:featuredmedia":[{"embeddable":true,"href":"https:\/\/www.miomiorun.com\/es\/wp-json\/wp\/v2\/media\/351727"}],"wp:attachment":[{"href":"https:\/\/www.miomiorun.com\/es\/wp-json\/wp\/v2\/media?parent=350148"}],"wp:term":[{"taxonomy":"product_brand","embeddable":true,"href":"https:\/\/www.miomiorun.com\/es\/wp-json\/wp\/v2\/product_brand?post=350148"},{"taxonomy":"product_cat","embeddable":true,"href":"https:\/\/www.miomiorun.com\/es\/wp-json\/wp\/v2\/product_cat?post=350148"},{"taxonomy":"product_tag","embeddable":true,"href":"https:\/\/www.miomiorun.com\/es\/wp-json\/wp\/v2\/product_tag?post=350148"}],"curies":[{"name":"wp","href":"https:\/\/api.w.org\/{rel}","templated":true}]}}