{"id":349040,"date":"2025-09-12T09:39:36","date_gmt":"2025-09-12T07:39:36","guid":{"rendered":"https:\/\/www.miomiorun.com\/?post_type=product&#038;p=349040"},"modified":"2026-04-17T10:49:51","modified_gmt":"2026-04-17T08:49:51","slug":"surge-3-hombre","status":"publish","type":"product","link":"https:\/\/www.miomiorun.com\/es\/producto\/surge-3-hombre\/","title":{"rendered":"Surge 3 hombre"},"content":{"rendered":"<div class=\"vc-row container\"><div class=\"vc-column\"><div class=\"vc-column-text\"><\/p>\n<h4>Especificaciones t\u00e9cnicas<\/h4>\n<p>Categor\u00eda: Amortiguaci\u00f3n m\u00e1xima<br \/>\nDiferencial: 10 mm (27\/17)<br \/>\nPeso: 293 g<br \/>\nIdeal para:\u00a0 atletas de peso y zancada medios que buscan una amortiguaci\u00f3n \u00f3ptima para afrontar entrenamientos o competiciones de media y larga distancia; tambi\u00e9n resulta una excelente compa\u00f1era para caminar<br \/>\nPeso del atleta: 60-75 kg<br \/>\nRitmo de carrera: 5 min\/kg<br \/>\n<a href=\"https:\/\/miomiorun.com\/guida-alle-specifiche-tecniche\/\">Gu\u00eda de especificaciones t\u00e9cnicas<\/a><\/p>\n<p><\/div><\/div><div class=\"vc-column\"><div class=\"vc-column-text\"><\/p>\n<p>Recorre los kil\u00f3metros diarios con comodidad y capacidad de respuesta. Las nuevas Surge 3 son unas zapatillas de running para el d\u00eda a d\u00eda dise\u00f1adas para ofrecer la m\u00e1xima amortiguaci\u00f3n, un retorno de energ\u00eda superior y un ajuste transpirable. Gracias a la entresuela de PWRRUN+, cada paso resulta protegido pero din\u00e1mico, mientras que la parte superior de malla t\u00e9cnica garantiza frescura y comodidad prolongada. La suela de goma con carbono asegura una durabilidad y una tracci\u00f3n \u00f3ptimas en cualquier superficie.<\/p>\n<p>Disponible en versiones para hombre y mujer, las Surge 3 combinan rendimiento, ligereza y sostenibilidad, con materiales reciclados y una fabricaci\u00f3n vegana.<\/p>\n<p><strong>Detalles t\u00e9cnicos:<\/strong><br \/>\n&#8211; Amortiguaci\u00f3n: PWRRUN+ para mayor comodidad y retorno de energ\u00eda<br \/>\n&#8211; Suela: goma de carbono para una m\u00e1xima durabilidad y agarre<br \/>\n&#8211; Empeine: malla t\u00e9cnica transpirable<br \/>\n&#8211; Plantilla: con ribete de TPU para una mayor sujeci\u00f3n<\/p>\n<p><\/div><\/div><\/div>\n","protected":false},"excerpt":{"rendered":"<p>&#8211; Zapatilla de running para el d\u00eda a d\u00eda con amortiguaci\u00f3n PWRRUN+ suave y reactiva<br \/>\n&#8211; Suela \u00edntegramente de goma de carbono para una mayor durabilidad y tracci\u00f3n<br \/>\n&#8211; Parte superior de malla t\u00e9cnica transpirable para una comodidad que dura todo el d\u00eda<br \/>\n&#8211; Plantilla con ribete de TPU para una mayor estabilidad y sujeci\u00f3n<\/p>\n","protected":false},"featured_media":351828,"template":"","meta":{"_acf_changed":false,"inline_featured_image":false},"product_brand":[],"product_cat":[24454,24453],"product_tag":[23578,23577],"class_list":{"0":"post-349040","1":"product","2":"type-product","3":"status-publish","4":"has-post-thumbnail","6":"product_cat-calzado-para-hombre","7":"product_cat-neutre-es-3","8":"product_tag-saucony-es","9":"product_tag-saucony-hombre","10":"pa_attivita-caminar","11":"pa_attivita-lifestyle-es","12":"pa_attivita-running-es","13":"pa_colore-surge-3-white-lapis-es","14":"pa_marca-saucony-es","15":"pa_sesso-hombre","16":"pa_size-41-es","17":"pa_size-42-es","18":"pa_size-44-5-es","19":"pa_size-45-es","20":"pa_size-46-es","21":"pa_size-46-5-es","23":"first","24":"instock","25":"sale","26":"taxable","27":"shipping-taxable","28":"purchasable","29":"product-type-variable","30":"wvs-archive-product-wrapper"},"acf":[],"yoast_head":"<!-- This site is optimized with the Yoast SEO plugin v26.8 - https:\/\/yoast.com\/product\/yoast-seo-wordpress\/ -->\n<title>Saucony Surge 3 hombre - zapatillas de running hombre - MioMioRun<\/title>\n<meta name=\"description\" content=\"Las Saucony Surge 3 son unas zapatillas de running para el d\u00eda a d\u00eda con la m\u00e1xima amortiguaci\u00f3n PWRRUN+, una parte superior de malla t\u00e9cnica y una suela de goma con fibra de carbono. Ligeras y reactivas\" \/>\n<meta name=\"robots\" content=\"index, follow, max-snippet:-1, max-image-preview:large, max-video-preview:-1\" \/>\n<link rel=\"canonical\" href=\"https:\/\/www.miomiorun.com\/es\/producto\/surge-3-hombre\/\" \/>\n<meta property=\"og:locale\" content=\"es_ES\" \/>\n<meta property=\"og:type\" content=\"article\" \/>\n<meta property=\"og:title\" content=\"Saucony Surge 3 hombre - zapatillas de running hombre - MioMioRun\" \/>\n<meta property=\"og:description\" content=\"Las Saucony Surge 3 son unas zapatillas de running para el d\u00eda a d\u00eda con la m\u00e1xima amortiguaci\u00f3n PWRRUN+, una parte superior de malla t\u00e9cnica y una suela de goma con fibra de carbono. Ligeras y reactivas\" \/>\n<meta property=\"og:url\" content=\"https:\/\/www.miomiorun.com\/es\/producto\/surge-3-hombre\/\" \/>\n<meta property=\"og:site_name\" content=\"MioMioRun\" \/>\n<meta property=\"article:publisher\" content=\"https:\/\/www.facebook.com\/miomiorun\/\" \/>\n<meta property=\"article:modified_time\" content=\"2026-04-17T08:49:51+00:00\" \/>\n<meta property=\"og:image\" content=\"https:\/\/www.miomiorun.com\/app\/uploads\/2025\/09\/saucony-Surge-3-white-lapis-S28215-286.webp\" \/>\n\t<meta property=\"og:image:width\" content=\"720\" \/>\n\t<meta property=\"og:image:height\" content=\"720\" \/>\n\t<meta property=\"og:image:type\" content=\"image\/webp\" \/>\n<meta name=\"twitter:card\" content=\"summary_large_image\" \/>\n<meta name=\"twitter:label1\" content=\"Est. reading time\" \/>\n\t<meta name=\"twitter:data1\" content=\"1 minute\" \/>\n<script type=\"application\/ld+json\" class=\"yoast-schema-graph\">{\"@context\":\"https:\/\/schema.org\",\"@graph\":[{\"@type\":\"WebPage\",\"@id\":\"https:\/\/www.miomiorun.com\/es\/producto\/surge-3-hombre\/\",\"url\":\"https:\/\/www.miomiorun.com\/es\/producto\/surge-3-hombre\/\",\"name\":\"Saucony Surge 3 hombre - zapatillas de running hombre - MioMioRun\",\"isPartOf\":{\"@id\":\"https:\/\/www.miomiorun.com\/es\/#website\"},\"primaryImageOfPage\":{\"@id\":\"https:\/\/www.miomiorun.com\/es\/producto\/surge-3-hombre\/#primaryimage\"},\"image\":{\"@id\":\"https:\/\/www.miomiorun.com\/es\/producto\/surge-3-hombre\/#primaryimage\"},\"thumbnailUrl\":\"https:\/\/www.miomiorun.com\/app\/uploads\/2025\/09\/saucony-Surge-3-white-lapis-S28215-286.webp\",\"datePublished\":\"2025-09-12T07:39:36+00:00\",\"dateModified\":\"2026-04-17T08:49:51+00:00\",\"description\":\"Las Saucony Surge 3 son unas zapatillas de running para el d\u00eda a d\u00eda con la m\u00e1xima amortiguaci\u00f3n PWRRUN+, una parte superior de malla t\u00e9cnica y una suela de goma con fibra de carbono. Ligeras y reactivas\",\"breadcrumb\":{\"@id\":\"https:\/\/www.miomiorun.com\/es\/producto\/surge-3-hombre\/#breadcrumb\"},\"inLanguage\":\"es-ES\",\"potentialAction\":[{\"@type\":\"ReadAction\",\"target\":[\"https:\/\/www.miomiorun.com\/es\/producto\/surge-3-hombre\/\"]}]},{\"@type\":\"ImageObject\",\"inLanguage\":\"es-ES\",\"@id\":\"https:\/\/www.miomiorun.com\/es\/producto\/surge-3-hombre\/#primaryimage\",\"url\":\"https:\/\/www.miomiorun.com\/app\/uploads\/2025\/09\/saucony-Surge-3-white-lapis-S28215-286.webp\",\"contentUrl\":\"https:\/\/www.miomiorun.com\/app\/uploads\/2025\/09\/saucony-Surge-3-white-lapis-S28215-286.webp\",\"width\":720,\"height\":720,\"caption\":\"saucony Surge 3 white lapis S28215-286\"},{\"@type\":\"BreadcrumbList\",\"@id\":\"https:\/\/www.miomiorun.com\/es\/producto\/surge-3-hombre\/#breadcrumb\",\"itemListElement\":[{\"@type\":\"ListItem\",\"position\":1,\"name\":\"Home\",\"item\":\"https:\/\/www.miomiorun.com\/es\/\"},{\"@type\":\"ListItem\",\"position\":2,\"name\":\"Shop\",\"item\":\"https:\/\/www.miomiorun.com\/shop\/\"},{\"@type\":\"ListItem\",\"position\":3,\"name\":\"Surge 3 hombre\"}]},{\"@type\":\"WebSite\",\"@id\":\"https:\/\/www.miomiorun.com\/es\/#website\",\"url\":\"https:\/\/www.miomiorun.com\/es\/\",\"name\":\"MioMioRun\",\"description\":\"Tienda 100% running y trail\",\"publisher\":{\"@id\":\"https:\/\/www.miomiorun.com\/es\/#organization\"},\"potentialAction\":[{\"@type\":\"SearchAction\",\"target\":{\"@type\":\"EntryPoint\",\"urlTemplate\":\"https:\/\/www.miomiorun.com\/es\/?s={search_term_string}\"},\"query-input\":{\"@type\":\"PropertyValueSpecification\",\"valueRequired\":true,\"valueName\":\"search_term_string\"}}],\"inLanguage\":\"es-ES\"},{\"@type\":\"Organization\",\"@id\":\"https:\/\/www.miomiorun.com\/es\/#organization\",\"name\":\"MioMio Run\",\"url\":\"https:\/\/www.miomiorun.com\/es\/\",\"logo\":{\"@type\":\"ImageObject\",\"inLanguage\":\"es-ES\",\"@id\":\"https:\/\/www.miomiorun.com\/es\/#\/schema\/logo\/image\/\",\"url\":\"https:\/\/www.miomiorun.com\/app\/uploads\/2019\/12\/logomio.png\",\"contentUrl\":\"https:\/\/www.miomiorun.com\/app\/uploads\/2019\/12\/logomio.png\",\"width\":115,\"height\":82,\"caption\":\"MioMio Run\"},\"image\":{\"@id\":\"https:\/\/www.miomiorun.com\/es\/#\/schema\/logo\/image\/\"},\"sameAs\":[\"https:\/\/www.facebook.com\/miomiorun\/\",\"https:\/\/www.instagram.com\/miomiorun\/\"]}]}<\/script>\n<!-- \/ Yoast SEO plugin. -->","yoast_head_json":{"title":"Saucony Surge 3 hombre - zapatillas de running hombre - MioMioRun","description":"Las Saucony Surge 3 son unas zapatillas de running para el d\u00eda a d\u00eda con la m\u00e1xima amortiguaci\u00f3n PWRRUN+, una parte superior de malla t\u00e9cnica y una suela de goma con fibra de carbono. Ligeras y reactivas","robots":{"index":"index","follow":"follow","max-snippet":"max-snippet:-1","max-image-preview":"max-image-preview:large","max-video-preview":"max-video-preview:-1"},"canonical":"https:\/\/www.miomiorun.com\/es\/producto\/surge-3-hombre\/","og_locale":"es_ES","og_type":"article","og_title":"Saucony Surge 3 hombre - zapatillas de running hombre - MioMioRun","og_description":"Las Saucony Surge 3 son unas zapatillas de running para el d\u00eda a d\u00eda con la m\u00e1xima amortiguaci\u00f3n PWRRUN+, una parte superior de malla t\u00e9cnica y una suela de goma con fibra de carbono. Ligeras y reactivas","og_url":"https:\/\/www.miomiorun.com\/es\/producto\/surge-3-hombre\/","og_site_name":"MioMioRun","article_publisher":"https:\/\/www.facebook.com\/miomiorun\/","article_modified_time":"2026-04-17T08:49:51+00:00","og_image":[{"width":720,"height":720,"url":"https:\/\/www.miomiorun.com\/app\/uploads\/2025\/09\/saucony-Surge-3-white-lapis-S28215-286.webp","type":"image\/webp"}],"twitter_card":"summary_large_image","twitter_misc":{"Est. reading time":"1 minute"},"schema":{"@context":"https:\/\/schema.org","@graph":[{"@type":"WebPage","@id":"https:\/\/www.miomiorun.com\/es\/producto\/surge-3-hombre\/","url":"https:\/\/www.miomiorun.com\/es\/producto\/surge-3-hombre\/","name":"Saucony Surge 3 hombre - zapatillas de running hombre - MioMioRun","isPartOf":{"@id":"https:\/\/www.miomiorun.com\/es\/#website"},"primaryImageOfPage":{"@id":"https:\/\/www.miomiorun.com\/es\/producto\/surge-3-hombre\/#primaryimage"},"image":{"@id":"https:\/\/www.miomiorun.com\/es\/producto\/surge-3-hombre\/#primaryimage"},"thumbnailUrl":"https:\/\/www.miomiorun.com\/app\/uploads\/2025\/09\/saucony-Surge-3-white-lapis-S28215-286.webp","datePublished":"2025-09-12T07:39:36+00:00","dateModified":"2026-04-17T08:49:51+00:00","description":"Las Saucony Surge 3 son unas zapatillas de running para el d\u00eda a d\u00eda con la m\u00e1xima amortiguaci\u00f3n PWRRUN+, una parte superior de malla t\u00e9cnica y una suela de goma con fibra de carbono. Ligeras y reactivas","breadcrumb":{"@id":"https:\/\/www.miomiorun.com\/es\/producto\/surge-3-hombre\/#breadcrumb"},"inLanguage":"es-ES","potentialAction":[{"@type":"ReadAction","target":["https:\/\/www.miomiorun.com\/es\/producto\/surge-3-hombre\/"]}]},{"@type":"ImageObject","inLanguage":"es-ES","@id":"https:\/\/www.miomiorun.com\/es\/producto\/surge-3-hombre\/#primaryimage","url":"https:\/\/www.miomiorun.com\/app\/uploads\/2025\/09\/saucony-Surge-3-white-lapis-S28215-286.webp","contentUrl":"https:\/\/www.miomiorun.com\/app\/uploads\/2025\/09\/saucony-Surge-3-white-lapis-S28215-286.webp","width":720,"height":720,"caption":"saucony Surge 3 white lapis S28215-286"},{"@type":"BreadcrumbList","@id":"https:\/\/www.miomiorun.com\/es\/producto\/surge-3-hombre\/#breadcrumb","itemListElement":[{"@type":"ListItem","position":1,"name":"Home","item":"https:\/\/www.miomiorun.com\/es\/"},{"@type":"ListItem","position":2,"name":"Shop","item":"https:\/\/www.miomiorun.com\/shop\/"},{"@type":"ListItem","position":3,"name":"Surge 3 hombre"}]},{"@type":"WebSite","@id":"https:\/\/www.miomiorun.com\/es\/#website","url":"https:\/\/www.miomiorun.com\/es\/","name":"MioMioRun","description":"Tienda 100% running y trail","publisher":{"@id":"https:\/\/www.miomiorun.com\/es\/#organization"},"potentialAction":[{"@type":"SearchAction","target":{"@type":"EntryPoint","urlTemplate":"https:\/\/www.miomiorun.com\/es\/?s={search_term_string}"},"query-input":{"@type":"PropertyValueSpecification","valueRequired":true,"valueName":"search_term_string"}}],"inLanguage":"es-ES"},{"@type":"Organization","@id":"https:\/\/www.miomiorun.com\/es\/#organization","name":"MioMio Run","url":"https:\/\/www.miomiorun.com\/es\/","logo":{"@type":"ImageObject","inLanguage":"es-ES","@id":"https:\/\/www.miomiorun.com\/es\/#\/schema\/logo\/image\/","url":"https:\/\/www.miomiorun.com\/app\/uploads\/2019\/12\/logomio.png","contentUrl":"https:\/\/www.miomiorun.com\/app\/uploads\/2019\/12\/logomio.png","width":115,"height":82,"caption":"MioMio Run"},"image":{"@id":"https:\/\/www.miomiorun.com\/es\/#\/schema\/logo\/image\/"},"sameAs":["https:\/\/www.facebook.com\/miomiorun\/","https:\/\/www.instagram.com\/miomiorun\/"]}]}},"_links":{"self":[{"href":"https:\/\/www.miomiorun.com\/es\/wp-json\/wp\/v2\/product\/349040","targetHints":{"allow":["GET"]}}],"collection":[{"href":"https:\/\/www.miomiorun.com\/es\/wp-json\/wp\/v2\/product"}],"about":[{"href":"https:\/\/www.miomiorun.com\/es\/wp-json\/wp\/v2\/types\/product"}],"wp:featuredmedia":[{"embeddable":true,"href":"https:\/\/www.miomiorun.com\/es\/wp-json\/wp\/v2\/media\/351828"}],"wp:attachment":[{"href":"https:\/\/www.miomiorun.com\/es\/wp-json\/wp\/v2\/media?parent=349040"}],"wp:term":[{"taxonomy":"product_brand","embeddable":true,"href":"https:\/\/www.miomiorun.com\/es\/wp-json\/wp\/v2\/product_brand?post=349040"},{"taxonomy":"product_cat","embeddable":true,"href":"https:\/\/www.miomiorun.com\/es\/wp-json\/wp\/v2\/product_cat?post=349040"},{"taxonomy":"product_tag","embeddable":true,"href":"https:\/\/www.miomiorun.com\/es\/wp-json\/wp\/v2\/product_tag?post=349040"}],"curies":[{"name":"wp","href":"https:\/\/api.w.org\/{rel}","templated":true}]}}