{"id":348504,"date":"2025-09-11T18:51:54","date_gmt":"2025-09-11T16:51:54","guid":{"rendered":"https:\/\/www.miomiorun.com\/?post_type=product&#038;p=348504"},"modified":"2026-04-17T10:50:16","modified_gmt":"2026-04-17T08:50:16","slug":"sense-pro-6","status":"publish","type":"product","link":"https:\/\/www.miomiorun.com\/es\/producto\/sense-pro-6\/","title":{"rendered":"Sense Pro 6"},"content":{"rendered":"<p>Desde las subidas m\u00e1s empinadas hasta los descensos m\u00e1s r\u00e1pidos, el Sense Pro 6 te permite concentrarte \u00fanicamente en la carrera. Dise\u00f1ado en colaboraci\u00f3n con los mejores atletas, este chaleco combina ligereza, un dise\u00f1o minimalista y compartimentos inteligentes para guardar todo lo imprescindible. Con dos botellas flexibles de 500 ml incluidas, garantiza una hidrataci\u00f3n constante y comodidad incluso en distancias ultralargas, de 50 a 100 km.<\/p>\n<p>La tecnolog\u00eda SensiFit\u2122 garantiza estabilidad y libertad de movimiento, con tejidos transpirables que se adaptan a las formas del cuerpo sin dar tirones. Gracias al sistema Quick Link, el ajuste es r\u00e1pido e intuitivo incluso en plena acci\u00f3n. Los numerosos bolsillos delanteros y traseros ofrecen un espacio organizado y accesible para botellas, comida y material, mientras que el sistema Custom Quiver hace que el transporte de los bastones sea m\u00e1s r\u00e1pido y estable.<\/p>\n<p><strong>Detalles t\u00e9cnicos:<\/strong><br \/>\n&#8211; Capacidad: 6 litros<br \/>\n&#8211; Peso: 129 g (210 g con accesorios)<br \/>\n&#8211; Incluye: 2 botellas blandas Salomon de 500 ml<br \/>\n&#8211; Ajuste: SensiFit\u2122 para estabilidad y comodidad transpirable<br \/>\n&#8211; Bolsillos: delanteros con cremallera, portabotellas, amplio bolsillo trasero con doble acceso<br \/>\n&#8211; Sistema Quick Link para un cierre r\u00e1pido y ajustable<br \/>\n&#8211; Cremalleras YKK resistentes y fiables<br \/>\n&#8211; Sistema portabastones compatible con Custom Quiver<br \/>\n&#8211; Accesorios: silbato de seguridad integrado<br \/>\n&#8211; Tejidos: malla Darlington, Power Mesh ligera, el\u00e1stica en 4 direcciones<br \/>\n&#8211; Sin PFC<\/p>\n<p>&nbsp;<\/p>\n<p>&nbsp;<\/p>\n","protected":false},"excerpt":{"rendered":"<p>&#8211; Mochila tipo chaleco para trail running, ligera y minimalista, ideal para distancias de 50 a 100 km<br \/>\n&#8211; Tecnolog\u00eda SensiFit\u2122: estabilidad y comodidad sin sacudidas<br \/>\n&#8211; Incluye 2 botellas flexibles de 500 ml para una hidrataci\u00f3n constante<\/p>\n","protected":false},"featured_media":365206,"template":"","meta":{"_acf_changed":false,"inline_featured_image":false},"product_brand":[],"product_cat":[24205,24408,24426],"product_tag":[23582,23615,23618],"class_list":{"0":"post-348504","1":"product","2":"type-product","3":"status-publish","4":"has-post-thumbnail","6":"product_cat-accesorios","7":"product_cat-mochilas-es","8":"product_cat-mochilas-y-cinturones-es","9":"product_tag-salomon-es","10":"product_tag-salomon-hombre","11":"product_tag-salomon-mujer","12":"pa_attivita-outdoor-es","13":"pa_attivita-trail-es","14":"pa_colore-sense-pro-6-set-black-es","15":"pa_marca-salomon-es","16":"pa_sesso-hombre","17":"pa_sesso-mujer","18":"pa_size-large-es","20":"first","21":"instock","22":"sale","23":"taxable","24":"shipping-taxable","25":"purchasable","26":"product-type-variable","27":"wvs-archive-product-wrapper"},"acf":[],"yoast_head":"<!-- This site is optimized with the Yoast SEO plugin v26.8 - https:\/\/yoast.com\/product\/yoast-seo-wordpress\/ -->\n<title>Salomon Sense Pro 6 - mochila para correr - MioMioRun<\/title>\n<meta name=\"description\" content=\"Sense Pro 6 es un chaleco ligero y transpirable para trail running con una capacidad de 6 litros. Incluye dos botellas de 500 ml, bolsillos de f\u00e1cil acceso y un sistema portabastones para salidas de hasta 100 km.\" \/>\n<meta name=\"robots\" content=\"index, follow, max-snippet:-1, max-image-preview:large, max-video-preview:-1\" \/>\n<link rel=\"canonical\" href=\"https:\/\/www.miomiorun.com\/es\/producto\/sense-pro-6\/\" \/>\n<meta property=\"og:locale\" content=\"es_ES\" \/>\n<meta property=\"og:type\" content=\"article\" \/>\n<meta property=\"og:title\" content=\"Salomon Sense Pro 6 - mochila para correr - MioMioRun\" \/>\n<meta property=\"og:description\" content=\"Sense Pro 6 es un chaleco ligero y transpirable para trail running con una capacidad de 6 litros. Incluye dos botellas de 500 ml, bolsillos de f\u00e1cil acceso y un sistema portabastones para salidas de hasta 100 km.\" \/>\n<meta property=\"og:url\" content=\"https:\/\/www.miomiorun.com\/es\/producto\/sense-pro-6\/\" \/>\n<meta property=\"og:site_name\" content=\"MioMioRun\" \/>\n<meta property=\"article:publisher\" content=\"https:\/\/www.facebook.com\/miomiorun\/\" \/>\n<meta property=\"article:modified_time\" content=\"2026-04-17T08:50:16+00:00\" \/>\n<meta property=\"og:image\" content=\"https:\/\/www.miomiorun.com\/app\/uploads\/2025\/10\/salomon-Sense-Pro-6-set-black-LC2318500.webp\" \/>\n\t<meta property=\"og:image:width\" content=\"720\" \/>\n\t<meta property=\"og:image:height\" content=\"720\" \/>\n\t<meta property=\"og:image:type\" content=\"image\/webp\" \/>\n<meta name=\"twitter:card\" content=\"summary_large_image\" \/>\n<meta name=\"twitter:label1\" content=\"Est. reading time\" \/>\n\t<meta name=\"twitter:data1\" content=\"1 minute\" \/>\n<script type=\"application\/ld+json\" class=\"yoast-schema-graph\">{\"@context\":\"https:\/\/schema.org\",\"@graph\":[{\"@type\":\"WebPage\",\"@id\":\"https:\/\/www.miomiorun.com\/es\/producto\/sense-pro-6\/\",\"url\":\"https:\/\/www.miomiorun.com\/es\/producto\/sense-pro-6\/\",\"name\":\"Salomon Sense Pro 6 - mochila para correr - MioMioRun\",\"isPartOf\":{\"@id\":\"https:\/\/www.miomiorun.com\/es\/#website\"},\"primaryImageOfPage\":{\"@id\":\"https:\/\/www.miomiorun.com\/es\/producto\/sense-pro-6\/#primaryimage\"},\"image\":{\"@id\":\"https:\/\/www.miomiorun.com\/es\/producto\/sense-pro-6\/#primaryimage\"},\"thumbnailUrl\":\"https:\/\/www.miomiorun.com\/app\/uploads\/2025\/10\/salomon-Sense-Pro-6-set-black-LC2318500.webp\",\"datePublished\":\"2025-09-11T16:51:54+00:00\",\"dateModified\":\"2026-04-17T08:50:16+00:00\",\"description\":\"Sense Pro 6 es un chaleco ligero y transpirable para trail running con una capacidad de 6 litros. Incluye dos botellas de 500 ml, bolsillos de f\u00e1cil acceso y un sistema portabastones para salidas de hasta 100 km.\",\"breadcrumb\":{\"@id\":\"https:\/\/www.miomiorun.com\/es\/producto\/sense-pro-6\/#breadcrumb\"},\"inLanguage\":\"es-ES\",\"potentialAction\":[{\"@type\":\"ReadAction\",\"target\":[\"https:\/\/www.miomiorun.com\/es\/producto\/sense-pro-6\/\"]}]},{\"@type\":\"ImageObject\",\"inLanguage\":\"es-ES\",\"@id\":\"https:\/\/www.miomiorun.com\/es\/producto\/sense-pro-6\/#primaryimage\",\"url\":\"https:\/\/www.miomiorun.com\/app\/uploads\/2025\/10\/salomon-Sense-Pro-6-set-black-LC2318500.webp\",\"contentUrl\":\"https:\/\/www.miomiorun.com\/app\/uploads\/2025\/10\/salomon-Sense-Pro-6-set-black-LC2318500.webp\",\"width\":720,\"height\":720,\"caption\":\"salomon Sense Pro 6 set black LC2318500\"},{\"@type\":\"BreadcrumbList\",\"@id\":\"https:\/\/www.miomiorun.com\/es\/producto\/sense-pro-6\/#breadcrumb\",\"itemListElement\":[{\"@type\":\"ListItem\",\"position\":1,\"name\":\"Home\",\"item\":\"https:\/\/www.miomiorun.com\/es\/\"},{\"@type\":\"ListItem\",\"position\":2,\"name\":\"Shop\",\"item\":\"https:\/\/www.miomiorun.com\/shop\/\"},{\"@type\":\"ListItem\",\"position\":3,\"name\":\"Sense Pro 6\"}]},{\"@type\":\"WebSite\",\"@id\":\"https:\/\/www.miomiorun.com\/es\/#website\",\"url\":\"https:\/\/www.miomiorun.com\/es\/\",\"name\":\"MioMioRun\",\"description\":\"Tienda 100% running y trail\",\"publisher\":{\"@id\":\"https:\/\/www.miomiorun.com\/es\/#organization\"},\"potentialAction\":[{\"@type\":\"SearchAction\",\"target\":{\"@type\":\"EntryPoint\",\"urlTemplate\":\"https:\/\/www.miomiorun.com\/es\/?s={search_term_string}\"},\"query-input\":{\"@type\":\"PropertyValueSpecification\",\"valueRequired\":true,\"valueName\":\"search_term_string\"}}],\"inLanguage\":\"es-ES\"},{\"@type\":\"Organization\",\"@id\":\"https:\/\/www.miomiorun.com\/es\/#organization\",\"name\":\"MioMio Run\",\"url\":\"https:\/\/www.miomiorun.com\/es\/\",\"logo\":{\"@type\":\"ImageObject\",\"inLanguage\":\"es-ES\",\"@id\":\"https:\/\/www.miomiorun.com\/es\/#\/schema\/logo\/image\/\",\"url\":\"https:\/\/www.miomiorun.com\/app\/uploads\/2019\/12\/logomio.png\",\"contentUrl\":\"https:\/\/www.miomiorun.com\/app\/uploads\/2019\/12\/logomio.png\",\"width\":115,\"height\":82,\"caption\":\"MioMio Run\"},\"image\":{\"@id\":\"https:\/\/www.miomiorun.com\/es\/#\/schema\/logo\/image\/\"},\"sameAs\":[\"https:\/\/www.facebook.com\/miomiorun\/\",\"https:\/\/www.instagram.com\/miomiorun\/\"]}]}<\/script>\n<!-- \/ Yoast SEO plugin. -->","yoast_head_json":{"title":"Salomon Sense Pro 6 - mochila para correr - MioMioRun","description":"Sense Pro 6 es un chaleco ligero y transpirable para trail running con una capacidad de 6 litros. Incluye dos botellas de 500 ml, bolsillos de f\u00e1cil acceso y un sistema portabastones para salidas de hasta 100 km.","robots":{"index":"index","follow":"follow","max-snippet":"max-snippet:-1","max-image-preview":"max-image-preview:large","max-video-preview":"max-video-preview:-1"},"canonical":"https:\/\/www.miomiorun.com\/es\/producto\/sense-pro-6\/","og_locale":"es_ES","og_type":"article","og_title":"Salomon Sense Pro 6 - mochila para correr - MioMioRun","og_description":"Sense Pro 6 es un chaleco ligero y transpirable para trail running con una capacidad de 6 litros. Incluye dos botellas de 500 ml, bolsillos de f\u00e1cil acceso y un sistema portabastones para salidas de hasta 100 km.","og_url":"https:\/\/www.miomiorun.com\/es\/producto\/sense-pro-6\/","og_site_name":"MioMioRun","article_publisher":"https:\/\/www.facebook.com\/miomiorun\/","article_modified_time":"2026-04-17T08:50:16+00:00","og_image":[{"width":720,"height":720,"url":"https:\/\/www.miomiorun.com\/app\/uploads\/2025\/10\/salomon-Sense-Pro-6-set-black-LC2318500.webp","type":"image\/webp"}],"twitter_card":"summary_large_image","twitter_misc":{"Est. reading time":"1 minute"},"schema":{"@context":"https:\/\/schema.org","@graph":[{"@type":"WebPage","@id":"https:\/\/www.miomiorun.com\/es\/producto\/sense-pro-6\/","url":"https:\/\/www.miomiorun.com\/es\/producto\/sense-pro-6\/","name":"Salomon Sense Pro 6 - mochila para correr - MioMioRun","isPartOf":{"@id":"https:\/\/www.miomiorun.com\/es\/#website"},"primaryImageOfPage":{"@id":"https:\/\/www.miomiorun.com\/es\/producto\/sense-pro-6\/#primaryimage"},"image":{"@id":"https:\/\/www.miomiorun.com\/es\/producto\/sense-pro-6\/#primaryimage"},"thumbnailUrl":"https:\/\/www.miomiorun.com\/app\/uploads\/2025\/10\/salomon-Sense-Pro-6-set-black-LC2318500.webp","datePublished":"2025-09-11T16:51:54+00:00","dateModified":"2026-04-17T08:50:16+00:00","description":"Sense Pro 6 es un chaleco ligero y transpirable para trail running con una capacidad de 6 litros. Incluye dos botellas de 500 ml, bolsillos de f\u00e1cil acceso y un sistema portabastones para salidas de hasta 100 km.","breadcrumb":{"@id":"https:\/\/www.miomiorun.com\/es\/producto\/sense-pro-6\/#breadcrumb"},"inLanguage":"es-ES","potentialAction":[{"@type":"ReadAction","target":["https:\/\/www.miomiorun.com\/es\/producto\/sense-pro-6\/"]}]},{"@type":"ImageObject","inLanguage":"es-ES","@id":"https:\/\/www.miomiorun.com\/es\/producto\/sense-pro-6\/#primaryimage","url":"https:\/\/www.miomiorun.com\/app\/uploads\/2025\/10\/salomon-Sense-Pro-6-set-black-LC2318500.webp","contentUrl":"https:\/\/www.miomiorun.com\/app\/uploads\/2025\/10\/salomon-Sense-Pro-6-set-black-LC2318500.webp","width":720,"height":720,"caption":"salomon Sense Pro 6 set black LC2318500"},{"@type":"BreadcrumbList","@id":"https:\/\/www.miomiorun.com\/es\/producto\/sense-pro-6\/#breadcrumb","itemListElement":[{"@type":"ListItem","position":1,"name":"Home","item":"https:\/\/www.miomiorun.com\/es\/"},{"@type":"ListItem","position":2,"name":"Shop","item":"https:\/\/www.miomiorun.com\/shop\/"},{"@type":"ListItem","position":3,"name":"Sense Pro 6"}]},{"@type":"WebSite","@id":"https:\/\/www.miomiorun.com\/es\/#website","url":"https:\/\/www.miomiorun.com\/es\/","name":"MioMioRun","description":"Tienda 100% running y trail","publisher":{"@id":"https:\/\/www.miomiorun.com\/es\/#organization"},"potentialAction":[{"@type":"SearchAction","target":{"@type":"EntryPoint","urlTemplate":"https:\/\/www.miomiorun.com\/es\/?s={search_term_string}"},"query-input":{"@type":"PropertyValueSpecification","valueRequired":true,"valueName":"search_term_string"}}],"inLanguage":"es-ES"},{"@type":"Organization","@id":"https:\/\/www.miomiorun.com\/es\/#organization","name":"MioMio Run","url":"https:\/\/www.miomiorun.com\/es\/","logo":{"@type":"ImageObject","inLanguage":"es-ES","@id":"https:\/\/www.miomiorun.com\/es\/#\/schema\/logo\/image\/","url":"https:\/\/www.miomiorun.com\/app\/uploads\/2019\/12\/logomio.png","contentUrl":"https:\/\/www.miomiorun.com\/app\/uploads\/2019\/12\/logomio.png","width":115,"height":82,"caption":"MioMio Run"},"image":{"@id":"https:\/\/www.miomiorun.com\/es\/#\/schema\/logo\/image\/"},"sameAs":["https:\/\/www.facebook.com\/miomiorun\/","https:\/\/www.instagram.com\/miomiorun\/"]}]}},"_links":{"self":[{"href":"https:\/\/www.miomiorun.com\/es\/wp-json\/wp\/v2\/product\/348504","targetHints":{"allow":["GET"]}}],"collection":[{"href":"https:\/\/www.miomiorun.com\/es\/wp-json\/wp\/v2\/product"}],"about":[{"href":"https:\/\/www.miomiorun.com\/es\/wp-json\/wp\/v2\/types\/product"}],"wp:featuredmedia":[{"embeddable":true,"href":"https:\/\/www.miomiorun.com\/es\/wp-json\/wp\/v2\/media\/365206"}],"wp:attachment":[{"href":"https:\/\/www.miomiorun.com\/es\/wp-json\/wp\/v2\/media?parent=348504"}],"wp:term":[{"taxonomy":"product_brand","embeddable":true,"href":"https:\/\/www.miomiorun.com\/es\/wp-json\/wp\/v2\/product_brand?post=348504"},{"taxonomy":"product_cat","embeddable":true,"href":"https:\/\/www.miomiorun.com\/es\/wp-json\/wp\/v2\/product_cat?post=348504"},{"taxonomy":"product_tag","embeddable":true,"href":"https:\/\/www.miomiorun.com\/es\/wp-json\/wp\/v2\/product_tag?post=348504"}],"curies":[{"name":"wp","href":"https:\/\/api.w.org\/{rel}","templated":true}]}}