{"id":348405,"date":"2025-09-11T18:39:26","date_gmt":"2025-09-11T16:39:26","guid":{"rendered":"https:\/\/www.miomiorun.com\/?post_type=product&#038;p=348405"},"modified":"2026-04-17T10:50:28","modified_gmt":"2026-04-17T08:50:28","slug":"s-lab-ultra-glide-1-5","status":"publish","type":"product","link":"https:\/\/www.miomiorun.com\/es\/producto\/s-lab-ultra-glide-1-5\/","title":{"rendered":"S\/LAB Ultra Glide 1.5"},"content":{"rendered":"<div class=\"vc-row container\"><div class=\"vc-column\"><div class=\"vc-column-text\"><\/p>\n<h4>Especificaciones t\u00e9cnicas<\/h4>\n<p>Categor\u00eda: M\u00e1xima amortiguaci\u00f3n<\/p>\n<p>Peso: 290 g<\/p>\n<p>Ca\u00edda: 6 mm<\/p>\n<p>Ideal para: corredores que buscan una combinaci\u00f3n de m\u00e1xima amortiguaci\u00f3n, protecci\u00f3n del pie y comodidad excepcional en terrenos mixtos<br \/>\n<a href=\"https:\/\/miomiorun.com\/guida-alle-specifiche-tecniche\/\">Gu\u00eda de especificaciones t\u00e9cnicas<\/a><\/p>\n<p><\/div><\/div><div class=\"vc-column\"><div class=\"vc-column-text\"><\/p>\n<div><\/div>\n<div>\n<p>Afront\u00e1 las largas distancias con la combinaci\u00f3n perfecta de comodidad y dinamismo de las nuevas S\/LAB Ultra Glide 1.5. Dise\u00f1adas para acompa\u00f1arte desde el primer hasta el \u00faltimo kil\u00f3metro, combinan una amortiguaci\u00f3n suave y reactiva con una estabilidad optimizada y un tal\u00f3n mejorado que reduce las rozaduras. El dise\u00f1o exclusivo de la suela distribuye la presi\u00f3n de manera uniforme, reduciendo la fatiga incluso en los senderos m\u00e1s exigentes.<\/p>\n<p>La suela All Terrain Contagrip\u00ae ofrece agarre y resistencia en cualquier superficie, ya sea seca o mojada, mientras que la geometr\u00eda Relieve Sphere amortigua los impactos y mejora la sensaci\u00f3n de comodidad a largo plazo. La entresuela con Energy Foam y Energy Foam+ garantiza el retorno de energ\u00eda y dinamismo en cada paso. El sistema Quicklace\u2122 permite un ajuste r\u00e1pido, seguro y preciso.<\/p>\n<p><strong>Detalles t\u00e9cnicos:<\/strong><br \/>\n&#8211; Ideal para: trail running y largas distancias<br \/>\n&#8211; Amortiguaci\u00f3n: suave y din\u00e1mica<br \/>\n&#8211; Suela: All Terrain Contagrip\u00ae + geometr\u00eda Relieve Sphere<br \/>\n&#8211; Entresuela: Energy Foam (EVA) + Energy Foam+ (PEBA\/EVA)<br \/>\n&#8211; Sistema de cordones: Quicklace\u2122 one-pull<br \/>\n&#8211; Tal\u00f3n optimizado para reducir las rozaduras<\/p>\n<p>&nbsp;<\/p>\n<\/div>\n<p><\/div><\/div><\/div>\n","protected":false},"excerpt":{"rendered":"<p>&#8211; Zapatilla de trail running ligera y din\u00e1mica, ideal para largas distancias<br \/>\n&#8211; Suela All Terrain Contagrip\u00ae con geometr\u00eda Relieve Sphere para un agarre y una comodidad duraderos<br \/>\n&#8211; Entresuela con doble espuma Energy Foam para una mayor amortiguaci\u00f3n y reactividad<\/p>\n","protected":false},"featured_media":362131,"template":"","meta":{"_acf_changed":false,"inline_featured_image":false},"product_brand":[],"product_cat":[24415,24468,24465,24412],"product_tag":[23582,23615,23618],"class_list":{"0":"post-348405","1":"product","2":"type-product","3":"status-publish","4":"has-post-thumbnail","6":"product_cat-calzado-de-mujer","7":"product_cat-calzado-para-hombre-es","8":"product_cat-trail-es-4","9":"product_cat-trail-es-2","10":"product_tag-salomon-es","11":"product_tag-salomon-hombre","12":"product_tag-salomon-mujer","13":"pa_attivita-caminar","14":"pa_attivita-outdoor-es","15":"pa_attivita-trail-es","16":"pa_colore-s-lab-ultra-glide-1-5-fiery-red-fird-wht-es","17":"pa_marca-salomon-es","18":"pa_sesso-hombre","19":"pa_size-40-es","21":"pa_size-41-es","22":"pa_size-44-es","24":"first","25":"instock","26":"sale","27":"taxable","28":"shipping-taxable","29":"purchasable","30":"product-type-variable","31":"wvs-archive-product-wrapper"},"acf":[],"yoast_head":"<!-- This site is optimized with the Yoast SEO plugin v26.8 - https:\/\/yoast.com\/product\/yoast-seo-wordpress\/ -->\n<title>Salomon S\/LAB Ultra Glide 1.5 - zapatillas de trail running - MioMioRun<\/title>\n<meta name=\"description\" content=\"S\/LAB Ultra Glide 1.5: zapatilla de trail running para largas distancias. Comodidad revolucionaria, suela Contagrip\u00ae y amortiguaci\u00f3n Energy Foam+.\" \/>\n<meta name=\"robots\" content=\"index, follow, max-snippet:-1, max-image-preview:large, max-video-preview:-1\" \/>\n<link rel=\"canonical\" href=\"https:\/\/www.miomiorun.com\/es\/producto\/s-lab-ultra-glide-1-5\/\" \/>\n<meta property=\"og:locale\" content=\"es_ES\" \/>\n<meta property=\"og:type\" content=\"article\" \/>\n<meta property=\"og:title\" content=\"Salomon S\/LAB Ultra Glide 1.5 - zapatillas de trail running - MioMioRun\" \/>\n<meta property=\"og:description\" content=\"S\/LAB Ultra Glide 1.5: zapatilla de trail running para largas distancias. Comodidad revolucionaria, suela Contagrip\u00ae y amortiguaci\u00f3n Energy Foam+.\" \/>\n<meta property=\"og:url\" content=\"https:\/\/www.miomiorun.com\/es\/producto\/s-lab-ultra-glide-1-5\/\" \/>\n<meta property=\"og:site_name\" content=\"MioMioRun\" \/>\n<meta property=\"article:publisher\" content=\"https:\/\/www.facebook.com\/miomiorun\/\" \/>\n<meta property=\"article:modified_time\" content=\"2026-04-17T08:50:28+00:00\" \/>\n<meta property=\"og:image\" content=\"https:\/\/www.miomiorun.com\/app\/uploads\/2025\/10\/salomon-S-LAB-Ultra-Glide-1.5-fiery-red-fird-wht-L49283600.webp\" \/>\n\t<meta property=\"og:image:width\" content=\"720\" \/>\n\t<meta property=\"og:image:height\" content=\"720\" \/>\n\t<meta property=\"og:image:type\" content=\"image\/webp\" \/>\n<meta name=\"twitter:card\" content=\"summary_large_image\" \/>\n<meta name=\"twitter:label1\" content=\"Est. reading time\" \/>\n\t<meta name=\"twitter:data1\" content=\"1 minute\" \/>\n<script type=\"application\/ld+json\" class=\"yoast-schema-graph\">{\"@context\":\"https:\/\/schema.org\",\"@graph\":[{\"@type\":\"WebPage\",\"@id\":\"https:\/\/www.miomiorun.com\/es\/producto\/s-lab-ultra-glide-1-5\/\",\"url\":\"https:\/\/www.miomiorun.com\/es\/producto\/s-lab-ultra-glide-1-5\/\",\"name\":\"Salomon S\/LAB Ultra Glide 1.5 - zapatillas de trail running - MioMioRun\",\"isPartOf\":{\"@id\":\"https:\/\/www.miomiorun.com\/es\/#website\"},\"primaryImageOfPage\":{\"@id\":\"https:\/\/www.miomiorun.com\/es\/producto\/s-lab-ultra-glide-1-5\/#primaryimage\"},\"image\":{\"@id\":\"https:\/\/www.miomiorun.com\/es\/producto\/s-lab-ultra-glide-1-5\/#primaryimage\"},\"thumbnailUrl\":\"https:\/\/www.miomiorun.com\/app\/uploads\/2025\/10\/salomon-S-LAB-Ultra-Glide-1.5-fiery-red-fird-wht-L49283600.webp\",\"datePublished\":\"2025-09-11T16:39:26+00:00\",\"dateModified\":\"2026-04-17T08:50:28+00:00\",\"description\":\"S\/LAB Ultra Glide 1.5: zapatilla de trail running para largas distancias. Comodidad revolucionaria, suela Contagrip\u00ae y amortiguaci\u00f3n Energy Foam+.\",\"breadcrumb\":{\"@id\":\"https:\/\/www.miomiorun.com\/es\/producto\/s-lab-ultra-glide-1-5\/#breadcrumb\"},\"inLanguage\":\"es-ES\",\"potentialAction\":[{\"@type\":\"ReadAction\",\"target\":[\"https:\/\/www.miomiorun.com\/es\/producto\/s-lab-ultra-glide-1-5\/\"]}]},{\"@type\":\"ImageObject\",\"inLanguage\":\"es-ES\",\"@id\":\"https:\/\/www.miomiorun.com\/es\/producto\/s-lab-ultra-glide-1-5\/#primaryimage\",\"url\":\"https:\/\/www.miomiorun.com\/app\/uploads\/2025\/10\/salomon-S-LAB-Ultra-Glide-1.5-fiery-red-fird-wht-L49283600.webp\",\"contentUrl\":\"https:\/\/www.miomiorun.com\/app\/uploads\/2025\/10\/salomon-S-LAB-Ultra-Glide-1.5-fiery-red-fird-wht-L49283600.webp\",\"width\":720,\"height\":720,\"caption\":\"salomon S LAB Ultra Glide 1.5 fiery red fird wht L49283600\"},{\"@type\":\"BreadcrumbList\",\"@id\":\"https:\/\/www.miomiorun.com\/es\/producto\/s-lab-ultra-glide-1-5\/#breadcrumb\",\"itemListElement\":[{\"@type\":\"ListItem\",\"position\":1,\"name\":\"Home\",\"item\":\"https:\/\/www.miomiorun.com\/es\/\"},{\"@type\":\"ListItem\",\"position\":2,\"name\":\"Shop\",\"item\":\"https:\/\/www.miomiorun.com\/shop\/\"},{\"@type\":\"ListItem\",\"position\":3,\"name\":\"S\/LAB Ultra Glide 1.5\"}]},{\"@type\":\"WebSite\",\"@id\":\"https:\/\/www.miomiorun.com\/es\/#website\",\"url\":\"https:\/\/www.miomiorun.com\/es\/\",\"name\":\"MioMioRun\",\"description\":\"Tienda 100% running y trail\",\"publisher\":{\"@id\":\"https:\/\/www.miomiorun.com\/es\/#organization\"},\"potentialAction\":[{\"@type\":\"SearchAction\",\"target\":{\"@type\":\"EntryPoint\",\"urlTemplate\":\"https:\/\/www.miomiorun.com\/es\/?s={search_term_string}\"},\"query-input\":{\"@type\":\"PropertyValueSpecification\",\"valueRequired\":true,\"valueName\":\"search_term_string\"}}],\"inLanguage\":\"es-ES\"},{\"@type\":\"Organization\",\"@id\":\"https:\/\/www.miomiorun.com\/es\/#organization\",\"name\":\"MioMio Run\",\"url\":\"https:\/\/www.miomiorun.com\/es\/\",\"logo\":{\"@type\":\"ImageObject\",\"inLanguage\":\"es-ES\",\"@id\":\"https:\/\/www.miomiorun.com\/es\/#\/schema\/logo\/image\/\",\"url\":\"https:\/\/www.miomiorun.com\/app\/uploads\/2019\/12\/logomio.png\",\"contentUrl\":\"https:\/\/www.miomiorun.com\/app\/uploads\/2019\/12\/logomio.png\",\"width\":115,\"height\":82,\"caption\":\"MioMio Run\"},\"image\":{\"@id\":\"https:\/\/www.miomiorun.com\/es\/#\/schema\/logo\/image\/\"},\"sameAs\":[\"https:\/\/www.facebook.com\/miomiorun\/\",\"https:\/\/www.instagram.com\/miomiorun\/\"]}]}<\/script>\n<!-- \/ Yoast SEO plugin. -->","yoast_head_json":{"title":"Salomon S\/LAB Ultra Glide 1.5 - zapatillas de trail running - MioMioRun","description":"S\/LAB Ultra Glide 1.5: zapatilla de trail running para largas distancias. Comodidad revolucionaria, suela Contagrip\u00ae y amortiguaci\u00f3n Energy Foam+.","robots":{"index":"index","follow":"follow","max-snippet":"max-snippet:-1","max-image-preview":"max-image-preview:large","max-video-preview":"max-video-preview:-1"},"canonical":"https:\/\/www.miomiorun.com\/es\/producto\/s-lab-ultra-glide-1-5\/","og_locale":"es_ES","og_type":"article","og_title":"Salomon S\/LAB Ultra Glide 1.5 - zapatillas de trail running - MioMioRun","og_description":"S\/LAB Ultra Glide 1.5: zapatilla de trail running para largas distancias. Comodidad revolucionaria, suela Contagrip\u00ae y amortiguaci\u00f3n Energy Foam+.","og_url":"https:\/\/www.miomiorun.com\/es\/producto\/s-lab-ultra-glide-1-5\/","og_site_name":"MioMioRun","article_publisher":"https:\/\/www.facebook.com\/miomiorun\/","article_modified_time":"2026-04-17T08:50:28+00:00","og_image":[{"width":720,"height":720,"url":"https:\/\/www.miomiorun.com\/app\/uploads\/2025\/10\/salomon-S-LAB-Ultra-Glide-1.5-fiery-red-fird-wht-L49283600.webp","type":"image\/webp"}],"twitter_card":"summary_large_image","twitter_misc":{"Est. reading time":"1 minute"},"schema":{"@context":"https:\/\/schema.org","@graph":[{"@type":"WebPage","@id":"https:\/\/www.miomiorun.com\/es\/producto\/s-lab-ultra-glide-1-5\/","url":"https:\/\/www.miomiorun.com\/es\/producto\/s-lab-ultra-glide-1-5\/","name":"Salomon S\/LAB Ultra Glide 1.5 - zapatillas de trail running - MioMioRun","isPartOf":{"@id":"https:\/\/www.miomiorun.com\/es\/#website"},"primaryImageOfPage":{"@id":"https:\/\/www.miomiorun.com\/es\/producto\/s-lab-ultra-glide-1-5\/#primaryimage"},"image":{"@id":"https:\/\/www.miomiorun.com\/es\/producto\/s-lab-ultra-glide-1-5\/#primaryimage"},"thumbnailUrl":"https:\/\/www.miomiorun.com\/app\/uploads\/2025\/10\/salomon-S-LAB-Ultra-Glide-1.5-fiery-red-fird-wht-L49283600.webp","datePublished":"2025-09-11T16:39:26+00:00","dateModified":"2026-04-17T08:50:28+00:00","description":"S\/LAB Ultra Glide 1.5: zapatilla de trail running para largas distancias. Comodidad revolucionaria, suela Contagrip\u00ae y amortiguaci\u00f3n Energy Foam+.","breadcrumb":{"@id":"https:\/\/www.miomiorun.com\/es\/producto\/s-lab-ultra-glide-1-5\/#breadcrumb"},"inLanguage":"es-ES","potentialAction":[{"@type":"ReadAction","target":["https:\/\/www.miomiorun.com\/es\/producto\/s-lab-ultra-glide-1-5\/"]}]},{"@type":"ImageObject","inLanguage":"es-ES","@id":"https:\/\/www.miomiorun.com\/es\/producto\/s-lab-ultra-glide-1-5\/#primaryimage","url":"https:\/\/www.miomiorun.com\/app\/uploads\/2025\/10\/salomon-S-LAB-Ultra-Glide-1.5-fiery-red-fird-wht-L49283600.webp","contentUrl":"https:\/\/www.miomiorun.com\/app\/uploads\/2025\/10\/salomon-S-LAB-Ultra-Glide-1.5-fiery-red-fird-wht-L49283600.webp","width":720,"height":720,"caption":"salomon S LAB Ultra Glide 1.5 fiery red fird wht L49283600"},{"@type":"BreadcrumbList","@id":"https:\/\/www.miomiorun.com\/es\/producto\/s-lab-ultra-glide-1-5\/#breadcrumb","itemListElement":[{"@type":"ListItem","position":1,"name":"Home","item":"https:\/\/www.miomiorun.com\/es\/"},{"@type":"ListItem","position":2,"name":"Shop","item":"https:\/\/www.miomiorun.com\/shop\/"},{"@type":"ListItem","position":3,"name":"S\/LAB Ultra Glide 1.5"}]},{"@type":"WebSite","@id":"https:\/\/www.miomiorun.com\/es\/#website","url":"https:\/\/www.miomiorun.com\/es\/","name":"MioMioRun","description":"Tienda 100% running y trail","publisher":{"@id":"https:\/\/www.miomiorun.com\/es\/#organization"},"potentialAction":[{"@type":"SearchAction","target":{"@type":"EntryPoint","urlTemplate":"https:\/\/www.miomiorun.com\/es\/?s={search_term_string}"},"query-input":{"@type":"PropertyValueSpecification","valueRequired":true,"valueName":"search_term_string"}}],"inLanguage":"es-ES"},{"@type":"Organization","@id":"https:\/\/www.miomiorun.com\/es\/#organization","name":"MioMio Run","url":"https:\/\/www.miomiorun.com\/es\/","logo":{"@type":"ImageObject","inLanguage":"es-ES","@id":"https:\/\/www.miomiorun.com\/es\/#\/schema\/logo\/image\/","url":"https:\/\/www.miomiorun.com\/app\/uploads\/2019\/12\/logomio.png","contentUrl":"https:\/\/www.miomiorun.com\/app\/uploads\/2019\/12\/logomio.png","width":115,"height":82,"caption":"MioMio Run"},"image":{"@id":"https:\/\/www.miomiorun.com\/es\/#\/schema\/logo\/image\/"},"sameAs":["https:\/\/www.facebook.com\/miomiorun\/","https:\/\/www.instagram.com\/miomiorun\/"]}]}},"_links":{"self":[{"href":"https:\/\/www.miomiorun.com\/es\/wp-json\/wp\/v2\/product\/348405","targetHints":{"allow":["GET"]}}],"collection":[{"href":"https:\/\/www.miomiorun.com\/es\/wp-json\/wp\/v2\/product"}],"about":[{"href":"https:\/\/www.miomiorun.com\/es\/wp-json\/wp\/v2\/types\/product"}],"wp:featuredmedia":[{"embeddable":true,"href":"https:\/\/www.miomiorun.com\/es\/wp-json\/wp\/v2\/media\/362131"}],"wp:attachment":[{"href":"https:\/\/www.miomiorun.com\/es\/wp-json\/wp\/v2\/media?parent=348405"}],"wp:term":[{"taxonomy":"product_brand","embeddable":true,"href":"https:\/\/www.miomiorun.com\/es\/wp-json\/wp\/v2\/product_brand?post=348405"},{"taxonomy":"product_cat","embeddable":true,"href":"https:\/\/www.miomiorun.com\/es\/wp-json\/wp\/v2\/product_cat?post=348405"},{"taxonomy":"product_tag","embeddable":true,"href":"https:\/\/www.miomiorun.com\/es\/wp-json\/wp\/v2\/product_tag?post=348405"}],"curies":[{"name":"wp","href":"https:\/\/api.w.org\/{rel}","templated":true}]}}