{"id":347389,"date":"2025-09-11T10:36:39","date_gmt":"2025-09-11T08:36:39","guid":{"rendered":"https:\/\/www.miomiorun.com\/?post_type=product&#038;p=347389"},"modified":"2026-04-17T10:51:05","modified_gmt":"2026-04-17T08:51:05","slug":"fusion-4-5-hombre","status":"publish","type":"product","link":"https:\/\/www.miomiorun.com\/es\/producto\/fusion-4-5-hombre\/","title":{"rendered":"Fusion 4.5 hombre"},"content":{"rendered":"<table style=\"border-collapse: collapse;width: 100%\">\n<tbody>\n<tr>\n<td style=\"width: 33.3333%;vertical-align: top\">\n<h4>Especificaciones t\u00e9cnicas<\/h4>\n<p>Categor\u00eda: Amortiguaci\u00f3n \u00f3ptima<br \/>\nDiferencial: 6 mm<br \/>\nPeso: 302 g<br \/>\nIdeal para: corredores que buscan unas zapatillas con buena amortiguaci\u00f3n y excelente estabilidad, con una transici\u00f3n fluida, para carreras de media y larga distancia.<br \/>\nPeso del atleta: 75-85 kg<br \/>\nRitmo de carrera: medio (5,00-6,00 min\/km)<br \/>\n<a href=\"https:\/\/miomiorun.com\/guida-alle-specifiche-tecniche\/\">Gu\u00eda de especificaciones t\u00e9cnicas<\/a><\/td>\n<td style=\"width: 66.6666%;vertical-align: top\">La KARHU Fusion 4.5 para hombre es una zapatilla vers\u00e1til dise\u00f1ada para corredores neutros que buscan una combinaci\u00f3n equilibrada de comodidad, reactividad y rendimiento. Gracias a la combinaci\u00f3n de una amortiguaci\u00f3n suave y una respuesta en\u00e9rgica, favorece transiciones fluidas del tal\u00f3n a la puntera, lo que la hace ideal para carreras a ritmo sostenido, entrenamientos diarios y sesiones de ejercicio.<\/p>\n<p>La entresuela AeroFoam con infusi\u00f3n de nitr\u00f3geno ofrece un rebote reactivo y una comodidad superior, mientras que la parte superior de malla IdealKnit mejora la transpirabilidad y el ajuste. La nueva leng\u00fceta redise\u00f1ada garantiza una mayor suavidad y una sensaci\u00f3n de primera calidad en el pie, mientras que los detalles reflectantes aumentan la visibilidad en condiciones de poca luz.<\/p>\n<p><strong>Detalles t\u00e9cnicos:<\/strong><br \/>\n&#8211; Entresuela: AeroFoam con infusi\u00f3n de nitr\u00f3geno para amortiguaci\u00f3n y reactividad<br \/>\n&#8211; Unidad Fulcrum + Propulsion acortada para una zancada eficiente<br \/>\n&#8211; Empeine: malla IdealKnit actualizada, transpirable y c\u00f3moda<br \/>\n&#8211; Sistema de cordones M-Lock para un ajuste seguro en el mediopi\u00e9<br \/>\n&#8211; Leng\u00fceta redise\u00f1ada, m\u00e1s suave y c\u00f3moda<br \/>\n&#8211; Detalles reflectantes para una mayor visibilidad<\/td>\n<\/tr>\n<\/tbody>\n<\/table>\n<p>&nbsp;<\/p>\n","protected":false},"excerpt":{"rendered":"<p>&#8211; Zapatilla vers\u00e1til para corredores neutros<br \/>\n&#8211; Entresuela AeroFoam con infusi\u00f3n de nitr\u00f3geno para mayor comodidad y amortiguaci\u00f3n<br \/>\n&#8211; Malla IdealKnit renovada para una transpirabilidad superior<br \/>\n&#8211; Sistema de cordones M-Lock para un ajuste estable<br \/>\n&#8211; Detalles reflectantes para mayor seguridad en la oscuridad<\/p>\n","protected":false},"featured_media":360611,"template":"","meta":{"_acf_changed":false,"inline_featured_image":false},"product_brand":[],"product_cat":[24454,24453],"product_tag":[23475,23603],"class_list":{"0":"post-347389","1":"product","2":"type-product","3":"status-publish","4":"has-post-thumbnail","6":"product_cat-calzado-para-hombre","7":"product_cat-neutre-es-3","8":"product_tag-karhu-es","9":"product_tag-karhu-hombre","10":"pa_attivita-caminar","11":"pa_attivita-fitness-es","12":"pa_attivita-running-es","13":"pa_colore-fusion-4-5-bit-of-blue-skydiver-es","14":"pa_colore-fusion-4-5-foggy-dew-alloy","15":"pa_colore-fusion-4-5-monument-blue-haze-es","16":"pa_marca-karhu-es","17":"pa_sesso-hombre","18":"pa_size-41-5-es","19":"pa_size-42-es","20":"pa_size-42-5-es","21":"pa_size-43-5-es","22":"pa_size-44-es","23":"pa_size-44-5-es","24":"pa_size-45-es","25":"pa_size-46-es","26":"pa_size-46-5-es","27":"pa_size-47-es","29":"first","30":"instock","31":"sale","32":"taxable","33":"shipping-taxable","34":"purchasable","35":"product-type-variable","36":"wvs-archive-product-wrapper"},"acf":[],"yoast_head":"<!-- This site is optimized with the Yoast SEO plugin v26.8 - https:\/\/yoast.com\/product\/yoast-seo-wordpress\/ -->\n<title>Karhu Fusion 4.5 hombre - zapatillas de running para hombre - MioMioRun<\/title>\n<meta name=\"description\" content=\"KARHU Fusion 4.5: zapatilla de running neutra y vers\u00e1til con entresuela AeroFoam de nitr\u00f3geno, parte superior IdealKnit y unidad Fulcrum para transiciones fluidas y reactivas.\" \/>\n<meta name=\"robots\" content=\"index, follow, max-snippet:-1, max-image-preview:large, max-video-preview:-1\" \/>\n<link rel=\"canonical\" href=\"https:\/\/www.miomiorun.com\/es\/producto\/fusion-4-5-hombre\/\" \/>\n<meta property=\"og:locale\" content=\"es_ES\" \/>\n<meta property=\"og:type\" content=\"article\" \/>\n<meta property=\"og:title\" content=\"Karhu Fusion 4.5 hombre - zapatillas de running para hombre - MioMioRun\" \/>\n<meta property=\"og:description\" content=\"KARHU Fusion 4.5: zapatilla de running neutra y vers\u00e1til con entresuela AeroFoam de nitr\u00f3geno, parte superior IdealKnit y unidad Fulcrum para transiciones fluidas y reactivas.\" \/>\n<meta property=\"og:url\" content=\"https:\/\/www.miomiorun.com\/es\/producto\/fusion-4-5-hombre\/\" \/>\n<meta property=\"og:site_name\" content=\"MioMioRun\" \/>\n<meta property=\"article:publisher\" content=\"https:\/\/www.facebook.com\/miomiorun\/\" \/>\n<meta property=\"article:modified_time\" content=\"2026-04-17T08:51:05+00:00\" \/>\n<meta property=\"og:image\" content=\"https:\/\/www.miomiorun.com\/app\/uploads\/2025\/10\/karhu-Fusion-4.5-monument-blue-haze-F101016.webp\" \/>\n\t<meta property=\"og:image:width\" content=\"720\" \/>\n\t<meta property=\"og:image:height\" content=\"720\" \/>\n\t<meta property=\"og:image:type\" content=\"image\/webp\" \/>\n<meta name=\"twitter:card\" content=\"summary_large_image\" \/>\n<meta name=\"twitter:label1\" content=\"Est. reading time\" \/>\n\t<meta name=\"twitter:data1\" content=\"1 minute\" \/>\n<script type=\"application\/ld+json\" class=\"yoast-schema-graph\">{\"@context\":\"https:\/\/schema.org\",\"@graph\":[{\"@type\":\"WebPage\",\"@id\":\"https:\/\/www.miomiorun.com\/es\/producto\/fusion-4-5-hombre\/\",\"url\":\"https:\/\/www.miomiorun.com\/es\/producto\/fusion-4-5-hombre\/\",\"name\":\"Karhu Fusion 4.5 hombre - zapatillas de running para hombre - MioMioRun\",\"isPartOf\":{\"@id\":\"https:\/\/www.miomiorun.com\/es\/#website\"},\"primaryImageOfPage\":{\"@id\":\"https:\/\/www.miomiorun.com\/es\/producto\/fusion-4-5-hombre\/#primaryimage\"},\"image\":{\"@id\":\"https:\/\/www.miomiorun.com\/es\/producto\/fusion-4-5-hombre\/#primaryimage\"},\"thumbnailUrl\":\"https:\/\/www.miomiorun.com\/app\/uploads\/2025\/10\/karhu-Fusion-4.5-monument-blue-haze-F101016.webp\",\"datePublished\":\"2025-09-11T08:36:39+00:00\",\"dateModified\":\"2026-04-17T08:51:05+00:00\",\"description\":\"KARHU Fusion 4.5: zapatilla de running neutra y vers\u00e1til con entresuela AeroFoam de nitr\u00f3geno, parte superior IdealKnit y unidad Fulcrum para transiciones fluidas y reactivas.\",\"breadcrumb\":{\"@id\":\"https:\/\/www.miomiorun.com\/es\/producto\/fusion-4-5-hombre\/#breadcrumb\"},\"inLanguage\":\"es-ES\",\"potentialAction\":[{\"@type\":\"ReadAction\",\"target\":[\"https:\/\/www.miomiorun.com\/es\/producto\/fusion-4-5-hombre\/\"]}]},{\"@type\":\"ImageObject\",\"inLanguage\":\"es-ES\",\"@id\":\"https:\/\/www.miomiorun.com\/es\/producto\/fusion-4-5-hombre\/#primaryimage\",\"url\":\"https:\/\/www.miomiorun.com\/app\/uploads\/2025\/10\/karhu-Fusion-4.5-monument-blue-haze-F101016.webp\",\"contentUrl\":\"https:\/\/www.miomiorun.com\/app\/uploads\/2025\/10\/karhu-Fusion-4.5-monument-blue-haze-F101016.webp\",\"width\":720,\"height\":720,\"caption\":\"karhu Fusion 4.5 monument blue haze F101016\"},{\"@type\":\"BreadcrumbList\",\"@id\":\"https:\/\/www.miomiorun.com\/es\/producto\/fusion-4-5-hombre\/#breadcrumb\",\"itemListElement\":[{\"@type\":\"ListItem\",\"position\":1,\"name\":\"Home\",\"item\":\"https:\/\/www.miomiorun.com\/es\/\"},{\"@type\":\"ListItem\",\"position\":2,\"name\":\"Shop\",\"item\":\"https:\/\/www.miomiorun.com\/shop\/\"},{\"@type\":\"ListItem\",\"position\":3,\"name\":\"Fusion 4.5 hombre\"}]},{\"@type\":\"WebSite\",\"@id\":\"https:\/\/www.miomiorun.com\/es\/#website\",\"url\":\"https:\/\/www.miomiorun.com\/es\/\",\"name\":\"MioMioRun\",\"description\":\"Tienda 100% running y trail\",\"publisher\":{\"@id\":\"https:\/\/www.miomiorun.com\/es\/#organization\"},\"potentialAction\":[{\"@type\":\"SearchAction\",\"target\":{\"@type\":\"EntryPoint\",\"urlTemplate\":\"https:\/\/www.miomiorun.com\/es\/?s={search_term_string}\"},\"query-input\":{\"@type\":\"PropertyValueSpecification\",\"valueRequired\":true,\"valueName\":\"search_term_string\"}}],\"inLanguage\":\"es-ES\"},{\"@type\":\"Organization\",\"@id\":\"https:\/\/www.miomiorun.com\/es\/#organization\",\"name\":\"MioMio Run\",\"url\":\"https:\/\/www.miomiorun.com\/es\/\",\"logo\":{\"@type\":\"ImageObject\",\"inLanguage\":\"es-ES\",\"@id\":\"https:\/\/www.miomiorun.com\/es\/#\/schema\/logo\/image\/\",\"url\":\"https:\/\/www.miomiorun.com\/app\/uploads\/2019\/12\/logomio.png\",\"contentUrl\":\"https:\/\/www.miomiorun.com\/app\/uploads\/2019\/12\/logomio.png\",\"width\":115,\"height\":82,\"caption\":\"MioMio Run\"},\"image\":{\"@id\":\"https:\/\/www.miomiorun.com\/es\/#\/schema\/logo\/image\/\"},\"sameAs\":[\"https:\/\/www.facebook.com\/miomiorun\/\",\"https:\/\/www.instagram.com\/miomiorun\/\"]}]}<\/script>\n<!-- \/ Yoast SEO plugin. -->","yoast_head_json":{"title":"Karhu Fusion 4.5 hombre - zapatillas de running para hombre - MioMioRun","description":"KARHU Fusion 4.5: zapatilla de running neutra y vers\u00e1til con entresuela AeroFoam de nitr\u00f3geno, parte superior IdealKnit y unidad Fulcrum para transiciones fluidas y reactivas.","robots":{"index":"index","follow":"follow","max-snippet":"max-snippet:-1","max-image-preview":"max-image-preview:large","max-video-preview":"max-video-preview:-1"},"canonical":"https:\/\/www.miomiorun.com\/es\/producto\/fusion-4-5-hombre\/","og_locale":"es_ES","og_type":"article","og_title":"Karhu Fusion 4.5 hombre - zapatillas de running para hombre - MioMioRun","og_description":"KARHU Fusion 4.5: zapatilla de running neutra y vers\u00e1til con entresuela AeroFoam de nitr\u00f3geno, parte superior IdealKnit y unidad Fulcrum para transiciones fluidas y reactivas.","og_url":"https:\/\/www.miomiorun.com\/es\/producto\/fusion-4-5-hombre\/","og_site_name":"MioMioRun","article_publisher":"https:\/\/www.facebook.com\/miomiorun\/","article_modified_time":"2026-04-17T08:51:05+00:00","og_image":[{"width":720,"height":720,"url":"https:\/\/www.miomiorun.com\/app\/uploads\/2025\/10\/karhu-Fusion-4.5-monument-blue-haze-F101016.webp","type":"image\/webp"}],"twitter_card":"summary_large_image","twitter_misc":{"Est. reading time":"1 minute"},"schema":{"@context":"https:\/\/schema.org","@graph":[{"@type":"WebPage","@id":"https:\/\/www.miomiorun.com\/es\/producto\/fusion-4-5-hombre\/","url":"https:\/\/www.miomiorun.com\/es\/producto\/fusion-4-5-hombre\/","name":"Karhu Fusion 4.5 hombre - zapatillas de running para hombre - MioMioRun","isPartOf":{"@id":"https:\/\/www.miomiorun.com\/es\/#website"},"primaryImageOfPage":{"@id":"https:\/\/www.miomiorun.com\/es\/producto\/fusion-4-5-hombre\/#primaryimage"},"image":{"@id":"https:\/\/www.miomiorun.com\/es\/producto\/fusion-4-5-hombre\/#primaryimage"},"thumbnailUrl":"https:\/\/www.miomiorun.com\/app\/uploads\/2025\/10\/karhu-Fusion-4.5-monument-blue-haze-F101016.webp","datePublished":"2025-09-11T08:36:39+00:00","dateModified":"2026-04-17T08:51:05+00:00","description":"KARHU Fusion 4.5: zapatilla de running neutra y vers\u00e1til con entresuela AeroFoam de nitr\u00f3geno, parte superior IdealKnit y unidad Fulcrum para transiciones fluidas y reactivas.","breadcrumb":{"@id":"https:\/\/www.miomiorun.com\/es\/producto\/fusion-4-5-hombre\/#breadcrumb"},"inLanguage":"es-ES","potentialAction":[{"@type":"ReadAction","target":["https:\/\/www.miomiorun.com\/es\/producto\/fusion-4-5-hombre\/"]}]},{"@type":"ImageObject","inLanguage":"es-ES","@id":"https:\/\/www.miomiorun.com\/es\/producto\/fusion-4-5-hombre\/#primaryimage","url":"https:\/\/www.miomiorun.com\/app\/uploads\/2025\/10\/karhu-Fusion-4.5-monument-blue-haze-F101016.webp","contentUrl":"https:\/\/www.miomiorun.com\/app\/uploads\/2025\/10\/karhu-Fusion-4.5-monument-blue-haze-F101016.webp","width":720,"height":720,"caption":"karhu Fusion 4.5 monument blue haze F101016"},{"@type":"BreadcrumbList","@id":"https:\/\/www.miomiorun.com\/es\/producto\/fusion-4-5-hombre\/#breadcrumb","itemListElement":[{"@type":"ListItem","position":1,"name":"Home","item":"https:\/\/www.miomiorun.com\/es\/"},{"@type":"ListItem","position":2,"name":"Shop","item":"https:\/\/www.miomiorun.com\/shop\/"},{"@type":"ListItem","position":3,"name":"Fusion 4.5 hombre"}]},{"@type":"WebSite","@id":"https:\/\/www.miomiorun.com\/es\/#website","url":"https:\/\/www.miomiorun.com\/es\/","name":"MioMioRun","description":"Tienda 100% running y trail","publisher":{"@id":"https:\/\/www.miomiorun.com\/es\/#organization"},"potentialAction":[{"@type":"SearchAction","target":{"@type":"EntryPoint","urlTemplate":"https:\/\/www.miomiorun.com\/es\/?s={search_term_string}"},"query-input":{"@type":"PropertyValueSpecification","valueRequired":true,"valueName":"search_term_string"}}],"inLanguage":"es-ES"},{"@type":"Organization","@id":"https:\/\/www.miomiorun.com\/es\/#organization","name":"MioMio Run","url":"https:\/\/www.miomiorun.com\/es\/","logo":{"@type":"ImageObject","inLanguage":"es-ES","@id":"https:\/\/www.miomiorun.com\/es\/#\/schema\/logo\/image\/","url":"https:\/\/www.miomiorun.com\/app\/uploads\/2019\/12\/logomio.png","contentUrl":"https:\/\/www.miomiorun.com\/app\/uploads\/2019\/12\/logomio.png","width":115,"height":82,"caption":"MioMio Run"},"image":{"@id":"https:\/\/www.miomiorun.com\/es\/#\/schema\/logo\/image\/"},"sameAs":["https:\/\/www.facebook.com\/miomiorun\/","https:\/\/www.instagram.com\/miomiorun\/"]}]}},"_links":{"self":[{"href":"https:\/\/www.miomiorun.com\/es\/wp-json\/wp\/v2\/product\/347389","targetHints":{"allow":["GET"]}}],"collection":[{"href":"https:\/\/www.miomiorun.com\/es\/wp-json\/wp\/v2\/product"}],"about":[{"href":"https:\/\/www.miomiorun.com\/es\/wp-json\/wp\/v2\/types\/product"}],"wp:featuredmedia":[{"embeddable":true,"href":"https:\/\/www.miomiorun.com\/es\/wp-json\/wp\/v2\/media\/360611"}],"wp:attachment":[{"href":"https:\/\/www.miomiorun.com\/es\/wp-json\/wp\/v2\/media?parent=347389"}],"wp:term":[{"taxonomy":"product_brand","embeddable":true,"href":"https:\/\/www.miomiorun.com\/es\/wp-json\/wp\/v2\/product_brand?post=347389"},{"taxonomy":"product_cat","embeddable":true,"href":"https:\/\/www.miomiorun.com\/es\/wp-json\/wp\/v2\/product_cat?post=347389"},{"taxonomy":"product_tag","embeddable":true,"href":"https:\/\/www.miomiorun.com\/es\/wp-json\/wp\/v2\/product_tag?post=347389"}],"curies":[{"name":"wp","href":"https:\/\/api.w.org\/{rel}","templated":true}]}}