{"id":346983,"date":"2025-09-10T18:17:03","date_gmt":"2025-09-10T16:17:03","guid":{"rendered":"https:\/\/www.miomiorun.com\/?post_type=product&#038;p=346983"},"modified":"2026-05-09T10:06:41","modified_gmt":"2026-05-09T08:06:41","slug":"clifton-10-little-kids","status":"publish","type":"product","link":"https:\/\/www.miomiorun.com\/es\/producto\/clifton-10-little-kids\/","title":{"rendered":"Clifton 10 little kids"},"content":{"rendered":"<div class=\"vc-row container\"><div class=\"vc-column\"><div class=\"vc-column-text\"><\/p>\n<h4>Especificaciones t\u00e9cnicas<\/h4>\n<p>Categor\u00eda: Amortiguaci\u00f3n equilibrada<br \/>\nDesnivel: 4 mm<\/p>\n<p>Ideal para: ni\u00f1os que necesitan una zapatilla con buena amortiguaci\u00f3n y una estructura s\u00f3lida. Ideal para los primeros pasos en la pr\u00e1ctica deportiva.<br \/>\n<a href=\"https:\/\/miomiorun.com\/guida-alle-specifiche-tecniche\/\">Gu\u00eda de especificaciones t\u00e9cnicas<\/a><\/p>\n<p><\/div><\/div><div class=\"vc-column\"><div class=\"vc-column-text\"><\/p>\n<div class=\"description-techspecs__items\">\n<p>Las HOKA Clifton 10 Little Kids son las zapatillas ideales para acompa\u00f1ar a los m\u00e1s peque\u00f1os en sus aventuras diarias. Inspiradas en el famoso modelo para adultos, ofrecen la misma suavidad y comodidad, as\u00ed como un rendimiento excelente, adaptadas a las necesidades de los corredores del ma\u00f1ana. La malla de alto rendimiento envuelve el pie con transpirabilidad y comodidad, mientras que la correa en el tobillo con cierre de velcro permite pon\u00e9rselas y quit\u00e1rselas f\u00e1cilmente.<\/p>\n<p>La entresuela amortiguada, la suela de goma resistente y el refuerzo en la puntera garantizan resistencia y sujeci\u00f3n incluso durante los juegos m\u00e1s din\u00e1micos. Los detalles reflectantes de 360\u00b0 aumentan la visibilidad, mientras que los materiales sostenibles y aptos para veganos hacen de esta zapatilla una mejor opci\u00f3n tambi\u00e9n para el medio ambiente.<\/p>\n<p><strong>Detalles t\u00e9cnicos:<\/strong><br \/>\n&#8211; Adecuada para: calle<br \/>\n&#8211; Empeine: tejido jacquard transpirable con rPET (57 %)<br \/>\n&#8211; Cierre: cord\u00f3n el\u00e1stico con velcro superior<br \/>\n&#8211; Refuerzo: puntera y tal\u00f3n de TPU para mayor resistencia<br \/>\n&#8211; Forro: rPET (95 %)<br \/>\n&#8211; Detalles reflectantes de 360\u00b0<br \/>\n&#8211; Modelo vegano<br \/>\n&#8211; Entresuela: EVA de ca\u00f1a de az\u00facar (30 %), MetaRocker\u2122 fluido, Active Foot Frame\u2122 en el tal\u00f3n<br \/>\n&#8211; Plantilla moldeada extra\u00edble<br \/>\n&#8211; Suela: goma antideslizante Durabrasion<br \/>\n&#8211; Amortiguaci\u00f3n: protectora y reactiva<\/p>\n<\/div>\n<p><\/div><\/div><\/div>\n","protected":false},"excerpt":{"rendered":"<p>&#8211; Ligera y con amortiguaci\u00f3n, ideal para jugar a diario<br \/>\n&#8211; Cierre con cord\u00f3n el\u00e1stico y velcro para pon\u00e9rselas f\u00e1cilmente<br \/>\n&#8211; Refuerzos de TPU en la puntera y el tal\u00f3n para una mayor resistencia<br \/>\n&#8211; Detalles reflectantes de 360\u00b0 para mayor seguridad y visibilidad<br \/>\n&#8211; Fabricadas con materiales sostenibles y aptos para veganos<\/p>\n","protected":false},"featured_media":351595,"template":"","meta":{"_acf_changed":false,"inline_featured_image":false},"product_brand":[],"product_cat":[24405,24406,24407],"product_tag":[23479,24200,24199],"class_list":{"0":"post-346983","1":"product","2":"type-product","3":"status-publish","4":"has-post-thumbnail","6":"product_cat-zapatos-chica","7":"product_cat-zapatos-chico","8":"product_cat-chico","9":"product_tag-hoka-one-one-es","10":"product_tag-hoka-chica","11":"product_tag-hoka-chico","12":"pa_attivita-caminar","13":"pa_attivita-fitness-es","14":"pa_attivita-lifestyle-es","15":"pa_attivita-running-es","16":"pa_colore-clifton-10-little-kids-alpine-blue-foggy-es","17":"pa_colore-clifton-10-little-kids-rose-cream-dried-es","18":"pa_marca-hoka-es","19":"pa_sesso-hombre","20":"pa_sesso-mujer","21":"pa_size-32-es","23":"pa_size-33-es","24":"pa_size-34-es","26":"pa_size-35-es","28":"first","29":"instock","30":"sale","31":"taxable","32":"shipping-taxable","33":"purchasable","34":"product-type-variable","35":"wvs-archive-product-wrapper"},"acf":[],"yoast_head":"<!-- This site is optimized with the Yoast SEO plugin v26.8 - https:\/\/yoast.com\/product\/yoast-seo-wordpress\/ -->\n<title>HokaClifton 10 little kids - zapatillas de running para ni\u00f1os - MioMioRun.com<\/title>\n<meta name=\"description\" content=\"HOKA Clifton 10 Little Kids: zapatillas de carretera ligeras y con buena amortiguaci\u00f3n para ni\u00f1os, con cierre de velcro, detalles reflectantes y materiales sostenibles.\" \/>\n<meta name=\"robots\" content=\"index, follow, max-snippet:-1, max-image-preview:large, max-video-preview:-1\" \/>\n<link rel=\"canonical\" href=\"https:\/\/www.miomiorun.com\/es\/producto\/clifton-10-little-kids\/\" \/>\n<meta property=\"og:locale\" content=\"es_ES\" \/>\n<meta property=\"og:type\" content=\"article\" \/>\n<meta property=\"og:title\" content=\"HokaClifton 10 little kids - zapatillas de running para ni\u00f1os - MioMioRun.com\" \/>\n<meta property=\"og:description\" content=\"HOKA Clifton 10 Little Kids: zapatillas de carretera ligeras y con buena amortiguaci\u00f3n para ni\u00f1os, con cierre de velcro, detalles reflectantes y materiales sostenibles.\" \/>\n<meta property=\"og:url\" content=\"https:\/\/www.miomiorun.com\/es\/producto\/clifton-10-little-kids\/\" \/>\n<meta property=\"og:site_name\" content=\"MioMioRun\" \/>\n<meta property=\"article:publisher\" content=\"https:\/\/www.facebook.com\/miomiorun\/\" \/>\n<meta property=\"article:modified_time\" content=\"2026-05-09T08:06:41+00:00\" \/>\n<meta property=\"og:image\" content=\"https:\/\/www.miomiorun.com\/app\/uploads\/2025\/09\/hoka-Clifton-10-little-kids-alpine-blue-foggy-1168873-ALF.webp\" \/>\n\t<meta property=\"og:image:width\" content=\"720\" \/>\n\t<meta property=\"og:image:height\" content=\"720\" \/>\n\t<meta property=\"og:image:type\" content=\"image\/webp\" \/>\n<meta name=\"twitter:card\" content=\"summary_large_image\" \/>\n<meta name=\"twitter:label1\" content=\"Est. reading time\" \/>\n\t<meta name=\"twitter:data1\" content=\"2 minutes\" \/>\n<script type=\"application\/ld+json\" class=\"yoast-schema-graph\">{\"@context\":\"https:\/\/schema.org\",\"@graph\":[{\"@type\":\"WebPage\",\"@id\":\"https:\/\/www.miomiorun.com\/es\/producto\/clifton-10-little-kids\/\",\"url\":\"https:\/\/www.miomiorun.com\/es\/producto\/clifton-10-little-kids\/\",\"name\":\"HokaClifton 10 little kids - zapatillas de running para ni\u00f1os - MioMioRun.com\",\"isPartOf\":{\"@id\":\"https:\/\/www.miomiorun.com\/es\/#website\"},\"primaryImageOfPage\":{\"@id\":\"https:\/\/www.miomiorun.com\/es\/producto\/clifton-10-little-kids\/#primaryimage\"},\"image\":{\"@id\":\"https:\/\/www.miomiorun.com\/es\/producto\/clifton-10-little-kids\/#primaryimage\"},\"thumbnailUrl\":\"https:\/\/www.miomiorun.com\/app\/uploads\/2025\/09\/hoka-Clifton-10-little-kids-alpine-blue-foggy-1168873-ALF.webp\",\"datePublished\":\"2025-09-10T16:17:03+00:00\",\"dateModified\":\"2026-05-09T08:06:41+00:00\",\"description\":\"HOKA Clifton 10 Little Kids: zapatillas de carretera ligeras y con buena amortiguaci\u00f3n para ni\u00f1os, con cierre de velcro, detalles reflectantes y materiales sostenibles.\",\"breadcrumb\":{\"@id\":\"https:\/\/www.miomiorun.com\/es\/producto\/clifton-10-little-kids\/#breadcrumb\"},\"inLanguage\":\"es-ES\",\"potentialAction\":[{\"@type\":\"ReadAction\",\"target\":[\"https:\/\/www.miomiorun.com\/es\/producto\/clifton-10-little-kids\/\"]}]},{\"@type\":\"ImageObject\",\"inLanguage\":\"es-ES\",\"@id\":\"https:\/\/www.miomiorun.com\/es\/producto\/clifton-10-little-kids\/#primaryimage\",\"url\":\"https:\/\/www.miomiorun.com\/app\/uploads\/2025\/09\/hoka-Clifton-10-little-kids-alpine-blue-foggy-1168873-ALF.webp\",\"contentUrl\":\"https:\/\/www.miomiorun.com\/app\/uploads\/2025\/09\/hoka-Clifton-10-little-kids-alpine-blue-foggy-1168873-ALF.webp\",\"width\":720,\"height\":720,\"caption\":\"hoka Clifton 10 little kids alpine blue foggy 1168873 ALF\"},{\"@type\":\"BreadcrumbList\",\"@id\":\"https:\/\/www.miomiorun.com\/es\/producto\/clifton-10-little-kids\/#breadcrumb\",\"itemListElement\":[{\"@type\":\"ListItem\",\"position\":1,\"name\":\"Home\",\"item\":\"https:\/\/www.miomiorun.com\/es\/\"},{\"@type\":\"ListItem\",\"position\":2,\"name\":\"Shop\",\"item\":\"https:\/\/www.miomiorun.com\/shop\/\"},{\"@type\":\"ListItem\",\"position\":3,\"name\":\"Clifton 10 little kids\"}]},{\"@type\":\"WebSite\",\"@id\":\"https:\/\/www.miomiorun.com\/es\/#website\",\"url\":\"https:\/\/www.miomiorun.com\/es\/\",\"name\":\"MioMioRun\",\"description\":\"Tienda 100% running y trail\",\"publisher\":{\"@id\":\"https:\/\/www.miomiorun.com\/es\/#organization\"},\"potentialAction\":[{\"@type\":\"SearchAction\",\"target\":{\"@type\":\"EntryPoint\",\"urlTemplate\":\"https:\/\/www.miomiorun.com\/es\/?s={search_term_string}\"},\"query-input\":{\"@type\":\"PropertyValueSpecification\",\"valueRequired\":true,\"valueName\":\"search_term_string\"}}],\"inLanguage\":\"es-ES\"},{\"@type\":\"Organization\",\"@id\":\"https:\/\/www.miomiorun.com\/es\/#organization\",\"name\":\"MioMio Run\",\"url\":\"https:\/\/www.miomiorun.com\/es\/\",\"logo\":{\"@type\":\"ImageObject\",\"inLanguage\":\"es-ES\",\"@id\":\"https:\/\/www.miomiorun.com\/es\/#\/schema\/logo\/image\/\",\"url\":\"https:\/\/www.miomiorun.com\/app\/uploads\/2019\/12\/logomio.png\",\"contentUrl\":\"https:\/\/www.miomiorun.com\/app\/uploads\/2019\/12\/logomio.png\",\"width\":115,\"height\":82,\"caption\":\"MioMio Run\"},\"image\":{\"@id\":\"https:\/\/www.miomiorun.com\/es\/#\/schema\/logo\/image\/\"},\"sameAs\":[\"https:\/\/www.facebook.com\/miomiorun\/\",\"https:\/\/www.instagram.com\/miomiorun\/\"]}]}<\/script>\n<!-- \/ Yoast SEO plugin. -->","yoast_head_json":{"title":"HokaClifton 10 little kids - zapatillas de running para ni\u00f1os - MioMioRun.com","description":"HOKA Clifton 10 Little Kids: zapatillas de carretera ligeras y con buena amortiguaci\u00f3n para ni\u00f1os, con cierre de velcro, detalles reflectantes y materiales sostenibles.","robots":{"index":"index","follow":"follow","max-snippet":"max-snippet:-1","max-image-preview":"max-image-preview:large","max-video-preview":"max-video-preview:-1"},"canonical":"https:\/\/www.miomiorun.com\/es\/producto\/clifton-10-little-kids\/","og_locale":"es_ES","og_type":"article","og_title":"HokaClifton 10 little kids - zapatillas de running para ni\u00f1os - MioMioRun.com","og_description":"HOKA Clifton 10 Little Kids: zapatillas de carretera ligeras y con buena amortiguaci\u00f3n para ni\u00f1os, con cierre de velcro, detalles reflectantes y materiales sostenibles.","og_url":"https:\/\/www.miomiorun.com\/es\/producto\/clifton-10-little-kids\/","og_site_name":"MioMioRun","article_publisher":"https:\/\/www.facebook.com\/miomiorun\/","article_modified_time":"2026-05-09T08:06:41+00:00","og_image":[{"width":720,"height":720,"url":"https:\/\/www.miomiorun.com\/app\/uploads\/2025\/09\/hoka-Clifton-10-little-kids-alpine-blue-foggy-1168873-ALF.webp","type":"image\/webp"}],"twitter_card":"summary_large_image","twitter_misc":{"Est. reading time":"2 minutes"},"schema":{"@context":"https:\/\/schema.org","@graph":[{"@type":"WebPage","@id":"https:\/\/www.miomiorun.com\/es\/producto\/clifton-10-little-kids\/","url":"https:\/\/www.miomiorun.com\/es\/producto\/clifton-10-little-kids\/","name":"HokaClifton 10 little kids - zapatillas de running para ni\u00f1os - MioMioRun.com","isPartOf":{"@id":"https:\/\/www.miomiorun.com\/es\/#website"},"primaryImageOfPage":{"@id":"https:\/\/www.miomiorun.com\/es\/producto\/clifton-10-little-kids\/#primaryimage"},"image":{"@id":"https:\/\/www.miomiorun.com\/es\/producto\/clifton-10-little-kids\/#primaryimage"},"thumbnailUrl":"https:\/\/www.miomiorun.com\/app\/uploads\/2025\/09\/hoka-Clifton-10-little-kids-alpine-blue-foggy-1168873-ALF.webp","datePublished":"2025-09-10T16:17:03+00:00","dateModified":"2026-05-09T08:06:41+00:00","description":"HOKA Clifton 10 Little Kids: zapatillas de carretera ligeras y con buena amortiguaci\u00f3n para ni\u00f1os, con cierre de velcro, detalles reflectantes y materiales sostenibles.","breadcrumb":{"@id":"https:\/\/www.miomiorun.com\/es\/producto\/clifton-10-little-kids\/#breadcrumb"},"inLanguage":"es-ES","potentialAction":[{"@type":"ReadAction","target":["https:\/\/www.miomiorun.com\/es\/producto\/clifton-10-little-kids\/"]}]},{"@type":"ImageObject","inLanguage":"es-ES","@id":"https:\/\/www.miomiorun.com\/es\/producto\/clifton-10-little-kids\/#primaryimage","url":"https:\/\/www.miomiorun.com\/app\/uploads\/2025\/09\/hoka-Clifton-10-little-kids-alpine-blue-foggy-1168873-ALF.webp","contentUrl":"https:\/\/www.miomiorun.com\/app\/uploads\/2025\/09\/hoka-Clifton-10-little-kids-alpine-blue-foggy-1168873-ALF.webp","width":720,"height":720,"caption":"hoka Clifton 10 little kids alpine blue foggy 1168873 ALF"},{"@type":"BreadcrumbList","@id":"https:\/\/www.miomiorun.com\/es\/producto\/clifton-10-little-kids\/#breadcrumb","itemListElement":[{"@type":"ListItem","position":1,"name":"Home","item":"https:\/\/www.miomiorun.com\/es\/"},{"@type":"ListItem","position":2,"name":"Shop","item":"https:\/\/www.miomiorun.com\/shop\/"},{"@type":"ListItem","position":3,"name":"Clifton 10 little kids"}]},{"@type":"WebSite","@id":"https:\/\/www.miomiorun.com\/es\/#website","url":"https:\/\/www.miomiorun.com\/es\/","name":"MioMioRun","description":"Tienda 100% running y trail","publisher":{"@id":"https:\/\/www.miomiorun.com\/es\/#organization"},"potentialAction":[{"@type":"SearchAction","target":{"@type":"EntryPoint","urlTemplate":"https:\/\/www.miomiorun.com\/es\/?s={search_term_string}"},"query-input":{"@type":"PropertyValueSpecification","valueRequired":true,"valueName":"search_term_string"}}],"inLanguage":"es-ES"},{"@type":"Organization","@id":"https:\/\/www.miomiorun.com\/es\/#organization","name":"MioMio Run","url":"https:\/\/www.miomiorun.com\/es\/","logo":{"@type":"ImageObject","inLanguage":"es-ES","@id":"https:\/\/www.miomiorun.com\/es\/#\/schema\/logo\/image\/","url":"https:\/\/www.miomiorun.com\/app\/uploads\/2019\/12\/logomio.png","contentUrl":"https:\/\/www.miomiorun.com\/app\/uploads\/2019\/12\/logomio.png","width":115,"height":82,"caption":"MioMio Run"},"image":{"@id":"https:\/\/www.miomiorun.com\/es\/#\/schema\/logo\/image\/"},"sameAs":["https:\/\/www.facebook.com\/miomiorun\/","https:\/\/www.instagram.com\/miomiorun\/"]}]}},"_links":{"self":[{"href":"https:\/\/www.miomiorun.com\/es\/wp-json\/wp\/v2\/product\/346983","targetHints":{"allow":["GET"]}}],"collection":[{"href":"https:\/\/www.miomiorun.com\/es\/wp-json\/wp\/v2\/product"}],"about":[{"href":"https:\/\/www.miomiorun.com\/es\/wp-json\/wp\/v2\/types\/product"}],"wp:featuredmedia":[{"embeddable":true,"href":"https:\/\/www.miomiorun.com\/es\/wp-json\/wp\/v2\/media\/351595"}],"wp:attachment":[{"href":"https:\/\/www.miomiorun.com\/es\/wp-json\/wp\/v2\/media?parent=346983"}],"wp:term":[{"taxonomy":"product_brand","embeddable":true,"href":"https:\/\/www.miomiorun.com\/es\/wp-json\/wp\/v2\/product_brand?post=346983"},{"taxonomy":"product_cat","embeddable":true,"href":"https:\/\/www.miomiorun.com\/es\/wp-json\/wp\/v2\/product_cat?post=346983"},{"taxonomy":"product_tag","embeddable":true,"href":"https:\/\/www.miomiorun.com\/es\/wp-json\/wp\/v2\/product_tag?post=346983"}],"curies":[{"name":"wp","href":"https:\/\/api.w.org\/{rel}","templated":true}]}}