{"id":346660,"date":"2025-09-10T17:31:19","date_gmt":"2025-09-10T15:31:19","guid":{"rendered":"https:\/\/www.miomiorun.com\/?post_type=product&#038;p=346660"},"modified":"2026-04-17T11:02:33","modified_gmt":"2026-04-17T09:02:33","slug":"notch-thermal-hoodie-3-0-mujer","status":"publish","type":"product","link":"https:\/\/www.miomiorun.com\/es\/producto\/notch-thermal-hoodie-3-0-mujer\/","title":{"rendered":"Notch Thermal Hoodie 3.0 mujer"},"content":{"rendered":"<p>Mant\u00e9n el calor incluso en los d\u00edas fr\u00edos y oscuros con la sudadera con capucha Brooks Notch Thermal Hoodie 3.0 para mujer. Esta capa intermedia suave y t\u00e9rmica est\u00e1 dise\u00f1ada para ofrecer comodidad, calor y resistencia a los olores, para que puedas mantenerte fresca y concentrada durante tus carreras invernales. El ajuste semiajustado se adapta a la forma del cuerpo sin limitar los movimientos, lo que garantiza la practicidad y la libertad.<\/p>\n<p>El dise\u00f1o incluye detalles reflectantes en la parte trasera para una mayor visibilidad y guantes integrados para un nivel adicional de protecci\u00f3n contra el fr\u00edo. Una sudadera t\u00e9cnica vers\u00e1til, perfecta para afrontar la temporada de fr\u00edo.<\/p>\n<p>Detalles t\u00e9cnicos:<br \/>\n&#8211; Ajuste: semiajustado<br \/>\n&#8211; Ideal para: correr en climas fr\u00edos<br \/>\n&#8211; Tejido t\u00e9rmico suave y ligero<br \/>\n&#8211; Resistente a los olores<br \/>\n&#8211; Acabado reflectante en la parte trasera para una mayor visibilidad<br \/>\n&#8211; Guantes tipo manopla integrados<\/p>\n<p>Cuidados: lavar a m\u00e1quina por separado, sin suavizante; secar a baja temperatura.<\/p>\n<p>&nbsp;<\/p>\n","protected":false},"excerpt":{"rendered":"<p>&#8211; Calidez y ligereza \u00f3ptimas para los d\u00edas fr\u00edos<br \/>\n&#8211; Ajuste semiajustado que se adapta a los movimientos<br \/>\n&#8211; Tejido resistente a los olores para una comodidad prolongada<br \/>\n&#8211; Detalles reflectantes para una mayor visibilidad<br \/>\n&#8211; Guantes integrados para una mayor protecci\u00f3n<\/p>\n","protected":false},"featured_media":358401,"template":"","meta":{"_acf_changed":false,"inline_featured_image":false},"product_brand":[],"product_cat":[24396,24401],"product_tag":[23463,23664],"class_list":{"0":"post-346660","1":"product","2":"type-product","3":"status-publish","4":"has-post-thumbnail","6":"product_cat-camisetas","7":"product_cat-ropa-de-mujer","8":"product_tag-brooks-es","9":"product_tag-brooks-mujer","10":"pa_attivita-caminar","11":"pa_attivita-running-es","12":"pa_colore-notch-thermal-hoodie-3-0-w-magenta-es","13":"pa_marca-brooks-es","14":"pa_sesso-mujer","15":"pa_size-extra-small-es","16":"pa_size-small-es","17":"pa_size-medium-es","19":"first","20":"instock","21":"sale","22":"taxable","23":"shipping-taxable","24":"purchasable","25":"product-type-variable","26":"wvs-archive-product-wrapper"},"acf":[],"yoast_head":"<!-- This site is optimized with the Yoast SEO plugin v26.8 - https:\/\/yoast.com\/product\/yoast-seo-wordpress\/ -->\n<title>Notch Thermal Hoodie 3.0 mujer - Camiseta para correr - MioMioRun<\/title>\n<meta name=\"description\" content=\"Notch Thermal Hoodie 3.0: sudadera t\u00e9rmica con capucha, reflectante, resistente a los olores y con guantes integrados. Comodidad y calidez para correr en invierno.\" \/>\n<meta name=\"robots\" content=\"index, follow, max-snippet:-1, max-image-preview:large, max-video-preview:-1\" \/>\n<link rel=\"canonical\" href=\"https:\/\/www.miomiorun.com\/es\/producto\/notch-thermal-hoodie-3-0-mujer\/\" \/>\n<meta property=\"og:locale\" content=\"es_ES\" \/>\n<meta property=\"og:type\" content=\"article\" \/>\n<meta property=\"og:title\" content=\"Notch Thermal Hoodie 3.0 mujer - Camiseta para correr - MioMioRun\" \/>\n<meta property=\"og:description\" content=\"Notch Thermal Hoodie 3.0: sudadera t\u00e9rmica con capucha, reflectante, resistente a los olores y con guantes integrados. Comodidad y calidez para correr en invierno.\" \/>\n<meta property=\"og:url\" content=\"https:\/\/www.miomiorun.com\/es\/producto\/notch-thermal-hoodie-3-0-mujer\/\" \/>\n<meta property=\"og:site_name\" content=\"MioMioRun\" \/>\n<meta property=\"article:publisher\" content=\"https:\/\/www.facebook.com\/miomiorun\/\" \/>\n<meta property=\"article:modified_time\" content=\"2026-04-17T09:02:33+00:00\" \/>\n<meta property=\"og:image\" content=\"https:\/\/www.miomiorun.com\/app\/uploads\/2025\/10\/brooks-Notch-thermal-hoodie-3.0-W-magenta-221738588.webp\" \/>\n\t<meta property=\"og:image:width\" content=\"720\" \/>\n\t<meta property=\"og:image:height\" content=\"720\" \/>\n\t<meta property=\"og:image:type\" content=\"image\/webp\" \/>\n<meta name=\"twitter:card\" content=\"summary_large_image\" \/>\n<meta name=\"twitter:label1\" content=\"Est. reading time\" \/>\n\t<meta name=\"twitter:data1\" content=\"1 minute\" \/>\n<script type=\"application\/ld+json\" class=\"yoast-schema-graph\">{\"@context\":\"https:\/\/schema.org\",\"@graph\":[{\"@type\":\"WebPage\",\"@id\":\"https:\/\/www.miomiorun.com\/es\/producto\/notch-thermal-hoodie-3-0-mujer\/\",\"url\":\"https:\/\/www.miomiorun.com\/es\/producto\/notch-thermal-hoodie-3-0-mujer\/\",\"name\":\"Notch Thermal Hoodie 3.0 mujer - Camiseta para correr - MioMioRun\",\"isPartOf\":{\"@id\":\"https:\/\/www.miomiorun.com\/es\/#website\"},\"primaryImageOfPage\":{\"@id\":\"https:\/\/www.miomiorun.com\/es\/producto\/notch-thermal-hoodie-3-0-mujer\/#primaryimage\"},\"image\":{\"@id\":\"https:\/\/www.miomiorun.com\/es\/producto\/notch-thermal-hoodie-3-0-mujer\/#primaryimage\"},\"thumbnailUrl\":\"https:\/\/www.miomiorun.com\/app\/uploads\/2025\/10\/brooks-Notch-thermal-hoodie-3.0-W-magenta-221738588.webp\",\"datePublished\":\"2025-09-10T15:31:19+00:00\",\"dateModified\":\"2026-04-17T09:02:33+00:00\",\"description\":\"Notch Thermal Hoodie 3.0: sudadera t\u00e9rmica con capucha, reflectante, resistente a los olores y con guantes integrados. Comodidad y calidez para correr en invierno.\",\"breadcrumb\":{\"@id\":\"https:\/\/www.miomiorun.com\/es\/producto\/notch-thermal-hoodie-3-0-mujer\/#breadcrumb\"},\"inLanguage\":\"es-ES\",\"potentialAction\":[{\"@type\":\"ReadAction\",\"target\":[\"https:\/\/www.miomiorun.com\/es\/producto\/notch-thermal-hoodie-3-0-mujer\/\"]}]},{\"@type\":\"ImageObject\",\"inLanguage\":\"es-ES\",\"@id\":\"https:\/\/www.miomiorun.com\/es\/producto\/notch-thermal-hoodie-3-0-mujer\/#primaryimage\",\"url\":\"https:\/\/www.miomiorun.com\/app\/uploads\/2025\/10\/brooks-Notch-thermal-hoodie-3.0-W-magenta-221738588.webp\",\"contentUrl\":\"https:\/\/www.miomiorun.com\/app\/uploads\/2025\/10\/brooks-Notch-thermal-hoodie-3.0-W-magenta-221738588.webp\",\"width\":720,\"height\":720,\"caption\":\"brooks Notch thermal hoodie 3.0 W magenta 221738588\"},{\"@type\":\"BreadcrumbList\",\"@id\":\"https:\/\/www.miomiorun.com\/es\/producto\/notch-thermal-hoodie-3-0-mujer\/#breadcrumb\",\"itemListElement\":[{\"@type\":\"ListItem\",\"position\":1,\"name\":\"Home\",\"item\":\"https:\/\/www.miomiorun.com\/es\/\"},{\"@type\":\"ListItem\",\"position\":2,\"name\":\"Shop\",\"item\":\"https:\/\/www.miomiorun.com\/shop\/\"},{\"@type\":\"ListItem\",\"position\":3,\"name\":\"Notch Thermal Hoodie 3.0 mujer\"}]},{\"@type\":\"WebSite\",\"@id\":\"https:\/\/www.miomiorun.com\/es\/#website\",\"url\":\"https:\/\/www.miomiorun.com\/es\/\",\"name\":\"MioMioRun\",\"description\":\"Tienda 100% running y trail\",\"publisher\":{\"@id\":\"https:\/\/www.miomiorun.com\/es\/#organization\"},\"potentialAction\":[{\"@type\":\"SearchAction\",\"target\":{\"@type\":\"EntryPoint\",\"urlTemplate\":\"https:\/\/www.miomiorun.com\/es\/?s={search_term_string}\"},\"query-input\":{\"@type\":\"PropertyValueSpecification\",\"valueRequired\":true,\"valueName\":\"search_term_string\"}}],\"inLanguage\":\"es-ES\"},{\"@type\":\"Organization\",\"@id\":\"https:\/\/www.miomiorun.com\/es\/#organization\",\"name\":\"MioMio Run\",\"url\":\"https:\/\/www.miomiorun.com\/es\/\",\"logo\":{\"@type\":\"ImageObject\",\"inLanguage\":\"es-ES\",\"@id\":\"https:\/\/www.miomiorun.com\/es\/#\/schema\/logo\/image\/\",\"url\":\"https:\/\/www.miomiorun.com\/app\/uploads\/2019\/12\/logomio.png\",\"contentUrl\":\"https:\/\/www.miomiorun.com\/app\/uploads\/2019\/12\/logomio.png\",\"width\":115,\"height\":82,\"caption\":\"MioMio Run\"},\"image\":{\"@id\":\"https:\/\/www.miomiorun.com\/es\/#\/schema\/logo\/image\/\"},\"sameAs\":[\"https:\/\/www.facebook.com\/miomiorun\/\",\"https:\/\/www.instagram.com\/miomiorun\/\"]}]}<\/script>\n<!-- \/ Yoast SEO plugin. -->","yoast_head_json":{"title":"Notch Thermal Hoodie 3.0 mujer - Camiseta para correr - MioMioRun","description":"Notch Thermal Hoodie 3.0: sudadera t\u00e9rmica con capucha, reflectante, resistente a los olores y con guantes integrados. Comodidad y calidez para correr en invierno.","robots":{"index":"index","follow":"follow","max-snippet":"max-snippet:-1","max-image-preview":"max-image-preview:large","max-video-preview":"max-video-preview:-1"},"canonical":"https:\/\/www.miomiorun.com\/es\/producto\/notch-thermal-hoodie-3-0-mujer\/","og_locale":"es_ES","og_type":"article","og_title":"Notch Thermal Hoodie 3.0 mujer - Camiseta para correr - MioMioRun","og_description":"Notch Thermal Hoodie 3.0: sudadera t\u00e9rmica con capucha, reflectante, resistente a los olores y con guantes integrados. Comodidad y calidez para correr en invierno.","og_url":"https:\/\/www.miomiorun.com\/es\/producto\/notch-thermal-hoodie-3-0-mujer\/","og_site_name":"MioMioRun","article_publisher":"https:\/\/www.facebook.com\/miomiorun\/","article_modified_time":"2026-04-17T09:02:33+00:00","og_image":[{"width":720,"height":720,"url":"https:\/\/www.miomiorun.com\/app\/uploads\/2025\/10\/brooks-Notch-thermal-hoodie-3.0-W-magenta-221738588.webp","type":"image\/webp"}],"twitter_card":"summary_large_image","twitter_misc":{"Est. reading time":"1 minute"},"schema":{"@context":"https:\/\/schema.org","@graph":[{"@type":"WebPage","@id":"https:\/\/www.miomiorun.com\/es\/producto\/notch-thermal-hoodie-3-0-mujer\/","url":"https:\/\/www.miomiorun.com\/es\/producto\/notch-thermal-hoodie-3-0-mujer\/","name":"Notch Thermal Hoodie 3.0 mujer - Camiseta para correr - MioMioRun","isPartOf":{"@id":"https:\/\/www.miomiorun.com\/es\/#website"},"primaryImageOfPage":{"@id":"https:\/\/www.miomiorun.com\/es\/producto\/notch-thermal-hoodie-3-0-mujer\/#primaryimage"},"image":{"@id":"https:\/\/www.miomiorun.com\/es\/producto\/notch-thermal-hoodie-3-0-mujer\/#primaryimage"},"thumbnailUrl":"https:\/\/www.miomiorun.com\/app\/uploads\/2025\/10\/brooks-Notch-thermal-hoodie-3.0-W-magenta-221738588.webp","datePublished":"2025-09-10T15:31:19+00:00","dateModified":"2026-04-17T09:02:33+00:00","description":"Notch Thermal Hoodie 3.0: sudadera t\u00e9rmica con capucha, reflectante, resistente a los olores y con guantes integrados. Comodidad y calidez para correr en invierno.","breadcrumb":{"@id":"https:\/\/www.miomiorun.com\/es\/producto\/notch-thermal-hoodie-3-0-mujer\/#breadcrumb"},"inLanguage":"es-ES","potentialAction":[{"@type":"ReadAction","target":["https:\/\/www.miomiorun.com\/es\/producto\/notch-thermal-hoodie-3-0-mujer\/"]}]},{"@type":"ImageObject","inLanguage":"es-ES","@id":"https:\/\/www.miomiorun.com\/es\/producto\/notch-thermal-hoodie-3-0-mujer\/#primaryimage","url":"https:\/\/www.miomiorun.com\/app\/uploads\/2025\/10\/brooks-Notch-thermal-hoodie-3.0-W-magenta-221738588.webp","contentUrl":"https:\/\/www.miomiorun.com\/app\/uploads\/2025\/10\/brooks-Notch-thermal-hoodie-3.0-W-magenta-221738588.webp","width":720,"height":720,"caption":"brooks Notch thermal hoodie 3.0 W magenta 221738588"},{"@type":"BreadcrumbList","@id":"https:\/\/www.miomiorun.com\/es\/producto\/notch-thermal-hoodie-3-0-mujer\/#breadcrumb","itemListElement":[{"@type":"ListItem","position":1,"name":"Home","item":"https:\/\/www.miomiorun.com\/es\/"},{"@type":"ListItem","position":2,"name":"Shop","item":"https:\/\/www.miomiorun.com\/shop\/"},{"@type":"ListItem","position":3,"name":"Notch Thermal Hoodie 3.0 mujer"}]},{"@type":"WebSite","@id":"https:\/\/www.miomiorun.com\/es\/#website","url":"https:\/\/www.miomiorun.com\/es\/","name":"MioMioRun","description":"Tienda 100% running y trail","publisher":{"@id":"https:\/\/www.miomiorun.com\/es\/#organization"},"potentialAction":[{"@type":"SearchAction","target":{"@type":"EntryPoint","urlTemplate":"https:\/\/www.miomiorun.com\/es\/?s={search_term_string}"},"query-input":{"@type":"PropertyValueSpecification","valueRequired":true,"valueName":"search_term_string"}}],"inLanguage":"es-ES"},{"@type":"Organization","@id":"https:\/\/www.miomiorun.com\/es\/#organization","name":"MioMio Run","url":"https:\/\/www.miomiorun.com\/es\/","logo":{"@type":"ImageObject","inLanguage":"es-ES","@id":"https:\/\/www.miomiorun.com\/es\/#\/schema\/logo\/image\/","url":"https:\/\/www.miomiorun.com\/app\/uploads\/2019\/12\/logomio.png","contentUrl":"https:\/\/www.miomiorun.com\/app\/uploads\/2019\/12\/logomio.png","width":115,"height":82,"caption":"MioMio Run"},"image":{"@id":"https:\/\/www.miomiorun.com\/es\/#\/schema\/logo\/image\/"},"sameAs":["https:\/\/www.facebook.com\/miomiorun\/","https:\/\/www.instagram.com\/miomiorun\/"]}]}},"_links":{"self":[{"href":"https:\/\/www.miomiorun.com\/es\/wp-json\/wp\/v2\/product\/346660","targetHints":{"allow":["GET"]}}],"collection":[{"href":"https:\/\/www.miomiorun.com\/es\/wp-json\/wp\/v2\/product"}],"about":[{"href":"https:\/\/www.miomiorun.com\/es\/wp-json\/wp\/v2\/types\/product"}],"wp:featuredmedia":[{"embeddable":true,"href":"https:\/\/www.miomiorun.com\/es\/wp-json\/wp\/v2\/media\/358401"}],"wp:attachment":[{"href":"https:\/\/www.miomiorun.com\/es\/wp-json\/wp\/v2\/media?parent=346660"}],"wp:term":[{"taxonomy":"product_brand","embeddable":true,"href":"https:\/\/www.miomiorun.com\/es\/wp-json\/wp\/v2\/product_brand?post=346660"},{"taxonomy":"product_cat","embeddable":true,"href":"https:\/\/www.miomiorun.com\/es\/wp-json\/wp\/v2\/product_cat?post=346660"},{"taxonomy":"product_tag","embeddable":true,"href":"https:\/\/www.miomiorun.com\/es\/wp-json\/wp\/v2\/product_tag?post=346660"}],"curies":[{"name":"wp","href":"https:\/\/api.w.org\/{rel}","templated":true}]}}