{"id":346654,"date":"2025-09-10T17:31:17","date_gmt":"2025-09-10T15:31:17","guid":{"rendered":"https:\/\/www.miomiorun.com\/?post_type=product&#038;p=346654"},"modified":"2026-04-17T11:02:45","modified_gmt":"2026-04-17T09:02:45","slug":"notch-thermal-hoodie-3-0-hombre","status":"publish","type":"product","link":"https:\/\/www.miomiorun.com\/es\/producto\/notch-thermal-hoodie-3-0-hombre\/","title":{"rendered":"Notch Thermal Hoodie 3.0 hombre"},"content":{"rendered":"<p>La Brooks Notch Thermal Hoodie 3.0 para hombre es una sudadera t\u00e9rmica con capucha optimizada para los d\u00edas fr\u00edos y oscuros. Ofrece calor, suavidad y resistencia a los olores, lo que la convierte en la prenda ideal para correr o entrenar durante el invierno. Su corte semiajustado se adapta a la forma del cuerpo, garantizando comodidad y libertad de movimiento.<\/p>\n<p>Los detalles reflectantes en la parte trasera mejoran la visibilidad en condiciones de poca luz, mientras que la protecci\u00f3n UPF 50+ ayuda a protegerte de los rayos solares. Una prenda t\u00e9cnica, vers\u00e1til e indispensable para afrontar las estaciones fr\u00edas con la m\u00e1xima comodidad.<\/p>\n<p>Detalles t\u00e9cnicos:<br \/>\n&#8211; Ajuste: semiajustado<br \/>\n&#8211; Optimizado para: correr en climas fr\u00edos<br \/>\n&#8211; Estructura: tejido t\u00e9rmico suave y ligero<br \/>\n&#8211; Resistente a los olores<br \/>\n&#8211; Acabado reflectante en la parte trasera para una mayor visibilidad<br \/>\n&#8211; Protecci\u00f3n solar UPF 50+<\/p>\n<p>Cuidados: lavar en la lavadora por separado, sin suavizante; secar a baja temperatura.<\/p>\n<p>&nbsp;<\/p>\n","protected":false},"excerpt":{"rendered":"<p>&#8211; Calidez y ligereza ideales para climas fr\u00edos<br \/>\n&#8211; Ajuste semiajustado para mayor comodidad y libertad de movimiento<br \/>\n&#8211; Resistente a los olores para un uso prolongado<br \/>\n&#8211; Detalles reflectantes para mayor visibilidad<br \/>\n&#8211; Protecci\u00f3n solar UPF 50+<\/p>\n","protected":false},"featured_media":358379,"template":"","meta":{"_acf_changed":false,"inline_featured_image":false},"product_brand":[],"product_cat":[24458,24463],"product_tag":[23463,23661],"class_list":{"0":"post-346654","1":"product","2":"type-product","3":"status-publish","4":"has-post-thumbnail","6":"product_cat-camisetas-es-2","7":"product_cat-ropa-de-hombre-es","8":"product_tag-brooks-es","9":"product_tag-brooks-hombre","10":"pa_attivita-caminar","11":"pa_attivita-running-es","12":"pa_colore-notch-thermal-hoodie-3-0-neo-blue-es","13":"pa_marca-brooks-es","14":"pa_sesso-hombre","15":"pa_size-medium-es","16":"pa_size-large-es","18":"first","19":"instock","20":"sale","21":"taxable","22":"shipping-taxable","23":"purchasable","24":"product-type-variable","25":"wvs-archive-product-wrapper"},"acf":[],"yoast_head":"<!-- This site is optimized with the Yoast SEO plugin v26.8 - https:\/\/yoast.com\/product\/yoast-seo-wordpress\/ -->\n<title>Brooks Notch Thermal Hoodie 3.0 hombre - Camiseta para correr - MioMioRun<\/title>\n<meta name=\"description\" content=\"Notch Thermal Hoodie 3.0: sudadera t\u00e9rmica con capucha, reflectante, resistente a los olores y con protecci\u00f3n UPF 50+. Comodidad y calor en los d\u00edas fr\u00edos.\" \/>\n<meta name=\"robots\" content=\"index, follow, max-snippet:-1, max-image-preview:large, max-video-preview:-1\" \/>\n<link rel=\"canonical\" href=\"https:\/\/www.miomiorun.com\/es\/producto\/notch-thermal-hoodie-3-0-hombre\/\" \/>\n<meta property=\"og:locale\" content=\"es_ES\" \/>\n<meta property=\"og:type\" content=\"article\" \/>\n<meta property=\"og:title\" content=\"Brooks Notch Thermal Hoodie 3.0 hombre - Camiseta para correr - MioMioRun\" \/>\n<meta property=\"og:description\" content=\"Notch Thermal Hoodie 3.0: sudadera t\u00e9rmica con capucha, reflectante, resistente a los olores y con protecci\u00f3n UPF 50+. Comodidad y calor en los d\u00edas fr\u00edos.\" \/>\n<meta property=\"og:url\" content=\"https:\/\/www.miomiorun.com\/es\/producto\/notch-thermal-hoodie-3-0-hombre\/\" \/>\n<meta property=\"og:site_name\" content=\"MioMioRun\" \/>\n<meta property=\"article:publisher\" content=\"https:\/\/www.facebook.com\/miomiorun\/\" \/>\n<meta property=\"article:modified_time\" content=\"2026-04-17T09:02:45+00:00\" \/>\n<meta property=\"og:image\" content=\"https:\/\/www.miomiorun.com\/app\/uploads\/2025\/10\/brooks-Notch-thermal-hoodie-3.0-neo-blue-211569448.webp\" \/>\n\t<meta property=\"og:image:width\" content=\"720\" \/>\n\t<meta property=\"og:image:height\" content=\"720\" \/>\n\t<meta property=\"og:image:type\" content=\"image\/webp\" \/>\n<meta name=\"twitter:card\" content=\"summary_large_image\" \/>\n<meta name=\"twitter:label1\" content=\"Est. reading time\" \/>\n\t<meta name=\"twitter:data1\" content=\"1 minute\" \/>\n<script type=\"application\/ld+json\" class=\"yoast-schema-graph\">{\"@context\":\"https:\/\/schema.org\",\"@graph\":[{\"@type\":\"WebPage\",\"@id\":\"https:\/\/www.miomiorun.com\/es\/producto\/notch-thermal-hoodie-3-0-hombre\/\",\"url\":\"https:\/\/www.miomiorun.com\/es\/producto\/notch-thermal-hoodie-3-0-hombre\/\",\"name\":\"Brooks Notch Thermal Hoodie 3.0 hombre - Camiseta para correr - MioMioRun\",\"isPartOf\":{\"@id\":\"https:\/\/www.miomiorun.com\/es\/#website\"},\"primaryImageOfPage\":{\"@id\":\"https:\/\/www.miomiorun.com\/es\/producto\/notch-thermal-hoodie-3-0-hombre\/#primaryimage\"},\"image\":{\"@id\":\"https:\/\/www.miomiorun.com\/es\/producto\/notch-thermal-hoodie-3-0-hombre\/#primaryimage\"},\"thumbnailUrl\":\"https:\/\/www.miomiorun.com\/app\/uploads\/2025\/10\/brooks-Notch-thermal-hoodie-3.0-neo-blue-211569448.webp\",\"datePublished\":\"2025-09-10T15:31:17+00:00\",\"dateModified\":\"2026-04-17T09:02:45+00:00\",\"description\":\"Notch Thermal Hoodie 3.0: sudadera t\u00e9rmica con capucha, reflectante, resistente a los olores y con protecci\u00f3n UPF 50+. Comodidad y calor en los d\u00edas fr\u00edos.\",\"breadcrumb\":{\"@id\":\"https:\/\/www.miomiorun.com\/es\/producto\/notch-thermal-hoodie-3-0-hombre\/#breadcrumb\"},\"inLanguage\":\"es-ES\",\"potentialAction\":[{\"@type\":\"ReadAction\",\"target\":[\"https:\/\/www.miomiorun.com\/es\/producto\/notch-thermal-hoodie-3-0-hombre\/\"]}]},{\"@type\":\"ImageObject\",\"inLanguage\":\"es-ES\",\"@id\":\"https:\/\/www.miomiorun.com\/es\/producto\/notch-thermal-hoodie-3-0-hombre\/#primaryimage\",\"url\":\"https:\/\/www.miomiorun.com\/app\/uploads\/2025\/10\/brooks-Notch-thermal-hoodie-3.0-neo-blue-211569448.webp\",\"contentUrl\":\"https:\/\/www.miomiorun.com\/app\/uploads\/2025\/10\/brooks-Notch-thermal-hoodie-3.0-neo-blue-211569448.webp\",\"width\":720,\"height\":720,\"caption\":\"brooks Notch thermal hoodie 3.0 neo blue 211569448\"},{\"@type\":\"BreadcrumbList\",\"@id\":\"https:\/\/www.miomiorun.com\/es\/producto\/notch-thermal-hoodie-3-0-hombre\/#breadcrumb\",\"itemListElement\":[{\"@type\":\"ListItem\",\"position\":1,\"name\":\"Home\",\"item\":\"https:\/\/www.miomiorun.com\/es\/\"},{\"@type\":\"ListItem\",\"position\":2,\"name\":\"Shop\",\"item\":\"https:\/\/www.miomiorun.com\/shop\/\"},{\"@type\":\"ListItem\",\"position\":3,\"name\":\"Notch Thermal Hoodie 3.0 hombre\"}]},{\"@type\":\"WebSite\",\"@id\":\"https:\/\/www.miomiorun.com\/es\/#website\",\"url\":\"https:\/\/www.miomiorun.com\/es\/\",\"name\":\"MioMioRun\",\"description\":\"Tienda 100% running y trail\",\"publisher\":{\"@id\":\"https:\/\/www.miomiorun.com\/es\/#organization\"},\"potentialAction\":[{\"@type\":\"SearchAction\",\"target\":{\"@type\":\"EntryPoint\",\"urlTemplate\":\"https:\/\/www.miomiorun.com\/es\/?s={search_term_string}\"},\"query-input\":{\"@type\":\"PropertyValueSpecification\",\"valueRequired\":true,\"valueName\":\"search_term_string\"}}],\"inLanguage\":\"es-ES\"},{\"@type\":\"Organization\",\"@id\":\"https:\/\/www.miomiorun.com\/es\/#organization\",\"name\":\"MioMio Run\",\"url\":\"https:\/\/www.miomiorun.com\/es\/\",\"logo\":{\"@type\":\"ImageObject\",\"inLanguage\":\"es-ES\",\"@id\":\"https:\/\/www.miomiorun.com\/es\/#\/schema\/logo\/image\/\",\"url\":\"https:\/\/www.miomiorun.com\/app\/uploads\/2019\/12\/logomio.png\",\"contentUrl\":\"https:\/\/www.miomiorun.com\/app\/uploads\/2019\/12\/logomio.png\",\"width\":115,\"height\":82,\"caption\":\"MioMio Run\"},\"image\":{\"@id\":\"https:\/\/www.miomiorun.com\/es\/#\/schema\/logo\/image\/\"},\"sameAs\":[\"https:\/\/www.facebook.com\/miomiorun\/\",\"https:\/\/www.instagram.com\/miomiorun\/\"]}]}<\/script>\n<!-- \/ Yoast SEO plugin. -->","yoast_head_json":{"title":"Brooks Notch Thermal Hoodie 3.0 hombre - Camiseta para correr - MioMioRun","description":"Notch Thermal Hoodie 3.0: sudadera t\u00e9rmica con capucha, reflectante, resistente a los olores y con protecci\u00f3n UPF 50+. Comodidad y calor en los d\u00edas fr\u00edos.","robots":{"index":"index","follow":"follow","max-snippet":"max-snippet:-1","max-image-preview":"max-image-preview:large","max-video-preview":"max-video-preview:-1"},"canonical":"https:\/\/www.miomiorun.com\/es\/producto\/notch-thermal-hoodie-3-0-hombre\/","og_locale":"es_ES","og_type":"article","og_title":"Brooks Notch Thermal Hoodie 3.0 hombre - Camiseta para correr - MioMioRun","og_description":"Notch Thermal Hoodie 3.0: sudadera t\u00e9rmica con capucha, reflectante, resistente a los olores y con protecci\u00f3n UPF 50+. Comodidad y calor en los d\u00edas fr\u00edos.","og_url":"https:\/\/www.miomiorun.com\/es\/producto\/notch-thermal-hoodie-3-0-hombre\/","og_site_name":"MioMioRun","article_publisher":"https:\/\/www.facebook.com\/miomiorun\/","article_modified_time":"2026-04-17T09:02:45+00:00","og_image":[{"width":720,"height":720,"url":"https:\/\/www.miomiorun.com\/app\/uploads\/2025\/10\/brooks-Notch-thermal-hoodie-3.0-neo-blue-211569448.webp","type":"image\/webp"}],"twitter_card":"summary_large_image","twitter_misc":{"Est. reading time":"1 minute"},"schema":{"@context":"https:\/\/schema.org","@graph":[{"@type":"WebPage","@id":"https:\/\/www.miomiorun.com\/es\/producto\/notch-thermal-hoodie-3-0-hombre\/","url":"https:\/\/www.miomiorun.com\/es\/producto\/notch-thermal-hoodie-3-0-hombre\/","name":"Brooks Notch Thermal Hoodie 3.0 hombre - Camiseta para correr - MioMioRun","isPartOf":{"@id":"https:\/\/www.miomiorun.com\/es\/#website"},"primaryImageOfPage":{"@id":"https:\/\/www.miomiorun.com\/es\/producto\/notch-thermal-hoodie-3-0-hombre\/#primaryimage"},"image":{"@id":"https:\/\/www.miomiorun.com\/es\/producto\/notch-thermal-hoodie-3-0-hombre\/#primaryimage"},"thumbnailUrl":"https:\/\/www.miomiorun.com\/app\/uploads\/2025\/10\/brooks-Notch-thermal-hoodie-3.0-neo-blue-211569448.webp","datePublished":"2025-09-10T15:31:17+00:00","dateModified":"2026-04-17T09:02:45+00:00","description":"Notch Thermal Hoodie 3.0: sudadera t\u00e9rmica con capucha, reflectante, resistente a los olores y con protecci\u00f3n UPF 50+. Comodidad y calor en los d\u00edas fr\u00edos.","breadcrumb":{"@id":"https:\/\/www.miomiorun.com\/es\/producto\/notch-thermal-hoodie-3-0-hombre\/#breadcrumb"},"inLanguage":"es-ES","potentialAction":[{"@type":"ReadAction","target":["https:\/\/www.miomiorun.com\/es\/producto\/notch-thermal-hoodie-3-0-hombre\/"]}]},{"@type":"ImageObject","inLanguage":"es-ES","@id":"https:\/\/www.miomiorun.com\/es\/producto\/notch-thermal-hoodie-3-0-hombre\/#primaryimage","url":"https:\/\/www.miomiorun.com\/app\/uploads\/2025\/10\/brooks-Notch-thermal-hoodie-3.0-neo-blue-211569448.webp","contentUrl":"https:\/\/www.miomiorun.com\/app\/uploads\/2025\/10\/brooks-Notch-thermal-hoodie-3.0-neo-blue-211569448.webp","width":720,"height":720,"caption":"brooks Notch thermal hoodie 3.0 neo blue 211569448"},{"@type":"BreadcrumbList","@id":"https:\/\/www.miomiorun.com\/es\/producto\/notch-thermal-hoodie-3-0-hombre\/#breadcrumb","itemListElement":[{"@type":"ListItem","position":1,"name":"Home","item":"https:\/\/www.miomiorun.com\/es\/"},{"@type":"ListItem","position":2,"name":"Shop","item":"https:\/\/www.miomiorun.com\/shop\/"},{"@type":"ListItem","position":3,"name":"Notch Thermal Hoodie 3.0 hombre"}]},{"@type":"WebSite","@id":"https:\/\/www.miomiorun.com\/es\/#website","url":"https:\/\/www.miomiorun.com\/es\/","name":"MioMioRun","description":"Tienda 100% running y trail","publisher":{"@id":"https:\/\/www.miomiorun.com\/es\/#organization"},"potentialAction":[{"@type":"SearchAction","target":{"@type":"EntryPoint","urlTemplate":"https:\/\/www.miomiorun.com\/es\/?s={search_term_string}"},"query-input":{"@type":"PropertyValueSpecification","valueRequired":true,"valueName":"search_term_string"}}],"inLanguage":"es-ES"},{"@type":"Organization","@id":"https:\/\/www.miomiorun.com\/es\/#organization","name":"MioMio Run","url":"https:\/\/www.miomiorun.com\/es\/","logo":{"@type":"ImageObject","inLanguage":"es-ES","@id":"https:\/\/www.miomiorun.com\/es\/#\/schema\/logo\/image\/","url":"https:\/\/www.miomiorun.com\/app\/uploads\/2019\/12\/logomio.png","contentUrl":"https:\/\/www.miomiorun.com\/app\/uploads\/2019\/12\/logomio.png","width":115,"height":82,"caption":"MioMio Run"},"image":{"@id":"https:\/\/www.miomiorun.com\/es\/#\/schema\/logo\/image\/"},"sameAs":["https:\/\/www.facebook.com\/miomiorun\/","https:\/\/www.instagram.com\/miomiorun\/"]}]}},"_links":{"self":[{"href":"https:\/\/www.miomiorun.com\/es\/wp-json\/wp\/v2\/product\/346654","targetHints":{"allow":["GET"]}}],"collection":[{"href":"https:\/\/www.miomiorun.com\/es\/wp-json\/wp\/v2\/product"}],"about":[{"href":"https:\/\/www.miomiorun.com\/es\/wp-json\/wp\/v2\/types\/product"}],"wp:featuredmedia":[{"embeddable":true,"href":"https:\/\/www.miomiorun.com\/es\/wp-json\/wp\/v2\/media\/358379"}],"wp:attachment":[{"href":"https:\/\/www.miomiorun.com\/es\/wp-json\/wp\/v2\/media?parent=346654"}],"wp:term":[{"taxonomy":"product_brand","embeddable":true,"href":"https:\/\/www.miomiorun.com\/es\/wp-json\/wp\/v2\/product_brand?post=346654"},{"taxonomy":"product_cat","embeddable":true,"href":"https:\/\/www.miomiorun.com\/es\/wp-json\/wp\/v2\/product_cat?post=346654"},{"taxonomy":"product_tag","embeddable":true,"href":"https:\/\/www.miomiorun.com\/es\/wp-json\/wp\/v2\/product_tag?post=346654"}],"curies":[{"name":"wp","href":"https:\/\/api.w.org\/{rel}","templated":true}]}}