{"id":346175,"date":"2025-09-10T16:08:13","date_gmt":"2025-09-10T14:08:13","guid":{"rendered":"https:\/\/www.miomiorun.com\/?post_type=product&#038;p=346175"},"modified":"2026-04-17T11:03:48","modified_gmt":"2026-04-17T09:03:48","slug":"canopy-packable-jacket-hombre","status":"publish","type":"product","link":"https:\/\/www.miomiorun.com\/es\/producto\/canopy-packable-jacket-hombre\/","title":{"rendered":"Canopy Packable Jacket hombre"},"content":{"rendered":"<p>La <strong>Brooks Canopy Packable Jacket<\/strong> es la evoluci\u00f3n de la hist\u00f3rica chaqueta de running repelente al agua m\u00e1s apreciada por los corredores. A\u00fan m\u00e1s pr\u00e1ctica, ofrece un <strong data-start=\"352\" data-end=\"381\">ajuste semientallado<\/strong> que se adapta a la forma del cuerpo, garantizando libertad de movimiento y comodidad en cada entrenamiento.<\/p>\n<p data-start=\"477\" data-end=\"796\">El nuevo dise\u00f1o incorpora una <strong data-start=\"504\" data-end=\"528\">capucha mejorada<\/strong>, una confecci\u00f3n resistente al <strong data-start=\"560\" data-end=\"581\">viento y al agua<\/strong>, y la posibilidad de <strong data-start=\"603\" data-end=\"653\">doblarla c\u00f3modamente en el bolsillo para las manos<\/strong>. Los <strong data-start=\"658\" data-end=\"676\">bolsillos con cremallera<\/strong> a\u00f1aden practicidad, mientras que la protecci\u00f3n <strong data-start=\"720\" data-end=\"731\">UPF 50+<\/strong> protege la piel de los rayos solares durante las carreras al aire libre.<\/p>\n<p data-start=\"798\" data-end=\"918\">Una prenda vers\u00e1til y ligera, pensada para los corredores que buscan protecci\u00f3n, comodidad y practicidad en todas las condiciones.<\/p>\n<p data-start=\"1086\" data-end=\"1108\">\n<p data-start=\"1086\" data-end=\"1108\"><strong data-start=\"1086\" data-end=\"1106\">Detalles t\u00e9cnicos:<\/strong><\/p>\n<ul data-start=\"1109\" data-end=\"1410\">\n<li data-start=\"1109\" data-end=\"1139\">\n<p data-start=\"1111\" data-end=\"1139\">Ajuste: semientallado<\/p>\n<\/li>\n<li data-start=\"1140\" data-end=\"1187\">\n<p data-start=\"1142\" data-end=\"1187\">Caracter\u00edsticas: repelente al agua y cortavientos<\/p>\n<\/li>\n<li data-start=\"1188\" data-end=\"1212\">\n<p data-start=\"1190\" data-end=\"1212\">Capucha mejorada<\/p>\n<\/li>\n<li data-start=\"1213\" data-end=\"1252\">\n<p data-start=\"1215\" data-end=\"1252\">Se puede guardar en el bolsillo para las manos<\/p>\n<\/li>\n<li data-start=\"1253\" data-end=\"1283\">\n<p data-start=\"1255\" data-end=\"1283\">Bolsillos para las manos con cremallera<\/p>\n<\/li>\n<li data-start=\"1284\" data-end=\"1313\">\n<p data-start=\"1286\" data-end=\"1313\">Protecci\u00f3n solar UPF 50+<\/p>\n<\/li>\n<li data-start=\"1314\" data-end=\"1410\">\n<p data-start=\"1316\" data-end=\"1410\">Cuidados: lavar a m\u00e1quina por separado, sin suavizante; secar a baja temperatura<\/p>\n<\/li>\n<\/ul>\n<p>&nbsp;<\/p>\n","protected":false},"excerpt":{"rendered":"<ul>\n<li data-start=\"1606\" data-end=\"1651\">\n<p data-start=\"1608\" data-end=\"1651\">Chaqueta de running repelente al agua y cortavientos<\/p>\n<\/li>\n<li data-start=\"1652\" data-end=\"1704\">\n<p data-start=\"1654\" data-end=\"1704\">Capucha mejorada y corte semiajustado<\/p>\n<\/li>\n<li data-start=\"1705\" data-end=\"1754\">\n<p data-start=\"1707\" data-end=\"1754\">Se pliega f\u00e1cilmente en el bolsillo para las manos<\/p>\n<\/li>\n<li data-start=\"1755\" data-end=\"1788\">\n<p data-start=\"1757\" data-end=\"1788\">UPF 50+ para protecci\u00f3n solar<\/p>\n<\/li>\n<\/ul>\n","protected":false},"featured_media":358304,"template":"","meta":{"_acf_changed":false,"inline_featured_image":false},"product_brand":[],"product_cat":[24460,24463,24464],"product_tag":[23463,23661],"class_list":{"0":"post-346175","1":"product","2":"type-product","3":"status-publish","4":"has-post-thumbnail","6":"product_cat-chaquetas-es-2","7":"product_cat-ropa-de-hombre-es","8":"product_cat-hombre","9":"product_tag-brooks-es","10":"product_tag-brooks-hombre","11":"pa_attivita-caminar","12":"pa_attivita-running-es","13":"pa_colore-canopy-packable-jacket-neo-blue-smoke-es","14":"pa_marca-brooks-es","15":"pa_sesso-hombre","16":"pa_size-small-es","17":"pa_size-medium-es","18":"pa_size-large-es","20":"first","21":"instock","22":"sale","23":"taxable","24":"shipping-taxable","25":"purchasable","26":"product-type-variable","27":"wvs-archive-product-wrapper"},"acf":[],"yoast_head":"<!-- This site is optimized with the Yoast SEO plugin v26.8 - https:\/\/yoast.com\/product\/yoast-seo-wordpress\/ -->\n<title>Brooks Canopy Packable Jacket hombre - Chaqueta de running - MioMioRun.com<\/title>\n<meta name=\"description\" content=\"Chaqueta Brooks Canopy: chaqueta de running plegable, cortavientos e impermeable, con capucha mejorada, protecci\u00f3n UPF 50+ y bolsillos con cremallera.\" \/>\n<meta name=\"robots\" content=\"index, follow, max-snippet:-1, max-image-preview:large, max-video-preview:-1\" \/>\n<link rel=\"canonical\" href=\"https:\/\/www.miomiorun.com\/es\/producto\/canopy-packable-jacket-hombre\/\" \/>\n<meta property=\"og:locale\" content=\"es_ES\" \/>\n<meta property=\"og:type\" content=\"article\" \/>\n<meta property=\"og:title\" content=\"Brooks Canopy Packable Jacket hombre - Chaqueta de running - MioMioRun.com\" \/>\n<meta property=\"og:description\" content=\"Chaqueta Brooks Canopy: chaqueta de running plegable, cortavientos e impermeable, con capucha mejorada, protecci\u00f3n UPF 50+ y bolsillos con cremallera.\" \/>\n<meta property=\"og:url\" content=\"https:\/\/www.miomiorun.com\/es\/producto\/canopy-packable-jacket-hombre\/\" \/>\n<meta property=\"og:site_name\" content=\"MioMioRun\" \/>\n<meta property=\"article:publisher\" content=\"https:\/\/www.facebook.com\/miomiorun\/\" \/>\n<meta property=\"article:modified_time\" content=\"2026-04-17T09:03:48+00:00\" \/>\n<meta property=\"og:image\" content=\"https:\/\/www.miomiorun.com\/app\/uploads\/2025\/10\/brooks-Canopy-packable-jacket-neo-blue-smoke-211564420.webp\" \/>\n\t<meta property=\"og:image:width\" content=\"720\" \/>\n\t<meta property=\"og:image:height\" content=\"720\" \/>\n\t<meta property=\"og:image:type\" content=\"image\/webp\" \/>\n<meta name=\"twitter:card\" content=\"summary_large_image\" \/>\n<meta name=\"twitter:label1\" content=\"Est. reading time\" \/>\n\t<meta name=\"twitter:data1\" content=\"1 minute\" \/>\n<script type=\"application\/ld+json\" class=\"yoast-schema-graph\">{\"@context\":\"https:\/\/schema.org\",\"@graph\":[{\"@type\":\"WebPage\",\"@id\":\"https:\/\/www.miomiorun.com\/es\/producto\/canopy-packable-jacket-hombre\/\",\"url\":\"https:\/\/www.miomiorun.com\/es\/producto\/canopy-packable-jacket-hombre\/\",\"name\":\"Brooks Canopy Packable Jacket hombre - Chaqueta de running - MioMioRun.com\",\"isPartOf\":{\"@id\":\"https:\/\/www.miomiorun.com\/es\/#website\"},\"primaryImageOfPage\":{\"@id\":\"https:\/\/www.miomiorun.com\/es\/producto\/canopy-packable-jacket-hombre\/#primaryimage\"},\"image\":{\"@id\":\"https:\/\/www.miomiorun.com\/es\/producto\/canopy-packable-jacket-hombre\/#primaryimage\"},\"thumbnailUrl\":\"https:\/\/www.miomiorun.com\/app\/uploads\/2025\/10\/brooks-Canopy-packable-jacket-neo-blue-smoke-211564420.webp\",\"datePublished\":\"2025-09-10T14:08:13+00:00\",\"dateModified\":\"2026-04-17T09:03:48+00:00\",\"description\":\"Chaqueta Brooks Canopy: chaqueta de running plegable, cortavientos e impermeable, con capucha mejorada, protecci\u00f3n UPF 50+ y bolsillos con cremallera.\",\"breadcrumb\":{\"@id\":\"https:\/\/www.miomiorun.com\/es\/producto\/canopy-packable-jacket-hombre\/#breadcrumb\"},\"inLanguage\":\"es-ES\",\"potentialAction\":[{\"@type\":\"ReadAction\",\"target\":[\"https:\/\/www.miomiorun.com\/es\/producto\/canopy-packable-jacket-hombre\/\"]}]},{\"@type\":\"ImageObject\",\"inLanguage\":\"es-ES\",\"@id\":\"https:\/\/www.miomiorun.com\/es\/producto\/canopy-packable-jacket-hombre\/#primaryimage\",\"url\":\"https:\/\/www.miomiorun.com\/app\/uploads\/2025\/10\/brooks-Canopy-packable-jacket-neo-blue-smoke-211564420.webp\",\"contentUrl\":\"https:\/\/www.miomiorun.com\/app\/uploads\/2025\/10\/brooks-Canopy-packable-jacket-neo-blue-smoke-211564420.webp\",\"width\":720,\"height\":720,\"caption\":\"brooks Canopy packable jacket neo blue smoke 211564420\"},{\"@type\":\"BreadcrumbList\",\"@id\":\"https:\/\/www.miomiorun.com\/es\/producto\/canopy-packable-jacket-hombre\/#breadcrumb\",\"itemListElement\":[{\"@type\":\"ListItem\",\"position\":1,\"name\":\"Home\",\"item\":\"https:\/\/www.miomiorun.com\/es\/\"},{\"@type\":\"ListItem\",\"position\":2,\"name\":\"Shop\",\"item\":\"https:\/\/www.miomiorun.com\/shop\/\"},{\"@type\":\"ListItem\",\"position\":3,\"name\":\"Canopy Packable Jacket hombre\"}]},{\"@type\":\"WebSite\",\"@id\":\"https:\/\/www.miomiorun.com\/es\/#website\",\"url\":\"https:\/\/www.miomiorun.com\/es\/\",\"name\":\"MioMioRun\",\"description\":\"Tienda 100% running y trail\",\"publisher\":{\"@id\":\"https:\/\/www.miomiorun.com\/es\/#organization\"},\"potentialAction\":[{\"@type\":\"SearchAction\",\"target\":{\"@type\":\"EntryPoint\",\"urlTemplate\":\"https:\/\/www.miomiorun.com\/es\/?s={search_term_string}\"},\"query-input\":{\"@type\":\"PropertyValueSpecification\",\"valueRequired\":true,\"valueName\":\"search_term_string\"}}],\"inLanguage\":\"es-ES\"},{\"@type\":\"Organization\",\"@id\":\"https:\/\/www.miomiorun.com\/es\/#organization\",\"name\":\"MioMio Run\",\"url\":\"https:\/\/www.miomiorun.com\/es\/\",\"logo\":{\"@type\":\"ImageObject\",\"inLanguage\":\"es-ES\",\"@id\":\"https:\/\/www.miomiorun.com\/es\/#\/schema\/logo\/image\/\",\"url\":\"https:\/\/www.miomiorun.com\/app\/uploads\/2019\/12\/logomio.png\",\"contentUrl\":\"https:\/\/www.miomiorun.com\/app\/uploads\/2019\/12\/logomio.png\",\"width\":115,\"height\":82,\"caption\":\"MioMio Run\"},\"image\":{\"@id\":\"https:\/\/www.miomiorun.com\/es\/#\/schema\/logo\/image\/\"},\"sameAs\":[\"https:\/\/www.facebook.com\/miomiorun\/\",\"https:\/\/www.instagram.com\/miomiorun\/\"]}]}<\/script>\n<!-- \/ Yoast SEO plugin. -->","yoast_head_json":{"title":"Brooks Canopy Packable Jacket hombre - Chaqueta de running - MioMioRun.com","description":"Chaqueta Brooks Canopy: chaqueta de running plegable, cortavientos e impermeable, con capucha mejorada, protecci\u00f3n UPF 50+ y bolsillos con cremallera.","robots":{"index":"index","follow":"follow","max-snippet":"max-snippet:-1","max-image-preview":"max-image-preview:large","max-video-preview":"max-video-preview:-1"},"canonical":"https:\/\/www.miomiorun.com\/es\/producto\/canopy-packable-jacket-hombre\/","og_locale":"es_ES","og_type":"article","og_title":"Brooks Canopy Packable Jacket hombre - Chaqueta de running - MioMioRun.com","og_description":"Chaqueta Brooks Canopy: chaqueta de running plegable, cortavientos e impermeable, con capucha mejorada, protecci\u00f3n UPF 50+ y bolsillos con cremallera.","og_url":"https:\/\/www.miomiorun.com\/es\/producto\/canopy-packable-jacket-hombre\/","og_site_name":"MioMioRun","article_publisher":"https:\/\/www.facebook.com\/miomiorun\/","article_modified_time":"2026-04-17T09:03:48+00:00","og_image":[{"width":720,"height":720,"url":"https:\/\/www.miomiorun.com\/app\/uploads\/2025\/10\/brooks-Canopy-packable-jacket-neo-blue-smoke-211564420.webp","type":"image\/webp"}],"twitter_card":"summary_large_image","twitter_misc":{"Est. reading time":"1 minute"},"schema":{"@context":"https:\/\/schema.org","@graph":[{"@type":"WebPage","@id":"https:\/\/www.miomiorun.com\/es\/producto\/canopy-packable-jacket-hombre\/","url":"https:\/\/www.miomiorun.com\/es\/producto\/canopy-packable-jacket-hombre\/","name":"Brooks Canopy Packable Jacket hombre - Chaqueta de running - MioMioRun.com","isPartOf":{"@id":"https:\/\/www.miomiorun.com\/es\/#website"},"primaryImageOfPage":{"@id":"https:\/\/www.miomiorun.com\/es\/producto\/canopy-packable-jacket-hombre\/#primaryimage"},"image":{"@id":"https:\/\/www.miomiorun.com\/es\/producto\/canopy-packable-jacket-hombre\/#primaryimage"},"thumbnailUrl":"https:\/\/www.miomiorun.com\/app\/uploads\/2025\/10\/brooks-Canopy-packable-jacket-neo-blue-smoke-211564420.webp","datePublished":"2025-09-10T14:08:13+00:00","dateModified":"2026-04-17T09:03:48+00:00","description":"Chaqueta Brooks Canopy: chaqueta de running plegable, cortavientos e impermeable, con capucha mejorada, protecci\u00f3n UPF 50+ y bolsillos con cremallera.","breadcrumb":{"@id":"https:\/\/www.miomiorun.com\/es\/producto\/canopy-packable-jacket-hombre\/#breadcrumb"},"inLanguage":"es-ES","potentialAction":[{"@type":"ReadAction","target":["https:\/\/www.miomiorun.com\/es\/producto\/canopy-packable-jacket-hombre\/"]}]},{"@type":"ImageObject","inLanguage":"es-ES","@id":"https:\/\/www.miomiorun.com\/es\/producto\/canopy-packable-jacket-hombre\/#primaryimage","url":"https:\/\/www.miomiorun.com\/app\/uploads\/2025\/10\/brooks-Canopy-packable-jacket-neo-blue-smoke-211564420.webp","contentUrl":"https:\/\/www.miomiorun.com\/app\/uploads\/2025\/10\/brooks-Canopy-packable-jacket-neo-blue-smoke-211564420.webp","width":720,"height":720,"caption":"brooks Canopy packable jacket neo blue smoke 211564420"},{"@type":"BreadcrumbList","@id":"https:\/\/www.miomiorun.com\/es\/producto\/canopy-packable-jacket-hombre\/#breadcrumb","itemListElement":[{"@type":"ListItem","position":1,"name":"Home","item":"https:\/\/www.miomiorun.com\/es\/"},{"@type":"ListItem","position":2,"name":"Shop","item":"https:\/\/www.miomiorun.com\/shop\/"},{"@type":"ListItem","position":3,"name":"Canopy Packable Jacket hombre"}]},{"@type":"WebSite","@id":"https:\/\/www.miomiorun.com\/es\/#website","url":"https:\/\/www.miomiorun.com\/es\/","name":"MioMioRun","description":"Tienda 100% running y trail","publisher":{"@id":"https:\/\/www.miomiorun.com\/es\/#organization"},"potentialAction":[{"@type":"SearchAction","target":{"@type":"EntryPoint","urlTemplate":"https:\/\/www.miomiorun.com\/es\/?s={search_term_string}"},"query-input":{"@type":"PropertyValueSpecification","valueRequired":true,"valueName":"search_term_string"}}],"inLanguage":"es-ES"},{"@type":"Organization","@id":"https:\/\/www.miomiorun.com\/es\/#organization","name":"MioMio Run","url":"https:\/\/www.miomiorun.com\/es\/","logo":{"@type":"ImageObject","inLanguage":"es-ES","@id":"https:\/\/www.miomiorun.com\/es\/#\/schema\/logo\/image\/","url":"https:\/\/www.miomiorun.com\/app\/uploads\/2019\/12\/logomio.png","contentUrl":"https:\/\/www.miomiorun.com\/app\/uploads\/2019\/12\/logomio.png","width":115,"height":82,"caption":"MioMio Run"},"image":{"@id":"https:\/\/www.miomiorun.com\/es\/#\/schema\/logo\/image\/"},"sameAs":["https:\/\/www.facebook.com\/miomiorun\/","https:\/\/www.instagram.com\/miomiorun\/"]}]}},"_links":{"self":[{"href":"https:\/\/www.miomiorun.com\/es\/wp-json\/wp\/v2\/product\/346175","targetHints":{"allow":["GET"]}}],"collection":[{"href":"https:\/\/www.miomiorun.com\/es\/wp-json\/wp\/v2\/product"}],"about":[{"href":"https:\/\/www.miomiorun.com\/es\/wp-json\/wp\/v2\/types\/product"}],"wp:featuredmedia":[{"embeddable":true,"href":"https:\/\/www.miomiorun.com\/es\/wp-json\/wp\/v2\/media\/358304"}],"wp:attachment":[{"href":"https:\/\/www.miomiorun.com\/es\/wp-json\/wp\/v2\/media?parent=346175"}],"wp:term":[{"taxonomy":"product_brand","embeddable":true,"href":"https:\/\/www.miomiorun.com\/es\/wp-json\/wp\/v2\/product_brand?post=346175"},{"taxonomy":"product_cat","embeddable":true,"href":"https:\/\/www.miomiorun.com\/es\/wp-json\/wp\/v2\/product_cat?post=346175"},{"taxonomy":"product_tag","embeddable":true,"href":"https:\/\/www.miomiorun.com\/es\/wp-json\/wp\/v2\/product_tag?post=346175"}],"curies":[{"name":"wp","href":"https:\/\/api.w.org\/{rel}","templated":true}]}}