{"id":345600,"date":"2025-09-10T11:53:17","date_gmt":"2025-09-10T09:53:17","guid":{"rendered":"https:\/\/www.miomiorun.com\/?post_type=product&#038;p=345600"},"modified":"2026-04-17T11:04:12","modified_gmt":"2026-04-17T09:04:12","slug":"gel-cumulus-27-gs","status":"publish","type":"product","link":"https:\/\/www.miomiorun.com\/es\/producto\/gel-cumulus-27-gs\/","title":{"rendered":"Gel-Cumulus 27 GS"},"content":{"rendered":"<table style=\"border-collapse: collapse;width: 100%\">\n<tbody>\n<tr>\n<td style=\"width: 33.3333%;vertical-align: top\">\n<h4>Especificaciones t\u00e9cnicas<\/h4>\n<p>Categor\u00eda: Amortiguaci\u00f3n estructurada<br \/>\nDesnivel: 8,5 mm<br \/>\nPeso: 215 g<\/p>\n<p>Ideal para: los m\u00e1s j\u00f3venes, dise\u00f1ada para garantizar comodidad, ligereza y transpirabilidad durante todas las actividades diarias.<br \/>\nPeso del deportista: 25-30 kg<br \/>\nRitmo de carrera: 5 min\/km<br \/>\n<a href=\"https:\/\/miomiorun.com\/guida-alle-specifiche-tecniche\/\">Gu\u00eda de especificaciones t\u00e9cnicas<\/a><\/td>\n<td style=\"width: 66.6666%;vertical-align: top\">\n<p data-start=\"204\" data-end=\"513\">La <strong data-start=\"207\" data-end=\"228\">GEL-CUMULUS 27 GS<\/strong> es la zapatilla de running perfecta para los m\u00e1s j\u00f3venes, dise\u00f1ada para garantizar comodidad, ligereza y transpirabilidad durante todas las actividades diarias. La parte superior de <strong data-start=\"393\" data-end=\"412\">malla reforzada<\/strong> mantiene los pies frescos, reduciendo la necesidad de capas adicionales y mejorando la durabilidad. <\/p>\n<p data-start=\"515\" data-end=\"715\">La entresuela combina <strong data-start=\"536\" data-end=\"565\">amortiguaci\u00f3n AMPLIFOAM<\/strong> y <strong data-start=\"568\" data-end=\"586\">tecnolog\u00eda GEL<\/strong>, colocadas estrat\u00e9gicamente para ofrecer pisadas suaves y absorci\u00f3n de impactos, lo que favorece una carrera fluida y c\u00f3moda.<\/p>\n<p data-start=\"717\" data-end=\"965\">Adem\u00e1s, la zapatilla es <strong data-start=\"738\" data-end=\"756\">vegan friendly<\/strong> (no se utilizan materiales de origen animal) y est\u00e1 fabricada mediante procesos sostenibles, como el <strong data-start=\"842\" data-end=\"876\">te\u00f1ido en pasta de la plantilla<\/strong>, que reduce el consumo de agua y las emisiones de carbono en comparaci\u00f3n con los m\u00e9todos tradicionales.<\/p>\n<ul>\n<li data-start=\"967\" data-end=\"1231\">&nbsp;Comodidad y amortiguaci\u00f3n ideal para pies j\u00f3venes y activos<\/li>\n<li data-start=\"967\" data-end=\"1231\">Tecnolog\u00eda GEL para absorber los impactos y proteger las articulaciones<\/li>\n<li data-start=\"967\" data-end=\"1231\">Empeine transpirable y resistente de malla reforzada<\/li>\n<\/ul>\n<\/td>\n<\/tr>\n<\/tbody>\n<\/table>\n<p>&nbsp;<\/p>\n","protected":false},"excerpt":{"rendered":"<ul>\n<li>Una zapatilla deportiva vers\u00e1til para el d\u00eda a d\u00eda, pensada para pies j\u00f3venes y activos.<\/li>\n<li>Comodidad excepcional.<\/li>\n<\/ul>\n","protected":false},"featured_media":351544,"template":"","meta":{"_acf_changed":false,"inline_featured_image":false},"product_brand":[],"product_cat":[24405,24406,24407],"product_tag":[23559,24202,24201],"class_list":{"0":"post-345600","1":"product","2":"type-product","3":"status-publish","4":"has-post-thumbnail","6":"product_cat-zapatos-chica","7":"product_cat-zapatos-chico","8":"product_cat-chico","9":"product_tag-asics-es","10":"product_tag-asics-chica","11":"product_tag-asics-chico","12":"pa_attivita-caminar","13":"pa_attivita-fitness-es","14":"pa_attivita-lifestyle-es","15":"pa_attivita-running-es","16":"pa_colore-cumulus-27-gs-dark-pink-clay-cream","17":"pa_colore-cumulus-27-gs-indigo-fog-lucid-yellow","18":"pa_marca-asics-es","19":"pa_sesso-hombre","20":"pa_sesso-mujer","21":"pa_size-32-5-es","22":"pa_size-33-es","23":"pa_size-33-5-es","24":"pa_size-34-5-es","25":"pa_size-35-es","26":"pa_size-35-5-es","27":"pa_size-36-es","29":"first","30":"instock","31":"sale","32":"taxable","33":"shipping-taxable","34":"purchasable","35":"product-type-variable","36":"wvs-archive-product-wrapper"},"acf":[],"yoast_head":"<!-- This site is optimized with the Yoast SEO plugin v26.8 - https:\/\/yoast.com\/product\/yoast-seo-wordpress\/ -->\n<title>Asics Gel-Cumulus 27 GS -zapatillas de running para ni\u00f1os- MioMioRun<\/title>\n<meta name=\"description\" content=\"ASICS GEL-CUMULUS 27 GS: zapatillas de running para ni\u00f1os con amortiguaci\u00f3n GEL y AMPLIFOAM, parte superior transpirable y dise\u00f1o ecol\u00f3gico. Comodidad para el d\u00eda a d\u00eda.\" \/>\n<meta name=\"robots\" content=\"index, follow, max-snippet:-1, max-image-preview:large, max-video-preview:-1\" \/>\n<link rel=\"canonical\" href=\"https:\/\/www.miomiorun.com\/es\/producto\/gel-cumulus-27-gs\/\" \/>\n<meta property=\"og:locale\" content=\"es_ES\" \/>\n<meta property=\"og:type\" content=\"article\" \/>\n<meta property=\"og:title\" content=\"Asics Gel-Cumulus 27 GS -zapatillas de running para ni\u00f1os- MioMioRun\" \/>\n<meta property=\"og:description\" content=\"ASICS GEL-CUMULUS 27 GS: zapatillas de running para ni\u00f1os con amortiguaci\u00f3n GEL y AMPLIFOAM, parte superior transpirable y dise\u00f1o ecol\u00f3gico. Comodidad para el d\u00eda a d\u00eda.\" \/>\n<meta property=\"og:url\" content=\"https:\/\/www.miomiorun.com\/es\/producto\/gel-cumulus-27-gs\/\" \/>\n<meta property=\"og:site_name\" content=\"MioMioRun\" \/>\n<meta property=\"article:publisher\" content=\"https:\/\/www.facebook.com\/miomiorun\/\" \/>\n<meta property=\"article:modified_time\" content=\"2026-04-17T09:04:12+00:00\" \/>\n<meta property=\"og:image\" content=\"https:\/\/www.miomiorun.com\/app\/uploads\/2025\/09\/asics-Cumulus-27-GS-indigo-fog-lucid-yellow-1014A366-500.webp\" \/>\n\t<meta property=\"og:image:width\" content=\"600\" \/>\n\t<meta property=\"og:image:height\" content=\"600\" \/>\n\t<meta property=\"og:image:type\" content=\"image\/webp\" \/>\n<meta name=\"twitter:card\" content=\"summary_large_image\" \/>\n<meta name=\"twitter:label1\" content=\"Est. reading time\" \/>\n\t<meta name=\"twitter:data1\" content=\"1 minute\" \/>\n<script type=\"application\/ld+json\" class=\"yoast-schema-graph\">{\"@context\":\"https:\/\/schema.org\",\"@graph\":[{\"@type\":\"WebPage\",\"@id\":\"https:\/\/www.miomiorun.com\/es\/producto\/gel-cumulus-27-gs\/\",\"url\":\"https:\/\/www.miomiorun.com\/es\/producto\/gel-cumulus-27-gs\/\",\"name\":\"Asics Gel-Cumulus 27 GS -zapatillas de running para ni\u00f1os- MioMioRun\",\"isPartOf\":{\"@id\":\"https:\/\/www.miomiorun.com\/es\/#website\"},\"primaryImageOfPage\":{\"@id\":\"https:\/\/www.miomiorun.com\/es\/producto\/gel-cumulus-27-gs\/#primaryimage\"},\"image\":{\"@id\":\"https:\/\/www.miomiorun.com\/es\/producto\/gel-cumulus-27-gs\/#primaryimage\"},\"thumbnailUrl\":\"https:\/\/www.miomiorun.com\/app\/uploads\/2025\/09\/asics-Cumulus-27-GS-indigo-fog-lucid-yellow-1014A366-500.webp\",\"datePublished\":\"2025-09-10T09:53:17+00:00\",\"dateModified\":\"2026-04-17T09:04:12+00:00\",\"description\":\"ASICS GEL-CUMULUS 27 GS: zapatillas de running para ni\u00f1os con amortiguaci\u00f3n GEL y AMPLIFOAM, parte superior transpirable y dise\u00f1o ecol\u00f3gico. Comodidad para el d\u00eda a d\u00eda.\",\"breadcrumb\":{\"@id\":\"https:\/\/www.miomiorun.com\/es\/producto\/gel-cumulus-27-gs\/#breadcrumb\"},\"inLanguage\":\"es-ES\",\"potentialAction\":[{\"@type\":\"ReadAction\",\"target\":[\"https:\/\/www.miomiorun.com\/es\/producto\/gel-cumulus-27-gs\/\"]}]},{\"@type\":\"ImageObject\",\"inLanguage\":\"es-ES\",\"@id\":\"https:\/\/www.miomiorun.com\/es\/producto\/gel-cumulus-27-gs\/#primaryimage\",\"url\":\"https:\/\/www.miomiorun.com\/app\/uploads\/2025\/09\/asics-Cumulus-27-GS-indigo-fog-lucid-yellow-1014A366-500.webp\",\"contentUrl\":\"https:\/\/www.miomiorun.com\/app\/uploads\/2025\/09\/asics-Cumulus-27-GS-indigo-fog-lucid-yellow-1014A366-500.webp\",\"width\":600,\"height\":600,\"caption\":\"asics Cumulus 27 GS indigo fog lucid yellow 1014A366 500\"},{\"@type\":\"BreadcrumbList\",\"@id\":\"https:\/\/www.miomiorun.com\/es\/producto\/gel-cumulus-27-gs\/#breadcrumb\",\"itemListElement\":[{\"@type\":\"ListItem\",\"position\":1,\"name\":\"Home\",\"item\":\"https:\/\/www.miomiorun.com\/es\/\"},{\"@type\":\"ListItem\",\"position\":2,\"name\":\"Shop\",\"item\":\"https:\/\/www.miomiorun.com\/shop\/\"},{\"@type\":\"ListItem\",\"position\":3,\"name\":\"Gel-Cumulus 27 GS\"}]},{\"@type\":\"WebSite\",\"@id\":\"https:\/\/www.miomiorun.com\/es\/#website\",\"url\":\"https:\/\/www.miomiorun.com\/es\/\",\"name\":\"MioMioRun\",\"description\":\"Tienda 100% running y trail\",\"publisher\":{\"@id\":\"https:\/\/www.miomiorun.com\/es\/#organization\"},\"potentialAction\":[{\"@type\":\"SearchAction\",\"target\":{\"@type\":\"EntryPoint\",\"urlTemplate\":\"https:\/\/www.miomiorun.com\/es\/?s={search_term_string}\"},\"query-input\":{\"@type\":\"PropertyValueSpecification\",\"valueRequired\":true,\"valueName\":\"search_term_string\"}}],\"inLanguage\":\"es-ES\"},{\"@type\":\"Organization\",\"@id\":\"https:\/\/www.miomiorun.com\/es\/#organization\",\"name\":\"MioMio Run\",\"url\":\"https:\/\/www.miomiorun.com\/es\/\",\"logo\":{\"@type\":\"ImageObject\",\"inLanguage\":\"es-ES\",\"@id\":\"https:\/\/www.miomiorun.com\/es\/#\/schema\/logo\/image\/\",\"url\":\"https:\/\/www.miomiorun.com\/app\/uploads\/2019\/12\/logomio.png\",\"contentUrl\":\"https:\/\/www.miomiorun.com\/app\/uploads\/2019\/12\/logomio.png\",\"width\":115,\"height\":82,\"caption\":\"MioMio Run\"},\"image\":{\"@id\":\"https:\/\/www.miomiorun.com\/es\/#\/schema\/logo\/image\/\"},\"sameAs\":[\"https:\/\/www.facebook.com\/miomiorun\/\",\"https:\/\/www.instagram.com\/miomiorun\/\"]}]}<\/script>\n<!-- \/ Yoast SEO plugin. -->","yoast_head_json":{"title":"Asics Gel-Cumulus 27 GS -zapatillas de running para ni\u00f1os- MioMioRun","description":"ASICS GEL-CUMULUS 27 GS: zapatillas de running para ni\u00f1os con amortiguaci\u00f3n GEL y AMPLIFOAM, parte superior transpirable y dise\u00f1o ecol\u00f3gico. Comodidad para el d\u00eda a d\u00eda.","robots":{"index":"index","follow":"follow","max-snippet":"max-snippet:-1","max-image-preview":"max-image-preview:large","max-video-preview":"max-video-preview:-1"},"canonical":"https:\/\/www.miomiorun.com\/es\/producto\/gel-cumulus-27-gs\/","og_locale":"es_ES","og_type":"article","og_title":"Asics Gel-Cumulus 27 GS -zapatillas de running para ni\u00f1os- MioMioRun","og_description":"ASICS GEL-CUMULUS 27 GS: zapatillas de running para ni\u00f1os con amortiguaci\u00f3n GEL y AMPLIFOAM, parte superior transpirable y dise\u00f1o ecol\u00f3gico. Comodidad para el d\u00eda a d\u00eda.","og_url":"https:\/\/www.miomiorun.com\/es\/producto\/gel-cumulus-27-gs\/","og_site_name":"MioMioRun","article_publisher":"https:\/\/www.facebook.com\/miomiorun\/","article_modified_time":"2026-04-17T09:04:12+00:00","og_image":[{"width":600,"height":600,"url":"https:\/\/www.miomiorun.com\/app\/uploads\/2025\/09\/asics-Cumulus-27-GS-indigo-fog-lucid-yellow-1014A366-500.webp","type":"image\/webp"}],"twitter_card":"summary_large_image","twitter_misc":{"Est. reading time":"1 minute"},"schema":{"@context":"https:\/\/schema.org","@graph":[{"@type":"WebPage","@id":"https:\/\/www.miomiorun.com\/es\/producto\/gel-cumulus-27-gs\/","url":"https:\/\/www.miomiorun.com\/es\/producto\/gel-cumulus-27-gs\/","name":"Asics Gel-Cumulus 27 GS -zapatillas de running para ni\u00f1os- MioMioRun","isPartOf":{"@id":"https:\/\/www.miomiorun.com\/es\/#website"},"primaryImageOfPage":{"@id":"https:\/\/www.miomiorun.com\/es\/producto\/gel-cumulus-27-gs\/#primaryimage"},"image":{"@id":"https:\/\/www.miomiorun.com\/es\/producto\/gel-cumulus-27-gs\/#primaryimage"},"thumbnailUrl":"https:\/\/www.miomiorun.com\/app\/uploads\/2025\/09\/asics-Cumulus-27-GS-indigo-fog-lucid-yellow-1014A366-500.webp","datePublished":"2025-09-10T09:53:17+00:00","dateModified":"2026-04-17T09:04:12+00:00","description":"ASICS GEL-CUMULUS 27 GS: zapatillas de running para ni\u00f1os con amortiguaci\u00f3n GEL y AMPLIFOAM, parte superior transpirable y dise\u00f1o ecol\u00f3gico. Comodidad para el d\u00eda a d\u00eda.","breadcrumb":{"@id":"https:\/\/www.miomiorun.com\/es\/producto\/gel-cumulus-27-gs\/#breadcrumb"},"inLanguage":"es-ES","potentialAction":[{"@type":"ReadAction","target":["https:\/\/www.miomiorun.com\/es\/producto\/gel-cumulus-27-gs\/"]}]},{"@type":"ImageObject","inLanguage":"es-ES","@id":"https:\/\/www.miomiorun.com\/es\/producto\/gel-cumulus-27-gs\/#primaryimage","url":"https:\/\/www.miomiorun.com\/app\/uploads\/2025\/09\/asics-Cumulus-27-GS-indigo-fog-lucid-yellow-1014A366-500.webp","contentUrl":"https:\/\/www.miomiorun.com\/app\/uploads\/2025\/09\/asics-Cumulus-27-GS-indigo-fog-lucid-yellow-1014A366-500.webp","width":600,"height":600,"caption":"asics Cumulus 27 GS indigo fog lucid yellow 1014A366 500"},{"@type":"BreadcrumbList","@id":"https:\/\/www.miomiorun.com\/es\/producto\/gel-cumulus-27-gs\/#breadcrumb","itemListElement":[{"@type":"ListItem","position":1,"name":"Home","item":"https:\/\/www.miomiorun.com\/es\/"},{"@type":"ListItem","position":2,"name":"Shop","item":"https:\/\/www.miomiorun.com\/shop\/"},{"@type":"ListItem","position":3,"name":"Gel-Cumulus 27 GS"}]},{"@type":"WebSite","@id":"https:\/\/www.miomiorun.com\/es\/#website","url":"https:\/\/www.miomiorun.com\/es\/","name":"MioMioRun","description":"Tienda 100% running y trail","publisher":{"@id":"https:\/\/www.miomiorun.com\/es\/#organization"},"potentialAction":[{"@type":"SearchAction","target":{"@type":"EntryPoint","urlTemplate":"https:\/\/www.miomiorun.com\/es\/?s={search_term_string}"},"query-input":{"@type":"PropertyValueSpecification","valueRequired":true,"valueName":"search_term_string"}}],"inLanguage":"es-ES"},{"@type":"Organization","@id":"https:\/\/www.miomiorun.com\/es\/#organization","name":"MioMio Run","url":"https:\/\/www.miomiorun.com\/es\/","logo":{"@type":"ImageObject","inLanguage":"es-ES","@id":"https:\/\/www.miomiorun.com\/es\/#\/schema\/logo\/image\/","url":"https:\/\/www.miomiorun.com\/app\/uploads\/2019\/12\/logomio.png","contentUrl":"https:\/\/www.miomiorun.com\/app\/uploads\/2019\/12\/logomio.png","width":115,"height":82,"caption":"MioMio Run"},"image":{"@id":"https:\/\/www.miomiorun.com\/es\/#\/schema\/logo\/image\/"},"sameAs":["https:\/\/www.facebook.com\/miomiorun\/","https:\/\/www.instagram.com\/miomiorun\/"]}]}},"_links":{"self":[{"href":"https:\/\/www.miomiorun.com\/es\/wp-json\/wp\/v2\/product\/345600","targetHints":{"allow":["GET"]}}],"collection":[{"href":"https:\/\/www.miomiorun.com\/es\/wp-json\/wp\/v2\/product"}],"about":[{"href":"https:\/\/www.miomiorun.com\/es\/wp-json\/wp\/v2\/types\/product"}],"wp:featuredmedia":[{"embeddable":true,"href":"https:\/\/www.miomiorun.com\/es\/wp-json\/wp\/v2\/media\/351544"}],"wp:attachment":[{"href":"https:\/\/www.miomiorun.com\/es\/wp-json\/wp\/v2\/media?parent=345600"}],"wp:term":[{"taxonomy":"product_brand","embeddable":true,"href":"https:\/\/www.miomiorun.com\/es\/wp-json\/wp\/v2\/product_brand?post=345600"},{"taxonomy":"product_cat","embeddable":true,"href":"https:\/\/www.miomiorun.com\/es\/wp-json\/wp\/v2\/product_cat?post=345600"},{"taxonomy":"product_tag","embeddable":true,"href":"https:\/\/www.miomiorun.com\/es\/wp-json\/wp\/v2\/product_tag?post=345600"}],"curies":[{"name":"wp","href":"https:\/\/api.w.org\/{rel}","templated":true}]}}