{"id":341571,"date":"2025-08-30T18:06:25","date_gmt":"2025-08-30T16:06:25","guid":{"rendered":"https:\/\/www.miomiorun.com\/?post_type=product&#038;p=341571"},"modified":"2026-04-17T11:05:47","modified_gmt":"2026-04-17T09:05:47","slug":"mach-x-3-mujer","status":"publish","type":"product","link":"https:\/\/www.miomiorun.com\/es\/producto\/mach-x-3-mujer\/","title":{"rendered":"Mach X 3 mujer"},"content":{"rendered":"<div class=\"vc-row container\"><div class=\"vc-column\"><div class=\"vc-column-text\"><\/p>\n<h4>Especificaciones t\u00e9cnicas<\/h4>\n<p>Categor\u00eda: amortiguaci\u00f3n reactiva<br \/>\nDiferencial: 5 mm<br \/>\nPeso: 242 g<br \/>\nIdeal para: corredores que buscan una zapatilla ligera y reactiva para carreras de media distancia a ritmos r\u00e1pidos.<br \/>\nPeso del atleta: &lt;50 kg<br \/>\nRitmo de carrera: &lt;4,30 min\/km<br \/>\n<a href=\"https:\/\/miomiorun.com\/guida-alle-specifiche-tecniche\/\">Gu\u00eda de especificaciones t\u00e9cnicas<\/a><\/p>\n<p> <\/div><\/div><div class=\"vc-column\"><div class=\"vc-column-text\"><strong>Propulsi\u00f3n para entrenar la velocidad.<\/strong><\/p>\n<p data-start=\"75\" data-end=\"630\">Entrenamientos a ritmo alto sin renunciar a la comodidad: la HOKA Mach X 3 es la zapatilla de entrenamiento diario con placa dise\u00f1ada para dar propulsi\u00f3n a las repeticiones, los entrenamientos de media distancia y los progresivos. La entresuela de doble densidad con capa superior de PEBA trabaja junto con la suela de Pebax para ofrecer un despegue r\u00e1pido y fluido, mientras que el perfil MetaRocker favorece una transici\u00f3n r\u00e1pida. La parte superior de tejido antideslizante m\u00e1s transpirable, la nueva leng\u00fceta suave y el cuello redise\u00f1ado garantizan un ajuste estable y fresco incluso cuando aumentas el ritmo. <span class=\"\" data-state=\"closed\"><span class=\"ms-1 inline-flex max-w-full items-center relative top-&#091;-0.094rem&#093; animate-&#091;show_150ms_ease-in&#093;\" data-testid=\"webpage-citation-pill\"><\/span><\/span><\/p>\n<p data-start=\"632\" data-end=\"967\">Estabilidad \u00abintr\u00ednseca\u00bb moderada gracias a la base ancha, el Active Foot Frame y el soporte J-Frame: ideal para corredores neutros y para quienes buscan una peque\u00f1a ayuda para controlar la pronaci\u00f3n excesiva sin endurecer la carrera. Drop de 5 mm; peso aproximado 242 g (mujer; el peso puede variar seg\u00fan la talla). <span class=\"\" data-state=\"closed\"><span class=\"ms-1 inline-flex max-w-full items-center relative top-&#091;-0.094rem&#093; animate-&#091;show_150ms_ease-in&#093;\" data-testid=\"webpage-citation-pill\"><\/span><\/span><\/p>\n<p data-start=\"969\" data-end=\"999\"><strong data-start=\"969\" data-end=\"999\">Caracter\u00edsticas principales<\/strong><\/p>\n<ul data-start=\"1000\" data-end=\"1493\">\n<li data-start=\"1000\" data-end=\"1147\">\n<p data-start=\"1002\" data-end=\"1147\">Placa de Pebax\u00ae con aletas para un impulso reactivo + entresuela de doble densidad con capa superior de PEBA. <span class=\"\" data-state=\"closed\"><span class=\"ms-1 inline-flex max-w-full items-center relative top-&#091;-0.094rem&#093; animate-&#091;show_150ms_ease-in&#093;\" data-testid=\"webpage-citation-pill\"><\/span><\/span><\/p>\n<\/li>\n<li data-start=\"1148\" data-end=\"1237\">\n<p data-start=\"1150\" data-end=\"1237\">Geometr\u00eda MetaRocker\u2122 orientada a la velocidad. <span class=\"\" data-state=\"closed\"><span class=\"ms-1 inline-flex max-w-full items-center relative top-&#091;-0.094rem&#093; animate-&#091;show_150ms_ease-in&#093;\" data-testid=\"webpage-citation-pill\"><\/span><\/span><\/p>\n<\/li>\n<li data-start=\"1238\" data-end=\"1364\">\n<p data-start=\"1240\" data-end=\"1364\">Empeine antideslizante m\u00e1s transpirable; leng\u00fceta m\u00e1s suave y cuello actualizado. <span class=\"\" data-state=\"closed\"><span class=\"ms-1 inline-flex max-w-full items-center relative top-&#091;-0.094rem&#093; animate-&#091;show_150ms_ease-in&#093;\" data-testid=\"webpage-citation-pill\"><\/span><\/span><\/p>\n<\/li>\n<li data-start=\"1365\" data-end=\"1493\">\n<p data-start=\"1367\" data-end=\"1493\">Suela de goma moldeada por compresi\u00f3n para mayor agarre y durabilidad; drop de 5 mm; peso de 242 g (mujer).<\/p>\n<\/li>\n<\/ul>\n<p><\/div><div style=\"height:32px\" class=\"vc-empty-space\"><\/div><\/div><\/div>\n","protected":false},"excerpt":{"rendered":"<ul class=\"features-container\">\n<li data-start=\"1691\" data-end=\"1823\">\n<p data-start=\"1694\" data-end=\"1823\"><strong data-start=\"1694\" data-end=\"1719\">Propulsi\u00f3n inmediata<\/strong> \u2013 Placa de Pebax + capa de PEBA para un despegue r\u00e1pido y reactivo. <span class=\"\" data-state=\"closed\"><span class=\"ms-1 inline-flex max-w-full items-center relative top-[-0.094rem] animate-[show_150ms_ease-in]\" data-testid=\"webpage-citation-pill\"><\/span><\/span><\/p>\n<\/li>\n<li data-start=\"1824\" data-end=\"1988\">\n<p data-start=\"1827\" data-end=\"1988\"><strong data-start=\"1827\" data-end=\"1850\">Comodidad transpirable<\/strong> \u2013 Empeine antideslizante, leng\u00fceta m\u00e1s suave y cuello redise\u00f1ado para mayor estabilidad y frescura. <span class=\"\" data-state=\"closed\"><span class=\"ms-1 inline-flex max-w-full items-center relative top-[-0.094rem] animate-[show_150ms_ease-in]\" data-testid=\"webpage-citation-pill\"><\/span><\/span><\/p>\n<\/li>\n<li data-start=\"1989\" data-end=\"2157\">\n<p data-start=\"1992\" data-end=\"2157\"><strong data-start=\"1992\" data-end=\"2014\">Estabilidad moderada<\/strong> \u2013 J-Frame, base ancha y Active Foot Frame ayudan a controlar la pronaci\u00f3n sin endurecer la carrera.<\/p>\n<\/li>\n<\/ul>\n","protected":false},"featured_media":341527,"template":"","meta":{"_acf_changed":false,"inline_featured_image":false},"product_brand":[],"product_cat":[24227,24228],"product_tag":[23479,23645],"class_list":{"0":"post-341571","1":"product","2":"type-product","3":"status-publish","4":"has-post-thumbnail","6":"product_cat-calzado-femenino","7":"product_cat-neutre-es","8":"product_tag-hoka-one-one-es","9":"product_tag-hoka-mujer","10":"pa_attivita-running-es","11":"pa_colore-mach-x3-w-neon-rose-neon-tangerine-es","12":"pa_colore-mach-x3-w-neon-yuzu-squik-ink","13":"pa_colore-mach-x3-w-white-alabaster","14":"pa_marca-hoka-es","15":"pa_sesso-mujer","16":"pa_size-38-es","18":"pa_size-39-es","19":"pa_size-40-es","20":"pa_size-41-es","22":"first","23":"instock","24":"sale","25":"taxable","26":"shipping-taxable","27":"purchasable","28":"product-type-variable","29":"wvs-archive-product-wrapper"},"acf":[],"yoast_head":"<!-- This site is optimized with the Yoast SEO plugin v26.8 - https:\/\/yoast.com\/product\/yoast-seo-wordpress\/ -->\n<title>Hoka Mach X 3 mujer - zapatillas de running - MioMioRun.com<\/title>\n<meta name=\"description\" content=\"HOKA Mach X 3: zapatillas de asfalto con placa de Pebax y capa de PEBA. Reactivas, ligeras y estables (J-Frame). Diferencial de 5 mm. Perfectas para carreras de media distancia, series y entrenamientos progresivos.\" \/>\n<meta name=\"robots\" content=\"index, follow, max-snippet:-1, max-image-preview:large, max-video-preview:-1\" \/>\n<link rel=\"canonical\" href=\"https:\/\/www.miomiorun.com\/es\/producto\/mach-x-3-mujer\/\" \/>\n<meta property=\"og:locale\" content=\"es_ES\" \/>\n<meta property=\"og:type\" content=\"article\" \/>\n<meta property=\"og:title\" content=\"Hoka Mach X 3 mujer - zapatillas de running - MioMioRun.com\" \/>\n<meta property=\"og:description\" content=\"HOKA Mach X 3: zapatillas de asfalto con placa de Pebax y capa de PEBA. Reactivas, ligeras y estables (J-Frame). Diferencial de 5 mm. Perfectas para carreras de media distancia, series y entrenamientos progresivos.\" \/>\n<meta property=\"og:url\" content=\"https:\/\/www.miomiorun.com\/es\/producto\/mach-x-3-mujer\/\" \/>\n<meta property=\"og:site_name\" content=\"MioMioRun\" \/>\n<meta property=\"article:publisher\" content=\"https:\/\/www.facebook.com\/miomiorun\/\" \/>\n<meta property=\"article:modified_time\" content=\"2026-04-17T09:05:47+00:00\" \/>\n<meta property=\"og:image\" content=\"https:\/\/www.miomiorun.com\/app\/uploads\/2025\/08\/hoka-Mach-X3-W-neon-rose-neon-tangerine-1168721-NNRS.webp\" \/>\n\t<meta property=\"og:image:width\" content=\"720\" \/>\n\t<meta property=\"og:image:height\" content=\"720\" \/>\n\t<meta property=\"og:image:type\" content=\"image\/webp\" \/>\n<meta name=\"twitter:card\" content=\"summary_large_image\" \/>\n<meta name=\"twitter:label1\" content=\"Est. reading time\" \/>\n\t<meta name=\"twitter:data1\" content=\"2 minutes\" \/>\n<script type=\"application\/ld+json\" class=\"yoast-schema-graph\">{\"@context\":\"https:\/\/schema.org\",\"@graph\":[{\"@type\":\"WebPage\",\"@id\":\"https:\/\/www.miomiorun.com\/es\/producto\/mach-x-3-mujer\/\",\"url\":\"https:\/\/www.miomiorun.com\/es\/producto\/mach-x-3-mujer\/\",\"name\":\"Hoka Mach X 3 mujer - zapatillas de running - MioMioRun.com\",\"isPartOf\":{\"@id\":\"https:\/\/www.miomiorun.com\/es\/#website\"},\"primaryImageOfPage\":{\"@id\":\"https:\/\/www.miomiorun.com\/es\/producto\/mach-x-3-mujer\/#primaryimage\"},\"image\":{\"@id\":\"https:\/\/www.miomiorun.com\/es\/producto\/mach-x-3-mujer\/#primaryimage\"},\"thumbnailUrl\":\"https:\/\/www.miomiorun.com\/app\/uploads\/2025\/08\/hoka-Mach-X3-W-neon-rose-neon-tangerine-1168721-NNRS.webp\",\"datePublished\":\"2025-08-30T16:06:25+00:00\",\"dateModified\":\"2026-04-17T09:05:47+00:00\",\"description\":\"HOKA Mach X 3: zapatillas de asfalto con placa de Pebax y capa de PEBA. Reactivas, ligeras y estables (J-Frame). Diferencial de 5 mm. Perfectas para carreras de media distancia, series y entrenamientos progresivos.\",\"breadcrumb\":{\"@id\":\"https:\/\/www.miomiorun.com\/es\/producto\/mach-x-3-mujer\/#breadcrumb\"},\"inLanguage\":\"es-ES\",\"potentialAction\":[{\"@type\":\"ReadAction\",\"target\":[\"https:\/\/www.miomiorun.com\/es\/producto\/mach-x-3-mujer\/\"]}]},{\"@type\":\"ImageObject\",\"inLanguage\":\"es-ES\",\"@id\":\"https:\/\/www.miomiorun.com\/es\/producto\/mach-x-3-mujer\/#primaryimage\",\"url\":\"https:\/\/www.miomiorun.com\/app\/uploads\/2025\/08\/hoka-Mach-X3-W-neon-rose-neon-tangerine-1168721-NNRS.webp\",\"contentUrl\":\"https:\/\/www.miomiorun.com\/app\/uploads\/2025\/08\/hoka-Mach-X3-W-neon-rose-neon-tangerine-1168721-NNRS.webp\",\"width\":720,\"height\":720,\"caption\":\"hoka Mach X3 W neon rose neon tangerine 1168721 NNRS\"},{\"@type\":\"BreadcrumbList\",\"@id\":\"https:\/\/www.miomiorun.com\/es\/producto\/mach-x-3-mujer\/#breadcrumb\",\"itemListElement\":[{\"@type\":\"ListItem\",\"position\":1,\"name\":\"Home\",\"item\":\"https:\/\/www.miomiorun.com\/es\/\"},{\"@type\":\"ListItem\",\"position\":2,\"name\":\"Shop\",\"item\":\"https:\/\/www.miomiorun.com\/shop\/\"},{\"@type\":\"ListItem\",\"position\":3,\"name\":\"Mach X 3 mujer\"}]},{\"@type\":\"WebSite\",\"@id\":\"https:\/\/www.miomiorun.com\/es\/#website\",\"url\":\"https:\/\/www.miomiorun.com\/es\/\",\"name\":\"MioMioRun\",\"description\":\"Tienda 100% running y trail\",\"publisher\":{\"@id\":\"https:\/\/www.miomiorun.com\/es\/#organization\"},\"potentialAction\":[{\"@type\":\"SearchAction\",\"target\":{\"@type\":\"EntryPoint\",\"urlTemplate\":\"https:\/\/www.miomiorun.com\/es\/?s={search_term_string}\"},\"query-input\":{\"@type\":\"PropertyValueSpecification\",\"valueRequired\":true,\"valueName\":\"search_term_string\"}}],\"inLanguage\":\"es-ES\"},{\"@type\":\"Organization\",\"@id\":\"https:\/\/www.miomiorun.com\/es\/#organization\",\"name\":\"MioMio Run\",\"url\":\"https:\/\/www.miomiorun.com\/es\/\",\"logo\":{\"@type\":\"ImageObject\",\"inLanguage\":\"es-ES\",\"@id\":\"https:\/\/www.miomiorun.com\/es\/#\/schema\/logo\/image\/\",\"url\":\"https:\/\/www.miomiorun.com\/app\/uploads\/2019\/12\/logomio.png\",\"contentUrl\":\"https:\/\/www.miomiorun.com\/app\/uploads\/2019\/12\/logomio.png\",\"width\":115,\"height\":82,\"caption\":\"MioMio Run\"},\"image\":{\"@id\":\"https:\/\/www.miomiorun.com\/es\/#\/schema\/logo\/image\/\"},\"sameAs\":[\"https:\/\/www.facebook.com\/miomiorun\/\",\"https:\/\/www.instagram.com\/miomiorun\/\"]}]}<\/script>\n<!-- \/ Yoast SEO plugin. -->","yoast_head_json":{"title":"Hoka Mach X 3 mujer - zapatillas de running - MioMioRun.com","description":"HOKA Mach X 3: zapatillas de asfalto con placa de Pebax y capa de PEBA. Reactivas, ligeras y estables (J-Frame). Diferencial de 5 mm. Perfectas para carreras de media distancia, series y entrenamientos progresivos.","robots":{"index":"index","follow":"follow","max-snippet":"max-snippet:-1","max-image-preview":"max-image-preview:large","max-video-preview":"max-video-preview:-1"},"canonical":"https:\/\/www.miomiorun.com\/es\/producto\/mach-x-3-mujer\/","og_locale":"es_ES","og_type":"article","og_title":"Hoka Mach X 3 mujer - zapatillas de running - MioMioRun.com","og_description":"HOKA Mach X 3: zapatillas de asfalto con placa de Pebax y capa de PEBA. Reactivas, ligeras y estables (J-Frame). Diferencial de 5 mm. Perfectas para carreras de media distancia, series y entrenamientos progresivos.","og_url":"https:\/\/www.miomiorun.com\/es\/producto\/mach-x-3-mujer\/","og_site_name":"MioMioRun","article_publisher":"https:\/\/www.facebook.com\/miomiorun\/","article_modified_time":"2026-04-17T09:05:47+00:00","og_image":[{"width":720,"height":720,"url":"https:\/\/www.miomiorun.com\/app\/uploads\/2025\/08\/hoka-Mach-X3-W-neon-rose-neon-tangerine-1168721-NNRS.webp","type":"image\/webp"}],"twitter_card":"summary_large_image","twitter_misc":{"Est. reading time":"2 minutes"},"schema":{"@context":"https:\/\/schema.org","@graph":[{"@type":"WebPage","@id":"https:\/\/www.miomiorun.com\/es\/producto\/mach-x-3-mujer\/","url":"https:\/\/www.miomiorun.com\/es\/producto\/mach-x-3-mujer\/","name":"Hoka Mach X 3 mujer - zapatillas de running - MioMioRun.com","isPartOf":{"@id":"https:\/\/www.miomiorun.com\/es\/#website"},"primaryImageOfPage":{"@id":"https:\/\/www.miomiorun.com\/es\/producto\/mach-x-3-mujer\/#primaryimage"},"image":{"@id":"https:\/\/www.miomiorun.com\/es\/producto\/mach-x-3-mujer\/#primaryimage"},"thumbnailUrl":"https:\/\/www.miomiorun.com\/app\/uploads\/2025\/08\/hoka-Mach-X3-W-neon-rose-neon-tangerine-1168721-NNRS.webp","datePublished":"2025-08-30T16:06:25+00:00","dateModified":"2026-04-17T09:05:47+00:00","description":"HOKA Mach X 3: zapatillas de asfalto con placa de Pebax y capa de PEBA. Reactivas, ligeras y estables (J-Frame). Diferencial de 5 mm. Perfectas para carreras de media distancia, series y entrenamientos progresivos.","breadcrumb":{"@id":"https:\/\/www.miomiorun.com\/es\/producto\/mach-x-3-mujer\/#breadcrumb"},"inLanguage":"es-ES","potentialAction":[{"@type":"ReadAction","target":["https:\/\/www.miomiorun.com\/es\/producto\/mach-x-3-mujer\/"]}]},{"@type":"ImageObject","inLanguage":"es-ES","@id":"https:\/\/www.miomiorun.com\/es\/producto\/mach-x-3-mujer\/#primaryimage","url":"https:\/\/www.miomiorun.com\/app\/uploads\/2025\/08\/hoka-Mach-X3-W-neon-rose-neon-tangerine-1168721-NNRS.webp","contentUrl":"https:\/\/www.miomiorun.com\/app\/uploads\/2025\/08\/hoka-Mach-X3-W-neon-rose-neon-tangerine-1168721-NNRS.webp","width":720,"height":720,"caption":"hoka Mach X3 W neon rose neon tangerine 1168721 NNRS"},{"@type":"BreadcrumbList","@id":"https:\/\/www.miomiorun.com\/es\/producto\/mach-x-3-mujer\/#breadcrumb","itemListElement":[{"@type":"ListItem","position":1,"name":"Home","item":"https:\/\/www.miomiorun.com\/es\/"},{"@type":"ListItem","position":2,"name":"Shop","item":"https:\/\/www.miomiorun.com\/shop\/"},{"@type":"ListItem","position":3,"name":"Mach X 3 mujer"}]},{"@type":"WebSite","@id":"https:\/\/www.miomiorun.com\/es\/#website","url":"https:\/\/www.miomiorun.com\/es\/","name":"MioMioRun","description":"Tienda 100% running y trail","publisher":{"@id":"https:\/\/www.miomiorun.com\/es\/#organization"},"potentialAction":[{"@type":"SearchAction","target":{"@type":"EntryPoint","urlTemplate":"https:\/\/www.miomiorun.com\/es\/?s={search_term_string}"},"query-input":{"@type":"PropertyValueSpecification","valueRequired":true,"valueName":"search_term_string"}}],"inLanguage":"es-ES"},{"@type":"Organization","@id":"https:\/\/www.miomiorun.com\/es\/#organization","name":"MioMio Run","url":"https:\/\/www.miomiorun.com\/es\/","logo":{"@type":"ImageObject","inLanguage":"es-ES","@id":"https:\/\/www.miomiorun.com\/es\/#\/schema\/logo\/image\/","url":"https:\/\/www.miomiorun.com\/app\/uploads\/2019\/12\/logomio.png","contentUrl":"https:\/\/www.miomiorun.com\/app\/uploads\/2019\/12\/logomio.png","width":115,"height":82,"caption":"MioMio Run"},"image":{"@id":"https:\/\/www.miomiorun.com\/es\/#\/schema\/logo\/image\/"},"sameAs":["https:\/\/www.facebook.com\/miomiorun\/","https:\/\/www.instagram.com\/miomiorun\/"]}]}},"_links":{"self":[{"href":"https:\/\/www.miomiorun.com\/es\/wp-json\/wp\/v2\/product\/341571","targetHints":{"allow":["GET"]}}],"collection":[{"href":"https:\/\/www.miomiorun.com\/es\/wp-json\/wp\/v2\/product"}],"about":[{"href":"https:\/\/www.miomiorun.com\/es\/wp-json\/wp\/v2\/types\/product"}],"wp:featuredmedia":[{"embeddable":true,"href":"https:\/\/www.miomiorun.com\/es\/wp-json\/wp\/v2\/media\/341527"}],"wp:attachment":[{"href":"https:\/\/www.miomiorun.com\/es\/wp-json\/wp\/v2\/media?parent=341571"}],"wp:term":[{"taxonomy":"product_brand","embeddable":true,"href":"https:\/\/www.miomiorun.com\/es\/wp-json\/wp\/v2\/product_brand?post=341571"},{"taxonomy":"product_cat","embeddable":true,"href":"https:\/\/www.miomiorun.com\/es\/wp-json\/wp\/v2\/product_cat?post=341571"},{"taxonomy":"product_tag","embeddable":true,"href":"https:\/\/www.miomiorun.com\/es\/wp-json\/wp\/v2\/product_tag?post=341571"}],"curies":[{"name":"wp","href":"https:\/\/api.w.org\/{rel}","templated":true}]}}