{"id":339045,"date":"2025-08-23T12:07:28","date_gmt":"2025-08-23T10:07:28","guid":{"rendered":"https:\/\/www.miomiorun.com\/?post_type=product&#038;p=339045"},"modified":"2026-05-08T16:31:26","modified_gmt":"2026-05-08T14:31:26","slug":"aero-glide-3-mujer","status":"publish","type":"product","link":"https:\/\/www.miomiorun.com\/es\/producto\/aero-glide-3-mujer\/","title":{"rendered":"Aero Glide 3 mujer"},"content":{"rendered":"<div class=\"vc-row container\"><div class=\"vc-column\"><div class=\"vc-column-text\"><\/p>\n<h4>Especificaciones t\u00e9cnicas<\/h4>\n<p>Categor\u00eda: Amortiguaci\u00f3n superior<\/p>\n<p>Peso: 205 g<\/p>\n<p>Diferencial: 8 mm<\/p>\n<p>Ideal para: corredores que buscan una combinaci\u00f3n de amortiguaci\u00f3n reactiva, protecci\u00f3n del pie y comodidad excepcional<br \/>\n<a href=\"https:\/\/miomiorun.com\/guida-alle-specifiche-tecniche\/\">Gu\u00eda de especificaciones t\u00e9cnicas<\/a><\/p>\n<p><\/div><\/div><div class=\"vc-column\"><div class=\"vc-column-text\"><\/p>\n<p data-start=\"232\" data-end=\"729\">La Aero Glide 3 es la zapatilla de running que redefine el concepto de amortiguaci\u00f3n y comodidad para tus carreras diarias. Dise\u00f1ada para quienes buscan una zancada fluida y din\u00e1mica, esta zapatilla de entrenamiento ofrece una amortiguaci\u00f3n m\u00e1xima gracias a una gruesa capa de espuma ligera y reactiva, capaz de devolver energ\u00eda en cada paso. Con un peso de solo 205 gramos y un drop de 8 mm, resulta la compa\u00f1era ideal para correr 2-3 veces a la semana manteniendo siempre protecci\u00f3n y ligereza.<\/p>\n<p data-start=\"731\" data-end=\"1140\">La suela Road Contagrip\u00ae garantiza un agarre y una durabilidad excepcionales sobre superficies duras y planas, gracias a una combinaci\u00f3n de tacos anchos y una mezcla de alta resistencia. En la entresuela, la tecnolog\u00eda Reverse Camber \u2014inspirada en el mundo del esqu\u00ed\u2014 proporciona la sensaci\u00f3n de \u00abflotar\u00bb sobre el terreno, mientras que la nueva Energy Foam evo garantiza una absorci\u00f3n de impactos superior con un efecto de rebote en\u00e9rgico.<\/p>\n<p data-start=\"1142\" data-end=\"1478\">La parte superior de malla 3D sin costuras envuelve el pie como un guante, garantizando transpirabilidad y comodidad desde el primer hasta el \u00faltimo kil\u00f3metro. En el interior, el forro de tejido suave y la plantilla OrthoLite\u00ae moldeada a\u00f1aden mayor comodidad, adapt\u00e1ndose a la forma del pie y garantizando frescura y amortiguaci\u00f3n duradera.<\/p>\n<p data-start=\"1480\" data-end=\"1675\">El sistema de cordones tradicional permite un ajuste seguro y preciso, mientras que los materiales reciclados utilizados en su fabricaci\u00f3n subrayan el compromiso de Salomon con la sostenibilidad.<\/p>\n<p data-start=\"1677\" data-end=\"1788\">Con las Aero Glide 3 tendr\u00e1s energ\u00eda, protecci\u00f3n y una comodidad revolucionaria para afrontar cada carrera con ligereza.<\/p>\n<p><\/div><\/div><\/div>\n","protected":false},"excerpt":{"rendered":"<ul>\n<li data-start=\"114\" data-end=\"178\">\n<p data-start=\"116\" data-end=\"178\">Amortiguaci\u00f3n m\u00e1xima con espuma Energy Foam evo.<\/p>\n<\/li>\n<li data-start=\"179\" data-end=\"239\">\n<p data-start=\"181\" data-end=\"239\">Suela Road Contagrip\u00ae: agarre y resistencia sobre el asfalto.<\/p>\n<\/li>\n<li data-start=\"240\" data-end=\"305\">\n<p data-start=\"242\" data-end=\"305\">Entresuela Reverse Camber: transiciones fluidas y naturales.<\/p>\n<\/li>\n<\/ul>\n","protected":false},"featured_media":350864,"template":"","meta":{"_acf_changed":false,"inline_featured_image":false},"product_brand":[],"product_cat":[24415,24412],"product_tag":[23582,23618],"class_list":{"0":"post-339045","1":"product","2":"type-product","3":"status-publish","4":"has-post-thumbnail","6":"product_cat-calzado-de-mujer","7":"product_cat-trail-es-2","8":"product_tag-salomon-es","9":"product_tag-salomon-mujer","10":"pa_attivita-caminar","11":"pa_attivita-lifestyle-es","12":"pa_attivita-running-es","13":"pa_colore-aero-glide-3-w-sedsa-vanilla-cyclam-es","14":"pa_marca-salomon-es","15":"pa_sesso-mujer","16":"pa_size-37-es","17":"pa_size-38-es","19":"pa_size-39-es","20":"pa_size-40-es","22":"first","23":"instock","24":"sale","25":"taxable","26":"shipping-taxable","27":"purchasable","28":"product-type-variable","29":"wvs-archive-product-wrapper"},"acf":[],"yoast_head":"<!-- This site is optimized with the Yoast SEO plugin v26.8 - https:\/\/yoast.com\/product\/yoast-seo-wordpress\/ -->\n<title>Salomon Aero Glide 3 mujer - zapatillas de running para mujer- MioMioRun<\/title>\n<meta name=\"description\" content=\"Descubre las Salomon Aero Glide 3: unas zapatillas de running ligeras y reactivas, con una amortiguaci\u00f3n m\u00e1xima y una comodidad superior para tus carreras diarias.\" \/>\n<meta name=\"robots\" content=\"index, follow, max-snippet:-1, max-image-preview:large, max-video-preview:-1\" \/>\n<link rel=\"canonical\" href=\"https:\/\/www.miomiorun.com\/es\/producto\/aero-glide-3-mujer\/\" \/>\n<meta property=\"og:locale\" content=\"es_ES\" \/>\n<meta property=\"og:type\" content=\"article\" \/>\n<meta property=\"og:title\" content=\"Salomon Aero Glide 3 mujer - zapatillas de running para mujer- MioMioRun\" \/>\n<meta property=\"og:description\" content=\"Descubre las Salomon Aero Glide 3: unas zapatillas de running ligeras y reactivas, con una amortiguaci\u00f3n m\u00e1xima y una comodidad superior para tus carreras diarias.\" \/>\n<meta property=\"og:url\" content=\"https:\/\/www.miomiorun.com\/es\/producto\/aero-glide-3-mujer\/\" \/>\n<meta property=\"og:site_name\" content=\"MioMioRun\" \/>\n<meta property=\"article:publisher\" content=\"https:\/\/www.facebook.com\/miomiorun\/\" \/>\n<meta property=\"article:modified_time\" content=\"2026-05-08T14:31:26+00:00\" \/>\n<meta property=\"og:image\" content=\"https:\/\/www.miomiorun.com\/app\/uploads\/2025\/09\/salomon-Aero-Glide-3-W-sedsa-vanilla-cyclam-L47975800.webp\" \/>\n\t<meta property=\"og:image:width\" content=\"720\" \/>\n\t<meta property=\"og:image:height\" content=\"720\" \/>\n\t<meta property=\"og:image:type\" content=\"image\/webp\" \/>\n<meta name=\"twitter:card\" content=\"summary_large_image\" \/>\n<meta name=\"twitter:label1\" content=\"Est. reading time\" \/>\n\t<meta name=\"twitter:data1\" content=\"2 minutes\" \/>\n<script type=\"application\/ld+json\" class=\"yoast-schema-graph\">{\"@context\":\"https:\/\/schema.org\",\"@graph\":[{\"@type\":\"WebPage\",\"@id\":\"https:\/\/www.miomiorun.com\/es\/producto\/aero-glide-3-mujer\/\",\"url\":\"https:\/\/www.miomiorun.com\/es\/producto\/aero-glide-3-mujer\/\",\"name\":\"Salomon Aero Glide 3 mujer - zapatillas de running para mujer- MioMioRun\",\"isPartOf\":{\"@id\":\"https:\/\/www.miomiorun.com\/es\/#website\"},\"primaryImageOfPage\":{\"@id\":\"https:\/\/www.miomiorun.com\/es\/producto\/aero-glide-3-mujer\/#primaryimage\"},\"image\":{\"@id\":\"https:\/\/www.miomiorun.com\/es\/producto\/aero-glide-3-mujer\/#primaryimage\"},\"thumbnailUrl\":\"https:\/\/www.miomiorun.com\/app\/uploads\/2025\/09\/salomon-Aero-Glide-3-W-sedsa-vanilla-cyclam-L47975800.webp\",\"datePublished\":\"2025-08-23T10:07:28+00:00\",\"dateModified\":\"2026-05-08T14:31:26+00:00\",\"description\":\"Descubre las Salomon Aero Glide 3: unas zapatillas de running ligeras y reactivas, con una amortiguaci\u00f3n m\u00e1xima y una comodidad superior para tus carreras diarias.\",\"breadcrumb\":{\"@id\":\"https:\/\/www.miomiorun.com\/es\/producto\/aero-glide-3-mujer\/#breadcrumb\"},\"inLanguage\":\"es-ES\",\"potentialAction\":[{\"@type\":\"ReadAction\",\"target\":[\"https:\/\/www.miomiorun.com\/es\/producto\/aero-glide-3-mujer\/\"]}]},{\"@type\":\"ImageObject\",\"inLanguage\":\"es-ES\",\"@id\":\"https:\/\/www.miomiorun.com\/es\/producto\/aero-glide-3-mujer\/#primaryimage\",\"url\":\"https:\/\/www.miomiorun.com\/app\/uploads\/2025\/09\/salomon-Aero-Glide-3-W-sedsa-vanilla-cyclam-L47975800.webp\",\"contentUrl\":\"https:\/\/www.miomiorun.com\/app\/uploads\/2025\/09\/salomon-Aero-Glide-3-W-sedsa-vanilla-cyclam-L47975800.webp\",\"width\":720,\"height\":720,\"caption\":\"salomon Aero Glide 3 W sedsa vanilla cyclam L47975800\"},{\"@type\":\"BreadcrumbList\",\"@id\":\"https:\/\/www.miomiorun.com\/es\/producto\/aero-glide-3-mujer\/#breadcrumb\",\"itemListElement\":[{\"@type\":\"ListItem\",\"position\":1,\"name\":\"Home\",\"item\":\"https:\/\/www.miomiorun.com\/es\/\"},{\"@type\":\"ListItem\",\"position\":2,\"name\":\"Shop\",\"item\":\"https:\/\/www.miomiorun.com\/shop\/\"},{\"@type\":\"ListItem\",\"position\":3,\"name\":\"Aero Glide 3 mujer\"}]},{\"@type\":\"WebSite\",\"@id\":\"https:\/\/www.miomiorun.com\/es\/#website\",\"url\":\"https:\/\/www.miomiorun.com\/es\/\",\"name\":\"MioMioRun\",\"description\":\"Tienda 100% running y trail\",\"publisher\":{\"@id\":\"https:\/\/www.miomiorun.com\/es\/#organization\"},\"potentialAction\":[{\"@type\":\"SearchAction\",\"target\":{\"@type\":\"EntryPoint\",\"urlTemplate\":\"https:\/\/www.miomiorun.com\/es\/?s={search_term_string}\"},\"query-input\":{\"@type\":\"PropertyValueSpecification\",\"valueRequired\":true,\"valueName\":\"search_term_string\"}}],\"inLanguage\":\"es-ES\"},{\"@type\":\"Organization\",\"@id\":\"https:\/\/www.miomiorun.com\/es\/#organization\",\"name\":\"MioMio Run\",\"url\":\"https:\/\/www.miomiorun.com\/es\/\",\"logo\":{\"@type\":\"ImageObject\",\"inLanguage\":\"es-ES\",\"@id\":\"https:\/\/www.miomiorun.com\/es\/#\/schema\/logo\/image\/\",\"url\":\"https:\/\/www.miomiorun.com\/app\/uploads\/2019\/12\/logomio.png\",\"contentUrl\":\"https:\/\/www.miomiorun.com\/app\/uploads\/2019\/12\/logomio.png\",\"width\":115,\"height\":82,\"caption\":\"MioMio Run\"},\"image\":{\"@id\":\"https:\/\/www.miomiorun.com\/es\/#\/schema\/logo\/image\/\"},\"sameAs\":[\"https:\/\/www.facebook.com\/miomiorun\/\",\"https:\/\/www.instagram.com\/miomiorun\/\"]}]}<\/script>\n<!-- \/ Yoast SEO plugin. -->","yoast_head_json":{"title":"Salomon Aero Glide 3 mujer - zapatillas de running para mujer- MioMioRun","description":"Descubre las Salomon Aero Glide 3: unas zapatillas de running ligeras y reactivas, con una amortiguaci\u00f3n m\u00e1xima y una comodidad superior para tus carreras diarias.","robots":{"index":"index","follow":"follow","max-snippet":"max-snippet:-1","max-image-preview":"max-image-preview:large","max-video-preview":"max-video-preview:-1"},"canonical":"https:\/\/www.miomiorun.com\/es\/producto\/aero-glide-3-mujer\/","og_locale":"es_ES","og_type":"article","og_title":"Salomon Aero Glide 3 mujer - zapatillas de running para mujer- MioMioRun","og_description":"Descubre las Salomon Aero Glide 3: unas zapatillas de running ligeras y reactivas, con una amortiguaci\u00f3n m\u00e1xima y una comodidad superior para tus carreras diarias.","og_url":"https:\/\/www.miomiorun.com\/es\/producto\/aero-glide-3-mujer\/","og_site_name":"MioMioRun","article_publisher":"https:\/\/www.facebook.com\/miomiorun\/","article_modified_time":"2026-05-08T14:31:26+00:00","og_image":[{"width":720,"height":720,"url":"https:\/\/www.miomiorun.com\/app\/uploads\/2025\/09\/salomon-Aero-Glide-3-W-sedsa-vanilla-cyclam-L47975800.webp","type":"image\/webp"}],"twitter_card":"summary_large_image","twitter_misc":{"Est. reading time":"2 minutes"},"schema":{"@context":"https:\/\/schema.org","@graph":[{"@type":"WebPage","@id":"https:\/\/www.miomiorun.com\/es\/producto\/aero-glide-3-mujer\/","url":"https:\/\/www.miomiorun.com\/es\/producto\/aero-glide-3-mujer\/","name":"Salomon Aero Glide 3 mujer - zapatillas de running para mujer- MioMioRun","isPartOf":{"@id":"https:\/\/www.miomiorun.com\/es\/#website"},"primaryImageOfPage":{"@id":"https:\/\/www.miomiorun.com\/es\/producto\/aero-glide-3-mujer\/#primaryimage"},"image":{"@id":"https:\/\/www.miomiorun.com\/es\/producto\/aero-glide-3-mujer\/#primaryimage"},"thumbnailUrl":"https:\/\/www.miomiorun.com\/app\/uploads\/2025\/09\/salomon-Aero-Glide-3-W-sedsa-vanilla-cyclam-L47975800.webp","datePublished":"2025-08-23T10:07:28+00:00","dateModified":"2026-05-08T14:31:26+00:00","description":"Descubre las Salomon Aero Glide 3: unas zapatillas de running ligeras y reactivas, con una amortiguaci\u00f3n m\u00e1xima y una comodidad superior para tus carreras diarias.","breadcrumb":{"@id":"https:\/\/www.miomiorun.com\/es\/producto\/aero-glide-3-mujer\/#breadcrumb"},"inLanguage":"es-ES","potentialAction":[{"@type":"ReadAction","target":["https:\/\/www.miomiorun.com\/es\/producto\/aero-glide-3-mujer\/"]}]},{"@type":"ImageObject","inLanguage":"es-ES","@id":"https:\/\/www.miomiorun.com\/es\/producto\/aero-glide-3-mujer\/#primaryimage","url":"https:\/\/www.miomiorun.com\/app\/uploads\/2025\/09\/salomon-Aero-Glide-3-W-sedsa-vanilla-cyclam-L47975800.webp","contentUrl":"https:\/\/www.miomiorun.com\/app\/uploads\/2025\/09\/salomon-Aero-Glide-3-W-sedsa-vanilla-cyclam-L47975800.webp","width":720,"height":720,"caption":"salomon Aero Glide 3 W sedsa vanilla cyclam L47975800"},{"@type":"BreadcrumbList","@id":"https:\/\/www.miomiorun.com\/es\/producto\/aero-glide-3-mujer\/#breadcrumb","itemListElement":[{"@type":"ListItem","position":1,"name":"Home","item":"https:\/\/www.miomiorun.com\/es\/"},{"@type":"ListItem","position":2,"name":"Shop","item":"https:\/\/www.miomiorun.com\/shop\/"},{"@type":"ListItem","position":3,"name":"Aero Glide 3 mujer"}]},{"@type":"WebSite","@id":"https:\/\/www.miomiorun.com\/es\/#website","url":"https:\/\/www.miomiorun.com\/es\/","name":"MioMioRun","description":"Tienda 100% running y trail","publisher":{"@id":"https:\/\/www.miomiorun.com\/es\/#organization"},"potentialAction":[{"@type":"SearchAction","target":{"@type":"EntryPoint","urlTemplate":"https:\/\/www.miomiorun.com\/es\/?s={search_term_string}"},"query-input":{"@type":"PropertyValueSpecification","valueRequired":true,"valueName":"search_term_string"}}],"inLanguage":"es-ES"},{"@type":"Organization","@id":"https:\/\/www.miomiorun.com\/es\/#organization","name":"MioMio Run","url":"https:\/\/www.miomiorun.com\/es\/","logo":{"@type":"ImageObject","inLanguage":"es-ES","@id":"https:\/\/www.miomiorun.com\/es\/#\/schema\/logo\/image\/","url":"https:\/\/www.miomiorun.com\/app\/uploads\/2019\/12\/logomio.png","contentUrl":"https:\/\/www.miomiorun.com\/app\/uploads\/2019\/12\/logomio.png","width":115,"height":82,"caption":"MioMio Run"},"image":{"@id":"https:\/\/www.miomiorun.com\/es\/#\/schema\/logo\/image\/"},"sameAs":["https:\/\/www.facebook.com\/miomiorun\/","https:\/\/www.instagram.com\/miomiorun\/"]}]}},"_links":{"self":[{"href":"https:\/\/www.miomiorun.com\/es\/wp-json\/wp\/v2\/product\/339045","targetHints":{"allow":["GET"]}}],"collection":[{"href":"https:\/\/www.miomiorun.com\/es\/wp-json\/wp\/v2\/product"}],"about":[{"href":"https:\/\/www.miomiorun.com\/es\/wp-json\/wp\/v2\/types\/product"}],"wp:featuredmedia":[{"embeddable":true,"href":"https:\/\/www.miomiorun.com\/es\/wp-json\/wp\/v2\/media\/350864"}],"wp:attachment":[{"href":"https:\/\/www.miomiorun.com\/es\/wp-json\/wp\/v2\/media?parent=339045"}],"wp:term":[{"taxonomy":"product_brand","embeddable":true,"href":"https:\/\/www.miomiorun.com\/es\/wp-json\/wp\/v2\/product_brand?post=339045"},{"taxonomy":"product_cat","embeddable":true,"href":"https:\/\/www.miomiorun.com\/es\/wp-json\/wp\/v2\/product_cat?post=339045"},{"taxonomy":"product_tag","embeddable":true,"href":"https:\/\/www.miomiorun.com\/es\/wp-json\/wp\/v2\/product_tag?post=339045"}],"curies":[{"name":"wp","href":"https:\/\/api.w.org\/{rel}","templated":true}]}}