{"id":338987,"date":"2025-08-23T11:48:21","date_gmt":"2025-08-23T09:48:21","guid":{"rendered":"https:\/\/www.miomiorun.com\/?post_type=product&#038;p=338987"},"modified":"2026-04-27T18:21:18","modified_gmt":"2026-04-27T16:21:18","slug":"soft-flask-250-ml","status":"publish","type":"product","link":"https:\/\/www.miomiorun.com\/es\/producto\/soft-flask-250-ml\/","title":{"rendered":"Soft Flask 250 ml"},"content":{"rendered":"<p>Con su tap\u00f3n de 28 mm de di\u00e1metro y su v\u00e1lvula de alto caudal, la <strong>SOFT FLASK <\/strong>250 ml\/8 oz 28 de Salomon te ayuda a mantenerte hidratado m\u00e1s r\u00e1pido y con mayor facilidad, para que puedas concentrarte en el recorrido que te espera. Al reducirse a medida que bebes para limitar la molestia del agua que se mueve en su interior, esta botella te permite saber exactamente cu\u00e1nto l\u00edquido queda. Compatible con todos los tapones Salomon con abertura de 28 mm.<\/p>\n<h3>Caracter\u00edsticas:<\/h3>\n<div class=\"pdp-gap-m\">\n<p class=\"pdp-sidebar-popin-details_subtitle\">HIDRATACI\u00d3N<\/p>\n<ul>\n<li>V\u00e1lvula de alto caudal<\/li>\n<li>Apertura de 28 mm<\/li>\n<li>Costuras soldadas en TPU y por radiofrecuencia<\/li>\n<li>Amplio rango de temperaturas de uso<\/li>\n<\/ul>\n<\/div>\n<div class=\"pdp-gap-m\">\n<p class=\"pdp-sidebar-popin-details_subtitle\">SOSTENIBILIDAD<\/p>\n<ul>\n<li>100 % sin BPA ni PVC<\/li>\n<li>Sin PFC<\/li>\n<\/ul>\n<\/div>\n<p>&nbsp;<\/p>\n<p>&nbsp;<\/p>\n<p>&nbsp;<\/p>\n","protected":false},"excerpt":{"rendered":"<ul>\n<li>Botella de agua plegable con capacidad para hasta 250 ml de l\u00edquido.<\/li>\n<li>Ideal para hidratarse durante las carreras de monta\u00f1a.<\/li>\n<\/ul>\n","protected":false},"featured_media":365224,"template":"","meta":{"_acf_changed":false,"inline_featured_image":false},"product_brand":[],"product_cat":[24205,24217,24216],"product_tag":[23582],"class_list":{"0":"post-338987","1":"product","2":"type-product","3":"status-publish","4":"has-post-thumbnail","6":"product_cat-accesorios","7":"product_cat-frascos","8":"product_cat-hidratacion","9":"product_tag-salomon-es","10":"pa_attivita-outdoor-es","11":"pa_attivita-trail-es","12":"pa_marca-salomon-es","13":"pa_sesso-hombre","14":"pa_sesso-mujer","16":"first","17":"instock","18":"sale","19":"taxable","20":"shipping-taxable","21":"purchasable","22":"product-type-simple"},"acf":[],"yoast_head":"<!-- This site is optimized with the Yoast SEO plugin v26.8 - https:\/\/yoast.com\/product\/yoast-seo-wordpress\/ -->\n<title>SalomonSoft Flask 250 ml -Botella para correr - MioMioRun<\/title>\n<meta name=\"description\" content=\"La SOFT FLASK de 250 ml de Salomon te ayuda a hidratarte m\u00e1s r\u00e1pido y con mayor facilidad, para que puedas concentrarte en el recorrido que te espera.\" \/>\n<meta name=\"robots\" content=\"index, follow, max-snippet:-1, max-image-preview:large, max-video-preview:-1\" \/>\n<link rel=\"canonical\" href=\"https:\/\/www.miomiorun.com\/es\/producto\/soft-flask-250-ml\/\" \/>\n<meta property=\"og:locale\" content=\"es_ES\" \/>\n<meta property=\"og:type\" content=\"article\" \/>\n<meta property=\"og:title\" content=\"SalomonSoft Flask 250 ml -Botella para correr - MioMioRun\" \/>\n<meta property=\"og:description\" content=\"La SOFT FLASK de 250 ml de Salomon te ayuda a hidratarte m\u00e1s r\u00e1pido y con mayor facilidad, para que puedas concentrarte en el recorrido que te espera.\" \/>\n<meta property=\"og:url\" content=\"https:\/\/www.miomiorun.com\/es\/producto\/soft-flask-250-ml\/\" \/>\n<meta property=\"og:site_name\" content=\"MioMioRun\" \/>\n<meta property=\"article:publisher\" content=\"https:\/\/www.facebook.com\/miomiorun\/\" \/>\n<meta property=\"article:modified_time\" content=\"2026-04-27T16:21:18+00:00\" \/>\n<meta property=\"og:image\" content=\"https:\/\/www.miomiorun.com\/app\/uploads\/2025\/08\/salomon-Soft-flask-250ml-clear-blue-LC1986400.webp\" \/>\n\t<meta property=\"og:image:width\" content=\"720\" \/>\n\t<meta property=\"og:image:height\" content=\"720\" \/>\n\t<meta property=\"og:image:type\" content=\"image\/webp\" \/>\n<meta name=\"twitter:card\" content=\"summary_large_image\" \/>\n<meta name=\"twitter:label1\" content=\"Est. reading time\" \/>\n\t<meta name=\"twitter:data1\" content=\"1 minute\" \/>\n<script type=\"application\/ld+json\" class=\"yoast-schema-graph\">{\"@context\":\"https:\/\/schema.org\",\"@graph\":[{\"@type\":\"WebPage\",\"@id\":\"https:\/\/www.miomiorun.com\/es\/producto\/soft-flask-250-ml\/\",\"url\":\"https:\/\/www.miomiorun.com\/es\/producto\/soft-flask-250-ml\/\",\"name\":\"SalomonSoft Flask 250 ml -Botella para correr - MioMioRun\",\"isPartOf\":{\"@id\":\"https:\/\/www.miomiorun.com\/es\/#website\"},\"primaryImageOfPage\":{\"@id\":\"https:\/\/www.miomiorun.com\/es\/producto\/soft-flask-250-ml\/#primaryimage\"},\"image\":{\"@id\":\"https:\/\/www.miomiorun.com\/es\/producto\/soft-flask-250-ml\/#primaryimage\"},\"thumbnailUrl\":\"https:\/\/www.miomiorun.com\/app\/uploads\/2025\/08\/salomon-Soft-flask-250ml-clear-blue-LC1986400.webp\",\"datePublished\":\"2025-08-23T09:48:21+00:00\",\"dateModified\":\"2026-04-27T16:21:18+00:00\",\"description\":\"La SOFT FLASK de 250 ml de Salomon te ayuda a hidratarte m\u00e1s r\u00e1pido y con mayor facilidad, para que puedas concentrarte en el recorrido que te espera.\",\"breadcrumb\":{\"@id\":\"https:\/\/www.miomiorun.com\/es\/producto\/soft-flask-250-ml\/#breadcrumb\"},\"inLanguage\":\"es-ES\",\"potentialAction\":[{\"@type\":\"ReadAction\",\"target\":[\"https:\/\/www.miomiorun.com\/es\/producto\/soft-flask-250-ml\/\"]}]},{\"@type\":\"ImageObject\",\"inLanguage\":\"es-ES\",\"@id\":\"https:\/\/www.miomiorun.com\/es\/producto\/soft-flask-250-ml\/#primaryimage\",\"url\":\"https:\/\/www.miomiorun.com\/app\/uploads\/2025\/08\/salomon-Soft-flask-250ml-clear-blue-LC1986400.webp\",\"contentUrl\":\"https:\/\/www.miomiorun.com\/app\/uploads\/2025\/08\/salomon-Soft-flask-250ml-clear-blue-LC1986400.webp\",\"width\":720,\"height\":720,\"caption\":\"salomon Soft flask 250ml clear blue LC1986400\"},{\"@type\":\"BreadcrumbList\",\"@id\":\"https:\/\/www.miomiorun.com\/es\/producto\/soft-flask-250-ml\/#breadcrumb\",\"itemListElement\":[{\"@type\":\"ListItem\",\"position\":1,\"name\":\"Home\",\"item\":\"https:\/\/www.miomiorun.com\/es\/\"},{\"@type\":\"ListItem\",\"position\":2,\"name\":\"Shop\",\"item\":\"https:\/\/www.miomiorun.com\/shop\/\"},{\"@type\":\"ListItem\",\"position\":3,\"name\":\"Soft Flask 250 ml\"}]},{\"@type\":\"WebSite\",\"@id\":\"https:\/\/www.miomiorun.com\/es\/#website\",\"url\":\"https:\/\/www.miomiorun.com\/es\/\",\"name\":\"MioMioRun\",\"description\":\"Tienda 100% running y trail\",\"publisher\":{\"@id\":\"https:\/\/www.miomiorun.com\/es\/#organization\"},\"potentialAction\":[{\"@type\":\"SearchAction\",\"target\":{\"@type\":\"EntryPoint\",\"urlTemplate\":\"https:\/\/www.miomiorun.com\/es\/?s={search_term_string}\"},\"query-input\":{\"@type\":\"PropertyValueSpecification\",\"valueRequired\":true,\"valueName\":\"search_term_string\"}}],\"inLanguage\":\"es-ES\"},{\"@type\":\"Organization\",\"@id\":\"https:\/\/www.miomiorun.com\/es\/#organization\",\"name\":\"MioMio Run\",\"url\":\"https:\/\/www.miomiorun.com\/es\/\",\"logo\":{\"@type\":\"ImageObject\",\"inLanguage\":\"es-ES\",\"@id\":\"https:\/\/www.miomiorun.com\/es\/#\/schema\/logo\/image\/\",\"url\":\"https:\/\/www.miomiorun.com\/app\/uploads\/2019\/12\/logomio.png\",\"contentUrl\":\"https:\/\/www.miomiorun.com\/app\/uploads\/2019\/12\/logomio.png\",\"width\":115,\"height\":82,\"caption\":\"MioMio Run\"},\"image\":{\"@id\":\"https:\/\/www.miomiorun.com\/es\/#\/schema\/logo\/image\/\"},\"sameAs\":[\"https:\/\/www.facebook.com\/miomiorun\/\",\"https:\/\/www.instagram.com\/miomiorun\/\"]}]}<\/script>\n<!-- \/ Yoast SEO plugin. -->","yoast_head_json":{"title":"SalomonSoft Flask 250 ml -Botella para correr - MioMioRun","description":"La SOFT FLASK de 250 ml de Salomon te ayuda a hidratarte m\u00e1s r\u00e1pido y con mayor facilidad, para que puedas concentrarte en el recorrido que te espera.","robots":{"index":"index","follow":"follow","max-snippet":"max-snippet:-1","max-image-preview":"max-image-preview:large","max-video-preview":"max-video-preview:-1"},"canonical":"https:\/\/www.miomiorun.com\/es\/producto\/soft-flask-250-ml\/","og_locale":"es_ES","og_type":"article","og_title":"SalomonSoft Flask 250 ml -Botella para correr - MioMioRun","og_description":"La SOFT FLASK de 250 ml de Salomon te ayuda a hidratarte m\u00e1s r\u00e1pido y con mayor facilidad, para que puedas concentrarte en el recorrido que te espera.","og_url":"https:\/\/www.miomiorun.com\/es\/producto\/soft-flask-250-ml\/","og_site_name":"MioMioRun","article_publisher":"https:\/\/www.facebook.com\/miomiorun\/","article_modified_time":"2026-04-27T16:21:18+00:00","og_image":[{"width":720,"height":720,"url":"https:\/\/www.miomiorun.com\/app\/uploads\/2025\/08\/salomon-Soft-flask-250ml-clear-blue-LC1986400.webp","type":"image\/webp"}],"twitter_card":"summary_large_image","twitter_misc":{"Est. reading time":"1 minute"},"schema":{"@context":"https:\/\/schema.org","@graph":[{"@type":"WebPage","@id":"https:\/\/www.miomiorun.com\/es\/producto\/soft-flask-250-ml\/","url":"https:\/\/www.miomiorun.com\/es\/producto\/soft-flask-250-ml\/","name":"SalomonSoft Flask 250 ml -Botella para correr - MioMioRun","isPartOf":{"@id":"https:\/\/www.miomiorun.com\/es\/#website"},"primaryImageOfPage":{"@id":"https:\/\/www.miomiorun.com\/es\/producto\/soft-flask-250-ml\/#primaryimage"},"image":{"@id":"https:\/\/www.miomiorun.com\/es\/producto\/soft-flask-250-ml\/#primaryimage"},"thumbnailUrl":"https:\/\/www.miomiorun.com\/app\/uploads\/2025\/08\/salomon-Soft-flask-250ml-clear-blue-LC1986400.webp","datePublished":"2025-08-23T09:48:21+00:00","dateModified":"2026-04-27T16:21:18+00:00","description":"La SOFT FLASK de 250 ml de Salomon te ayuda a hidratarte m\u00e1s r\u00e1pido y con mayor facilidad, para que puedas concentrarte en el recorrido que te espera.","breadcrumb":{"@id":"https:\/\/www.miomiorun.com\/es\/producto\/soft-flask-250-ml\/#breadcrumb"},"inLanguage":"es-ES","potentialAction":[{"@type":"ReadAction","target":["https:\/\/www.miomiorun.com\/es\/producto\/soft-flask-250-ml\/"]}]},{"@type":"ImageObject","inLanguage":"es-ES","@id":"https:\/\/www.miomiorun.com\/es\/producto\/soft-flask-250-ml\/#primaryimage","url":"https:\/\/www.miomiorun.com\/app\/uploads\/2025\/08\/salomon-Soft-flask-250ml-clear-blue-LC1986400.webp","contentUrl":"https:\/\/www.miomiorun.com\/app\/uploads\/2025\/08\/salomon-Soft-flask-250ml-clear-blue-LC1986400.webp","width":720,"height":720,"caption":"salomon Soft flask 250ml clear blue LC1986400"},{"@type":"BreadcrumbList","@id":"https:\/\/www.miomiorun.com\/es\/producto\/soft-flask-250-ml\/#breadcrumb","itemListElement":[{"@type":"ListItem","position":1,"name":"Home","item":"https:\/\/www.miomiorun.com\/es\/"},{"@type":"ListItem","position":2,"name":"Shop","item":"https:\/\/www.miomiorun.com\/shop\/"},{"@type":"ListItem","position":3,"name":"Soft Flask 250 ml"}]},{"@type":"WebSite","@id":"https:\/\/www.miomiorun.com\/es\/#website","url":"https:\/\/www.miomiorun.com\/es\/","name":"MioMioRun","description":"Tienda 100% running y trail","publisher":{"@id":"https:\/\/www.miomiorun.com\/es\/#organization"},"potentialAction":[{"@type":"SearchAction","target":{"@type":"EntryPoint","urlTemplate":"https:\/\/www.miomiorun.com\/es\/?s={search_term_string}"},"query-input":{"@type":"PropertyValueSpecification","valueRequired":true,"valueName":"search_term_string"}}],"inLanguage":"es-ES"},{"@type":"Organization","@id":"https:\/\/www.miomiorun.com\/es\/#organization","name":"MioMio Run","url":"https:\/\/www.miomiorun.com\/es\/","logo":{"@type":"ImageObject","inLanguage":"es-ES","@id":"https:\/\/www.miomiorun.com\/es\/#\/schema\/logo\/image\/","url":"https:\/\/www.miomiorun.com\/app\/uploads\/2019\/12\/logomio.png","contentUrl":"https:\/\/www.miomiorun.com\/app\/uploads\/2019\/12\/logomio.png","width":115,"height":82,"caption":"MioMio Run"},"image":{"@id":"https:\/\/www.miomiorun.com\/es\/#\/schema\/logo\/image\/"},"sameAs":["https:\/\/www.facebook.com\/miomiorun\/","https:\/\/www.instagram.com\/miomiorun\/"]}]}},"_links":{"self":[{"href":"https:\/\/www.miomiorun.com\/es\/wp-json\/wp\/v2\/product\/338987","targetHints":{"allow":["GET"]}}],"collection":[{"href":"https:\/\/www.miomiorun.com\/es\/wp-json\/wp\/v2\/product"}],"about":[{"href":"https:\/\/www.miomiorun.com\/es\/wp-json\/wp\/v2\/types\/product"}],"wp:featuredmedia":[{"embeddable":true,"href":"https:\/\/www.miomiorun.com\/es\/wp-json\/wp\/v2\/media\/365224"}],"wp:attachment":[{"href":"https:\/\/www.miomiorun.com\/es\/wp-json\/wp\/v2\/media?parent=338987"}],"wp:term":[{"taxonomy":"product_brand","embeddable":true,"href":"https:\/\/www.miomiorun.com\/es\/wp-json\/wp\/v2\/product_brand?post=338987"},{"taxonomy":"product_cat","embeddable":true,"href":"https:\/\/www.miomiorun.com\/es\/wp-json\/wp\/v2\/product_cat?post=338987"},{"taxonomy":"product_tag","embeddable":true,"href":"https:\/\/www.miomiorun.com\/es\/wp-json\/wp\/v2\/product_tag?post=338987"}],"curies":[{"name":"wp","href":"https:\/\/api.w.org\/{rel}","templated":true}]}}