{"id":338941,"date":"2025-08-23T11:40:57","date_gmt":"2025-08-23T09:40:57","guid":{"rendered":"https:\/\/www.miomiorun.com\/?post_type=product&#038;p=338941"},"modified":"2026-03-17T17:55:59","modified_gmt":"2026-03-17T16:55:59","slug":"s-lab-pulsar-3","status":"publish","type":"product","link":"https:\/\/www.miomiorun.com\/es\/producto\/s-lab-pulsar-3\/","title":{"rendered":"S\/LAB PULSAR 3"},"content":{"rendered":"<p data-start=\"162\" data-end=\"467\">Ligera, minimalista y ultrarresistente, la <strong data-start=\"203\" data-end=\"221\">S\/LAB Pulsar 3<\/strong> es la mochila tipo chaleco dise\u00f1ada por Salomon para quienes buscan la m\u00e1xima eficiencia en carreras cortas y en competiciones de trail. Con un peso de tan solo <strong data-start=\"344\" data-end=\"360\">90 g<\/strong>, ofrece un espacio bien organizado y un acceso r\u00e1pido a la hidrataci\u00f3n, para que puedas concentrarte \u00fanicamente en correr.<\/p>\n<p data-start=\"469\" data-end=\"780\">Gracias a la tecnolog\u00eda <strong data-start=\"492\" data-end=\"505\">SensiFit\u2122<\/strong>, el chaleco se adapta perfectamente al cuerpo, garantizando libertad de movimiento y comodidad sin sacudidas. El sistema <strong data-start=\"618\" data-end=\"632\">Quick Link<\/strong> te permite ajustar y fijar la mochila incluso en movimiento, mientras que los dos <strong data-start=\"709\" data-end=\"744\">bidones blandos de 250 ml incluidos<\/strong> aseguran una hidrataci\u00f3n inmediata. <\/p>\n<h3 data-start=\"787\" data-end=\"823\"><strong data-start=\"791\" data-end=\"821\">Caracter\u00edsticas principales<\/strong><\/h3>\n<ul data-start=\"824\" data-end=\"1790\">\n<li data-start=\"824\" data-end=\"901\">\n<p data-start=\"826\" data-end=\"901\"><strong data-start=\"826\" data-end=\"853\">Ultraligero y compacto<\/strong>: solo <strong data-start=\"860\" data-end=\"868\">90 g<\/strong> de peso (140 g con accesorios).<\/p>\n<\/li>\n<li data-start=\"902\" data-end=\"980\">\n<p data-start=\"904\" data-end=\"980\"><strong data-start=\"904\" data-end=\"917\">Volumen de 3 l<\/strong>: espacio esencial para botellas, barritas y una chaqueta ligera.<\/p>\n<\/li>\n<li data-start=\"981\" data-end=\"1099\">\n<p data-start=\"983\" data-end=\"1099\"><strong data-start=\"983\" data-end=\"1023\">Hidrataci\u00f3n siempre a mano<\/strong>: incluye <strong data-start=\"1033\" data-end=\"1054\">2 botellas de 250 ml<\/strong> + bolsillo trasero para una botella de 500 ml.<\/p>\n<\/li>\n<li data-start=\"1100\" data-end=\"1205\">\n<p data-start=\"1102\" data-end=\"1205\"><strong data-start=\"1102\" data-end=\"1125\">Estabilidad y comodidad<\/strong>: estructura <strong data-start=\"1137\" data-end=\"1150\">SensiFit\u2122<\/strong> de tejido el\u00e1stico transpirable que envuelve el cuerpo.<\/p>\n<\/li>\n<li data-start=\"1206\" data-end=\"1291\">\n<p data-start=\"1208\" data-end=\"1291\"><strong data-start=\"1208\" data-end=\"1230\">Ajuste r\u00e1pido<\/strong>: sistema <strong data-start=\"1240\" data-end=\"1254\">Quick Link<\/strong> con correa el\u00e1stica en el estern\u00f3n.<\/p>\n<\/li>\n<li data-start=\"1292\" data-end=\"1501\">\n<p data-start=\"1294\" data-end=\"1324\"><strong data-start=\"1294\" data-end=\"1321\">Organizaci\u00f3n \u00f3ptima<\/strong>:<\/p>\n<ul data-start=\"1327\" data-end=\"1501\">\n<li data-start=\"1327\" data-end=\"1384\">\n<p data-start=\"1329\" data-end=\"1384\">2 bolsillos frontales ampliables para objetos esenciales<\/p>\n<\/li>\n<li data-start=\"1387\" data-end=\"1418\">\n<p data-start=\"1389\" data-end=\"1418\">2 bolsillos frontales para botellas<\/p>\n<\/li>\n<li data-start=\"1421\" data-end=\"1449\">\n<p data-start=\"1423\" data-end=\"1449\">1 bolsillo frontal con cremallera<\/p>\n<\/li>\n<li data-start=\"1452\" data-end=\"1501\">\n<p data-start=\"1454\" data-end=\"1501\">1 compartimento trasero con acceso bilateral<\/p>\n<\/li>\n<\/ul>\n<\/li>\n<li data-start=\"1502\" data-end=\"1633\">\n<p data-start=\"1504\" data-end=\"1633\"><strong data-start=\"1504\" data-end=\"1524\">Detalles t\u00e9cnicos<\/strong>: cremallera <strong data-start=\"1530\" data-end=\"1537\">YKK<\/strong> de confianza, silbato integrado, compatible con el sistema <strong data-start=\"1598\" data-end=\"1615\">Custom Quiver<\/strong> para bastones.<\/p>\n<\/li>\n<li data-start=\"1634\" data-end=\"1740\">\n<p data-start=\"1636\" data-end=\"1740\"><strong data-start=\"1636\" data-end=\"1657\">Materiales de primera calidad<\/strong>: Power Mesh ligero, tejido el\u00e1stico en 4 direcciones, acabados el\u00e1sticos suaves al tacto.<\/p>\n<\/li>\n<li data-start=\"1741\" data-end=\"1790\">\n<p data-start=\"1743\" data-end=\"1790\"><strong data-start=\"1743\" data-end=\"1760\">Sostenibilidad<\/strong>: tratamiento <strong data-start=\"1774\" data-end=\"1787\">sin PFC<\/strong>.<\/p>\n<\/li>\n<\/ul>\n","protected":false},"excerpt":{"rendered":"<ul>\n<li data-start=\"69\" data-end=\"150\">\n<p data-start=\"71\" data-end=\"150\"><strong data-start=\"71\" data-end=\"97\">Ultraligera y minimalista<\/strong>: solo 90 g de peso, ideal para competiciones y carreras cortas.<\/p>\n<\/li>\n<li data-start=\"151\" data-end=\"227\">\n<p data-start=\"153\" data-end=\"227\"><strong data-start=\"153\" data-end=\"171\">Capacidad de 3 litros<\/strong>: espacio b\u00e1sico para la hidrataci\u00f3n y objetos peque\u00f1os.<\/p>\n<\/li>\n<li data-start=\"228\" data-end=\"331\">\n<p data-start=\"230\" data-end=\"331\"><strong data-start=\"230\" data-end=\"253\">Hidrataci\u00f3n incluida<\/strong>: 2 botellas blandas de 250 ml + bolsillo trasero para botellas de 500 ml o chaqueta.<\/p>\n<\/li>\n<li data-start=\"332\" data-end=\"419\">\n<p data-start=\"334\" data-end=\"419\"><strong data-start=\"334\" data-end=\"362\">Ajuste estable y envolvente<\/strong>: tecnolog\u00eda <strong data-start=\"375\" data-end=\"388\">SensiFit\u2122<\/strong> para mayor comodidad y sin rebotes.<\/p>\n<\/li>\n<\/ul>\n","protected":false},"featured_media":365235,"template":"","meta":{"_acf_changed":false,"inline_featured_image":false},"product_brand":[],"product_cat":[24205,24408,24426],"product_tag":[23582,23615,23618],"class_list":{"0":"post-338941","1":"product","2":"type-product","3":"status-publish","4":"has-post-thumbnail","6":"product_cat-accesorios","7":"product_cat-mochilas-es","8":"product_cat-mochilas-y-cinturones-es","9":"product_tag-salomon-es","10":"product_tag-salomon-hombre","11":"product_tag-salomon-mujer","12":"pa_attivita-outdoor-es","13":"pa_attivita-trail-es","14":"pa_colore-s-lab-pulsar-3-set-fiery-red-andorra-es","15":"pa_marca-salomon-es","16":"pa_sesso-hombre","17":"pa_sesso-mujer","18":"pa_size-small-es","19":"pa_size-medium-es","20":"pa_size-large-es","22":"first","23":"instock","24":"sale","25":"taxable","26":"shipping-taxable","27":"purchasable","28":"product-type-variable","29":"wvs-archive-product-wrapper"},"acf":[],"yoast_head":"<!-- This site is optimized with the Yoast SEO plugin v26.8 - https:\/\/yoast.com\/product\/yoast-seo-wordpress\/ -->\n<title>Salomon S\/LAB PULSAR 3 - mochila para correr - MioMioRun<\/title>\n<meta name=\"description\" content=\"Salomon S\/LAB Pulsar 3, la mochila tipo chaleco ultraligera para trail running con botellas incluidas y estructura SensiFit\u2122 estable y transpirable. Capacidad de 3 litros para carreras cortas\" \/>\n<meta name=\"robots\" content=\"index, follow, max-snippet:-1, max-image-preview:large, max-video-preview:-1\" \/>\n<link rel=\"canonical\" href=\"https:\/\/www.miomiorun.com\/es\/producto\/s-lab-pulsar-3\/\" \/>\n<meta property=\"og:locale\" content=\"es_ES\" \/>\n<meta property=\"og:type\" content=\"article\" \/>\n<meta property=\"og:title\" content=\"Salomon S\/LAB PULSAR 3 - mochila para correr - MioMioRun\" \/>\n<meta property=\"og:description\" content=\"Salomon S\/LAB Pulsar 3, la mochila tipo chaleco ultraligera para trail running con botellas incluidas y estructura SensiFit\u2122 estable y transpirable. Capacidad de 3 litros para carreras cortas\" \/>\n<meta property=\"og:url\" content=\"https:\/\/www.miomiorun.com\/es\/producto\/s-lab-pulsar-3\/\" \/>\n<meta property=\"og:site_name\" content=\"MioMioRun\" \/>\n<meta property=\"article:publisher\" content=\"https:\/\/www.facebook.com\/miomiorun\/\" \/>\n<meta property=\"article:modified_time\" content=\"2026-03-17T16:55:59+00:00\" \/>\n<meta property=\"og:image\" content=\"https:\/\/www.miomiorun.com\/app\/uploads\/2025\/10\/salomon-S-LAB-Pulsar-3-set-fiery-red-andorra-LC2461500.webp\" \/>\n\t<meta property=\"og:image:width\" content=\"720\" \/>\n\t<meta property=\"og:image:height\" content=\"720\" \/>\n\t<meta property=\"og:image:type\" content=\"image\/webp\" \/>\n<meta name=\"twitter:card\" content=\"summary_large_image\" \/>\n<meta name=\"twitter:label1\" content=\"Est. reading time\" \/>\n\t<meta name=\"twitter:data1\" content=\"1 minute\" \/>\n<script type=\"application\/ld+json\" class=\"yoast-schema-graph\">{\"@context\":\"https:\/\/schema.org\",\"@graph\":[{\"@type\":\"WebPage\",\"@id\":\"https:\/\/www.miomiorun.com\/es\/producto\/s-lab-pulsar-3\/\",\"url\":\"https:\/\/www.miomiorun.com\/es\/producto\/s-lab-pulsar-3\/\",\"name\":\"Salomon S\/LAB PULSAR 3 - mochila para correr - MioMioRun\",\"isPartOf\":{\"@id\":\"https:\/\/www.miomiorun.com\/es\/#website\"},\"primaryImageOfPage\":{\"@id\":\"https:\/\/www.miomiorun.com\/es\/producto\/s-lab-pulsar-3\/#primaryimage\"},\"image\":{\"@id\":\"https:\/\/www.miomiorun.com\/es\/producto\/s-lab-pulsar-3\/#primaryimage\"},\"thumbnailUrl\":\"https:\/\/www.miomiorun.com\/app\/uploads\/2025\/10\/salomon-S-LAB-Pulsar-3-set-fiery-red-andorra-LC2461500.webp\",\"datePublished\":\"2025-08-23T09:40:57+00:00\",\"dateModified\":\"2026-03-17T16:55:59+00:00\",\"description\":\"Salomon S\/LAB Pulsar 3, la mochila tipo chaleco ultraligera para trail running con botellas incluidas y estructura SensiFit\u2122 estable y transpirable. Capacidad de 3 litros para carreras cortas\",\"breadcrumb\":{\"@id\":\"https:\/\/www.miomiorun.com\/es\/producto\/s-lab-pulsar-3\/#breadcrumb\"},\"inLanguage\":\"es-ES\",\"potentialAction\":[{\"@type\":\"ReadAction\",\"target\":[\"https:\/\/www.miomiorun.com\/es\/producto\/s-lab-pulsar-3\/\"]}]},{\"@type\":\"ImageObject\",\"inLanguage\":\"es-ES\",\"@id\":\"https:\/\/www.miomiorun.com\/es\/producto\/s-lab-pulsar-3\/#primaryimage\",\"url\":\"https:\/\/www.miomiorun.com\/app\/uploads\/2025\/10\/salomon-S-LAB-Pulsar-3-set-fiery-red-andorra-LC2461500.webp\",\"contentUrl\":\"https:\/\/www.miomiorun.com\/app\/uploads\/2025\/10\/salomon-S-LAB-Pulsar-3-set-fiery-red-andorra-LC2461500.webp\",\"width\":720,\"height\":720,\"caption\":\"salomon S LAB Pulsar 3 set fiery red andorra LC2461500\"},{\"@type\":\"BreadcrumbList\",\"@id\":\"https:\/\/www.miomiorun.com\/es\/producto\/s-lab-pulsar-3\/#breadcrumb\",\"itemListElement\":[{\"@type\":\"ListItem\",\"position\":1,\"name\":\"Home\",\"item\":\"https:\/\/www.miomiorun.com\/es\/\"},{\"@type\":\"ListItem\",\"position\":2,\"name\":\"Shop\",\"item\":\"https:\/\/www.miomiorun.com\/shop\/\"},{\"@type\":\"ListItem\",\"position\":3,\"name\":\"S\/LAB PULSAR 3\"}]},{\"@type\":\"WebSite\",\"@id\":\"https:\/\/www.miomiorun.com\/es\/#website\",\"url\":\"https:\/\/www.miomiorun.com\/es\/\",\"name\":\"MioMioRun\",\"description\":\"Tienda 100% running y trail\",\"publisher\":{\"@id\":\"https:\/\/www.miomiorun.com\/es\/#organization\"},\"potentialAction\":[{\"@type\":\"SearchAction\",\"target\":{\"@type\":\"EntryPoint\",\"urlTemplate\":\"https:\/\/www.miomiorun.com\/es\/?s={search_term_string}\"},\"query-input\":{\"@type\":\"PropertyValueSpecification\",\"valueRequired\":true,\"valueName\":\"search_term_string\"}}],\"inLanguage\":\"es-ES\"},{\"@type\":\"Organization\",\"@id\":\"https:\/\/www.miomiorun.com\/es\/#organization\",\"name\":\"MioMio Run\",\"url\":\"https:\/\/www.miomiorun.com\/es\/\",\"logo\":{\"@type\":\"ImageObject\",\"inLanguage\":\"es-ES\",\"@id\":\"https:\/\/www.miomiorun.com\/es\/#\/schema\/logo\/image\/\",\"url\":\"https:\/\/www.miomiorun.com\/app\/uploads\/2019\/12\/logomio.png\",\"contentUrl\":\"https:\/\/www.miomiorun.com\/app\/uploads\/2019\/12\/logomio.png\",\"width\":115,\"height\":82,\"caption\":\"MioMio Run\"},\"image\":{\"@id\":\"https:\/\/www.miomiorun.com\/es\/#\/schema\/logo\/image\/\"},\"sameAs\":[\"https:\/\/www.facebook.com\/miomiorun\/\",\"https:\/\/www.instagram.com\/miomiorun\/\"]}]}<\/script>\n<!-- \/ Yoast SEO plugin. -->","yoast_head_json":{"title":"Salomon S\/LAB PULSAR 3 - mochila para correr - MioMioRun","description":"Salomon S\/LAB Pulsar 3, la mochila tipo chaleco ultraligera para trail running con botellas incluidas y estructura SensiFit\u2122 estable y transpirable. Capacidad de 3 litros para carreras cortas","robots":{"index":"index","follow":"follow","max-snippet":"max-snippet:-1","max-image-preview":"max-image-preview:large","max-video-preview":"max-video-preview:-1"},"canonical":"https:\/\/www.miomiorun.com\/es\/producto\/s-lab-pulsar-3\/","og_locale":"es_ES","og_type":"article","og_title":"Salomon S\/LAB PULSAR 3 - mochila para correr - MioMioRun","og_description":"Salomon S\/LAB Pulsar 3, la mochila tipo chaleco ultraligera para trail running con botellas incluidas y estructura SensiFit\u2122 estable y transpirable. Capacidad de 3 litros para carreras cortas","og_url":"https:\/\/www.miomiorun.com\/es\/producto\/s-lab-pulsar-3\/","og_site_name":"MioMioRun","article_publisher":"https:\/\/www.facebook.com\/miomiorun\/","article_modified_time":"2026-03-17T16:55:59+00:00","og_image":[{"width":720,"height":720,"url":"https:\/\/www.miomiorun.com\/app\/uploads\/2025\/10\/salomon-S-LAB-Pulsar-3-set-fiery-red-andorra-LC2461500.webp","type":"image\/webp"}],"twitter_card":"summary_large_image","twitter_misc":{"Est. reading time":"1 minute"},"schema":{"@context":"https:\/\/schema.org","@graph":[{"@type":"WebPage","@id":"https:\/\/www.miomiorun.com\/es\/producto\/s-lab-pulsar-3\/","url":"https:\/\/www.miomiorun.com\/es\/producto\/s-lab-pulsar-3\/","name":"Salomon S\/LAB PULSAR 3 - mochila para correr - MioMioRun","isPartOf":{"@id":"https:\/\/www.miomiorun.com\/es\/#website"},"primaryImageOfPage":{"@id":"https:\/\/www.miomiorun.com\/es\/producto\/s-lab-pulsar-3\/#primaryimage"},"image":{"@id":"https:\/\/www.miomiorun.com\/es\/producto\/s-lab-pulsar-3\/#primaryimage"},"thumbnailUrl":"https:\/\/www.miomiorun.com\/app\/uploads\/2025\/10\/salomon-S-LAB-Pulsar-3-set-fiery-red-andorra-LC2461500.webp","datePublished":"2025-08-23T09:40:57+00:00","dateModified":"2026-03-17T16:55:59+00:00","description":"Salomon S\/LAB Pulsar 3, la mochila tipo chaleco ultraligera para trail running con botellas incluidas y estructura SensiFit\u2122 estable y transpirable. Capacidad de 3 litros para carreras cortas","breadcrumb":{"@id":"https:\/\/www.miomiorun.com\/es\/producto\/s-lab-pulsar-3\/#breadcrumb"},"inLanguage":"es-ES","potentialAction":[{"@type":"ReadAction","target":["https:\/\/www.miomiorun.com\/es\/producto\/s-lab-pulsar-3\/"]}]},{"@type":"ImageObject","inLanguage":"es-ES","@id":"https:\/\/www.miomiorun.com\/es\/producto\/s-lab-pulsar-3\/#primaryimage","url":"https:\/\/www.miomiorun.com\/app\/uploads\/2025\/10\/salomon-S-LAB-Pulsar-3-set-fiery-red-andorra-LC2461500.webp","contentUrl":"https:\/\/www.miomiorun.com\/app\/uploads\/2025\/10\/salomon-S-LAB-Pulsar-3-set-fiery-red-andorra-LC2461500.webp","width":720,"height":720,"caption":"salomon S LAB Pulsar 3 set fiery red andorra LC2461500"},{"@type":"BreadcrumbList","@id":"https:\/\/www.miomiorun.com\/es\/producto\/s-lab-pulsar-3\/#breadcrumb","itemListElement":[{"@type":"ListItem","position":1,"name":"Home","item":"https:\/\/www.miomiorun.com\/es\/"},{"@type":"ListItem","position":2,"name":"Shop","item":"https:\/\/www.miomiorun.com\/shop\/"},{"@type":"ListItem","position":3,"name":"S\/LAB PULSAR 3"}]},{"@type":"WebSite","@id":"https:\/\/www.miomiorun.com\/es\/#website","url":"https:\/\/www.miomiorun.com\/es\/","name":"MioMioRun","description":"Tienda 100% running y trail","publisher":{"@id":"https:\/\/www.miomiorun.com\/es\/#organization"},"potentialAction":[{"@type":"SearchAction","target":{"@type":"EntryPoint","urlTemplate":"https:\/\/www.miomiorun.com\/es\/?s={search_term_string}"},"query-input":{"@type":"PropertyValueSpecification","valueRequired":true,"valueName":"search_term_string"}}],"inLanguage":"es-ES"},{"@type":"Organization","@id":"https:\/\/www.miomiorun.com\/es\/#organization","name":"MioMio Run","url":"https:\/\/www.miomiorun.com\/es\/","logo":{"@type":"ImageObject","inLanguage":"es-ES","@id":"https:\/\/www.miomiorun.com\/es\/#\/schema\/logo\/image\/","url":"https:\/\/www.miomiorun.com\/app\/uploads\/2019\/12\/logomio.png","contentUrl":"https:\/\/www.miomiorun.com\/app\/uploads\/2019\/12\/logomio.png","width":115,"height":82,"caption":"MioMio Run"},"image":{"@id":"https:\/\/www.miomiorun.com\/es\/#\/schema\/logo\/image\/"},"sameAs":["https:\/\/www.facebook.com\/miomiorun\/","https:\/\/www.instagram.com\/miomiorun\/"]}]}},"_links":{"self":[{"href":"https:\/\/www.miomiorun.com\/es\/wp-json\/wp\/v2\/product\/338941","targetHints":{"allow":["GET"]}}],"collection":[{"href":"https:\/\/www.miomiorun.com\/es\/wp-json\/wp\/v2\/product"}],"about":[{"href":"https:\/\/www.miomiorun.com\/es\/wp-json\/wp\/v2\/types\/product"}],"wp:featuredmedia":[{"embeddable":true,"href":"https:\/\/www.miomiorun.com\/es\/wp-json\/wp\/v2\/media\/365235"}],"wp:attachment":[{"href":"https:\/\/www.miomiorun.com\/es\/wp-json\/wp\/v2\/media?parent=338941"}],"wp:term":[{"taxonomy":"product_brand","embeddable":true,"href":"https:\/\/www.miomiorun.com\/es\/wp-json\/wp\/v2\/product_brand?post=338941"},{"taxonomy":"product_cat","embeddable":true,"href":"https:\/\/www.miomiorun.com\/es\/wp-json\/wp\/v2\/product_cat?post=338941"},{"taxonomy":"product_tag","embeddable":true,"href":"https:\/\/www.miomiorun.com\/es\/wp-json\/wp\/v2\/product_tag?post=338941"}],"curies":[{"name":"wp","href":"https:\/\/api.w.org\/{rel}","templated":true}]}}