{"id":337836,"date":"2025-08-20T19:04:28","date_gmt":"2025-08-20T17:04:28","guid":{"rendered":"https:\/\/www.miomiorun.com\/?post_type=product&#038;p=337836"},"modified":"2026-03-17T18:01:48","modified_gmt":"2026-03-17T17:01:48","slug":"quest-4-gtx-mujer","status":"publish","type":"product","link":"https:\/\/www.miomiorun.com\/es\/producto\/quest-4-gtx-mujer\/","title":{"rendered":"Quest 4 GTX mujer"},"content":{"rendered":"<div class=\"vc-row container\"><div class=\"vc-column\"><div class=\"vc-column-text\"><\/p>\n<p><strong>Especificaciones t\u00e9cnicas<\/strong><\/p>\n<p>Categor\u00eda: amortiguaci\u00f3n superior<br \/>\nPeso: 535 g<br \/>\nIdeal para: excursiones de varios d\u00edas, senderismo con mochila, terreno alpino, terrenos mixtos<br \/>\nPeso del deportista: 55-75 kg<br \/>\nRitmo de carrera: medio-lento (&gt;5,30 min\/km)<br \/>\n<a href=\"https:\/\/miomiorun.com\/guida-alle-specifiche-tecniche\/\">Gu\u00eda de especificaciones t\u00e9cnicas<\/a><\/p>\n<p><\/div><\/div><div class=\"vc-column\"><div class=\"vc-column-text\"><\/p>\n<p>Las <strong data-start=\"186\" data-end=\"214\">Salomon QUEST 4 GORE-TEX<\/strong> est\u00e1n dise\u00f1adas para las excursiones m\u00e1s largas y exigentes, ofreciendo estabilidad, protecci\u00f3n y comodidad incluso con mochilas pesadas. El nuevo <strong data-start=\"347\" data-end=\"371\">4D Advanced Chassis\u2122<\/strong> sujeta el pie y reduce la fatiga de las articulaciones, garantizando una pisada fluida en terrenos t\u00e9cnicos y alpinos. Gracias a la membrana <strong data-start=\"516\" data-end=\"556\">GORE-TEX\u00ae impermeable y transpirable<\/strong>, tus pies se mantendr\u00e1n secos en cualquier condici\u00f3n, mientras que los materiales de primera calidad, como el cuero Nabuk y la malla reforzada, garantizan resistencia y durabilidad. Con un agarre seguro, sujeci\u00f3n extra y un ajuste preciso, esta bota est\u00e1 dise\u00f1ada para acompa\u00f1arte con confianza en todo tipo de terrenos, incluso en aventuras de varios d\u00edas.<\/p>\n<h3 data-start=\"887\" data-end=\"902\">Destacado<\/h3>\n<ul data-start=\"903\" data-end=\"1696\">\n<li data-start=\"903\" data-end=\"1053\">\n<p data-start=\"905\" data-end=\"1053\"><strong data-start=\"905\" data-end=\"927\">Estabilidad avanzada<\/strong>: el chasis 4D Advanced Chassis\u2122 protege las articulaciones y mantiene el pie estable, incluso en los terrenos m\u00e1s accidentados.<\/p>\n<\/li>\n<li data-start=\"1054\" data-end=\"1177\">\n<p data-start=\"1056\" data-end=\"1177\"><strong data-start=\"1056\" data-end=\"1084\">Impermeabilidad y comodidad<\/strong>: la membrana <strong data-start=\"1098\" data-end=\"1111\">GORE-TEX\u00ae<\/strong> mantiene los pies secos sin renunciar a la transpirabilidad.<\/p>\n<\/li>\n<li data-start=\"1178\" data-end=\"1322\">\n<p data-start=\"1180\" data-end=\"1322\"><strong data-start=\"1180\" data-end=\"1207\">Agarre en cualquier superficie<\/strong>: la suela <strong data-start=\"1218\" data-end=\"1244\">All Terrain Contagrip\u00ae<\/strong> garantiza una tracci\u00f3n segura en superficies mojadas, secas, duras o blandas.<\/p>\n<\/li>\n<li data-start=\"1323\" data-end=\"1447\">\n<p data-start=\"1325\" data-end=\"1447\"><strong data-start=\"1325\" data-end=\"1346\">Materiales de primera calidad<\/strong>: parte superior de <strong data-start=\"1358\" data-end=\"1373\">piel Nabuk<\/strong> repelente al agua y refuerzos protectores para una mayor resistencia y durabilidad.<\/p>\n<\/li>\n<li data-start=\"1448\" data-end=\"1551\">\n<p data-start=\"1450\" data-end=\"1551\"><strong data-start=\"1450\" data-end=\"1469\">Ajuste preciso<\/strong>: la tecnolog\u00eda <strong data-start=\"1485\" data-end=\"1498\">SensiFit\u2122<\/strong> envuelve el pie para un ajuste seguro y c\u00f3modo.<\/p>\n<\/li>\n<li data-start=\"1552\" data-end=\"1696\">\n<p data-start=\"1554\" data-end=\"1696\"><strong data-start=\"1554\" data-end=\"1576\">Comodidad prolongada<\/strong>: plantilla moldeada <strong data-start=\"1595\" data-end=\"1609\">OrthoLite\u00ae<\/strong> y entresuela de <strong data-start=\"1626\" data-end=\"1645\">EnergyCell\u2122 EVA<\/strong> para una amortiguaci\u00f3n y frescura de larga duraci\u00f3n.<\/p>\n<\/li>\n<\/ul>\n<p><\/div><\/div><\/div>\n","protected":false},"excerpt":{"rendered":"<ul>\n<li data-start=\"83\" data-end=\"229\">\n<p data-start=\"85\" data-end=\"229\">Mayor estabilidad<\/p>\n<\/li>\n<li data-start=\"230\" data-end=\"336\">\n<p data-start=\"232\" data-end=\"336\">Impermeabilidad y transpirabilidad<\/p>\n<\/li>\n<li data-start=\"337\" data-end=\"433\">\n<p data-start=\"339\" data-end=\"433\">Agarre seguro<\/p>\n<\/li>\n<\/ul>\n","protected":false},"featured_media":350610,"template":"","meta":{"_acf_changed":false,"inline_featured_image":false},"product_brand":[],"product_cat":[24415,24412],"product_tag":[23582,23618],"class_list":{"0":"post-337836","1":"product","2":"type-product","3":"status-publish","4":"has-post-thumbnail","6":"product_cat-calzado-de-mujer","7":"product_cat-trail-es-2","8":"product_tag-salomon-es","9":"product_tag-salomon-mujer","10":"pa_attivita-outdoor-es","11":"pa_colore-quest-4-gtx-w-shopping-bag-black-cork-es","12":"pa_marca-salomon-es","13":"pa_sesso-mujer","14":"pa_size-37-es","15":"pa_size-38-es","17":"pa_size-41-es","19":"first","20":"instock","21":"sale","22":"taxable","23":"shipping-taxable","24":"purchasable","25":"product-type-variable","26":"wvs-archive-product-wrapper"},"acf":[],"yoast_head":"<!-- This site is optimized with the Yoast SEO plugin v26.8 - https:\/\/yoast.com\/product\/yoast-seo-wordpress\/ -->\n<title>Salomon Quest 4 GTX mujer -zapatillas de trail para mujer - MioMioRun<\/title>\n<meta name=\"description\" content=\"Salomon X ULTRA 4 GTX W: zapatilla de senderismo para mujer, con protecci\u00f3n GORE-TEX, estabilidad y gran agarre para excursiones en cualquier terreno.\" \/>\n<meta name=\"robots\" content=\"index, follow, max-snippet:-1, max-image-preview:large, max-video-preview:-1\" \/>\n<link rel=\"canonical\" href=\"https:\/\/www.miomiorun.com\/es\/producto\/quest-4-gtx-mujer\/\" \/>\n<meta property=\"og:locale\" content=\"es_ES\" \/>\n<meta property=\"og:type\" content=\"article\" \/>\n<meta property=\"og:title\" content=\"Salomon Quest 4 GTX mujer -zapatillas de trail para mujer - MioMioRun\" \/>\n<meta property=\"og:description\" content=\"Salomon X ULTRA 4 GTX W: zapatilla de senderismo para mujer, con protecci\u00f3n GORE-TEX, estabilidad y gran agarre para excursiones en cualquier terreno.\" \/>\n<meta property=\"og:url\" content=\"https:\/\/www.miomiorun.com\/es\/producto\/quest-4-gtx-mujer\/\" \/>\n<meta property=\"og:site_name\" content=\"MioMioRun\" \/>\n<meta property=\"article:publisher\" content=\"https:\/\/www.facebook.com\/miomiorun\/\" \/>\n<meta property=\"article:modified_time\" content=\"2026-03-17T17:01:48+00:00\" \/>\n<meta property=\"og:image\" content=\"https:\/\/www.miomiorun.com\/app\/uploads\/2025\/09\/salomon-Quest-4-GTX-W-shopping-bag-black-cork-L47453300.webp\" \/>\n\t<meta property=\"og:image:width\" content=\"720\" \/>\n\t<meta property=\"og:image:height\" content=\"720\" \/>\n\t<meta property=\"og:image:type\" content=\"image\/webp\" \/>\n<meta name=\"twitter:card\" content=\"summary_large_image\" \/>\n<meta name=\"twitter:label1\" content=\"Est. reading time\" \/>\n\t<meta name=\"twitter:data1\" content=\"2 minutes\" \/>\n<script type=\"application\/ld+json\" class=\"yoast-schema-graph\">{\"@context\":\"https:\/\/schema.org\",\"@graph\":[{\"@type\":\"WebPage\",\"@id\":\"https:\/\/www.miomiorun.com\/es\/producto\/quest-4-gtx-mujer\/\",\"url\":\"https:\/\/www.miomiorun.com\/es\/producto\/quest-4-gtx-mujer\/\",\"name\":\"Salomon Quest 4 GTX mujer -zapatillas de trail para mujer - MioMioRun\",\"isPartOf\":{\"@id\":\"https:\/\/www.miomiorun.com\/es\/#website\"},\"primaryImageOfPage\":{\"@id\":\"https:\/\/www.miomiorun.com\/es\/producto\/quest-4-gtx-mujer\/#primaryimage\"},\"image\":{\"@id\":\"https:\/\/www.miomiorun.com\/es\/producto\/quest-4-gtx-mujer\/#primaryimage\"},\"thumbnailUrl\":\"https:\/\/www.miomiorun.com\/app\/uploads\/2025\/09\/salomon-Quest-4-GTX-W-shopping-bag-black-cork-L47453300.webp\",\"datePublished\":\"2025-08-20T17:04:28+00:00\",\"dateModified\":\"2026-03-17T17:01:48+00:00\",\"description\":\"Salomon X ULTRA 4 GTX W: zapatilla de senderismo para mujer, con protecci\u00f3n GORE-TEX, estabilidad y gran agarre para excursiones en cualquier terreno.\",\"breadcrumb\":{\"@id\":\"https:\/\/www.miomiorun.com\/es\/producto\/quest-4-gtx-mujer\/#breadcrumb\"},\"inLanguage\":\"es-ES\",\"potentialAction\":[{\"@type\":\"ReadAction\",\"target\":[\"https:\/\/www.miomiorun.com\/es\/producto\/quest-4-gtx-mujer\/\"]}]},{\"@type\":\"ImageObject\",\"inLanguage\":\"es-ES\",\"@id\":\"https:\/\/www.miomiorun.com\/es\/producto\/quest-4-gtx-mujer\/#primaryimage\",\"url\":\"https:\/\/www.miomiorun.com\/app\/uploads\/2025\/09\/salomon-Quest-4-GTX-W-shopping-bag-black-cork-L47453300.webp\",\"contentUrl\":\"https:\/\/www.miomiorun.com\/app\/uploads\/2025\/09\/salomon-Quest-4-GTX-W-shopping-bag-black-cork-L47453300.webp\",\"width\":720,\"height\":720,\"caption\":\"salomon Quest 4 GTX W shopping bag black cork L47453300\"},{\"@type\":\"BreadcrumbList\",\"@id\":\"https:\/\/www.miomiorun.com\/es\/producto\/quest-4-gtx-mujer\/#breadcrumb\",\"itemListElement\":[{\"@type\":\"ListItem\",\"position\":1,\"name\":\"Home\",\"item\":\"https:\/\/www.miomiorun.com\/es\/\"},{\"@type\":\"ListItem\",\"position\":2,\"name\":\"Shop\",\"item\":\"https:\/\/www.miomiorun.com\/shop\/\"},{\"@type\":\"ListItem\",\"position\":3,\"name\":\"Quest 4 GTX mujer\"}]},{\"@type\":\"WebSite\",\"@id\":\"https:\/\/www.miomiorun.com\/es\/#website\",\"url\":\"https:\/\/www.miomiorun.com\/es\/\",\"name\":\"MioMioRun\",\"description\":\"Tienda 100% running y trail\",\"publisher\":{\"@id\":\"https:\/\/www.miomiorun.com\/es\/#organization\"},\"potentialAction\":[{\"@type\":\"SearchAction\",\"target\":{\"@type\":\"EntryPoint\",\"urlTemplate\":\"https:\/\/www.miomiorun.com\/es\/?s={search_term_string}\"},\"query-input\":{\"@type\":\"PropertyValueSpecification\",\"valueRequired\":true,\"valueName\":\"search_term_string\"}}],\"inLanguage\":\"es-ES\"},{\"@type\":\"Organization\",\"@id\":\"https:\/\/www.miomiorun.com\/es\/#organization\",\"name\":\"MioMio Run\",\"url\":\"https:\/\/www.miomiorun.com\/es\/\",\"logo\":{\"@type\":\"ImageObject\",\"inLanguage\":\"es-ES\",\"@id\":\"https:\/\/www.miomiorun.com\/es\/#\/schema\/logo\/image\/\",\"url\":\"https:\/\/www.miomiorun.com\/app\/uploads\/2019\/12\/logomio.png\",\"contentUrl\":\"https:\/\/www.miomiorun.com\/app\/uploads\/2019\/12\/logomio.png\",\"width\":115,\"height\":82,\"caption\":\"MioMio Run\"},\"image\":{\"@id\":\"https:\/\/www.miomiorun.com\/es\/#\/schema\/logo\/image\/\"},\"sameAs\":[\"https:\/\/www.facebook.com\/miomiorun\/\",\"https:\/\/www.instagram.com\/miomiorun\/\"]}]}<\/script>\n<!-- \/ Yoast SEO plugin. -->","yoast_head_json":{"title":"Salomon Quest 4 GTX mujer -zapatillas de trail para mujer - MioMioRun","description":"Salomon X ULTRA 4 GTX W: zapatilla de senderismo para mujer, con protecci\u00f3n GORE-TEX, estabilidad y gran agarre para excursiones en cualquier terreno.","robots":{"index":"index","follow":"follow","max-snippet":"max-snippet:-1","max-image-preview":"max-image-preview:large","max-video-preview":"max-video-preview:-1"},"canonical":"https:\/\/www.miomiorun.com\/es\/producto\/quest-4-gtx-mujer\/","og_locale":"es_ES","og_type":"article","og_title":"Salomon Quest 4 GTX mujer -zapatillas de trail para mujer - MioMioRun","og_description":"Salomon X ULTRA 4 GTX W: zapatilla de senderismo para mujer, con protecci\u00f3n GORE-TEX, estabilidad y gran agarre para excursiones en cualquier terreno.","og_url":"https:\/\/www.miomiorun.com\/es\/producto\/quest-4-gtx-mujer\/","og_site_name":"MioMioRun","article_publisher":"https:\/\/www.facebook.com\/miomiorun\/","article_modified_time":"2026-03-17T17:01:48+00:00","og_image":[{"width":720,"height":720,"url":"https:\/\/www.miomiorun.com\/app\/uploads\/2025\/09\/salomon-Quest-4-GTX-W-shopping-bag-black-cork-L47453300.webp","type":"image\/webp"}],"twitter_card":"summary_large_image","twitter_misc":{"Est. reading time":"2 minutes"},"schema":{"@context":"https:\/\/schema.org","@graph":[{"@type":"WebPage","@id":"https:\/\/www.miomiorun.com\/es\/producto\/quest-4-gtx-mujer\/","url":"https:\/\/www.miomiorun.com\/es\/producto\/quest-4-gtx-mujer\/","name":"Salomon Quest 4 GTX mujer -zapatillas de trail para mujer - MioMioRun","isPartOf":{"@id":"https:\/\/www.miomiorun.com\/es\/#website"},"primaryImageOfPage":{"@id":"https:\/\/www.miomiorun.com\/es\/producto\/quest-4-gtx-mujer\/#primaryimage"},"image":{"@id":"https:\/\/www.miomiorun.com\/es\/producto\/quest-4-gtx-mujer\/#primaryimage"},"thumbnailUrl":"https:\/\/www.miomiorun.com\/app\/uploads\/2025\/09\/salomon-Quest-4-GTX-W-shopping-bag-black-cork-L47453300.webp","datePublished":"2025-08-20T17:04:28+00:00","dateModified":"2026-03-17T17:01:48+00:00","description":"Salomon X ULTRA 4 GTX W: zapatilla de senderismo para mujer, con protecci\u00f3n GORE-TEX, estabilidad y gran agarre para excursiones en cualquier terreno.","breadcrumb":{"@id":"https:\/\/www.miomiorun.com\/es\/producto\/quest-4-gtx-mujer\/#breadcrumb"},"inLanguage":"es-ES","potentialAction":[{"@type":"ReadAction","target":["https:\/\/www.miomiorun.com\/es\/producto\/quest-4-gtx-mujer\/"]}]},{"@type":"ImageObject","inLanguage":"es-ES","@id":"https:\/\/www.miomiorun.com\/es\/producto\/quest-4-gtx-mujer\/#primaryimage","url":"https:\/\/www.miomiorun.com\/app\/uploads\/2025\/09\/salomon-Quest-4-GTX-W-shopping-bag-black-cork-L47453300.webp","contentUrl":"https:\/\/www.miomiorun.com\/app\/uploads\/2025\/09\/salomon-Quest-4-GTX-W-shopping-bag-black-cork-L47453300.webp","width":720,"height":720,"caption":"salomon Quest 4 GTX W shopping bag black cork L47453300"},{"@type":"BreadcrumbList","@id":"https:\/\/www.miomiorun.com\/es\/producto\/quest-4-gtx-mujer\/#breadcrumb","itemListElement":[{"@type":"ListItem","position":1,"name":"Home","item":"https:\/\/www.miomiorun.com\/es\/"},{"@type":"ListItem","position":2,"name":"Shop","item":"https:\/\/www.miomiorun.com\/shop\/"},{"@type":"ListItem","position":3,"name":"Quest 4 GTX mujer"}]},{"@type":"WebSite","@id":"https:\/\/www.miomiorun.com\/es\/#website","url":"https:\/\/www.miomiorun.com\/es\/","name":"MioMioRun","description":"Tienda 100% running y trail","publisher":{"@id":"https:\/\/www.miomiorun.com\/es\/#organization"},"potentialAction":[{"@type":"SearchAction","target":{"@type":"EntryPoint","urlTemplate":"https:\/\/www.miomiorun.com\/es\/?s={search_term_string}"},"query-input":{"@type":"PropertyValueSpecification","valueRequired":true,"valueName":"search_term_string"}}],"inLanguage":"es-ES"},{"@type":"Organization","@id":"https:\/\/www.miomiorun.com\/es\/#organization","name":"MioMio Run","url":"https:\/\/www.miomiorun.com\/es\/","logo":{"@type":"ImageObject","inLanguage":"es-ES","@id":"https:\/\/www.miomiorun.com\/es\/#\/schema\/logo\/image\/","url":"https:\/\/www.miomiorun.com\/app\/uploads\/2019\/12\/logomio.png","contentUrl":"https:\/\/www.miomiorun.com\/app\/uploads\/2019\/12\/logomio.png","width":115,"height":82,"caption":"MioMio Run"},"image":{"@id":"https:\/\/www.miomiorun.com\/es\/#\/schema\/logo\/image\/"},"sameAs":["https:\/\/www.facebook.com\/miomiorun\/","https:\/\/www.instagram.com\/miomiorun\/"]}]}},"_links":{"self":[{"href":"https:\/\/www.miomiorun.com\/es\/wp-json\/wp\/v2\/product\/337836","targetHints":{"allow":["GET"]}}],"collection":[{"href":"https:\/\/www.miomiorun.com\/es\/wp-json\/wp\/v2\/product"}],"about":[{"href":"https:\/\/www.miomiorun.com\/es\/wp-json\/wp\/v2\/types\/product"}],"wp:featuredmedia":[{"embeddable":true,"href":"https:\/\/www.miomiorun.com\/es\/wp-json\/wp\/v2\/media\/350610"}],"wp:attachment":[{"href":"https:\/\/www.miomiorun.com\/es\/wp-json\/wp\/v2\/media?parent=337836"}],"wp:term":[{"taxonomy":"product_brand","embeddable":true,"href":"https:\/\/www.miomiorun.com\/es\/wp-json\/wp\/v2\/product_brand?post=337836"},{"taxonomy":"product_cat","embeddable":true,"href":"https:\/\/www.miomiorun.com\/es\/wp-json\/wp\/v2\/product_cat?post=337836"},{"taxonomy":"product_tag","embeddable":true,"href":"https:\/\/www.miomiorun.com\/es\/wp-json\/wp\/v2\/product_tag?post=337836"}],"curies":[{"name":"wp","href":"https:\/\/api.w.org\/{rel}","templated":true}]}}