{"id":335950,"date":"2025-08-14T12:18:13","date_gmt":"2025-08-14T10:18:13","guid":{"rendered":"https:\/\/www.miomiorun.com\/?post_type=product&#038;p=335950"},"modified":"2026-03-18T10:04:49","modified_gmt":"2026-03-18T09:04:49","slug":"ghost-max-3-hombre","status":"publish","type":"product","link":"https:\/\/www.miomiorun.com\/es\/producto\/ghost-max-3-hombre\/","title":{"rendered":"Ghost Max 3 hombre"},"content":{"rendered":"<table style=\"border-collapse: collapse;width: 100%\">\n<tbody>\n<tr>\n<td style=\"width: 33.3333%;vertical-align: top;text-align: center\">\n<h4>Especificaciones t\u00e9cnicas<\/h4>\n<p>Categor\u00eda: Amortiguaci\u00f3n estructurada<br \/>\nDiferencial: 6 mm<br \/>\nPeso: 317,5 g<br \/>\nIdeal para: corredores con pisada neutra que buscan un modelo capaz de proporcionar una buena amortiguaci\u00f3n protectora y una excelente versatilidad para correr y caminar en distancias largas o medias.<br \/>\nPeso del atleta: 70 kg<br \/>\nRitmo de carrera: medio (5 min\/km)<br \/>\n<a href=\"https:\/\/miomiorun.com\/guida-alle-specifiche-tecniche\/\">Gu\u00eda de especificaciones t\u00e9cnicas<\/a><\/td>\n<td style=\"width: 66.6666%;vertical-align: top;text-align: center\">La <strong data-start=\"240\" data-end=\"265\">Ghost Max 3 de Brooks<\/strong> es la nueva frontera del confort diario, dise\u00f1ada para ofrecer una amortiguaci\u00f3n a\u00fan m\u00e1s generosa que la legendaria Ghost, sin renunciar a la fluidez y la naturalidad de la carrera. Esta versi\u00f3n mejorada destaca por una base de apoyo ligeramente m\u00e1s ancha, que aumenta la estabilidad y garantiza seguridad paso a paso. Perfecta para quienes utilizan plantillas, para los corredores que buscan protecci\u00f3n durante su carrera diaria, para largas caminatas o simplemente para afrontar los retos de la vida cotidiana, la Ghost Max 3 se adapta con versatilidad a cualquier ritmo y terreno urbano. Su dise\u00f1o equilibra la amortiguaci\u00f3n y la respuesta, protegiendo las articulaciones y manteniendo la transici\u00f3n del pie fluida y natural. Si buscas una zapatilla fiable, vers\u00e1til y c\u00f3moda, capaz de acompa\u00f1arte desde la primera carrera de la ma\u00f1ana hasta el paseo vespertino, la <strong data-start=\"1174\" data-end=\"1189\">Ghost Max 3<\/strong> est\u00e1 lista para convertirse en tu nueva compa\u00f1era de cada d\u00eda.<\/td>\n<\/tr>\n<\/tbody>\n<\/table>\n<p>&nbsp;<\/p>\n","protected":false},"excerpt":{"rendered":"<ul>\n<li data-start=\"1558\" data-end=\"1636\">\n<p data-start=\"1560\" data-end=\"1636\">Base de apoyo ligeramente m\u00e1s ancha para aumentar la estabilidad y la seguridad.<\/p>\n<\/li>\n<li data-start=\"1637\" data-end=\"1703\">\n<p data-start=\"1639\" data-end=\"1703\">Transiciones fluidas y naturales para una pisada suave y reactiva.<\/p>\n<\/li>\n<li data-start=\"1704\" data-end=\"1794\">\n<p data-start=\"1706\" data-end=\"1794\">Vers\u00e1til: perfecta para plantillas, correr a diario, caminar y el uso diario.<\/p>\n<\/li>\n<\/ul>\n","protected":false},"featured_media":390230,"template":"","meta":{"_acf_changed":false,"inline_featured_image":false},"product_brand":[],"product_cat":[24454,24453],"product_tag":[23463,23661],"class_list":{"0":"post-335950","1":"product","2":"type-product","3":"status-publish","4":"has-post-thumbnail","6":"product_cat-calzado-para-hombre","7":"product_cat-neutre-es-3","8":"product_tag-brooks-es","9":"product_tag-brooks-hombre","10":"pa_attivita-caminar","11":"pa_attivita-running-es","12":"pa_colore-ghost-max-3-atlantic-deep-black-green-es","13":"pa_colore-ghost-max-3-primer-grey-antarctica-red-es","14":"pa_colore-ghost-max-3-skyway-blue-orange","15":"pa_marca-brooks-es","16":"pa_sesso-hombre","17":"pa_size-42-es","18":"pa_size-42-5-es","19":"pa_size-43-es","20":"pa_size-44-es","21":"pa_size-44-5-es","22":"pa_size-45-es","23":"pa_size-45-5-es","24":"pa_size-46-es","25":"pa_size-46-5-es","27":"first","28":"instock","29":"sale","30":"taxable","31":"shipping-taxable","32":"purchasable","33":"product-type-variable","34":"wvs-archive-product-wrapper"},"acf":[],"yoast_head":"<!-- This site is optimized with the Yoast SEO plugin v26.8 - https:\/\/yoast.com\/product\/yoast-seo-wordpress\/ -->\n<title>Brooks Ghost Max 3 hombre - zapatillas de running - MioMioRun.com<\/title>\n<meta name=\"description\" content=\"Ghost Max 3 Brooks: m\u00e1xima amortiguaci\u00f3n, estabilidad y transiciones fluidas. Ideal para plantillas ortop\u00e9dicas, correr a diario, caminar y uso diario.\" \/>\n<meta name=\"robots\" content=\"index, follow, max-snippet:-1, max-image-preview:large, max-video-preview:-1\" \/>\n<link rel=\"canonical\" href=\"https:\/\/www.miomiorun.com\/es\/producto\/ghost-max-3-hombre\/\" \/>\n<meta property=\"og:locale\" content=\"es_ES\" \/>\n<meta property=\"og:type\" content=\"article\" \/>\n<meta property=\"og:title\" content=\"Brooks Ghost Max 3 hombre - zapatillas de running - MioMioRun.com\" \/>\n<meta property=\"og:description\" content=\"Ghost Max 3 Brooks: m\u00e1xima amortiguaci\u00f3n, estabilidad y transiciones fluidas. Ideal para plantillas ortop\u00e9dicas, correr a diario, caminar y uso diario.\" \/>\n<meta property=\"og:url\" content=\"https:\/\/www.miomiorun.com\/es\/producto\/ghost-max-3-hombre\/\" \/>\n<meta property=\"og:site_name\" content=\"MioMioRun\" \/>\n<meta property=\"article:publisher\" content=\"https:\/\/www.facebook.com\/miomiorun\/\" \/>\n<meta property=\"article:modified_time\" content=\"2026-03-18T09:04:49+00:00\" \/>\n<meta property=\"og:image\" content=\"https:\/\/www.miomiorun.com\/app\/uploads\/2026\/01\/brooks-Ghost-Max-3-atlantic-deep-black-green-1104641D338.webp\" \/>\n\t<meta property=\"og:image:width\" content=\"720\" \/>\n\t<meta property=\"og:image:height\" content=\"720\" \/>\n\t<meta property=\"og:image:type\" content=\"image\/webp\" \/>\n<meta name=\"twitter:card\" content=\"summary_large_image\" \/>\n<meta name=\"twitter:label1\" content=\"Est. reading time\" \/>\n\t<meta name=\"twitter:data1\" content=\"1 minute\" \/>\n<script type=\"application\/ld+json\" class=\"yoast-schema-graph\">{\"@context\":\"https:\/\/schema.org\",\"@graph\":[{\"@type\":\"WebPage\",\"@id\":\"https:\/\/www.miomiorun.com\/es\/producto\/ghost-max-3-hombre\/\",\"url\":\"https:\/\/www.miomiorun.com\/es\/producto\/ghost-max-3-hombre\/\",\"name\":\"Brooks Ghost Max 3 hombre - zapatillas de running - MioMioRun.com\",\"isPartOf\":{\"@id\":\"https:\/\/www.miomiorun.com\/es\/#website\"},\"primaryImageOfPage\":{\"@id\":\"https:\/\/www.miomiorun.com\/es\/producto\/ghost-max-3-hombre\/#primaryimage\"},\"image\":{\"@id\":\"https:\/\/www.miomiorun.com\/es\/producto\/ghost-max-3-hombre\/#primaryimage\"},\"thumbnailUrl\":\"https:\/\/www.miomiorun.com\/app\/uploads\/2026\/01\/brooks-Ghost-Max-3-atlantic-deep-black-green-1104641D338.webp\",\"datePublished\":\"2025-08-14T10:18:13+00:00\",\"dateModified\":\"2026-03-18T09:04:49+00:00\",\"description\":\"Ghost Max 3 Brooks: m\u00e1xima amortiguaci\u00f3n, estabilidad y transiciones fluidas. Ideal para plantillas ortop\u00e9dicas, correr a diario, caminar y uso diario.\",\"breadcrumb\":{\"@id\":\"https:\/\/www.miomiorun.com\/es\/producto\/ghost-max-3-hombre\/#breadcrumb\"},\"inLanguage\":\"es-ES\",\"potentialAction\":[{\"@type\":\"ReadAction\",\"target\":[\"https:\/\/www.miomiorun.com\/es\/producto\/ghost-max-3-hombre\/\"]}]},{\"@type\":\"ImageObject\",\"inLanguage\":\"es-ES\",\"@id\":\"https:\/\/www.miomiorun.com\/es\/producto\/ghost-max-3-hombre\/#primaryimage\",\"url\":\"https:\/\/www.miomiorun.com\/app\/uploads\/2026\/01\/brooks-Ghost-Max-3-atlantic-deep-black-green-1104641D338.webp\",\"contentUrl\":\"https:\/\/www.miomiorun.com\/app\/uploads\/2026\/01\/brooks-Ghost-Max-3-atlantic-deep-black-green-1104641D338.webp\",\"width\":720,\"height\":720,\"caption\":\"brooks Ghost Max 3 atlantic deep black green 1104641D338\"},{\"@type\":\"BreadcrumbList\",\"@id\":\"https:\/\/www.miomiorun.com\/es\/producto\/ghost-max-3-hombre\/#breadcrumb\",\"itemListElement\":[{\"@type\":\"ListItem\",\"position\":1,\"name\":\"Home\",\"item\":\"https:\/\/www.miomiorun.com\/es\/\"},{\"@type\":\"ListItem\",\"position\":2,\"name\":\"Shop\",\"item\":\"https:\/\/www.miomiorun.com\/shop\/\"},{\"@type\":\"ListItem\",\"position\":3,\"name\":\"Ghost Max 3 hombre\"}]},{\"@type\":\"WebSite\",\"@id\":\"https:\/\/www.miomiorun.com\/es\/#website\",\"url\":\"https:\/\/www.miomiorun.com\/es\/\",\"name\":\"MioMioRun\",\"description\":\"Tienda 100% running y trail\",\"publisher\":{\"@id\":\"https:\/\/www.miomiorun.com\/es\/#organization\"},\"potentialAction\":[{\"@type\":\"SearchAction\",\"target\":{\"@type\":\"EntryPoint\",\"urlTemplate\":\"https:\/\/www.miomiorun.com\/es\/?s={search_term_string}\"},\"query-input\":{\"@type\":\"PropertyValueSpecification\",\"valueRequired\":true,\"valueName\":\"search_term_string\"}}],\"inLanguage\":\"es-ES\"},{\"@type\":\"Organization\",\"@id\":\"https:\/\/www.miomiorun.com\/es\/#organization\",\"name\":\"MioMio Run\",\"url\":\"https:\/\/www.miomiorun.com\/es\/\",\"logo\":{\"@type\":\"ImageObject\",\"inLanguage\":\"es-ES\",\"@id\":\"https:\/\/www.miomiorun.com\/es\/#\/schema\/logo\/image\/\",\"url\":\"https:\/\/www.miomiorun.com\/app\/uploads\/2019\/12\/logomio.png\",\"contentUrl\":\"https:\/\/www.miomiorun.com\/app\/uploads\/2019\/12\/logomio.png\",\"width\":115,\"height\":82,\"caption\":\"MioMio Run\"},\"image\":{\"@id\":\"https:\/\/www.miomiorun.com\/es\/#\/schema\/logo\/image\/\"},\"sameAs\":[\"https:\/\/www.facebook.com\/miomiorun\/\",\"https:\/\/www.instagram.com\/miomiorun\/\"]}]}<\/script>\n<!-- \/ Yoast SEO plugin. -->","yoast_head_json":{"title":"Brooks Ghost Max 3 hombre - zapatillas de running - MioMioRun.com","description":"Ghost Max 3 Brooks: m\u00e1xima amortiguaci\u00f3n, estabilidad y transiciones fluidas. Ideal para plantillas ortop\u00e9dicas, correr a diario, caminar y uso diario.","robots":{"index":"index","follow":"follow","max-snippet":"max-snippet:-1","max-image-preview":"max-image-preview:large","max-video-preview":"max-video-preview:-1"},"canonical":"https:\/\/www.miomiorun.com\/es\/producto\/ghost-max-3-hombre\/","og_locale":"es_ES","og_type":"article","og_title":"Brooks Ghost Max 3 hombre - zapatillas de running - MioMioRun.com","og_description":"Ghost Max 3 Brooks: m\u00e1xima amortiguaci\u00f3n, estabilidad y transiciones fluidas. Ideal para plantillas ortop\u00e9dicas, correr a diario, caminar y uso diario.","og_url":"https:\/\/www.miomiorun.com\/es\/producto\/ghost-max-3-hombre\/","og_site_name":"MioMioRun","article_publisher":"https:\/\/www.facebook.com\/miomiorun\/","article_modified_time":"2026-03-18T09:04:49+00:00","og_image":[{"width":720,"height":720,"url":"https:\/\/www.miomiorun.com\/app\/uploads\/2026\/01\/brooks-Ghost-Max-3-atlantic-deep-black-green-1104641D338.webp","type":"image\/webp"}],"twitter_card":"summary_large_image","twitter_misc":{"Est. reading time":"1 minute"},"schema":{"@context":"https:\/\/schema.org","@graph":[{"@type":"WebPage","@id":"https:\/\/www.miomiorun.com\/es\/producto\/ghost-max-3-hombre\/","url":"https:\/\/www.miomiorun.com\/es\/producto\/ghost-max-3-hombre\/","name":"Brooks Ghost Max 3 hombre - zapatillas de running - MioMioRun.com","isPartOf":{"@id":"https:\/\/www.miomiorun.com\/es\/#website"},"primaryImageOfPage":{"@id":"https:\/\/www.miomiorun.com\/es\/producto\/ghost-max-3-hombre\/#primaryimage"},"image":{"@id":"https:\/\/www.miomiorun.com\/es\/producto\/ghost-max-3-hombre\/#primaryimage"},"thumbnailUrl":"https:\/\/www.miomiorun.com\/app\/uploads\/2026\/01\/brooks-Ghost-Max-3-atlantic-deep-black-green-1104641D338.webp","datePublished":"2025-08-14T10:18:13+00:00","dateModified":"2026-03-18T09:04:49+00:00","description":"Ghost Max 3 Brooks: m\u00e1xima amortiguaci\u00f3n, estabilidad y transiciones fluidas. Ideal para plantillas ortop\u00e9dicas, correr a diario, caminar y uso diario.","breadcrumb":{"@id":"https:\/\/www.miomiorun.com\/es\/producto\/ghost-max-3-hombre\/#breadcrumb"},"inLanguage":"es-ES","potentialAction":[{"@type":"ReadAction","target":["https:\/\/www.miomiorun.com\/es\/producto\/ghost-max-3-hombre\/"]}]},{"@type":"ImageObject","inLanguage":"es-ES","@id":"https:\/\/www.miomiorun.com\/es\/producto\/ghost-max-3-hombre\/#primaryimage","url":"https:\/\/www.miomiorun.com\/app\/uploads\/2026\/01\/brooks-Ghost-Max-3-atlantic-deep-black-green-1104641D338.webp","contentUrl":"https:\/\/www.miomiorun.com\/app\/uploads\/2026\/01\/brooks-Ghost-Max-3-atlantic-deep-black-green-1104641D338.webp","width":720,"height":720,"caption":"brooks Ghost Max 3 atlantic deep black green 1104641D338"},{"@type":"BreadcrumbList","@id":"https:\/\/www.miomiorun.com\/es\/producto\/ghost-max-3-hombre\/#breadcrumb","itemListElement":[{"@type":"ListItem","position":1,"name":"Home","item":"https:\/\/www.miomiorun.com\/es\/"},{"@type":"ListItem","position":2,"name":"Shop","item":"https:\/\/www.miomiorun.com\/shop\/"},{"@type":"ListItem","position":3,"name":"Ghost Max 3 hombre"}]},{"@type":"WebSite","@id":"https:\/\/www.miomiorun.com\/es\/#website","url":"https:\/\/www.miomiorun.com\/es\/","name":"MioMioRun","description":"Tienda 100% running y trail","publisher":{"@id":"https:\/\/www.miomiorun.com\/es\/#organization"},"potentialAction":[{"@type":"SearchAction","target":{"@type":"EntryPoint","urlTemplate":"https:\/\/www.miomiorun.com\/es\/?s={search_term_string}"},"query-input":{"@type":"PropertyValueSpecification","valueRequired":true,"valueName":"search_term_string"}}],"inLanguage":"es-ES"},{"@type":"Organization","@id":"https:\/\/www.miomiorun.com\/es\/#organization","name":"MioMio Run","url":"https:\/\/www.miomiorun.com\/es\/","logo":{"@type":"ImageObject","inLanguage":"es-ES","@id":"https:\/\/www.miomiorun.com\/es\/#\/schema\/logo\/image\/","url":"https:\/\/www.miomiorun.com\/app\/uploads\/2019\/12\/logomio.png","contentUrl":"https:\/\/www.miomiorun.com\/app\/uploads\/2019\/12\/logomio.png","width":115,"height":82,"caption":"MioMio Run"},"image":{"@id":"https:\/\/www.miomiorun.com\/es\/#\/schema\/logo\/image\/"},"sameAs":["https:\/\/www.facebook.com\/miomiorun\/","https:\/\/www.instagram.com\/miomiorun\/"]}]}},"_links":{"self":[{"href":"https:\/\/www.miomiorun.com\/es\/wp-json\/wp\/v2\/product\/335950","targetHints":{"allow":["GET"]}}],"collection":[{"href":"https:\/\/www.miomiorun.com\/es\/wp-json\/wp\/v2\/product"}],"about":[{"href":"https:\/\/www.miomiorun.com\/es\/wp-json\/wp\/v2\/types\/product"}],"wp:featuredmedia":[{"embeddable":true,"href":"https:\/\/www.miomiorun.com\/es\/wp-json\/wp\/v2\/media\/390230"}],"wp:attachment":[{"href":"https:\/\/www.miomiorun.com\/es\/wp-json\/wp\/v2\/media?parent=335950"}],"wp:term":[{"taxonomy":"product_brand","embeddable":true,"href":"https:\/\/www.miomiorun.com\/es\/wp-json\/wp\/v2\/product_brand?post=335950"},{"taxonomy":"product_cat","embeddable":true,"href":"https:\/\/www.miomiorun.com\/es\/wp-json\/wp\/v2\/product_cat?post=335950"},{"taxonomy":"product_tag","embeddable":true,"href":"https:\/\/www.miomiorun.com\/es\/wp-json\/wp\/v2\/product_tag?post=335950"}],"curies":[{"name":"wp","href":"https:\/\/api.w.org\/{rel}","templated":true}]}}