{"id":335420,"date":"2025-08-14T10:40:52","date_gmt":"2025-08-14T08:40:52","guid":{"rendered":"https:\/\/www.miomiorun.com\/?post_type=product&#038;p=335420"},"modified":"2026-03-18T10:05:54","modified_gmt":"2026-03-18T09:05:54","slug":"fuji-lite-6-hombre","status":"publish","type":"product","link":"https:\/\/www.miomiorun.com\/es\/producto\/fuji-lite-6-hombre\/","title":{"rendered":"Fuji Lite 6 hombre"},"content":{"rendered":"<div class=\"vc-row container\"><div class=\"vc-column\"><div class=\"vc-column-text\"><\/p>\n<p><strong>Especificaciones t\u00e9cnicas<\/strong><\/p>\n<p>Categor\u00eda: amortiguaci\u00f3n superior<br \/>\nDesnivel: 4 mm<br \/>\nPeso: 250 g<br \/>\nIdeal para: corredores amantes del trail running que buscan un modelo con buena amortiguaci\u00f3n, apto para distancias largas y medias tanto en monta\u00f1a como en caminos de tierra y, ocasionalmente, en asfalto.<br \/>\nPeso del corredor: 60-80 kg<br \/>\nRitmo de carrera: medio (5,00 min\/km)<br \/>\n<a href=\"https:\/\/miomiorun.com\/guida-alle-specifiche-tecniche\/\">Gu\u00eda de especificaciones t\u00e9cnicas<\/a><\/p>\n<p><\/div><\/div><div class=\"vc-column\"><div class=\"vc-column-text\"><\/p>\n<p data-start=\"176\" data-end=\"446\">Las ASICS FUJI LITE 6 son la compa\u00f1era ideal para quienes disfrutan corriendo por senderos con control, ligereza y seguridad. Dise\u00f1ada para que te sientas en sinton\u00eda con el terreno, combina un agarre fiable y estabilidad para afrontar con seguridad incluso los recorridos m\u00e1s t\u00e9cnicos. La entresuela con <strong data-start=\"465\" data-end=\"498\">amortiguaci\u00f3n FF BLAST PLUS<\/strong> ofrece una combinaci\u00f3n inmejorable de ligereza, reactividad y comodidad, reduciendo el impacto y devolviendo energ\u00eda en cada paso. La nueva configuraci\u00f3n envuelve el mediopi\u00e9 hasta la parte lateral del antepi\u00e9, mejorando el ajuste y la estabilidad, mientras que los refuerzos en los ojales mantienen el pie firme, incluso en los tramos m\u00e1s exigentes. La parte superior de <strong data-start=\"863\" data-end=\"882\">malla reforzada<\/strong> es ligera, transpirable y sostenible: m\u00e1s del 50 % del material principal est\u00e1 fabricado con fibras recicladas, lo que reduce el impacto medioambiental sin sacrificar el rendimiento. Los <strong data-start=\"1060\" data-end=\"1084\">detalles reflectantes<\/strong> aumentan la visibilidad en condiciones de poca luz y la <strong data-start=\"1139\" data-end=\"1162\">banda de sujeci\u00f3n de los cordones<\/strong> en la leng\u00fceta te permite mantener todo en orden, evitando que se enreden. La suela <strong data-start=\"1254\" data-end=\"1267\">ASICSGRIP<\/strong> garantiza un agarre avanzado en diversos tipos de terreno, mientras que las <strong data-start=\"1330\" data-end=\"1348\">aletas de 4 mm<\/strong> aseguran una tracci\u00f3n y un control \u00f3ptimos en los tramos t\u00e9cnicos. Adem\u00e1s, es un modelo <strong data-start=\"1435\" data-end=\"1453\">vegano<\/strong>, dise\u00f1ado sin utilizar materiales de origen animal.<\/p>\n<p><\/div><\/div><\/div>\n","protected":false},"excerpt":{"rendered":"<ul>\n<li>zapatilla ideal para recorrer largas rutas de trail por terrenos variados<\/li>\n<li>con buena amortiguaci\u00f3n y ligera<\/li>\n<\/ul>\n","protected":false},"featured_media":338322,"template":"","meta":{"_acf_changed":false,"inline_featured_image":false},"product_brand":[],"product_cat":[24454,24451],"product_tag":[23559,23669],"class_list":{"0":"post-335420","1":"product","2":"type-product","3":"status-publish","4":"has-post-thumbnail","6":"product_cat-calzado-para-hombre","7":"product_cat-trail-es-3","8":"product_tag-asics-es","9":"product_tag-asics-hombre","10":"pa_attivita-outdoor-es","11":"pa_attivita-trail-es","12":"pa_colore-fuji-lite-6-khaki-cream-es","13":"pa_colore-fuji-lite-6-red-clay-black-es","14":"pa_marca-asics-es","15":"pa_sesso-hombre","16":"pa_size-42-es","17":"pa_size-44-es","18":"pa_size-45-es","19":"pa_size-46-es","21":"first","22":"instock","23":"sale","24":"taxable","25":"shipping-taxable","26":"purchasable","27":"product-type-variable","28":"wvs-archive-product-wrapper"},"acf":[],"yoast_head":"<!-- This site is optimized with the Yoast SEO plugin v26.8 - https:\/\/yoast.com\/product\/yoast-seo-wordpress\/ -->\n<title>Asics Fuji Lite 6 hombre - zapatillas de trail para hombre- MioMioRun.com<\/title>\n<meta name=\"description\" content=\"ASICS FUJI LITE 6: zapatilla de trail ligera y reactiva con FF BLAST PLUS, suela ASICSGRIP y parte superior sostenible. Agarre y control en cualquier terreno.\" \/>\n<meta name=\"robots\" content=\"index, follow, max-snippet:-1, max-image-preview:large, max-video-preview:-1\" \/>\n<link rel=\"canonical\" href=\"https:\/\/www.miomiorun.com\/es\/producto\/fuji-lite-6-hombre\/\" \/>\n<meta property=\"og:locale\" content=\"es_ES\" \/>\n<meta property=\"og:type\" content=\"article\" \/>\n<meta property=\"og:title\" content=\"Asics Fuji Lite 6 hombre - zapatillas de trail para hombre- MioMioRun.com\" \/>\n<meta property=\"og:description\" content=\"ASICS FUJI LITE 6: zapatilla de trail ligera y reactiva con FF BLAST PLUS, suela ASICSGRIP y parte superior sostenible. Agarre y control en cualquier terreno.\" \/>\n<meta property=\"og:url\" content=\"https:\/\/www.miomiorun.com\/es\/producto\/fuji-lite-6-hombre\/\" \/>\n<meta property=\"og:site_name\" content=\"MioMioRun\" \/>\n<meta property=\"article:publisher\" content=\"https:\/\/www.facebook.com\/miomiorun\/\" \/>\n<meta property=\"article:modified_time\" content=\"2026-03-18T09:05:54+00:00\" \/>\n<meta property=\"og:image\" content=\"https:\/\/www.miomiorun.com\/app\/uploads\/2025\/08\/asics-Fuji-Lite-6-red-clay-black-1011C086-600.webp\" \/>\n\t<meta property=\"og:image:width\" content=\"720\" \/>\n\t<meta property=\"og:image:height\" content=\"720\" \/>\n\t<meta property=\"og:image:type\" content=\"image\/webp\" \/>\n<meta name=\"twitter:card\" content=\"summary_large_image\" \/>\n<meta name=\"twitter:label1\" content=\"Est. reading time\" \/>\n\t<meta name=\"twitter:data1\" content=\"2 minutes\" \/>\n<script type=\"application\/ld+json\" class=\"yoast-schema-graph\">{\"@context\":\"https:\/\/schema.org\",\"@graph\":[{\"@type\":\"WebPage\",\"@id\":\"https:\/\/www.miomiorun.com\/es\/producto\/fuji-lite-6-hombre\/\",\"url\":\"https:\/\/www.miomiorun.com\/es\/producto\/fuji-lite-6-hombre\/\",\"name\":\"Asics Fuji Lite 6 hombre - zapatillas de trail para hombre- MioMioRun.com\",\"isPartOf\":{\"@id\":\"https:\/\/www.miomiorun.com\/es\/#website\"},\"primaryImageOfPage\":{\"@id\":\"https:\/\/www.miomiorun.com\/es\/producto\/fuji-lite-6-hombre\/#primaryimage\"},\"image\":{\"@id\":\"https:\/\/www.miomiorun.com\/es\/producto\/fuji-lite-6-hombre\/#primaryimage\"},\"thumbnailUrl\":\"https:\/\/www.miomiorun.com\/app\/uploads\/2025\/08\/asics-Fuji-Lite-6-red-clay-black-1011C086-600.webp\",\"datePublished\":\"2025-08-14T08:40:52+00:00\",\"dateModified\":\"2026-03-18T09:05:54+00:00\",\"description\":\"ASICS FUJI LITE 6: zapatilla de trail ligera y reactiva con FF BLAST PLUS, suela ASICSGRIP y parte superior sostenible. Agarre y control en cualquier terreno.\",\"breadcrumb\":{\"@id\":\"https:\/\/www.miomiorun.com\/es\/producto\/fuji-lite-6-hombre\/#breadcrumb\"},\"inLanguage\":\"es-ES\",\"potentialAction\":[{\"@type\":\"ReadAction\",\"target\":[\"https:\/\/www.miomiorun.com\/es\/producto\/fuji-lite-6-hombre\/\"]}]},{\"@type\":\"ImageObject\",\"inLanguage\":\"es-ES\",\"@id\":\"https:\/\/www.miomiorun.com\/es\/producto\/fuji-lite-6-hombre\/#primaryimage\",\"url\":\"https:\/\/www.miomiorun.com\/app\/uploads\/2025\/08\/asics-Fuji-Lite-6-red-clay-black-1011C086-600.webp\",\"contentUrl\":\"https:\/\/www.miomiorun.com\/app\/uploads\/2025\/08\/asics-Fuji-Lite-6-red-clay-black-1011C086-600.webp\",\"width\":720,\"height\":720,\"caption\":\"asics Fuji Lite 6 red clay black 1011C086 600\"},{\"@type\":\"BreadcrumbList\",\"@id\":\"https:\/\/www.miomiorun.com\/es\/producto\/fuji-lite-6-hombre\/#breadcrumb\",\"itemListElement\":[{\"@type\":\"ListItem\",\"position\":1,\"name\":\"Home\",\"item\":\"https:\/\/www.miomiorun.com\/es\/\"},{\"@type\":\"ListItem\",\"position\":2,\"name\":\"Shop\",\"item\":\"https:\/\/www.miomiorun.com\/shop\/\"},{\"@type\":\"ListItem\",\"position\":3,\"name\":\"Fuji Lite 6 hombre\"}]},{\"@type\":\"WebSite\",\"@id\":\"https:\/\/www.miomiorun.com\/es\/#website\",\"url\":\"https:\/\/www.miomiorun.com\/es\/\",\"name\":\"MioMioRun\",\"description\":\"Tienda 100% running y trail\",\"publisher\":{\"@id\":\"https:\/\/www.miomiorun.com\/es\/#organization\"},\"potentialAction\":[{\"@type\":\"SearchAction\",\"target\":{\"@type\":\"EntryPoint\",\"urlTemplate\":\"https:\/\/www.miomiorun.com\/es\/?s={search_term_string}\"},\"query-input\":{\"@type\":\"PropertyValueSpecification\",\"valueRequired\":true,\"valueName\":\"search_term_string\"}}],\"inLanguage\":\"es-ES\"},{\"@type\":\"Organization\",\"@id\":\"https:\/\/www.miomiorun.com\/es\/#organization\",\"name\":\"MioMio Run\",\"url\":\"https:\/\/www.miomiorun.com\/es\/\",\"logo\":{\"@type\":\"ImageObject\",\"inLanguage\":\"es-ES\",\"@id\":\"https:\/\/www.miomiorun.com\/es\/#\/schema\/logo\/image\/\",\"url\":\"https:\/\/www.miomiorun.com\/app\/uploads\/2019\/12\/logomio.png\",\"contentUrl\":\"https:\/\/www.miomiorun.com\/app\/uploads\/2019\/12\/logomio.png\",\"width\":115,\"height\":82,\"caption\":\"MioMio Run\"},\"image\":{\"@id\":\"https:\/\/www.miomiorun.com\/es\/#\/schema\/logo\/image\/\"},\"sameAs\":[\"https:\/\/www.facebook.com\/miomiorun\/\",\"https:\/\/www.instagram.com\/miomiorun\/\"]}]}<\/script>\n<!-- \/ Yoast SEO plugin. -->","yoast_head_json":{"title":"Asics Fuji Lite 6 hombre - zapatillas de trail para hombre- MioMioRun.com","description":"ASICS FUJI LITE 6: zapatilla de trail ligera y reactiva con FF BLAST PLUS, suela ASICSGRIP y parte superior sostenible. Agarre y control en cualquier terreno.","robots":{"index":"index","follow":"follow","max-snippet":"max-snippet:-1","max-image-preview":"max-image-preview:large","max-video-preview":"max-video-preview:-1"},"canonical":"https:\/\/www.miomiorun.com\/es\/producto\/fuji-lite-6-hombre\/","og_locale":"es_ES","og_type":"article","og_title":"Asics Fuji Lite 6 hombre - zapatillas de trail para hombre- MioMioRun.com","og_description":"ASICS FUJI LITE 6: zapatilla de trail ligera y reactiva con FF BLAST PLUS, suela ASICSGRIP y parte superior sostenible. Agarre y control en cualquier terreno.","og_url":"https:\/\/www.miomiorun.com\/es\/producto\/fuji-lite-6-hombre\/","og_site_name":"MioMioRun","article_publisher":"https:\/\/www.facebook.com\/miomiorun\/","article_modified_time":"2026-03-18T09:05:54+00:00","og_image":[{"width":720,"height":720,"url":"https:\/\/www.miomiorun.com\/app\/uploads\/2025\/08\/asics-Fuji-Lite-6-red-clay-black-1011C086-600.webp","type":"image\/webp"}],"twitter_card":"summary_large_image","twitter_misc":{"Est. reading time":"2 minutes"},"schema":{"@context":"https:\/\/schema.org","@graph":[{"@type":"WebPage","@id":"https:\/\/www.miomiorun.com\/es\/producto\/fuji-lite-6-hombre\/","url":"https:\/\/www.miomiorun.com\/es\/producto\/fuji-lite-6-hombre\/","name":"Asics Fuji Lite 6 hombre - zapatillas de trail para hombre- MioMioRun.com","isPartOf":{"@id":"https:\/\/www.miomiorun.com\/es\/#website"},"primaryImageOfPage":{"@id":"https:\/\/www.miomiorun.com\/es\/producto\/fuji-lite-6-hombre\/#primaryimage"},"image":{"@id":"https:\/\/www.miomiorun.com\/es\/producto\/fuji-lite-6-hombre\/#primaryimage"},"thumbnailUrl":"https:\/\/www.miomiorun.com\/app\/uploads\/2025\/08\/asics-Fuji-Lite-6-red-clay-black-1011C086-600.webp","datePublished":"2025-08-14T08:40:52+00:00","dateModified":"2026-03-18T09:05:54+00:00","description":"ASICS FUJI LITE 6: zapatilla de trail ligera y reactiva con FF BLAST PLUS, suela ASICSGRIP y parte superior sostenible. Agarre y control en cualquier terreno.","breadcrumb":{"@id":"https:\/\/www.miomiorun.com\/es\/producto\/fuji-lite-6-hombre\/#breadcrumb"},"inLanguage":"es-ES","potentialAction":[{"@type":"ReadAction","target":["https:\/\/www.miomiorun.com\/es\/producto\/fuji-lite-6-hombre\/"]}]},{"@type":"ImageObject","inLanguage":"es-ES","@id":"https:\/\/www.miomiorun.com\/es\/producto\/fuji-lite-6-hombre\/#primaryimage","url":"https:\/\/www.miomiorun.com\/app\/uploads\/2025\/08\/asics-Fuji-Lite-6-red-clay-black-1011C086-600.webp","contentUrl":"https:\/\/www.miomiorun.com\/app\/uploads\/2025\/08\/asics-Fuji-Lite-6-red-clay-black-1011C086-600.webp","width":720,"height":720,"caption":"asics Fuji Lite 6 red clay black 1011C086 600"},{"@type":"BreadcrumbList","@id":"https:\/\/www.miomiorun.com\/es\/producto\/fuji-lite-6-hombre\/#breadcrumb","itemListElement":[{"@type":"ListItem","position":1,"name":"Home","item":"https:\/\/www.miomiorun.com\/es\/"},{"@type":"ListItem","position":2,"name":"Shop","item":"https:\/\/www.miomiorun.com\/shop\/"},{"@type":"ListItem","position":3,"name":"Fuji Lite 6 hombre"}]},{"@type":"WebSite","@id":"https:\/\/www.miomiorun.com\/es\/#website","url":"https:\/\/www.miomiorun.com\/es\/","name":"MioMioRun","description":"Tienda 100% running y trail","publisher":{"@id":"https:\/\/www.miomiorun.com\/es\/#organization"},"potentialAction":[{"@type":"SearchAction","target":{"@type":"EntryPoint","urlTemplate":"https:\/\/www.miomiorun.com\/es\/?s={search_term_string}"},"query-input":{"@type":"PropertyValueSpecification","valueRequired":true,"valueName":"search_term_string"}}],"inLanguage":"es-ES"},{"@type":"Organization","@id":"https:\/\/www.miomiorun.com\/es\/#organization","name":"MioMio Run","url":"https:\/\/www.miomiorun.com\/es\/","logo":{"@type":"ImageObject","inLanguage":"es-ES","@id":"https:\/\/www.miomiorun.com\/es\/#\/schema\/logo\/image\/","url":"https:\/\/www.miomiorun.com\/app\/uploads\/2019\/12\/logomio.png","contentUrl":"https:\/\/www.miomiorun.com\/app\/uploads\/2019\/12\/logomio.png","width":115,"height":82,"caption":"MioMio Run"},"image":{"@id":"https:\/\/www.miomiorun.com\/es\/#\/schema\/logo\/image\/"},"sameAs":["https:\/\/www.facebook.com\/miomiorun\/","https:\/\/www.instagram.com\/miomiorun\/"]}]}},"_links":{"self":[{"href":"https:\/\/www.miomiorun.com\/es\/wp-json\/wp\/v2\/product\/335420","targetHints":{"allow":["GET"]}}],"collection":[{"href":"https:\/\/www.miomiorun.com\/es\/wp-json\/wp\/v2\/product"}],"about":[{"href":"https:\/\/www.miomiorun.com\/es\/wp-json\/wp\/v2\/types\/product"}],"wp:featuredmedia":[{"embeddable":true,"href":"https:\/\/www.miomiorun.com\/es\/wp-json\/wp\/v2\/media\/338322"}],"wp:attachment":[{"href":"https:\/\/www.miomiorun.com\/es\/wp-json\/wp\/v2\/media?parent=335420"}],"wp:term":[{"taxonomy":"product_brand","embeddable":true,"href":"https:\/\/www.miomiorun.com\/es\/wp-json\/wp\/v2\/product_brand?post=335420"},{"taxonomy":"product_cat","embeddable":true,"href":"https:\/\/www.miomiorun.com\/es\/wp-json\/wp\/v2\/product_cat?post=335420"},{"taxonomy":"product_tag","embeddable":true,"href":"https:\/\/www.miomiorun.com\/es\/wp-json\/wp\/v2\/product_tag?post=335420"}],"curies":[{"name":"wp","href":"https:\/\/api.w.org\/{rel}","templated":true}]}}