{"id":334831,"date":"2025-08-13T16:06:38","date_gmt":"2025-08-13T14:06:38","guid":{"rendered":"https:\/\/www.miomiorun.com\/?post_type=product&#038;p=334831"},"modified":"2026-05-08T11:31:50","modified_gmt":"2026-05-08T09:31:50","slug":"gel-kayano-32-mujer","status":"publish","type":"product","link":"https:\/\/www.miomiorun.com\/es\/producto\/gel-kayano-32-mujer\/","title":{"rendered":"Gel Kayano 32 mujer"},"content":{"rendered":"<table style=\"border-collapse: collapse;width: 100%\">\n<tbody>\n<tr>\n<td style=\"width: 33.3333%;vertical-align: top;text-align: center\">\n<h4>Especificaciones t\u00e9cnicas<\/h4>\n<p>Categor\u00eda: superamortiguada<br \/>\nDesnivel: 8 mm<br \/>\nPeso: 260 g<br \/>\nIdeal para: todas las corredoras que buscan una zapatilla estable y superamortiguada que ofrezca el apoyo necesario en largas distancias.<br \/>\nPeso del atleta: &gt; 70 kg<br \/>\nRitmo de carrera: &gt; 5,30 min\/km<br \/>\n<a href=\"https:\/\/miomiorun.com\/guida-alle-specifiche-tecniche\/\">Gu\u00eda de especificaciones t\u00e9cnicas<\/a><\/td>\n<td style=\"width: 66.6666%;vertical-align: top;text-align: center\">La nueva ASICS GEL-KAYANO 32 es el referente absoluto para quienes buscan estabilidad, comodidad y protecci\u00f3n en largas distancias. Es la zapatilla m\u00e1s avanzada jam\u00e1s creada por ASICS en t\u00e9rminos de soporte, dise\u00f1ada para acompa\u00f1arte m\u00e1s lejos y durante m\u00e1s tiempo sin comprometer la comodidad. El coraz\u00f3n de este modelo es la tecnolog\u00eda <strong data-start=\"532\" data-end=\"554\">4D GUIDANCE SYSTEM<\/strong>, un sistema de estabilidad adaptativa compuesto por cuatro elementos distintos que trabajan en sinergia para sostener el pie en cada fase de la pisada. Esta innovaci\u00f3n entra en acci\u00f3n precisamente en los momentos en que el cuerpo m\u00e1s necesita control, manteniendo la carrera fluida y segura incluso cuando aumenta el cansancio. En cuanto a la comodidad, las GEL-KAYANO 32 combinan el sistema <strong data-start=\"926\" data-end=\"937\">PureGEL<\/strong>, que absorbe los golpes y reduce el impacto en las articulaciones, con la espuma <strong data-start=\"1015\" data-end=\"1032\">FF BLAST PLUS<\/strong>, suave y reactiva, que proporciona pisadas suaves y una amortiguaci\u00f3n mejorada incluso sobre las superficies m\u00e1s duras. El resultado es una sensaci\u00f3n continua de sujeci\u00f3n y ligereza que te invita a seguir adelante paso a paso. La parte superior de <strong data-start=\"1270\" data-end=\"1289\">malla reforzada<\/strong> garantiza una excelente transpirabilidad y mantiene los pies frescos, mientras que la <strong data-start=\"1368\" data-end=\"1394\">suela h\u00edbrida ASICSGRIP<\/strong> asegura tracci\u00f3n y resistencia en diferentes tipos de terreno. En el interior, la plantilla <strong data-start=\"1478\" data-end=\"1496\">OrthoLite X-55<\/strong> mejora la comodidad y ayuda a gestionar la humedad, y los <strong data-start=\"1550\" data-end=\"1574\">detalles reflectantes<\/strong> te hacen visible incluso en condiciones de poca luz. Con las pr\u00e1cticas leng\u00fcetas en el tal\u00f3n, ponerse y quitarse la zapatilla es m\u00e1s f\u00e1cil que nunca. La GEL-KAYANO 32 no es solo una zapatilla de running: es una compa\u00f1era de entrenamiento que se adapta a tu pisada, te protege y te ofrece la seguridad de correr siempre al m\u00e1ximo de tus posibilidades.<\/td>\n<\/tr>\n<\/tbody>\n<\/table>\n<p>&nbsp;<\/p>\n","protected":false},"excerpt":{"rendered":"<ul>\n<li>Zapatilla con gran amortiguaci\u00f3n y gran estabilidad.<\/li>\n<li>Zapatilla ideal para&nbsp; pronadores.<\/li>\n<li>Adecuada para largas distancias.<\/li>\n<\/ul>\n","protected":false},"featured_media":338574,"template":"","meta":{"_acf_changed":false,"inline_featured_image":false},"product_brand":[],"product_cat":[24227,24229],"product_tag":[23559,23670],"class_list":{"0":"post-334831","1":"product","2":"type-product","3":"status-publish","4":"has-post-thumbnail","6":"product_cat-calzado-femenino","7":"product_cat-establos","8":"product_tag-asics-es","9":"product_tag-asics-mujer","10":"pa_attivita-caminar","11":"pa_attivita-running-es","12":"pa_colore-kayano-32-w-blue-fade-indigo-fog-es","13":"pa_colore-kayano-32-w-sky-digital-sakura","14":"pa_colore-kayano-32-w-tokyo-cream-edo-purple","15":"pa_marca-asics-es","16":"pa_sesso-mujer","17":"pa_size-38-es","18":"pa_size-39-es","19":"pa_size-39-5-es","20":"pa_size-40-es","21":"pa_size-40-5-es","22":"pa_size-41-5-es","23":"pa_size-42-es","25":"first","26":"instock","27":"sale","28":"taxable","29":"shipping-taxable","30":"purchasable","31":"product-type-variable","32":"wvs-archive-product-wrapper"},"acf":[],"yoast_head":"<!-- This site is optimized with the Yoast SEO plugin v26.8 - https:\/\/yoast.com\/product\/yoast-seo-wordpress\/ -->\n<title>Asics Gel Kayano 32 mujer -zapatillas de running - MioMioRun.com<\/title>\n<meta name=\"description\" content=\"ASICS GEL-KAYANO 32: zapatilla de running estable y c\u00f3moda con 4D GUIDANCE SYSTEM, PureGEL y FF BLAST PLUS. Perfecta para largas distancias.\" \/>\n<meta name=\"robots\" content=\"index, follow, max-snippet:-1, max-image-preview:large, max-video-preview:-1\" \/>\n<link rel=\"canonical\" href=\"https:\/\/www.miomiorun.com\/es\/producto\/gel-kayano-32-mujer\/\" \/>\n<meta property=\"og:locale\" content=\"es_ES\" \/>\n<meta property=\"og:type\" content=\"article\" \/>\n<meta property=\"og:title\" content=\"Asics Gel Kayano 32 mujer -zapatillas de running - MioMioRun.com\" \/>\n<meta property=\"og:description\" content=\"ASICS GEL-KAYANO 32: zapatilla de running estable y c\u00f3moda con 4D GUIDANCE SYSTEM, PureGEL y FF BLAST PLUS. Perfecta para largas distancias.\" \/>\n<meta property=\"og:url\" content=\"https:\/\/www.miomiorun.com\/es\/producto\/gel-kayano-32-mujer\/\" \/>\n<meta property=\"og:site_name\" content=\"MioMioRun\" \/>\n<meta property=\"article:publisher\" content=\"https:\/\/www.facebook.com\/miomiorun\/\" \/>\n<meta property=\"article:modified_time\" content=\"2026-05-08T09:31:50+00:00\" \/>\n<meta property=\"og:image\" content=\"https:\/\/www.miomiorun.com\/app\/uploads\/2025\/08\/asics-Kayano-32-W-blue-fade-indigo-fog-1012B838-401.webp\" \/>\n\t<meta property=\"og:image:width\" content=\"720\" \/>\n\t<meta property=\"og:image:height\" content=\"720\" \/>\n\t<meta property=\"og:image:type\" content=\"image\/webp\" \/>\n<meta name=\"twitter:card\" content=\"summary_large_image\" \/>\n<meta name=\"twitter:label1\" content=\"Est. reading time\" \/>\n\t<meta name=\"twitter:data1\" content=\"2 minutes\" \/>\n<script type=\"application\/ld+json\" class=\"yoast-schema-graph\">{\"@context\":\"https:\/\/schema.org\",\"@graph\":[{\"@type\":\"WebPage\",\"@id\":\"https:\/\/www.miomiorun.com\/es\/producto\/gel-kayano-32-mujer\/\",\"url\":\"https:\/\/www.miomiorun.com\/es\/producto\/gel-kayano-32-mujer\/\",\"name\":\"Asics Gel Kayano 32 mujer -zapatillas de running - MioMioRun.com\",\"isPartOf\":{\"@id\":\"https:\/\/www.miomiorun.com\/es\/#website\"},\"primaryImageOfPage\":{\"@id\":\"https:\/\/www.miomiorun.com\/es\/producto\/gel-kayano-32-mujer\/#primaryimage\"},\"image\":{\"@id\":\"https:\/\/www.miomiorun.com\/es\/producto\/gel-kayano-32-mujer\/#primaryimage\"},\"thumbnailUrl\":\"https:\/\/www.miomiorun.com\/app\/uploads\/2025\/08\/asics-Kayano-32-W-blue-fade-indigo-fog-1012B838-401.webp\",\"datePublished\":\"2025-08-13T14:06:38+00:00\",\"dateModified\":\"2026-05-08T09:31:50+00:00\",\"description\":\"ASICS GEL-KAYANO 32: zapatilla de running estable y c\u00f3moda con 4D GUIDANCE SYSTEM, PureGEL y FF BLAST PLUS. Perfecta para largas distancias.\",\"breadcrumb\":{\"@id\":\"https:\/\/www.miomiorun.com\/es\/producto\/gel-kayano-32-mujer\/#breadcrumb\"},\"inLanguage\":\"es-ES\",\"potentialAction\":[{\"@type\":\"ReadAction\",\"target\":[\"https:\/\/www.miomiorun.com\/es\/producto\/gel-kayano-32-mujer\/\"]}]},{\"@type\":\"ImageObject\",\"inLanguage\":\"es-ES\",\"@id\":\"https:\/\/www.miomiorun.com\/es\/producto\/gel-kayano-32-mujer\/#primaryimage\",\"url\":\"https:\/\/www.miomiorun.com\/app\/uploads\/2025\/08\/asics-Kayano-32-W-blue-fade-indigo-fog-1012B838-401.webp\",\"contentUrl\":\"https:\/\/www.miomiorun.com\/app\/uploads\/2025\/08\/asics-Kayano-32-W-blue-fade-indigo-fog-1012B838-401.webp\",\"width\":720,\"height\":720,\"caption\":\"asics Kayano 32 W blue fade indigo fog 1012B838 401\"},{\"@type\":\"BreadcrumbList\",\"@id\":\"https:\/\/www.miomiorun.com\/es\/producto\/gel-kayano-32-mujer\/#breadcrumb\",\"itemListElement\":[{\"@type\":\"ListItem\",\"position\":1,\"name\":\"Home\",\"item\":\"https:\/\/www.miomiorun.com\/es\/\"},{\"@type\":\"ListItem\",\"position\":2,\"name\":\"Shop\",\"item\":\"https:\/\/www.miomiorun.com\/shop\/\"},{\"@type\":\"ListItem\",\"position\":3,\"name\":\"Gel Kayano 32 mujer\"}]},{\"@type\":\"WebSite\",\"@id\":\"https:\/\/www.miomiorun.com\/es\/#website\",\"url\":\"https:\/\/www.miomiorun.com\/es\/\",\"name\":\"MioMioRun\",\"description\":\"Tienda 100% running y trail\",\"publisher\":{\"@id\":\"https:\/\/www.miomiorun.com\/es\/#organization\"},\"potentialAction\":[{\"@type\":\"SearchAction\",\"target\":{\"@type\":\"EntryPoint\",\"urlTemplate\":\"https:\/\/www.miomiorun.com\/es\/?s={search_term_string}\"},\"query-input\":{\"@type\":\"PropertyValueSpecification\",\"valueRequired\":true,\"valueName\":\"search_term_string\"}}],\"inLanguage\":\"es-ES\"},{\"@type\":\"Organization\",\"@id\":\"https:\/\/www.miomiorun.com\/es\/#organization\",\"name\":\"MioMio Run\",\"url\":\"https:\/\/www.miomiorun.com\/es\/\",\"logo\":{\"@type\":\"ImageObject\",\"inLanguage\":\"es-ES\",\"@id\":\"https:\/\/www.miomiorun.com\/es\/#\/schema\/logo\/image\/\",\"url\":\"https:\/\/www.miomiorun.com\/app\/uploads\/2019\/12\/logomio.png\",\"contentUrl\":\"https:\/\/www.miomiorun.com\/app\/uploads\/2019\/12\/logomio.png\",\"width\":115,\"height\":82,\"caption\":\"MioMio Run\"},\"image\":{\"@id\":\"https:\/\/www.miomiorun.com\/es\/#\/schema\/logo\/image\/\"},\"sameAs\":[\"https:\/\/www.facebook.com\/miomiorun\/\",\"https:\/\/www.instagram.com\/miomiorun\/\"]}]}<\/script>\n<!-- \/ Yoast SEO plugin. -->","yoast_head_json":{"title":"Asics Gel Kayano 32 mujer -zapatillas de running - MioMioRun.com","description":"ASICS GEL-KAYANO 32: zapatilla de running estable y c\u00f3moda con 4D GUIDANCE SYSTEM, PureGEL y FF BLAST PLUS. Perfecta para largas distancias.","robots":{"index":"index","follow":"follow","max-snippet":"max-snippet:-1","max-image-preview":"max-image-preview:large","max-video-preview":"max-video-preview:-1"},"canonical":"https:\/\/www.miomiorun.com\/es\/producto\/gel-kayano-32-mujer\/","og_locale":"es_ES","og_type":"article","og_title":"Asics Gel Kayano 32 mujer -zapatillas de running - MioMioRun.com","og_description":"ASICS GEL-KAYANO 32: zapatilla de running estable y c\u00f3moda con 4D GUIDANCE SYSTEM, PureGEL y FF BLAST PLUS. Perfecta para largas distancias.","og_url":"https:\/\/www.miomiorun.com\/es\/producto\/gel-kayano-32-mujer\/","og_site_name":"MioMioRun","article_publisher":"https:\/\/www.facebook.com\/miomiorun\/","article_modified_time":"2026-05-08T09:31:50+00:00","og_image":[{"width":720,"height":720,"url":"https:\/\/www.miomiorun.com\/app\/uploads\/2025\/08\/asics-Kayano-32-W-blue-fade-indigo-fog-1012B838-401.webp","type":"image\/webp"}],"twitter_card":"summary_large_image","twitter_misc":{"Est. reading time":"2 minutes"},"schema":{"@context":"https:\/\/schema.org","@graph":[{"@type":"WebPage","@id":"https:\/\/www.miomiorun.com\/es\/producto\/gel-kayano-32-mujer\/","url":"https:\/\/www.miomiorun.com\/es\/producto\/gel-kayano-32-mujer\/","name":"Asics Gel Kayano 32 mujer -zapatillas de running - MioMioRun.com","isPartOf":{"@id":"https:\/\/www.miomiorun.com\/es\/#website"},"primaryImageOfPage":{"@id":"https:\/\/www.miomiorun.com\/es\/producto\/gel-kayano-32-mujer\/#primaryimage"},"image":{"@id":"https:\/\/www.miomiorun.com\/es\/producto\/gel-kayano-32-mujer\/#primaryimage"},"thumbnailUrl":"https:\/\/www.miomiorun.com\/app\/uploads\/2025\/08\/asics-Kayano-32-W-blue-fade-indigo-fog-1012B838-401.webp","datePublished":"2025-08-13T14:06:38+00:00","dateModified":"2026-05-08T09:31:50+00:00","description":"ASICS GEL-KAYANO 32: zapatilla de running estable y c\u00f3moda con 4D GUIDANCE SYSTEM, PureGEL y FF BLAST PLUS. Perfecta para largas distancias.","breadcrumb":{"@id":"https:\/\/www.miomiorun.com\/es\/producto\/gel-kayano-32-mujer\/#breadcrumb"},"inLanguage":"es-ES","potentialAction":[{"@type":"ReadAction","target":["https:\/\/www.miomiorun.com\/es\/producto\/gel-kayano-32-mujer\/"]}]},{"@type":"ImageObject","inLanguage":"es-ES","@id":"https:\/\/www.miomiorun.com\/es\/producto\/gel-kayano-32-mujer\/#primaryimage","url":"https:\/\/www.miomiorun.com\/app\/uploads\/2025\/08\/asics-Kayano-32-W-blue-fade-indigo-fog-1012B838-401.webp","contentUrl":"https:\/\/www.miomiorun.com\/app\/uploads\/2025\/08\/asics-Kayano-32-W-blue-fade-indigo-fog-1012B838-401.webp","width":720,"height":720,"caption":"asics Kayano 32 W blue fade indigo fog 1012B838 401"},{"@type":"BreadcrumbList","@id":"https:\/\/www.miomiorun.com\/es\/producto\/gel-kayano-32-mujer\/#breadcrumb","itemListElement":[{"@type":"ListItem","position":1,"name":"Home","item":"https:\/\/www.miomiorun.com\/es\/"},{"@type":"ListItem","position":2,"name":"Shop","item":"https:\/\/www.miomiorun.com\/shop\/"},{"@type":"ListItem","position":3,"name":"Gel Kayano 32 mujer"}]},{"@type":"WebSite","@id":"https:\/\/www.miomiorun.com\/es\/#website","url":"https:\/\/www.miomiorun.com\/es\/","name":"MioMioRun","description":"Tienda 100% running y trail","publisher":{"@id":"https:\/\/www.miomiorun.com\/es\/#organization"},"potentialAction":[{"@type":"SearchAction","target":{"@type":"EntryPoint","urlTemplate":"https:\/\/www.miomiorun.com\/es\/?s={search_term_string}"},"query-input":{"@type":"PropertyValueSpecification","valueRequired":true,"valueName":"search_term_string"}}],"inLanguage":"es-ES"},{"@type":"Organization","@id":"https:\/\/www.miomiorun.com\/es\/#organization","name":"MioMio Run","url":"https:\/\/www.miomiorun.com\/es\/","logo":{"@type":"ImageObject","inLanguage":"es-ES","@id":"https:\/\/www.miomiorun.com\/es\/#\/schema\/logo\/image\/","url":"https:\/\/www.miomiorun.com\/app\/uploads\/2019\/12\/logomio.png","contentUrl":"https:\/\/www.miomiorun.com\/app\/uploads\/2019\/12\/logomio.png","width":115,"height":82,"caption":"MioMio Run"},"image":{"@id":"https:\/\/www.miomiorun.com\/es\/#\/schema\/logo\/image\/"},"sameAs":["https:\/\/www.facebook.com\/miomiorun\/","https:\/\/www.instagram.com\/miomiorun\/"]}]}},"_links":{"self":[{"href":"https:\/\/www.miomiorun.com\/es\/wp-json\/wp\/v2\/product\/334831","targetHints":{"allow":["GET"]}}],"collection":[{"href":"https:\/\/www.miomiorun.com\/es\/wp-json\/wp\/v2\/product"}],"about":[{"href":"https:\/\/www.miomiorun.com\/es\/wp-json\/wp\/v2\/types\/product"}],"wp:featuredmedia":[{"embeddable":true,"href":"https:\/\/www.miomiorun.com\/es\/wp-json\/wp\/v2\/media\/338574"}],"wp:attachment":[{"href":"https:\/\/www.miomiorun.com\/es\/wp-json\/wp\/v2\/media?parent=334831"}],"wp:term":[{"taxonomy":"product_brand","embeddable":true,"href":"https:\/\/www.miomiorun.com\/es\/wp-json\/wp\/v2\/product_brand?post=334831"},{"taxonomy":"product_cat","embeddable":true,"href":"https:\/\/www.miomiorun.com\/es\/wp-json\/wp\/v2\/product_cat?post=334831"},{"taxonomy":"product_tag","embeddable":true,"href":"https:\/\/www.miomiorun.com\/es\/wp-json\/wp\/v2\/product_tag?post=334831"}],"curies":[{"name":"wp","href":"https:\/\/api.w.org\/{rel}","templated":true}]}}