{"id":334475,"date":"2025-08-13T12:09:24","date_gmt":"2025-08-13T10:09:24","guid":{"rendered":"https:\/\/www.miomiorun.com\/?post_type=product&#038;p=334475"},"modified":"2026-03-18T12:00:06","modified_gmt":"2026-03-18T11:00:06","slug":"metaspeed-sky-tokyo","status":"publish","type":"product","link":"https:\/\/www.miomiorun.com\/es\/producto\/metaspeed-sky-tokyo\/","title":{"rendered":"Metaspeed Sky Tokyo"},"content":{"rendered":"<div class=\"vc-row container\"><div class=\"vc-column\"><div class=\"vc-column-text\"><\/p>\n<h4>Especificaciones t\u00e9cnicas<\/h4>\n<p>Categor\u00eda: Amortiguaci\u00f3n m\u00e1xima<br \/>\nDesnivel: 5 mm<br \/>\nPeso: 170 g<\/p>\n<p>Ideal para: corredores avanzados que buscan rendimiento y comodidad al correr al mismo tiempo, para obtener buenos resultados en competici\u00f3n o para entrenamientos de calidad.<br \/>\nPeso del atleta: 55-75 kg<br \/>\nRitmo de carrera: r\u00e1pido (&gt;4,30 min\/km)<br \/>\n<a href=\"https:\/\/miomiorun.com\/guida-alle-specifiche-tecniche\/\">Gu\u00eda de especificaciones t\u00e9cnicas<\/a><\/p>\n<p><\/div><\/div><div class=\"vc-column\"><div class=\"vc-column-text\"><\/p>\n<p>Si tu objetivo es correr m\u00e1s r\u00e1pido y durante m\u00e1s tiempo, las ASICS METASPEED SKY TOKYO son las zapatillas dise\u00f1adas para llevarte m\u00e1s all\u00e1 de tus l\u00edmites. Dise\u00f1adas para corredores que lo apuestan todo a la zancada, te ayudan a aumentar la velocidad alargando la zancada y ahorrando energ\u00eda en cada pisada. El secreto est\u00e1 en la nueva combinaci\u00f3n de tecnolog\u00edas de amortiguaci\u00f3n. En la capa inferior de la entresuela, la <strong data-start=\"572\" data-end=\"591\">espuma FF LEAP<\/strong> ofrece una ligereza extrema, elasticidad y un retorno de energ\u00eda superior. Por encima de ella, la <strong data-start=\"682\" data-end=\"699\">FF TURBO PLUS<\/strong> garantiza una amortiguaci\u00f3n a\u00fan m\u00e1s reactiva y estable en la fase de apoyo, transformando cada paso en un impulso explosivo hacia la meta. En comparaci\u00f3n con las METASPEED EDGE TOKYO, este modelo tiene la placa situada m\u00e1s arriba y m\u00e1s espuma en la puntera, una decisi\u00f3n de dise\u00f1o que aumenta el retorno de energ\u00eda y te permite mantener una zancada amplia y potente incluso despu\u00e9s de los 30 km. La parte superior de <strong data-start=\"1117\" data-end=\"1136\">MOTION WRAP 3.0<\/strong>, ligera pero reforzada, mantiene el pie firme, mientras que la suela <strong data-start=\"1202\" data-end=\"1215\">ASICSGRIP<\/strong> garantiza un agarre avanzado en diferentes tipos de terreno, para que puedas darlo todo sin distracciones. Con las METASPEED SKY TOKYO en los pies, cada paso est\u00e1 pensado para que corras m\u00e1s r\u00e1pido, durante m\u00e1s tiempo y con menos esfuerzo. Es la zapatilla ideal para quienes no se conforman con participar, sino que quieren ganar el desaf\u00edo contra el cron\u00f3metro.<\/p>\n<p><\/div><\/div><\/div>\n","protected":false},"excerpt":{"rendered":"<ul>\n<li>Amortiguaci\u00f3n superior<\/li>\n<li>Ideal para tus entrenamientos y competiciones<\/li>\n<li>M\u00e1xima comodidad<\/li>\n<\/ul>\n","protected":false},"featured_media":338130,"template":"","meta":{"_acf_changed":false,"inline_featured_image":false},"product_brand":[],"product_cat":[24227,24454,24228,24453],"product_tag":[23559,23669,23670],"class_list":{"0":"post-334475","1":"product","2":"type-product","3":"status-publish","4":"has-post-thumbnail","6":"product_cat-calzado-femenino","7":"product_cat-calzado-para-hombre","8":"product_cat-neutre-es","9":"product_cat-neutre-es-3","10":"product_tag-asics-es","11":"product_tag-asics-hombre","12":"product_tag-asics-mujer","13":"pa_attivita-running-es","14":"pa_colore-metaspeed-sky-tokyo-flash-red-black-es","15":"pa_colore-metaspeed-sky-tokyo-green-gecko-black-es","16":"pa_marca-asics-es","17":"pa_sesso-hombre","18":"pa_sesso-mujer","19":"pa_size-41-5-es","20":"pa_size-42-es","21":"pa_size-44-5-es","23":"first","24":"instock","25":"sale","26":"taxable","27":"shipping-taxable","28":"purchasable","29":"product-type-variable","30":"wvs-archive-product-wrapper"},"acf":[],"yoast_head":"<!-- This site is optimized with the Yoast SEO plugin v26.8 - https:\/\/yoast.com\/product\/yoast-seo-wordpress\/ -->\n<title>Asics Metaspeed Sky Tokyo -zapatillas de running - MioMioRun<\/title>\n<meta name=\"description\" content=\"ASICS METASPEED SKY TOKYO: zapatilla de competici\u00f3n para corredores con zancada amplia. FF LEAP y FF TURBO PLUS para un mayor retorno de energ\u00eda y velocidad.\" \/>\n<meta name=\"robots\" content=\"index, follow, max-snippet:-1, max-image-preview:large, max-video-preview:-1\" \/>\n<link rel=\"canonical\" href=\"https:\/\/www.miomiorun.com\/es\/producto\/metaspeed-sky-tokyo\/\" \/>\n<meta property=\"og:locale\" content=\"es_ES\" \/>\n<meta property=\"og:type\" content=\"article\" \/>\n<meta property=\"og:title\" content=\"Asics Metaspeed Sky Tokyo -zapatillas de running - MioMioRun\" \/>\n<meta property=\"og:description\" content=\"ASICS METASPEED SKY TOKYO: zapatilla de competici\u00f3n para corredores con zancada amplia. FF LEAP y FF TURBO PLUS para un mayor retorno de energ\u00eda y velocidad.\" \/>\n<meta property=\"og:url\" content=\"https:\/\/www.miomiorun.com\/es\/producto\/metaspeed-sky-tokyo\/\" \/>\n<meta property=\"og:site_name\" content=\"MioMioRun\" \/>\n<meta property=\"article:publisher\" content=\"https:\/\/www.facebook.com\/miomiorun\/\" \/>\n<meta property=\"article:modified_time\" content=\"2026-03-18T11:00:06+00:00\" \/>\n<meta property=\"og:image\" content=\"https:\/\/www.miomiorun.com\/app\/uploads\/2025\/08\/asics-Metaspeed-sky-tokyo-flash-red-black-1013A162-600.webp\" \/>\n\t<meta property=\"og:image:width\" content=\"720\" \/>\n\t<meta property=\"og:image:height\" content=\"720\" \/>\n\t<meta property=\"og:image:type\" content=\"image\/webp\" \/>\n<meta name=\"twitter:card\" content=\"summary_large_image\" \/>\n<meta name=\"twitter:label1\" content=\"Est. reading time\" \/>\n\t<meta name=\"twitter:data1\" content=\"2 minutes\" \/>\n<script type=\"application\/ld+json\" class=\"yoast-schema-graph\">{\"@context\":\"https:\/\/schema.org\",\"@graph\":[{\"@type\":\"WebPage\",\"@id\":\"https:\/\/www.miomiorun.com\/es\/producto\/metaspeed-sky-tokyo\/\",\"url\":\"https:\/\/www.miomiorun.com\/es\/producto\/metaspeed-sky-tokyo\/\",\"name\":\"Asics Metaspeed Sky Tokyo -zapatillas de running - MioMioRun\",\"isPartOf\":{\"@id\":\"https:\/\/www.miomiorun.com\/es\/#website\"},\"primaryImageOfPage\":{\"@id\":\"https:\/\/www.miomiorun.com\/es\/producto\/metaspeed-sky-tokyo\/#primaryimage\"},\"image\":{\"@id\":\"https:\/\/www.miomiorun.com\/es\/producto\/metaspeed-sky-tokyo\/#primaryimage\"},\"thumbnailUrl\":\"https:\/\/www.miomiorun.com\/app\/uploads\/2025\/08\/asics-Metaspeed-sky-tokyo-flash-red-black-1013A162-600.webp\",\"datePublished\":\"2025-08-13T10:09:24+00:00\",\"dateModified\":\"2026-03-18T11:00:06+00:00\",\"description\":\"ASICS METASPEED SKY TOKYO: zapatilla de competici\u00f3n para corredores con zancada amplia. FF LEAP y FF TURBO PLUS para un mayor retorno de energ\u00eda y velocidad.\",\"breadcrumb\":{\"@id\":\"https:\/\/www.miomiorun.com\/es\/producto\/metaspeed-sky-tokyo\/#breadcrumb\"},\"inLanguage\":\"es-ES\",\"potentialAction\":[{\"@type\":\"ReadAction\",\"target\":[\"https:\/\/www.miomiorun.com\/es\/producto\/metaspeed-sky-tokyo\/\"]}]},{\"@type\":\"ImageObject\",\"inLanguage\":\"es-ES\",\"@id\":\"https:\/\/www.miomiorun.com\/es\/producto\/metaspeed-sky-tokyo\/#primaryimage\",\"url\":\"https:\/\/www.miomiorun.com\/app\/uploads\/2025\/08\/asics-Metaspeed-sky-tokyo-flash-red-black-1013A162-600.webp\",\"contentUrl\":\"https:\/\/www.miomiorun.com\/app\/uploads\/2025\/08\/asics-Metaspeed-sky-tokyo-flash-red-black-1013A162-600.webp\",\"width\":720,\"height\":720,\"caption\":\"asics Metaspeed sky tokyo flash red black 1013A162 600\"},{\"@type\":\"BreadcrumbList\",\"@id\":\"https:\/\/www.miomiorun.com\/es\/producto\/metaspeed-sky-tokyo\/#breadcrumb\",\"itemListElement\":[{\"@type\":\"ListItem\",\"position\":1,\"name\":\"Home\",\"item\":\"https:\/\/www.miomiorun.com\/es\/\"},{\"@type\":\"ListItem\",\"position\":2,\"name\":\"Shop\",\"item\":\"https:\/\/www.miomiorun.com\/shop\/\"},{\"@type\":\"ListItem\",\"position\":3,\"name\":\"Metaspeed Sky Tokyo\"}]},{\"@type\":\"WebSite\",\"@id\":\"https:\/\/www.miomiorun.com\/es\/#website\",\"url\":\"https:\/\/www.miomiorun.com\/es\/\",\"name\":\"MioMioRun\",\"description\":\"Tienda 100% running y trail\",\"publisher\":{\"@id\":\"https:\/\/www.miomiorun.com\/es\/#organization\"},\"potentialAction\":[{\"@type\":\"SearchAction\",\"target\":{\"@type\":\"EntryPoint\",\"urlTemplate\":\"https:\/\/www.miomiorun.com\/es\/?s={search_term_string}\"},\"query-input\":{\"@type\":\"PropertyValueSpecification\",\"valueRequired\":true,\"valueName\":\"search_term_string\"}}],\"inLanguage\":\"es-ES\"},{\"@type\":\"Organization\",\"@id\":\"https:\/\/www.miomiorun.com\/es\/#organization\",\"name\":\"MioMio Run\",\"url\":\"https:\/\/www.miomiorun.com\/es\/\",\"logo\":{\"@type\":\"ImageObject\",\"inLanguage\":\"es-ES\",\"@id\":\"https:\/\/www.miomiorun.com\/es\/#\/schema\/logo\/image\/\",\"url\":\"https:\/\/www.miomiorun.com\/app\/uploads\/2019\/12\/logomio.png\",\"contentUrl\":\"https:\/\/www.miomiorun.com\/app\/uploads\/2019\/12\/logomio.png\",\"width\":115,\"height\":82,\"caption\":\"MioMio Run\"},\"image\":{\"@id\":\"https:\/\/www.miomiorun.com\/es\/#\/schema\/logo\/image\/\"},\"sameAs\":[\"https:\/\/www.facebook.com\/miomiorun\/\",\"https:\/\/www.instagram.com\/miomiorun\/\"]}]}<\/script>\n<!-- \/ Yoast SEO plugin. -->","yoast_head_json":{"title":"Asics Metaspeed Sky Tokyo -zapatillas de running - MioMioRun","description":"ASICS METASPEED SKY TOKYO: zapatilla de competici\u00f3n para corredores con zancada amplia. FF LEAP y FF TURBO PLUS para un mayor retorno de energ\u00eda y velocidad.","robots":{"index":"index","follow":"follow","max-snippet":"max-snippet:-1","max-image-preview":"max-image-preview:large","max-video-preview":"max-video-preview:-1"},"canonical":"https:\/\/www.miomiorun.com\/es\/producto\/metaspeed-sky-tokyo\/","og_locale":"es_ES","og_type":"article","og_title":"Asics Metaspeed Sky Tokyo -zapatillas de running - MioMioRun","og_description":"ASICS METASPEED SKY TOKYO: zapatilla de competici\u00f3n para corredores con zancada amplia. FF LEAP y FF TURBO PLUS para un mayor retorno de energ\u00eda y velocidad.","og_url":"https:\/\/www.miomiorun.com\/es\/producto\/metaspeed-sky-tokyo\/","og_site_name":"MioMioRun","article_publisher":"https:\/\/www.facebook.com\/miomiorun\/","article_modified_time":"2026-03-18T11:00:06+00:00","og_image":[{"width":720,"height":720,"url":"https:\/\/www.miomiorun.com\/app\/uploads\/2025\/08\/asics-Metaspeed-sky-tokyo-flash-red-black-1013A162-600.webp","type":"image\/webp"}],"twitter_card":"summary_large_image","twitter_misc":{"Est. reading time":"2 minutes"},"schema":{"@context":"https:\/\/schema.org","@graph":[{"@type":"WebPage","@id":"https:\/\/www.miomiorun.com\/es\/producto\/metaspeed-sky-tokyo\/","url":"https:\/\/www.miomiorun.com\/es\/producto\/metaspeed-sky-tokyo\/","name":"Asics Metaspeed Sky Tokyo -zapatillas de running - MioMioRun","isPartOf":{"@id":"https:\/\/www.miomiorun.com\/es\/#website"},"primaryImageOfPage":{"@id":"https:\/\/www.miomiorun.com\/es\/producto\/metaspeed-sky-tokyo\/#primaryimage"},"image":{"@id":"https:\/\/www.miomiorun.com\/es\/producto\/metaspeed-sky-tokyo\/#primaryimage"},"thumbnailUrl":"https:\/\/www.miomiorun.com\/app\/uploads\/2025\/08\/asics-Metaspeed-sky-tokyo-flash-red-black-1013A162-600.webp","datePublished":"2025-08-13T10:09:24+00:00","dateModified":"2026-03-18T11:00:06+00:00","description":"ASICS METASPEED SKY TOKYO: zapatilla de competici\u00f3n para corredores con zancada amplia. FF LEAP y FF TURBO PLUS para un mayor retorno de energ\u00eda y velocidad.","breadcrumb":{"@id":"https:\/\/www.miomiorun.com\/es\/producto\/metaspeed-sky-tokyo\/#breadcrumb"},"inLanguage":"es-ES","potentialAction":[{"@type":"ReadAction","target":["https:\/\/www.miomiorun.com\/es\/producto\/metaspeed-sky-tokyo\/"]}]},{"@type":"ImageObject","inLanguage":"es-ES","@id":"https:\/\/www.miomiorun.com\/es\/producto\/metaspeed-sky-tokyo\/#primaryimage","url":"https:\/\/www.miomiorun.com\/app\/uploads\/2025\/08\/asics-Metaspeed-sky-tokyo-flash-red-black-1013A162-600.webp","contentUrl":"https:\/\/www.miomiorun.com\/app\/uploads\/2025\/08\/asics-Metaspeed-sky-tokyo-flash-red-black-1013A162-600.webp","width":720,"height":720,"caption":"asics Metaspeed sky tokyo flash red black 1013A162 600"},{"@type":"BreadcrumbList","@id":"https:\/\/www.miomiorun.com\/es\/producto\/metaspeed-sky-tokyo\/#breadcrumb","itemListElement":[{"@type":"ListItem","position":1,"name":"Home","item":"https:\/\/www.miomiorun.com\/es\/"},{"@type":"ListItem","position":2,"name":"Shop","item":"https:\/\/www.miomiorun.com\/shop\/"},{"@type":"ListItem","position":3,"name":"Metaspeed Sky Tokyo"}]},{"@type":"WebSite","@id":"https:\/\/www.miomiorun.com\/es\/#website","url":"https:\/\/www.miomiorun.com\/es\/","name":"MioMioRun","description":"Tienda 100% running y trail","publisher":{"@id":"https:\/\/www.miomiorun.com\/es\/#organization"},"potentialAction":[{"@type":"SearchAction","target":{"@type":"EntryPoint","urlTemplate":"https:\/\/www.miomiorun.com\/es\/?s={search_term_string}"},"query-input":{"@type":"PropertyValueSpecification","valueRequired":true,"valueName":"search_term_string"}}],"inLanguage":"es-ES"},{"@type":"Organization","@id":"https:\/\/www.miomiorun.com\/es\/#organization","name":"MioMio Run","url":"https:\/\/www.miomiorun.com\/es\/","logo":{"@type":"ImageObject","inLanguage":"es-ES","@id":"https:\/\/www.miomiorun.com\/es\/#\/schema\/logo\/image\/","url":"https:\/\/www.miomiorun.com\/app\/uploads\/2019\/12\/logomio.png","contentUrl":"https:\/\/www.miomiorun.com\/app\/uploads\/2019\/12\/logomio.png","width":115,"height":82,"caption":"MioMio Run"},"image":{"@id":"https:\/\/www.miomiorun.com\/es\/#\/schema\/logo\/image\/"},"sameAs":["https:\/\/www.facebook.com\/miomiorun\/","https:\/\/www.instagram.com\/miomiorun\/"]}]}},"_links":{"self":[{"href":"https:\/\/www.miomiorun.com\/es\/wp-json\/wp\/v2\/product\/334475","targetHints":{"allow":["GET"]}}],"collection":[{"href":"https:\/\/www.miomiorun.com\/es\/wp-json\/wp\/v2\/product"}],"about":[{"href":"https:\/\/www.miomiorun.com\/es\/wp-json\/wp\/v2\/types\/product"}],"wp:featuredmedia":[{"embeddable":true,"href":"https:\/\/www.miomiorun.com\/es\/wp-json\/wp\/v2\/media\/338130"}],"wp:attachment":[{"href":"https:\/\/www.miomiorun.com\/es\/wp-json\/wp\/v2\/media?parent=334475"}],"wp:term":[{"taxonomy":"product_brand","embeddable":true,"href":"https:\/\/www.miomiorun.com\/es\/wp-json\/wp\/v2\/product_brand?post=334475"},{"taxonomy":"product_cat","embeddable":true,"href":"https:\/\/www.miomiorun.com\/es\/wp-json\/wp\/v2\/product_cat?post=334475"},{"taxonomy":"product_tag","embeddable":true,"href":"https:\/\/www.miomiorun.com\/es\/wp-json\/wp\/v2\/product_tag?post=334475"}],"curies":[{"name":"wp","href":"https:\/\/api.w.org\/{rel}","templated":true}]}}