{"id":334213,"date":"2025-08-13T09:53:55","date_gmt":"2025-08-13T07:53:55","guid":{"rendered":"https:\/\/www.miomiorun.com\/?post_type=product&#038;p=334213"},"modified":"2026-03-18T12:01:21","modified_gmt":"2026-03-18T11:01:21","slug":"gt-2000-14-hombre","status":"publish","type":"product","link":"https:\/\/www.miomiorun.com\/es\/producto\/gt-2000-14-hombre\/","title":{"rendered":"GT-2000 14 hombre"},"content":{"rendered":"<table style=\"border-collapse: collapse;width: 100%\">\n<tbody>\n<tr>\n<td style=\"width: 33.3333%;vertical-align: top;text-align: center\"><strong>Especificaciones t\u00e9cnicas<\/strong><\/p>\n<p>Categor\u00eda: amortiguaci\u00f3n media<br \/>\nDiferencial: 8 mm<br \/>\nPeso: 270 g<br \/>\nIdeal para: corredores con tendencia a la pronaci\u00f3n que buscan un modelo capaz de garantizar estabilidad y protecci\u00f3n, adem\u00e1s de proporcionar una amortiguaci\u00f3n adecuada y una buena durabilidad.<br \/>\nPeso del atleta: 50-70 kg<br \/>\nRitmo de carrera: medio (&gt;5,00 min\/km)<br \/>\n<a href=\"https:\/\/miomiorun.com\/guida-alle-specifiche-tecniche\/\">Gu\u00eda de especificaciones t\u00e9cnicas<\/a><\/td>\n<td style=\"width: 66.6666%;vertical-align: top;text-align: center\">Si buscas unas zapatillas de running que te ofrezcan sujeci\u00f3n, comodidad y seguridad en cada paso, las nuevas ASICS GT-2000 14 son la compa\u00f1era ideal para tus carreras diarias. Es la versi\u00f3n m\u00e1s c\u00f3moda jam\u00e1s fabricada de este modelo y representa la elecci\u00f3n perfecta para quienes desean mayor estabilidad sin renunciar a la ligereza. El coraz\u00f3n de la GT-2000 14 es la <strong data-start=\"541\" data-end=\"574\">tecnolog\u00eda 3D GUIDANCE SYSTEM<\/strong>: tres componentes dise\u00f1ados para mantener el pie estable y guiarlo de forma natural hacia el movimiento hacia delante, de modo que se corra con menos esfuerzo y m\u00e1s control. La comodidad, por su parte, est\u00e1 garantizada por dos tecnolog\u00edas punteras: la <strong data-start=\"804\" data-end=\"815\">PureGEL<\/strong>, que absorbe los impactos y suaviza cada pisada reduciendo la tensi\u00f3n en las articulaciones, y la <strong data-start=\"918\" data-end=\"942\">espuma FF BLAST MAX<\/strong>, para una amortiguaci\u00f3n ligera y reactiva incluso en las superficies m\u00e1s duras. Para completar el conjunto, una <strong data-start=\"1049\" data-end=\"1080\">parte superior de malla reforzada<\/strong> que envuelve el pie de forma transpirable y c\u00f3moda, una <strong data-start=\"1142\" data-end=\"1161\">placa interna<\/strong> que aporta estabilidad y empuje hacia delante, y una <strong data-start=\"1211\" data-end=\"1229\">suela AHARPLUS<\/strong> para una mayor durabilidad, kil\u00f3metro tras kil\u00f3metro. Los <strong data-start=\"1284\" data-end=\"1308\">detalles reflectantes<\/strong> mejoran la visibilidad cuando hay poca luz, mientras que la plantilla <strong data-start=\"1379\" data-end=\"1397\">OrthoLite X-30<\/strong> te proporciona una sensaci\u00f3n de suavidad desde el primer paso. En pocas palabras: con las ASICS GT-2000 14 puedes concentrarte solo en correr, porque ellas se encargan de todo lo dem\u00e1s.<\/td>\n<\/tr>\n<\/tbody>\n<\/table>\n<p>&nbsp;<\/p>\n","protected":false},"excerpt":{"rendered":"<ul>\n<li>Zapatilla con amortiguaci\u00f3n pero ligera.<\/li>\n<li>Te ayudar\u00e1 a correr con mayor fluidez.<\/li>\n<li>Ideal para pisadas con tendencia a la pronaci\u00f3n.<\/li>\n<\/ul>\n","protected":false},"featured_media":352943,"template":"","meta":{"_acf_changed":false,"inline_featured_image":false},"product_brand":[],"product_cat":[24454,24452],"product_tag":[23559,23669],"class_list":{"0":"post-334213","1":"product","2":"type-product","3":"status-publish","4":"has-post-thumbnail","6":"product_cat-calzado-para-hombre","7":"product_cat-establos-es-2","8":"product_tag-asics-es","9":"product_tag-asics-hombre","10":"pa_attivita-caminar","11":"pa_attivita-running-es","12":"pa_colore-gt-2000-14-midnight-vivid-coral","13":"pa_marca-asics-es","14":"pa_sesso-hombre","15":"pa_size-42-5-es","17":"first","18":"outofstock","19":"sale","20":"taxable","21":"shipping-taxable","22":"purchasable","23":"product-type-variable","24":"wvs-archive-product-wrapper"},"acf":[],"yoast_head":"<!-- This site is optimized with the Yoast SEO plugin v26.8 - https:\/\/yoast.com\/product\/yoast-seo-wordpress\/ -->\n<title>Asics GT-2000 14 hombre - zapatillas de running - MioMioRun com<\/title>\n<meta name=\"description\" content=\"ASICS GT-2000 14 para hombre: zapatilla de running estable y c\u00f3moda, con PureGEL y FF BLAST MAX para una amortiguaci\u00f3n superior. Perfecta para correr a diario.\" \/>\n<meta name=\"robots\" content=\"index, follow, max-snippet:-1, max-image-preview:large, max-video-preview:-1\" \/>\n<link rel=\"canonical\" href=\"https:\/\/www.miomiorun.com\/es\/producto\/gt-2000-14-hombre\/\" \/>\n<meta property=\"og:locale\" content=\"es_ES\" \/>\n<meta property=\"og:type\" content=\"article\" \/>\n<meta property=\"og:title\" content=\"Asics GT-2000 14 hombre - zapatillas de running - MioMioRun com\" \/>\n<meta property=\"og:description\" content=\"ASICS GT-2000 14 para hombre: zapatilla de running estable y c\u00f3moda, con PureGEL y FF BLAST MAX para una amortiguaci\u00f3n superior. Perfecta para correr a diario.\" \/>\n<meta property=\"og:url\" content=\"https:\/\/www.miomiorun.com\/es\/producto\/gt-2000-14-hombre\/\" \/>\n<meta property=\"og:site_name\" content=\"MioMioRun\" \/>\n<meta property=\"article:publisher\" content=\"https:\/\/www.facebook.com\/miomiorun\/\" \/>\n<meta property=\"article:modified_time\" content=\"2026-03-18T11:01:21+00:00\" \/>\n<meta property=\"og:image\" content=\"https:\/\/www.miomiorun.com\/app\/uploads\/2025\/09\/asics-GT-2000-14-midnight-vivid-coral-1011C056-401.webp\" \/>\n\t<meta property=\"og:image:width\" content=\"720\" \/>\n\t<meta property=\"og:image:height\" content=\"720\" \/>\n\t<meta property=\"og:image:type\" content=\"image\/webp\" \/>\n<meta name=\"twitter:card\" content=\"summary_large_image\" \/>\n<meta name=\"twitter:label1\" content=\"Est. reading time\" \/>\n\t<meta name=\"twitter:data1\" content=\"2 minutes\" \/>\n<script type=\"application\/ld+json\" class=\"yoast-schema-graph\">{\"@context\":\"https:\/\/schema.org\",\"@graph\":[{\"@type\":\"WebPage\",\"@id\":\"https:\/\/www.miomiorun.com\/es\/producto\/gt-2000-14-hombre\/\",\"url\":\"https:\/\/www.miomiorun.com\/es\/producto\/gt-2000-14-hombre\/\",\"name\":\"Asics GT-2000 14 hombre - zapatillas de running - MioMioRun com\",\"isPartOf\":{\"@id\":\"https:\/\/www.miomiorun.com\/es\/#website\"},\"primaryImageOfPage\":{\"@id\":\"https:\/\/www.miomiorun.com\/es\/producto\/gt-2000-14-hombre\/#primaryimage\"},\"image\":{\"@id\":\"https:\/\/www.miomiorun.com\/es\/producto\/gt-2000-14-hombre\/#primaryimage\"},\"thumbnailUrl\":\"https:\/\/www.miomiorun.com\/app\/uploads\/2025\/09\/asics-GT-2000-14-midnight-vivid-coral-1011C056-401.webp\",\"datePublished\":\"2025-08-13T07:53:55+00:00\",\"dateModified\":\"2026-03-18T11:01:21+00:00\",\"description\":\"ASICS GT-2000 14 para hombre: zapatilla de running estable y c\u00f3moda, con PureGEL y FF BLAST MAX para una amortiguaci\u00f3n superior. Perfecta para correr a diario.\",\"breadcrumb\":{\"@id\":\"https:\/\/www.miomiorun.com\/es\/producto\/gt-2000-14-hombre\/#breadcrumb\"},\"inLanguage\":\"es-ES\",\"potentialAction\":[{\"@type\":\"ReadAction\",\"target\":[\"https:\/\/www.miomiorun.com\/es\/producto\/gt-2000-14-hombre\/\"]}]},{\"@type\":\"ImageObject\",\"inLanguage\":\"es-ES\",\"@id\":\"https:\/\/www.miomiorun.com\/es\/producto\/gt-2000-14-hombre\/#primaryimage\",\"url\":\"https:\/\/www.miomiorun.com\/app\/uploads\/2025\/09\/asics-GT-2000-14-midnight-vivid-coral-1011C056-401.webp\",\"contentUrl\":\"https:\/\/www.miomiorun.com\/app\/uploads\/2025\/09\/asics-GT-2000-14-midnight-vivid-coral-1011C056-401.webp\",\"width\":720,\"height\":720,\"caption\":\"asics GT-2000 14 midnight vivid coral 1011C056 401\"},{\"@type\":\"BreadcrumbList\",\"@id\":\"https:\/\/www.miomiorun.com\/es\/producto\/gt-2000-14-hombre\/#breadcrumb\",\"itemListElement\":[{\"@type\":\"ListItem\",\"position\":1,\"name\":\"Home\",\"item\":\"https:\/\/www.miomiorun.com\/es\/\"},{\"@type\":\"ListItem\",\"position\":2,\"name\":\"Shop\",\"item\":\"https:\/\/www.miomiorun.com\/shop\/\"},{\"@type\":\"ListItem\",\"position\":3,\"name\":\"GT-2000 14 hombre\"}]},{\"@type\":\"WebSite\",\"@id\":\"https:\/\/www.miomiorun.com\/es\/#website\",\"url\":\"https:\/\/www.miomiorun.com\/es\/\",\"name\":\"MioMioRun\",\"description\":\"Tienda 100% running y trail\",\"publisher\":{\"@id\":\"https:\/\/www.miomiorun.com\/es\/#organization\"},\"potentialAction\":[{\"@type\":\"SearchAction\",\"target\":{\"@type\":\"EntryPoint\",\"urlTemplate\":\"https:\/\/www.miomiorun.com\/es\/?s={search_term_string}\"},\"query-input\":{\"@type\":\"PropertyValueSpecification\",\"valueRequired\":true,\"valueName\":\"search_term_string\"}}],\"inLanguage\":\"es-ES\"},{\"@type\":\"Organization\",\"@id\":\"https:\/\/www.miomiorun.com\/es\/#organization\",\"name\":\"MioMio Run\",\"url\":\"https:\/\/www.miomiorun.com\/es\/\",\"logo\":{\"@type\":\"ImageObject\",\"inLanguage\":\"es-ES\",\"@id\":\"https:\/\/www.miomiorun.com\/es\/#\/schema\/logo\/image\/\",\"url\":\"https:\/\/www.miomiorun.com\/app\/uploads\/2019\/12\/logomio.png\",\"contentUrl\":\"https:\/\/www.miomiorun.com\/app\/uploads\/2019\/12\/logomio.png\",\"width\":115,\"height\":82,\"caption\":\"MioMio Run\"},\"image\":{\"@id\":\"https:\/\/www.miomiorun.com\/es\/#\/schema\/logo\/image\/\"},\"sameAs\":[\"https:\/\/www.facebook.com\/miomiorun\/\",\"https:\/\/www.instagram.com\/miomiorun\/\"]}]}<\/script>\n<!-- \/ Yoast SEO plugin. -->","yoast_head_json":{"title":"Asics GT-2000 14 hombre - zapatillas de running - MioMioRun com","description":"ASICS GT-2000 14 para hombre: zapatilla de running estable y c\u00f3moda, con PureGEL y FF BLAST MAX para una amortiguaci\u00f3n superior. Perfecta para correr a diario.","robots":{"index":"index","follow":"follow","max-snippet":"max-snippet:-1","max-image-preview":"max-image-preview:large","max-video-preview":"max-video-preview:-1"},"canonical":"https:\/\/www.miomiorun.com\/es\/producto\/gt-2000-14-hombre\/","og_locale":"es_ES","og_type":"article","og_title":"Asics GT-2000 14 hombre - zapatillas de running - MioMioRun com","og_description":"ASICS GT-2000 14 para hombre: zapatilla de running estable y c\u00f3moda, con PureGEL y FF BLAST MAX para una amortiguaci\u00f3n superior. Perfecta para correr a diario.","og_url":"https:\/\/www.miomiorun.com\/es\/producto\/gt-2000-14-hombre\/","og_site_name":"MioMioRun","article_publisher":"https:\/\/www.facebook.com\/miomiorun\/","article_modified_time":"2026-03-18T11:01:21+00:00","og_image":[{"width":720,"height":720,"url":"https:\/\/www.miomiorun.com\/app\/uploads\/2025\/09\/asics-GT-2000-14-midnight-vivid-coral-1011C056-401.webp","type":"image\/webp"}],"twitter_card":"summary_large_image","twitter_misc":{"Est. reading time":"2 minutes"},"schema":{"@context":"https:\/\/schema.org","@graph":[{"@type":"WebPage","@id":"https:\/\/www.miomiorun.com\/es\/producto\/gt-2000-14-hombre\/","url":"https:\/\/www.miomiorun.com\/es\/producto\/gt-2000-14-hombre\/","name":"Asics GT-2000 14 hombre - zapatillas de running - MioMioRun com","isPartOf":{"@id":"https:\/\/www.miomiorun.com\/es\/#website"},"primaryImageOfPage":{"@id":"https:\/\/www.miomiorun.com\/es\/producto\/gt-2000-14-hombre\/#primaryimage"},"image":{"@id":"https:\/\/www.miomiorun.com\/es\/producto\/gt-2000-14-hombre\/#primaryimage"},"thumbnailUrl":"https:\/\/www.miomiorun.com\/app\/uploads\/2025\/09\/asics-GT-2000-14-midnight-vivid-coral-1011C056-401.webp","datePublished":"2025-08-13T07:53:55+00:00","dateModified":"2026-03-18T11:01:21+00:00","description":"ASICS GT-2000 14 para hombre: zapatilla de running estable y c\u00f3moda, con PureGEL y FF BLAST MAX para una amortiguaci\u00f3n superior. Perfecta para correr a diario.","breadcrumb":{"@id":"https:\/\/www.miomiorun.com\/es\/producto\/gt-2000-14-hombre\/#breadcrumb"},"inLanguage":"es-ES","potentialAction":[{"@type":"ReadAction","target":["https:\/\/www.miomiorun.com\/es\/producto\/gt-2000-14-hombre\/"]}]},{"@type":"ImageObject","inLanguage":"es-ES","@id":"https:\/\/www.miomiorun.com\/es\/producto\/gt-2000-14-hombre\/#primaryimage","url":"https:\/\/www.miomiorun.com\/app\/uploads\/2025\/09\/asics-GT-2000-14-midnight-vivid-coral-1011C056-401.webp","contentUrl":"https:\/\/www.miomiorun.com\/app\/uploads\/2025\/09\/asics-GT-2000-14-midnight-vivid-coral-1011C056-401.webp","width":720,"height":720,"caption":"asics GT-2000 14 midnight vivid coral 1011C056 401"},{"@type":"BreadcrumbList","@id":"https:\/\/www.miomiorun.com\/es\/producto\/gt-2000-14-hombre\/#breadcrumb","itemListElement":[{"@type":"ListItem","position":1,"name":"Home","item":"https:\/\/www.miomiorun.com\/es\/"},{"@type":"ListItem","position":2,"name":"Shop","item":"https:\/\/www.miomiorun.com\/shop\/"},{"@type":"ListItem","position":3,"name":"GT-2000 14 hombre"}]},{"@type":"WebSite","@id":"https:\/\/www.miomiorun.com\/es\/#website","url":"https:\/\/www.miomiorun.com\/es\/","name":"MioMioRun","description":"Tienda 100% running y trail","publisher":{"@id":"https:\/\/www.miomiorun.com\/es\/#organization"},"potentialAction":[{"@type":"SearchAction","target":{"@type":"EntryPoint","urlTemplate":"https:\/\/www.miomiorun.com\/es\/?s={search_term_string}"},"query-input":{"@type":"PropertyValueSpecification","valueRequired":true,"valueName":"search_term_string"}}],"inLanguage":"es-ES"},{"@type":"Organization","@id":"https:\/\/www.miomiorun.com\/es\/#organization","name":"MioMio Run","url":"https:\/\/www.miomiorun.com\/es\/","logo":{"@type":"ImageObject","inLanguage":"es-ES","@id":"https:\/\/www.miomiorun.com\/es\/#\/schema\/logo\/image\/","url":"https:\/\/www.miomiorun.com\/app\/uploads\/2019\/12\/logomio.png","contentUrl":"https:\/\/www.miomiorun.com\/app\/uploads\/2019\/12\/logomio.png","width":115,"height":82,"caption":"MioMio Run"},"image":{"@id":"https:\/\/www.miomiorun.com\/es\/#\/schema\/logo\/image\/"},"sameAs":["https:\/\/www.facebook.com\/miomiorun\/","https:\/\/www.instagram.com\/miomiorun\/"]}]}},"_links":{"self":[{"href":"https:\/\/www.miomiorun.com\/es\/wp-json\/wp\/v2\/product\/334213","targetHints":{"allow":["GET"]}}],"collection":[{"href":"https:\/\/www.miomiorun.com\/es\/wp-json\/wp\/v2\/product"}],"about":[{"href":"https:\/\/www.miomiorun.com\/es\/wp-json\/wp\/v2\/types\/product"}],"wp:featuredmedia":[{"embeddable":true,"href":"https:\/\/www.miomiorun.com\/es\/wp-json\/wp\/v2\/media\/352943"}],"wp:attachment":[{"href":"https:\/\/www.miomiorun.com\/es\/wp-json\/wp\/v2\/media?parent=334213"}],"wp:term":[{"taxonomy":"product_brand","embeddable":true,"href":"https:\/\/www.miomiorun.com\/es\/wp-json\/wp\/v2\/product_brand?post=334213"},{"taxonomy":"product_cat","embeddable":true,"href":"https:\/\/www.miomiorun.com\/es\/wp-json\/wp\/v2\/product_cat?post=334213"},{"taxonomy":"product_tag","embeddable":true,"href":"https:\/\/www.miomiorun.com\/es\/wp-json\/wp\/v2\/product_tag?post=334213"}],"curies":[{"name":"wp","href":"https:\/\/api.w.org\/{rel}","templated":true}]}}