{"id":334198,"date":"2025-08-13T09:53:51","date_gmt":"2025-08-13T07:53:51","guid":{"rendered":"https:\/\/www.miomiorun.com\/?post_type=product&#038;p=334198"},"modified":"2026-03-17T12:21:09","modified_gmt":"2026-03-17T11:21:09","slug":"asics-gt-2000-14-mujer","status":"publish","type":"product","link":"https:\/\/www.miomiorun.com\/es\/producto\/asics-gt-2000-14-mujer\/","title":{"rendered":"GT-2000 14 mujer"},"content":{"rendered":"<div class=\"vc-row container\"><div class=\"vc-column\"><div class=\"vc-column-text\"><\/p>\n<p><strong>Especificaciones t\u00e9cnicas<\/strong><\/p>\n<p>Categor\u00eda: amortiguaci\u00f3n media<br \/>\nDesplazamiento: 8 mm<br \/>\nPeso: 240 g<br \/>\nIdeal para: corredores con tendencia a la pronaci\u00f3n que buscan un modelo capaz de garantizar estabilidad y protecci\u00f3n, adem\u00e1s de proporcionar una amortiguaci\u00f3n adecuada y durabilidad.<br \/>\nPeso del atleta: 50-70 kg<br \/>\nRitmo de carrera: medio (&gt;5,00 min\/km)<br \/>\n<a href=\"https:\/\/miomiorun.com\/guida-alle-specifiche-tecniche\/\">Gu\u00eda de especificaciones t\u00e9cnicas<\/a><\/p>\n<p><\/div><\/div><div class=\"vc-column\"><div class=\"vc-column-text\"><\/p>\n<p data-start=\"88\" data-end=\"383\">Si buscas unas zapatillas de running que te ofrezcan la m\u00e1xima sujeci\u00f3n sin renunciar a la comodidad, las nuevas ASICS GT-2000 14 para mujer est\u00e1n pensadas para ti. Es la versi\u00f3n m\u00e1s c\u00f3moda jam\u00e1s fabricada de este modelo y la elecci\u00f3n ideal para quienes desean correr a diario con mayor estabilidad y ligereza. El secreto reside en la <strong data-start=\"406\" data-end=\"439\">tecnolog\u00eda 3D GUIDANCE SYSTEM<\/strong>, que mantiene el pie en su posici\u00f3n y gu\u00eda el movimiento hacia delante de forma natural, para que cada paso sea m\u00e1s seguro y controlado. Para mayor comodidad, ASICS ha combinado dos de sus tecnolog\u00edas m\u00e1s avanzadas: <strong data-start=\"642\" data-end=\"653\">PureGEL<\/strong>, que absorbe los golpes y reduce el impacto en las articulaciones, y la <strong data-start=\"721\" data-end=\"745\">espuma FF BLAST MAX<\/strong>, para una amortiguaci\u00f3n extra y reactiva incluso en las superficies m\u00e1s duras. La parte superior de <strong data-start=\"835\" data-end=\"856\">malla reforzada<\/strong> envuelve el pie con ligereza y transpirabilidad, mientras que la <strong data-start=\"917\" data-end=\"942\">placa estabilizadora<\/strong> garantiza un impulso en\u00e9rgico hacia delante sin sacrificar la protecci\u00f3n. La suela y el tal\u00f3n con la mezcla <strong data-start=\"1051\" data-end=\"1063\">AHARPLUS<\/strong> aseguran una durabilidad excepcional, y los <strong data-start=\"1103\" data-end=\"1127\">detalles reflectantes<\/strong> te hacen m\u00e1s visible cuando corres al amanecer o al atardecer. Con un <strong data-start=\"1199\" data-end=\"1221\">peso de solo 240 g<\/strong> y un <strong data-start=\"1227\" data-end=\"1252\">diferencial de 8 mm<\/strong>, la GT-2000 14 Mujer ofrece el equilibrio perfecto entre amortiguaci\u00f3n, estabilidad y reactividad. Una zapatilla probada y perfeccionada en el <strong data-start=\"1391\" data-end=\"1433\">Instituto de Ciencias del Deporte de Jap\u00f3n<\/strong>, para garantizar que cada carrera sea fluida, c\u00f3moda y sin preocupaciones.<\/p>\n<p><\/div><\/div><\/div>\n","protected":false},"excerpt":{"rendered":"<ul>\n<li>Zapatilla con amortiguaci\u00f3n pero ligera.<\/li>\n<li>Te ayudar\u00e1 a correr con mayor fluidez.<\/li>\n<li>Ideal para pisadas con tendencia a la pronaci\u00f3n.<\/li>\n<\/ul>\n","protected":false},"featured_media":338086,"template":"","meta":{"_acf_changed":false,"inline_featured_image":false},"product_brand":[],"product_cat":[24227,24229],"product_tag":[23559,23670],"class_list":{"0":"post-334198","1":"product","2":"type-product","3":"status-publish","4":"has-post-thumbnail","6":"product_cat-calzado-femenino","7":"product_cat-establos","8":"product_tag-asics-es","9":"product_tag-asics-mujer","10":"pa_attivita-caminar","11":"pa_attivita-running-es","12":"pa_colore-gt-2000-14-w-blue-fade-indigo-fog-es","13":"pa_colore-gt-2000-14-w-whisper-green-monument-blue-es","14":"pa_marca-asics-es","15":"pa_sesso-mujer","16":"pa_size-38-es","17":"pa_size-40-es","18":"pa_size-41-5-es","19":"pa_size-42-es","21":"first","22":"instock","23":"sale","24":"taxable","25":"shipping-taxable","26":"purchasable","27":"product-type-variable","28":"wvs-archive-product-wrapper"},"acf":[],"yoast_head":"<!-- This site is optimized with the Yoast SEO plugin v26.8 - https:\/\/yoast.com\/product\/yoast-seo-wordpress\/ -->\n<title>Asics GT-2000 14 mujer - zapatillas de running - MioMioRun<\/title>\n<meta name=\"description\" content=\"ASICS GT-2000 14 para mujer: zapatilla de running estable y c\u00f3moda, con PureGEL y FF BLAST MAX para una amortiguaci\u00f3n superior. Perfecta para correr a diario.\" \/>\n<meta name=\"robots\" content=\"index, follow, max-snippet:-1, max-image-preview:large, max-video-preview:-1\" \/>\n<link rel=\"canonical\" href=\"https:\/\/www.miomiorun.com\/es\/producto\/asics-gt-2000-14-mujer\/\" \/>\n<meta property=\"og:locale\" content=\"es_ES\" \/>\n<meta property=\"og:type\" content=\"article\" \/>\n<meta property=\"og:title\" content=\"Asics GT-2000 14 mujer - zapatillas de running - MioMioRun\" \/>\n<meta property=\"og:description\" content=\"ASICS GT-2000 14 para mujer: zapatilla de running estable y c\u00f3moda, con PureGEL y FF BLAST MAX para una amortiguaci\u00f3n superior. Perfecta para correr a diario.\" \/>\n<meta property=\"og:url\" content=\"https:\/\/www.miomiorun.com\/es\/producto\/asics-gt-2000-14-mujer\/\" \/>\n<meta property=\"og:site_name\" content=\"MioMioRun\" \/>\n<meta property=\"article:publisher\" content=\"https:\/\/www.facebook.com\/miomiorun\/\" \/>\n<meta property=\"article:modified_time\" content=\"2026-03-17T11:21:09+00:00\" \/>\n<meta property=\"og:image\" content=\"https:\/\/www.miomiorun.com\/app\/uploads\/2025\/08\/asics-GT-2000-14-W-whisper-green-monument-blue-1012B843-300.webp\" \/>\n\t<meta property=\"og:image:width\" content=\"720\" \/>\n\t<meta property=\"og:image:height\" content=\"720\" \/>\n\t<meta property=\"og:image:type\" content=\"image\/webp\" \/>\n<meta name=\"twitter:card\" content=\"summary_large_image\" \/>\n<meta name=\"twitter:label1\" content=\"Est. reading time\" \/>\n\t<meta name=\"twitter:data1\" content=\"2 minutes\" \/>\n<script type=\"application\/ld+json\" class=\"yoast-schema-graph\">{\"@context\":\"https:\/\/schema.org\",\"@graph\":[{\"@type\":\"WebPage\",\"@id\":\"https:\/\/www.miomiorun.com\/es\/producto\/asics-gt-2000-14-mujer\/\",\"url\":\"https:\/\/www.miomiorun.com\/es\/producto\/asics-gt-2000-14-mujer\/\",\"name\":\"Asics GT-2000 14 mujer - zapatillas de running - MioMioRun\",\"isPartOf\":{\"@id\":\"https:\/\/www.miomiorun.com\/es\/#website\"},\"primaryImageOfPage\":{\"@id\":\"https:\/\/www.miomiorun.com\/es\/producto\/asics-gt-2000-14-mujer\/#primaryimage\"},\"image\":{\"@id\":\"https:\/\/www.miomiorun.com\/es\/producto\/asics-gt-2000-14-mujer\/#primaryimage\"},\"thumbnailUrl\":\"https:\/\/www.miomiorun.com\/app\/uploads\/2025\/08\/asics-GT-2000-14-W-whisper-green-monument-blue-1012B843-300.webp\",\"datePublished\":\"2025-08-13T07:53:51+00:00\",\"dateModified\":\"2026-03-17T11:21:09+00:00\",\"description\":\"ASICS GT-2000 14 para mujer: zapatilla de running estable y c\u00f3moda, con PureGEL y FF BLAST MAX para una amortiguaci\u00f3n superior. Perfecta para correr a diario.\",\"breadcrumb\":{\"@id\":\"https:\/\/www.miomiorun.com\/es\/producto\/asics-gt-2000-14-mujer\/#breadcrumb\"},\"inLanguage\":\"es-ES\",\"potentialAction\":[{\"@type\":\"ReadAction\",\"target\":[\"https:\/\/www.miomiorun.com\/es\/producto\/asics-gt-2000-14-mujer\/\"]}]},{\"@type\":\"ImageObject\",\"inLanguage\":\"es-ES\",\"@id\":\"https:\/\/www.miomiorun.com\/es\/producto\/asics-gt-2000-14-mujer\/#primaryimage\",\"url\":\"https:\/\/www.miomiorun.com\/app\/uploads\/2025\/08\/asics-GT-2000-14-W-whisper-green-monument-blue-1012B843-300.webp\",\"contentUrl\":\"https:\/\/www.miomiorun.com\/app\/uploads\/2025\/08\/asics-GT-2000-14-W-whisper-green-monument-blue-1012B843-300.webp\",\"width\":720,\"height\":720,\"caption\":\"asics GT-2000 14 W whisper green monument blue 1012B843 300\"},{\"@type\":\"BreadcrumbList\",\"@id\":\"https:\/\/www.miomiorun.com\/es\/producto\/asics-gt-2000-14-mujer\/#breadcrumb\",\"itemListElement\":[{\"@type\":\"ListItem\",\"position\":1,\"name\":\"Home\",\"item\":\"https:\/\/www.miomiorun.com\/es\/\"},{\"@type\":\"ListItem\",\"position\":2,\"name\":\"Shop\",\"item\":\"https:\/\/www.miomiorun.com\/shop\/\"},{\"@type\":\"ListItem\",\"position\":3,\"name\":\"GT-2000 14 mujer\"}]},{\"@type\":\"WebSite\",\"@id\":\"https:\/\/www.miomiorun.com\/es\/#website\",\"url\":\"https:\/\/www.miomiorun.com\/es\/\",\"name\":\"MioMioRun\",\"description\":\"Tienda 100% running y trail\",\"publisher\":{\"@id\":\"https:\/\/www.miomiorun.com\/es\/#organization\"},\"potentialAction\":[{\"@type\":\"SearchAction\",\"target\":{\"@type\":\"EntryPoint\",\"urlTemplate\":\"https:\/\/www.miomiorun.com\/es\/?s={search_term_string}\"},\"query-input\":{\"@type\":\"PropertyValueSpecification\",\"valueRequired\":true,\"valueName\":\"search_term_string\"}}],\"inLanguage\":\"es-ES\"},{\"@type\":\"Organization\",\"@id\":\"https:\/\/www.miomiorun.com\/es\/#organization\",\"name\":\"MioMio Run\",\"url\":\"https:\/\/www.miomiorun.com\/es\/\",\"logo\":{\"@type\":\"ImageObject\",\"inLanguage\":\"es-ES\",\"@id\":\"https:\/\/www.miomiorun.com\/es\/#\/schema\/logo\/image\/\",\"url\":\"https:\/\/www.miomiorun.com\/app\/uploads\/2019\/12\/logomio.png\",\"contentUrl\":\"https:\/\/www.miomiorun.com\/app\/uploads\/2019\/12\/logomio.png\",\"width\":115,\"height\":82,\"caption\":\"MioMio Run\"},\"image\":{\"@id\":\"https:\/\/www.miomiorun.com\/es\/#\/schema\/logo\/image\/\"},\"sameAs\":[\"https:\/\/www.facebook.com\/miomiorun\/\",\"https:\/\/www.instagram.com\/miomiorun\/\"]}]}<\/script>\n<!-- \/ Yoast SEO plugin. -->","yoast_head_json":{"title":"Asics GT-2000 14 mujer - zapatillas de running - MioMioRun","description":"ASICS GT-2000 14 para mujer: zapatilla de running estable y c\u00f3moda, con PureGEL y FF BLAST MAX para una amortiguaci\u00f3n superior. Perfecta para correr a diario.","robots":{"index":"index","follow":"follow","max-snippet":"max-snippet:-1","max-image-preview":"max-image-preview:large","max-video-preview":"max-video-preview:-1"},"canonical":"https:\/\/www.miomiorun.com\/es\/producto\/asics-gt-2000-14-mujer\/","og_locale":"es_ES","og_type":"article","og_title":"Asics GT-2000 14 mujer - zapatillas de running - MioMioRun","og_description":"ASICS GT-2000 14 para mujer: zapatilla de running estable y c\u00f3moda, con PureGEL y FF BLAST MAX para una amortiguaci\u00f3n superior. Perfecta para correr a diario.","og_url":"https:\/\/www.miomiorun.com\/es\/producto\/asics-gt-2000-14-mujer\/","og_site_name":"MioMioRun","article_publisher":"https:\/\/www.facebook.com\/miomiorun\/","article_modified_time":"2026-03-17T11:21:09+00:00","og_image":[{"width":720,"height":720,"url":"https:\/\/www.miomiorun.com\/app\/uploads\/2025\/08\/asics-GT-2000-14-W-whisper-green-monument-blue-1012B843-300.webp","type":"image\/webp"}],"twitter_card":"summary_large_image","twitter_misc":{"Est. reading time":"2 minutes"},"schema":{"@context":"https:\/\/schema.org","@graph":[{"@type":"WebPage","@id":"https:\/\/www.miomiorun.com\/es\/producto\/asics-gt-2000-14-mujer\/","url":"https:\/\/www.miomiorun.com\/es\/producto\/asics-gt-2000-14-mujer\/","name":"Asics GT-2000 14 mujer - zapatillas de running - MioMioRun","isPartOf":{"@id":"https:\/\/www.miomiorun.com\/es\/#website"},"primaryImageOfPage":{"@id":"https:\/\/www.miomiorun.com\/es\/producto\/asics-gt-2000-14-mujer\/#primaryimage"},"image":{"@id":"https:\/\/www.miomiorun.com\/es\/producto\/asics-gt-2000-14-mujer\/#primaryimage"},"thumbnailUrl":"https:\/\/www.miomiorun.com\/app\/uploads\/2025\/08\/asics-GT-2000-14-W-whisper-green-monument-blue-1012B843-300.webp","datePublished":"2025-08-13T07:53:51+00:00","dateModified":"2026-03-17T11:21:09+00:00","description":"ASICS GT-2000 14 para mujer: zapatilla de running estable y c\u00f3moda, con PureGEL y FF BLAST MAX para una amortiguaci\u00f3n superior. Perfecta para correr a diario.","breadcrumb":{"@id":"https:\/\/www.miomiorun.com\/es\/producto\/asics-gt-2000-14-mujer\/#breadcrumb"},"inLanguage":"es-ES","potentialAction":[{"@type":"ReadAction","target":["https:\/\/www.miomiorun.com\/es\/producto\/asics-gt-2000-14-mujer\/"]}]},{"@type":"ImageObject","inLanguage":"es-ES","@id":"https:\/\/www.miomiorun.com\/es\/producto\/asics-gt-2000-14-mujer\/#primaryimage","url":"https:\/\/www.miomiorun.com\/app\/uploads\/2025\/08\/asics-GT-2000-14-W-whisper-green-monument-blue-1012B843-300.webp","contentUrl":"https:\/\/www.miomiorun.com\/app\/uploads\/2025\/08\/asics-GT-2000-14-W-whisper-green-monument-blue-1012B843-300.webp","width":720,"height":720,"caption":"asics GT-2000 14 W whisper green monument blue 1012B843 300"},{"@type":"BreadcrumbList","@id":"https:\/\/www.miomiorun.com\/es\/producto\/asics-gt-2000-14-mujer\/#breadcrumb","itemListElement":[{"@type":"ListItem","position":1,"name":"Home","item":"https:\/\/www.miomiorun.com\/es\/"},{"@type":"ListItem","position":2,"name":"Shop","item":"https:\/\/www.miomiorun.com\/shop\/"},{"@type":"ListItem","position":3,"name":"GT-2000 14 mujer"}]},{"@type":"WebSite","@id":"https:\/\/www.miomiorun.com\/es\/#website","url":"https:\/\/www.miomiorun.com\/es\/","name":"MioMioRun","description":"Tienda 100% running y trail","publisher":{"@id":"https:\/\/www.miomiorun.com\/es\/#organization"},"potentialAction":[{"@type":"SearchAction","target":{"@type":"EntryPoint","urlTemplate":"https:\/\/www.miomiorun.com\/es\/?s={search_term_string}"},"query-input":{"@type":"PropertyValueSpecification","valueRequired":true,"valueName":"search_term_string"}}],"inLanguage":"es-ES"},{"@type":"Organization","@id":"https:\/\/www.miomiorun.com\/es\/#organization","name":"MioMio Run","url":"https:\/\/www.miomiorun.com\/es\/","logo":{"@type":"ImageObject","inLanguage":"es-ES","@id":"https:\/\/www.miomiorun.com\/es\/#\/schema\/logo\/image\/","url":"https:\/\/www.miomiorun.com\/app\/uploads\/2019\/12\/logomio.png","contentUrl":"https:\/\/www.miomiorun.com\/app\/uploads\/2019\/12\/logomio.png","width":115,"height":82,"caption":"MioMio Run"},"image":{"@id":"https:\/\/www.miomiorun.com\/es\/#\/schema\/logo\/image\/"},"sameAs":["https:\/\/www.facebook.com\/miomiorun\/","https:\/\/www.instagram.com\/miomiorun\/"]}]}},"_links":{"self":[{"href":"https:\/\/www.miomiorun.com\/es\/wp-json\/wp\/v2\/product\/334198","targetHints":{"allow":["GET"]}}],"collection":[{"href":"https:\/\/www.miomiorun.com\/es\/wp-json\/wp\/v2\/product"}],"about":[{"href":"https:\/\/www.miomiorun.com\/es\/wp-json\/wp\/v2\/types\/product"}],"wp:featuredmedia":[{"embeddable":true,"href":"https:\/\/www.miomiorun.com\/es\/wp-json\/wp\/v2\/media\/338086"}],"wp:attachment":[{"href":"https:\/\/www.miomiorun.com\/es\/wp-json\/wp\/v2\/media?parent=334198"}],"wp:term":[{"taxonomy":"product_brand","embeddable":true,"href":"https:\/\/www.miomiorun.com\/es\/wp-json\/wp\/v2\/product_brand?post=334198"},{"taxonomy":"product_cat","embeddable":true,"href":"https:\/\/www.miomiorun.com\/es\/wp-json\/wp\/v2\/product_cat?post=334198"},{"taxonomy":"product_tag","embeddable":true,"href":"https:\/\/www.miomiorun.com\/es\/wp-json\/wp\/v2\/product_tag?post=334198"}],"curies":[{"name":"wp","href":"https:\/\/api.w.org\/{rel}","templated":true}]}}