{"id":329124,"date":"2025-07-18T16:07:13","date_gmt":"2025-07-18T14:07:13","guid":{"rendered":"https:\/\/miomiorun.com\/?post_type=product&#038;p=329124"},"modified":"2026-01-03T18:57:19","modified_gmt":"2026-01-03T17:57:19","slug":"mafate-5-mujer","status":"publish","type":"product","link":"https:\/\/www.miomiorun.com\/es\/producto\/mafate-5-mujer\/","title":{"rendered":"Mafate 5 mujer"},"content":{"rendered":"<div class=\"vc-row container\"><div class=\"vc-column\"><div class=\"vc-column-text\"><\/p>\n<p><strong>Especificaciones t\u00e9cnicas<\/strong><\/p>\n<p>Categor\u00eda: amortiguaci\u00f3n superior.<br \/>\nOffset: 8,00 <sup class=\"pl-1\">mm<\/sup>.<br \/>\nPeso: 286,00 <sup class=\"pl-1\">g<\/sup>.<br \/>\nIdeal para: corredores de trail y amantes de las caminatas por la monta\u00f1a que buscan un modelo bien amortiguado y protector, capaz de ofrecer el m\u00e1ximo confort incluso en distancias largas.<br \/>\nPeso del atleta: 70-90 kg<br \/>\nRitmo de carrera: medio (5,00-6,00 min\/km)<br \/>\n<a href=\"https:\/\/miomiorun.com\/guida-alle-specifiche-tecniche\/\">Gu\u00eda de especificaciones t\u00e9cnicas<\/a><\/p>\n<p><\/div><\/div><div class=\"vc-column\"><div class=\"vc-column-text\"><\/p>\n<p data-start=\"473\" data-end=\"885\">Esta zapatilla est\u00e1 dise\u00f1ada para apoyarte incluso en las condiciones m\u00e1s extremas: gracias a la nueva <strong data-start=\"570\" data-end=\"601\">tecnolog\u00eda Rocker Integrity<\/strong>, el movimiento del pie es fluido y natural, lo que reduce el esfuerzo incluso despu\u00e9s de muchos kil\u00f3metros. La entresuela de <strong data-start=\"709\" data-end=\"727\">doble densidad<\/strong>, con una espuma reactiva justo debajo de la planta y una segunda capa que absorbe el impacto cerca de la suela, te ofrece una combinaci\u00f3n perfecta de comodidad y respuesta.<\/p>\n<p data-start=\"887\" data-end=\"1328\">Pero no se trata solo de amortiguaci\u00f3n. Las Mafate 5 tienen una <strong data-start=\"950\" data-end=\"1004\">suela Vibram\u00ae Megagrip con tecnolog\u00eda Traction Lug<\/strong>, que garantiza una tracci\u00f3n incre\u00edble sobre rocas, barro, superficies mojadas&#8230; en definitiva, dondequiera que quieras ir. Y para protegerte de los residuos del camino, cuenta con una parte superior reforzada con <strong data-start=\"1182\" data-end=\"1216\">tratamiento anti-deshilachado<\/strong>, una <strong data-start=\"1222\" data-end=\"1239\">jaula de TPU<\/strong> y tambi\u00e9n la posibilidad de fijar polainas gracias a los puntos de anclaje espec\u00edficos.<\/p>\n<p data-start=\"1330\" data-end=\"1547\">Adem\u00e1s, cuenta con una nueva <strong data-start=\"1351\" data-end=\"1379\">m\u00e1scara el\u00e1stica<\/strong> pendiente de patente, que envuelve el pie para una sensaci\u00f3n de estabilidad sin restricciones, y <strong data-start=\"1479\" data-end=\"1507\">detalles reflectantes<\/strong> para cuando te adentras m\u00e1s all\u00e1 del atardecer.<\/p>\n<p data-start=\"1549\" data-end=\"1782\">En resumen, la Mafate 5 est\u00e1 pensada para aquellos que quieren dominar cualquier sendero, sin concesiones. Es una zapatilla robusta, reactiva y fiable. Si tu objetivo es llegar cada vez m\u00e1s lejos, con ella en tus pies no tienes nada que temer.<\/p>\n<p><\/div><\/div><\/div>\n","protected":false},"excerpt":{"rendered":"<ul>\n<li data-start=\"169\" data-end=\"242\">\n<p data-start=\"171\" data-end=\"242\">&nbsp;Rocker Integrity Technology\u2122<\/p>\n<\/li>\n<li data-start=\"243\" data-end=\"324\">\n<p data-start=\"245\" data-end=\"324\">&nbsp;Entresuela de doble densidad<\/p>\n<\/li>\n<li data-start=\"325\" data-end=\"400\">\n<p data-start=\"327\" data-end=\"400\">&nbsp;Parte superior resistente al desgaste<\/p>\n<\/li>\n<\/ul>\n","protected":false},"featured_media":395325,"template":"","meta":{"_acf_changed":false,"inline_featured_image":false},"product_brand":[],"product_cat":[24227,24230],"product_tag":[23479,23645],"class_list":{"0":"post-329124","1":"product","2":"type-product","3":"status-publish","4":"has-post-thumbnail","6":"product_cat-calzado-femenino","7":"product_cat-trail-es","8":"product_tag-hoka-one-one-es","9":"product_tag-hoka-mujer","10":"pa_attivita-outdoor-es","11":"pa_attivita-trail-es","12":"pa_colore-mafate-5-w-ambient-blue-rosemary","13":"pa_colore-mafate-5-w-midnight-blue-starlight-glow","14":"pa_colore-mafate-5-w-skyward-blue-black-es","15":"pa_marca-hoka-es","16":"pa_sesso-mujer","17":"pa_size-38-es","19":"pa_size-39-es","20":"pa_size-40-es","22":"pa_size-41-es","23":"pa_size-42-es","25":"first","26":"instock","27":"sale","28":"taxable","29":"shipping-taxable","30":"purchasable","31":"product-type-variable","32":"wvs-archive-product-wrapper"},"acf":[],"yoast_head":"<!-- This site is optimized with the Yoast SEO plugin v26.8 - https:\/\/yoast.com\/product\/yoast-seo-wordpress\/ -->\n<title>Hoka Mafate 5 mujer - zapatillas de trail - MioMioRun<\/title>\n<meta name=\"description\" content=\"Descubre las HOKA Mafate 5 para mujer: zapatillas de trail ultrarresistentes con amortiguaci\u00f3n avanzada, suela Vibram\u00ae y protecci\u00f3n total para recorridos t\u00e9cnicos.\" \/>\n<meta name=\"robots\" content=\"index, follow, max-snippet:-1, max-image-preview:large, max-video-preview:-1\" \/>\n<link rel=\"canonical\" href=\"https:\/\/www.miomiorun.com\/es\/producto\/mafate-5-mujer\/\" \/>\n<meta property=\"og:locale\" content=\"es_ES\" \/>\n<meta property=\"og:type\" content=\"article\" \/>\n<meta property=\"og:title\" content=\"Hoka Mafate 5 mujer - zapatillas de trail - MioMioRun\" \/>\n<meta property=\"og:description\" content=\"Descubre las HOKA Mafate 5 para mujer: zapatillas de trail ultrarresistentes con amortiguaci\u00f3n avanzada, suela Vibram\u00ae y protecci\u00f3n total para recorridos t\u00e9cnicos.\" \/>\n<meta property=\"og:url\" content=\"https:\/\/www.miomiorun.com\/es\/producto\/mafate-5-mujer\/\" \/>\n<meta property=\"og:site_name\" content=\"MioMioRun\" \/>\n<meta property=\"article:publisher\" content=\"https:\/\/www.facebook.com\/miomiorun\/\" \/>\n<meta property=\"article:modified_time\" content=\"2026-01-03T17:57:19+00:00\" \/>\n<meta property=\"og:image\" content=\"https:\/\/www.miomiorun.com\/app\/uploads\/2025\/08\/hoka-Mafate-5-W-skyward-blue-black-1168723-SWRD.webp\" \/>\n\t<meta property=\"og:image:width\" content=\"720\" \/>\n\t<meta property=\"og:image:height\" content=\"720\" \/>\n\t<meta property=\"og:image:type\" content=\"image\/webp\" \/>\n<meta name=\"twitter:card\" content=\"summary_large_image\" \/>\n<meta name=\"twitter:label1\" content=\"Est. reading time\" \/>\n\t<meta name=\"twitter:data1\" content=\"2 minutes\" \/>\n<script type=\"application\/ld+json\" class=\"yoast-schema-graph\">{\"@context\":\"https:\/\/schema.org\",\"@graph\":[{\"@type\":\"WebPage\",\"@id\":\"https:\/\/www.miomiorun.com\/es\/producto\/mafate-5-mujer\/\",\"url\":\"https:\/\/www.miomiorun.com\/es\/producto\/mafate-5-mujer\/\",\"name\":\"Hoka Mafate 5 mujer - zapatillas de trail - MioMioRun\",\"isPartOf\":{\"@id\":\"https:\/\/www.miomiorun.com\/es\/#website\"},\"primaryImageOfPage\":{\"@id\":\"https:\/\/www.miomiorun.com\/es\/producto\/mafate-5-mujer\/#primaryimage\"},\"image\":{\"@id\":\"https:\/\/www.miomiorun.com\/es\/producto\/mafate-5-mujer\/#primaryimage\"},\"thumbnailUrl\":\"https:\/\/www.miomiorun.com\/app\/uploads\/2026\/02\/hoka-Mafate-5-W-ambient-blue-rosemary-1168723-ABNT.webp\",\"datePublished\":\"2025-07-18T14:07:13+00:00\",\"dateModified\":\"2026-01-03T17:57:19+00:00\",\"description\":\"Descubre las HOKA Mafate 5 para mujer: zapatillas de trail ultrarresistentes con amortiguaci\u00f3n avanzada, suela Vibram\u00ae y protecci\u00f3n total para recorridos t\u00e9cnicos.\",\"breadcrumb\":{\"@id\":\"https:\/\/www.miomiorun.com\/es\/producto\/mafate-5-mujer\/#breadcrumb\"},\"inLanguage\":\"es-ES\",\"potentialAction\":[{\"@type\":\"ReadAction\",\"target\":[\"https:\/\/www.miomiorun.com\/es\/producto\/mafate-5-mujer\/\"]}]},{\"@type\":\"ImageObject\",\"inLanguage\":\"es-ES\",\"@id\":\"https:\/\/www.miomiorun.com\/es\/producto\/mafate-5-mujer\/#primaryimage\",\"url\":\"https:\/\/www.miomiorun.com\/app\/uploads\/2026\/02\/hoka-Mafate-5-W-ambient-blue-rosemary-1168723-ABNT.webp\",\"contentUrl\":\"https:\/\/www.miomiorun.com\/app\/uploads\/2026\/02\/hoka-Mafate-5-W-ambient-blue-rosemary-1168723-ABNT.webp\",\"width\":720,\"height\":720,\"caption\":\"hoka Mafate 5 W ambient blue rosemary 1168723 ABNT\"},{\"@type\":\"BreadcrumbList\",\"@id\":\"https:\/\/www.miomiorun.com\/es\/producto\/mafate-5-mujer\/#breadcrumb\",\"itemListElement\":[{\"@type\":\"ListItem\",\"position\":1,\"name\":\"Home\",\"item\":\"https:\/\/www.miomiorun.com\/es\/\"},{\"@type\":\"ListItem\",\"position\":2,\"name\":\"Shop\",\"item\":\"https:\/\/www.miomiorun.com\/shop\/\"},{\"@type\":\"ListItem\",\"position\":3,\"name\":\"Mafate 5 mujer\"}]},{\"@type\":\"WebSite\",\"@id\":\"https:\/\/www.miomiorun.com\/es\/#website\",\"url\":\"https:\/\/www.miomiorun.com\/es\/\",\"name\":\"MioMioRun\",\"description\":\"Tienda 100% running y trail\",\"publisher\":{\"@id\":\"https:\/\/www.miomiorun.com\/es\/#organization\"},\"potentialAction\":[{\"@type\":\"SearchAction\",\"target\":{\"@type\":\"EntryPoint\",\"urlTemplate\":\"https:\/\/www.miomiorun.com\/es\/?s={search_term_string}\"},\"query-input\":{\"@type\":\"PropertyValueSpecification\",\"valueRequired\":true,\"valueName\":\"search_term_string\"}}],\"inLanguage\":\"es-ES\"},{\"@type\":\"Organization\",\"@id\":\"https:\/\/www.miomiorun.com\/es\/#organization\",\"name\":\"MioMio Run\",\"url\":\"https:\/\/www.miomiorun.com\/es\/\",\"logo\":{\"@type\":\"ImageObject\",\"inLanguage\":\"es-ES\",\"@id\":\"https:\/\/www.miomiorun.com\/es\/#\/schema\/logo\/image\/\",\"url\":\"https:\/\/www.miomiorun.com\/app\/uploads\/2019\/12\/logomio.png\",\"contentUrl\":\"https:\/\/www.miomiorun.com\/app\/uploads\/2019\/12\/logomio.png\",\"width\":115,\"height\":82,\"caption\":\"MioMio Run\"},\"image\":{\"@id\":\"https:\/\/www.miomiorun.com\/es\/#\/schema\/logo\/image\/\"},\"sameAs\":[\"https:\/\/www.facebook.com\/miomiorun\/\",\"https:\/\/www.instagram.com\/miomiorun\/\"]}]}<\/script>\n<!-- \/ Yoast SEO plugin. -->","yoast_head_json":{"title":"Hoka Mafate 5 mujer - zapatillas de trail - MioMioRun","description":"Descubre las HOKA Mafate 5 para mujer: zapatillas de trail ultrarresistentes con amortiguaci\u00f3n avanzada, suela Vibram\u00ae y protecci\u00f3n total para recorridos t\u00e9cnicos.","robots":{"index":"index","follow":"follow","max-snippet":"max-snippet:-1","max-image-preview":"max-image-preview:large","max-video-preview":"max-video-preview:-1"},"canonical":"https:\/\/www.miomiorun.com\/es\/producto\/mafate-5-mujer\/","og_locale":"es_ES","og_type":"article","og_title":"Hoka Mafate 5 mujer - zapatillas de trail - MioMioRun","og_description":"Descubre las HOKA Mafate 5 para mujer: zapatillas de trail ultrarresistentes con amortiguaci\u00f3n avanzada, suela Vibram\u00ae y protecci\u00f3n total para recorridos t\u00e9cnicos.","og_url":"https:\/\/www.miomiorun.com\/es\/producto\/mafate-5-mujer\/","og_site_name":"MioMioRun","article_publisher":"https:\/\/www.facebook.com\/miomiorun\/","article_modified_time":"2026-01-03T17:57:19+00:00","og_image":[{"width":720,"height":720,"url":"https:\/\/www.miomiorun.com\/app\/uploads\/2025\/08\/hoka-Mafate-5-W-skyward-blue-black-1168723-SWRD.webp","type":"image\/webp"}],"twitter_card":"summary_large_image","twitter_misc":{"Est. reading time":"2 minutes"},"schema":{"@context":"https:\/\/schema.org","@graph":[{"@type":"WebPage","@id":"https:\/\/www.miomiorun.com\/es\/producto\/mafate-5-mujer\/","url":"https:\/\/www.miomiorun.com\/es\/producto\/mafate-5-mujer\/","name":"Hoka Mafate 5 mujer - zapatillas de trail - MioMioRun","isPartOf":{"@id":"https:\/\/www.miomiorun.com\/es\/#website"},"primaryImageOfPage":{"@id":"https:\/\/www.miomiorun.com\/es\/producto\/mafate-5-mujer\/#primaryimage"},"image":{"@id":"https:\/\/www.miomiorun.com\/es\/producto\/mafate-5-mujer\/#primaryimage"},"thumbnailUrl":"https:\/\/www.miomiorun.com\/app\/uploads\/2026\/02\/hoka-Mafate-5-W-ambient-blue-rosemary-1168723-ABNT.webp","datePublished":"2025-07-18T14:07:13+00:00","dateModified":"2026-01-03T17:57:19+00:00","description":"Descubre las HOKA Mafate 5 para mujer: zapatillas de trail ultrarresistentes con amortiguaci\u00f3n avanzada, suela Vibram\u00ae y protecci\u00f3n total para recorridos t\u00e9cnicos.","breadcrumb":{"@id":"https:\/\/www.miomiorun.com\/es\/producto\/mafate-5-mujer\/#breadcrumb"},"inLanguage":"es-ES","potentialAction":[{"@type":"ReadAction","target":["https:\/\/www.miomiorun.com\/es\/producto\/mafate-5-mujer\/"]}]},{"@type":"ImageObject","inLanguage":"es-ES","@id":"https:\/\/www.miomiorun.com\/es\/producto\/mafate-5-mujer\/#primaryimage","url":"https:\/\/www.miomiorun.com\/app\/uploads\/2026\/02\/hoka-Mafate-5-W-ambient-blue-rosemary-1168723-ABNT.webp","contentUrl":"https:\/\/www.miomiorun.com\/app\/uploads\/2026\/02\/hoka-Mafate-5-W-ambient-blue-rosemary-1168723-ABNT.webp","width":720,"height":720,"caption":"hoka Mafate 5 W ambient blue rosemary 1168723 ABNT"},{"@type":"BreadcrumbList","@id":"https:\/\/www.miomiorun.com\/es\/producto\/mafate-5-mujer\/#breadcrumb","itemListElement":[{"@type":"ListItem","position":1,"name":"Home","item":"https:\/\/www.miomiorun.com\/es\/"},{"@type":"ListItem","position":2,"name":"Shop","item":"https:\/\/www.miomiorun.com\/shop\/"},{"@type":"ListItem","position":3,"name":"Mafate 5 mujer"}]},{"@type":"WebSite","@id":"https:\/\/www.miomiorun.com\/es\/#website","url":"https:\/\/www.miomiorun.com\/es\/","name":"MioMioRun","description":"Tienda 100% running y trail","publisher":{"@id":"https:\/\/www.miomiorun.com\/es\/#organization"},"potentialAction":[{"@type":"SearchAction","target":{"@type":"EntryPoint","urlTemplate":"https:\/\/www.miomiorun.com\/es\/?s={search_term_string}"},"query-input":{"@type":"PropertyValueSpecification","valueRequired":true,"valueName":"search_term_string"}}],"inLanguage":"es-ES"},{"@type":"Organization","@id":"https:\/\/www.miomiorun.com\/es\/#organization","name":"MioMio Run","url":"https:\/\/www.miomiorun.com\/es\/","logo":{"@type":"ImageObject","inLanguage":"es-ES","@id":"https:\/\/www.miomiorun.com\/es\/#\/schema\/logo\/image\/","url":"https:\/\/www.miomiorun.com\/app\/uploads\/2019\/12\/logomio.png","contentUrl":"https:\/\/www.miomiorun.com\/app\/uploads\/2019\/12\/logomio.png","width":115,"height":82,"caption":"MioMio Run"},"image":{"@id":"https:\/\/www.miomiorun.com\/es\/#\/schema\/logo\/image\/"},"sameAs":["https:\/\/www.facebook.com\/miomiorun\/","https:\/\/www.instagram.com\/miomiorun\/"]}]}},"_links":{"self":[{"href":"https:\/\/www.miomiorun.com\/es\/wp-json\/wp\/v2\/product\/329124","targetHints":{"allow":["GET"]}}],"collection":[{"href":"https:\/\/www.miomiorun.com\/es\/wp-json\/wp\/v2\/product"}],"about":[{"href":"https:\/\/www.miomiorun.com\/es\/wp-json\/wp\/v2\/types\/product"}],"wp:featuredmedia":[{"embeddable":true,"href":"https:\/\/www.miomiorun.com\/es\/wp-json\/wp\/v2\/media\/395325"}],"wp:attachment":[{"href":"https:\/\/www.miomiorun.com\/es\/wp-json\/wp\/v2\/media?parent=329124"}],"wp:term":[{"taxonomy":"product_brand","embeddable":true,"href":"https:\/\/www.miomiorun.com\/es\/wp-json\/wp\/v2\/product_brand?post=329124"},{"taxonomy":"product_cat","embeddable":true,"href":"https:\/\/www.miomiorun.com\/es\/wp-json\/wp\/v2\/product_cat?post=329124"},{"taxonomy":"product_tag","embeddable":true,"href":"https:\/\/www.miomiorun.com\/es\/wp-json\/wp\/v2\/product_tag?post=329124"}],"curies":[{"name":"wp","href":"https:\/\/api.w.org\/{rel}","templated":true}]}}