{"id":328565,"date":"2025-07-17T17:18:50","date_gmt":"2025-07-17T15:18:50","guid":{"rendered":"https:\/\/miomiorun.com\/?post_type=product&#038;p=328565"},"modified":"2026-04-23T19:15:42","modified_gmt":"2026-04-23T17:15:42","slug":"paradigm-8-donna","status":"publish","type":"product","link":"https:\/\/www.miomiorun.com\/es\/producto\/paradigm-8-donna\/","title":{"rendered":"Paradigm 8 mujer"},"content":{"rendered":"<div class=\"vc-row container\"><div class=\"vc-column\"><div class=\"vc-column-text\"><\/p>\n<h4>Especificaciones t\u00e9cnicas<\/h4>\n<p>Categor\u00eda: soporte<br \/>\nAltura de la suela: 30 mm<br \/>\nDesplazamiento: 0 mm<br \/>\nPeso: 243,8 g<br \/>\nIdeal para: es un modelo <span style=\"font-size: 16px\">dise\u00f1ado para garantizar la m\u00e1xima amortiguaci\u00f3n y estabilidad. Dise\u00f1ado para afrontar carreras de larga distancia y entrenamientos semanales con la m\u00e1xima comodidad y sujeci\u00f3n<\/span><br \/>\nPeso del atleta: &gt; 80 kg<br \/>\nRitmo de carrera: &gt; 5,30 min\/km<\/p>\n<p><a href=\"https:\/\/miomiorun.com\/guida-alle-specifiche-tecniche\/\">Gu\u00eda de especificaciones t\u00e9cnicas<\/a><\/p>\n<p><\/div><\/div><div class=\"vc-column\"><div class=\"vc-column-text\"><\/p>\n<p data-start=\"204\" data-end=\"505\">Las <strong data-start=\"207\" data-end=\"221\">Paradigm 8<\/strong> de Altra son las zapatillas perfectas para quienes buscan sujeci\u00f3n y amortiguaci\u00f3n sin renunciar a la ligereza y la comodidad. Dise\u00f1adas para seguir la l\u00ednea natural y recta de tus pies, estas zapatillas te ayudan a mantener una zancada eficiente, ligera y reactiva, carrera tras carrera.<\/p>\n<p data-start=\"507\" data-end=\"868\">La entresuela se ha actualizado con la <strong data-start=\"546\" data-end=\"572\">mezcla Altra EGO\u2122 MAX<\/strong>, m\u00e1s ligera y suave, que garantiza una amortiguaci\u00f3n superior y una sensaci\u00f3n de lujo bajo el pie. La tecnolog\u00eda <strong data-start=\"697\" data-end=\"711\">GuideRail\u2122<\/strong> entra en acci\u00f3n solo cuando es necesario, ofreciendo una gu\u00eda lateral suave para ayudar a quienes sufren de hiperpronaci\u00f3n, sin obstaculizar nunca el movimiento natural.<\/p>\n<p data-start=\"870\" data-end=\"1139\">La parte superior, confeccionada en <strong data-start=\"883\" data-end=\"912\">malla t\u00e9cnica redise\u00f1ada<\/strong>, mejora la transpirabilidad y garantiza un ajuste c\u00f3modo y estable. El <strong data-start=\"1031\" data-end=\"1064\">cuello del tal\u00f3n moldeado<\/strong>, con detalles suaves, aporta una comodidad inmediata desde el primer uso.<\/p>\n<p data-start=\"1141\" data-end=\"1365\">El cl\u00e1sico dise\u00f1o <strong data-start=\"1161\" data-end=\"1175\">FootShape\u2122<\/strong> de Altra ofrece una <strong data-start=\"1200\" data-end=\"1215\">punta ancha<\/strong>, que permite que los dedos se muevan con libertad, mientras que el <strong data-start=\"1272\" data-end=\"1293\">metatarso estable<\/strong> y el <strong data-start=\"1299\" data-end=\"1319\">drop de cero<\/strong> permiten un apoyo natural y equilibrado.<\/p>\n<h3 data-start=\"1967\" data-end=\"1994\"><strong data-start=\"1971\" data-end=\"1992\">\u00bfA qui\u00e9n va dirigida?<\/strong><\/h3>\n<p data-start=\"1995\" data-end=\"2247\">Ideal para corredores que buscan <strong data-start=\"2025\" data-end=\"2085\">unas zapatillas de running con amortiguaci\u00f3n, sujeci\u00f3n y un movimiento natural<\/strong>, capaces de sujetar no solo los pies, sino tambi\u00e9n la postura y la espalda. Si buscas unas zapatillas que trabajen contigo, las <strong data-start=\"2218\" data-end=\"2232\">Paradigm 8<\/strong> son la respuesta.<\/p>\n<p><\/div><\/div><\/div>\n","protected":false},"excerpt":{"rendered":"<ul>\n<li>Zapatilla ideal para pronadores<\/li>\n<li>Con gran amortiguaci\u00f3n y ligera<\/li>\n<li>Zapatilla que te gu\u00eda mientras corres<\/li>\n<\/ul>\n","protected":false},"featured_media":404780,"template":"","meta":{"_acf_changed":false,"inline_featured_image":false},"product_brand":[],"product_cat":[24227,24229],"product_tag":[23459,23674],"class_list":{"0":"post-328565","1":"product","2":"type-product","3":"status-publish","4":"has-post-thumbnail","6":"product_cat-calzado-femenino","7":"product_cat-establos","8":"product_tag-altra-es","9":"product_tag-altra-mujer","10":"pa_attivita-caminar","11":"pa_attivita-running-es","12":"pa_colore-paradigm-8-w-tan","13":"pa_marca-altra-es","14":"pa_sesso-mujer","15":"pa_size-38-es","16":"pa_size-39-es","18":"first","19":"instock","20":"sale","21":"taxable","22":"shipping-taxable","23":"purchasable","24":"product-type-variable","25":"wvs-archive-product-wrapper"},"acf":[],"yoast_head":"<!-- This site is optimized with the Yoast SEO plugin v26.8 - https:\/\/yoast.com\/product\/yoast-seo-wordpress\/ -->\n<title>AltraParadigm 8 mujer - Zapatillas de running con buena estabilidad - MioMioRun .com<\/title>\n<meta name=\"description\" content=\"Zapatillas de running Altra Paradigm 8 para mujer: m\u00e1xima sujeci\u00f3n, amortiguaci\u00f3n y comodidad natural gracias a GuideRail\u2122, EGO\u2122 MAX y el ajuste FootShape\u2122.\" \/>\n<meta name=\"robots\" content=\"index, follow, max-snippet:-1, max-image-preview:large, max-video-preview:-1\" \/>\n<link rel=\"canonical\" href=\"https:\/\/www.miomiorun.com\/es\/producto\/paradigm-8-donna\/\" \/>\n<meta property=\"og:locale\" content=\"es_ES\" \/>\n<meta property=\"og:type\" content=\"article\" \/>\n<meta property=\"og:title\" content=\"AltraParadigm 8 mujer - Zapatillas de running con buena estabilidad - MioMioRun .com\" \/>\n<meta property=\"og:description\" content=\"Zapatillas de running Altra Paradigm 8 para mujer: m\u00e1xima sujeci\u00f3n, amortiguaci\u00f3n y comodidad natural gracias a GuideRail\u2122, EGO\u2122 MAX y el ajuste FootShape\u2122.\" \/>\n<meta property=\"og:url\" content=\"https:\/\/www.miomiorun.com\/es\/producto\/paradigm-8-donna\/\" \/>\n<meta property=\"og:site_name\" content=\"MioMioRun\" \/>\n<meta property=\"article:publisher\" content=\"https:\/\/www.facebook.com\/miomiorun\/\" \/>\n<meta property=\"article:modified_time\" content=\"2026-04-23T17:15:42+00:00\" \/>\n<meta property=\"og:image\" content=\"https:\/\/www.miomiorun.com\/app\/uploads\/2026\/02\/Altra-Paradigm-8-W-tan-AL0A85RN9221.webp\" \/>\n\t<meta property=\"og:image:width\" content=\"720\" \/>\n\t<meta property=\"og:image:height\" content=\"720\" \/>\n\t<meta property=\"og:image:type\" content=\"image\/webp\" \/>\n<meta name=\"twitter:card\" content=\"summary_large_image\" \/>\n<meta name=\"twitter:label1\" content=\"Est. reading time\" \/>\n\t<meta name=\"twitter:data1\" content=\"2 minutes\" \/>\n<script type=\"application\/ld+json\" class=\"yoast-schema-graph\">{\"@context\":\"https:\/\/schema.org\",\"@graph\":[{\"@type\":\"WebPage\",\"@id\":\"https:\/\/www.miomiorun.com\/es\/producto\/paradigm-8-donna\/\",\"url\":\"https:\/\/www.miomiorun.com\/es\/producto\/paradigm-8-donna\/\",\"name\":\"AltraParadigm 8 mujer - Zapatillas de running con buena estabilidad - MioMioRun .com\",\"isPartOf\":{\"@id\":\"https:\/\/www.miomiorun.com\/es\/#website\"},\"primaryImageOfPage\":{\"@id\":\"https:\/\/www.miomiorun.com\/es\/producto\/paradigm-8-donna\/#primaryimage\"},\"image\":{\"@id\":\"https:\/\/www.miomiorun.com\/es\/producto\/paradigm-8-donna\/#primaryimage\"},\"thumbnailUrl\":\"https:\/\/www.miomiorun.com\/app\/uploads\/2026\/02\/Altra-Paradigm-8-W-tan-AL0A85RN9221.webp\",\"datePublished\":\"2025-07-17T15:18:50+00:00\",\"dateModified\":\"2026-04-23T17:15:42+00:00\",\"description\":\"Zapatillas de running Altra Paradigm 8 para mujer: m\u00e1xima sujeci\u00f3n, amortiguaci\u00f3n y comodidad natural gracias a GuideRail\u2122, EGO\u2122 MAX y el ajuste FootShape\u2122.\",\"breadcrumb\":{\"@id\":\"https:\/\/www.miomiorun.com\/es\/producto\/paradigm-8-donna\/#breadcrumb\"},\"inLanguage\":\"es-ES\",\"potentialAction\":[{\"@type\":\"ReadAction\",\"target\":[\"https:\/\/www.miomiorun.com\/es\/producto\/paradigm-8-donna\/\"]}]},{\"@type\":\"ImageObject\",\"inLanguage\":\"es-ES\",\"@id\":\"https:\/\/www.miomiorun.com\/es\/producto\/paradigm-8-donna\/#primaryimage\",\"url\":\"https:\/\/www.miomiorun.com\/app\/uploads\/2026\/02\/Altra-Paradigm-8-W-tan-AL0A85RN9221.webp\",\"contentUrl\":\"https:\/\/www.miomiorun.com\/app\/uploads\/2026\/02\/Altra-Paradigm-8-W-tan-AL0A85RN9221.webp\",\"width\":720,\"height\":720,\"caption\":\"Altra Paradigm 8 W tan AL0A85RN9221\"},{\"@type\":\"BreadcrumbList\",\"@id\":\"https:\/\/www.miomiorun.com\/es\/producto\/paradigm-8-donna\/#breadcrumb\",\"itemListElement\":[{\"@type\":\"ListItem\",\"position\":1,\"name\":\"Home\",\"item\":\"https:\/\/www.miomiorun.com\/es\/\"},{\"@type\":\"ListItem\",\"position\":2,\"name\":\"Shop\",\"item\":\"https:\/\/www.miomiorun.com\/shop\/\"},{\"@type\":\"ListItem\",\"position\":3,\"name\":\"Paradigm 8 mujer\"}]},{\"@type\":\"WebSite\",\"@id\":\"https:\/\/www.miomiorun.com\/es\/#website\",\"url\":\"https:\/\/www.miomiorun.com\/es\/\",\"name\":\"MioMioRun\",\"description\":\"Tienda 100% running y trail\",\"publisher\":{\"@id\":\"https:\/\/www.miomiorun.com\/es\/#organization\"},\"potentialAction\":[{\"@type\":\"SearchAction\",\"target\":{\"@type\":\"EntryPoint\",\"urlTemplate\":\"https:\/\/www.miomiorun.com\/es\/?s={search_term_string}\"},\"query-input\":{\"@type\":\"PropertyValueSpecification\",\"valueRequired\":true,\"valueName\":\"search_term_string\"}}],\"inLanguage\":\"es-ES\"},{\"@type\":\"Organization\",\"@id\":\"https:\/\/www.miomiorun.com\/es\/#organization\",\"name\":\"MioMio Run\",\"url\":\"https:\/\/www.miomiorun.com\/es\/\",\"logo\":{\"@type\":\"ImageObject\",\"inLanguage\":\"es-ES\",\"@id\":\"https:\/\/www.miomiorun.com\/es\/#\/schema\/logo\/image\/\",\"url\":\"https:\/\/www.miomiorun.com\/app\/uploads\/2019\/12\/logomio.png\",\"contentUrl\":\"https:\/\/www.miomiorun.com\/app\/uploads\/2019\/12\/logomio.png\",\"width\":115,\"height\":82,\"caption\":\"MioMio Run\"},\"image\":{\"@id\":\"https:\/\/www.miomiorun.com\/es\/#\/schema\/logo\/image\/\"},\"sameAs\":[\"https:\/\/www.facebook.com\/miomiorun\/\",\"https:\/\/www.instagram.com\/miomiorun\/\"]}]}<\/script>\n<!-- \/ Yoast SEO plugin. -->","yoast_head_json":{"title":"AltraParadigm 8 mujer - Zapatillas de running con buena estabilidad - MioMioRun .com","description":"Zapatillas de running Altra Paradigm 8 para mujer: m\u00e1xima sujeci\u00f3n, amortiguaci\u00f3n y comodidad natural gracias a GuideRail\u2122, EGO\u2122 MAX y el ajuste FootShape\u2122.","robots":{"index":"index","follow":"follow","max-snippet":"max-snippet:-1","max-image-preview":"max-image-preview:large","max-video-preview":"max-video-preview:-1"},"canonical":"https:\/\/www.miomiorun.com\/es\/producto\/paradigm-8-donna\/","og_locale":"es_ES","og_type":"article","og_title":"AltraParadigm 8 mujer - Zapatillas de running con buena estabilidad - MioMioRun .com","og_description":"Zapatillas de running Altra Paradigm 8 para mujer: m\u00e1xima sujeci\u00f3n, amortiguaci\u00f3n y comodidad natural gracias a GuideRail\u2122, EGO\u2122 MAX y el ajuste FootShape\u2122.","og_url":"https:\/\/www.miomiorun.com\/es\/producto\/paradigm-8-donna\/","og_site_name":"MioMioRun","article_publisher":"https:\/\/www.facebook.com\/miomiorun\/","article_modified_time":"2026-04-23T17:15:42+00:00","og_image":[{"width":720,"height":720,"url":"https:\/\/www.miomiorun.com\/app\/uploads\/2026\/02\/Altra-Paradigm-8-W-tan-AL0A85RN9221.webp","type":"image\/webp"}],"twitter_card":"summary_large_image","twitter_misc":{"Est. reading time":"2 minutes"},"schema":{"@context":"https:\/\/schema.org","@graph":[{"@type":"WebPage","@id":"https:\/\/www.miomiorun.com\/es\/producto\/paradigm-8-donna\/","url":"https:\/\/www.miomiorun.com\/es\/producto\/paradigm-8-donna\/","name":"AltraParadigm 8 mujer - Zapatillas de running con buena estabilidad - MioMioRun .com","isPartOf":{"@id":"https:\/\/www.miomiorun.com\/es\/#website"},"primaryImageOfPage":{"@id":"https:\/\/www.miomiorun.com\/es\/producto\/paradigm-8-donna\/#primaryimage"},"image":{"@id":"https:\/\/www.miomiorun.com\/es\/producto\/paradigm-8-donna\/#primaryimage"},"thumbnailUrl":"https:\/\/www.miomiorun.com\/app\/uploads\/2026\/02\/Altra-Paradigm-8-W-tan-AL0A85RN9221.webp","datePublished":"2025-07-17T15:18:50+00:00","dateModified":"2026-04-23T17:15:42+00:00","description":"Zapatillas de running Altra Paradigm 8 para mujer: m\u00e1xima sujeci\u00f3n, amortiguaci\u00f3n y comodidad natural gracias a GuideRail\u2122, EGO\u2122 MAX y el ajuste FootShape\u2122.","breadcrumb":{"@id":"https:\/\/www.miomiorun.com\/es\/producto\/paradigm-8-donna\/#breadcrumb"},"inLanguage":"es-ES","potentialAction":[{"@type":"ReadAction","target":["https:\/\/www.miomiorun.com\/es\/producto\/paradigm-8-donna\/"]}]},{"@type":"ImageObject","inLanguage":"es-ES","@id":"https:\/\/www.miomiorun.com\/es\/producto\/paradigm-8-donna\/#primaryimage","url":"https:\/\/www.miomiorun.com\/app\/uploads\/2026\/02\/Altra-Paradigm-8-W-tan-AL0A85RN9221.webp","contentUrl":"https:\/\/www.miomiorun.com\/app\/uploads\/2026\/02\/Altra-Paradigm-8-W-tan-AL0A85RN9221.webp","width":720,"height":720,"caption":"Altra Paradigm 8 W tan AL0A85RN9221"},{"@type":"BreadcrumbList","@id":"https:\/\/www.miomiorun.com\/es\/producto\/paradigm-8-donna\/#breadcrumb","itemListElement":[{"@type":"ListItem","position":1,"name":"Home","item":"https:\/\/www.miomiorun.com\/es\/"},{"@type":"ListItem","position":2,"name":"Shop","item":"https:\/\/www.miomiorun.com\/shop\/"},{"@type":"ListItem","position":3,"name":"Paradigm 8 mujer"}]},{"@type":"WebSite","@id":"https:\/\/www.miomiorun.com\/es\/#website","url":"https:\/\/www.miomiorun.com\/es\/","name":"MioMioRun","description":"Tienda 100% running y trail","publisher":{"@id":"https:\/\/www.miomiorun.com\/es\/#organization"},"potentialAction":[{"@type":"SearchAction","target":{"@type":"EntryPoint","urlTemplate":"https:\/\/www.miomiorun.com\/es\/?s={search_term_string}"},"query-input":{"@type":"PropertyValueSpecification","valueRequired":true,"valueName":"search_term_string"}}],"inLanguage":"es-ES"},{"@type":"Organization","@id":"https:\/\/www.miomiorun.com\/es\/#organization","name":"MioMio Run","url":"https:\/\/www.miomiorun.com\/es\/","logo":{"@type":"ImageObject","inLanguage":"es-ES","@id":"https:\/\/www.miomiorun.com\/es\/#\/schema\/logo\/image\/","url":"https:\/\/www.miomiorun.com\/app\/uploads\/2019\/12\/logomio.png","contentUrl":"https:\/\/www.miomiorun.com\/app\/uploads\/2019\/12\/logomio.png","width":115,"height":82,"caption":"MioMio Run"},"image":{"@id":"https:\/\/www.miomiorun.com\/es\/#\/schema\/logo\/image\/"},"sameAs":["https:\/\/www.facebook.com\/miomiorun\/","https:\/\/www.instagram.com\/miomiorun\/"]}]}},"_links":{"self":[{"href":"https:\/\/www.miomiorun.com\/es\/wp-json\/wp\/v2\/product\/328565","targetHints":{"allow":["GET"]}}],"collection":[{"href":"https:\/\/www.miomiorun.com\/es\/wp-json\/wp\/v2\/product"}],"about":[{"href":"https:\/\/www.miomiorun.com\/es\/wp-json\/wp\/v2\/types\/product"}],"wp:featuredmedia":[{"embeddable":true,"href":"https:\/\/www.miomiorun.com\/es\/wp-json\/wp\/v2\/media\/404780"}],"wp:attachment":[{"href":"https:\/\/www.miomiorun.com\/es\/wp-json\/wp\/v2\/media?parent=328565"}],"wp:term":[{"taxonomy":"product_brand","embeddable":true,"href":"https:\/\/www.miomiorun.com\/es\/wp-json\/wp\/v2\/product_brand?post=328565"},{"taxonomy":"product_cat","embeddable":true,"href":"https:\/\/www.miomiorun.com\/es\/wp-json\/wp\/v2\/product_cat?post=328565"},{"taxonomy":"product_tag","embeddable":true,"href":"https:\/\/www.miomiorun.com\/es\/wp-json\/wp\/v2\/product_tag?post=328565"}],"curies":[{"name":"wp","href":"https:\/\/api.w.org\/{rel}","templated":true}]}}