{"id":328553,"date":"2025-07-17T17:18:57","date_gmt":"2025-07-17T15:18:57","guid":{"rendered":"https:\/\/miomiorun.com\/?post_type=product&#038;p=328553"},"modified":"2026-03-17T18:12:13","modified_gmt":"2026-03-17T17:12:13","slug":"paradigm-8-hombre","status":"publish","type":"product","link":"https:\/\/www.miomiorun.com\/es\/producto\/paradigm-8-hombre\/","title":{"rendered":"Paradigm 8 hombre"},"content":{"rendered":"<div class=\"vc-row container\"><div class=\"vc-column\"><div class=\"vc-column-text\"><\/p>\n<h4>Especificaciones t\u00e9cnicas<\/h4>\n<p>Categor\u00eda: soporte<br \/>\nAltura de la suela: 30 mm<br \/>\nDesplazamiento: 0 mm<br \/>\nPeso: 307,6 g<br \/>\nIdeal para: es un modelo <span style=\"font-size: 16px\">concebido para garantizar la m\u00e1xima amortiguaci\u00f3n y estabilidad. Dise\u00f1ado para afrontar carreras de larga distancia y entrenamientos semanales con la m\u00e1xima comodidad y sujeci\u00f3n<\/span><br \/>\nPeso del atleta: &gt; 80 kg<br \/>\nRitmo de carrera: &gt; 5,30 min\/km<br \/>\n<a href=\"https:\/\/miomiorun.com\/guida-alle-specifiche-tecniche\/\">Gu\u00eda de especificaciones t\u00e9cnicas<\/a><\/p>\n<p><\/div><\/div><div class=\"vc-column\"><div class=\"vc-column-text\"><\/p>\n<p data-start=\"204\" data-end=\"505\">La <strong data-start=\"207\" data-end=\"221\">Paradigm 8<\/strong> de Altra es la zapatilla perfecta para quienes buscan sujeci\u00f3n y amortiguaci\u00f3n sin renunciar a la ligereza y la comodidad. Dise\u00f1ada para acompa\u00f1ar a tus pies a lo largo de una l\u00ednea natural y recta, esta zapatilla te ayuda a mantener zancadas eficientes, ligeras y reactivas, carrera tras carrera.<\/p>\n<p data-start=\"507\" data-end=\"868\">La entresuela se ha actualizado con la <strong data-start=\"546\" data-end=\"572\">mezcla Altra EGO\u2122 MAX<\/strong>, m\u00e1s ligera y suave, que garantiza una amortiguaci\u00f3n superior y una sensaci\u00f3n de lujo bajo el pie. La tecnolog\u00eda <strong data-start=\"697\" data-end=\"711\">GuideRail\u2122<\/strong> entra en acci\u00f3n solo cuando es necesario, ofreciendo una gu\u00eda lateral suave para ayudar a quienes sufren de hiperpronaci\u00f3n, sin obstaculizar nunca el movimiento natural.<\/p>\n<p data-start=\"870\" data-end=\"1139\">La parte superior de <strong data-start=\"883\" data-end=\"912\">malla t\u00e9cnica redise\u00f1ada<\/strong>, junto con el sistema de cordones, mejora la transpirabilidad y garantiza un ajuste c\u00f3modo y estable. El <strong data-start=\"1031\" data-end=\"1064\">cuello del tal\u00f3n moldeado<\/strong> con detalles suaves aporta una comodidad inmediata desde el primer uso.<\/p>\n<p data-start=\"1141\" data-end=\"1365\">El cl\u00e1sico ajuste <strong data-start=\"1161\" data-end=\"1175\">FootShape\u2122<\/strong> de Altra ofrece una <strong data-start=\"1200\" data-end=\"1215\">punta ancha<\/strong>, para dejar libertad de movimiento a los dedos, mientras que el <strong data-start=\"1272\" data-end=\"1293\">metatarso estable<\/strong> y el <strong data-start=\"1299\" data-end=\"1319\">drop de cero<\/strong> permiten un apoyo natural y equilibrado.<\/p>\n<h3 data-start=\"1967\" data-end=\"1994\"><strong data-start=\"1971\" data-end=\"1992\">\u00bfA qui\u00e9n va dirigida?<\/strong><\/h3>\n<p data-start=\"1995\" data-end=\"2247\">Ideal para corredores que buscan <strong data-start=\"2025\" data-end=\"2085\">una zapatilla de running con amortiguaci\u00f3n, soporte y naturalidad<\/strong>, capaz de sostener no solo los pies, sino tambi\u00e9n la postura y la espalda. Si quieres una zapatilla que trabaje contigo, la <strong data-start=\"2218\" data-end=\"2232\">Paradigm 8<\/strong> es la respuesta.<\/p>\n<p><\/div><\/div><\/div>\n","protected":false},"excerpt":{"rendered":"<ul>\n<li>Zapatilla ideal para pronadores<\/li>\n<li>Con gran amortiguaci\u00f3n y ligera<\/li>\n<li>Zapatilla que te gu\u00eda mientras corres<\/li>\n<\/ul>\n","protected":false},"featured_media":404711,"template":"","meta":{"_acf_changed":false,"inline_featured_image":false},"product_brand":[],"product_cat":[24454,24452],"product_tag":[23459,23673],"class_list":{"0":"post-328553","1":"product","2":"type-product","3":"status-publish","4":"has-post-thumbnail","6":"product_cat-calzado-para-hombre","7":"product_cat-establos-es-2","8":"product_tag-altra-es","9":"product_tag-altra-hombre","10":"pa_attivita-caminar","11":"pa_attivita-running-es","12":"pa_colore-paradigm-8-blue-gray","13":"pa_marca-altra-es","14":"pa_sesso-hombre","15":"pa_size-42-es","16":"pa_size-42-5-es","17":"pa_size-44-5-es","18":"pa_size-46-5-es","20":"first","21":"instock","22":"sale","23":"taxable","24":"shipping-taxable","25":"purchasable","26":"product-type-variable","27":"wvs-archive-product-wrapper"},"acf":[],"yoast_head":"<!-- This site is optimized with the Yoast SEO plugin v26.8 - https:\/\/yoast.com\/product\/yoast-seo-wordpress\/ -->\n<title>Altra Paradigm 8 hombre -Zapatillas de running - MioMioRun .com<\/title>\n<meta name=\"description\" content=\"Zapatillas de running Altra Paradigm 8: m\u00e1xima sujeci\u00f3n, amortiguaci\u00f3n y comodidad natural gracias a GuideRail\u2122, EGO\u2122 MAX y el ajuste FootShape\u2122.\" \/>\n<meta name=\"robots\" content=\"index, follow, max-snippet:-1, max-image-preview:large, max-video-preview:-1\" \/>\n<link rel=\"canonical\" href=\"https:\/\/www.miomiorun.com\/es\/producto\/paradigm-8-hombre\/\" \/>\n<meta property=\"og:locale\" content=\"es_ES\" \/>\n<meta property=\"og:type\" content=\"article\" \/>\n<meta property=\"og:title\" content=\"Altra Paradigm 8 hombre -Zapatillas de running - MioMioRun .com\" \/>\n<meta property=\"og:description\" content=\"Zapatillas de running Altra Paradigm 8: m\u00e1xima sujeci\u00f3n, amortiguaci\u00f3n y comodidad natural gracias a GuideRail\u2122, EGO\u2122 MAX y el ajuste FootShape\u2122.\" \/>\n<meta property=\"og:url\" content=\"https:\/\/www.miomiorun.com\/es\/producto\/paradigm-8-hombre\/\" \/>\n<meta property=\"og:site_name\" content=\"MioMioRun\" \/>\n<meta property=\"article:publisher\" content=\"https:\/\/www.facebook.com\/miomiorun\/\" \/>\n<meta property=\"article:modified_time\" content=\"2026-03-17T17:12:13+00:00\" \/>\n<meta property=\"og:image\" content=\"https:\/\/www.miomiorun.com\/app\/uploads\/2026\/02\/Altra-Paradigm-8-blue-gray-AL0A85RM4201.webp\" \/>\n\t<meta property=\"og:image:width\" content=\"720\" \/>\n\t<meta property=\"og:image:height\" content=\"720\" \/>\n\t<meta property=\"og:image:type\" content=\"image\/webp\" \/>\n<meta name=\"twitter:card\" content=\"summary_large_image\" \/>\n<meta name=\"twitter:label1\" content=\"Est. reading time\" \/>\n\t<meta name=\"twitter:data1\" content=\"2 minutes\" \/>\n<script type=\"application\/ld+json\" class=\"yoast-schema-graph\">{\"@context\":\"https:\/\/schema.org\",\"@graph\":[{\"@type\":\"WebPage\",\"@id\":\"https:\/\/www.miomiorun.com\/es\/producto\/paradigm-8-hombre\/\",\"url\":\"https:\/\/www.miomiorun.com\/es\/producto\/paradigm-8-hombre\/\",\"name\":\"Altra Paradigm 8 hombre -Zapatillas de running - MioMioRun .com\",\"isPartOf\":{\"@id\":\"https:\/\/www.miomiorun.com\/es\/#website\"},\"primaryImageOfPage\":{\"@id\":\"https:\/\/www.miomiorun.com\/es\/producto\/paradigm-8-hombre\/#primaryimage\"},\"image\":{\"@id\":\"https:\/\/www.miomiorun.com\/es\/producto\/paradigm-8-hombre\/#primaryimage\"},\"thumbnailUrl\":\"https:\/\/www.miomiorun.com\/app\/uploads\/2026\/02\/Altra-Paradigm-8-blue-gray-AL0A85RM4201.webp\",\"datePublished\":\"2025-07-17T15:18:57+00:00\",\"dateModified\":\"2026-03-17T17:12:13+00:00\",\"description\":\"Zapatillas de running Altra Paradigm 8: m\u00e1xima sujeci\u00f3n, amortiguaci\u00f3n y comodidad natural gracias a GuideRail\u2122, EGO\u2122 MAX y el ajuste FootShape\u2122.\",\"breadcrumb\":{\"@id\":\"https:\/\/www.miomiorun.com\/es\/producto\/paradigm-8-hombre\/#breadcrumb\"},\"inLanguage\":\"es-ES\",\"potentialAction\":[{\"@type\":\"ReadAction\",\"target\":[\"https:\/\/www.miomiorun.com\/es\/producto\/paradigm-8-hombre\/\"]}]},{\"@type\":\"ImageObject\",\"inLanguage\":\"es-ES\",\"@id\":\"https:\/\/www.miomiorun.com\/es\/producto\/paradigm-8-hombre\/#primaryimage\",\"url\":\"https:\/\/www.miomiorun.com\/app\/uploads\/2026\/02\/Altra-Paradigm-8-blue-gray-AL0A85RM4201.webp\",\"contentUrl\":\"https:\/\/www.miomiorun.com\/app\/uploads\/2026\/02\/Altra-Paradigm-8-blue-gray-AL0A85RM4201.webp\",\"width\":720,\"height\":720,\"caption\":\"Altra Paradigm 8 blue gray AL0A85RM4201\"},{\"@type\":\"BreadcrumbList\",\"@id\":\"https:\/\/www.miomiorun.com\/es\/producto\/paradigm-8-hombre\/#breadcrumb\",\"itemListElement\":[{\"@type\":\"ListItem\",\"position\":1,\"name\":\"Home\",\"item\":\"https:\/\/www.miomiorun.com\/es\/\"},{\"@type\":\"ListItem\",\"position\":2,\"name\":\"Shop\",\"item\":\"https:\/\/www.miomiorun.com\/shop\/\"},{\"@type\":\"ListItem\",\"position\":3,\"name\":\"Paradigm 8 hombre\"}]},{\"@type\":\"WebSite\",\"@id\":\"https:\/\/www.miomiorun.com\/es\/#website\",\"url\":\"https:\/\/www.miomiorun.com\/es\/\",\"name\":\"MioMioRun\",\"description\":\"Tienda 100% running y trail\",\"publisher\":{\"@id\":\"https:\/\/www.miomiorun.com\/es\/#organization\"},\"potentialAction\":[{\"@type\":\"SearchAction\",\"target\":{\"@type\":\"EntryPoint\",\"urlTemplate\":\"https:\/\/www.miomiorun.com\/es\/?s={search_term_string}\"},\"query-input\":{\"@type\":\"PropertyValueSpecification\",\"valueRequired\":true,\"valueName\":\"search_term_string\"}}],\"inLanguage\":\"es-ES\"},{\"@type\":\"Organization\",\"@id\":\"https:\/\/www.miomiorun.com\/es\/#organization\",\"name\":\"MioMio Run\",\"url\":\"https:\/\/www.miomiorun.com\/es\/\",\"logo\":{\"@type\":\"ImageObject\",\"inLanguage\":\"es-ES\",\"@id\":\"https:\/\/www.miomiorun.com\/es\/#\/schema\/logo\/image\/\",\"url\":\"https:\/\/www.miomiorun.com\/app\/uploads\/2019\/12\/logomio.png\",\"contentUrl\":\"https:\/\/www.miomiorun.com\/app\/uploads\/2019\/12\/logomio.png\",\"width\":115,\"height\":82,\"caption\":\"MioMio Run\"},\"image\":{\"@id\":\"https:\/\/www.miomiorun.com\/es\/#\/schema\/logo\/image\/\"},\"sameAs\":[\"https:\/\/www.facebook.com\/miomiorun\/\",\"https:\/\/www.instagram.com\/miomiorun\/\"]}]}<\/script>\n<!-- \/ Yoast SEO plugin. -->","yoast_head_json":{"title":"Altra Paradigm 8 hombre -Zapatillas de running - MioMioRun .com","description":"Zapatillas de running Altra Paradigm 8: m\u00e1xima sujeci\u00f3n, amortiguaci\u00f3n y comodidad natural gracias a GuideRail\u2122, EGO\u2122 MAX y el ajuste FootShape\u2122.","robots":{"index":"index","follow":"follow","max-snippet":"max-snippet:-1","max-image-preview":"max-image-preview:large","max-video-preview":"max-video-preview:-1"},"canonical":"https:\/\/www.miomiorun.com\/es\/producto\/paradigm-8-hombre\/","og_locale":"es_ES","og_type":"article","og_title":"Altra Paradigm 8 hombre -Zapatillas de running - MioMioRun .com","og_description":"Zapatillas de running Altra Paradigm 8: m\u00e1xima sujeci\u00f3n, amortiguaci\u00f3n y comodidad natural gracias a GuideRail\u2122, EGO\u2122 MAX y el ajuste FootShape\u2122.","og_url":"https:\/\/www.miomiorun.com\/es\/producto\/paradigm-8-hombre\/","og_site_name":"MioMioRun","article_publisher":"https:\/\/www.facebook.com\/miomiorun\/","article_modified_time":"2026-03-17T17:12:13+00:00","og_image":[{"width":720,"height":720,"url":"https:\/\/www.miomiorun.com\/app\/uploads\/2026\/02\/Altra-Paradigm-8-blue-gray-AL0A85RM4201.webp","type":"image\/webp"}],"twitter_card":"summary_large_image","twitter_misc":{"Est. reading time":"2 minutes"},"schema":{"@context":"https:\/\/schema.org","@graph":[{"@type":"WebPage","@id":"https:\/\/www.miomiorun.com\/es\/producto\/paradigm-8-hombre\/","url":"https:\/\/www.miomiorun.com\/es\/producto\/paradigm-8-hombre\/","name":"Altra Paradigm 8 hombre -Zapatillas de running - MioMioRun .com","isPartOf":{"@id":"https:\/\/www.miomiorun.com\/es\/#website"},"primaryImageOfPage":{"@id":"https:\/\/www.miomiorun.com\/es\/producto\/paradigm-8-hombre\/#primaryimage"},"image":{"@id":"https:\/\/www.miomiorun.com\/es\/producto\/paradigm-8-hombre\/#primaryimage"},"thumbnailUrl":"https:\/\/www.miomiorun.com\/app\/uploads\/2026\/02\/Altra-Paradigm-8-blue-gray-AL0A85RM4201.webp","datePublished":"2025-07-17T15:18:57+00:00","dateModified":"2026-03-17T17:12:13+00:00","description":"Zapatillas de running Altra Paradigm 8: m\u00e1xima sujeci\u00f3n, amortiguaci\u00f3n y comodidad natural gracias a GuideRail\u2122, EGO\u2122 MAX y el ajuste FootShape\u2122.","breadcrumb":{"@id":"https:\/\/www.miomiorun.com\/es\/producto\/paradigm-8-hombre\/#breadcrumb"},"inLanguage":"es-ES","potentialAction":[{"@type":"ReadAction","target":["https:\/\/www.miomiorun.com\/es\/producto\/paradigm-8-hombre\/"]}]},{"@type":"ImageObject","inLanguage":"es-ES","@id":"https:\/\/www.miomiorun.com\/es\/producto\/paradigm-8-hombre\/#primaryimage","url":"https:\/\/www.miomiorun.com\/app\/uploads\/2026\/02\/Altra-Paradigm-8-blue-gray-AL0A85RM4201.webp","contentUrl":"https:\/\/www.miomiorun.com\/app\/uploads\/2026\/02\/Altra-Paradigm-8-blue-gray-AL0A85RM4201.webp","width":720,"height":720,"caption":"Altra Paradigm 8 blue gray AL0A85RM4201"},{"@type":"BreadcrumbList","@id":"https:\/\/www.miomiorun.com\/es\/producto\/paradigm-8-hombre\/#breadcrumb","itemListElement":[{"@type":"ListItem","position":1,"name":"Home","item":"https:\/\/www.miomiorun.com\/es\/"},{"@type":"ListItem","position":2,"name":"Shop","item":"https:\/\/www.miomiorun.com\/shop\/"},{"@type":"ListItem","position":3,"name":"Paradigm 8 hombre"}]},{"@type":"WebSite","@id":"https:\/\/www.miomiorun.com\/es\/#website","url":"https:\/\/www.miomiorun.com\/es\/","name":"MioMioRun","description":"Tienda 100% running y trail","publisher":{"@id":"https:\/\/www.miomiorun.com\/es\/#organization"},"potentialAction":[{"@type":"SearchAction","target":{"@type":"EntryPoint","urlTemplate":"https:\/\/www.miomiorun.com\/es\/?s={search_term_string}"},"query-input":{"@type":"PropertyValueSpecification","valueRequired":true,"valueName":"search_term_string"}}],"inLanguage":"es-ES"},{"@type":"Organization","@id":"https:\/\/www.miomiorun.com\/es\/#organization","name":"MioMio Run","url":"https:\/\/www.miomiorun.com\/es\/","logo":{"@type":"ImageObject","inLanguage":"es-ES","@id":"https:\/\/www.miomiorun.com\/es\/#\/schema\/logo\/image\/","url":"https:\/\/www.miomiorun.com\/app\/uploads\/2019\/12\/logomio.png","contentUrl":"https:\/\/www.miomiorun.com\/app\/uploads\/2019\/12\/logomio.png","width":115,"height":82,"caption":"MioMio Run"},"image":{"@id":"https:\/\/www.miomiorun.com\/es\/#\/schema\/logo\/image\/"},"sameAs":["https:\/\/www.facebook.com\/miomiorun\/","https:\/\/www.instagram.com\/miomiorun\/"]}]}},"_links":{"self":[{"href":"https:\/\/www.miomiorun.com\/es\/wp-json\/wp\/v2\/product\/328553","targetHints":{"allow":["GET"]}}],"collection":[{"href":"https:\/\/www.miomiorun.com\/es\/wp-json\/wp\/v2\/product"}],"about":[{"href":"https:\/\/www.miomiorun.com\/es\/wp-json\/wp\/v2\/types\/product"}],"wp:featuredmedia":[{"embeddable":true,"href":"https:\/\/www.miomiorun.com\/es\/wp-json\/wp\/v2\/media\/404711"}],"wp:attachment":[{"href":"https:\/\/www.miomiorun.com\/es\/wp-json\/wp\/v2\/media?parent=328553"}],"wp:term":[{"taxonomy":"product_brand","embeddable":true,"href":"https:\/\/www.miomiorun.com\/es\/wp-json\/wp\/v2\/product_brand?post=328553"},{"taxonomy":"product_cat","embeddable":true,"href":"https:\/\/www.miomiorun.com\/es\/wp-json\/wp\/v2\/product_cat?post=328553"},{"taxonomy":"product_tag","embeddable":true,"href":"https:\/\/www.miomiorun.com\/es\/wp-json\/wp\/v2\/product_tag?post=328553"}],"curies":[{"name":"wp","href":"https:\/\/api.w.org\/{rel}","templated":true}]}}