{"id":328043,"date":"2025-07-17T11:45:43","date_gmt":"2025-07-17T09:45:43","guid":{"rendered":"https:\/\/miomiorun.com\/?post_type=product&#038;p=328043"},"modified":"2026-04-25T08:42:22","modified_gmt":"2026-04-25T06:42:22","slug":"experience-wild-2-hombre","status":"publish","type":"product","link":"https:\/\/www.miomiorun.com\/es\/producto\/experience-wild-2-hombre\/","title":{"rendered":"Experience Wild 2 hombre"},"content":{"rendered":"<div class=\"vc-row container\"><div class=\"vc-column\"><div class=\"vc-column-text\"><\/p>\n<p><strong>Especificaciones t\u00e9cnicas<\/strong><\/p>\n<p>Categor\u00eda: amortiguaci\u00f3n superior.<br \/>\nAltura de la suela: 28 mm\/32 mm.<br \/>\nDesviaci\u00f3n: 4 mm.<br \/>\nPeso: 293,4 g.<br \/>\nIdeal para: corredores de trail y amantes de las caminatas por la monta\u00f1a que buscan un modelo ligero, bien amortiguado y protector, capaz de transmitir el m\u00e1ximo confort incluso en distancias prolongadas.<br \/>\nPeso del atleta: 60-70 kg.<br \/>\nRitmo de carrera: medio-r\u00e1pido (4,30-6,00 min\/km).<br \/>\n<a href=\"https:\/\/miomiorun.com\/guida-alle-specifiche-tecniche\/\">Gu\u00eda de especificaciones t\u00e9cnicas<\/a><\/p>\n<p><\/div><\/div><div class=\"vc-column\"><div class=\"vc-column-text\"><\/p>\n<p data-start=\"344\" data-end=\"803\">Afront\u00e1 cada sendero con determinaci\u00f3n y control gracias a las nuevas <strong data-start=\"416\" data-end=\"445\">Experience Wild 2 para hombre<\/strong>, las zapatillas de <strong data-start=\"460\" data-end=\"477\">trail running<\/strong> dise\u00f1adas para garantizar <strong data-start=\"503\" data-end=\"567\">un alto rendimiento, un agarre inmejorable y un ajuste natural<\/strong> en cualquier condici\u00f3n. Desarrollada para corredores que no aceptan compromisos, esta zapatilla combina <strong data-start=\"665\" data-end=\"702\">innovaci\u00f3n, protecci\u00f3n y comodidad<\/strong> en un dise\u00f1o ligero y din\u00e1mico, perfecto para las aventuras m\u00e1s exigentes en la monta\u00f1a o en el bosque.<\/p>\n<p data-start=\"805\" data-end=\"1356\">La <strong data-start=\"808\" data-end=\"834\">parte superior de malla t\u00e9cnica<\/strong>, ahora actualizada, garantiza una <strong data-start=\"865\" data-end=\"891\">ventilaci\u00f3n superior<\/strong> y una excelente gesti\u00f3n del calor durante las sesiones m\u00e1s intensas. El <strong data-start=\"960\" data-end=\"993\">nuevo sistema de cordones<\/strong>, con ojales reforzados, mejora a\u00fan m\u00e1s la <strong data-start=\"1047\" data-end=\"1075\">precisi\u00f3n del ajuste<\/strong>, garantizando una sujeci\u00f3n firme y estable, incluso en los tramos m\u00e1s t\u00e9cnicos. En descensos pronunciados o en presencia de rocas, el <strong data-start=\"1191\" data-end=\"1210\">refuerzo de TPU<\/strong> en la puntera protege eficazmente contra golpes, ara\u00f1azos y abrasiones, ofreciendo un nivel de resistencia ideal para afrontar los terrenos m\u00e1s agresivos.<\/p>\n<p data-start=\"1358\" data-end=\"1607\">Uno de los detalles m\u00e1s apreciados por los corredores de trail es el <strong data-start=\"1412\" data-end=\"1435\">sistema GaiterTrap\u2122<\/strong> integrado, que permite <strong data-start=\"1463\" data-end=\"1498\">enganchar f\u00e1cilmente las polainas<\/strong> y evita la entrada de arena, piedras o residuos, manteniendo el pie limpio y protegido en cualquier situaci\u00f3n.<\/p>\n<p data-start=\"1609\" data-end=\"1969\">Bajo la planta del pie, la entresuela de <strong data-start=\"1652\" data-end=\"1669\">EVA comprimida<\/strong> proporciona una carrera reactiva, fluida y natural. Gracias a la combinaci\u00f3n con la <strong data-start=\"1748\" data-end=\"1768\">geometr\u00eda rocker<\/strong> y un <strong data-start=\"1774\" data-end=\"1798\">drop reducido de 4 mm<\/strong>, Experience Wild 2 favorece una transici\u00f3n armoniosa de la pisada y un <strong data-start=\"1870\" data-end=\"1904\">impulso eficaz en la parte delantera del pie<\/strong>, manteniendo la biomec\u00e1nica del pie lo m\u00e1s natural posible.<\/p>\n<p data-start=\"1971\" data-end=\"2336\">La <strong data-start=\"1974\" data-end=\"1992\">suela MaxTrac\u2122<\/strong>, creada para dominar todo tipo de superficies, ofrece una <strong data-start=\"2049\" data-end=\"2082\">tracci\u00f3n agresiva pero fluida<\/strong>, lo que garantiza el m\u00e1ximo agarre en barro, rocas mojadas, senderos resbaladizos y subidas exigentes. La <strong data-start=\"2180\" data-end=\"2197\">amplia puntera<\/strong> permite que los dedos se muevan libremente incluso durante largas distancias, mientras que la parte media del pie se ajusta perfectamente, proporcionando estabilidad y reactividad.<\/p>\n<p><\/div><\/div><\/div>\n","protected":false},"excerpt":{"rendered":"<ul>\n<li data-start=\"2658\" data-end=\"2745\">\n<p data-start=\"2660\" data-end=\"2745\">Parte superior de malla t\u00e9cnica<\/p>\n<\/li>\n<li data-start=\"2746\" data-end=\"2815\">\n<p data-start=\"2748\" data-end=\"2815\">Ojal reforzado<\/p>\n<\/li>\n<li data-start=\"2816\" data-end=\"2890\">\n<p data-start=\"2818\" data-end=\"2890\">Refuerzo de TPU en la puntera<\/p>\n<\/li>\n<li data-start=\"2891\" data-end=\"2992\">\n<p data-start=\"2893\" data-end=\"2992\">Sistema GaiterTrap\u2122 integrado<\/p>\n<\/li>\n<\/ul>\n","protected":false},"featured_media":335001,"template":"","meta":{"_acf_changed":false,"inline_featured_image":false},"product_brand":[],"product_cat":[24468,24465],"product_tag":[23459,23673],"class_list":{"0":"post-328043","1":"product","2":"type-product","3":"status-publish","4":"has-post-thumbnail","6":"product_cat-calzado-para-hombre-es","7":"product_cat-trail-es-4","8":"product_tag-altra-es","9":"product_tag-altra-hombre","10":"pa_attivita-caminar","11":"pa_attivita-running-es","12":"pa_attivita-trail-es","13":"pa_colore-experience-wild-2-coral-black-es","14":"pa_colore-experience-wild-2-dusty-olive-es","15":"pa_marca-altra-es","16":"pa_sesso-hombre","17":"pa_size-42-es","18":"pa_size-42-5-es","19":"pa_size-43-es","20":"pa_size-44-es","21":"pa_size-44-5-es","22":"pa_size-46-es","23":"pa_size-46-5-es","25":"first","26":"instock","27":"sale","28":"taxable","29":"shipping-taxable","30":"purchasable","31":"product-type-variable","32":"wvs-archive-product-wrapper"},"acf":[],"yoast_head":"<!-- This site is optimized with the Yoast SEO plugin v26.8 - https:\/\/yoast.com\/product\/yoast-seo-wordpress\/ -->\n<title>AltraExperience Wild 2 hombre - zapatillas de trail- MioMioRun.com<\/title>\n<meta name=\"description\" content=\"Experience Wild 2 Hombre: zapatilla de trail running ligera y protectora, con suela MaxTrac\u2122, entresuela reactiva y parte superior transpirable. Agarre y comodidad.\" \/>\n<meta name=\"robots\" content=\"index, follow, max-snippet:-1, max-image-preview:large, max-video-preview:-1\" \/>\n<link rel=\"canonical\" href=\"https:\/\/www.miomiorun.com\/es\/producto\/experience-wild-2-hombre\/\" \/>\n<meta property=\"og:locale\" content=\"es_ES\" \/>\n<meta property=\"og:type\" content=\"article\" \/>\n<meta property=\"og:title\" content=\"AltraExperience Wild 2 hombre - zapatillas de trail- MioMioRun.com\" \/>\n<meta property=\"og:description\" content=\"Experience Wild 2 Hombre: zapatilla de trail running ligera y protectora, con suela MaxTrac\u2122, entresuela reactiva y parte superior transpirable. Agarre y comodidad.\" \/>\n<meta property=\"og:url\" content=\"https:\/\/www.miomiorun.com\/es\/producto\/experience-wild-2-hombre\/\" \/>\n<meta property=\"og:site_name\" content=\"MioMioRun\" \/>\n<meta property=\"article:publisher\" content=\"https:\/\/www.facebook.com\/miomiorun\/\" \/>\n<meta property=\"article:modified_time\" content=\"2026-04-25T06:42:22+00:00\" \/>\n<meta property=\"og:image\" content=\"https:\/\/www.miomiorun.com\/app\/uploads\/2025\/08\/altra-Experience-Wild-2-coral-black-AL0A85RX602.webp\" \/>\n\t<meta property=\"og:image:width\" content=\"720\" \/>\n\t<meta property=\"og:image:height\" content=\"720\" \/>\n\t<meta property=\"og:image:type\" content=\"image\/webp\" \/>\n<meta name=\"twitter:card\" content=\"summary_large_image\" \/>\n<meta name=\"twitter:label1\" content=\"Est. reading time\" \/>\n\t<meta name=\"twitter:data1\" content=\"2 minutes\" \/>\n<script type=\"application\/ld+json\" class=\"yoast-schema-graph\">{\"@context\":\"https:\/\/schema.org\",\"@graph\":[{\"@type\":\"WebPage\",\"@id\":\"https:\/\/www.miomiorun.com\/es\/producto\/experience-wild-2-hombre\/\",\"url\":\"https:\/\/www.miomiorun.com\/es\/producto\/experience-wild-2-hombre\/\",\"name\":\"AltraExperience Wild 2 hombre - zapatillas de trail- MioMioRun.com\",\"isPartOf\":{\"@id\":\"https:\/\/www.miomiorun.com\/es\/#website\"},\"primaryImageOfPage\":{\"@id\":\"https:\/\/www.miomiorun.com\/es\/producto\/experience-wild-2-hombre\/#primaryimage\"},\"image\":{\"@id\":\"https:\/\/www.miomiorun.com\/es\/producto\/experience-wild-2-hombre\/#primaryimage\"},\"thumbnailUrl\":\"https:\/\/www.miomiorun.com\/app\/uploads\/2025\/08\/altra-Experience-Wild-2-coral-black-AL0A85RX602.webp\",\"datePublished\":\"2025-07-17T09:45:43+00:00\",\"dateModified\":\"2026-04-25T06:42:22+00:00\",\"description\":\"Experience Wild 2 Hombre: zapatilla de trail running ligera y protectora, con suela MaxTrac\u2122, entresuela reactiva y parte superior transpirable. Agarre y comodidad.\",\"breadcrumb\":{\"@id\":\"https:\/\/www.miomiorun.com\/es\/producto\/experience-wild-2-hombre\/#breadcrumb\"},\"inLanguage\":\"es-ES\",\"potentialAction\":[{\"@type\":\"ReadAction\",\"target\":[\"https:\/\/www.miomiorun.com\/es\/producto\/experience-wild-2-hombre\/\"]}]},{\"@type\":\"ImageObject\",\"inLanguage\":\"es-ES\",\"@id\":\"https:\/\/www.miomiorun.com\/es\/producto\/experience-wild-2-hombre\/#primaryimage\",\"url\":\"https:\/\/www.miomiorun.com\/app\/uploads\/2025\/08\/altra-Experience-Wild-2-coral-black-AL0A85RX602.webp\",\"contentUrl\":\"https:\/\/www.miomiorun.com\/app\/uploads\/2025\/08\/altra-Experience-Wild-2-coral-black-AL0A85RX602.webp\",\"width\":720,\"height\":720,\"caption\":\"altra Experience Wild 2 coral black AL0A85RX602\"},{\"@type\":\"BreadcrumbList\",\"@id\":\"https:\/\/www.miomiorun.com\/es\/producto\/experience-wild-2-hombre\/#breadcrumb\",\"itemListElement\":[{\"@type\":\"ListItem\",\"position\":1,\"name\":\"Home\",\"item\":\"https:\/\/www.miomiorun.com\/es\/\"},{\"@type\":\"ListItem\",\"position\":2,\"name\":\"Shop\",\"item\":\"https:\/\/www.miomiorun.com\/shop\/\"},{\"@type\":\"ListItem\",\"position\":3,\"name\":\"Experience Wild 2 hombre\"}]},{\"@type\":\"WebSite\",\"@id\":\"https:\/\/www.miomiorun.com\/es\/#website\",\"url\":\"https:\/\/www.miomiorun.com\/es\/\",\"name\":\"MioMioRun\",\"description\":\"Tienda 100% running y trail\",\"publisher\":{\"@id\":\"https:\/\/www.miomiorun.com\/es\/#organization\"},\"potentialAction\":[{\"@type\":\"SearchAction\",\"target\":{\"@type\":\"EntryPoint\",\"urlTemplate\":\"https:\/\/www.miomiorun.com\/es\/?s={search_term_string}\"},\"query-input\":{\"@type\":\"PropertyValueSpecification\",\"valueRequired\":true,\"valueName\":\"search_term_string\"}}],\"inLanguage\":\"es-ES\"},{\"@type\":\"Organization\",\"@id\":\"https:\/\/www.miomiorun.com\/es\/#organization\",\"name\":\"MioMio Run\",\"url\":\"https:\/\/www.miomiorun.com\/es\/\",\"logo\":{\"@type\":\"ImageObject\",\"inLanguage\":\"es-ES\",\"@id\":\"https:\/\/www.miomiorun.com\/es\/#\/schema\/logo\/image\/\",\"url\":\"https:\/\/www.miomiorun.com\/app\/uploads\/2019\/12\/logomio.png\",\"contentUrl\":\"https:\/\/www.miomiorun.com\/app\/uploads\/2019\/12\/logomio.png\",\"width\":115,\"height\":82,\"caption\":\"MioMio Run\"},\"image\":{\"@id\":\"https:\/\/www.miomiorun.com\/es\/#\/schema\/logo\/image\/\"},\"sameAs\":[\"https:\/\/www.facebook.com\/miomiorun\/\",\"https:\/\/www.instagram.com\/miomiorun\/\"]}]}<\/script>\n<!-- \/ Yoast SEO plugin. -->","yoast_head_json":{"title":"AltraExperience Wild 2 hombre - zapatillas de trail- MioMioRun.com","description":"Experience Wild 2 Hombre: zapatilla de trail running ligera y protectora, con suela MaxTrac\u2122, entresuela reactiva y parte superior transpirable. Agarre y comodidad.","robots":{"index":"index","follow":"follow","max-snippet":"max-snippet:-1","max-image-preview":"max-image-preview:large","max-video-preview":"max-video-preview:-1"},"canonical":"https:\/\/www.miomiorun.com\/es\/producto\/experience-wild-2-hombre\/","og_locale":"es_ES","og_type":"article","og_title":"AltraExperience Wild 2 hombre - zapatillas de trail- MioMioRun.com","og_description":"Experience Wild 2 Hombre: zapatilla de trail running ligera y protectora, con suela MaxTrac\u2122, entresuela reactiva y parte superior transpirable. Agarre y comodidad.","og_url":"https:\/\/www.miomiorun.com\/es\/producto\/experience-wild-2-hombre\/","og_site_name":"MioMioRun","article_publisher":"https:\/\/www.facebook.com\/miomiorun\/","article_modified_time":"2026-04-25T06:42:22+00:00","og_image":[{"width":720,"height":720,"url":"https:\/\/www.miomiorun.com\/app\/uploads\/2025\/08\/altra-Experience-Wild-2-coral-black-AL0A85RX602.webp","type":"image\/webp"}],"twitter_card":"summary_large_image","twitter_misc":{"Est. reading time":"2 minutes"},"schema":{"@context":"https:\/\/schema.org","@graph":[{"@type":"WebPage","@id":"https:\/\/www.miomiorun.com\/es\/producto\/experience-wild-2-hombre\/","url":"https:\/\/www.miomiorun.com\/es\/producto\/experience-wild-2-hombre\/","name":"AltraExperience Wild 2 hombre - zapatillas de trail- MioMioRun.com","isPartOf":{"@id":"https:\/\/www.miomiorun.com\/es\/#website"},"primaryImageOfPage":{"@id":"https:\/\/www.miomiorun.com\/es\/producto\/experience-wild-2-hombre\/#primaryimage"},"image":{"@id":"https:\/\/www.miomiorun.com\/es\/producto\/experience-wild-2-hombre\/#primaryimage"},"thumbnailUrl":"https:\/\/www.miomiorun.com\/app\/uploads\/2025\/08\/altra-Experience-Wild-2-coral-black-AL0A85RX602.webp","datePublished":"2025-07-17T09:45:43+00:00","dateModified":"2026-04-25T06:42:22+00:00","description":"Experience Wild 2 Hombre: zapatilla de trail running ligera y protectora, con suela MaxTrac\u2122, entresuela reactiva y parte superior transpirable. Agarre y comodidad.","breadcrumb":{"@id":"https:\/\/www.miomiorun.com\/es\/producto\/experience-wild-2-hombre\/#breadcrumb"},"inLanguage":"es-ES","potentialAction":[{"@type":"ReadAction","target":["https:\/\/www.miomiorun.com\/es\/producto\/experience-wild-2-hombre\/"]}]},{"@type":"ImageObject","inLanguage":"es-ES","@id":"https:\/\/www.miomiorun.com\/es\/producto\/experience-wild-2-hombre\/#primaryimage","url":"https:\/\/www.miomiorun.com\/app\/uploads\/2025\/08\/altra-Experience-Wild-2-coral-black-AL0A85RX602.webp","contentUrl":"https:\/\/www.miomiorun.com\/app\/uploads\/2025\/08\/altra-Experience-Wild-2-coral-black-AL0A85RX602.webp","width":720,"height":720,"caption":"altra Experience Wild 2 coral black AL0A85RX602"},{"@type":"BreadcrumbList","@id":"https:\/\/www.miomiorun.com\/es\/producto\/experience-wild-2-hombre\/#breadcrumb","itemListElement":[{"@type":"ListItem","position":1,"name":"Home","item":"https:\/\/www.miomiorun.com\/es\/"},{"@type":"ListItem","position":2,"name":"Shop","item":"https:\/\/www.miomiorun.com\/shop\/"},{"@type":"ListItem","position":3,"name":"Experience Wild 2 hombre"}]},{"@type":"WebSite","@id":"https:\/\/www.miomiorun.com\/es\/#website","url":"https:\/\/www.miomiorun.com\/es\/","name":"MioMioRun","description":"Tienda 100% running y trail","publisher":{"@id":"https:\/\/www.miomiorun.com\/es\/#organization"},"potentialAction":[{"@type":"SearchAction","target":{"@type":"EntryPoint","urlTemplate":"https:\/\/www.miomiorun.com\/es\/?s={search_term_string}"},"query-input":{"@type":"PropertyValueSpecification","valueRequired":true,"valueName":"search_term_string"}}],"inLanguage":"es-ES"},{"@type":"Organization","@id":"https:\/\/www.miomiorun.com\/es\/#organization","name":"MioMio Run","url":"https:\/\/www.miomiorun.com\/es\/","logo":{"@type":"ImageObject","inLanguage":"es-ES","@id":"https:\/\/www.miomiorun.com\/es\/#\/schema\/logo\/image\/","url":"https:\/\/www.miomiorun.com\/app\/uploads\/2019\/12\/logomio.png","contentUrl":"https:\/\/www.miomiorun.com\/app\/uploads\/2019\/12\/logomio.png","width":115,"height":82,"caption":"MioMio Run"},"image":{"@id":"https:\/\/www.miomiorun.com\/es\/#\/schema\/logo\/image\/"},"sameAs":["https:\/\/www.facebook.com\/miomiorun\/","https:\/\/www.instagram.com\/miomiorun\/"]}]}},"_links":{"self":[{"href":"https:\/\/www.miomiorun.com\/es\/wp-json\/wp\/v2\/product\/328043","targetHints":{"allow":["GET"]}}],"collection":[{"href":"https:\/\/www.miomiorun.com\/es\/wp-json\/wp\/v2\/product"}],"about":[{"href":"https:\/\/www.miomiorun.com\/es\/wp-json\/wp\/v2\/types\/product"}],"wp:featuredmedia":[{"embeddable":true,"href":"https:\/\/www.miomiorun.com\/es\/wp-json\/wp\/v2\/media\/335001"}],"wp:attachment":[{"href":"https:\/\/www.miomiorun.com\/es\/wp-json\/wp\/v2\/media?parent=328043"}],"wp:term":[{"taxonomy":"product_brand","embeddable":true,"href":"https:\/\/www.miomiorun.com\/es\/wp-json\/wp\/v2\/product_brand?post=328043"},{"taxonomy":"product_cat","embeddable":true,"href":"https:\/\/www.miomiorun.com\/es\/wp-json\/wp\/v2\/product_cat?post=328043"},{"taxonomy":"product_tag","embeddable":true,"href":"https:\/\/www.miomiorun.com\/es\/wp-json\/wp\/v2\/product_tag?post=328043"}],"curies":[{"name":"wp","href":"https:\/\/api.w.org\/{rel}","templated":true}]}}