{"id":327599,"date":"2025-07-17T09:52:28","date_gmt":"2025-07-17T07:52:28","guid":{"rendered":"https:\/\/miomiorun.com\/?post_type=product&#038;p=327599"},"modified":"2026-04-25T18:13:59","modified_gmt":"2026-04-25T16:13:59","slug":"experience-flow-2-mujer","status":"publish","type":"product","link":"https:\/\/www.miomiorun.com\/es\/producto\/experience-flow-2-mujer\/","title":{"rendered":"Experience Flow 2 mujer"},"content":{"rendered":"<div class=\"vc-row container\"><div class=\"vc-column\"><div class=\"vc-column-text\"><\/p>\n<p><strong>Especificaciones t\u00e9cnicas<\/strong><\/p>\n<p>Categor\u00eda: amortiguaci\u00f3n moderada.<br \/>\nAltura de la suela: 26 mm\/30 mm.<br \/>\nDesviaci\u00f3n: 4 mm.<br \/>\nPeso: 199,8 g.<br \/>\nIdeal para: corredores aficionados al running en carretera que buscan una zapatilla con amortiguaci\u00f3n moderada para una carrera a\u00fan m\u00e1s \u00e1gil y eficaz, ideal para distancias largas y medias.<br \/>\nPeso del atleta: 50-70 kg<br \/>\nRitmo de carrera: medio (4,50 min\/km)<br \/>\n<a href=\"https:\/\/miomiorun.com\/guida-alle-specifiche-tecniche\/\">Gu\u00eda de especificaciones t\u00e9cnicas<\/a><\/p>\n<p><\/div><\/div><div class=\"vc-column\"><div class=\"vc-column-text\"><\/p>\n<p class=\"ds-markdown-paragraph\">\u00bfListo para convertir cada carrera en una experiencia de pura fluidez? Las nuevas <strong>ALTRA Experience Flow 2<\/strong> est\u00e1n aqu\u00ed para ofrecerte <strong>reactividad, comodidad y libertad de movimiento<\/strong>, kil\u00f3metro tras kil\u00f3metro.<\/p>\n<p class=\"ds-markdown-paragraph\">Gracias a la exclusiva <strong>entresuela de espuma EGO\u2122 P35<\/strong>, ligera pero hiperreactiva, esta zapatilla te acompa\u00f1ar\u00e1 con un ritmo natural, absorbiendo los impactos sin sacrificar el impulso. El <strong>drop de 4 mm<\/strong> y la <strong>geometr\u00eda rocker<\/strong> se combinan para ofrecer una pisada fluida y un despegue eficiente, mientras que la puntera espaciosa deja libertad de movimiento a los dedos. La <strong>parte superior de malla t\u00e9cnica<\/strong> y el <strong>ajuste trasero redise\u00f1ado<\/strong> garantizan transpirabilidad y un ajuste perfecto, para una comodidad que dura desde el primer hasta el \u00faltimo paso.<\/p>\n<p class=\"ds-markdown-paragraph\">Tanto si buscas rendimiento como el placer de una carrera regeneradora, Experience Flow 2 es la zapatilla que te faltaba.<\/p>\n<p><\/div><\/div><\/div>\n","protected":false},"excerpt":{"rendered":"<ul>\n<li>&nbsp;Entresuela EGO\u2122 P35<\/li>\n<li>Geometr\u00eda Rocker<\/li>\n<li>Parte superior de malla t\u00e9cnica<\/li>\n<\/ul>\n","protected":false},"featured_media":336157,"template":"","meta":{"_acf_changed":false,"inline_featured_image":false},"product_brand":[],"product_cat":[24415,24414],"product_tag":[23459,23674],"class_list":{"0":"post-327599","1":"product","2":"type-product","3":"status-publish","4":"has-post-thumbnail","6":"product_cat-calzado-de-mujer","7":"product_cat-neutre-es-2","8":"product_tag-altra-es","9":"product_tag-altra-mujer","10":"pa_attivita-caminar","11":"pa_attivita-running-es","12":"pa_colore-experience-flow-2-w-black-lt-es","13":"pa_colore-experience-flow-2-w-white-orange-es","14":"pa_marca-altra-es","15":"pa_sesso-mujer","16":"pa_size-38-es","17":"pa_size-38-5-es","18":"pa_size-40-es","20":"first","21":"instock","22":"sale","23":"taxable","24":"shipping-taxable","25":"purchasable","26":"product-type-variable","27":"wvs-archive-product-wrapper"},"acf":[],"yoast_head":"<!-- This site is optimized with the Yoast SEO plugin v26.8 - https:\/\/yoast.com\/product\/yoast-seo-wordpress\/ -->\n<title>Altra Experience Flow 2 mujer -Zapatillas de correr - MioMioRun.com<\/title>\n<meta name=\"description\" content=\"ALTRA Experience Flow 2 Mujer: entresuela EGO\u2122 P35, drop de 4 mm y parte superior transpirable para una m\u00e1xima reactividad y comodidad. Ideal para correr por carretera y caminar.\" \/>\n<meta name=\"robots\" content=\"index, follow, max-snippet:-1, max-image-preview:large, max-video-preview:-1\" \/>\n<link rel=\"canonical\" href=\"https:\/\/www.miomiorun.com\/es\/producto\/experience-flow-2-mujer\/\" \/>\n<meta property=\"og:locale\" content=\"es_ES\" \/>\n<meta property=\"og:type\" content=\"article\" \/>\n<meta property=\"og:title\" content=\"Altra Experience Flow 2 mujer -Zapatillas de correr - MioMioRun.com\" \/>\n<meta property=\"og:description\" content=\"ALTRA Experience Flow 2 Mujer: entresuela EGO\u2122 P35, drop de 4 mm y parte superior transpirable para una m\u00e1xima reactividad y comodidad. Ideal para correr por carretera y caminar.\" \/>\n<meta property=\"og:url\" content=\"https:\/\/www.miomiorun.com\/es\/producto\/experience-flow-2-mujer\/\" \/>\n<meta property=\"og:site_name\" content=\"MioMioRun\" \/>\n<meta property=\"article:publisher\" content=\"https:\/\/www.facebook.com\/miomiorun\/\" \/>\n<meta property=\"article:modified_time\" content=\"2026-04-25T16:13:59+00:00\" \/>\n<meta property=\"og:image\" content=\"https:\/\/www.miomiorun.com\/app\/uploads\/2025\/08\/altra-Experience-Flow-2-W-black-lt-AL0A85RF036.webp\" \/>\n\t<meta property=\"og:image:width\" content=\"720\" \/>\n\t<meta property=\"og:image:height\" content=\"720\" \/>\n\t<meta property=\"og:image:type\" content=\"image\/webp\" \/>\n<meta name=\"twitter:card\" content=\"summary_large_image\" \/>\n<meta name=\"twitter:label1\" content=\"Est. reading time\" \/>\n\t<meta name=\"twitter:data1\" content=\"1 minute\" \/>\n<script type=\"application\/ld+json\" class=\"yoast-schema-graph\">{\"@context\":\"https:\/\/schema.org\",\"@graph\":[{\"@type\":\"WebPage\",\"@id\":\"https:\/\/www.miomiorun.com\/es\/producto\/experience-flow-2-mujer\/\",\"url\":\"https:\/\/www.miomiorun.com\/es\/producto\/experience-flow-2-mujer\/\",\"name\":\"Altra Experience Flow 2 mujer -Zapatillas de correr - MioMioRun.com\",\"isPartOf\":{\"@id\":\"https:\/\/www.miomiorun.com\/es\/#website\"},\"primaryImageOfPage\":{\"@id\":\"https:\/\/www.miomiorun.com\/es\/producto\/experience-flow-2-mujer\/#primaryimage\"},\"image\":{\"@id\":\"https:\/\/www.miomiorun.com\/es\/producto\/experience-flow-2-mujer\/#primaryimage\"},\"thumbnailUrl\":\"https:\/\/www.miomiorun.com\/app\/uploads\/2025\/08\/altra-Experience-Flow-2-W-black-lt-AL0A85RF036.webp\",\"datePublished\":\"2025-07-17T07:52:28+00:00\",\"dateModified\":\"2026-04-25T16:13:59+00:00\",\"description\":\"ALTRA Experience Flow 2 Mujer: entresuela EGO\u2122 P35, drop de 4 mm y parte superior transpirable para una m\u00e1xima reactividad y comodidad. Ideal para correr por carretera y caminar.\",\"breadcrumb\":{\"@id\":\"https:\/\/www.miomiorun.com\/es\/producto\/experience-flow-2-mujer\/#breadcrumb\"},\"inLanguage\":\"es-ES\",\"potentialAction\":[{\"@type\":\"ReadAction\",\"target\":[\"https:\/\/www.miomiorun.com\/es\/producto\/experience-flow-2-mujer\/\"]}]},{\"@type\":\"ImageObject\",\"inLanguage\":\"es-ES\",\"@id\":\"https:\/\/www.miomiorun.com\/es\/producto\/experience-flow-2-mujer\/#primaryimage\",\"url\":\"https:\/\/www.miomiorun.com\/app\/uploads\/2025\/08\/altra-Experience-Flow-2-W-black-lt-AL0A85RF036.webp\",\"contentUrl\":\"https:\/\/www.miomiorun.com\/app\/uploads\/2025\/08\/altra-Experience-Flow-2-W-black-lt-AL0A85RF036.webp\",\"width\":720,\"height\":720,\"caption\":\"altra Experience Flow 2 W black lt AL0A85RF036\"},{\"@type\":\"BreadcrumbList\",\"@id\":\"https:\/\/www.miomiorun.com\/es\/producto\/experience-flow-2-mujer\/#breadcrumb\",\"itemListElement\":[{\"@type\":\"ListItem\",\"position\":1,\"name\":\"Home\",\"item\":\"https:\/\/www.miomiorun.com\/es\/\"},{\"@type\":\"ListItem\",\"position\":2,\"name\":\"Shop\",\"item\":\"https:\/\/www.miomiorun.com\/shop\/\"},{\"@type\":\"ListItem\",\"position\":3,\"name\":\"Experience Flow 2 mujer\"}]},{\"@type\":\"WebSite\",\"@id\":\"https:\/\/www.miomiorun.com\/es\/#website\",\"url\":\"https:\/\/www.miomiorun.com\/es\/\",\"name\":\"MioMioRun\",\"description\":\"Tienda 100% running y trail\",\"publisher\":{\"@id\":\"https:\/\/www.miomiorun.com\/es\/#organization\"},\"potentialAction\":[{\"@type\":\"SearchAction\",\"target\":{\"@type\":\"EntryPoint\",\"urlTemplate\":\"https:\/\/www.miomiorun.com\/es\/?s={search_term_string}\"},\"query-input\":{\"@type\":\"PropertyValueSpecification\",\"valueRequired\":true,\"valueName\":\"search_term_string\"}}],\"inLanguage\":\"es-ES\"},{\"@type\":\"Organization\",\"@id\":\"https:\/\/www.miomiorun.com\/es\/#organization\",\"name\":\"MioMio Run\",\"url\":\"https:\/\/www.miomiorun.com\/es\/\",\"logo\":{\"@type\":\"ImageObject\",\"inLanguage\":\"es-ES\",\"@id\":\"https:\/\/www.miomiorun.com\/es\/#\/schema\/logo\/image\/\",\"url\":\"https:\/\/www.miomiorun.com\/app\/uploads\/2019\/12\/logomio.png\",\"contentUrl\":\"https:\/\/www.miomiorun.com\/app\/uploads\/2019\/12\/logomio.png\",\"width\":115,\"height\":82,\"caption\":\"MioMio Run\"},\"image\":{\"@id\":\"https:\/\/www.miomiorun.com\/es\/#\/schema\/logo\/image\/\"},\"sameAs\":[\"https:\/\/www.facebook.com\/miomiorun\/\",\"https:\/\/www.instagram.com\/miomiorun\/\"]}]}<\/script>\n<!-- \/ Yoast SEO plugin. -->","yoast_head_json":{"title":"Altra Experience Flow 2 mujer -Zapatillas de correr - MioMioRun.com","description":"ALTRA Experience Flow 2 Mujer: entresuela EGO\u2122 P35, drop de 4 mm y parte superior transpirable para una m\u00e1xima reactividad y comodidad. Ideal para correr por carretera y caminar.","robots":{"index":"index","follow":"follow","max-snippet":"max-snippet:-1","max-image-preview":"max-image-preview:large","max-video-preview":"max-video-preview:-1"},"canonical":"https:\/\/www.miomiorun.com\/es\/producto\/experience-flow-2-mujer\/","og_locale":"es_ES","og_type":"article","og_title":"Altra Experience Flow 2 mujer -Zapatillas de correr - MioMioRun.com","og_description":"ALTRA Experience Flow 2 Mujer: entresuela EGO\u2122 P35, drop de 4 mm y parte superior transpirable para una m\u00e1xima reactividad y comodidad. Ideal para correr por carretera y caminar.","og_url":"https:\/\/www.miomiorun.com\/es\/producto\/experience-flow-2-mujer\/","og_site_name":"MioMioRun","article_publisher":"https:\/\/www.facebook.com\/miomiorun\/","article_modified_time":"2026-04-25T16:13:59+00:00","og_image":[{"width":720,"height":720,"url":"https:\/\/www.miomiorun.com\/app\/uploads\/2025\/08\/altra-Experience-Flow-2-W-black-lt-AL0A85RF036.webp","type":"image\/webp"}],"twitter_card":"summary_large_image","twitter_misc":{"Est. reading time":"1 minute"},"schema":{"@context":"https:\/\/schema.org","@graph":[{"@type":"WebPage","@id":"https:\/\/www.miomiorun.com\/es\/producto\/experience-flow-2-mujer\/","url":"https:\/\/www.miomiorun.com\/es\/producto\/experience-flow-2-mujer\/","name":"Altra Experience Flow 2 mujer -Zapatillas de correr - MioMioRun.com","isPartOf":{"@id":"https:\/\/www.miomiorun.com\/es\/#website"},"primaryImageOfPage":{"@id":"https:\/\/www.miomiorun.com\/es\/producto\/experience-flow-2-mujer\/#primaryimage"},"image":{"@id":"https:\/\/www.miomiorun.com\/es\/producto\/experience-flow-2-mujer\/#primaryimage"},"thumbnailUrl":"https:\/\/www.miomiorun.com\/app\/uploads\/2025\/08\/altra-Experience-Flow-2-W-black-lt-AL0A85RF036.webp","datePublished":"2025-07-17T07:52:28+00:00","dateModified":"2026-04-25T16:13:59+00:00","description":"ALTRA Experience Flow 2 Mujer: entresuela EGO\u2122 P35, drop de 4 mm y parte superior transpirable para una m\u00e1xima reactividad y comodidad. Ideal para correr por carretera y caminar.","breadcrumb":{"@id":"https:\/\/www.miomiorun.com\/es\/producto\/experience-flow-2-mujer\/#breadcrumb"},"inLanguage":"es-ES","potentialAction":[{"@type":"ReadAction","target":["https:\/\/www.miomiorun.com\/es\/producto\/experience-flow-2-mujer\/"]}]},{"@type":"ImageObject","inLanguage":"es-ES","@id":"https:\/\/www.miomiorun.com\/es\/producto\/experience-flow-2-mujer\/#primaryimage","url":"https:\/\/www.miomiorun.com\/app\/uploads\/2025\/08\/altra-Experience-Flow-2-W-black-lt-AL0A85RF036.webp","contentUrl":"https:\/\/www.miomiorun.com\/app\/uploads\/2025\/08\/altra-Experience-Flow-2-W-black-lt-AL0A85RF036.webp","width":720,"height":720,"caption":"altra Experience Flow 2 W black lt AL0A85RF036"},{"@type":"BreadcrumbList","@id":"https:\/\/www.miomiorun.com\/es\/producto\/experience-flow-2-mujer\/#breadcrumb","itemListElement":[{"@type":"ListItem","position":1,"name":"Home","item":"https:\/\/www.miomiorun.com\/es\/"},{"@type":"ListItem","position":2,"name":"Shop","item":"https:\/\/www.miomiorun.com\/shop\/"},{"@type":"ListItem","position":3,"name":"Experience Flow 2 mujer"}]},{"@type":"WebSite","@id":"https:\/\/www.miomiorun.com\/es\/#website","url":"https:\/\/www.miomiorun.com\/es\/","name":"MioMioRun","description":"Tienda 100% running y trail","publisher":{"@id":"https:\/\/www.miomiorun.com\/es\/#organization"},"potentialAction":[{"@type":"SearchAction","target":{"@type":"EntryPoint","urlTemplate":"https:\/\/www.miomiorun.com\/es\/?s={search_term_string}"},"query-input":{"@type":"PropertyValueSpecification","valueRequired":true,"valueName":"search_term_string"}}],"inLanguage":"es-ES"},{"@type":"Organization","@id":"https:\/\/www.miomiorun.com\/es\/#organization","name":"MioMio Run","url":"https:\/\/www.miomiorun.com\/es\/","logo":{"@type":"ImageObject","inLanguage":"es-ES","@id":"https:\/\/www.miomiorun.com\/es\/#\/schema\/logo\/image\/","url":"https:\/\/www.miomiorun.com\/app\/uploads\/2019\/12\/logomio.png","contentUrl":"https:\/\/www.miomiorun.com\/app\/uploads\/2019\/12\/logomio.png","width":115,"height":82,"caption":"MioMio Run"},"image":{"@id":"https:\/\/www.miomiorun.com\/es\/#\/schema\/logo\/image\/"},"sameAs":["https:\/\/www.facebook.com\/miomiorun\/","https:\/\/www.instagram.com\/miomiorun\/"]}]}},"_links":{"self":[{"href":"https:\/\/www.miomiorun.com\/es\/wp-json\/wp\/v2\/product\/327599","targetHints":{"allow":["GET"]}}],"collection":[{"href":"https:\/\/www.miomiorun.com\/es\/wp-json\/wp\/v2\/product"}],"about":[{"href":"https:\/\/www.miomiorun.com\/es\/wp-json\/wp\/v2\/types\/product"}],"wp:featuredmedia":[{"embeddable":true,"href":"https:\/\/www.miomiorun.com\/es\/wp-json\/wp\/v2\/media\/336157"}],"wp:attachment":[{"href":"https:\/\/www.miomiorun.com\/es\/wp-json\/wp\/v2\/media?parent=327599"}],"wp:term":[{"taxonomy":"product_brand","embeddable":true,"href":"https:\/\/www.miomiorun.com\/es\/wp-json\/wp\/v2\/product_brand?post=327599"},{"taxonomy":"product_cat","embeddable":true,"href":"https:\/\/www.miomiorun.com\/es\/wp-json\/wp\/v2\/product_cat?post=327599"},{"taxonomy":"product_tag","embeddable":true,"href":"https:\/\/www.miomiorun.com\/es\/wp-json\/wp\/v2\/product_tag?post=327599"}],"curies":[{"name":"wp","href":"https:\/\/api.w.org\/{rel}","templated":true}]}}