{"id":324770,"date":"2025-07-11T11:01:30","date_gmt":"2025-07-11T09:01:30","guid":{"rendered":"https:\/\/miomiorun.com\/?post_type=product&#038;p=324770"},"modified":"2026-03-17T16:53:51","modified_gmt":"2026-03-17T15:53:51","slug":"till-death-do-us-part","status":"publish","type":"product","link":"https:\/\/www.miomiorun.com\/es\/producto\/till-death-do-us-part\/","title":{"rendered":"Till death do us part"},"content":{"rendered":"<p data-start=\"156\" data-end=\"568\">Con una altura hasta la mitad de la pantorrilla y un dise\u00f1o llamativo, los calcetines <strong>Till death do us part de American Socks<\/strong> son la elecci\u00f3n perfecta para quienes quieren llevar su look urbano al siguiente nivel. Confeccionados con un ajuste preciso gracias a las dos tallas disponibles (S\/M y L\/XL), envuelven el pie con una comodidad que dura todo el d\u00eda, mientras que la longitud a media pantorrilla realza el estilo y los hace perfectos para combinar con zapatillas deportivas o calzado de ca\u00f1a alta.<\/p>\n<p data-start=\"570\" data-end=\"931\">La tecnolog\u00eda transpirable Coolmax\u00ae mantiene los pies frescos y secos incluso en los d\u00edas m\u00e1s intensos, proporcionando una sensaci\u00f3n de comodidad constante. La composici\u00f3n de primera calidad, con una mezcla de Coolmax\u00ae, poliamida, algod\u00f3n, elastodieno y elastano, garantiza suavidad, elasticidad y resistencia para acompa\u00f1arte a cualquier parte, sin renunciar a un estilo inconfundible.<\/p>\n<p data-start=\"933\" data-end=\"1285\">F\u00e1ciles de cuidar, los calcetines American Socks se lavan c\u00f3modamente en la lavadora a 30 \u00baC; sin embargo, para mantener su calidad, se recomienda no secarlos en la secadora, ni blanquearlos ni plancharlos.<\/p>\n<p>&nbsp;<\/p>\n<p>&nbsp;<\/p>\n","protected":false},"excerpt":{"rendered":"<p>Con una altura hasta la mitad de la pantorrilla y un dise\u00f1o llamativo, los calcetines Till death do us part de American Socks son la elecci\u00f3n perfecta para quienes quieren llevar su look urbano al siguiente nivel. Confeccionados con un ajuste preciso gracias a las dos tallas disponibles (S\/M y L\/XL), envuelven el pie con &hellip; <a href=\"https:\/\/www.miomiorun.com\/es\/producto\/till-death-do-us-part\/\">Continued<\/a><\/p>\n","protected":false},"featured_media":330587,"template":"","meta":{"_acf_changed":false,"inline_featured_image":false},"product_brand":[],"product_cat":[24400,24462,24463,24401],"product_tag":[34106,34107,34108],"class_list":{"0":"post-324770","1":"product","2":"type-product","3":"status-publish","4":"has-post-thumbnail","6":"product_cat-calcetines","7":"product_cat-calcetines-es-2","8":"product_cat-ropa-de-hombre-es","9":"product_cat-ropa-de-mujer","10":"product_tag-american-socks-es","11":"product_tag-american-socks-mujer-es","12":"product_tag-american-socks-uomo-es","13":"pa_attivita-caminar","14":"pa_attivita-fitness-es","15":"pa_attivita-running-es","16":"pa_marca-american-socks-es","17":"pa_sesso-hombre","18":"pa_sesso-mujer","19":"pa_size-42-46-es","21":"first","22":"instock","23":"sale","24":"taxable","25":"shipping-taxable","26":"purchasable","27":"product-type-variable","28":"wvs-archive-product-wrapper"},"acf":[],"yoast_head":"<!-- This site is optimized with the Yoast SEO plugin v26.8 - https:\/\/yoast.com\/product\/yoast-seo-wordpress\/ -->\n<title>American Socks Till death do us part -calcetines- MioMioRun<\/title>\n<meta name=\"description\" content=\"Descubre \u00abTill death do us part\u00bb de American Socks: calcetines de estilo urbano que llegan hasta la mitad de la pantorrilla, con tecnolog\u00eda transpirable Coolmax\u00ae, comodidad de primera calidad y un dise\u00f1o \u00fanico.\" \/>\n<meta name=\"robots\" content=\"index, follow, max-snippet:-1, max-image-preview:large, max-video-preview:-1\" \/>\n<link rel=\"canonical\" href=\"https:\/\/www.miomiorun.com\/es\/producto\/till-death-do-us-part\/\" \/>\n<meta property=\"og:locale\" content=\"es_ES\" \/>\n<meta property=\"og:type\" content=\"article\" \/>\n<meta property=\"og:title\" content=\"American Socks Till death do us part -calcetines- MioMioRun\" \/>\n<meta property=\"og:description\" content=\"Descubre \u00abTill death do us part\u00bb de American Socks: calcetines de estilo urbano que llegan hasta la mitad de la pantorrilla, con tecnolog\u00eda transpirable Coolmax\u00ae, comodidad de primera calidad y un dise\u00f1o \u00fanico.\" \/>\n<meta property=\"og:url\" content=\"https:\/\/www.miomiorun.com\/es\/producto\/till-death-do-us-part\/\" \/>\n<meta property=\"og:site_name\" content=\"MioMioRun\" \/>\n<meta property=\"article:publisher\" content=\"https:\/\/www.facebook.com\/miomiorun\/\" \/>\n<meta property=\"article:modified_time\" content=\"2026-03-17T15:53:51+00:00\" \/>\n<meta property=\"og:image\" content=\"https:\/\/www.miomiorun.com\/app\/uploads\/2025\/07\/american-socks-Till-death-do-us-part-AS272.webp\" \/>\n\t<meta property=\"og:image:width\" content=\"600\" \/>\n\t<meta property=\"og:image:height\" content=\"600\" \/>\n\t<meta property=\"og:image:type\" content=\"image\/webp\" \/>\n<meta name=\"twitter:card\" content=\"summary_large_image\" \/>\n<meta name=\"twitter:label1\" content=\"Est. reading time\" \/>\n\t<meta name=\"twitter:data1\" content=\"1 minute\" \/>\n<script type=\"application\/ld+json\" class=\"yoast-schema-graph\">{\"@context\":\"https:\/\/schema.org\",\"@graph\":[{\"@type\":\"WebPage\",\"@id\":\"https:\/\/www.miomiorun.com\/es\/producto\/till-death-do-us-part\/\",\"url\":\"https:\/\/www.miomiorun.com\/es\/producto\/till-death-do-us-part\/\",\"name\":\"American Socks Till death do us part -calcetines- MioMioRun\",\"isPartOf\":{\"@id\":\"https:\/\/www.miomiorun.com\/es\/#website\"},\"primaryImageOfPage\":{\"@id\":\"https:\/\/www.miomiorun.com\/es\/producto\/till-death-do-us-part\/#primaryimage\"},\"image\":{\"@id\":\"https:\/\/www.miomiorun.com\/es\/producto\/till-death-do-us-part\/#primaryimage\"},\"thumbnailUrl\":\"https:\/\/www.miomiorun.com\/app\/uploads\/2025\/07\/american-socks-Till-death-do-us-part-AS272.webp\",\"datePublished\":\"2025-07-11T09:01:30+00:00\",\"dateModified\":\"2026-03-17T15:53:51+00:00\",\"description\":\"Descubre \u00abTill death do us part\u00bb de American Socks: calcetines de estilo urbano que llegan hasta la mitad de la pantorrilla, con tecnolog\u00eda transpirable Coolmax\u00ae, comodidad de primera calidad y un dise\u00f1o \u00fanico.\",\"breadcrumb\":{\"@id\":\"https:\/\/www.miomiorun.com\/es\/producto\/till-death-do-us-part\/#breadcrumb\"},\"inLanguage\":\"es-ES\",\"potentialAction\":[{\"@type\":\"ReadAction\",\"target\":[\"https:\/\/www.miomiorun.com\/es\/producto\/till-death-do-us-part\/\"]}]},{\"@type\":\"ImageObject\",\"inLanguage\":\"es-ES\",\"@id\":\"https:\/\/www.miomiorun.com\/es\/producto\/till-death-do-us-part\/#primaryimage\",\"url\":\"https:\/\/www.miomiorun.com\/app\/uploads\/2025\/07\/american-socks-Till-death-do-us-part-AS272.webp\",\"contentUrl\":\"https:\/\/www.miomiorun.com\/app\/uploads\/2025\/07\/american-socks-Till-death-do-us-part-AS272.webp\",\"width\":600,\"height\":600,\"caption\":\"american socks Till death do us part AS272\"},{\"@type\":\"BreadcrumbList\",\"@id\":\"https:\/\/www.miomiorun.com\/es\/producto\/till-death-do-us-part\/#breadcrumb\",\"itemListElement\":[{\"@type\":\"ListItem\",\"position\":1,\"name\":\"Home\",\"item\":\"https:\/\/www.miomiorun.com\/es\/\"},{\"@type\":\"ListItem\",\"position\":2,\"name\":\"Shop\",\"item\":\"https:\/\/www.miomiorun.com\/shop\/\"},{\"@type\":\"ListItem\",\"position\":3,\"name\":\"Till death do us part\"}]},{\"@type\":\"WebSite\",\"@id\":\"https:\/\/www.miomiorun.com\/es\/#website\",\"url\":\"https:\/\/www.miomiorun.com\/es\/\",\"name\":\"MioMioRun\",\"description\":\"Tienda 100% running y trail\",\"publisher\":{\"@id\":\"https:\/\/www.miomiorun.com\/es\/#organization\"},\"potentialAction\":[{\"@type\":\"SearchAction\",\"target\":{\"@type\":\"EntryPoint\",\"urlTemplate\":\"https:\/\/www.miomiorun.com\/es\/?s={search_term_string}\"},\"query-input\":{\"@type\":\"PropertyValueSpecification\",\"valueRequired\":true,\"valueName\":\"search_term_string\"}}],\"inLanguage\":\"es-ES\"},{\"@type\":\"Organization\",\"@id\":\"https:\/\/www.miomiorun.com\/es\/#organization\",\"name\":\"MioMio Run\",\"url\":\"https:\/\/www.miomiorun.com\/es\/\",\"logo\":{\"@type\":\"ImageObject\",\"inLanguage\":\"es-ES\",\"@id\":\"https:\/\/www.miomiorun.com\/es\/#\/schema\/logo\/image\/\",\"url\":\"https:\/\/www.miomiorun.com\/app\/uploads\/2019\/12\/logomio.png\",\"contentUrl\":\"https:\/\/www.miomiorun.com\/app\/uploads\/2019\/12\/logomio.png\",\"width\":115,\"height\":82,\"caption\":\"MioMio Run\"},\"image\":{\"@id\":\"https:\/\/www.miomiorun.com\/es\/#\/schema\/logo\/image\/\"},\"sameAs\":[\"https:\/\/www.facebook.com\/miomiorun\/\",\"https:\/\/www.instagram.com\/miomiorun\/\"]}]}<\/script>\n<!-- \/ Yoast SEO plugin. -->","yoast_head_json":{"title":"American Socks Till death do us part -calcetines- MioMioRun","description":"Descubre \u00abTill death do us part\u00bb de American Socks: calcetines de estilo urbano que llegan hasta la mitad de la pantorrilla, con tecnolog\u00eda transpirable Coolmax\u00ae, comodidad de primera calidad y un dise\u00f1o \u00fanico.","robots":{"index":"index","follow":"follow","max-snippet":"max-snippet:-1","max-image-preview":"max-image-preview:large","max-video-preview":"max-video-preview:-1"},"canonical":"https:\/\/www.miomiorun.com\/es\/producto\/till-death-do-us-part\/","og_locale":"es_ES","og_type":"article","og_title":"American Socks Till death do us part -calcetines- MioMioRun","og_description":"Descubre \u00abTill death do us part\u00bb de American Socks: calcetines de estilo urbano que llegan hasta la mitad de la pantorrilla, con tecnolog\u00eda transpirable Coolmax\u00ae, comodidad de primera calidad y un dise\u00f1o \u00fanico.","og_url":"https:\/\/www.miomiorun.com\/es\/producto\/till-death-do-us-part\/","og_site_name":"MioMioRun","article_publisher":"https:\/\/www.facebook.com\/miomiorun\/","article_modified_time":"2026-03-17T15:53:51+00:00","og_image":[{"width":600,"height":600,"url":"https:\/\/www.miomiorun.com\/app\/uploads\/2025\/07\/american-socks-Till-death-do-us-part-AS272.webp","type":"image\/webp"}],"twitter_card":"summary_large_image","twitter_misc":{"Est. reading time":"1 minute"},"schema":{"@context":"https:\/\/schema.org","@graph":[{"@type":"WebPage","@id":"https:\/\/www.miomiorun.com\/es\/producto\/till-death-do-us-part\/","url":"https:\/\/www.miomiorun.com\/es\/producto\/till-death-do-us-part\/","name":"American Socks Till death do us part -calcetines- MioMioRun","isPartOf":{"@id":"https:\/\/www.miomiorun.com\/es\/#website"},"primaryImageOfPage":{"@id":"https:\/\/www.miomiorun.com\/es\/producto\/till-death-do-us-part\/#primaryimage"},"image":{"@id":"https:\/\/www.miomiorun.com\/es\/producto\/till-death-do-us-part\/#primaryimage"},"thumbnailUrl":"https:\/\/www.miomiorun.com\/app\/uploads\/2025\/07\/american-socks-Till-death-do-us-part-AS272.webp","datePublished":"2025-07-11T09:01:30+00:00","dateModified":"2026-03-17T15:53:51+00:00","description":"Descubre \u00abTill death do us part\u00bb de American Socks: calcetines de estilo urbano que llegan hasta la mitad de la pantorrilla, con tecnolog\u00eda transpirable Coolmax\u00ae, comodidad de primera calidad y un dise\u00f1o \u00fanico.","breadcrumb":{"@id":"https:\/\/www.miomiorun.com\/es\/producto\/till-death-do-us-part\/#breadcrumb"},"inLanguage":"es-ES","potentialAction":[{"@type":"ReadAction","target":["https:\/\/www.miomiorun.com\/es\/producto\/till-death-do-us-part\/"]}]},{"@type":"ImageObject","inLanguage":"es-ES","@id":"https:\/\/www.miomiorun.com\/es\/producto\/till-death-do-us-part\/#primaryimage","url":"https:\/\/www.miomiorun.com\/app\/uploads\/2025\/07\/american-socks-Till-death-do-us-part-AS272.webp","contentUrl":"https:\/\/www.miomiorun.com\/app\/uploads\/2025\/07\/american-socks-Till-death-do-us-part-AS272.webp","width":600,"height":600,"caption":"american socks Till death do us part AS272"},{"@type":"BreadcrumbList","@id":"https:\/\/www.miomiorun.com\/es\/producto\/till-death-do-us-part\/#breadcrumb","itemListElement":[{"@type":"ListItem","position":1,"name":"Home","item":"https:\/\/www.miomiorun.com\/es\/"},{"@type":"ListItem","position":2,"name":"Shop","item":"https:\/\/www.miomiorun.com\/shop\/"},{"@type":"ListItem","position":3,"name":"Till death do us part"}]},{"@type":"WebSite","@id":"https:\/\/www.miomiorun.com\/es\/#website","url":"https:\/\/www.miomiorun.com\/es\/","name":"MioMioRun","description":"Tienda 100% running y trail","publisher":{"@id":"https:\/\/www.miomiorun.com\/es\/#organization"},"potentialAction":[{"@type":"SearchAction","target":{"@type":"EntryPoint","urlTemplate":"https:\/\/www.miomiorun.com\/es\/?s={search_term_string}"},"query-input":{"@type":"PropertyValueSpecification","valueRequired":true,"valueName":"search_term_string"}}],"inLanguage":"es-ES"},{"@type":"Organization","@id":"https:\/\/www.miomiorun.com\/es\/#organization","name":"MioMio Run","url":"https:\/\/www.miomiorun.com\/es\/","logo":{"@type":"ImageObject","inLanguage":"es-ES","@id":"https:\/\/www.miomiorun.com\/es\/#\/schema\/logo\/image\/","url":"https:\/\/www.miomiorun.com\/app\/uploads\/2019\/12\/logomio.png","contentUrl":"https:\/\/www.miomiorun.com\/app\/uploads\/2019\/12\/logomio.png","width":115,"height":82,"caption":"MioMio Run"},"image":{"@id":"https:\/\/www.miomiorun.com\/es\/#\/schema\/logo\/image\/"},"sameAs":["https:\/\/www.facebook.com\/miomiorun\/","https:\/\/www.instagram.com\/miomiorun\/"]}]}},"_links":{"self":[{"href":"https:\/\/www.miomiorun.com\/es\/wp-json\/wp\/v2\/product\/324770","targetHints":{"allow":["GET"]}}],"collection":[{"href":"https:\/\/www.miomiorun.com\/es\/wp-json\/wp\/v2\/product"}],"about":[{"href":"https:\/\/www.miomiorun.com\/es\/wp-json\/wp\/v2\/types\/product"}],"wp:featuredmedia":[{"embeddable":true,"href":"https:\/\/www.miomiorun.com\/es\/wp-json\/wp\/v2\/media\/330587"}],"wp:attachment":[{"href":"https:\/\/www.miomiorun.com\/es\/wp-json\/wp\/v2\/media?parent=324770"}],"wp:term":[{"taxonomy":"product_brand","embeddable":true,"href":"https:\/\/www.miomiorun.com\/es\/wp-json\/wp\/v2\/product_brand?post=324770"},{"taxonomy":"product_cat","embeddable":true,"href":"https:\/\/www.miomiorun.com\/es\/wp-json\/wp\/v2\/product_cat?post=324770"},{"taxonomy":"product_tag","embeddable":true,"href":"https:\/\/www.miomiorun.com\/es\/wp-json\/wp\/v2\/product_tag?post=324770"}],"curies":[{"name":"wp","href":"https:\/\/api.w.org\/{rel}","templated":true}]}}