{"id":324603,"date":"2025-07-11T10:04:36","date_gmt":"2025-07-11T08:04:36","guid":{"rendered":"https:\/\/miomiorun.com\/?post_type=product&#038;p=324603"},"modified":"2026-03-06T10:06:45","modified_gmt":"2026-03-06T09:06:45","slug":"adizero-takumi-sen-11","status":"publish","type":"product","link":"https:\/\/www.miomiorun.com\/es\/producto\/adizero-takumi-sen-11\/","title":{"rendered":"Adizero Takumi Sen 11"},"content":{"rendered":"<table style=\"border-collapse: collapse;width: 100%\">\n<tbody>\n<tr>\n<td style=\"width: 33.3333%;vertical-align: top;text-align: center\"><strong>Especificaciones t\u00e9cnicas<\/strong><\/p>\n<p>Categor\u00eda: amortiguaci\u00f3n reactiva.<br \/>\nOffset: 7 mm (33 mm tal\u00f3n &#8211; 26 mm antepi\u00e9).<br \/>\nPeso: 185 g.<br \/>\nIdeal para: corredores ambiciosos, para quienes sue\u00f1an con batir sus marcas personales y para quienes quieren llevar la <strong data-start=\"1448\" data-end=\"1473\">tecnolog\u00eda de competici\u00f3n<\/strong> tambi\u00e9n en sus entrenamientos diarios.<br \/>\nPeso del atleta: 60-80 kg.<br \/>\nRitmo de carrera: medio-r\u00e1pido (3,30-4,40 min\/km).<br \/>\n<a href=\"https:\/\/miomiorun.com\/guida-alle-specifiche-tecniche\/\">Gu\u00eda de especificaciones t\u00e9cnicas<\/a><\/p>\n<p>&nbsp;<\/p>\n<p><div style=\"width: 640px;\" class=\"wp-video\"><video class=\"wp-video-shortcode\" id=\"video-324603-1\" width=\"640\" height=\"360\" preload=\"metadata\" controls=\"controls\"><source type=\"video\/mp4\" src=\"https:\/\/assets.%20adidas.com\/videos\/ar_1,w_720,c_fill,q_auto,f_auto\/9ff5fe5cbd794c75b28ad98bf84811c8_d98c\/Scarpe_adizero_Takumi_Sen_11_Turchese_JQ2813_video.mp4?_=1\" \/><a href=\"https:\/\/assets.%20adidas.com\/videos\/ar_1,w_720,c_fill,q_auto,f_auto\/9ff5fe5cbd794c75b28ad98bf84811c8_d98c\/Scarpe_adizero_Takumi_Sen_11_Turchese_JQ2813_video.mp4\">https:\/\/assets.%20adidas.com\/videos\/ar_1,w_720,c_fill,q_auto,f_auto\/9ff5fe5cbd794c75b28ad98bf84811c8_d98c\/Scarpe_adizero_Takumi_Sen_11_Turchese_JQ2813_video.mp4<\/a><\/video><\/div><\/td>\n<td style=\"width: 66.6666%;vertical-align: top;text-align: center\">\n<p data-start=\"249\" data-end=\"593\"><strong data-start=\"249\" data-end=\"289\">Aspira a batir tu nuevo r\u00e9cord personal.<\/strong><br data-start=\"289\" data-end=\"292\">Las adidas Takumi Sen 11 est\u00e1n dise\u00f1adas para quienes corren con el objetivo de superarse. Ultraligeras y reactivas, son las zapatillas ideales para distancias cortas y r\u00e1pidas, como 5 km y 10 km. Su dise\u00f1o aerodin\u00e1mico y su amortiguaci\u00f3n reactiva te impulsan a cada paso, convirtiendo cada zancada en pura aceleraci\u00f3n.<\/p>\n<p data-start=\"595\" data-end=\"941\">La parte superior <strong data-start=\"605\" data-end=\"618\">LIGHTLOCK<\/strong> envuelve el pie de forma segura y estable, lo que te permite afrontar curvas y rectas a alta velocidad sin perder precisi\u00f3n. La entresuela con <strong data-start=\"769\" data-end=\"804\">amortiguaci\u00f3n Lightstrike Pro<\/strong>, combinada con la tecnolog\u00eda <strong data-start=\"831\" data-end=\"849\">ENERGYRODS 2.0<\/strong>, garantiza una carrera fluida y din\u00e1mica, ayud\u00e1ndote a mantener el ritmo hasta la meta.<\/p>\n<p data-start=\"943\" data-end=\"1077\">La suela <strong data-start=\"952\" data-end=\"968\">Lighttraxion<\/strong> con goma <strong data-start=\"979\" data-end=\"995\">Continental\u2122<\/strong> garantiza una tracci\u00f3n excepcional en carretera, incluso en las condiciones m\u00e1s exigentes.<\/p>\n<p data-start=\"1079\" data-end=\"1174\"><strong data-start=\"1079\" data-end=\"1119\">Ligereza. Propulsi\u00f3n. Precisi\u00f3n.<\/strong><\/p>\n<\/p>\n<\/td>\n<\/tr>\n<\/tbody>\n<\/table>\n<p>&nbsp;<\/p>\n","protected":false},"excerpt":{"rendered":"<ul>\n<li>Parte superior de malla t\u00e9cnica LIGHTLOCK<\/li>\n<li>Entresuela con amortiguaci\u00f3n Lightstrike Pro<\/li>\n<li>Suela Lighttraxion + goma Continental\u2122<\/li>\n<li>Ajuste normal<\/li>\n<\/ul>\n","protected":false},"featured_media":327018,"template":"","meta":{"_acf_changed":false,"inline_featured_image":false},"product_brand":[],"product_cat":[24454,24453],"product_tag":[23558,23570],"class_list":{"0":"post-324603","1":"product","2":"type-product","3":"status-publish","4":"has-post-thumbnail","6":"product_cat-calzado-para-hombre","7":"product_cat-neutre-es-3","8":"product_tag-adidas-es","9":"product_tag-adidas-hombre","10":"pa_attivita-fitness-es","11":"pa_attivita-running-es","12":"pa_colore-takumi-sen-ftwwht-luor","13":"pa_colore-takumi-sen-luclem-cblack-halsil-es","14":"pa_marca-adidas-es","15":"pa_sesso-hombre","16":"pa_size-41-es","17":"pa_size-42-es","19":"pa_size-43-es","20":"pa_size-44-es","22":"pa_size-46-es","24":"first","25":"instock","26":"sale","27":"taxable","28":"shipping-taxable","29":"purchasable","30":"product-type-variable","31":"wvs-archive-product-wrapper"},"acf":[],"yoast_head":"<!-- This site is optimized with the Yoast SEO plugin v26.8 - https:\/\/yoast.com\/product\/yoast-seo-wordpress\/ -->\n<title>Adidas Adizero Takumi Sen 11 - zapatillas de running hombre - MioMioRun<\/title>\n<meta name=\"description\" content=\"adidas Takumi Sen 11: zapatillas de running ligeras y reactivas para 5K y 10K. Amortiguaci\u00f3n Lightstrike Pro, ENERGYRODS 2.0 y suela Continental\u2122.\" \/>\n<meta name=\"robots\" content=\"index, follow, max-snippet:-1, max-image-preview:large, max-video-preview:-1\" \/>\n<link rel=\"canonical\" href=\"https:\/\/www.miomiorun.com\/es\/producto\/adizero-takumi-sen-11\/\" \/>\n<meta property=\"og:locale\" content=\"es_ES\" \/>\n<meta property=\"og:type\" content=\"article\" \/>\n<meta property=\"og:title\" content=\"Adidas Adizero Takumi Sen 11 - zapatillas de running hombre - MioMioRun\" \/>\n<meta property=\"og:description\" content=\"adidas Takumi Sen 11: zapatillas de running ligeras y reactivas para 5K y 10K. Amortiguaci\u00f3n Lightstrike Pro, ENERGYRODS 2.0 y suela Continental\u2122.\" \/>\n<meta property=\"og:url\" content=\"https:\/\/www.miomiorun.com\/es\/producto\/adizero-takumi-sen-11\/\" \/>\n<meta property=\"og:site_name\" content=\"MioMioRun\" \/>\n<meta property=\"article:publisher\" content=\"https:\/\/www.facebook.com\/miomiorun\/\" \/>\n<meta property=\"article:modified_time\" content=\"2026-03-06T09:06:45+00:00\" \/>\n<meta property=\"og:image\" content=\"https:\/\/www.miomiorun.com\/app\/uploads\/2025\/07\/adidas-Takumi-Sen-luclem-cblack-halsil-JI0991.webp\" \/>\n\t<meta property=\"og:image:width\" content=\"600\" \/>\n\t<meta property=\"og:image:height\" content=\"600\" \/>\n\t<meta property=\"og:image:type\" content=\"image\/webp\" \/>\n<meta name=\"twitter:card\" content=\"summary_large_image\" \/>\n<meta name=\"twitter:label1\" content=\"Est. reading time\" \/>\n\t<meta name=\"twitter:data1\" content=\"1 minute\" \/>\n<script type=\"application\/ld+json\" class=\"yoast-schema-graph\">{\"@context\":\"https:\/\/schema.org\",\"@graph\":[{\"@type\":\"WebPage\",\"@id\":\"https:\/\/www.miomiorun.com\/es\/producto\/adizero-takumi-sen-11\/\",\"url\":\"https:\/\/www.miomiorun.com\/es\/producto\/adizero-takumi-sen-11\/\",\"name\":\"Adidas Adizero Takumi Sen 11 - zapatillas de running hombre - MioMioRun\",\"isPartOf\":{\"@id\":\"https:\/\/www.miomiorun.com\/es\/#website\"},\"primaryImageOfPage\":{\"@id\":\"https:\/\/www.miomiorun.com\/es\/producto\/adizero-takumi-sen-11\/#primaryimage\"},\"image\":{\"@id\":\"https:\/\/www.miomiorun.com\/es\/producto\/adizero-takumi-sen-11\/#primaryimage\"},\"thumbnailUrl\":\"https:\/\/www.miomiorun.com\/app\/uploads\/2025\/07\/adidas-Takumi-Sen-luclem-cblack-halsil-JI0991.webp\",\"datePublished\":\"2025-07-11T08:04:36+00:00\",\"dateModified\":\"2026-03-06T09:06:45+00:00\",\"description\":\"adidas Takumi Sen 11: zapatillas de running ligeras y reactivas para 5K y 10K. Amortiguaci\u00f3n Lightstrike Pro, ENERGYRODS 2.0 y suela Continental\u2122.\",\"breadcrumb\":{\"@id\":\"https:\/\/www.miomiorun.com\/es\/producto\/adizero-takumi-sen-11\/#breadcrumb\"},\"inLanguage\":\"es-ES\",\"potentialAction\":[{\"@type\":\"ReadAction\",\"target\":[\"https:\/\/www.miomiorun.com\/es\/producto\/adizero-takumi-sen-11\/\"]}]},{\"@type\":\"ImageObject\",\"inLanguage\":\"es-ES\",\"@id\":\"https:\/\/www.miomiorun.com\/es\/producto\/adizero-takumi-sen-11\/#primaryimage\",\"url\":\"https:\/\/www.miomiorun.com\/app\/uploads\/2025\/07\/adidas-Takumi-Sen-luclem-cblack-halsil-JI0991.webp\",\"contentUrl\":\"https:\/\/www.miomiorun.com\/app\/uploads\/2025\/07\/adidas-Takumi-Sen-luclem-cblack-halsil-JI0991.webp\",\"width\":600,\"height\":600,\"caption\":\"adidas Takumi Sen luclem cblack halsil JI0991\"},{\"@type\":\"BreadcrumbList\",\"@id\":\"https:\/\/www.miomiorun.com\/es\/producto\/adizero-takumi-sen-11\/#breadcrumb\",\"itemListElement\":[{\"@type\":\"ListItem\",\"position\":1,\"name\":\"Home\",\"item\":\"https:\/\/www.miomiorun.com\/es\/\"},{\"@type\":\"ListItem\",\"position\":2,\"name\":\"Shop\",\"item\":\"https:\/\/www.miomiorun.com\/shop\/\"},{\"@type\":\"ListItem\",\"position\":3,\"name\":\"Adizero Takumi Sen 11\"}]},{\"@type\":\"WebSite\",\"@id\":\"https:\/\/www.miomiorun.com\/es\/#website\",\"url\":\"https:\/\/www.miomiorun.com\/es\/\",\"name\":\"MioMioRun\",\"description\":\"Tienda 100% running y trail\",\"publisher\":{\"@id\":\"https:\/\/www.miomiorun.com\/es\/#organization\"},\"potentialAction\":[{\"@type\":\"SearchAction\",\"target\":{\"@type\":\"EntryPoint\",\"urlTemplate\":\"https:\/\/www.miomiorun.com\/es\/?s={search_term_string}\"},\"query-input\":{\"@type\":\"PropertyValueSpecification\",\"valueRequired\":true,\"valueName\":\"search_term_string\"}}],\"inLanguage\":\"es-ES\"},{\"@type\":\"Organization\",\"@id\":\"https:\/\/www.miomiorun.com\/es\/#organization\",\"name\":\"MioMio Run\",\"url\":\"https:\/\/www.miomiorun.com\/es\/\",\"logo\":{\"@type\":\"ImageObject\",\"inLanguage\":\"es-ES\",\"@id\":\"https:\/\/www.miomiorun.com\/es\/#\/schema\/logo\/image\/\",\"url\":\"https:\/\/www.miomiorun.com\/app\/uploads\/2019\/12\/logomio.png\",\"contentUrl\":\"https:\/\/www.miomiorun.com\/app\/uploads\/2019\/12\/logomio.png\",\"width\":115,\"height\":82,\"caption\":\"MioMio Run\"},\"image\":{\"@id\":\"https:\/\/www.miomiorun.com\/es\/#\/schema\/logo\/image\/\"},\"sameAs\":[\"https:\/\/www.facebook.com\/miomiorun\/\",\"https:\/\/www.instagram.com\/miomiorun\/\"]}]}<\/script>\n<!-- \/ Yoast SEO plugin. -->","yoast_head_json":{"title":"Adidas Adizero Takumi Sen 11 - zapatillas de running hombre - MioMioRun","description":"adidas Takumi Sen 11: zapatillas de running ligeras y reactivas para 5K y 10K. Amortiguaci\u00f3n Lightstrike Pro, ENERGYRODS 2.0 y suela Continental\u2122.","robots":{"index":"index","follow":"follow","max-snippet":"max-snippet:-1","max-image-preview":"max-image-preview:large","max-video-preview":"max-video-preview:-1"},"canonical":"https:\/\/www.miomiorun.com\/es\/producto\/adizero-takumi-sen-11\/","og_locale":"es_ES","og_type":"article","og_title":"Adidas Adizero Takumi Sen 11 - zapatillas de running hombre - MioMioRun","og_description":"adidas Takumi Sen 11: zapatillas de running ligeras y reactivas para 5K y 10K. Amortiguaci\u00f3n Lightstrike Pro, ENERGYRODS 2.0 y suela Continental\u2122.","og_url":"https:\/\/www.miomiorun.com\/es\/producto\/adizero-takumi-sen-11\/","og_site_name":"MioMioRun","article_publisher":"https:\/\/www.facebook.com\/miomiorun\/","article_modified_time":"2026-03-06T09:06:45+00:00","og_image":[{"width":600,"height":600,"url":"https:\/\/www.miomiorun.com\/app\/uploads\/2025\/07\/adidas-Takumi-Sen-luclem-cblack-halsil-JI0991.webp","type":"image\/webp"}],"twitter_card":"summary_large_image","twitter_misc":{"Est. reading time":"1 minute"},"schema":{"@context":"https:\/\/schema.org","@graph":[{"@type":"WebPage","@id":"https:\/\/www.miomiorun.com\/es\/producto\/adizero-takumi-sen-11\/","url":"https:\/\/www.miomiorun.com\/es\/producto\/adizero-takumi-sen-11\/","name":"Adidas Adizero Takumi Sen 11 - zapatillas de running hombre - MioMioRun","isPartOf":{"@id":"https:\/\/www.miomiorun.com\/es\/#website"},"primaryImageOfPage":{"@id":"https:\/\/www.miomiorun.com\/es\/producto\/adizero-takumi-sen-11\/#primaryimage"},"image":{"@id":"https:\/\/www.miomiorun.com\/es\/producto\/adizero-takumi-sen-11\/#primaryimage"},"thumbnailUrl":"https:\/\/www.miomiorun.com\/app\/uploads\/2025\/07\/adidas-Takumi-Sen-luclem-cblack-halsil-JI0991.webp","datePublished":"2025-07-11T08:04:36+00:00","dateModified":"2026-03-06T09:06:45+00:00","description":"adidas Takumi Sen 11: zapatillas de running ligeras y reactivas para 5K y 10K. Amortiguaci\u00f3n Lightstrike Pro, ENERGYRODS 2.0 y suela Continental\u2122.","breadcrumb":{"@id":"https:\/\/www.miomiorun.com\/es\/producto\/adizero-takumi-sen-11\/#breadcrumb"},"inLanguage":"es-ES","potentialAction":[{"@type":"ReadAction","target":["https:\/\/www.miomiorun.com\/es\/producto\/adizero-takumi-sen-11\/"]}]},{"@type":"ImageObject","inLanguage":"es-ES","@id":"https:\/\/www.miomiorun.com\/es\/producto\/adizero-takumi-sen-11\/#primaryimage","url":"https:\/\/www.miomiorun.com\/app\/uploads\/2025\/07\/adidas-Takumi-Sen-luclem-cblack-halsil-JI0991.webp","contentUrl":"https:\/\/www.miomiorun.com\/app\/uploads\/2025\/07\/adidas-Takumi-Sen-luclem-cblack-halsil-JI0991.webp","width":600,"height":600,"caption":"adidas Takumi Sen luclem cblack halsil JI0991"},{"@type":"BreadcrumbList","@id":"https:\/\/www.miomiorun.com\/es\/producto\/adizero-takumi-sen-11\/#breadcrumb","itemListElement":[{"@type":"ListItem","position":1,"name":"Home","item":"https:\/\/www.miomiorun.com\/es\/"},{"@type":"ListItem","position":2,"name":"Shop","item":"https:\/\/www.miomiorun.com\/shop\/"},{"@type":"ListItem","position":3,"name":"Adizero Takumi Sen 11"}]},{"@type":"WebSite","@id":"https:\/\/www.miomiorun.com\/es\/#website","url":"https:\/\/www.miomiorun.com\/es\/","name":"MioMioRun","description":"Tienda 100% running y trail","publisher":{"@id":"https:\/\/www.miomiorun.com\/es\/#organization"},"potentialAction":[{"@type":"SearchAction","target":{"@type":"EntryPoint","urlTemplate":"https:\/\/www.miomiorun.com\/es\/?s={search_term_string}"},"query-input":{"@type":"PropertyValueSpecification","valueRequired":true,"valueName":"search_term_string"}}],"inLanguage":"es-ES"},{"@type":"Organization","@id":"https:\/\/www.miomiorun.com\/es\/#organization","name":"MioMio Run","url":"https:\/\/www.miomiorun.com\/es\/","logo":{"@type":"ImageObject","inLanguage":"es-ES","@id":"https:\/\/www.miomiorun.com\/es\/#\/schema\/logo\/image\/","url":"https:\/\/www.miomiorun.com\/app\/uploads\/2019\/12\/logomio.png","contentUrl":"https:\/\/www.miomiorun.com\/app\/uploads\/2019\/12\/logomio.png","width":115,"height":82,"caption":"MioMio Run"},"image":{"@id":"https:\/\/www.miomiorun.com\/es\/#\/schema\/logo\/image\/"},"sameAs":["https:\/\/www.facebook.com\/miomiorun\/","https:\/\/www.instagram.com\/miomiorun\/"]}]}},"_links":{"self":[{"href":"https:\/\/www.miomiorun.com\/es\/wp-json\/wp\/v2\/product\/324603","targetHints":{"allow":["GET"]}}],"collection":[{"href":"https:\/\/www.miomiorun.com\/es\/wp-json\/wp\/v2\/product"}],"about":[{"href":"https:\/\/www.miomiorun.com\/es\/wp-json\/wp\/v2\/types\/product"}],"wp:featuredmedia":[{"embeddable":true,"href":"https:\/\/www.miomiorun.com\/es\/wp-json\/wp\/v2\/media\/327018"}],"wp:attachment":[{"href":"https:\/\/www.miomiorun.com\/es\/wp-json\/wp\/v2\/media?parent=324603"}],"wp:term":[{"taxonomy":"product_brand","embeddable":true,"href":"https:\/\/www.miomiorun.com\/es\/wp-json\/wp\/v2\/product_brand?post=324603"},{"taxonomy":"product_cat","embeddable":true,"href":"https:\/\/www.miomiorun.com\/es\/wp-json\/wp\/v2\/product_cat?post=324603"},{"taxonomy":"product_tag","embeddable":true,"href":"https:\/\/www.miomiorun.com\/es\/wp-json\/wp\/v2\/product_tag?post=324603"}],"curies":[{"name":"wp","href":"https:\/\/api.w.org\/{rel}","templated":true}]}}