{"id":323825,"date":"2025-07-10T10:33:02","date_gmt":"2025-07-10T08:33:02","guid":{"rendered":"https:\/\/miomiorun.com\/?post_type=product&#038;p=323825"},"modified":"2026-04-14T16:13:27","modified_gmt":"2026-04-14T14:13:27","slug":"cascadia-19-mujer","status":"publish","type":"product","link":"https:\/\/www.miomiorun.com\/es\/producto\/cascadia-19-mujer\/","title":{"rendered":"Cascadia 19 mujer"},"content":{"rendered":"<table style=\"border-collapse: collapse;width: 100%\">\n<tbody>\n<tr>\n<td style=\"width: 33.3333%;vertical-align: top;text-align: center\"><strong>Especificaciones t\u00e9cnicas<\/strong><\/p>\n<p>Categor\u00eda: amortiguaci\u00f3n superior.<br \/>\nCompensaci\u00f3n: 6 mm.<br \/>\nPeso: 277,8 g.<br \/>\nIdeal para: corredores de trail y amantes del senderismo que buscan un modelo amortiguado, protector y robusto, que pueda utilizarse para distancias largas y medias en monta\u00f1a y caminos de tierra.<br \/>\nPeso del atleta: 70-90 kg<br \/>\nRitmo de carrera: medio-lento (&gt;5,00 min\/km)<br \/>\n<a href=\"https:\/\/miomiorun.com\/guida-alle-specifiche-tecniche\/\">Gu\u00eda de especificaciones t\u00e9cnicas<\/a><\/td>\n<td style=\"width: 66.6666%;vertical-align: top;text-align: center\">\n<p data-start=\"191\" data-end=\"246\"><strong data-start=\"191\" data-end=\"246\">Estabilidad y protecci\u00f3n para cualquier aventura todoterreno.<\/strong><\/p>\n<p data-start=\"248\" data-end=\"598\">Afronta cualquier sendero con confianza gracias a las <strong data-start=\"302\" data-end=\"326\">Cascadia 19 para mujer<\/strong>, unas zapatillas dise\u00f1adas para ofrecer estabilidad, comodidad y adaptabilidad en todo tipo de terrenos. El sistema Trail Adapt combina una placa flexible con amortiguaci\u00f3n DNA LOFT v3 para garantizar una carrera fluida, protegida y reactiva incluso en los tramos m\u00e1s t\u00e9cnicos.<\/p>\n<p data-start=\"600\" data-end=\"857\">La suela, con un 25 % de material reciclado, garantiza una tracci\u00f3n eficaz tanto en seco como en mojado, mientras que la nueva amortiguaci\u00f3n con nitro a\u00f1ade 2 mm de suavidad en el tal\u00f3n y 4 mm en la puntera para una sensaci\u00f3n a\u00fan m\u00e1s c\u00f3moda.<\/p>\n<p data-start=\"859\" data-end=\"1086\">La parte superior de malla t\u00e9cnica envuelve el pie y ofrece <strong data-start=\"911\" data-end=\"964\">sujeci\u00f3n, transpirabilidad y un ajuste seguro<\/strong>, incluso en los d\u00edas m\u00e1s intensos.<br data-start=\"999\" data-end=\"1002\"><strong data-start=\"1002\" data-end=\"1086\">Perfecta para corredoras de trail y caminantes que buscan fiabilidad y rendimiento.<\/strong><\/p>\n<\/td>\n<\/tr>\n<\/tbody>\n<\/table>\n<p>&nbsp;<\/p>\n","protected":false},"excerpt":{"rendered":"<ul>\n<li class=\"m-long-description__feature\">\n<div class=\"m-long-description__feature-text\">Carrera adaptable<\/div>\n<\/li>\n<li class=\"m-long-description__feature\">\n<div class=\"m-long-description__feature-text\">Preparada para cualquier tipo de terreno<\/div>\n<\/li>\n<li class=\"m-long-description__feature\">\n<div class=\"m-long-description__feature-text\">Tracci\u00f3n en superficies mojadas y secas<\/div>\n<\/li>\n<\/ul>\n","protected":false},"featured_media":402838,"template":"","meta":{"_acf_changed":false,"inline_featured_image":false},"product_brand":[],"product_cat":[24227,24230],"product_tag":[23463,23664],"class_list":{"0":"post-323825","1":"product","2":"type-product","3":"status-publish","4":"has-post-thumbnail","6":"product_cat-calzado-femenino","7":"product_cat-trail-es","8":"product_tag-brooks-es","9":"product_tag-brooks-mujer","10":"pa_attivita-outdoor-es","11":"pa_attivita-trail-es","12":"pa_colore-cascadia-19-w-peach-echo-chateau-white","13":"pa_colore-cascadia-19-w-rabbit-black-bluefish","14":"pa_marca-brooks-es","15":"pa_sesso-mujer","16":"pa_size-38-es","17":"pa_size-38-5-es","18":"pa_size-39-es","19":"pa_size-40-es","20":"pa_size-40-5-es","21":"pa_size-41-es","23":"first","24":"instock","25":"sale","26":"taxable","27":"shipping-taxable","28":"purchasable","29":"product-type-variable","30":"wvs-archive-product-wrapper"},"acf":[],"yoast_head":"<!-- This site is optimized with the Yoast SEO plugin v26.8 - https:\/\/yoast.com\/product\/yoast-seo-wordpress\/ -->\n<title>Brooks Cascadia 19 mujer - zapatillas de trail mujer - MioMioRun.com<\/title>\n<meta name=\"description\" content=\"Descubre las Brooks Cascadia 19 para mujer: unas zapatillas de trail estables, con amortiguaci\u00f3n y aptas para cualquier terreno. Comodidad, tracci\u00f3n y protecci\u00f3n para tus aventuras en la monta\u00f1a.\" \/>\n<meta name=\"robots\" content=\"index, follow, max-snippet:-1, max-image-preview:large, max-video-preview:-1\" \/>\n<link rel=\"canonical\" href=\"https:\/\/www.miomiorun.com\/es\/producto\/cascadia-19-mujer\/\" \/>\n<meta property=\"og:locale\" content=\"es_ES\" \/>\n<meta property=\"og:type\" content=\"article\" \/>\n<meta property=\"og:title\" content=\"Brooks Cascadia 19 mujer - zapatillas de trail mujer - MioMioRun.com\" \/>\n<meta property=\"og:description\" content=\"Descubre las Brooks Cascadia 19 para mujer: unas zapatillas de trail estables, con amortiguaci\u00f3n y aptas para cualquier terreno. Comodidad, tracci\u00f3n y protecci\u00f3n para tus aventuras en la monta\u00f1a.\" \/>\n<meta property=\"og:url\" content=\"https:\/\/www.miomiorun.com\/es\/producto\/cascadia-19-mujer\/\" \/>\n<meta property=\"og:site_name\" content=\"MioMioRun\" \/>\n<meta property=\"article:publisher\" content=\"https:\/\/www.facebook.com\/miomiorun\/\" \/>\n<meta property=\"article:modified_time\" content=\"2026-04-14T14:13:27+00:00\" \/>\n<meta property=\"og:image\" content=\"https:\/\/www.miomiorun.com\/app\/uploads\/2026\/02\/brooks-Cascadia-19-W-peach-echo-chateau-white-1204461B812.webp\" \/>\n\t<meta property=\"og:image:width\" content=\"720\" \/>\n\t<meta property=\"og:image:height\" content=\"720\" \/>\n\t<meta property=\"og:image:type\" content=\"image\/webp\" \/>\n<meta name=\"twitter:card\" content=\"summary_large_image\" \/>\n<meta name=\"twitter:label1\" content=\"Est. reading time\" \/>\n\t<meta name=\"twitter:data1\" content=\"1 minute\" \/>\n<script type=\"application\/ld+json\" class=\"yoast-schema-graph\">{\"@context\":\"https:\/\/schema.org\",\"@graph\":[{\"@type\":\"WebPage\",\"@id\":\"https:\/\/www.miomiorun.com\/es\/producto\/cascadia-19-mujer\/\",\"url\":\"https:\/\/www.miomiorun.com\/es\/producto\/cascadia-19-mujer\/\",\"name\":\"Brooks Cascadia 19 mujer - zapatillas de trail mujer - MioMioRun.com\",\"isPartOf\":{\"@id\":\"https:\/\/www.miomiorun.com\/es\/#website\"},\"primaryImageOfPage\":{\"@id\":\"https:\/\/www.miomiorun.com\/es\/producto\/cascadia-19-mujer\/#primaryimage\"},\"image\":{\"@id\":\"https:\/\/www.miomiorun.com\/es\/producto\/cascadia-19-mujer\/#primaryimage\"},\"thumbnailUrl\":\"https:\/\/www.miomiorun.com\/app\/uploads\/2026\/02\/brooks-Cascadia-19-W-peach-echo-chateau-white-1204461B812.webp\",\"datePublished\":\"2025-07-10T08:33:02+00:00\",\"dateModified\":\"2026-04-14T14:13:27+00:00\",\"description\":\"Descubre las Brooks Cascadia 19 para mujer: unas zapatillas de trail estables, con amortiguaci\u00f3n y aptas para cualquier terreno. Comodidad, tracci\u00f3n y protecci\u00f3n para tus aventuras en la monta\u00f1a.\",\"breadcrumb\":{\"@id\":\"https:\/\/www.miomiorun.com\/es\/producto\/cascadia-19-mujer\/#breadcrumb\"},\"inLanguage\":\"es-ES\",\"potentialAction\":[{\"@type\":\"ReadAction\",\"target\":[\"https:\/\/www.miomiorun.com\/es\/producto\/cascadia-19-mujer\/\"]}]},{\"@type\":\"ImageObject\",\"inLanguage\":\"es-ES\",\"@id\":\"https:\/\/www.miomiorun.com\/es\/producto\/cascadia-19-mujer\/#primaryimage\",\"url\":\"https:\/\/www.miomiorun.com\/app\/uploads\/2026\/02\/brooks-Cascadia-19-W-peach-echo-chateau-white-1204461B812.webp\",\"contentUrl\":\"https:\/\/www.miomiorun.com\/app\/uploads\/2026\/02\/brooks-Cascadia-19-W-peach-echo-chateau-white-1204461B812.webp\",\"width\":720,\"height\":720,\"caption\":\"brooks Cascadia 19 W peach echo chateau white 1204461B812\"},{\"@type\":\"BreadcrumbList\",\"@id\":\"https:\/\/www.miomiorun.com\/es\/producto\/cascadia-19-mujer\/#breadcrumb\",\"itemListElement\":[{\"@type\":\"ListItem\",\"position\":1,\"name\":\"Home\",\"item\":\"https:\/\/www.miomiorun.com\/es\/\"},{\"@type\":\"ListItem\",\"position\":2,\"name\":\"Shop\",\"item\":\"https:\/\/www.miomiorun.com\/shop\/\"},{\"@type\":\"ListItem\",\"position\":3,\"name\":\"Cascadia 19 mujer\"}]},{\"@type\":\"WebSite\",\"@id\":\"https:\/\/www.miomiorun.com\/es\/#website\",\"url\":\"https:\/\/www.miomiorun.com\/es\/\",\"name\":\"MioMioRun\",\"description\":\"Tienda 100% running y trail\",\"publisher\":{\"@id\":\"https:\/\/www.miomiorun.com\/es\/#organization\"},\"potentialAction\":[{\"@type\":\"SearchAction\",\"target\":{\"@type\":\"EntryPoint\",\"urlTemplate\":\"https:\/\/www.miomiorun.com\/es\/?s={search_term_string}\"},\"query-input\":{\"@type\":\"PropertyValueSpecification\",\"valueRequired\":true,\"valueName\":\"search_term_string\"}}],\"inLanguage\":\"es-ES\"},{\"@type\":\"Organization\",\"@id\":\"https:\/\/www.miomiorun.com\/es\/#organization\",\"name\":\"MioMio Run\",\"url\":\"https:\/\/www.miomiorun.com\/es\/\",\"logo\":{\"@type\":\"ImageObject\",\"inLanguage\":\"es-ES\",\"@id\":\"https:\/\/www.miomiorun.com\/es\/#\/schema\/logo\/image\/\",\"url\":\"https:\/\/www.miomiorun.com\/app\/uploads\/2019\/12\/logomio.png\",\"contentUrl\":\"https:\/\/www.miomiorun.com\/app\/uploads\/2019\/12\/logomio.png\",\"width\":115,\"height\":82,\"caption\":\"MioMio Run\"},\"image\":{\"@id\":\"https:\/\/www.miomiorun.com\/es\/#\/schema\/logo\/image\/\"},\"sameAs\":[\"https:\/\/www.facebook.com\/miomiorun\/\",\"https:\/\/www.instagram.com\/miomiorun\/\"]}]}<\/script>\n<!-- \/ Yoast SEO plugin. -->","yoast_head_json":{"title":"Brooks Cascadia 19 mujer - zapatillas de trail mujer - MioMioRun.com","description":"Descubre las Brooks Cascadia 19 para mujer: unas zapatillas de trail estables, con amortiguaci\u00f3n y aptas para cualquier terreno. Comodidad, tracci\u00f3n y protecci\u00f3n para tus aventuras en la monta\u00f1a.","robots":{"index":"index","follow":"follow","max-snippet":"max-snippet:-1","max-image-preview":"max-image-preview:large","max-video-preview":"max-video-preview:-1"},"canonical":"https:\/\/www.miomiorun.com\/es\/producto\/cascadia-19-mujer\/","og_locale":"es_ES","og_type":"article","og_title":"Brooks Cascadia 19 mujer - zapatillas de trail mujer - MioMioRun.com","og_description":"Descubre las Brooks Cascadia 19 para mujer: unas zapatillas de trail estables, con amortiguaci\u00f3n y aptas para cualquier terreno. Comodidad, tracci\u00f3n y protecci\u00f3n para tus aventuras en la monta\u00f1a.","og_url":"https:\/\/www.miomiorun.com\/es\/producto\/cascadia-19-mujer\/","og_site_name":"MioMioRun","article_publisher":"https:\/\/www.facebook.com\/miomiorun\/","article_modified_time":"2026-04-14T14:13:27+00:00","og_image":[{"width":720,"height":720,"url":"https:\/\/www.miomiorun.com\/app\/uploads\/2026\/02\/brooks-Cascadia-19-W-peach-echo-chateau-white-1204461B812.webp","type":"image\/webp"}],"twitter_card":"summary_large_image","twitter_misc":{"Est. reading time":"1 minute"},"schema":{"@context":"https:\/\/schema.org","@graph":[{"@type":"WebPage","@id":"https:\/\/www.miomiorun.com\/es\/producto\/cascadia-19-mujer\/","url":"https:\/\/www.miomiorun.com\/es\/producto\/cascadia-19-mujer\/","name":"Brooks Cascadia 19 mujer - zapatillas de trail mujer - MioMioRun.com","isPartOf":{"@id":"https:\/\/www.miomiorun.com\/es\/#website"},"primaryImageOfPage":{"@id":"https:\/\/www.miomiorun.com\/es\/producto\/cascadia-19-mujer\/#primaryimage"},"image":{"@id":"https:\/\/www.miomiorun.com\/es\/producto\/cascadia-19-mujer\/#primaryimage"},"thumbnailUrl":"https:\/\/www.miomiorun.com\/app\/uploads\/2026\/02\/brooks-Cascadia-19-W-peach-echo-chateau-white-1204461B812.webp","datePublished":"2025-07-10T08:33:02+00:00","dateModified":"2026-04-14T14:13:27+00:00","description":"Descubre las Brooks Cascadia 19 para mujer: unas zapatillas de trail estables, con amortiguaci\u00f3n y aptas para cualquier terreno. Comodidad, tracci\u00f3n y protecci\u00f3n para tus aventuras en la monta\u00f1a.","breadcrumb":{"@id":"https:\/\/www.miomiorun.com\/es\/producto\/cascadia-19-mujer\/#breadcrumb"},"inLanguage":"es-ES","potentialAction":[{"@type":"ReadAction","target":["https:\/\/www.miomiorun.com\/es\/producto\/cascadia-19-mujer\/"]}]},{"@type":"ImageObject","inLanguage":"es-ES","@id":"https:\/\/www.miomiorun.com\/es\/producto\/cascadia-19-mujer\/#primaryimage","url":"https:\/\/www.miomiorun.com\/app\/uploads\/2026\/02\/brooks-Cascadia-19-W-peach-echo-chateau-white-1204461B812.webp","contentUrl":"https:\/\/www.miomiorun.com\/app\/uploads\/2026\/02\/brooks-Cascadia-19-W-peach-echo-chateau-white-1204461B812.webp","width":720,"height":720,"caption":"brooks Cascadia 19 W peach echo chateau white 1204461B812"},{"@type":"BreadcrumbList","@id":"https:\/\/www.miomiorun.com\/es\/producto\/cascadia-19-mujer\/#breadcrumb","itemListElement":[{"@type":"ListItem","position":1,"name":"Home","item":"https:\/\/www.miomiorun.com\/es\/"},{"@type":"ListItem","position":2,"name":"Shop","item":"https:\/\/www.miomiorun.com\/shop\/"},{"@type":"ListItem","position":3,"name":"Cascadia 19 mujer"}]},{"@type":"WebSite","@id":"https:\/\/www.miomiorun.com\/es\/#website","url":"https:\/\/www.miomiorun.com\/es\/","name":"MioMioRun","description":"Tienda 100% running y trail","publisher":{"@id":"https:\/\/www.miomiorun.com\/es\/#organization"},"potentialAction":[{"@type":"SearchAction","target":{"@type":"EntryPoint","urlTemplate":"https:\/\/www.miomiorun.com\/es\/?s={search_term_string}"},"query-input":{"@type":"PropertyValueSpecification","valueRequired":true,"valueName":"search_term_string"}}],"inLanguage":"es-ES"},{"@type":"Organization","@id":"https:\/\/www.miomiorun.com\/es\/#organization","name":"MioMio Run","url":"https:\/\/www.miomiorun.com\/es\/","logo":{"@type":"ImageObject","inLanguage":"es-ES","@id":"https:\/\/www.miomiorun.com\/es\/#\/schema\/logo\/image\/","url":"https:\/\/www.miomiorun.com\/app\/uploads\/2019\/12\/logomio.png","contentUrl":"https:\/\/www.miomiorun.com\/app\/uploads\/2019\/12\/logomio.png","width":115,"height":82,"caption":"MioMio Run"},"image":{"@id":"https:\/\/www.miomiorun.com\/es\/#\/schema\/logo\/image\/"},"sameAs":["https:\/\/www.facebook.com\/miomiorun\/","https:\/\/www.instagram.com\/miomiorun\/"]}]}},"_links":{"self":[{"href":"https:\/\/www.miomiorun.com\/es\/wp-json\/wp\/v2\/product\/323825","targetHints":{"allow":["GET"]}}],"collection":[{"href":"https:\/\/www.miomiorun.com\/es\/wp-json\/wp\/v2\/product"}],"about":[{"href":"https:\/\/www.miomiorun.com\/es\/wp-json\/wp\/v2\/types\/product"}],"wp:featuredmedia":[{"embeddable":true,"href":"https:\/\/www.miomiorun.com\/es\/wp-json\/wp\/v2\/media\/402838"}],"wp:attachment":[{"href":"https:\/\/www.miomiorun.com\/es\/wp-json\/wp\/v2\/media?parent=323825"}],"wp:term":[{"taxonomy":"product_brand","embeddable":true,"href":"https:\/\/www.miomiorun.com\/es\/wp-json\/wp\/v2\/product_brand?post=323825"},{"taxonomy":"product_cat","embeddable":true,"href":"https:\/\/www.miomiorun.com\/es\/wp-json\/wp\/v2\/product_cat?post=323825"},{"taxonomy":"product_tag","embeddable":true,"href":"https:\/\/www.miomiorun.com\/es\/wp-json\/wp\/v2\/product_tag?post=323825"}],"curies":[{"name":"wp","href":"https:\/\/api.w.org\/{rel}","templated":true}]}}