{"id":323579,"date":"2025-07-10T10:14:49","date_gmt":"2025-07-10T08:14:49","guid":{"rendered":"https:\/\/miomiorun.com\/?post_type=product&#038;p=323579"},"modified":"2026-03-23T17:14:27","modified_gmt":"2026-03-23T16:14:27","slug":"hyperion-elite-5","status":"publish","type":"product","link":"https:\/\/www.miomiorun.com\/es\/producto\/hyperion-elite-5\/","title":{"rendered":"Hyperion Elite 5"},"content":{"rendered":"<div class=\"vc-row container\"><div class=\"vc-column\"><div class=\"vc-column-text\"><\/p>\n<h4>Especificaciones t\u00e9cnicas<\/h4>\n<p>Categor\u00eda: placa de carbono<br \/>\nDesplazamiento: 8 mm<br \/>\nPeso: 195,6 g<br \/>\nIdeal para: ideal para atletas r\u00e1pidos y ligeros en competiciones de media y larga distancia; gracias a su amortiguaci\u00f3n DNA Flash V2 con infusi\u00f3n de nitr\u00f3geno y a la placa de carbono, proporciona retorno de energ\u00eda incluso en largas distancias.<br \/>\nPeso del atleta: &lt; 70 kg<br \/>\nRitmo de carrera: &lt; 4,30 min\/km<br \/>\n<a href=\"https:\/\/miomiorun.com\/guida-alle-specifiche-tecniche\/\">Gu\u00eda de especificaciones t\u00e9cnicas<\/a><\/p>\n<p><\/div><\/div><div class=\"vc-column\"><div class=\"vc-column-text\"><\/p>\n<p data-start=\"300\" data-end=\"607\">Afront\u00e1 la carrera sin miedo con las nuevas <strong data-start=\"342\" data-end=\"369\">Brooks Hyperion Elite 5<\/strong>, las zapatillas dise\u00f1adas para acompa\u00f1arte al m\u00e1ximo de tu rendimiento en el d\u00eda m\u00e1s importante. Desarrolladas y probadas junto con atletas profesionales, combinan innovaci\u00f3n, ligereza y reactividad en un dise\u00f1o de competici\u00f3n de alto rendimiento.<\/p>\n<p data-start=\"609\" data-end=\"1087\">La suela <strong data-start=\"620\" data-end=\"642\">DNA GOLD 100 % PEBA<\/strong> es la m\u00e1s ligera y reactiva jam\u00e1s fabricada por Brooks: ofrece una sensaci\u00f3n de ligereza como el aire y un retorno de energ\u00eda superior, para que vueles hacia la meta. El coraz\u00f3n propulsor de la zapatilla es la <strong data-start=\"852\" data-end=\"880\">placa SpeedVault Race+<\/strong> de fibra de carbono Arris\u00ae, calibrada individualmente para cada zapatilla: una tecnolog\u00eda de precisi\u00f3n que reduce el peso y optimiza la rigidez y la flexibilidad, mejorando el ritmo y la eficiencia paso a paso.<\/p>\n<p data-start=\"1089\" data-end=\"1381\">La parte superior, a\u00fan m\u00e1s ligera y fina, se adapta como una segunda piel. Los <strong data-start=\"1169\" data-end=\"1201\">ojales de silicona de los cordones<\/strong> y la estructura totalmente moldeada en TPU permiten un ajuste estable y ce\u00f1ido, para una conexi\u00f3n total entre el pie y la zapatilla, fundamental en los momentos decisivos de la carrera.<\/p>\n<p data-start=\"1383\" data-end=\"1498\">Perfecta para la competici\u00f3n, la Hyperion Elite 5 es tu aliada ideal para darlo todo cuando realmente importa.<\/p>\n<p><\/div><\/div><\/div>\n","protected":false},"excerpt":{"rendered":"<ul>\n<li class=\"m-long-description__feature\">\n<div class=\"m-long-description__feature-text\">Amortiguaci\u00f3n PEBA ultraligera<\/div>\n<\/li>\n<li class=\"m-long-description__feature\">\n<div class=\"m-long-description__feature-text\">Placa de propulsi\u00f3n calibrada<\/div>\n<\/li>\n<li class=\"m-long-description__feature\">\n<div class=\"m-long-description__feature-text\">Lista para la competici\u00f3n<\/div>\n<\/li>\n<\/ul>\n","protected":false},"featured_media":400727,"template":"","meta":{"_acf_changed":false,"inline_featured_image":false},"product_brand":[],"product_cat":[24227,24454,24228,24453],"product_tag":[23463,23661,23664],"class_list":{"0":"post-323579","1":"product","2":"type-product","3":"status-publish","4":"has-post-thumbnail","6":"product_cat-calzado-femenino","7":"product_cat-calzado-para-hombre","8":"product_cat-neutre-es","9":"product_cat-neutre-es-3","10":"product_tag-brooks-es","11":"product_tag-brooks-hombre","12":"product_tag-brooks-mujer","13":"pa_attivita-running-es","14":"pa_colore-hyperion-elite-5-limpet-black-green-geck","15":"pa_colore-hyperion-elite-5-luminary-yellow-gray","16":"pa_colore-hyperion-elite-5-pink-clay-atomizer-blue-es","17":"pa_marca-brooks-es","18":"pa_sesso-hombre","19":"pa_sesso-mujer","20":"pa_size-41-es","21":"pa_size-42-es","22":"pa_size-42-5-es","23":"pa_size-43-es","24":"pa_size-44-es","25":"pa_size-44-5-es","26":"pa_size-45-es","27":"pa_size-45-5-es","29":"first","30":"instock","31":"sale","32":"taxable","33":"shipping-taxable","34":"purchasable","35":"product-type-variable","36":"wvs-archive-product-wrapper"},"acf":[],"yoast_head":"<!-- This site is optimized with the Yoast SEO plugin v26.8 - https:\/\/yoast.com\/product\/yoast-seo-wordpress\/ -->\n<title>Brooks Hyperion Elite 5 - zapatillas de running - MioMioRun.com<\/title>\n<meta name=\"description\" content=\"Hyperion Elite 5: zapatilla de competici\u00f3n ultraligera y reactiva, probada por profesionales. Amortiguaci\u00f3n DNA GOLD y placa de carbono para un rendimiento \u00f3ptimo\" \/>\n<meta name=\"robots\" content=\"index, follow, max-snippet:-1, max-image-preview:large, max-video-preview:-1\" \/>\n<link rel=\"canonical\" href=\"https:\/\/www.miomiorun.com\/es\/producto\/hyperion-elite-5\/\" \/>\n<meta property=\"og:locale\" content=\"es_ES\" \/>\n<meta property=\"og:type\" content=\"article\" \/>\n<meta property=\"og:title\" content=\"Brooks Hyperion Elite 5 - zapatillas de running - MioMioRun.com\" \/>\n<meta property=\"og:description\" content=\"Hyperion Elite 5: zapatilla de competici\u00f3n ultraligera y reactiva, probada por profesionales. Amortiguaci\u00f3n DNA GOLD y placa de carbono para un rendimiento \u00f3ptimo\" \/>\n<meta property=\"og:url\" content=\"https:\/\/www.miomiorun.com\/es\/producto\/hyperion-elite-5\/\" \/>\n<meta property=\"og:site_name\" content=\"MioMioRun\" \/>\n<meta property=\"article:publisher\" content=\"https:\/\/www.facebook.com\/miomiorun\/\" \/>\n<meta property=\"article:modified_time\" content=\"2026-03-23T16:14:27+00:00\" \/>\n<meta property=\"og:image\" content=\"https:\/\/www.miomiorun.com\/app\/uploads\/2026\/02\/brooks-Hyperion-Elite-5-limpet-black-green-geck-1000491D411.webp\" \/>\n\t<meta property=\"og:image:width\" content=\"720\" \/>\n\t<meta property=\"og:image:height\" content=\"720\" \/>\n\t<meta property=\"og:image:type\" content=\"image\/webp\" \/>\n<meta name=\"twitter:card\" content=\"summary_large_image\" \/>\n<meta name=\"twitter:label1\" content=\"Est. reading time\" \/>\n\t<meta name=\"twitter:data1\" content=\"2 minutes\" \/>\n<script type=\"application\/ld+json\" class=\"yoast-schema-graph\">{\"@context\":\"https:\/\/schema.org\",\"@graph\":[{\"@type\":\"WebPage\",\"@id\":\"https:\/\/www.miomiorun.com\/es\/producto\/hyperion-elite-5\/\",\"url\":\"https:\/\/www.miomiorun.com\/es\/producto\/hyperion-elite-5\/\",\"name\":\"Brooks Hyperion Elite 5 - zapatillas de running - MioMioRun.com\",\"isPartOf\":{\"@id\":\"https:\/\/www.miomiorun.com\/es\/#website\"},\"primaryImageOfPage\":{\"@id\":\"https:\/\/www.miomiorun.com\/es\/producto\/hyperion-elite-5\/#primaryimage\"},\"image\":{\"@id\":\"https:\/\/www.miomiorun.com\/es\/producto\/hyperion-elite-5\/#primaryimage\"},\"thumbnailUrl\":\"https:\/\/www.miomiorun.com\/app\/uploads\/2026\/02\/brooks-Hyperion-Elite-5-limpet-black-green-geck-1000491D411.webp\",\"datePublished\":\"2025-07-10T08:14:49+00:00\",\"dateModified\":\"2026-03-23T16:14:27+00:00\",\"description\":\"Hyperion Elite 5: zapatilla de competici\u00f3n ultraligera y reactiva, probada por profesionales. Amortiguaci\u00f3n DNA GOLD y placa de carbono para un rendimiento \u00f3ptimo\",\"breadcrumb\":{\"@id\":\"https:\/\/www.miomiorun.com\/es\/producto\/hyperion-elite-5\/#breadcrumb\"},\"inLanguage\":\"es-ES\",\"potentialAction\":[{\"@type\":\"ReadAction\",\"target\":[\"https:\/\/www.miomiorun.com\/es\/producto\/hyperion-elite-5\/\"]}]},{\"@type\":\"ImageObject\",\"inLanguage\":\"es-ES\",\"@id\":\"https:\/\/www.miomiorun.com\/es\/producto\/hyperion-elite-5\/#primaryimage\",\"url\":\"https:\/\/www.miomiorun.com\/app\/uploads\/2026\/02\/brooks-Hyperion-Elite-5-limpet-black-green-geck-1000491D411.webp\",\"contentUrl\":\"https:\/\/www.miomiorun.com\/app\/uploads\/2026\/02\/brooks-Hyperion-Elite-5-limpet-black-green-geck-1000491D411.webp\",\"width\":720,\"height\":720,\"caption\":\"brooks Hyperion Elite 5 limpet black green geck 1000491D411\"},{\"@type\":\"BreadcrumbList\",\"@id\":\"https:\/\/www.miomiorun.com\/es\/producto\/hyperion-elite-5\/#breadcrumb\",\"itemListElement\":[{\"@type\":\"ListItem\",\"position\":1,\"name\":\"Home\",\"item\":\"https:\/\/www.miomiorun.com\/es\/\"},{\"@type\":\"ListItem\",\"position\":2,\"name\":\"Shop\",\"item\":\"https:\/\/www.miomiorun.com\/shop\/\"},{\"@type\":\"ListItem\",\"position\":3,\"name\":\"Hyperion Elite 5\"}]},{\"@type\":\"WebSite\",\"@id\":\"https:\/\/www.miomiorun.com\/es\/#website\",\"url\":\"https:\/\/www.miomiorun.com\/es\/\",\"name\":\"MioMioRun\",\"description\":\"Tienda 100% running y trail\",\"publisher\":{\"@id\":\"https:\/\/www.miomiorun.com\/es\/#organization\"},\"potentialAction\":[{\"@type\":\"SearchAction\",\"target\":{\"@type\":\"EntryPoint\",\"urlTemplate\":\"https:\/\/www.miomiorun.com\/es\/?s={search_term_string}\"},\"query-input\":{\"@type\":\"PropertyValueSpecification\",\"valueRequired\":true,\"valueName\":\"search_term_string\"}}],\"inLanguage\":\"es-ES\"},{\"@type\":\"Organization\",\"@id\":\"https:\/\/www.miomiorun.com\/es\/#organization\",\"name\":\"MioMio Run\",\"url\":\"https:\/\/www.miomiorun.com\/es\/\",\"logo\":{\"@type\":\"ImageObject\",\"inLanguage\":\"es-ES\",\"@id\":\"https:\/\/www.miomiorun.com\/es\/#\/schema\/logo\/image\/\",\"url\":\"https:\/\/www.miomiorun.com\/app\/uploads\/2019\/12\/logomio.png\",\"contentUrl\":\"https:\/\/www.miomiorun.com\/app\/uploads\/2019\/12\/logomio.png\",\"width\":115,\"height\":82,\"caption\":\"MioMio Run\"},\"image\":{\"@id\":\"https:\/\/www.miomiorun.com\/es\/#\/schema\/logo\/image\/\"},\"sameAs\":[\"https:\/\/www.facebook.com\/miomiorun\/\",\"https:\/\/www.instagram.com\/miomiorun\/\"]}]}<\/script>\n<!-- \/ Yoast SEO plugin. -->","yoast_head_json":{"title":"Brooks Hyperion Elite 5 - zapatillas de running - MioMioRun.com","description":"Hyperion Elite 5: zapatilla de competici\u00f3n ultraligera y reactiva, probada por profesionales. Amortiguaci\u00f3n DNA GOLD y placa de carbono para un rendimiento \u00f3ptimo","robots":{"index":"index","follow":"follow","max-snippet":"max-snippet:-1","max-image-preview":"max-image-preview:large","max-video-preview":"max-video-preview:-1"},"canonical":"https:\/\/www.miomiorun.com\/es\/producto\/hyperion-elite-5\/","og_locale":"es_ES","og_type":"article","og_title":"Brooks Hyperion Elite 5 - zapatillas de running - MioMioRun.com","og_description":"Hyperion Elite 5: zapatilla de competici\u00f3n ultraligera y reactiva, probada por profesionales. Amortiguaci\u00f3n DNA GOLD y placa de carbono para un rendimiento \u00f3ptimo","og_url":"https:\/\/www.miomiorun.com\/es\/producto\/hyperion-elite-5\/","og_site_name":"MioMioRun","article_publisher":"https:\/\/www.facebook.com\/miomiorun\/","article_modified_time":"2026-03-23T16:14:27+00:00","og_image":[{"width":720,"height":720,"url":"https:\/\/www.miomiorun.com\/app\/uploads\/2026\/02\/brooks-Hyperion-Elite-5-limpet-black-green-geck-1000491D411.webp","type":"image\/webp"}],"twitter_card":"summary_large_image","twitter_misc":{"Est. reading time":"2 minutes"},"schema":{"@context":"https:\/\/schema.org","@graph":[{"@type":"WebPage","@id":"https:\/\/www.miomiorun.com\/es\/producto\/hyperion-elite-5\/","url":"https:\/\/www.miomiorun.com\/es\/producto\/hyperion-elite-5\/","name":"Brooks Hyperion Elite 5 - zapatillas de running - MioMioRun.com","isPartOf":{"@id":"https:\/\/www.miomiorun.com\/es\/#website"},"primaryImageOfPage":{"@id":"https:\/\/www.miomiorun.com\/es\/producto\/hyperion-elite-5\/#primaryimage"},"image":{"@id":"https:\/\/www.miomiorun.com\/es\/producto\/hyperion-elite-5\/#primaryimage"},"thumbnailUrl":"https:\/\/www.miomiorun.com\/app\/uploads\/2026\/02\/brooks-Hyperion-Elite-5-limpet-black-green-geck-1000491D411.webp","datePublished":"2025-07-10T08:14:49+00:00","dateModified":"2026-03-23T16:14:27+00:00","description":"Hyperion Elite 5: zapatilla de competici\u00f3n ultraligera y reactiva, probada por profesionales. Amortiguaci\u00f3n DNA GOLD y placa de carbono para un rendimiento \u00f3ptimo","breadcrumb":{"@id":"https:\/\/www.miomiorun.com\/es\/producto\/hyperion-elite-5\/#breadcrumb"},"inLanguage":"es-ES","potentialAction":[{"@type":"ReadAction","target":["https:\/\/www.miomiorun.com\/es\/producto\/hyperion-elite-5\/"]}]},{"@type":"ImageObject","inLanguage":"es-ES","@id":"https:\/\/www.miomiorun.com\/es\/producto\/hyperion-elite-5\/#primaryimage","url":"https:\/\/www.miomiorun.com\/app\/uploads\/2026\/02\/brooks-Hyperion-Elite-5-limpet-black-green-geck-1000491D411.webp","contentUrl":"https:\/\/www.miomiorun.com\/app\/uploads\/2026\/02\/brooks-Hyperion-Elite-5-limpet-black-green-geck-1000491D411.webp","width":720,"height":720,"caption":"brooks Hyperion Elite 5 limpet black green geck 1000491D411"},{"@type":"BreadcrumbList","@id":"https:\/\/www.miomiorun.com\/es\/producto\/hyperion-elite-5\/#breadcrumb","itemListElement":[{"@type":"ListItem","position":1,"name":"Home","item":"https:\/\/www.miomiorun.com\/es\/"},{"@type":"ListItem","position":2,"name":"Shop","item":"https:\/\/www.miomiorun.com\/shop\/"},{"@type":"ListItem","position":3,"name":"Hyperion Elite 5"}]},{"@type":"WebSite","@id":"https:\/\/www.miomiorun.com\/es\/#website","url":"https:\/\/www.miomiorun.com\/es\/","name":"MioMioRun","description":"Tienda 100% running y trail","publisher":{"@id":"https:\/\/www.miomiorun.com\/es\/#organization"},"potentialAction":[{"@type":"SearchAction","target":{"@type":"EntryPoint","urlTemplate":"https:\/\/www.miomiorun.com\/es\/?s={search_term_string}"},"query-input":{"@type":"PropertyValueSpecification","valueRequired":true,"valueName":"search_term_string"}}],"inLanguage":"es-ES"},{"@type":"Organization","@id":"https:\/\/www.miomiorun.com\/es\/#organization","name":"MioMio Run","url":"https:\/\/www.miomiorun.com\/es\/","logo":{"@type":"ImageObject","inLanguage":"es-ES","@id":"https:\/\/www.miomiorun.com\/es\/#\/schema\/logo\/image\/","url":"https:\/\/www.miomiorun.com\/app\/uploads\/2019\/12\/logomio.png","contentUrl":"https:\/\/www.miomiorun.com\/app\/uploads\/2019\/12\/logomio.png","width":115,"height":82,"caption":"MioMio Run"},"image":{"@id":"https:\/\/www.miomiorun.com\/es\/#\/schema\/logo\/image\/"},"sameAs":["https:\/\/www.facebook.com\/miomiorun\/","https:\/\/www.instagram.com\/miomiorun\/"]}]}},"_links":{"self":[{"href":"https:\/\/www.miomiorun.com\/es\/wp-json\/wp\/v2\/product\/323579","targetHints":{"allow":["GET"]}}],"collection":[{"href":"https:\/\/www.miomiorun.com\/es\/wp-json\/wp\/v2\/product"}],"about":[{"href":"https:\/\/www.miomiorun.com\/es\/wp-json\/wp\/v2\/types\/product"}],"wp:featuredmedia":[{"embeddable":true,"href":"https:\/\/www.miomiorun.com\/es\/wp-json\/wp\/v2\/media\/400727"}],"wp:attachment":[{"href":"https:\/\/www.miomiorun.com\/es\/wp-json\/wp\/v2\/media?parent=323579"}],"wp:term":[{"taxonomy":"product_brand","embeddable":true,"href":"https:\/\/www.miomiorun.com\/es\/wp-json\/wp\/v2\/product_brand?post=323579"},{"taxonomy":"product_cat","embeddable":true,"href":"https:\/\/www.miomiorun.com\/es\/wp-json\/wp\/v2\/product_cat?post=323579"},{"taxonomy":"product_tag","embeddable":true,"href":"https:\/\/www.miomiorun.com\/es\/wp-json\/wp\/v2\/product_tag?post=323579"}],"curies":[{"name":"wp","href":"https:\/\/api.w.org\/{rel}","templated":true}]}}