{"id":323173,"date":"2025-07-05T16:58:37","date_gmt":"2025-07-05T14:58:37","guid":{"rendered":"https:\/\/miomiorun.com\/?post_type=product&#038;p=323173"},"modified":"2026-03-04T16:13:49","modified_gmt":"2026-03-04T15:13:49","slug":"hyperion-3-mujer","status":"publish","type":"product","link":"https:\/\/www.miomiorun.com\/es\/producto\/hyperion-3-mujer\/","title":{"rendered":"Hyperion 3 mujer"},"content":{"rendered":"<table style=\"border-collapse: collapse;width: 100%\">\n<tbody>\n<tr>\n<td style=\"width: 33.3333%;vertical-align: top;text-align: center\"><strong>Especificaciones t\u00e9cnicas<\/strong><\/p>\n<p>Categor\u00eda: amortiguaci\u00f3n reactiva.<br \/>\nOffset: 8 mm.<br \/>\nPeso: 207,0 g.<br \/>\nIdeal para: corredores con pisada neutra y planta media que buscan un modelo de zapatilla vers\u00e1til y ligero, para afrontar con soltura distancias medias y entrenamientos incluso de calidad.<br \/>\nPeso del atleta: 50-65 kg<br \/>\nRitmo de carrera: medio-r\u00e1pido (4,00-5,30 min\/km)<br \/>\n<a href=\"https:\/\/miomiorun.com\/guida-alle-specifiche-tecniche\/\">Gu\u00eda de especificaciones t\u00e9cnicas<\/a><\/td>\n<td style=\"width: 66.6666%;vertical-align: top;text-align: center\">\n<p data-start=\"290\" data-end=\"631\">Dise\u00f1ada para quienes aman darlo todo, la nueva <strong data-start=\"343\" data-end=\"365\">Hyperion 3 para mujer<\/strong> de Brooks es la zapatilla que te permite volar, con una combinaci\u00f3n imbatible de ligereza, reactividad y comodidad. Perfecto para carreras r\u00e1pidas y entrenamientos intensos, ofrece un rendimiento vers\u00e1til que lo convierte en un aliado ideal tambi\u00e9n para tus salidas diarias.<\/p>\n<p data-start=\"633\" data-end=\"1117\">Su extraordinaria <strong data-start=\"654\" data-end=\"706\">amortiguaci\u00f3n DNA FLASH v2 con infusi\u00f3n de nitr\u00f3geno<\/strong> es ultrarreactiva y \u00e1gil: 2 mm m\u00e1s de grosor que el modelo anterior proporcionan una mayor suavidad sin comprometer la velocidad, para una experiencia de carrera a toda potencia. Gracias a la combinaci\u00f3n de ligereza y amortiguaci\u00f3n, las Hyperion 3 te acompa\u00f1an a todas partes, afrontando de la mejor manera no solo la carrera, sino tambi\u00e9n los entrenamientos m\u00e1s exigentes y los retos de la vida cotidiana.<\/p>\n<p data-start=\"1119\" data-end=\"1447\">La ligera parte superior de malla transpirable envuelve el pie como una segunda piel, garantizando una excelente ventilaci\u00f3n y manteniendo el arco del pie perfectamente en su sitio gracias a un soporte preciso y seguro. El resultado es una comodidad duradera incluso cuando aumentas el ritmo, para una experiencia de carrera m\u00e1s natural y r\u00e1pida.<\/p>\n<p data-start=\"1449\" data-end=\"1651\">Con <strong data-start=\"1453\" data-end=\"1467\">Hyperion 3<\/strong>, cada paso est\u00e1 pensado para maximizar tu rendimiento: rapid\u00edsima, vers\u00e1til e incre\u00edblemente ligera, es la zapatilla que te permite perseguir y alcanzar todas tus metas.<\/p>\n<\/p>\n<\/td>\n<\/tr>\n<\/tbody>\n<\/table>\n<p>&nbsp;<\/p>\n","protected":false},"excerpt":{"rendered":"<ul>\n<li class=\"m-long-description__feature-text\">La palabra clave: velocidad<\/li>\n<li class=\"m-long-description__feature-text\">Rendimiento vers\u00e1til<\/li>\n<li class=\"m-long-description__feature-text\">Parte superior transpirable y ligera<\/li>\n<\/ul>\n","protected":false},"featured_media":402960,"template":"","meta":{"_acf_changed":false,"inline_featured_image":false},"product_brand":[],"product_cat":[24227,24228],"product_tag":[23463,23664],"class_list":{"0":"post-323173","1":"product","2":"type-product","3":"status-publish","4":"has-post-thumbnail","6":"product_cat-calzado-femenino","7":"product_cat-neutre-es","8":"product_tag-brooks-es","9":"product_tag-brooks-mujer","10":"pa_attivita-caminar","11":"pa_attivita-fitness-es","12":"pa_attivita-running-es","13":"pa_colore-hyperion-3-w-black-grey-white","14":"pa_colore-hyperion-3-w-white-luminary-cyber-pink","15":"pa_colore-hyperion-3-w-white-pink-clay-atomizer","16":"pa_marca-brooks-es","17":"pa_sesso-mujer","18":"pa_size-37-5-es","19":"pa_size-38-es","20":"pa_size-38-5-es","21":"pa_size-39-es","22":"pa_size-40-es","23":"pa_size-40-5-es","24":"pa_size-41-es","26":"first","27":"instock","28":"sale","29":"taxable","30":"shipping-taxable","31":"purchasable","32":"product-type-variable","33":"wvs-archive-product-wrapper"},"acf":[],"yoast_head":"<!-- This site is optimized with the Yoast SEO plugin v26.8 - https:\/\/yoast.com\/product\/yoast-seo-wordpress\/ -->\n<title>Brooks Hyperion 3 mujer - zapatillas de running mujer - MioMioRun.com<\/title>\n<meta name=\"description\" content=\"Brooks Hyperion 3 para mujer: zapatilla de running ultraligera con amortiguaci\u00f3n DNA FLASH v2 reactiva, parte superior transpirable y rendimiento vers\u00e1til para entrenamientos y carreras r\u00e1pidas.\" \/>\n<meta name=\"robots\" content=\"index, follow, max-snippet:-1, max-image-preview:large, max-video-preview:-1\" \/>\n<link rel=\"canonical\" href=\"https:\/\/www.miomiorun.com\/es\/producto\/hyperion-3-mujer\/\" \/>\n<meta property=\"og:locale\" content=\"es_ES\" \/>\n<meta property=\"og:type\" content=\"article\" \/>\n<meta property=\"og:title\" content=\"Brooks Hyperion 3 mujer - zapatillas de running mujer - MioMioRun.com\" \/>\n<meta property=\"og:description\" content=\"Brooks Hyperion 3 para mujer: zapatilla de running ultraligera con amortiguaci\u00f3n DNA FLASH v2 reactiva, parte superior transpirable y rendimiento vers\u00e1til para entrenamientos y carreras r\u00e1pidas.\" \/>\n<meta property=\"og:url\" content=\"https:\/\/www.miomiorun.com\/es\/producto\/hyperion-3-mujer\/\" \/>\n<meta property=\"og:site_name\" content=\"MioMioRun\" \/>\n<meta property=\"article:publisher\" content=\"https:\/\/www.facebook.com\/miomiorun\/\" \/>\n<meta property=\"article:modified_time\" content=\"2026-03-04T15:13:49+00:00\" \/>\n<meta property=\"og:image\" content=\"https:\/\/www.miomiorun.com\/app\/uploads\/2026\/02\/brooks-Hyperion-3-W-white-luminary-cyber-pink-1204531B189.webp\" \/>\n\t<meta property=\"og:image:width\" content=\"720\" \/>\n\t<meta property=\"og:image:height\" content=\"720\" \/>\n\t<meta property=\"og:image:type\" content=\"image\/webp\" \/>\n<meta name=\"twitter:card\" content=\"summary_large_image\" \/>\n<meta name=\"twitter:label1\" content=\"Est. reading time\" \/>\n\t<meta name=\"twitter:data1\" content=\"1 minute\" \/>\n<script type=\"application\/ld+json\" class=\"yoast-schema-graph\">{\"@context\":\"https:\/\/schema.org\",\"@graph\":[{\"@type\":\"WebPage\",\"@id\":\"https:\/\/www.miomiorun.com\/es\/producto\/hyperion-3-mujer\/\",\"url\":\"https:\/\/www.miomiorun.com\/es\/producto\/hyperion-3-mujer\/\",\"name\":\"Brooks Hyperion 3 mujer - zapatillas de running mujer - MioMioRun.com\",\"isPartOf\":{\"@id\":\"https:\/\/www.miomiorun.com\/es\/#website\"},\"primaryImageOfPage\":{\"@id\":\"https:\/\/www.miomiorun.com\/es\/producto\/hyperion-3-mujer\/#primaryimage\"},\"image\":{\"@id\":\"https:\/\/www.miomiorun.com\/es\/producto\/hyperion-3-mujer\/#primaryimage\"},\"thumbnailUrl\":\"https:\/\/www.miomiorun.com\/app\/uploads\/2026\/02\/brooks-Hyperion-3-W-white-luminary-cyber-pink-1204531B189.webp\",\"datePublished\":\"2025-07-05T14:58:37+00:00\",\"dateModified\":\"2026-03-04T15:13:49+00:00\",\"description\":\"Brooks Hyperion 3 para mujer: zapatilla de running ultraligera con amortiguaci\u00f3n DNA FLASH v2 reactiva, parte superior transpirable y rendimiento vers\u00e1til para entrenamientos y carreras r\u00e1pidas.\",\"breadcrumb\":{\"@id\":\"https:\/\/www.miomiorun.com\/es\/producto\/hyperion-3-mujer\/#breadcrumb\"},\"inLanguage\":\"es-ES\",\"potentialAction\":[{\"@type\":\"ReadAction\",\"target\":[\"https:\/\/www.miomiorun.com\/es\/producto\/hyperion-3-mujer\/\"]}]},{\"@type\":\"ImageObject\",\"inLanguage\":\"es-ES\",\"@id\":\"https:\/\/www.miomiorun.com\/es\/producto\/hyperion-3-mujer\/#primaryimage\",\"url\":\"https:\/\/www.miomiorun.com\/app\/uploads\/2026\/02\/brooks-Hyperion-3-W-white-luminary-cyber-pink-1204531B189.webp\",\"contentUrl\":\"https:\/\/www.miomiorun.com\/app\/uploads\/2026\/02\/brooks-Hyperion-3-W-white-luminary-cyber-pink-1204531B189.webp\",\"width\":720,\"height\":720,\"caption\":\"brooks Hyperion 3 W white luminary cyber pink 1204531B189\"},{\"@type\":\"BreadcrumbList\",\"@id\":\"https:\/\/www.miomiorun.com\/es\/producto\/hyperion-3-mujer\/#breadcrumb\",\"itemListElement\":[{\"@type\":\"ListItem\",\"position\":1,\"name\":\"Home\",\"item\":\"https:\/\/www.miomiorun.com\/es\/\"},{\"@type\":\"ListItem\",\"position\":2,\"name\":\"Shop\",\"item\":\"https:\/\/www.miomiorun.com\/shop\/\"},{\"@type\":\"ListItem\",\"position\":3,\"name\":\"Hyperion 3 mujer\"}]},{\"@type\":\"WebSite\",\"@id\":\"https:\/\/www.miomiorun.com\/es\/#website\",\"url\":\"https:\/\/www.miomiorun.com\/es\/\",\"name\":\"MioMioRun\",\"description\":\"Tienda 100% running y trail\",\"publisher\":{\"@id\":\"https:\/\/www.miomiorun.com\/es\/#organization\"},\"potentialAction\":[{\"@type\":\"SearchAction\",\"target\":{\"@type\":\"EntryPoint\",\"urlTemplate\":\"https:\/\/www.miomiorun.com\/es\/?s={search_term_string}\"},\"query-input\":{\"@type\":\"PropertyValueSpecification\",\"valueRequired\":true,\"valueName\":\"search_term_string\"}}],\"inLanguage\":\"es-ES\"},{\"@type\":\"Organization\",\"@id\":\"https:\/\/www.miomiorun.com\/es\/#organization\",\"name\":\"MioMio Run\",\"url\":\"https:\/\/www.miomiorun.com\/es\/\",\"logo\":{\"@type\":\"ImageObject\",\"inLanguage\":\"es-ES\",\"@id\":\"https:\/\/www.miomiorun.com\/es\/#\/schema\/logo\/image\/\",\"url\":\"https:\/\/www.miomiorun.com\/app\/uploads\/2019\/12\/logomio.png\",\"contentUrl\":\"https:\/\/www.miomiorun.com\/app\/uploads\/2019\/12\/logomio.png\",\"width\":115,\"height\":82,\"caption\":\"MioMio Run\"},\"image\":{\"@id\":\"https:\/\/www.miomiorun.com\/es\/#\/schema\/logo\/image\/\"},\"sameAs\":[\"https:\/\/www.facebook.com\/miomiorun\/\",\"https:\/\/www.instagram.com\/miomiorun\/\"]}]}<\/script>\n<!-- \/ Yoast SEO plugin. -->","yoast_head_json":{"title":"Brooks Hyperion 3 mujer - zapatillas de running mujer - MioMioRun.com","description":"Brooks Hyperion 3 para mujer: zapatilla de running ultraligera con amortiguaci\u00f3n DNA FLASH v2 reactiva, parte superior transpirable y rendimiento vers\u00e1til para entrenamientos y carreras r\u00e1pidas.","robots":{"index":"index","follow":"follow","max-snippet":"max-snippet:-1","max-image-preview":"max-image-preview:large","max-video-preview":"max-video-preview:-1"},"canonical":"https:\/\/www.miomiorun.com\/es\/producto\/hyperion-3-mujer\/","og_locale":"es_ES","og_type":"article","og_title":"Brooks Hyperion 3 mujer - zapatillas de running mujer - MioMioRun.com","og_description":"Brooks Hyperion 3 para mujer: zapatilla de running ultraligera con amortiguaci\u00f3n DNA FLASH v2 reactiva, parte superior transpirable y rendimiento vers\u00e1til para entrenamientos y carreras r\u00e1pidas.","og_url":"https:\/\/www.miomiorun.com\/es\/producto\/hyperion-3-mujer\/","og_site_name":"MioMioRun","article_publisher":"https:\/\/www.facebook.com\/miomiorun\/","article_modified_time":"2026-03-04T15:13:49+00:00","og_image":[{"width":720,"height":720,"url":"https:\/\/www.miomiorun.com\/app\/uploads\/2026\/02\/brooks-Hyperion-3-W-white-luminary-cyber-pink-1204531B189.webp","type":"image\/webp"}],"twitter_card":"summary_large_image","twitter_misc":{"Est. reading time":"1 minute"},"schema":{"@context":"https:\/\/schema.org","@graph":[{"@type":"WebPage","@id":"https:\/\/www.miomiorun.com\/es\/producto\/hyperion-3-mujer\/","url":"https:\/\/www.miomiorun.com\/es\/producto\/hyperion-3-mujer\/","name":"Brooks Hyperion 3 mujer - zapatillas de running mujer - MioMioRun.com","isPartOf":{"@id":"https:\/\/www.miomiorun.com\/es\/#website"},"primaryImageOfPage":{"@id":"https:\/\/www.miomiorun.com\/es\/producto\/hyperion-3-mujer\/#primaryimage"},"image":{"@id":"https:\/\/www.miomiorun.com\/es\/producto\/hyperion-3-mujer\/#primaryimage"},"thumbnailUrl":"https:\/\/www.miomiorun.com\/app\/uploads\/2026\/02\/brooks-Hyperion-3-W-white-luminary-cyber-pink-1204531B189.webp","datePublished":"2025-07-05T14:58:37+00:00","dateModified":"2026-03-04T15:13:49+00:00","description":"Brooks Hyperion 3 para mujer: zapatilla de running ultraligera con amortiguaci\u00f3n DNA FLASH v2 reactiva, parte superior transpirable y rendimiento vers\u00e1til para entrenamientos y carreras r\u00e1pidas.","breadcrumb":{"@id":"https:\/\/www.miomiorun.com\/es\/producto\/hyperion-3-mujer\/#breadcrumb"},"inLanguage":"es-ES","potentialAction":[{"@type":"ReadAction","target":["https:\/\/www.miomiorun.com\/es\/producto\/hyperion-3-mujer\/"]}]},{"@type":"ImageObject","inLanguage":"es-ES","@id":"https:\/\/www.miomiorun.com\/es\/producto\/hyperion-3-mujer\/#primaryimage","url":"https:\/\/www.miomiorun.com\/app\/uploads\/2026\/02\/brooks-Hyperion-3-W-white-luminary-cyber-pink-1204531B189.webp","contentUrl":"https:\/\/www.miomiorun.com\/app\/uploads\/2026\/02\/brooks-Hyperion-3-W-white-luminary-cyber-pink-1204531B189.webp","width":720,"height":720,"caption":"brooks Hyperion 3 W white luminary cyber pink 1204531B189"},{"@type":"BreadcrumbList","@id":"https:\/\/www.miomiorun.com\/es\/producto\/hyperion-3-mujer\/#breadcrumb","itemListElement":[{"@type":"ListItem","position":1,"name":"Home","item":"https:\/\/www.miomiorun.com\/es\/"},{"@type":"ListItem","position":2,"name":"Shop","item":"https:\/\/www.miomiorun.com\/shop\/"},{"@type":"ListItem","position":3,"name":"Hyperion 3 mujer"}]},{"@type":"WebSite","@id":"https:\/\/www.miomiorun.com\/es\/#website","url":"https:\/\/www.miomiorun.com\/es\/","name":"MioMioRun","description":"Tienda 100% running y trail","publisher":{"@id":"https:\/\/www.miomiorun.com\/es\/#organization"},"potentialAction":[{"@type":"SearchAction","target":{"@type":"EntryPoint","urlTemplate":"https:\/\/www.miomiorun.com\/es\/?s={search_term_string}"},"query-input":{"@type":"PropertyValueSpecification","valueRequired":true,"valueName":"search_term_string"}}],"inLanguage":"es-ES"},{"@type":"Organization","@id":"https:\/\/www.miomiorun.com\/es\/#organization","name":"MioMio Run","url":"https:\/\/www.miomiorun.com\/es\/","logo":{"@type":"ImageObject","inLanguage":"es-ES","@id":"https:\/\/www.miomiorun.com\/es\/#\/schema\/logo\/image\/","url":"https:\/\/www.miomiorun.com\/app\/uploads\/2019\/12\/logomio.png","contentUrl":"https:\/\/www.miomiorun.com\/app\/uploads\/2019\/12\/logomio.png","width":115,"height":82,"caption":"MioMio Run"},"image":{"@id":"https:\/\/www.miomiorun.com\/es\/#\/schema\/logo\/image\/"},"sameAs":["https:\/\/www.facebook.com\/miomiorun\/","https:\/\/www.instagram.com\/miomiorun\/"]}]}},"_links":{"self":[{"href":"https:\/\/www.miomiorun.com\/es\/wp-json\/wp\/v2\/product\/323173","targetHints":{"allow":["GET"]}}],"collection":[{"href":"https:\/\/www.miomiorun.com\/es\/wp-json\/wp\/v2\/product"}],"about":[{"href":"https:\/\/www.miomiorun.com\/es\/wp-json\/wp\/v2\/types\/product"}],"wp:featuredmedia":[{"embeddable":true,"href":"https:\/\/www.miomiorun.com\/es\/wp-json\/wp\/v2\/media\/402960"}],"wp:attachment":[{"href":"https:\/\/www.miomiorun.com\/es\/wp-json\/wp\/v2\/media?parent=323173"}],"wp:term":[{"taxonomy":"product_brand","embeddable":true,"href":"https:\/\/www.miomiorun.com\/es\/wp-json\/wp\/v2\/product_brand?post=323173"},{"taxonomy":"product_cat","embeddable":true,"href":"https:\/\/www.miomiorun.com\/es\/wp-json\/wp\/v2\/product_cat?post=323173"},{"taxonomy":"product_tag","embeddable":true,"href":"https:\/\/www.miomiorun.com\/es\/wp-json\/wp\/v2\/product_tag?post=323173"}],"curies":[{"name":"wp","href":"https:\/\/api.w.org\/{rel}","templated":true}]}}