{"id":323169,"date":"2025-07-05T16:59:09","date_gmt":"2025-07-05T14:59:09","guid":{"rendered":"https:\/\/miomiorun.com\/?post_type=product&#038;p=323169"},"modified":"2026-03-04T16:23:03","modified_gmt":"2026-03-04T15:23:03","slug":"hyperion-max-3-hombre","status":"publish","type":"product","link":"https:\/\/www.miomiorun.com\/es\/producto\/hyperion-max-3-hombre\/","title":{"rendered":"Hyperion Max 3 hombre"},"content":{"rendered":"<div class=\"vc-row container\"><div class=\"vc-column\"><div class=\"vc-column-text\"><\/p>\n<h4>Especificaciones t\u00e9cnicas<\/h4>\n<p>Categor\u00eda: Superamortiguaci\u00f3n.<br \/>\nOffset: 6 mm.<br \/>\nPeso: 230 g.<br \/>\nIdeal para: esta zapatilla, ideal para atletas r\u00e1pidos y para entrenamientos de competici\u00f3n, gracias a su amortiguaci\u00f3n DNA Flash, suave y reactiva, tambi\u00e9n se adapta bien a atletas con caracter\u00edsticas menos competitivas que buscan una zapatilla reactiva para entrenamientos de media y corta duraci\u00f3n.<br \/>\nPeso del atleta: &gt;50 kg<br \/>\nRitmo de carrera: &gt; 4,30 min\/km<br \/>\n<a href=\"https:\/\/miomiorun.com\/guida-alle-specifiche-tecniche\/\">Gu\u00eda de especificaciones t\u00e9cnicas<\/a><\/p>\n<p><\/div><\/div><div class=\"vc-column\"><div class=\"vc-column-text\"><\/p>\n<p>Mu\u00e9vete r\u00e1pido durante kil\u00f3metros y kil\u00f3metros. Las nuevas <strong>Brooks Hyperion Max 3 para hombre<\/strong> est\u00e1n pensadas para aquellos que quieren darlo todo en el entrenamiento sin renunciar a la comodidad y la protecci\u00f3n. La amortiguaci\u00f3n con stack elevado, combinada con la <strong data-start=\"443\" data-end=\"489\">placa de propulsi\u00f3n SpeedVault de nailon<\/strong>, te ofrece un apoyo suave pero reactivo, ayud\u00e1ndote a correr m\u00e1s r\u00e1pido y a recuperarte mejor despu\u00e9s de cada sesi\u00f3n.<\/p>\n<p>La innovadora combinaci\u00f3n de <strong>DNA FLASH v2 y DNA GOLD 100 %<\/strong> garantiza una sensaci\u00f3n de ligereza y diversi\u00f3n en cada paso, mientras que la geometr\u00eda curva <strong>RapidRoll Rocker<\/strong> favorece las transiciones r\u00e1pidas y asistidas desde el tal\u00f3n hasta la puntera, para un despegue inmediato y natural.<\/p>\n<p>La parte superior, de malla ligera y transpirable, se mantiene firme en el pie y ofrece estabilidad incluso a altas velocidades. El resultado es una zapatilla c\u00f3moda, r\u00e1pida y fiable, perfecta para carreras largas, entrenamientos intensos y sesiones de calidad.<\/p>\n<p>Las Hyperion Max 3 son el aliado ideal para quienes desean mejorar su rendimiento sin sacrificar la comodidad. Entrena al m\u00e1ximo, recup\u00e9rate mejor y supera cada d\u00eda un poco m\u00e1s tus l\u00edmites.<\/p>\n<p><\/div><\/div><\/div>\n","protected":false},"excerpt":{"rendered":"<ul class=\"m-long-description__features\">\n<li class=\"m-long-description__feature\">\n<div class=\"m-long-description__feature-text\">Dise\u00f1ados para la velocidad<\/div>\n<\/li>\n<li class=\"m-long-description__feature\">\n<div class=\"m-long-description__feature-text\">Transiciones r\u00e1pidas<\/div>\n<\/li>\n<li class=\"m-long-description__feature\">\n<div class=\"m-long-description__feature-text\">Ajuste ligero<\/div>\n<\/li>\n<\/ul>\n","protected":false},"featured_media":401523,"template":"","meta":{"_acf_changed":false,"inline_featured_image":false},"product_brand":[],"product_cat":[24454,24453],"product_tag":[23463,23661],"class_list":{"0":"post-323169","1":"product","2":"type-product","3":"status-publish","4":"has-post-thumbnail","6":"product_cat-calzado-para-hombre","7":"product_cat-neutre-es-3","8":"product_tag-brooks-es","9":"product_tag-brooks-hombre","10":"pa_attivita-running-es","11":"pa_colore-hyperion-max-3-coconut-green-gecko-pink-es","12":"pa_colore-hyperion-max-3-green-gecko-black-blue","13":"pa_colore-hyperion-max-3-luminary-cyber-yellow-bla","14":"pa_colore-hyperion-max-3-white-gray-mist-green","15":"pa_marca-brooks-es","16":"pa_sesso-hombre","17":"pa_size-41-es","18":"pa_size-42-es","19":"pa_size-42-5-es","20":"pa_size-43-es","21":"pa_size-44-es","22":"pa_size-44-5-es","23":"pa_size-45-es","24":"pa_size-45-5-es","25":"pa_size-46-es","27":"first","28":"instock","29":"sale","30":"taxable","31":"shipping-taxable","32":"purchasable","33":"product-type-variable","34":"wvs-archive-product-wrapper"},"acf":[],"yoast_head":"<!-- This site is optimized with the Yoast SEO plugin v26.8 - https:\/\/yoast.com\/product\/yoast-seo-wordpress\/ -->\n<title>Brooks Hyperion Max 3 hombre - zapatillas de correr - MioMioRun.com<\/title>\n<meta name=\"description\" content=\"Brooks Hyperion Max 3 para hombre: zapatillas de running ligeras y reactivas con gran amortiguaci\u00f3n y placa SpeedVault. Velocidad, comodidad y recuperaci\u00f3n r\u00e1pida.\" \/>\n<meta name=\"robots\" content=\"index, follow, max-snippet:-1, max-image-preview:large, max-video-preview:-1\" \/>\n<link rel=\"canonical\" href=\"https:\/\/www.miomiorun.com\/es\/producto\/hyperion-max-3-hombre\/\" \/>\n<meta property=\"og:locale\" content=\"es_ES\" \/>\n<meta property=\"og:type\" content=\"article\" \/>\n<meta property=\"og:title\" content=\"Brooks Hyperion Max 3 hombre - zapatillas de correr - MioMioRun.com\" \/>\n<meta property=\"og:description\" content=\"Brooks Hyperion Max 3 para hombre: zapatillas de running ligeras y reactivas con gran amortiguaci\u00f3n y placa SpeedVault. Velocidad, comodidad y recuperaci\u00f3n r\u00e1pida.\" \/>\n<meta property=\"og:url\" content=\"https:\/\/www.miomiorun.com\/es\/producto\/hyperion-max-3-hombre\/\" \/>\n<meta property=\"og:site_name\" content=\"MioMioRun\" \/>\n<meta property=\"article:publisher\" content=\"https:\/\/www.facebook.com\/miomiorun\/\" \/>\n<meta property=\"article:modified_time\" content=\"2026-03-04T15:23:03+00:00\" \/>\n<meta property=\"og:image\" content=\"https:\/\/www.miomiorun.com\/app\/uploads\/2026\/02\/brooks-Hyperion-Max-3-green-gecko-black-blue-1104671D318.webp\" \/>\n\t<meta property=\"og:image:width\" content=\"720\" \/>\n\t<meta property=\"og:image:height\" content=\"720\" \/>\n\t<meta property=\"og:image:type\" content=\"image\/webp\" \/>\n<meta name=\"twitter:card\" content=\"summary_large_image\" \/>\n<meta name=\"twitter:label1\" content=\"Est. reading time\" \/>\n\t<meta name=\"twitter:data1\" content=\"2 minutes\" \/>\n<script type=\"application\/ld+json\" class=\"yoast-schema-graph\">{\"@context\":\"https:\/\/schema.org\",\"@graph\":[{\"@type\":\"WebPage\",\"@id\":\"https:\/\/www.miomiorun.com\/es\/producto\/hyperion-max-3-hombre\/\",\"url\":\"https:\/\/www.miomiorun.com\/es\/producto\/hyperion-max-3-hombre\/\",\"name\":\"Brooks Hyperion Max 3 hombre - zapatillas de correr - MioMioRun.com\",\"isPartOf\":{\"@id\":\"https:\/\/www.miomiorun.com\/es\/#website\"},\"primaryImageOfPage\":{\"@id\":\"https:\/\/www.miomiorun.com\/es\/producto\/hyperion-max-3-hombre\/#primaryimage\"},\"image\":{\"@id\":\"https:\/\/www.miomiorun.com\/es\/producto\/hyperion-max-3-hombre\/#primaryimage\"},\"thumbnailUrl\":\"https:\/\/www.miomiorun.com\/app\/uploads\/2026\/02\/brooks-Hyperion-Max-3-green-gecko-black-blue-1104671D318.webp\",\"datePublished\":\"2025-07-05T14:59:09+00:00\",\"dateModified\":\"2026-03-04T15:23:03+00:00\",\"description\":\"Brooks Hyperion Max 3 para hombre: zapatillas de running ligeras y reactivas con gran amortiguaci\u00f3n y placa SpeedVault. Velocidad, comodidad y recuperaci\u00f3n r\u00e1pida.\",\"breadcrumb\":{\"@id\":\"https:\/\/www.miomiorun.com\/es\/producto\/hyperion-max-3-hombre\/#breadcrumb\"},\"inLanguage\":\"es-ES\",\"potentialAction\":[{\"@type\":\"ReadAction\",\"target\":[\"https:\/\/www.miomiorun.com\/es\/producto\/hyperion-max-3-hombre\/\"]}]},{\"@type\":\"ImageObject\",\"inLanguage\":\"es-ES\",\"@id\":\"https:\/\/www.miomiorun.com\/es\/producto\/hyperion-max-3-hombre\/#primaryimage\",\"url\":\"https:\/\/www.miomiorun.com\/app\/uploads\/2026\/02\/brooks-Hyperion-Max-3-green-gecko-black-blue-1104671D318.webp\",\"contentUrl\":\"https:\/\/www.miomiorun.com\/app\/uploads\/2026\/02\/brooks-Hyperion-Max-3-green-gecko-black-blue-1104671D318.webp\",\"width\":720,\"height\":720,\"caption\":\"brooks Hyperion Max 3 green gecko black blue 1104671D318\"},{\"@type\":\"BreadcrumbList\",\"@id\":\"https:\/\/www.miomiorun.com\/es\/producto\/hyperion-max-3-hombre\/#breadcrumb\",\"itemListElement\":[{\"@type\":\"ListItem\",\"position\":1,\"name\":\"Home\",\"item\":\"https:\/\/www.miomiorun.com\/es\/\"},{\"@type\":\"ListItem\",\"position\":2,\"name\":\"Shop\",\"item\":\"https:\/\/www.miomiorun.com\/shop\/\"},{\"@type\":\"ListItem\",\"position\":3,\"name\":\"Hyperion Max 3 hombre\"}]},{\"@type\":\"WebSite\",\"@id\":\"https:\/\/www.miomiorun.com\/es\/#website\",\"url\":\"https:\/\/www.miomiorun.com\/es\/\",\"name\":\"MioMioRun\",\"description\":\"Tienda 100% running y trail\",\"publisher\":{\"@id\":\"https:\/\/www.miomiorun.com\/es\/#organization\"},\"potentialAction\":[{\"@type\":\"SearchAction\",\"target\":{\"@type\":\"EntryPoint\",\"urlTemplate\":\"https:\/\/www.miomiorun.com\/es\/?s={search_term_string}\"},\"query-input\":{\"@type\":\"PropertyValueSpecification\",\"valueRequired\":true,\"valueName\":\"search_term_string\"}}],\"inLanguage\":\"es-ES\"},{\"@type\":\"Organization\",\"@id\":\"https:\/\/www.miomiorun.com\/es\/#organization\",\"name\":\"MioMio Run\",\"url\":\"https:\/\/www.miomiorun.com\/es\/\",\"logo\":{\"@type\":\"ImageObject\",\"inLanguage\":\"es-ES\",\"@id\":\"https:\/\/www.miomiorun.com\/es\/#\/schema\/logo\/image\/\",\"url\":\"https:\/\/www.miomiorun.com\/app\/uploads\/2019\/12\/logomio.png\",\"contentUrl\":\"https:\/\/www.miomiorun.com\/app\/uploads\/2019\/12\/logomio.png\",\"width\":115,\"height\":82,\"caption\":\"MioMio Run\"},\"image\":{\"@id\":\"https:\/\/www.miomiorun.com\/es\/#\/schema\/logo\/image\/\"},\"sameAs\":[\"https:\/\/www.facebook.com\/miomiorun\/\",\"https:\/\/www.instagram.com\/miomiorun\/\"]}]}<\/script>\n<!-- \/ Yoast SEO plugin. -->","yoast_head_json":{"title":"Brooks Hyperion Max 3 hombre - zapatillas de correr - MioMioRun.com","description":"Brooks Hyperion Max 3 para hombre: zapatillas de running ligeras y reactivas con gran amortiguaci\u00f3n y placa SpeedVault. Velocidad, comodidad y recuperaci\u00f3n r\u00e1pida.","robots":{"index":"index","follow":"follow","max-snippet":"max-snippet:-1","max-image-preview":"max-image-preview:large","max-video-preview":"max-video-preview:-1"},"canonical":"https:\/\/www.miomiorun.com\/es\/producto\/hyperion-max-3-hombre\/","og_locale":"es_ES","og_type":"article","og_title":"Brooks Hyperion Max 3 hombre - zapatillas de correr - MioMioRun.com","og_description":"Brooks Hyperion Max 3 para hombre: zapatillas de running ligeras y reactivas con gran amortiguaci\u00f3n y placa SpeedVault. Velocidad, comodidad y recuperaci\u00f3n r\u00e1pida.","og_url":"https:\/\/www.miomiorun.com\/es\/producto\/hyperion-max-3-hombre\/","og_site_name":"MioMioRun","article_publisher":"https:\/\/www.facebook.com\/miomiorun\/","article_modified_time":"2026-03-04T15:23:03+00:00","og_image":[{"width":720,"height":720,"url":"https:\/\/www.miomiorun.com\/app\/uploads\/2026\/02\/brooks-Hyperion-Max-3-green-gecko-black-blue-1104671D318.webp","type":"image\/webp"}],"twitter_card":"summary_large_image","twitter_misc":{"Est. reading time":"2 minutes"},"schema":{"@context":"https:\/\/schema.org","@graph":[{"@type":"WebPage","@id":"https:\/\/www.miomiorun.com\/es\/producto\/hyperion-max-3-hombre\/","url":"https:\/\/www.miomiorun.com\/es\/producto\/hyperion-max-3-hombre\/","name":"Brooks Hyperion Max 3 hombre - zapatillas de correr - MioMioRun.com","isPartOf":{"@id":"https:\/\/www.miomiorun.com\/es\/#website"},"primaryImageOfPage":{"@id":"https:\/\/www.miomiorun.com\/es\/producto\/hyperion-max-3-hombre\/#primaryimage"},"image":{"@id":"https:\/\/www.miomiorun.com\/es\/producto\/hyperion-max-3-hombre\/#primaryimage"},"thumbnailUrl":"https:\/\/www.miomiorun.com\/app\/uploads\/2026\/02\/brooks-Hyperion-Max-3-green-gecko-black-blue-1104671D318.webp","datePublished":"2025-07-05T14:59:09+00:00","dateModified":"2026-03-04T15:23:03+00:00","description":"Brooks Hyperion Max 3 para hombre: zapatillas de running ligeras y reactivas con gran amortiguaci\u00f3n y placa SpeedVault. Velocidad, comodidad y recuperaci\u00f3n r\u00e1pida.","breadcrumb":{"@id":"https:\/\/www.miomiorun.com\/es\/producto\/hyperion-max-3-hombre\/#breadcrumb"},"inLanguage":"es-ES","potentialAction":[{"@type":"ReadAction","target":["https:\/\/www.miomiorun.com\/es\/producto\/hyperion-max-3-hombre\/"]}]},{"@type":"ImageObject","inLanguage":"es-ES","@id":"https:\/\/www.miomiorun.com\/es\/producto\/hyperion-max-3-hombre\/#primaryimage","url":"https:\/\/www.miomiorun.com\/app\/uploads\/2026\/02\/brooks-Hyperion-Max-3-green-gecko-black-blue-1104671D318.webp","contentUrl":"https:\/\/www.miomiorun.com\/app\/uploads\/2026\/02\/brooks-Hyperion-Max-3-green-gecko-black-blue-1104671D318.webp","width":720,"height":720,"caption":"brooks Hyperion Max 3 green gecko black blue 1104671D318"},{"@type":"BreadcrumbList","@id":"https:\/\/www.miomiorun.com\/es\/producto\/hyperion-max-3-hombre\/#breadcrumb","itemListElement":[{"@type":"ListItem","position":1,"name":"Home","item":"https:\/\/www.miomiorun.com\/es\/"},{"@type":"ListItem","position":2,"name":"Shop","item":"https:\/\/www.miomiorun.com\/shop\/"},{"@type":"ListItem","position":3,"name":"Hyperion Max 3 hombre"}]},{"@type":"WebSite","@id":"https:\/\/www.miomiorun.com\/es\/#website","url":"https:\/\/www.miomiorun.com\/es\/","name":"MioMioRun","description":"Tienda 100% running y trail","publisher":{"@id":"https:\/\/www.miomiorun.com\/es\/#organization"},"potentialAction":[{"@type":"SearchAction","target":{"@type":"EntryPoint","urlTemplate":"https:\/\/www.miomiorun.com\/es\/?s={search_term_string}"},"query-input":{"@type":"PropertyValueSpecification","valueRequired":true,"valueName":"search_term_string"}}],"inLanguage":"es-ES"},{"@type":"Organization","@id":"https:\/\/www.miomiorun.com\/es\/#organization","name":"MioMio Run","url":"https:\/\/www.miomiorun.com\/es\/","logo":{"@type":"ImageObject","inLanguage":"es-ES","@id":"https:\/\/www.miomiorun.com\/es\/#\/schema\/logo\/image\/","url":"https:\/\/www.miomiorun.com\/app\/uploads\/2019\/12\/logomio.png","contentUrl":"https:\/\/www.miomiorun.com\/app\/uploads\/2019\/12\/logomio.png","width":115,"height":82,"caption":"MioMio Run"},"image":{"@id":"https:\/\/www.miomiorun.com\/es\/#\/schema\/logo\/image\/"},"sameAs":["https:\/\/www.facebook.com\/miomiorun\/","https:\/\/www.instagram.com\/miomiorun\/"]}]}},"_links":{"self":[{"href":"https:\/\/www.miomiorun.com\/es\/wp-json\/wp\/v2\/product\/323169","targetHints":{"allow":["GET"]}}],"collection":[{"href":"https:\/\/www.miomiorun.com\/es\/wp-json\/wp\/v2\/product"}],"about":[{"href":"https:\/\/www.miomiorun.com\/es\/wp-json\/wp\/v2\/types\/product"}],"wp:featuredmedia":[{"embeddable":true,"href":"https:\/\/www.miomiorun.com\/es\/wp-json\/wp\/v2\/media\/401523"}],"wp:attachment":[{"href":"https:\/\/www.miomiorun.com\/es\/wp-json\/wp\/v2\/media?parent=323169"}],"wp:term":[{"taxonomy":"product_brand","embeddable":true,"href":"https:\/\/www.miomiorun.com\/es\/wp-json\/wp\/v2\/product_brand?post=323169"},{"taxonomy":"product_cat","embeddable":true,"href":"https:\/\/www.miomiorun.com\/es\/wp-json\/wp\/v2\/product_cat?post=323169"},{"taxonomy":"product_tag","embeddable":true,"href":"https:\/\/www.miomiorun.com\/es\/wp-json\/wp\/v2\/product_tag?post=323169"}],"curies":[{"name":"wp","href":"https:\/\/api.w.org\/{rel}","templated":true}]}}