{"id":323146,"date":"2025-07-05T16:58:44","date_gmt":"2025-07-05T14:58:44","guid":{"rendered":"https:\/\/miomiorun.com\/?post_type=product&#038;p=323146"},"modified":"2026-04-07T07:43:21","modified_gmt":"2026-04-07T05:43:21","slug":"hyperion-max-3-mujer","status":"publish","type":"product","link":"https:\/\/www.miomiorun.com\/es\/producto\/hyperion-max-3-mujer\/","title":{"rendered":"Hyperion Max 3 mujer"},"content":{"rendered":"<table style=\"border-collapse: collapse;width: 100%\">\n<tbody>\n<tr>\n<td style=\"width: 33.3333%;vertical-align: top;text-align: center\">\n<h4>Especificaciones t\u00e9cnicas<\/h4>\n<p>Categor\u00eda: Superamortiguaci\u00f3n.<br \/>\nOffset: 6 mm.<br \/>\nPeso: 230 g.<br \/>\nIdeal para: esta zapatilla, ideal para atletas r\u00e1pidos y para entrenamientos de competici\u00f3n, gracias a su amortiguaci\u00f3n DNA Flash, suave y reactiva, tambi\u00e9n se adapta bien a atletas con caracter\u00edsticas menos competitivas que buscan una zapatilla reactiva para entrenamientos de media y corta duraci\u00f3n.<br \/>\nPeso del atleta: &gt;50 kg<br \/>\nPaso de carrera: &gt; 4,30 min\/km<br \/>\n<a href=\"https:\/\/miomiorun.com\/guida-alle-specifiche-tecniche\/\">Gu\u00eda de especificaciones t\u00e9cnicas<\/a><\/td>\n<td style=\"width: 66.6666%;vertical-align: top;text-align: center\">\n<p data-start=\"201\" data-end=\"606\">Mu\u00e9vete r\u00e1pido durante kil\u00f3metros y kil\u00f3metros. Las nuevas <strong data-start=\"254\" data-end=\"287\">Brooks Hyperion Max 3 para mujer<\/strong> est\u00e1n pensadas para quienes quieren darlo todo en el entrenamiento sin renunciar a la comodidad y la protecci\u00f3n. La amortiguaci\u00f3n con stack elevado, combinada con la <strong data-start=\"443\" data-end=\"489\">placa de propulsi\u00f3n SpeedVault de nailon<\/strong>, te ofrece un apoyo suave pero reactivo, lo que te ayuda a correr m\u00e1s r\u00e1pido y a recuperarte mejor despu\u00e9s de cada sesi\u00f3n.<\/p>\n<p data-start=\"608\" data-end=\"888\">La innovadora combinaci\u00f3n de <strong data-start=\"638\" data-end=\"670\">DNA FLASH v2 y DNA GOLD 100 %<\/strong> garantiza una sensaci\u00f3n de ligereza y diversi\u00f3n en cada paso, mientras que la geometr\u00eda curva <strong data-start=\"766\" data-end=\"786\">RapidRoll Rocker<\/strong> favorece las transiciones r\u00e1pidas y asistidas desde el tal\u00f3n hasta la puntera, para un despegue inmediato y natural.<\/p>\n<p data-start=\"890\" data-end=\"1126\">La parte superior, de malla ligera y transpirable, se mantiene firme en el pie y ofrece estabilidad incluso a altas velocidades. El resultado es una zapatilla c\u00f3moda, r\u00e1pida y fiable, perfecta para carreras largas, entrenamientos intensos y sesiones de calidad.<\/p>\n<p data-start=\"1128\" data-end=\"1336\">Las Hyperion Max 3 son el aliado ideal para quienes desean mejorar su rendimiento sin sacrificar la comodidad. Entrena al m\u00e1ximo, recup\u00e9rate mejor y supera cada d\u00eda un poco m\u00e1s tus l\u00edmites.<\/p>\n<\/p>\n<\/td>\n<\/tr>\n<\/tbody>\n<\/table>\n<p>&nbsp;<\/p>\n","protected":false},"excerpt":{"rendered":"<ul class=\"m-long-description__features\">\n<li class=\"m-long-description__feature\">\n<div class=\"m-long-description__feature-text\">Dise\u00f1ados para la velocidad<\/div>\n<\/li>\n<li class=\"m-long-description__feature\">\n<div class=\"m-long-description__feature-text\">Transiciones r\u00e1pidas<\/div>\n<\/li>\n<li class=\"m-long-description__feature\">\n<div class=\"m-long-description__feature-text\">Ajuste ligero<\/div>\n<\/li>\n<\/ul>\n","protected":false},"featured_media":326117,"template":"","meta":{"_acf_changed":false,"inline_featured_image":false},"product_brand":[],"product_cat":[24227,24228],"product_tag":[23463,23664],"class_list":{"0":"post-323146","1":"product","2":"type-product","3":"status-publish","4":"has-post-thumbnail","6":"product_cat-calzado-femenino","7":"product_cat-neutre-es","8":"product_tag-brooks-es","9":"product_tag-brooks-mujer","10":"pa_attivita-running-es","11":"pa_colore-hyperion-max-3-w-coconut-fiery-coral-ato-es","12":"pa_colore-hyperion-max-3-w-coconut-green-gecko-pin-es","13":"pa_colore-hyperion-max-3-w-coral-yucca-coconut","14":"pa_colore-hyperion-max-3-w-luminary-cyber-pink-bla","15":"pa_marca-brooks-es","16":"pa_sesso-mujer","17":"pa_size-37-5-es","18":"pa_size-38-es","19":"pa_size-38-5-es","20":"pa_size-39-es","21":"pa_size-40-es","22":"pa_size-40-5-es","23":"pa_size-41-es","25":"first","26":"instock","27":"sale","28":"taxable","29":"shipping-taxable","30":"purchasable","31":"product-type-variable","32":"wvs-archive-product-wrapper"},"acf":[],"yoast_head":"<!-- This site is optimized with the Yoast SEO plugin v26.8 - https:\/\/yoast.com\/product\/yoast-seo-wordpress\/ -->\n<title>Brooks Hyperion Max 3 mujer - zapatillas de correr - MioMioRun.com<\/title>\n<meta name=\"description\" content=\"Brooks Hyperion Max 3 para mujer: zapatillas de running ligeras y reactivas con gran amortiguaci\u00f3n y placa SpeedVault. Velocidad, comodidad y recuperaci\u00f3n r\u00e1pida.\" \/>\n<meta name=\"robots\" content=\"index, follow, max-snippet:-1, max-image-preview:large, max-video-preview:-1\" \/>\n<link rel=\"canonical\" href=\"https:\/\/www.miomiorun.com\/es\/producto\/hyperion-max-3-mujer\/\" \/>\n<meta property=\"og:locale\" content=\"es_ES\" \/>\n<meta property=\"og:type\" content=\"article\" \/>\n<meta property=\"og:title\" content=\"Brooks Hyperion Max 3 mujer - zapatillas de correr - MioMioRun.com\" \/>\n<meta property=\"og:description\" content=\"Brooks Hyperion Max 3 para mujer: zapatillas de running ligeras y reactivas con gran amortiguaci\u00f3n y placa SpeedVault. Velocidad, comodidad y recuperaci\u00f3n r\u00e1pida.\" \/>\n<meta property=\"og:url\" content=\"https:\/\/www.miomiorun.com\/es\/producto\/hyperion-max-3-mujer\/\" \/>\n<meta property=\"og:site_name\" content=\"MioMioRun\" \/>\n<meta property=\"article:publisher\" content=\"https:\/\/www.facebook.com\/miomiorun\/\" \/>\n<meta property=\"article:modified_time\" content=\"2026-04-07T05:43:21+00:00\" \/>\n<meta property=\"og:image\" content=\"https:\/\/www.miomiorun.com\/app\/uploads\/2025\/07\/brooks-Hyperion-Max-3-W-coconut-fiery-coral-ato-1204551B659.webp\" \/>\n\t<meta property=\"og:image:width\" content=\"600\" \/>\n\t<meta property=\"og:image:height\" content=\"600\" \/>\n\t<meta property=\"og:image:type\" content=\"image\/webp\" \/>\n<meta name=\"twitter:card\" content=\"summary_large_image\" \/>\n<meta name=\"twitter:label1\" content=\"Est. reading time\" \/>\n\t<meta name=\"twitter:data1\" content=\"1 minute\" \/>\n<script type=\"application\/ld+json\" class=\"yoast-schema-graph\">{\"@context\":\"https:\/\/schema.org\",\"@graph\":[{\"@type\":\"WebPage\",\"@id\":\"https:\/\/www.miomiorun.com\/es\/producto\/hyperion-max-3-mujer\/\",\"url\":\"https:\/\/www.miomiorun.com\/es\/producto\/hyperion-max-3-mujer\/\",\"name\":\"Brooks Hyperion Max 3 mujer - zapatillas de correr - MioMioRun.com\",\"isPartOf\":{\"@id\":\"https:\/\/www.miomiorun.com\/es\/#website\"},\"primaryImageOfPage\":{\"@id\":\"https:\/\/www.miomiorun.com\/es\/producto\/hyperion-max-3-mujer\/#primaryimage\"},\"image\":{\"@id\":\"https:\/\/www.miomiorun.com\/es\/producto\/hyperion-max-3-mujer\/#primaryimage\"},\"thumbnailUrl\":\"https:\/\/www.miomiorun.com\/app\/uploads\/2025\/07\/brooks-Hyperion-Max-3-W-coconut-fiery-coral-ato-1204551B659.webp\",\"datePublished\":\"2025-07-05T14:58:44+00:00\",\"dateModified\":\"2026-04-07T05:43:21+00:00\",\"description\":\"Brooks Hyperion Max 3 para mujer: zapatillas de running ligeras y reactivas con gran amortiguaci\u00f3n y placa SpeedVault. Velocidad, comodidad y recuperaci\u00f3n r\u00e1pida.\",\"breadcrumb\":{\"@id\":\"https:\/\/www.miomiorun.com\/es\/producto\/hyperion-max-3-mujer\/#breadcrumb\"},\"inLanguage\":\"es-ES\",\"potentialAction\":[{\"@type\":\"ReadAction\",\"target\":[\"https:\/\/www.miomiorun.com\/es\/producto\/hyperion-max-3-mujer\/\"]}]},{\"@type\":\"ImageObject\",\"inLanguage\":\"es-ES\",\"@id\":\"https:\/\/www.miomiorun.com\/es\/producto\/hyperion-max-3-mujer\/#primaryimage\",\"url\":\"https:\/\/www.miomiorun.com\/app\/uploads\/2025\/07\/brooks-Hyperion-Max-3-W-coconut-fiery-coral-ato-1204551B659.webp\",\"contentUrl\":\"https:\/\/www.miomiorun.com\/app\/uploads\/2025\/07\/brooks-Hyperion-Max-3-W-coconut-fiery-coral-ato-1204551B659.webp\",\"width\":600,\"height\":600,\"caption\":\"brooks Hyperion Max 3 W coconut fiery coral ato 1204551B659\"},{\"@type\":\"BreadcrumbList\",\"@id\":\"https:\/\/www.miomiorun.com\/es\/producto\/hyperion-max-3-mujer\/#breadcrumb\",\"itemListElement\":[{\"@type\":\"ListItem\",\"position\":1,\"name\":\"Home\",\"item\":\"https:\/\/www.miomiorun.com\/es\/\"},{\"@type\":\"ListItem\",\"position\":2,\"name\":\"Shop\",\"item\":\"https:\/\/www.miomiorun.com\/shop\/\"},{\"@type\":\"ListItem\",\"position\":3,\"name\":\"Hyperion Max 3 mujer\"}]},{\"@type\":\"WebSite\",\"@id\":\"https:\/\/www.miomiorun.com\/es\/#website\",\"url\":\"https:\/\/www.miomiorun.com\/es\/\",\"name\":\"MioMioRun\",\"description\":\"Tienda 100% running y trail\",\"publisher\":{\"@id\":\"https:\/\/www.miomiorun.com\/es\/#organization\"},\"potentialAction\":[{\"@type\":\"SearchAction\",\"target\":{\"@type\":\"EntryPoint\",\"urlTemplate\":\"https:\/\/www.miomiorun.com\/es\/?s={search_term_string}\"},\"query-input\":{\"@type\":\"PropertyValueSpecification\",\"valueRequired\":true,\"valueName\":\"search_term_string\"}}],\"inLanguage\":\"es-ES\"},{\"@type\":\"Organization\",\"@id\":\"https:\/\/www.miomiorun.com\/es\/#organization\",\"name\":\"MioMio Run\",\"url\":\"https:\/\/www.miomiorun.com\/es\/\",\"logo\":{\"@type\":\"ImageObject\",\"inLanguage\":\"es-ES\",\"@id\":\"https:\/\/www.miomiorun.com\/es\/#\/schema\/logo\/image\/\",\"url\":\"https:\/\/www.miomiorun.com\/app\/uploads\/2019\/12\/logomio.png\",\"contentUrl\":\"https:\/\/www.miomiorun.com\/app\/uploads\/2019\/12\/logomio.png\",\"width\":115,\"height\":82,\"caption\":\"MioMio Run\"},\"image\":{\"@id\":\"https:\/\/www.miomiorun.com\/es\/#\/schema\/logo\/image\/\"},\"sameAs\":[\"https:\/\/www.facebook.com\/miomiorun\/\",\"https:\/\/www.instagram.com\/miomiorun\/\"]}]}<\/script>\n<!-- \/ Yoast SEO plugin. -->","yoast_head_json":{"title":"Brooks Hyperion Max 3 mujer - zapatillas de correr - MioMioRun.com","description":"Brooks Hyperion Max 3 para mujer: zapatillas de running ligeras y reactivas con gran amortiguaci\u00f3n y placa SpeedVault. Velocidad, comodidad y recuperaci\u00f3n r\u00e1pida.","robots":{"index":"index","follow":"follow","max-snippet":"max-snippet:-1","max-image-preview":"max-image-preview:large","max-video-preview":"max-video-preview:-1"},"canonical":"https:\/\/www.miomiorun.com\/es\/producto\/hyperion-max-3-mujer\/","og_locale":"es_ES","og_type":"article","og_title":"Brooks Hyperion Max 3 mujer - zapatillas de correr - MioMioRun.com","og_description":"Brooks Hyperion Max 3 para mujer: zapatillas de running ligeras y reactivas con gran amortiguaci\u00f3n y placa SpeedVault. Velocidad, comodidad y recuperaci\u00f3n r\u00e1pida.","og_url":"https:\/\/www.miomiorun.com\/es\/producto\/hyperion-max-3-mujer\/","og_site_name":"MioMioRun","article_publisher":"https:\/\/www.facebook.com\/miomiorun\/","article_modified_time":"2026-04-07T05:43:21+00:00","og_image":[{"width":600,"height":600,"url":"https:\/\/www.miomiorun.com\/app\/uploads\/2025\/07\/brooks-Hyperion-Max-3-W-coconut-fiery-coral-ato-1204551B659.webp","type":"image\/webp"}],"twitter_card":"summary_large_image","twitter_misc":{"Est. reading time":"1 minute"},"schema":{"@context":"https:\/\/schema.org","@graph":[{"@type":"WebPage","@id":"https:\/\/www.miomiorun.com\/es\/producto\/hyperion-max-3-mujer\/","url":"https:\/\/www.miomiorun.com\/es\/producto\/hyperion-max-3-mujer\/","name":"Brooks Hyperion Max 3 mujer - zapatillas de correr - MioMioRun.com","isPartOf":{"@id":"https:\/\/www.miomiorun.com\/es\/#website"},"primaryImageOfPage":{"@id":"https:\/\/www.miomiorun.com\/es\/producto\/hyperion-max-3-mujer\/#primaryimage"},"image":{"@id":"https:\/\/www.miomiorun.com\/es\/producto\/hyperion-max-3-mujer\/#primaryimage"},"thumbnailUrl":"https:\/\/www.miomiorun.com\/app\/uploads\/2025\/07\/brooks-Hyperion-Max-3-W-coconut-fiery-coral-ato-1204551B659.webp","datePublished":"2025-07-05T14:58:44+00:00","dateModified":"2026-04-07T05:43:21+00:00","description":"Brooks Hyperion Max 3 para mujer: zapatillas de running ligeras y reactivas con gran amortiguaci\u00f3n y placa SpeedVault. Velocidad, comodidad y recuperaci\u00f3n r\u00e1pida.","breadcrumb":{"@id":"https:\/\/www.miomiorun.com\/es\/producto\/hyperion-max-3-mujer\/#breadcrumb"},"inLanguage":"es-ES","potentialAction":[{"@type":"ReadAction","target":["https:\/\/www.miomiorun.com\/es\/producto\/hyperion-max-3-mujer\/"]}]},{"@type":"ImageObject","inLanguage":"es-ES","@id":"https:\/\/www.miomiorun.com\/es\/producto\/hyperion-max-3-mujer\/#primaryimage","url":"https:\/\/www.miomiorun.com\/app\/uploads\/2025\/07\/brooks-Hyperion-Max-3-W-coconut-fiery-coral-ato-1204551B659.webp","contentUrl":"https:\/\/www.miomiorun.com\/app\/uploads\/2025\/07\/brooks-Hyperion-Max-3-W-coconut-fiery-coral-ato-1204551B659.webp","width":600,"height":600,"caption":"brooks Hyperion Max 3 W coconut fiery coral ato 1204551B659"},{"@type":"BreadcrumbList","@id":"https:\/\/www.miomiorun.com\/es\/producto\/hyperion-max-3-mujer\/#breadcrumb","itemListElement":[{"@type":"ListItem","position":1,"name":"Home","item":"https:\/\/www.miomiorun.com\/es\/"},{"@type":"ListItem","position":2,"name":"Shop","item":"https:\/\/www.miomiorun.com\/shop\/"},{"@type":"ListItem","position":3,"name":"Hyperion Max 3 mujer"}]},{"@type":"WebSite","@id":"https:\/\/www.miomiorun.com\/es\/#website","url":"https:\/\/www.miomiorun.com\/es\/","name":"MioMioRun","description":"Tienda 100% running y trail","publisher":{"@id":"https:\/\/www.miomiorun.com\/es\/#organization"},"potentialAction":[{"@type":"SearchAction","target":{"@type":"EntryPoint","urlTemplate":"https:\/\/www.miomiorun.com\/es\/?s={search_term_string}"},"query-input":{"@type":"PropertyValueSpecification","valueRequired":true,"valueName":"search_term_string"}}],"inLanguage":"es-ES"},{"@type":"Organization","@id":"https:\/\/www.miomiorun.com\/es\/#organization","name":"MioMio Run","url":"https:\/\/www.miomiorun.com\/es\/","logo":{"@type":"ImageObject","inLanguage":"es-ES","@id":"https:\/\/www.miomiorun.com\/es\/#\/schema\/logo\/image\/","url":"https:\/\/www.miomiorun.com\/app\/uploads\/2019\/12\/logomio.png","contentUrl":"https:\/\/www.miomiorun.com\/app\/uploads\/2019\/12\/logomio.png","width":115,"height":82,"caption":"MioMio Run"},"image":{"@id":"https:\/\/www.miomiorun.com\/es\/#\/schema\/logo\/image\/"},"sameAs":["https:\/\/www.facebook.com\/miomiorun\/","https:\/\/www.instagram.com\/miomiorun\/"]}]}},"_links":{"self":[{"href":"https:\/\/www.miomiorun.com\/es\/wp-json\/wp\/v2\/product\/323146","targetHints":{"allow":["GET"]}}],"collection":[{"href":"https:\/\/www.miomiorun.com\/es\/wp-json\/wp\/v2\/product"}],"about":[{"href":"https:\/\/www.miomiorun.com\/es\/wp-json\/wp\/v2\/types\/product"}],"wp:featuredmedia":[{"embeddable":true,"href":"https:\/\/www.miomiorun.com\/es\/wp-json\/wp\/v2\/media\/326117"}],"wp:attachment":[{"href":"https:\/\/www.miomiorun.com\/es\/wp-json\/wp\/v2\/media?parent=323146"}],"wp:term":[{"taxonomy":"product_brand","embeddable":true,"href":"https:\/\/www.miomiorun.com\/es\/wp-json\/wp\/v2\/product_brand?post=323146"},{"taxonomy":"product_cat","embeddable":true,"href":"https:\/\/www.miomiorun.com\/es\/wp-json\/wp\/v2\/product_cat?post=323146"},{"taxonomy":"product_tag","embeddable":true,"href":"https:\/\/www.miomiorun.com\/es\/wp-json\/wp\/v2\/product_tag?post=323146"}],"curies":[{"name":"wp","href":"https:\/\/api.w.org\/{rel}","templated":true}]}}