{"id":321048,"date":"2025-06-26T17:27:24","date_gmt":"2025-06-26T15:27:24","guid":{"rendered":"https:\/\/miomiorun.com\/?post_type=product&#038;p=321048"},"modified":"2026-03-03T10:13:07","modified_gmt":"2026-03-03T09:13:07","slug":"endorphin-speed-5-hombre","status":"publish","type":"product","link":"https:\/\/www.miomiorun.com\/es\/producto\/endorphin-speed-5-hombre\/","title":{"rendered":"Endorphin Speed 5 hombre"},"content":{"rendered":"<table style=\"border-collapse: collapse;width: 100%\">\n<tbody>\n<tr>\n<td style=\"width: 33.3333%;vertical-align: top;text-align: center\">\n<h4>Especificaciones t\u00e9cnicas<\/h4>\n<p>Categor\u00eda: Amortiguaci\u00f3n media.<br \/>\nOffset: 8 mm (36 mm\/28 mm).<br \/>\nPeso: 237 g<br \/>\nIdeal para: corredores de nivel medio-avanzado que buscan rendimiento y comodidad al correr, para obtener buenos resultados en competici\u00f3n o para entrenamientos de calidad.<br \/>\nPeso del atleta: 55-75 kg<br \/>\nRitmo de carrera: r\u00e1pido (&gt;4,30 min\/km)<br \/>\n<a href=\"https:\/\/miomiorun.com\/guida-alle-specifiche-tecniche\/\">Gu\u00eda de especificaciones t\u00e9cnicas<\/a><\/td>\n<td style=\"width: 66.6666%;vertical-align: top;text-align: center\">\n<p data-start=\"197\" data-end=\"467\">&nbsp;<strong data-start=\"203\" data-end=\"253\">Es el d\u00eda de la carrera. Supera tus l\u00edmites.<\/strong><br data-start=\"253\" data-end=\"256\">\u00bfEst\u00e1s listo para darlo todo? Nuestras nuevas zapatillas de running est\u00e1n dise\u00f1adas para ofrecerte <strong data-start=\"348\" data-end=\"371\">un alto rendimiento<\/strong> en cada carrera, tanto si buscas batir un nuevo r\u00e9cord como si te enfrentas a tu sesi\u00f3n diaria.<\/p>\n<p data-start=\"469\" data-end=\"682\">&nbsp;<strong data-start=\"472\" data-end=\"496\">Tecnolog\u00eda SPEEDROLL<\/strong><br data-start=\"496\" data-end=\"499\">Cada paso te impulsa hacia adelante. La geometr\u00eda especial SPEEDROLL favorece una transici\u00f3n fluida y continua, transformando la energ\u00eda en velocidad natural, con menos esfuerzo y m\u00e1s impulso.<\/p>\n<p data-start=\"684\" data-end=\"703\">&nbsp;<strong data-start=\"687\" data-end=\"703\">Destacado:<\/strong><\/p>\n<p data-start=\"705\" data-end=\"930\">&nbsp;<strong data-start=\"707\" data-end=\"736\">Dise\u00f1adas para la velocidad<\/strong><br data-start=\"736\" data-end=\"739\">Gracias al nuevo tejido de malla ultraligero, estas zapatillas ofrecen un ajuste c\u00f3modo y transpirable. Perfectas para las carreras m\u00e1s intensas, pero tambi\u00e9n para afrontar el d\u00eda con ligereza.<\/p>\n<p data-start=\"932\" data-end=\"1184\">&nbsp;<strong data-start=\"934\" data-end=\"972\">Suela optimizada para cualquier terreno<\/strong><br data-start=\"972\" data-end=\"975\">La suela se ha redise\u00f1ado con una cobertura ampliada en el tal\u00f3n para ofrecer <strong data-start=\"1054\" data-end=\"1074\">resistencia adicional<\/strong> en los momentos m\u00e1s r\u00e1pidos. El <strong data-start=\"1102\" data-end=\"1132\">agarre en toda la longitud<\/strong> mejora la tracci\u00f3n y el ciclo natural de la pisada.<\/p>\n<p data-start=\"1186\" data-end=\"1422\">&nbsp;<strong data-start=\"1188\" data-end=\"1219\">Carrera m\u00e1s reactiva que nunca<\/strong><br data-start=\"1219\" data-end=\"1222\"><\/p>\n<p data-start=\"1424\" data-end=\"1588\">&nbsp; <strong data-start=\"1426\" data-end=\"1457\">Fluidez sin interrupciones<\/strong><br data-start=\"1457\" data-end=\"1460\">El agarre integral te acompa\u00f1a en cada fase de la zancada, garantizando <strong data-start=\"1532\" data-end=\"1558\">transiciones m\u00e1s fluidas<\/strong> y naturales, paso a paso.<\/p>\n<\/td>\n<\/tr>\n<\/tbody>\n<\/table>\n<p>&nbsp;<\/p>\n","protected":false},"excerpt":{"rendered":"<div>\n<ul>\n<li>Zapatilla que te permitir\u00e1 correr m\u00e1s r\u00e1pido.<\/li>\n<li>Ideal para tus entrenamientos y competiciones.<\/li>\n<\/ul>\n<\/div>\n","protected":false},"featured_media":387070,"template":"","meta":{"_acf_changed":false,"inline_featured_image":false},"product_brand":[],"product_cat":[24454,24453],"product_tag":[23578,23577],"class_list":{"0":"post-321048","1":"product","2":"type-product","3":"status-publish","4":"has-post-thumbnail","6":"product_cat-calzado-para-hombre","7":"product_cat-neutre-es-3","8":"product_tag-saucony-es","9":"product_tag-saucony-hombre","10":"pa_attivita-running-es","11":"pa_colore-endorphin-speed-5-black-white-es","12":"pa_colore-endorphin-speed-5-citron-lapis-es","13":"pa_colore-endorphin-speed-5-shock-black-es","14":"pa_colore-endorphin-speed-5-white-citron-es","15":"pa_colore-endorphin-speed-5-white-nightsky","16":"pa_marca-saucony-es","17":"pa_sesso-hombre","18":"pa_size-41-es","19":"pa_size-42-es","20":"pa_size-42-5-es","21":"pa_size-43-es","22":"pa_size-44-es","23":"pa_size-44-5-es","24":"pa_size-45-es","25":"pa_size-46-es","27":"first","28":"instock","29":"sale","30":"taxable","31":"shipping-taxable","32":"purchasable","33":"product-type-variable","34":"wvs-archive-product-wrapper"},"acf":[],"yoast_head":"<!-- This site is optimized with the Yoast SEO plugin v26.8 - https:\/\/yoast.com\/product\/yoast-seo-wordpress\/ -->\n<title>Saucony Endorphin Speed 5 hombre -zapatillas de correr - MioMioRun<\/title>\n<meta name=\"description\" content=\"Zapatillas de running ligeras y reactivas con placa de nylon y tecnolog\u00eda SPEEDROLL. Ideales para carreras r\u00e1pidas y entrenamientos diarios. M\u00e1ximo impulso y agarre.\" \/>\n<meta name=\"robots\" content=\"index, follow, max-snippet:-1, max-image-preview:large, max-video-preview:-1\" \/>\n<link rel=\"canonical\" href=\"https:\/\/www.miomiorun.com\/es\/producto\/endorphin-speed-5-hombre\/\" \/>\n<meta property=\"og:locale\" content=\"es_ES\" \/>\n<meta property=\"og:type\" content=\"article\" \/>\n<meta property=\"og:title\" content=\"Saucony Endorphin Speed 5 hombre -zapatillas de correr - MioMioRun\" \/>\n<meta property=\"og:description\" content=\"Zapatillas de running ligeras y reactivas con placa de nylon y tecnolog\u00eda SPEEDROLL. Ideales para carreras r\u00e1pidas y entrenamientos diarios. M\u00e1ximo impulso y agarre.\" \/>\n<meta property=\"og:url\" content=\"https:\/\/www.miomiorun.com\/es\/producto\/endorphin-speed-5-hombre\/\" \/>\n<meta property=\"og:site_name\" content=\"MioMioRun\" \/>\n<meta property=\"article:publisher\" content=\"https:\/\/www.facebook.com\/miomiorun\/\" \/>\n<meta property=\"article:modified_time\" content=\"2026-03-03T09:13:07+00:00\" \/>\n<meta property=\"og:image\" content=\"https:\/\/www.miomiorun.com\/app\/uploads\/2026\/01\/saucony-Endorphin-Speed-5-ivory-fire-S21007-142.webp\" \/>\n\t<meta property=\"og:image:width\" content=\"720\" \/>\n\t<meta property=\"og:image:height\" content=\"720\" \/>\n\t<meta property=\"og:image:type\" content=\"image\/webp\" \/>\n<meta name=\"twitter:card\" content=\"summary_large_image\" \/>\n<meta name=\"twitter:label1\" content=\"Est. reading time\" \/>\n\t<meta name=\"twitter:data1\" content=\"1 minute\" \/>\n<script type=\"application\/ld+json\" class=\"yoast-schema-graph\">{\"@context\":\"https:\/\/schema.org\",\"@graph\":[{\"@type\":\"WebPage\",\"@id\":\"https:\/\/www.miomiorun.com\/es\/producto\/endorphin-speed-5-hombre\/\",\"url\":\"https:\/\/www.miomiorun.com\/es\/producto\/endorphin-speed-5-hombre\/\",\"name\":\"Saucony Endorphin Speed 5 hombre -zapatillas de correr - MioMioRun\",\"isPartOf\":{\"@id\":\"https:\/\/www.miomiorun.com\/es\/#website\"},\"primaryImageOfPage\":{\"@id\":\"https:\/\/www.miomiorun.com\/es\/producto\/endorphin-speed-5-hombre\/#primaryimage\"},\"image\":{\"@id\":\"https:\/\/www.miomiorun.com\/es\/producto\/endorphin-speed-5-hombre\/#primaryimage\"},\"thumbnailUrl\":\"https:\/\/www.miomiorun.com\/app\/uploads\/2026\/01\/saucony-Endorphin-Speed-5-ivory-fire-S21007-142.webp\",\"datePublished\":\"2025-06-26T15:27:24+00:00\",\"dateModified\":\"2026-03-03T09:13:07+00:00\",\"description\":\"Zapatillas de running ligeras y reactivas con placa de nylon y tecnolog\u00eda SPEEDROLL. Ideales para carreras r\u00e1pidas y entrenamientos diarios. M\u00e1ximo impulso y agarre.\",\"breadcrumb\":{\"@id\":\"https:\/\/www.miomiorun.com\/es\/producto\/endorphin-speed-5-hombre\/#breadcrumb\"},\"inLanguage\":\"es-ES\",\"potentialAction\":[{\"@type\":\"ReadAction\",\"target\":[\"https:\/\/www.miomiorun.com\/es\/producto\/endorphin-speed-5-hombre\/\"]}]},{\"@type\":\"ImageObject\",\"inLanguage\":\"es-ES\",\"@id\":\"https:\/\/www.miomiorun.com\/es\/producto\/endorphin-speed-5-hombre\/#primaryimage\",\"url\":\"https:\/\/www.miomiorun.com\/app\/uploads\/2026\/01\/saucony-Endorphin-Speed-5-ivory-fire-S21007-142.webp\",\"contentUrl\":\"https:\/\/www.miomiorun.com\/app\/uploads\/2026\/01\/saucony-Endorphin-Speed-5-ivory-fire-S21007-142.webp\",\"width\":720,\"height\":720,\"caption\":\"saucony Endorphin Speed 5 ivory fire S21007-142\"},{\"@type\":\"BreadcrumbList\",\"@id\":\"https:\/\/www.miomiorun.com\/es\/producto\/endorphin-speed-5-hombre\/#breadcrumb\",\"itemListElement\":[{\"@type\":\"ListItem\",\"position\":1,\"name\":\"Home\",\"item\":\"https:\/\/www.miomiorun.com\/es\/\"},{\"@type\":\"ListItem\",\"position\":2,\"name\":\"Shop\",\"item\":\"https:\/\/www.miomiorun.com\/shop\/\"},{\"@type\":\"ListItem\",\"position\":3,\"name\":\"Endorphin Speed 5 hombre\"}]},{\"@type\":\"WebSite\",\"@id\":\"https:\/\/www.miomiorun.com\/es\/#website\",\"url\":\"https:\/\/www.miomiorun.com\/es\/\",\"name\":\"MioMioRun\",\"description\":\"Tienda 100% running y trail\",\"publisher\":{\"@id\":\"https:\/\/www.miomiorun.com\/es\/#organization\"},\"potentialAction\":[{\"@type\":\"SearchAction\",\"target\":{\"@type\":\"EntryPoint\",\"urlTemplate\":\"https:\/\/www.miomiorun.com\/es\/?s={search_term_string}\"},\"query-input\":{\"@type\":\"PropertyValueSpecification\",\"valueRequired\":true,\"valueName\":\"search_term_string\"}}],\"inLanguage\":\"es-ES\"},{\"@type\":\"Organization\",\"@id\":\"https:\/\/www.miomiorun.com\/es\/#organization\",\"name\":\"MioMio Run\",\"url\":\"https:\/\/www.miomiorun.com\/es\/\",\"logo\":{\"@type\":\"ImageObject\",\"inLanguage\":\"es-ES\",\"@id\":\"https:\/\/www.miomiorun.com\/es\/#\/schema\/logo\/image\/\",\"url\":\"https:\/\/www.miomiorun.com\/app\/uploads\/2019\/12\/logomio.png\",\"contentUrl\":\"https:\/\/www.miomiorun.com\/app\/uploads\/2019\/12\/logomio.png\",\"width\":115,\"height\":82,\"caption\":\"MioMio Run\"},\"image\":{\"@id\":\"https:\/\/www.miomiorun.com\/es\/#\/schema\/logo\/image\/\"},\"sameAs\":[\"https:\/\/www.facebook.com\/miomiorun\/\",\"https:\/\/www.instagram.com\/miomiorun\/\"]}]}<\/script>\n<!-- \/ Yoast SEO plugin. -->","yoast_head_json":{"title":"Saucony Endorphin Speed 5 hombre -zapatillas de correr - MioMioRun","description":"Zapatillas de running ligeras y reactivas con placa de nylon y tecnolog\u00eda SPEEDROLL. Ideales para carreras r\u00e1pidas y entrenamientos diarios. M\u00e1ximo impulso y agarre.","robots":{"index":"index","follow":"follow","max-snippet":"max-snippet:-1","max-image-preview":"max-image-preview:large","max-video-preview":"max-video-preview:-1"},"canonical":"https:\/\/www.miomiorun.com\/es\/producto\/endorphin-speed-5-hombre\/","og_locale":"es_ES","og_type":"article","og_title":"Saucony Endorphin Speed 5 hombre -zapatillas de correr - MioMioRun","og_description":"Zapatillas de running ligeras y reactivas con placa de nylon y tecnolog\u00eda SPEEDROLL. Ideales para carreras r\u00e1pidas y entrenamientos diarios. M\u00e1ximo impulso y agarre.","og_url":"https:\/\/www.miomiorun.com\/es\/producto\/endorphin-speed-5-hombre\/","og_site_name":"MioMioRun","article_publisher":"https:\/\/www.facebook.com\/miomiorun\/","article_modified_time":"2026-03-03T09:13:07+00:00","og_image":[{"width":720,"height":720,"url":"https:\/\/www.miomiorun.com\/app\/uploads\/2026\/01\/saucony-Endorphin-Speed-5-ivory-fire-S21007-142.webp","type":"image\/webp"}],"twitter_card":"summary_large_image","twitter_misc":{"Est. reading time":"1 minute"},"schema":{"@context":"https:\/\/schema.org","@graph":[{"@type":"WebPage","@id":"https:\/\/www.miomiorun.com\/es\/producto\/endorphin-speed-5-hombre\/","url":"https:\/\/www.miomiorun.com\/es\/producto\/endorphin-speed-5-hombre\/","name":"Saucony Endorphin Speed 5 hombre -zapatillas de correr - MioMioRun","isPartOf":{"@id":"https:\/\/www.miomiorun.com\/es\/#website"},"primaryImageOfPage":{"@id":"https:\/\/www.miomiorun.com\/es\/producto\/endorphin-speed-5-hombre\/#primaryimage"},"image":{"@id":"https:\/\/www.miomiorun.com\/es\/producto\/endorphin-speed-5-hombre\/#primaryimage"},"thumbnailUrl":"https:\/\/www.miomiorun.com\/app\/uploads\/2026\/01\/saucony-Endorphin-Speed-5-ivory-fire-S21007-142.webp","datePublished":"2025-06-26T15:27:24+00:00","dateModified":"2026-03-03T09:13:07+00:00","description":"Zapatillas de running ligeras y reactivas con placa de nylon y tecnolog\u00eda SPEEDROLL. Ideales para carreras r\u00e1pidas y entrenamientos diarios. M\u00e1ximo impulso y agarre.","breadcrumb":{"@id":"https:\/\/www.miomiorun.com\/es\/producto\/endorphin-speed-5-hombre\/#breadcrumb"},"inLanguage":"es-ES","potentialAction":[{"@type":"ReadAction","target":["https:\/\/www.miomiorun.com\/es\/producto\/endorphin-speed-5-hombre\/"]}]},{"@type":"ImageObject","inLanguage":"es-ES","@id":"https:\/\/www.miomiorun.com\/es\/producto\/endorphin-speed-5-hombre\/#primaryimage","url":"https:\/\/www.miomiorun.com\/app\/uploads\/2026\/01\/saucony-Endorphin-Speed-5-ivory-fire-S21007-142.webp","contentUrl":"https:\/\/www.miomiorun.com\/app\/uploads\/2026\/01\/saucony-Endorphin-Speed-5-ivory-fire-S21007-142.webp","width":720,"height":720,"caption":"saucony Endorphin Speed 5 ivory fire S21007-142"},{"@type":"BreadcrumbList","@id":"https:\/\/www.miomiorun.com\/es\/producto\/endorphin-speed-5-hombre\/#breadcrumb","itemListElement":[{"@type":"ListItem","position":1,"name":"Home","item":"https:\/\/www.miomiorun.com\/es\/"},{"@type":"ListItem","position":2,"name":"Shop","item":"https:\/\/www.miomiorun.com\/shop\/"},{"@type":"ListItem","position":3,"name":"Endorphin Speed 5 hombre"}]},{"@type":"WebSite","@id":"https:\/\/www.miomiorun.com\/es\/#website","url":"https:\/\/www.miomiorun.com\/es\/","name":"MioMioRun","description":"Tienda 100% running y trail","publisher":{"@id":"https:\/\/www.miomiorun.com\/es\/#organization"},"potentialAction":[{"@type":"SearchAction","target":{"@type":"EntryPoint","urlTemplate":"https:\/\/www.miomiorun.com\/es\/?s={search_term_string}"},"query-input":{"@type":"PropertyValueSpecification","valueRequired":true,"valueName":"search_term_string"}}],"inLanguage":"es-ES"},{"@type":"Organization","@id":"https:\/\/www.miomiorun.com\/es\/#organization","name":"MioMio Run","url":"https:\/\/www.miomiorun.com\/es\/","logo":{"@type":"ImageObject","inLanguage":"es-ES","@id":"https:\/\/www.miomiorun.com\/es\/#\/schema\/logo\/image\/","url":"https:\/\/www.miomiorun.com\/app\/uploads\/2019\/12\/logomio.png","contentUrl":"https:\/\/www.miomiorun.com\/app\/uploads\/2019\/12\/logomio.png","width":115,"height":82,"caption":"MioMio Run"},"image":{"@id":"https:\/\/www.miomiorun.com\/es\/#\/schema\/logo\/image\/"},"sameAs":["https:\/\/www.facebook.com\/miomiorun\/","https:\/\/www.instagram.com\/miomiorun\/"]}]}},"_links":{"self":[{"href":"https:\/\/www.miomiorun.com\/es\/wp-json\/wp\/v2\/product\/321048","targetHints":{"allow":["GET"]}}],"collection":[{"href":"https:\/\/www.miomiorun.com\/es\/wp-json\/wp\/v2\/product"}],"about":[{"href":"https:\/\/www.miomiorun.com\/es\/wp-json\/wp\/v2\/types\/product"}],"wp:featuredmedia":[{"embeddable":true,"href":"https:\/\/www.miomiorun.com\/es\/wp-json\/wp\/v2\/media\/387070"}],"wp:attachment":[{"href":"https:\/\/www.miomiorun.com\/es\/wp-json\/wp\/v2\/media?parent=321048"}],"wp:term":[{"taxonomy":"product_brand","embeddable":true,"href":"https:\/\/www.miomiorun.com\/es\/wp-json\/wp\/v2\/product_brand?post=321048"},{"taxonomy":"product_cat","embeddable":true,"href":"https:\/\/www.miomiorun.com\/es\/wp-json\/wp\/v2\/product_cat?post=321048"},{"taxonomy":"product_tag","embeddable":true,"href":"https:\/\/www.miomiorun.com\/es\/wp-json\/wp\/v2\/product_tag?post=321048"}],"curies":[{"name":"wp","href":"https:\/\/api.w.org\/{rel}","templated":true}]}}