{"id":320813,"date":"2025-06-26T10:36:30","date_gmt":"2025-06-26T08:36:30","guid":{"rendered":"https:\/\/miomiorun.com\/?post_type=product&#038;p=320813"},"modified":"2025-08-23T16:10:04","modified_gmt":"2025-08-23T14:10:04","slug":"gafas-2946-fotocromaticas","status":"publish","type":"product","link":"https:\/\/www.miomiorun.com\/es\/producto\/gafas-2946-fotocromaticas\/","title":{"rendered":"Gafas 2946 fotocrom\u00e1ticas"},"content":{"rendered":"<div class=\"vc-row container\"><div class=\"vc-column\"><div class=\"vc-column-text\"><\/p>\n<h3>Modelo de m\u00e1scara amplia y ligera que se adapta a m\u00faltiples deportes. Las lentes fotocrom\u00e1ticas ayudan a los ojos a adaptarse a las diferentes condiciones de luz, permitiendo una visi\u00f3n c\u00f3moda sin fatigar los ojos.<br \/>\nLas lentes son fotocrom\u00e1ticas de categor\u00eda 1-4.<\/h3>\n<p>&nbsp;<\/p>\n<h3>Se suministra con estuche r\u00edgido.<\/h3>\n<div id=\"wdgCorrelazioni_WdgCode-CorrelazioniTecnologie\" class=\"WdgCode-CorrelazioniTecnologie\">\n<div id=\"CorrelazioniBoxProdottiIcone_SchedaTecnologia\" class=\"CorrelazioniBoxProdottiIcone\">\n<h2 class=\"CorrelazioniBoxProdottiIconeTitle\">Tecnolog\u00edas:<\/h2>\n<div id=\"catalogoProdottiIcone_\" class=\"catalogoProdottiElencoIcone catalogoProdottiElencoIconeSiProdotti \">\n<div id=\"idBoxProdotto_widgetCorrelazioni_18\" class=\"catalogoProdottoObject TipoScheda_SchedaTecnologia\" data-id=\"18\" data-prezzo=\"0\">\n<div class=\"catalogoProdottoItem\">\n<div class=\"catalogoProdottoImg\">\n<div class=\"catalogoProdottoImgBox\"><a class=\"paginaProdottoLink catalogoProdottoImgBoxLink\" href=\"https:\/\/www.kayaksport.it\/it\/ergo4u.php\"><img loading=\"lazy\" decoding=\"async\" class=\"\" title=\"NASELLO REGOLABILE\" src=\"https:\/\/www.kayaksport.it\/Images\/Thumbnails\/ico_nasello-236-122-ResponsivoRect.jpg\" alt=\"NASELLO REGOLABILE\" width=\"199\" height=\"199\" \/><\/a><\/div>\n<\/div>\n<div class=\"ContenitoreDatiTecnologia\">\n<div class=\"catalogoProdottoNomeLink\"><strong>PUENTE NASAL AJUSTABLE<\/strong><\/div>\n<div class=\"catalogoProdottoDescrizione\">\n<p>Combinaci\u00f3n de \u00abTERMINALES AJUSTABLES\u00bb y \u00abPUENTE NASAL AJUSTABLE\u00bb<\/p>\n<p>La tecnolog\u00eda ergo4U proporciona la m\u00e1xima comodidad al deportista, evitando molestias bajo el casco o roces en la cavidad nasal. Para los deportes de invierno, ergo4U tambi\u00e9n garantiza la banda el\u00e1stica adecuada y la esponja interna para impedir el paso del aire.<\/p>\n<\/div>\n<\/div>\n<\/div>\n<\/div>\n<div id=\"idBoxProdotto_widgetCorrelazioni_20\" class=\"catalogoProdottoObject TipoScheda_SchedaTecnologia\" data-id=\"20\" data-prezzo=\"0\">\n<div class=\"catalogoProdottoItem\">\n<div class=\"catalogoProdottoImg\">\n<div class=\"catalogoProdottoImgBox\"><a class=\"paginaProdottoLink catalogoProdottoImgBoxLink\" href=\"https:\/\/www.kayaksport.it\/it\/kayacool.php\"><img loading=\"lazy\" decoding=\"async\" class=\"\" title=\"VENTILAZIONE PERMANENTE\" src=\"https:\/\/www.kayaksport.it\/Images\/Thumbnails\/ico_ventilazione_permanente-237-129-ResponsivoRect.jpg\" alt=\"VENTILAZIONE PERMANENTE\" width=\"197\" height=\"197\" \/><\/a><\/div>\n<\/div>\n<div class=\"ContenitoreDatiTecnologia\">\n<div class=\"catalogoProdottoNomeLink\"><strong>VENTILACI\u00d3N PERMANENTE<\/strong><\/div>\n<div class=\"catalogoProdottoDescrizione\">\n<p>La tecnolog\u00eda kayaCOOL est\u00e1 presente en un n\u00famero muy selecto de monturas: garantiza una ventilaci\u00f3n permanente, muy \u00fatil en los deportes de resistencia, y tambi\u00e9n es capaz de reducir considerablemente el peso de la montura.<\/p>\n<\/div>\n<\/div>\n<\/div>\n<\/div>\n<div id=\"idBoxProdotto_widgetCorrelazioni_21\" class=\"catalogoProdottoObject TipoScheda_SchedaTecnologia\" data-id=\"21\" data-prezzo=\"0\">\n<div class=\"catalogoProdottoItem\">\n<div class=\"catalogoProdottoImg\">\n<div class=\"catalogoProdottoImgBox\"><a class=\"paginaProdottoLink catalogoProdottoImgBoxLink\" href=\"https:\/\/www.kayaksport.it\/it\/aste-regolabili.php\"><img loading=\"lazy\" decoding=\"async\" class=\"\" title=\"Aste regolabili\" src=\"https:\/\/www.kayaksport.it\/Images\/Thumbnails\/ico_aste_regolabili-238-115-ResponsivoRect.jpg\" alt=\"Aste regolabili\" width=\"198\" height=\"198\" \/><\/a><\/div>\n<\/div>\n<div class=\"ContenitoreDatiTecnologia\">\n<div class=\"catalogoProdottoNomeLink\"><strong>Patillas ajustables<\/strong><\/div>\n<div class=\"catalogoProdottoDescrizione\">\n<p>Las patillas se pueden ajustar para un ajuste perfecto y una excelente sujeci\u00f3n, con solo una ligera presi\u00f3n.<\/p>\n<\/div>\n<\/div>\n<\/div>\n<\/div>\n<div id=\"idBoxProdotto_widgetCorrelazioni_23\" class=\"catalogoProdottoObject TipoScheda_SchedaTecnologia\" data-id=\"23\" data-prezzo=\"0\">\n<div class=\"catalogoProdottoItem\">\n<div class=\"catalogoProdottoImg\">\n<div class=\"catalogoProdottoImgBox\"><a class=\"paginaProdottoLink catalogoProdottoImgBoxLink\" href=\"https:\/\/www.kayaksport.it\/it\/protezione-raggi-uv.php\"><img loading=\"lazy\" decoding=\"async\" class=\"\" title=\"Protezione raggi UV\" src=\"https:\/\/www.kayaksport.it\/Images\/Thumbnails\/ico_UV-273-128-ResponsivoRect.jpg\" alt=\"Protezione raggi UV\" width=\"198\" height=\"198\" \/><\/a><\/div>\n<\/div>\n<div class=\"ContenitoreDatiTecnologia\">\n<div class=\"catalogoProdottoNomeLink\"><strong>Protecci\u00f3n contra los rayos UV<\/strong><\/div>\n<div><\/div>\n<div class=\"catalogoProdottoDescrizione\">\n<div>Las gafas de sol no son solo un accesorio con fines est\u00e9ticos, sino que tienen la funci\u00f3n de proteger el ojo humano de la exposici\u00f3n a los rayos UV. Una exposici\u00f3n excesiva a estos rayos puede causar, a corto o largo plazo, enfermedades y trastornos como fotoceratitis, cataratas y diversas formas de c\u00e1ncer. Desde el \u00e1mbito m\u00e9dico, muchos expertos anuncian la importancia de las gafas para garantizar una adecuada <strong>protecci\u00f3n contra los rayos UV.<\/strong><\/div>\n<div>En los \u00faltimos a\u00f1os, los estudios han demostrado que incluso los rayos HVB (luz azul) pueden causar da\u00f1os en el ojo humano, como la degeneraci\u00f3n macular. Los ni\u00f1os y las personas mayores son los que m\u00e1s pueden verse afectados, por lo que las empresas han comenzado a fabricar gafas capaces de garantizar una protecci\u00f3n eficaz tambi\u00e9n contra los rayos HVB.<\/div>\n<\/div>\n<\/div>\n<\/div>\n<\/div>\n<div id=\"idBoxProdotto_widgetCorrelazioni_136\" class=\"catalogoProdottoObject TipoScheda_SchedaTecnologia\" data-id=\"136\" data-prezzo=\"0\">\n<div class=\"catalogoProdottoItem\">\n<div class=\"catalogoProdottoImg\">\n<div class=\"catalogoProdottoImgBox\"><a class=\"paginaProdottoLink catalogoProdottoImgBoxLink\" href=\"https:\/\/www.kayaksport.it\/it\/lenti-fotocromatiche.php\"><img loading=\"lazy\" decoding=\"async\" class=\"\" title=\"LENTI FOTOCROMATICHE\" src=\"https:\/\/www.kayaksport.it\/Images\/Thumbnails\/lente-fotocromatica-483-ResponsivoRect.png\" alt=\"LENTI FOTOCROMATICHE\" width=\"199\" height=\"99\" \/><\/a><\/div>\n<\/div>\n<div class=\"ContenitoreDatiTecnologia\">\n<div class=\"catalogoProdottoNomeLink\"><strong>LENTES FOTOCROM\u00c1TICAS<\/strong><\/div>\n<div><\/div>\n<div class=\"catalogoProdottoDescrizione\">Las lentes fotocrom\u00e1ticas son capaces de cambiar de color en funci\u00f3n de las condiciones de luz exteriores.<br \/>\nEl proceso por el que las lentes se oscurecen es qu\u00edmico-f\u00edsico. Los pigmentos qu\u00edmicos utilizados, al recibir luz, modifican su conformaci\u00f3n cambiando de color y haciendo que la lente se vuelva de color. Cuanto m\u00e1s intensa sea la luz, mayor ser\u00e1 el oscurecimiento de la lente.<\/div>\n<\/div>\n<\/div>\n<\/div>\n<\/div>\n<\/div>\n<\/div>\n<p><\/div><\/div><\/div>\n","protected":false},"excerpt":{"rendered":"<ul>\n<li>lentes certificadas<\/li>\n<li>protecci\u00f3n contra los rayos UV<\/li>\n<li>dise\u00f1o made in Italy<\/li>\n<\/ul>\n","protected":false},"featured_media":338689,"template":"","meta":{"_acf_changed":false,"inline_featured_image":false},"product_brand":[],"product_cat":[24205,24219],"product_tag":[34035],"class_list":{"0":"post-320813","1":"product","2":"type-product","3":"status-publish","4":"has-post-thumbnail","6":"product_cat-accesorios","7":"product_cat-gafas","8":"product_tag-kayak-es","9":"pa_attivita-caminar","10":"pa_attivita-lifestyle-es","11":"pa_attivita-outdoor-es","12":"pa_attivita-running-es","13":"pa_attivita-trail-es","14":"pa_colore-occhiale-2946-fotocromatico-nero-es","15":"pa_marca-kayak-es","16":"pa_sesso-hombre","17":"pa_sesso-mujer","19":"first","20":"instock","21":"sale","22":"taxable","23":"shipping-taxable","24":"purchasable","25":"product-type-variable","26":"has-default-attributes","27":"wvs-archive-product-wrapper"},"acf":[],"yoast_head":"<!-- This site is optimized with the Yoast SEO plugin v26.8 - https:\/\/yoast.com\/product\/yoast-seo-wordpress\/ -->\n<title>Kayak Gafas 2946 fotocrom\u00e1ticas - Gafas de running - MioMioRun.com<\/title>\n<meta name=\"description\" content=\"Gafas 2946 fotocrom\u00e1ticas: gafas deportivas con lentes cat. 1-4 que se adaptan a la luz. Ligeras y c\u00f3modas, incluyen estuche r\u00edgido.\" \/>\n<meta name=\"robots\" content=\"index, follow, max-snippet:-1, max-image-preview:large, max-video-preview:-1\" \/>\n<link rel=\"canonical\" href=\"https:\/\/www.miomiorun.com\/es\/producto\/gafas-2946-fotocromaticas\/\" \/>\n<meta property=\"og:locale\" content=\"es_ES\" \/>\n<meta property=\"og:type\" content=\"article\" \/>\n<meta property=\"og:title\" content=\"Kayak Gafas 2946 fotocrom\u00e1ticas - Gafas de running - MioMioRun.com\" \/>\n<meta property=\"og:description\" content=\"Gafas 2946 fotocrom\u00e1ticas: gafas deportivas con lentes cat. 1-4 que se adaptan a la luz. Ligeras y c\u00f3modas, incluyen estuche r\u00edgido.\" \/>\n<meta property=\"og:url\" content=\"https:\/\/www.miomiorun.com\/es\/producto\/gafas-2946-fotocromaticas\/\" \/>\n<meta property=\"og:site_name\" content=\"MioMioRun\" \/>\n<meta property=\"article:publisher\" content=\"https:\/\/www.facebook.com\/miomiorun\/\" \/>\n<meta property=\"article:modified_time\" content=\"2025-08-23T14:10:04+00:00\" \/>\n<meta property=\"og:image\" content=\"https:\/\/www.miomiorun.com\/app\/uploads\/2025\/08\/kayak-Occhiale-2946-fotocromatico-nero-2946PHNE.webp\" \/>\n\t<meta property=\"og:image:width\" content=\"720\" \/>\n\t<meta property=\"og:image:height\" content=\"720\" \/>\n\t<meta property=\"og:image:type\" content=\"image\/webp\" \/>\n<meta name=\"twitter:card\" content=\"summary_large_image\" \/>\n<meta name=\"twitter:label1\" content=\"Est. reading time\" \/>\n\t<meta name=\"twitter:data1\" content=\"2 minutes\" \/>\n<script type=\"application\/ld+json\" class=\"yoast-schema-graph\">{\"@context\":\"https:\/\/schema.org\",\"@graph\":[{\"@type\":\"WebPage\",\"@id\":\"https:\/\/www.miomiorun.com\/es\/producto\/gafas-2946-fotocromaticas\/\",\"url\":\"https:\/\/www.miomiorun.com\/es\/producto\/gafas-2946-fotocromaticas\/\",\"name\":\"Kayak Gafas 2946 fotocrom\u00e1ticas - Gafas de running - MioMioRun.com\",\"isPartOf\":{\"@id\":\"https:\/\/www.miomiorun.com\/es\/#website\"},\"primaryImageOfPage\":{\"@id\":\"https:\/\/www.miomiorun.com\/es\/producto\/gafas-2946-fotocromaticas\/#primaryimage\"},\"image\":{\"@id\":\"https:\/\/www.miomiorun.com\/es\/producto\/gafas-2946-fotocromaticas\/#primaryimage\"},\"thumbnailUrl\":\"https:\/\/www.miomiorun.com\/app\/uploads\/2025\/08\/kayak-Occhiale-2946-fotocromatico-nero-2946PHNE.webp\",\"datePublished\":\"2025-06-26T08:36:30+00:00\",\"dateModified\":\"2025-08-23T14:10:04+00:00\",\"description\":\"Gafas 2946 fotocrom\u00e1ticas: gafas deportivas con lentes cat. 1-4 que se adaptan a la luz. Ligeras y c\u00f3modas, incluyen estuche r\u00edgido.\",\"breadcrumb\":{\"@id\":\"https:\/\/www.miomiorun.com\/es\/producto\/gafas-2946-fotocromaticas\/#breadcrumb\"},\"inLanguage\":\"es-ES\",\"potentialAction\":[{\"@type\":\"ReadAction\",\"target\":[\"https:\/\/www.miomiorun.com\/es\/producto\/gafas-2946-fotocromaticas\/\"]}]},{\"@type\":\"ImageObject\",\"inLanguage\":\"es-ES\",\"@id\":\"https:\/\/www.miomiorun.com\/es\/producto\/gafas-2946-fotocromaticas\/#primaryimage\",\"url\":\"https:\/\/www.miomiorun.com\/app\/uploads\/2025\/08\/kayak-Occhiale-2946-fotocromatico-nero-2946PHNE.webp\",\"contentUrl\":\"https:\/\/www.miomiorun.com\/app\/uploads\/2025\/08\/kayak-Occhiale-2946-fotocromatico-nero-2946PHNE.webp\",\"width\":720,\"height\":720,\"caption\":\"kayak Occhiale 2946 fotocromatico nero 2946PHNE\"},{\"@type\":\"BreadcrumbList\",\"@id\":\"https:\/\/www.miomiorun.com\/es\/producto\/gafas-2946-fotocromaticas\/#breadcrumb\",\"itemListElement\":[{\"@type\":\"ListItem\",\"position\":1,\"name\":\"Home\",\"item\":\"https:\/\/www.miomiorun.com\/es\/\"},{\"@type\":\"ListItem\",\"position\":2,\"name\":\"Shop\",\"item\":\"https:\/\/www.miomiorun.com\/shop\/\"},{\"@type\":\"ListItem\",\"position\":3,\"name\":\"Gafas 2946 fotocrom\u00e1ticas\"}]},{\"@type\":\"WebSite\",\"@id\":\"https:\/\/www.miomiorun.com\/es\/#website\",\"url\":\"https:\/\/www.miomiorun.com\/es\/\",\"name\":\"MioMioRun\",\"description\":\"Tienda 100% running y trail\",\"publisher\":{\"@id\":\"https:\/\/www.miomiorun.com\/es\/#organization\"},\"potentialAction\":[{\"@type\":\"SearchAction\",\"target\":{\"@type\":\"EntryPoint\",\"urlTemplate\":\"https:\/\/www.miomiorun.com\/es\/?s={search_term_string}\"},\"query-input\":{\"@type\":\"PropertyValueSpecification\",\"valueRequired\":true,\"valueName\":\"search_term_string\"}}],\"inLanguage\":\"es-ES\"},{\"@type\":\"Organization\",\"@id\":\"https:\/\/www.miomiorun.com\/es\/#organization\",\"name\":\"MioMio Run\",\"url\":\"https:\/\/www.miomiorun.com\/es\/\",\"logo\":{\"@type\":\"ImageObject\",\"inLanguage\":\"es-ES\",\"@id\":\"https:\/\/www.miomiorun.com\/es\/#\/schema\/logo\/image\/\",\"url\":\"https:\/\/www.miomiorun.com\/app\/uploads\/2019\/12\/logomio.png\",\"contentUrl\":\"https:\/\/www.miomiorun.com\/app\/uploads\/2019\/12\/logomio.png\",\"width\":115,\"height\":82,\"caption\":\"MioMio Run\"},\"image\":{\"@id\":\"https:\/\/www.miomiorun.com\/es\/#\/schema\/logo\/image\/\"},\"sameAs\":[\"https:\/\/www.facebook.com\/miomiorun\/\",\"https:\/\/www.instagram.com\/miomiorun\/\"]}]}<\/script>\n<!-- \/ Yoast SEO plugin. -->","yoast_head_json":{"title":"Kayak Gafas 2946 fotocrom\u00e1ticas - Gafas de running - MioMioRun.com","description":"Gafas 2946 fotocrom\u00e1ticas: gafas deportivas con lentes cat. 1-4 que se adaptan a la luz. Ligeras y c\u00f3modas, incluyen estuche r\u00edgido.","robots":{"index":"index","follow":"follow","max-snippet":"max-snippet:-1","max-image-preview":"max-image-preview:large","max-video-preview":"max-video-preview:-1"},"canonical":"https:\/\/www.miomiorun.com\/es\/producto\/gafas-2946-fotocromaticas\/","og_locale":"es_ES","og_type":"article","og_title":"Kayak Gafas 2946 fotocrom\u00e1ticas - Gafas de running - MioMioRun.com","og_description":"Gafas 2946 fotocrom\u00e1ticas: gafas deportivas con lentes cat. 1-4 que se adaptan a la luz. Ligeras y c\u00f3modas, incluyen estuche r\u00edgido.","og_url":"https:\/\/www.miomiorun.com\/es\/producto\/gafas-2946-fotocromaticas\/","og_site_name":"MioMioRun","article_publisher":"https:\/\/www.facebook.com\/miomiorun\/","article_modified_time":"2025-08-23T14:10:04+00:00","og_image":[{"width":720,"height":720,"url":"https:\/\/www.miomiorun.com\/app\/uploads\/2025\/08\/kayak-Occhiale-2946-fotocromatico-nero-2946PHNE.webp","type":"image\/webp"}],"twitter_card":"summary_large_image","twitter_misc":{"Est. reading time":"2 minutes"},"schema":{"@context":"https:\/\/schema.org","@graph":[{"@type":"WebPage","@id":"https:\/\/www.miomiorun.com\/es\/producto\/gafas-2946-fotocromaticas\/","url":"https:\/\/www.miomiorun.com\/es\/producto\/gafas-2946-fotocromaticas\/","name":"Kayak Gafas 2946 fotocrom\u00e1ticas - Gafas de running - MioMioRun.com","isPartOf":{"@id":"https:\/\/www.miomiorun.com\/es\/#website"},"primaryImageOfPage":{"@id":"https:\/\/www.miomiorun.com\/es\/producto\/gafas-2946-fotocromaticas\/#primaryimage"},"image":{"@id":"https:\/\/www.miomiorun.com\/es\/producto\/gafas-2946-fotocromaticas\/#primaryimage"},"thumbnailUrl":"https:\/\/www.miomiorun.com\/app\/uploads\/2025\/08\/kayak-Occhiale-2946-fotocromatico-nero-2946PHNE.webp","datePublished":"2025-06-26T08:36:30+00:00","dateModified":"2025-08-23T14:10:04+00:00","description":"Gafas 2946 fotocrom\u00e1ticas: gafas deportivas con lentes cat. 1-4 que se adaptan a la luz. Ligeras y c\u00f3modas, incluyen estuche r\u00edgido.","breadcrumb":{"@id":"https:\/\/www.miomiorun.com\/es\/producto\/gafas-2946-fotocromaticas\/#breadcrumb"},"inLanguage":"es-ES","potentialAction":[{"@type":"ReadAction","target":["https:\/\/www.miomiorun.com\/es\/producto\/gafas-2946-fotocromaticas\/"]}]},{"@type":"ImageObject","inLanguage":"es-ES","@id":"https:\/\/www.miomiorun.com\/es\/producto\/gafas-2946-fotocromaticas\/#primaryimage","url":"https:\/\/www.miomiorun.com\/app\/uploads\/2025\/08\/kayak-Occhiale-2946-fotocromatico-nero-2946PHNE.webp","contentUrl":"https:\/\/www.miomiorun.com\/app\/uploads\/2025\/08\/kayak-Occhiale-2946-fotocromatico-nero-2946PHNE.webp","width":720,"height":720,"caption":"kayak Occhiale 2946 fotocromatico nero 2946PHNE"},{"@type":"BreadcrumbList","@id":"https:\/\/www.miomiorun.com\/es\/producto\/gafas-2946-fotocromaticas\/#breadcrumb","itemListElement":[{"@type":"ListItem","position":1,"name":"Home","item":"https:\/\/www.miomiorun.com\/es\/"},{"@type":"ListItem","position":2,"name":"Shop","item":"https:\/\/www.miomiorun.com\/shop\/"},{"@type":"ListItem","position":3,"name":"Gafas 2946 fotocrom\u00e1ticas"}]},{"@type":"WebSite","@id":"https:\/\/www.miomiorun.com\/es\/#website","url":"https:\/\/www.miomiorun.com\/es\/","name":"MioMioRun","description":"Tienda 100% running y trail","publisher":{"@id":"https:\/\/www.miomiorun.com\/es\/#organization"},"potentialAction":[{"@type":"SearchAction","target":{"@type":"EntryPoint","urlTemplate":"https:\/\/www.miomiorun.com\/es\/?s={search_term_string}"},"query-input":{"@type":"PropertyValueSpecification","valueRequired":true,"valueName":"search_term_string"}}],"inLanguage":"es-ES"},{"@type":"Organization","@id":"https:\/\/www.miomiorun.com\/es\/#organization","name":"MioMio Run","url":"https:\/\/www.miomiorun.com\/es\/","logo":{"@type":"ImageObject","inLanguage":"es-ES","@id":"https:\/\/www.miomiorun.com\/es\/#\/schema\/logo\/image\/","url":"https:\/\/www.miomiorun.com\/app\/uploads\/2019\/12\/logomio.png","contentUrl":"https:\/\/www.miomiorun.com\/app\/uploads\/2019\/12\/logomio.png","width":115,"height":82,"caption":"MioMio Run"},"image":{"@id":"https:\/\/www.miomiorun.com\/es\/#\/schema\/logo\/image\/"},"sameAs":["https:\/\/www.facebook.com\/miomiorun\/","https:\/\/www.instagram.com\/miomiorun\/"]}]}},"_links":{"self":[{"href":"https:\/\/www.miomiorun.com\/es\/wp-json\/wp\/v2\/product\/320813","targetHints":{"allow":["GET"]}}],"collection":[{"href":"https:\/\/www.miomiorun.com\/es\/wp-json\/wp\/v2\/product"}],"about":[{"href":"https:\/\/www.miomiorun.com\/es\/wp-json\/wp\/v2\/types\/product"}],"wp:featuredmedia":[{"embeddable":true,"href":"https:\/\/www.miomiorun.com\/es\/wp-json\/wp\/v2\/media\/338689"}],"wp:attachment":[{"href":"https:\/\/www.miomiorun.com\/es\/wp-json\/wp\/v2\/media?parent=320813"}],"wp:term":[{"taxonomy":"product_brand","embeddable":true,"href":"https:\/\/www.miomiorun.com\/es\/wp-json\/wp\/v2\/product_brand?post=320813"},{"taxonomy":"product_cat","embeddable":true,"href":"https:\/\/www.miomiorun.com\/es\/wp-json\/wp\/v2\/product_cat?post=320813"},{"taxonomy":"product_tag","embeddable":true,"href":"https:\/\/www.miomiorun.com\/es\/wp-json\/wp\/v2\/product_tag?post=320813"}],"curies":[{"name":"wp","href":"https:\/\/api.w.org\/{rel}","templated":true}]}}