{"id":320677,"date":"2025-06-24T16:01:52","date_gmt":"2025-06-24T14:01:52","guid":{"rendered":"https:\/\/miomiorun.com\/?post_type=product&#038;p=320677"},"modified":"2025-08-23T12:12:10","modified_gmt":"2025-08-23T10:12:10","slug":"gafas-2962","status":"publish","type":"product","link":"https:\/\/www.miomiorun.com\/es\/producto\/gafas-2962\/","title":{"rendered":"Gafas 2962"},"content":{"rendered":"<h3>Gafas ultraligeras, \u00fanicas en su forma y concepto. Las lentes tipo m\u00e1scara garantizan un campo de visi\u00f3n amplio y sin obst\u00e1culos, mientras que las entradas de aire situadas en las lentes garantizan una ventilaci\u00f3n constante que refresca al deportista sin perturbar la visi\u00f3n.<\/h3>\n<h3>Se suministran con estuche r\u00edgido.<\/h3>\n<h2 class=\"CorrelazioniBoxProdottiIconeTitle\">Tecnolog\u00edas:<\/h2>\n<div id=\"catalogoProdottiIcone_\" class=\"catalogoProdottiElencoIcone catalogoProdottiElencoIconeSiProdotti  \">\n<div id=\"idBoxProdotto_widgetCorrelazioni_18\" class=\"catalogoProdottoObject  TipoScheda_SchedaTecnologia\" data-id=\"18\" data-prezzo=\"0\">\n<div class=\"catalogoProdottoItem\">\n<div class=\"catalogoProdottoImg\">\n<div class=\"catalogoProdottoImgBox\"><a class=\"paginaProdottoLink catalogoProdottoImgBoxLink\" href=\"https:\/\/www.kayaksport.it\/it\/ergo4u.php\"><img loading=\"lazy\" decoding=\"async\" class=\"\" title=\"NASELLO REGOLABILE\" src=\"https:\/\/www.kayaksport.it\/Images\/Thumbnails\/ico_nasello-236-122-ResponsivoRect.jpg\" alt=\"NASELLO REGOLABILE\" width=\"198\" height=\"198\"><\/a><\/div>\n<\/div>\n<div class=\"ContenitoreDatiTecnologia\">\n<div class=\"catalogoProdottoNomeLink\"><strong>PUENTE NASAL AJUSTABLE<\/strong><\/div>\n<div class=\"catalogoProdottoDescrizione\">\n<p>Combinaci\u00f3n de \u00abTERMINALES AJUSTABLES\u00bb y \u00abPUENTE NASAL AJUSTABLE\u00bb<\/p>\n<p>La tecnolog\u00eda ergo4U proporciona la m\u00e1xima comodidad al deportista, evitando molestias bajo el casco o roces en la cavidad nasal. Para los deportes de invierno, ergo4U tambi\u00e9n garantiza la banda el\u00e1stica adecuada y la esponja interna para impedir el paso del aire.<\/p>\n<\/div>\n<\/div>\n<\/div>\n<\/div>\n<div id=\"idBoxProdotto_widgetCorrelazioni_20\" class=\"catalogoProdottoObject  TipoScheda_SchedaTecnologia\" data-id=\"20\" data-prezzo=\"0\">\n<div class=\"catalogoProdottoItem\">\n<div class=\"catalogoProdottoImg\">\n<div class=\"catalogoProdottoImgBox\"><a class=\"paginaProdottoLink catalogoProdottoImgBoxLink\" href=\"https:\/\/www.kayaksport.it\/it\/kayacool.php\"><img loading=\"lazy\" decoding=\"async\" class=\"\" title=\"VENTILAZIONE PERMANENTE\" src=\"https:\/\/www.kayaksport.it\/Images\/Thumbnails\/ico_ventilazione_permanente-237-129-ResponsivoRect.jpg\" alt=\"VENTILAZIONE PERMANENTE\" width=\"198\" height=\"198\"><\/a><\/div>\n<\/div>\n<div class=\"ContenitoreDatiTecnologia\">\n<div class=\"catalogoProdottoNomeLink\"><strong>VENTILACI\u00d3N PERMANENTE<\/strong><\/div>\n<div class=\"catalogoProdottoDescrizione\">\n<p>La tecnolog\u00eda kayaCOOL est\u00e1 presente en un n\u00famero muy selecto de monturas: garantiza una ventilaci\u00f3n permanente, muy \u00fatil en los deportes de resistencia, y tambi\u00e9n es capaz de reducir considerablemente el peso de la montura.<\/p>\n<\/div>\n<\/div>\n<\/div>\n<\/div>\n<div id=\"idBoxProdotto_widgetCorrelazioni_21\" class=\"catalogoProdottoObject  TipoScheda_SchedaTecnologia\" data-id=\"21\" data-prezzo=\"0\">\n<div class=\"catalogoProdottoItem\">\n<div class=\"catalogoProdottoImg\">\n<div class=\"catalogoProdottoImgBox\"><a class=\"paginaProdottoLink catalogoProdottoImgBoxLink\" href=\"https:\/\/www.kayaksport.it\/it\/aste-regolabili.php\"><img loading=\"lazy\" decoding=\"async\" class=\"\" title=\"Aste regolabili\" src=\"https:\/\/www.kayaksport.it\/Images\/Thumbnails\/ico_aste_regolabili-238-115-ResponsivoRect.jpg\" alt=\"Aste regolabili\" width=\"199\" height=\"199\"><\/a><\/div>\n<\/div>\n<div class=\"ContenitoreDatiTecnologia\">\n<div class=\"catalogoProdottoNomeLink\"><strong>Patillas ajustables<\/strong><\/div>\n<div class=\"catalogoProdottoDescrizione\">\n<p>Las patillas se pueden ajustar para un ajuste perfecto y una excelente sujeci\u00f3n, con solo una ligera presi\u00f3n.<\/p>\n<\/div>\n<\/div>\n<\/div>\n<\/div>\n<div id=\"idBoxProdotto_widgetCorrelazioni_23\" class=\"catalogoProdottoObject  TipoScheda_SchedaTecnologia\" data-id=\"23\" data-prezzo=\"0\">\n<div class=\"catalogoProdottoItem\">\n<div class=\"catalogoProdottoImg\">\n<div class=\"catalogoProdottoImgBox\"><a class=\"paginaProdottoLink catalogoProdottoImgBoxLink\" href=\"https:\/\/www.kayaksport.it\/it\/protezione-raggi-uv.php\"><img loading=\"lazy\" decoding=\"async\" class=\"\" title=\"Protezione raggi UV\" src=\"https:\/\/www.kayaksport.it\/Images\/Thumbnails\/ico_UV-273-128-ResponsivoRect.jpg\" alt=\"Protezione raggi UV\" width=\"199\" height=\"199\"><\/a><\/div>\n<\/div>\n<div class=\"ContenitoreDatiTecnologia\">\n<div class=\"catalogoProdottoNomeLink\"><strong>Protecci\u00f3n contra los rayos UV<\/strong><\/div>\n<div><\/div>\n<div class=\"catalogoProdottoDescrizione\">\n<div>Las gafas de sol no son solo un accesorio con fines est\u00e9ticos, sino que tienen la funci\u00f3n de proteger el ojo humano de la exposici\u00f3n a los rayos UV. Una exposici\u00f3n excesiva a estos rayos puede causar, a corto o largo plazo, enfermedades y trastornos como fotoceratitis, cataratas y diversas formas de c\u00e1ncer. Desde el \u00e1mbito m\u00e9dico, muchos expertos anuncian la importancia de las gafas para garantizar una adecuada <strong>protecci\u00f3n contra los rayos UV.<\/strong><\/div>\n<div>En los \u00faltimos a\u00f1os, los estudios han demostrado que incluso los rayos HVB (luz azul) pueden causar da\u00f1os en el ojo humano, como la degeneraci\u00f3n macular. Los ni\u00f1os y las personas mayores son los que m\u00e1s pueden verse afectados, por lo que las empresas han comenzado a fabricar gafas capaces de garantizar una protecci\u00f3n eficaz tambi\u00e9n contra los rayos HVB.\n<\/div>\n<\/div>\n<\/div>\n<\/div>\n<\/div>\n<\/div>\n","protected":false},"excerpt":{"rendered":"<ul>\n<li>lentes certificadas<\/li>\n<li>protecci\u00f3n contra los rayos UV<\/li>\n<li>dise\u00f1o made in Italy<\/li>\n<\/ul>\n","protected":false},"featured_media":338709,"template":"","meta":{"_acf_changed":false,"inline_featured_image":false},"product_brand":[],"product_cat":[24205,24219],"product_tag":[34035],"class_list":{"0":"post-320677","1":"product","2":"type-product","3":"status-publish","4":"has-post-thumbnail","6":"product_cat-accesorios","7":"product_cat-gafas","8":"product_tag-kayak-es","9":"pa_attivita-caminar","10":"pa_attivita-lifestyle-es","11":"pa_attivita-outdoor-es","12":"pa_attivita-running-es","13":"pa_attivita-trail-es","14":"pa_colore-occhiale-2962-rosso-es","15":"pa_marca-kayak-es","16":"pa_sesso-hombre","17":"pa_sesso-mujer","19":"first","20":"instock","21":"taxable","22":"shipping-taxable","23":"purchasable","24":"product-type-variable","25":"wvs-archive-product-wrapper"},"acf":[],"yoast_head":"<!-- This site is optimized with the Yoast SEO plugin v26.8 - https:\/\/yoast.com\/product\/yoast-seo-wordpress\/ -->\n<title>Kayak Gafas 2962 - Gafas de running - MioMioRun.com<\/title>\n<meta name=\"description\" content=\"Kayak 2962 ultraligero con lente tipo m\u00e1scara para una visi\u00f3n amplia y entradas de aire integradas para una ventilaci\u00f3n constante. M\u00e1ximo confort y rendimiento.\" \/>\n<meta name=\"robots\" content=\"index, follow, max-snippet:-1, max-image-preview:large, max-video-preview:-1\" \/>\n<link rel=\"canonical\" href=\"https:\/\/www.miomiorun.com\/es\/producto\/gafas-2962\/\" \/>\n<meta property=\"og:locale\" content=\"es_ES\" \/>\n<meta property=\"og:type\" content=\"article\" \/>\n<meta property=\"og:title\" content=\"Kayak Gafas 2962 - Gafas de running - MioMioRun.com\" \/>\n<meta property=\"og:description\" content=\"Kayak 2962 ultraligero con lente tipo m\u00e1scara para una visi\u00f3n amplia y entradas de aire integradas para una ventilaci\u00f3n constante. M\u00e1ximo confort y rendimiento.\" \/>\n<meta property=\"og:url\" content=\"https:\/\/www.miomiorun.com\/es\/producto\/gafas-2962\/\" \/>\n<meta property=\"og:site_name\" content=\"MioMioRun\" \/>\n<meta property=\"article:publisher\" content=\"https:\/\/www.facebook.com\/miomiorun\/\" \/>\n<meta property=\"article:modified_time\" content=\"2025-08-23T10:12:10+00:00\" \/>\n<meta property=\"og:image\" content=\"https:\/\/www.miomiorun.com\/app\/uploads\/2025\/08\/kayak-Occhiale-2962-rosso-2962RO.webp\" \/>\n\t<meta property=\"og:image:width\" content=\"720\" \/>\n\t<meta property=\"og:image:height\" content=\"720\" \/>\n\t<meta property=\"og:image:type\" content=\"image\/webp\" \/>\n<meta name=\"twitter:card\" content=\"summary_large_image\" \/>\n<meta name=\"twitter:label1\" content=\"Est. reading time\" \/>\n\t<meta name=\"twitter:data1\" content=\"2 minutes\" \/>\n<script type=\"application\/ld+json\" class=\"yoast-schema-graph\">{\"@context\":\"https:\/\/schema.org\",\"@graph\":[{\"@type\":\"WebPage\",\"@id\":\"https:\/\/www.miomiorun.com\/es\/producto\/gafas-2962\/\",\"url\":\"https:\/\/www.miomiorun.com\/es\/producto\/gafas-2962\/\",\"name\":\"Kayak Gafas 2962 - Gafas de running - MioMioRun.com\",\"isPartOf\":{\"@id\":\"https:\/\/www.miomiorun.com\/es\/#website\"},\"primaryImageOfPage\":{\"@id\":\"https:\/\/www.miomiorun.com\/es\/producto\/gafas-2962\/#primaryimage\"},\"image\":{\"@id\":\"https:\/\/www.miomiorun.com\/es\/producto\/gafas-2962\/#primaryimage\"},\"thumbnailUrl\":\"https:\/\/www.miomiorun.com\/app\/uploads\/2025\/08\/kayak-Occhiale-2962-rosso-2962RO.webp\",\"datePublished\":\"2025-06-24T14:01:52+00:00\",\"dateModified\":\"2025-08-23T10:12:10+00:00\",\"description\":\"Kayak 2962 ultraligero con lente tipo m\u00e1scara para una visi\u00f3n amplia y entradas de aire integradas para una ventilaci\u00f3n constante. M\u00e1ximo confort y rendimiento.\",\"breadcrumb\":{\"@id\":\"https:\/\/www.miomiorun.com\/es\/producto\/gafas-2962\/#breadcrumb\"},\"inLanguage\":\"es-ES\",\"potentialAction\":[{\"@type\":\"ReadAction\",\"target\":[\"https:\/\/www.miomiorun.com\/es\/producto\/gafas-2962\/\"]}]},{\"@type\":\"ImageObject\",\"inLanguage\":\"es-ES\",\"@id\":\"https:\/\/www.miomiorun.com\/es\/producto\/gafas-2962\/#primaryimage\",\"url\":\"https:\/\/www.miomiorun.com\/app\/uploads\/2025\/08\/kayak-Occhiale-2962-rosso-2962RO.webp\",\"contentUrl\":\"https:\/\/www.miomiorun.com\/app\/uploads\/2025\/08\/kayak-Occhiale-2962-rosso-2962RO.webp\",\"width\":720,\"height\":720,\"caption\":\"kayak Occhiale 2962 rosso 2962RO\"},{\"@type\":\"BreadcrumbList\",\"@id\":\"https:\/\/www.miomiorun.com\/es\/producto\/gafas-2962\/#breadcrumb\",\"itemListElement\":[{\"@type\":\"ListItem\",\"position\":1,\"name\":\"Home\",\"item\":\"https:\/\/www.miomiorun.com\/es\/\"},{\"@type\":\"ListItem\",\"position\":2,\"name\":\"Shop\",\"item\":\"https:\/\/www.miomiorun.com\/shop\/\"},{\"@type\":\"ListItem\",\"position\":3,\"name\":\"Gafas 2962\"}]},{\"@type\":\"WebSite\",\"@id\":\"https:\/\/www.miomiorun.com\/es\/#website\",\"url\":\"https:\/\/www.miomiorun.com\/es\/\",\"name\":\"MioMioRun\",\"description\":\"Tienda 100% running y trail\",\"publisher\":{\"@id\":\"https:\/\/www.miomiorun.com\/es\/#organization\"},\"potentialAction\":[{\"@type\":\"SearchAction\",\"target\":{\"@type\":\"EntryPoint\",\"urlTemplate\":\"https:\/\/www.miomiorun.com\/es\/?s={search_term_string}\"},\"query-input\":{\"@type\":\"PropertyValueSpecification\",\"valueRequired\":true,\"valueName\":\"search_term_string\"}}],\"inLanguage\":\"es-ES\"},{\"@type\":\"Organization\",\"@id\":\"https:\/\/www.miomiorun.com\/es\/#organization\",\"name\":\"MioMio Run\",\"url\":\"https:\/\/www.miomiorun.com\/es\/\",\"logo\":{\"@type\":\"ImageObject\",\"inLanguage\":\"es-ES\",\"@id\":\"https:\/\/www.miomiorun.com\/es\/#\/schema\/logo\/image\/\",\"url\":\"https:\/\/www.miomiorun.com\/app\/uploads\/2019\/12\/logomio.png\",\"contentUrl\":\"https:\/\/www.miomiorun.com\/app\/uploads\/2019\/12\/logomio.png\",\"width\":115,\"height\":82,\"caption\":\"MioMio Run\"},\"image\":{\"@id\":\"https:\/\/www.miomiorun.com\/es\/#\/schema\/logo\/image\/\"},\"sameAs\":[\"https:\/\/www.facebook.com\/miomiorun\/\",\"https:\/\/www.instagram.com\/miomiorun\/\"]}]}<\/script>\n<!-- \/ Yoast SEO plugin. -->","yoast_head_json":{"title":"Kayak Gafas 2962 - Gafas de running - MioMioRun.com","description":"Kayak 2962 ultraligero con lente tipo m\u00e1scara para una visi\u00f3n amplia y entradas de aire integradas para una ventilaci\u00f3n constante. M\u00e1ximo confort y rendimiento.","robots":{"index":"index","follow":"follow","max-snippet":"max-snippet:-1","max-image-preview":"max-image-preview:large","max-video-preview":"max-video-preview:-1"},"canonical":"https:\/\/www.miomiorun.com\/es\/producto\/gafas-2962\/","og_locale":"es_ES","og_type":"article","og_title":"Kayak Gafas 2962 - Gafas de running - MioMioRun.com","og_description":"Kayak 2962 ultraligero con lente tipo m\u00e1scara para una visi\u00f3n amplia y entradas de aire integradas para una ventilaci\u00f3n constante. M\u00e1ximo confort y rendimiento.","og_url":"https:\/\/www.miomiorun.com\/es\/producto\/gafas-2962\/","og_site_name":"MioMioRun","article_publisher":"https:\/\/www.facebook.com\/miomiorun\/","article_modified_time":"2025-08-23T10:12:10+00:00","og_image":[{"width":720,"height":720,"url":"https:\/\/www.miomiorun.com\/app\/uploads\/2025\/08\/kayak-Occhiale-2962-rosso-2962RO.webp","type":"image\/webp"}],"twitter_card":"summary_large_image","twitter_misc":{"Est. reading time":"2 minutes"},"schema":{"@context":"https:\/\/schema.org","@graph":[{"@type":"WebPage","@id":"https:\/\/www.miomiorun.com\/es\/producto\/gafas-2962\/","url":"https:\/\/www.miomiorun.com\/es\/producto\/gafas-2962\/","name":"Kayak Gafas 2962 - Gafas de running - MioMioRun.com","isPartOf":{"@id":"https:\/\/www.miomiorun.com\/es\/#website"},"primaryImageOfPage":{"@id":"https:\/\/www.miomiorun.com\/es\/producto\/gafas-2962\/#primaryimage"},"image":{"@id":"https:\/\/www.miomiorun.com\/es\/producto\/gafas-2962\/#primaryimage"},"thumbnailUrl":"https:\/\/www.miomiorun.com\/app\/uploads\/2025\/08\/kayak-Occhiale-2962-rosso-2962RO.webp","datePublished":"2025-06-24T14:01:52+00:00","dateModified":"2025-08-23T10:12:10+00:00","description":"Kayak 2962 ultraligero con lente tipo m\u00e1scara para una visi\u00f3n amplia y entradas de aire integradas para una ventilaci\u00f3n constante. M\u00e1ximo confort y rendimiento.","breadcrumb":{"@id":"https:\/\/www.miomiorun.com\/es\/producto\/gafas-2962\/#breadcrumb"},"inLanguage":"es-ES","potentialAction":[{"@type":"ReadAction","target":["https:\/\/www.miomiorun.com\/es\/producto\/gafas-2962\/"]}]},{"@type":"ImageObject","inLanguage":"es-ES","@id":"https:\/\/www.miomiorun.com\/es\/producto\/gafas-2962\/#primaryimage","url":"https:\/\/www.miomiorun.com\/app\/uploads\/2025\/08\/kayak-Occhiale-2962-rosso-2962RO.webp","contentUrl":"https:\/\/www.miomiorun.com\/app\/uploads\/2025\/08\/kayak-Occhiale-2962-rosso-2962RO.webp","width":720,"height":720,"caption":"kayak Occhiale 2962 rosso 2962RO"},{"@type":"BreadcrumbList","@id":"https:\/\/www.miomiorun.com\/es\/producto\/gafas-2962\/#breadcrumb","itemListElement":[{"@type":"ListItem","position":1,"name":"Home","item":"https:\/\/www.miomiorun.com\/es\/"},{"@type":"ListItem","position":2,"name":"Shop","item":"https:\/\/www.miomiorun.com\/shop\/"},{"@type":"ListItem","position":3,"name":"Gafas 2962"}]},{"@type":"WebSite","@id":"https:\/\/www.miomiorun.com\/es\/#website","url":"https:\/\/www.miomiorun.com\/es\/","name":"MioMioRun","description":"Tienda 100% running y trail","publisher":{"@id":"https:\/\/www.miomiorun.com\/es\/#organization"},"potentialAction":[{"@type":"SearchAction","target":{"@type":"EntryPoint","urlTemplate":"https:\/\/www.miomiorun.com\/es\/?s={search_term_string}"},"query-input":{"@type":"PropertyValueSpecification","valueRequired":true,"valueName":"search_term_string"}}],"inLanguage":"es-ES"},{"@type":"Organization","@id":"https:\/\/www.miomiorun.com\/es\/#organization","name":"MioMio Run","url":"https:\/\/www.miomiorun.com\/es\/","logo":{"@type":"ImageObject","inLanguage":"es-ES","@id":"https:\/\/www.miomiorun.com\/es\/#\/schema\/logo\/image\/","url":"https:\/\/www.miomiorun.com\/app\/uploads\/2019\/12\/logomio.png","contentUrl":"https:\/\/www.miomiorun.com\/app\/uploads\/2019\/12\/logomio.png","width":115,"height":82,"caption":"MioMio Run"},"image":{"@id":"https:\/\/www.miomiorun.com\/es\/#\/schema\/logo\/image\/"},"sameAs":["https:\/\/www.facebook.com\/miomiorun\/","https:\/\/www.instagram.com\/miomiorun\/"]}]}},"_links":{"self":[{"href":"https:\/\/www.miomiorun.com\/es\/wp-json\/wp\/v2\/product\/320677","targetHints":{"allow":["GET"]}}],"collection":[{"href":"https:\/\/www.miomiorun.com\/es\/wp-json\/wp\/v2\/product"}],"about":[{"href":"https:\/\/www.miomiorun.com\/es\/wp-json\/wp\/v2\/types\/product"}],"wp:featuredmedia":[{"embeddable":true,"href":"https:\/\/www.miomiorun.com\/es\/wp-json\/wp\/v2\/media\/338709"}],"wp:attachment":[{"href":"https:\/\/www.miomiorun.com\/es\/wp-json\/wp\/v2\/media?parent=320677"}],"wp:term":[{"taxonomy":"product_brand","embeddable":true,"href":"https:\/\/www.miomiorun.com\/es\/wp-json\/wp\/v2\/product_brand?post=320677"},{"taxonomy":"product_cat","embeddable":true,"href":"https:\/\/www.miomiorun.com\/es\/wp-json\/wp\/v2\/product_cat?post=320677"},{"taxonomy":"product_tag","embeddable":true,"href":"https:\/\/www.miomiorun.com\/es\/wp-json\/wp\/v2\/product_tag?post=320677"}],"curies":[{"name":"wp","href":"https:\/\/api.w.org\/{rel}","templated":true}]}}