{"id":320404,"date":"2025-06-20T17:44:34","date_gmt":"2025-06-20T15:44:34","guid":{"rendered":"https:\/\/miomiorun.com\/?post_type=product&#038;p=320404"},"modified":"2026-03-02T18:47:46","modified_gmt":"2026-03-02T17:47:46","slug":"rocket-x-3","status":"publish","type":"product","link":"https:\/\/www.miomiorun.com\/es\/producto\/rocket-x-3\/","title":{"rendered":"Rocket X 3"},"content":{"rendered":"<table style=\"border-collapse: collapse;width: 100%\">\n<tbody>\n<tr>\n<td style=\"width: 33.3333%;vertical-align: top;text-align: center\">\n<h4>Especificaciones t\u00e9cnicas<\/h4>\n<p>Categor\u00eda: amortiguaci\u00f3n reactiva.<br \/>\nOffset: 7 mm.<br \/>\nPeso: 226 g.<br \/>\nIdeal para: corredores que buscan una zapatilla ligera y reactiva para carreras de media distancia a ritmos r\u00e1pidos.<br \/>\nPeso del atleta: &lt;70 kg (hombre) &lt;50 kg (mujer)<br \/>\nRitmo de carrera: &lt;4,30 min\/km<br \/>\n<a href=\"https:\/\/miomiorun.com\/guida-alle-specifiche-tecniche\/\">Gu\u00eda de especificaciones t\u00e9cnicas<\/a><\/td>\n<td style=\"width: 66.6666%;vertical-align: top;text-align: center\">\n<h1>Descubre las nuevas ROCKET X 3.<\/h1>\n<p>Esta es la zapatilla de marat\u00f3n para los corredores que persiguen su r\u00e9cord personal. Dise\u00f1ada para garantizar velocidad, eficiencia y propulsi\u00f3n, la Rocket X 3 combina una carrera reactiva con una comodidad amortiguada para mejorar el rendimiento de los maratonistas.<\/p>\n<p>\u2022 La placa de fibra de carbono cuenta con aletas estrat\u00e9gicamente colocadas<\/p>\n<p>para garantizar velocidad y estabilidad.<\/p>\n<p>\u2022 La espuma PEBA de alta calidad ofrece una amortiguaci\u00f3n y un rebote ultrarreactivos.<\/p>\n<p>\u2022 La suela adherente mejora el agarre y la tracci\u00f3n en la<\/p>\n<p>carretera.<\/p>\n<p><strong>DESCRIPCI\u00d3N DEL PRODUCTO ROCKET X 3&nbsp;<\/strong><\/p>\n<p>Las Rocket X 3 han sido dise\u00f1adas para satisfacer las exigencias de las competiciones. Ligeras, reactivas y optimizadas<\/p>\n<p>para la velocidad, convierten cada paso en impulso, empuj\u00e1ndote hacia adelante para superar tus l\u00edmites.<\/p>\n<p>Nuestra placa de carbono redise\u00f1ada mejora la estabilidad sin sacrificar la velocidad. La espuma PEBA de alto rebote<\/p>\n<p>impulsa cada zancada con eficiencia. Una suela de goma adherente garantiza un contacto seguro<\/p>\n<p>con la carretera, lo que ayuda a los corredores a mantener la velocidad y la concentraci\u00f3n de principio a fin.<\/p>\n<p><strong>CARACTER\u00cdSTICAS Y VENTAJAS PRINCIPALES<\/strong><\/p>\n<p>Placa de fibra de carbono para un rebote explosivo<\/p>\n<p>: redise\u00f1ada para ofrecer mayor velocidad y estabilidad.<\/p>\n<p>La espuma PEBA de alta calidad ofrece comodidad en cada kil\u00f3metro<\/p>\n<p>&#8211; Maximiza el rebote gracias a la amortiguaci\u00f3n ultrarreactiva.<\/p>\n<p>Suela adherente que se agarra a la carretera<\/p>\n<p>&#8211; Tracci\u00f3n avanzada para un control y un impulso superiores.<\/p>\n<p>&nbsp;<\/td>\n<\/tr>\n<\/tbody>\n<\/table>\n<p>&nbsp;<\/p>\n","protected":false},"excerpt":{"rendered":"<ul class=\"features-container\">\n<li class=\"feature-item\">doble espuma en pebax<\/li>\n<li class=\"feature-item\">placa de carbono en la entresuela<\/li>\n<li class=\"feature-item\">suela con mejor agarre<\/li>\n<\/ul>\n","protected":false},"featured_media":324237,"template":"","meta":{"_acf_changed":false,"inline_featured_image":false},"product_brand":[],"product_cat":[24227,24454,24453,24228],"product_tag":[23479,23605,23645],"class_list":{"0":"post-320404","1":"product","2":"type-product","3":"status-publish","4":"has-post-thumbnail","6":"product_cat-calzado-femenino","7":"product_cat-calzado-para-hombre","8":"product_cat-neutre-es-3","9":"product_cat-neutre-es","10":"product_tag-hoka-one-one-es","11":"product_tag-hoka-hombre","12":"product_tag-hoka-mujer","13":"pa_attivita-running-es","14":"pa_colore-rocket-x3-alabaster-frost","15":"pa_colore-rocket-x3-black-gold-es","16":"pa_colore-rocket-x3-neon-yuzu-squik-ink","17":"pa_colore-rocket-x3-sunlight-neon-hoka-citrus-es","18":"pa_colore-rocket-x3-white-black-es","19":"pa_marca-hoka-es","20":"pa_sesso-hombre","21":"pa_sesso-mujer","22":"pa_size-38-es","23":"pa_size-39-es","24":"pa_size-40-es","26":"pa_size-41-es","27":"pa_size-42-es","29":"pa_size-43-es","30":"pa_size-44-es","32":"pa_size-45-es","33":"pa_size-46-es","35":"first","36":"instock","37":"sale","38":"taxable","39":"shipping-taxable","40":"purchasable","41":"product-type-variable","42":"wvs-archive-product-wrapper"},"acf":[],"yoast_head":"<!-- This site is optimized with the Yoast SEO plugin v26.8 - https:\/\/yoast.com\/product\/yoast-seo-wordpress\/ -->\n<title>Hoka Rocket X 3 - zapatillas de correr - MioMioRun.com<\/title>\n<meta name=\"description\" content=\"HOKA Rocket X 3: zapatilla de competici\u00f3n con placa de carbono y espuma PEBA para una velocidad y un rebote m\u00e1ximos. \u00a1Para batir tu r\u00e9cord! Ahora con un nuevo dise\u00f1o.\" \/>\n<meta name=\"robots\" content=\"index, follow, max-snippet:-1, max-image-preview:large, max-video-preview:-1\" \/>\n<link rel=\"canonical\" href=\"https:\/\/www.miomiorun.com\/es\/producto\/rocket-x-3\/\" \/>\n<meta property=\"og:locale\" content=\"es_ES\" \/>\n<meta property=\"og:type\" content=\"article\" \/>\n<meta property=\"og:title\" content=\"Hoka Rocket X 3 - zapatillas de correr - MioMioRun.com\" \/>\n<meta property=\"og:description\" content=\"HOKA Rocket X 3: zapatilla de competici\u00f3n con placa de carbono y espuma PEBA para una velocidad y un rebote m\u00e1ximos. \u00a1Para batir tu r\u00e9cord! Ahora con un nuevo dise\u00f1o.\" \/>\n<meta property=\"og:url\" content=\"https:\/\/www.miomiorun.com\/es\/producto\/rocket-x-3\/\" \/>\n<meta property=\"og:site_name\" content=\"MioMioRun\" \/>\n<meta property=\"article:publisher\" content=\"https:\/\/www.facebook.com\/miomiorun\/\" \/>\n<meta property=\"article:modified_time\" content=\"2026-03-02T17:47:46+00:00\" \/>\n<meta property=\"og:image\" content=\"https:\/\/www.miomiorun.com\/app\/uploads\/2025\/07\/hoka-Rocket-X3-white-black-1168724-WBLC.webp\" \/>\n\t<meta property=\"og:image:width\" content=\"600\" \/>\n\t<meta property=\"og:image:height\" content=\"600\" \/>\n\t<meta property=\"og:image:type\" content=\"image\/webp\" \/>\n<meta name=\"twitter:card\" content=\"summary_large_image\" \/>\n<meta name=\"twitter:label1\" content=\"Est. reading time\" \/>\n\t<meta name=\"twitter:data1\" content=\"2 minutes\" \/>\n<script type=\"application\/ld+json\" class=\"yoast-schema-graph\">{\"@context\":\"https:\/\/schema.org\",\"@graph\":[{\"@type\":\"WebPage\",\"@id\":\"https:\/\/www.miomiorun.com\/es\/producto\/rocket-x-3\/\",\"url\":\"https:\/\/www.miomiorun.com\/es\/producto\/rocket-x-3\/\",\"name\":\"Hoka Rocket X 3 - zapatillas de correr - MioMioRun.com\",\"isPartOf\":{\"@id\":\"https:\/\/www.miomiorun.com\/es\/#website\"},\"primaryImageOfPage\":{\"@id\":\"https:\/\/www.miomiorun.com\/es\/producto\/rocket-x-3\/#primaryimage\"},\"image\":{\"@id\":\"https:\/\/www.miomiorun.com\/es\/producto\/rocket-x-3\/#primaryimage\"},\"thumbnailUrl\":\"https:\/\/www.miomiorun.com\/app\/uploads\/2025\/07\/hoka-Rocket-X3-white-black-1168724-WBLC.webp\",\"datePublished\":\"2025-06-20T15:44:34+00:00\",\"dateModified\":\"2026-03-02T17:47:46+00:00\",\"description\":\"HOKA Rocket X 3: zapatilla de competici\u00f3n con placa de carbono y espuma PEBA para una velocidad y un rebote m\u00e1ximos. \u00a1Para batir tu r\u00e9cord! Ahora con un nuevo dise\u00f1o.\",\"breadcrumb\":{\"@id\":\"https:\/\/www.miomiorun.com\/es\/producto\/rocket-x-3\/#breadcrumb\"},\"inLanguage\":\"es-ES\",\"potentialAction\":[{\"@type\":\"ReadAction\",\"target\":[\"https:\/\/www.miomiorun.com\/es\/producto\/rocket-x-3\/\"]}]},{\"@type\":\"ImageObject\",\"inLanguage\":\"es-ES\",\"@id\":\"https:\/\/www.miomiorun.com\/es\/producto\/rocket-x-3\/#primaryimage\",\"url\":\"https:\/\/www.miomiorun.com\/app\/uploads\/2025\/07\/hoka-Rocket-X3-white-black-1168724-WBLC.webp\",\"contentUrl\":\"https:\/\/www.miomiorun.com\/app\/uploads\/2025\/07\/hoka-Rocket-X3-white-black-1168724-WBLC.webp\",\"width\":600,\"height\":600,\"caption\":\"hoka Rocket X3 white black 1168724 WBLC\"},{\"@type\":\"BreadcrumbList\",\"@id\":\"https:\/\/www.miomiorun.com\/es\/producto\/rocket-x-3\/#breadcrumb\",\"itemListElement\":[{\"@type\":\"ListItem\",\"position\":1,\"name\":\"Home\",\"item\":\"https:\/\/www.miomiorun.com\/es\/\"},{\"@type\":\"ListItem\",\"position\":2,\"name\":\"Shop\",\"item\":\"https:\/\/www.miomiorun.com\/shop\/\"},{\"@type\":\"ListItem\",\"position\":3,\"name\":\"Rocket X 3\"}]},{\"@type\":\"WebSite\",\"@id\":\"https:\/\/www.miomiorun.com\/es\/#website\",\"url\":\"https:\/\/www.miomiorun.com\/es\/\",\"name\":\"MioMioRun\",\"description\":\"Tienda 100% running y trail\",\"publisher\":{\"@id\":\"https:\/\/www.miomiorun.com\/es\/#organization\"},\"potentialAction\":[{\"@type\":\"SearchAction\",\"target\":{\"@type\":\"EntryPoint\",\"urlTemplate\":\"https:\/\/www.miomiorun.com\/es\/?s={search_term_string}\"},\"query-input\":{\"@type\":\"PropertyValueSpecification\",\"valueRequired\":true,\"valueName\":\"search_term_string\"}}],\"inLanguage\":\"es-ES\"},{\"@type\":\"Organization\",\"@id\":\"https:\/\/www.miomiorun.com\/es\/#organization\",\"name\":\"MioMio Run\",\"url\":\"https:\/\/www.miomiorun.com\/es\/\",\"logo\":{\"@type\":\"ImageObject\",\"inLanguage\":\"es-ES\",\"@id\":\"https:\/\/www.miomiorun.com\/es\/#\/schema\/logo\/image\/\",\"url\":\"https:\/\/www.miomiorun.com\/app\/uploads\/2019\/12\/logomio.png\",\"contentUrl\":\"https:\/\/www.miomiorun.com\/app\/uploads\/2019\/12\/logomio.png\",\"width\":115,\"height\":82,\"caption\":\"MioMio Run\"},\"image\":{\"@id\":\"https:\/\/www.miomiorun.com\/es\/#\/schema\/logo\/image\/\"},\"sameAs\":[\"https:\/\/www.facebook.com\/miomiorun\/\",\"https:\/\/www.instagram.com\/miomiorun\/\"]}]}<\/script>\n<!-- \/ Yoast SEO plugin. -->","yoast_head_json":{"title":"Hoka Rocket X 3 - zapatillas de correr - MioMioRun.com","description":"HOKA Rocket X 3: zapatilla de competici\u00f3n con placa de carbono y espuma PEBA para una velocidad y un rebote m\u00e1ximos. \u00a1Para batir tu r\u00e9cord! Ahora con un nuevo dise\u00f1o.","robots":{"index":"index","follow":"follow","max-snippet":"max-snippet:-1","max-image-preview":"max-image-preview:large","max-video-preview":"max-video-preview:-1"},"canonical":"https:\/\/www.miomiorun.com\/es\/producto\/rocket-x-3\/","og_locale":"es_ES","og_type":"article","og_title":"Hoka Rocket X 3 - zapatillas de correr - MioMioRun.com","og_description":"HOKA Rocket X 3: zapatilla de competici\u00f3n con placa de carbono y espuma PEBA para una velocidad y un rebote m\u00e1ximos. \u00a1Para batir tu r\u00e9cord! Ahora con un nuevo dise\u00f1o.","og_url":"https:\/\/www.miomiorun.com\/es\/producto\/rocket-x-3\/","og_site_name":"MioMioRun","article_publisher":"https:\/\/www.facebook.com\/miomiorun\/","article_modified_time":"2026-03-02T17:47:46+00:00","og_image":[{"width":600,"height":600,"url":"https:\/\/www.miomiorun.com\/app\/uploads\/2025\/07\/hoka-Rocket-X3-white-black-1168724-WBLC.webp","type":"image\/webp"}],"twitter_card":"summary_large_image","twitter_misc":{"Est. reading time":"2 minutes"},"schema":{"@context":"https:\/\/schema.org","@graph":[{"@type":"WebPage","@id":"https:\/\/www.miomiorun.com\/es\/producto\/rocket-x-3\/","url":"https:\/\/www.miomiorun.com\/es\/producto\/rocket-x-3\/","name":"Hoka Rocket X 3 - zapatillas de correr - MioMioRun.com","isPartOf":{"@id":"https:\/\/www.miomiorun.com\/es\/#website"},"primaryImageOfPage":{"@id":"https:\/\/www.miomiorun.com\/es\/producto\/rocket-x-3\/#primaryimage"},"image":{"@id":"https:\/\/www.miomiorun.com\/es\/producto\/rocket-x-3\/#primaryimage"},"thumbnailUrl":"https:\/\/www.miomiorun.com\/app\/uploads\/2025\/07\/hoka-Rocket-X3-white-black-1168724-WBLC.webp","datePublished":"2025-06-20T15:44:34+00:00","dateModified":"2026-03-02T17:47:46+00:00","description":"HOKA Rocket X 3: zapatilla de competici\u00f3n con placa de carbono y espuma PEBA para una velocidad y un rebote m\u00e1ximos. \u00a1Para batir tu r\u00e9cord! Ahora con un nuevo dise\u00f1o.","breadcrumb":{"@id":"https:\/\/www.miomiorun.com\/es\/producto\/rocket-x-3\/#breadcrumb"},"inLanguage":"es-ES","potentialAction":[{"@type":"ReadAction","target":["https:\/\/www.miomiorun.com\/es\/producto\/rocket-x-3\/"]}]},{"@type":"ImageObject","inLanguage":"es-ES","@id":"https:\/\/www.miomiorun.com\/es\/producto\/rocket-x-3\/#primaryimage","url":"https:\/\/www.miomiorun.com\/app\/uploads\/2025\/07\/hoka-Rocket-X3-white-black-1168724-WBLC.webp","contentUrl":"https:\/\/www.miomiorun.com\/app\/uploads\/2025\/07\/hoka-Rocket-X3-white-black-1168724-WBLC.webp","width":600,"height":600,"caption":"hoka Rocket X3 white black 1168724 WBLC"},{"@type":"BreadcrumbList","@id":"https:\/\/www.miomiorun.com\/es\/producto\/rocket-x-3\/#breadcrumb","itemListElement":[{"@type":"ListItem","position":1,"name":"Home","item":"https:\/\/www.miomiorun.com\/es\/"},{"@type":"ListItem","position":2,"name":"Shop","item":"https:\/\/www.miomiorun.com\/shop\/"},{"@type":"ListItem","position":3,"name":"Rocket X 3"}]},{"@type":"WebSite","@id":"https:\/\/www.miomiorun.com\/es\/#website","url":"https:\/\/www.miomiorun.com\/es\/","name":"MioMioRun","description":"Tienda 100% running y trail","publisher":{"@id":"https:\/\/www.miomiorun.com\/es\/#organization"},"potentialAction":[{"@type":"SearchAction","target":{"@type":"EntryPoint","urlTemplate":"https:\/\/www.miomiorun.com\/es\/?s={search_term_string}"},"query-input":{"@type":"PropertyValueSpecification","valueRequired":true,"valueName":"search_term_string"}}],"inLanguage":"es-ES"},{"@type":"Organization","@id":"https:\/\/www.miomiorun.com\/es\/#organization","name":"MioMio Run","url":"https:\/\/www.miomiorun.com\/es\/","logo":{"@type":"ImageObject","inLanguage":"es-ES","@id":"https:\/\/www.miomiorun.com\/es\/#\/schema\/logo\/image\/","url":"https:\/\/www.miomiorun.com\/app\/uploads\/2019\/12\/logomio.png","contentUrl":"https:\/\/www.miomiorun.com\/app\/uploads\/2019\/12\/logomio.png","width":115,"height":82,"caption":"MioMio Run"},"image":{"@id":"https:\/\/www.miomiorun.com\/es\/#\/schema\/logo\/image\/"},"sameAs":["https:\/\/www.facebook.com\/miomiorun\/","https:\/\/www.instagram.com\/miomiorun\/"]}]}},"_links":{"self":[{"href":"https:\/\/www.miomiorun.com\/es\/wp-json\/wp\/v2\/product\/320404","targetHints":{"allow":["GET"]}}],"collection":[{"href":"https:\/\/www.miomiorun.com\/es\/wp-json\/wp\/v2\/product"}],"about":[{"href":"https:\/\/www.miomiorun.com\/es\/wp-json\/wp\/v2\/types\/product"}],"wp:featuredmedia":[{"embeddable":true,"href":"https:\/\/www.miomiorun.com\/es\/wp-json\/wp\/v2\/media\/324237"}],"wp:attachment":[{"href":"https:\/\/www.miomiorun.com\/es\/wp-json\/wp\/v2\/media?parent=320404"}],"wp:term":[{"taxonomy":"product_brand","embeddable":true,"href":"https:\/\/www.miomiorun.com\/es\/wp-json\/wp\/v2\/product_brand?post=320404"},{"taxonomy":"product_cat","embeddable":true,"href":"https:\/\/www.miomiorun.com\/es\/wp-json\/wp\/v2\/product_cat?post=320404"},{"taxonomy":"product_tag","embeddable":true,"href":"https:\/\/www.miomiorun.com\/es\/wp-json\/wp\/v2\/product_tag?post=320404"}],"curies":[{"name":"wp","href":"https:\/\/api.w.org\/{rel}","templated":true}]}}