{"id":320246,"date":"2025-06-20T17:18:30","date_gmt":"2025-06-20T15:18:30","guid":{"rendered":"https:\/\/miomiorun.com\/?post_type=product&#038;p=320246"},"modified":"2026-03-02T18:50:22","modified_gmt":"2026-03-02T17:50:22","slug":"arahi-8-mujer","status":"publish","type":"product","link":"https:\/\/www.miomiorun.com\/es\/producto\/arahi-8-mujer\/","title":{"rendered":"Arahi 8 mujer"},"content":{"rendered":"<table style=\"border-collapse: collapse;width: 100%\">\n<tbody>\n<tr>\n<td style=\"width: 33.3333%;vertical-align: top;text-align: center\"><strong>Especificaciones t\u00e9cnicas<\/strong><\/p>\n<p>Categor\u00eda: Amortiguaci\u00f3n estructurada.<br \/>\nOffset: 8 mm.<br \/>\nPeso: 219,00 <sup class=\"pl-1\">g<\/sup>.<\/p>\n<p>Ideal para: corredores con tendencia a la pronaci\u00f3n que buscan una zapatilla ligera y a la vez bien amortiguada, para recorrer tambi\u00e9n largas distancias.<br \/>\nPeso del atleta: 65-75 kg<br \/>\nRitmo de carrera: medio (5-6 min\/km)<br \/>\n<a href=\"https:\/\/miomiorun.com\/guida-alle-specifiche-tecniche\/\">Gu\u00eda de especificaciones t\u00e9cnicas<\/a><\/td>\n<td style=\"width: 66.6666%;vertical-align: top;text-align: center\">\n<p data-start=\"203\" data-end=\"265\"><strong data-start=\"203\" data-end=\"265\">M\u00e1xima estabilidad. Sin renunciar a la comodidad y al dise\u00f1o.<\/strong><\/p>\n<p data-start=\"267\" data-end=\"559\">Si buscas una zapatilla que ofrezca sujeci\u00f3n y control sin lastrar la pisada, <strong data-start=\"347\" data-end=\"358\">Arahi 8<\/strong> es la elecci\u00f3n perfecta. Dise\u00f1ado para corredores que necesitan estabilidad, pero no quieren renunciar a la ligereza, la elegancia y la reactividad, Arahi 8 representa la evoluci\u00f3n de la carrera estable y fluida.<\/p>\n<p data-start=\"561\" data-end=\"583\"><strong data-start=\"561\" data-end=\"583\">\u00bfPor qu\u00e9 elegirlo?<\/strong><\/p>\n<ul data-start=\"585\" data-end=\"1303\">\n<li data-start=\"585\" data-end=\"773\">\n<p data-start=\"587\" data-end=\"773\"><strong data-start=\"589\" data-end=\"623\">Tecnolog\u00eda H-Frame\u2122 mejorada<\/strong>: el coraz\u00f3n de la estabilidad de Arahi. Soporta el pie durante cada fase de la marcha, contrarrestando la hiperpronaci\u00f3n de forma natural y sin forzamientos.\n<\/p>\n<\/li>\n<li data-start=\"774\" data-end=\"977\">\n<p data-start=\"776\" data-end=\"977\"><strong data-start=\"778\" data-end=\"810\">Amortiguaci\u00f3n inteligente<\/strong>: la nueva mezcla de EVA de doble densidad ofrece una sensaci\u00f3n de protecci\u00f3n y suavidad bajo el pie, sin sacrificar la reactividad cuando quieres aumentar el ritmo.<\/p>\n<\/li>\n<li data-start=\"978\" data-end=\"1158\">\n<p data-start=\"980\" data-end=\"1158\"><strong data-start=\"982\" data-end=\"1017\">Parte superior t\u00e9cnica de malla jacquard<\/strong>: c\u00f3moda, transpirable y fabricada con materiales reciclados. Se adapta al pie como una segunda piel, con un aspecto elegante y moderno.<\/p>\n<\/li>\n<li data-start=\"1159\" data-end=\"1303\">\n<p data-start=\"1161\" data-end=\"1303\"><strong data-start=\"1163\" data-end=\"1184\">Dise\u00f1o actualizado<\/strong>: nueva forma para un mejor ajuste, silueta m\u00e1s esbelta y suela modular para una transici\u00f3n fluida y natural.<\/p>\n<\/li>\n<\/ul>\n<p data-start=\"1305\" data-end=\"1336\"><strong data-start=\"1305\" data-end=\"1336\">Estabilidad s\u00ed, pero con estilo.<\/strong><\/p>\n<p data-start=\"1338\" data-end=\"1642\"><strong data-start=\"1338\" data-end=\"1349\">Arahi 8<\/strong> no es solo una zapatilla de running estable. Es una declaraci\u00f3n de equilibrio entre rendimiento, est\u00e9tica y sostenibilidad. Ideal para corredores con hiperpronaci\u00f3n o para quienes buscan un apoyo adicional sin rigidez<\/p>\n<\/p>\n<\/td>\n<\/tr>\n<\/tbody>\n<\/table>\n<p>&nbsp;<\/p>\n","protected":false},"excerpt":{"rendered":"<ul>\n<li>calzado estable con amortiguaci\u00f3n<\/li>\n<li>calzado ideal para pronadores<\/li>\n<\/ul>\n","protected":false},"featured_media":411581,"template":"","meta":{"_acf_changed":false,"inline_featured_image":false},"product_brand":[],"product_cat":[24227,24229],"product_tag":[23479,23645],"class_list":{"0":"post-320246","1":"product","2":"type-product","3":"status-publish","4":"has-post-thumbnail","6":"product_cat-calzado-femenino","7":"product_cat-establos","8":"product_tag-hoka-one-one-es","9":"product_tag-hoka-mujer","10":"pa_attivita-caminar","11":"pa_attivita-running-es","12":"pa_colore-arahi-8-w-alabaster-lingonberry-es","13":"pa_colore-arahi-8-w-charcoal-grey-grey-skies-es","14":"pa_colore-arahi-8-w-midnight-blue-ultramarine-es","15":"pa_colore-arahi-8-w-oyster-mushroom-truffle-salt-es","16":"pa_colore-arahi-8-w-sunlight-neon-yuzu","17":"pa_marca-hoka-es","18":"pa_sesso-mujer","19":"pa_size-36-es","20":"pa_size-37-es","21":"pa_size-38-es","23":"pa_size-39-es","24":"pa_size-40-es","26":"pa_size-41-es","27":"pa_size-42-es","29":"first","30":"instock","31":"sale","32":"taxable","33":"shipping-taxable","34":"purchasable","35":"product-type-variable","36":"wvs-archive-product-wrapper"},"acf":[],"yoast_head":"<!-- This site is optimized with the Yoast SEO plugin v26.8 - https:\/\/yoast.com\/product\/yoast-seo-wordpress\/ -->\n<title>Hoka Arahi 8 mujer - zapatillas de correr- MioMioRun.com<\/title>\n<meta name=\"description\" content=\"Arahi 8: zapatilla de running estable y ligera, con tecnolog\u00eda H-Frame\u2122 contra la hiperpronaci\u00f3n. Comodidad, sujeci\u00f3n y estilo para tus carreras por carretera.\" \/>\n<meta name=\"robots\" content=\"index, follow, max-snippet:-1, max-image-preview:large, max-video-preview:-1\" \/>\n<link rel=\"canonical\" href=\"https:\/\/www.miomiorun.com\/es\/producto\/arahi-8-mujer\/\" \/>\n<meta property=\"og:locale\" content=\"es_ES\" \/>\n<meta property=\"og:type\" content=\"article\" \/>\n<meta property=\"og:title\" content=\"Hoka Arahi 8 mujer - zapatillas de correr- MioMioRun.com\" \/>\n<meta property=\"og:description\" content=\"Arahi 8: zapatilla de running estable y ligera, con tecnolog\u00eda H-Frame\u2122 contra la hiperpronaci\u00f3n. Comodidad, sujeci\u00f3n y estilo para tus carreras por carretera.\" \/>\n<meta property=\"og:url\" content=\"https:\/\/www.miomiorun.com\/es\/producto\/arahi-8-mujer\/\" \/>\n<meta property=\"og:site_name\" content=\"MioMioRun\" \/>\n<meta property=\"article:publisher\" content=\"https:\/\/www.facebook.com\/miomiorun\/\" \/>\n<meta property=\"article:modified_time\" content=\"2026-03-02T17:50:22+00:00\" \/>\n<meta property=\"og:image\" content=\"https:\/\/www.miomiorun.com\/app\/uploads\/2026\/02\/hoka-Arahi-8-W-sunlight-neon-yuzu-1168691-SYZ.webp\" \/>\n\t<meta property=\"og:image:width\" content=\"720\" \/>\n\t<meta property=\"og:image:height\" content=\"720\" \/>\n\t<meta property=\"og:image:type\" content=\"image\/webp\" \/>\n<meta name=\"twitter:card\" content=\"summary_large_image\" \/>\n<meta name=\"twitter:label1\" content=\"Est. reading time\" \/>\n\t<meta name=\"twitter:data1\" content=\"1 minute\" \/>\n<script type=\"application\/ld+json\" class=\"yoast-schema-graph\">{\"@context\":\"https:\/\/schema.org\",\"@graph\":[{\"@type\":\"WebPage\",\"@id\":\"https:\/\/www.miomiorun.com\/es\/producto\/arahi-8-mujer\/\",\"url\":\"https:\/\/www.miomiorun.com\/es\/producto\/arahi-8-mujer\/\",\"name\":\"Hoka Arahi 8 mujer - zapatillas de correr- MioMioRun.com\",\"isPartOf\":{\"@id\":\"https:\/\/www.miomiorun.com\/es\/#website\"},\"primaryImageOfPage\":{\"@id\":\"https:\/\/www.miomiorun.com\/es\/producto\/arahi-8-mujer\/#primaryimage\"},\"image\":{\"@id\":\"https:\/\/www.miomiorun.com\/es\/producto\/arahi-8-mujer\/#primaryimage\"},\"thumbnailUrl\":\"https:\/\/www.miomiorun.com\/app\/uploads\/2026\/02\/hoka-Arahi-8-W-sunlight-neon-yuzu-1168691-SYZ.webp\",\"datePublished\":\"2025-06-20T15:18:30+00:00\",\"dateModified\":\"2026-03-02T17:50:22+00:00\",\"description\":\"Arahi 8: zapatilla de running estable y ligera, con tecnolog\u00eda H-Frame\u2122 contra la hiperpronaci\u00f3n. Comodidad, sujeci\u00f3n y estilo para tus carreras por carretera.\",\"breadcrumb\":{\"@id\":\"https:\/\/www.miomiorun.com\/es\/producto\/arahi-8-mujer\/#breadcrumb\"},\"inLanguage\":\"es-ES\",\"potentialAction\":[{\"@type\":\"ReadAction\",\"target\":[\"https:\/\/www.miomiorun.com\/es\/producto\/arahi-8-mujer\/\"]}]},{\"@type\":\"ImageObject\",\"inLanguage\":\"es-ES\",\"@id\":\"https:\/\/www.miomiorun.com\/es\/producto\/arahi-8-mujer\/#primaryimage\",\"url\":\"https:\/\/www.miomiorun.com\/app\/uploads\/2026\/02\/hoka-Arahi-8-W-sunlight-neon-yuzu-1168691-SYZ.webp\",\"contentUrl\":\"https:\/\/www.miomiorun.com\/app\/uploads\/2026\/02\/hoka-Arahi-8-W-sunlight-neon-yuzu-1168691-SYZ.webp\",\"width\":720,\"height\":720,\"caption\":\"hoka Arahi 8 W sunlight neon yuzu 1168691 SYZ\"},{\"@type\":\"BreadcrumbList\",\"@id\":\"https:\/\/www.miomiorun.com\/es\/producto\/arahi-8-mujer\/#breadcrumb\",\"itemListElement\":[{\"@type\":\"ListItem\",\"position\":1,\"name\":\"Home\",\"item\":\"https:\/\/www.miomiorun.com\/es\/\"},{\"@type\":\"ListItem\",\"position\":2,\"name\":\"Shop\",\"item\":\"https:\/\/www.miomiorun.com\/shop\/\"},{\"@type\":\"ListItem\",\"position\":3,\"name\":\"Arahi 8 mujer\"}]},{\"@type\":\"WebSite\",\"@id\":\"https:\/\/www.miomiorun.com\/es\/#website\",\"url\":\"https:\/\/www.miomiorun.com\/es\/\",\"name\":\"MioMioRun\",\"description\":\"Tienda 100% running y trail\",\"publisher\":{\"@id\":\"https:\/\/www.miomiorun.com\/es\/#organization\"},\"potentialAction\":[{\"@type\":\"SearchAction\",\"target\":{\"@type\":\"EntryPoint\",\"urlTemplate\":\"https:\/\/www.miomiorun.com\/es\/?s={search_term_string}\"},\"query-input\":{\"@type\":\"PropertyValueSpecification\",\"valueRequired\":true,\"valueName\":\"search_term_string\"}}],\"inLanguage\":\"es-ES\"},{\"@type\":\"Organization\",\"@id\":\"https:\/\/www.miomiorun.com\/es\/#organization\",\"name\":\"MioMio Run\",\"url\":\"https:\/\/www.miomiorun.com\/es\/\",\"logo\":{\"@type\":\"ImageObject\",\"inLanguage\":\"es-ES\",\"@id\":\"https:\/\/www.miomiorun.com\/es\/#\/schema\/logo\/image\/\",\"url\":\"https:\/\/www.miomiorun.com\/app\/uploads\/2019\/12\/logomio.png\",\"contentUrl\":\"https:\/\/www.miomiorun.com\/app\/uploads\/2019\/12\/logomio.png\",\"width\":115,\"height\":82,\"caption\":\"MioMio Run\"},\"image\":{\"@id\":\"https:\/\/www.miomiorun.com\/es\/#\/schema\/logo\/image\/\"},\"sameAs\":[\"https:\/\/www.facebook.com\/miomiorun\/\",\"https:\/\/www.instagram.com\/miomiorun\/\"]}]}<\/script>\n<!-- \/ Yoast SEO plugin. -->","yoast_head_json":{"title":"Hoka Arahi 8 mujer - zapatillas de correr- MioMioRun.com","description":"Arahi 8: zapatilla de running estable y ligera, con tecnolog\u00eda H-Frame\u2122 contra la hiperpronaci\u00f3n. Comodidad, sujeci\u00f3n y estilo para tus carreras por carretera.","robots":{"index":"index","follow":"follow","max-snippet":"max-snippet:-1","max-image-preview":"max-image-preview:large","max-video-preview":"max-video-preview:-1"},"canonical":"https:\/\/www.miomiorun.com\/es\/producto\/arahi-8-mujer\/","og_locale":"es_ES","og_type":"article","og_title":"Hoka Arahi 8 mujer - zapatillas de correr- MioMioRun.com","og_description":"Arahi 8: zapatilla de running estable y ligera, con tecnolog\u00eda H-Frame\u2122 contra la hiperpronaci\u00f3n. Comodidad, sujeci\u00f3n y estilo para tus carreras por carretera.","og_url":"https:\/\/www.miomiorun.com\/es\/producto\/arahi-8-mujer\/","og_site_name":"MioMioRun","article_publisher":"https:\/\/www.facebook.com\/miomiorun\/","article_modified_time":"2026-03-02T17:50:22+00:00","og_image":[{"width":720,"height":720,"url":"https:\/\/www.miomiorun.com\/app\/uploads\/2026\/02\/hoka-Arahi-8-W-sunlight-neon-yuzu-1168691-SYZ.webp","type":"image\/webp"}],"twitter_card":"summary_large_image","twitter_misc":{"Est. reading time":"1 minute"},"schema":{"@context":"https:\/\/schema.org","@graph":[{"@type":"WebPage","@id":"https:\/\/www.miomiorun.com\/es\/producto\/arahi-8-mujer\/","url":"https:\/\/www.miomiorun.com\/es\/producto\/arahi-8-mujer\/","name":"Hoka Arahi 8 mujer - zapatillas de correr- MioMioRun.com","isPartOf":{"@id":"https:\/\/www.miomiorun.com\/es\/#website"},"primaryImageOfPage":{"@id":"https:\/\/www.miomiorun.com\/es\/producto\/arahi-8-mujer\/#primaryimage"},"image":{"@id":"https:\/\/www.miomiorun.com\/es\/producto\/arahi-8-mujer\/#primaryimage"},"thumbnailUrl":"https:\/\/www.miomiorun.com\/app\/uploads\/2026\/02\/hoka-Arahi-8-W-sunlight-neon-yuzu-1168691-SYZ.webp","datePublished":"2025-06-20T15:18:30+00:00","dateModified":"2026-03-02T17:50:22+00:00","description":"Arahi 8: zapatilla de running estable y ligera, con tecnolog\u00eda H-Frame\u2122 contra la hiperpronaci\u00f3n. Comodidad, sujeci\u00f3n y estilo para tus carreras por carretera.","breadcrumb":{"@id":"https:\/\/www.miomiorun.com\/es\/producto\/arahi-8-mujer\/#breadcrumb"},"inLanguage":"es-ES","potentialAction":[{"@type":"ReadAction","target":["https:\/\/www.miomiorun.com\/es\/producto\/arahi-8-mujer\/"]}]},{"@type":"ImageObject","inLanguage":"es-ES","@id":"https:\/\/www.miomiorun.com\/es\/producto\/arahi-8-mujer\/#primaryimage","url":"https:\/\/www.miomiorun.com\/app\/uploads\/2026\/02\/hoka-Arahi-8-W-sunlight-neon-yuzu-1168691-SYZ.webp","contentUrl":"https:\/\/www.miomiorun.com\/app\/uploads\/2026\/02\/hoka-Arahi-8-W-sunlight-neon-yuzu-1168691-SYZ.webp","width":720,"height":720,"caption":"hoka Arahi 8 W sunlight neon yuzu 1168691 SYZ"},{"@type":"BreadcrumbList","@id":"https:\/\/www.miomiorun.com\/es\/producto\/arahi-8-mujer\/#breadcrumb","itemListElement":[{"@type":"ListItem","position":1,"name":"Home","item":"https:\/\/www.miomiorun.com\/es\/"},{"@type":"ListItem","position":2,"name":"Shop","item":"https:\/\/www.miomiorun.com\/shop\/"},{"@type":"ListItem","position":3,"name":"Arahi 8 mujer"}]},{"@type":"WebSite","@id":"https:\/\/www.miomiorun.com\/es\/#website","url":"https:\/\/www.miomiorun.com\/es\/","name":"MioMioRun","description":"Tienda 100% running y trail","publisher":{"@id":"https:\/\/www.miomiorun.com\/es\/#organization"},"potentialAction":[{"@type":"SearchAction","target":{"@type":"EntryPoint","urlTemplate":"https:\/\/www.miomiorun.com\/es\/?s={search_term_string}"},"query-input":{"@type":"PropertyValueSpecification","valueRequired":true,"valueName":"search_term_string"}}],"inLanguage":"es-ES"},{"@type":"Organization","@id":"https:\/\/www.miomiorun.com\/es\/#organization","name":"MioMio Run","url":"https:\/\/www.miomiorun.com\/es\/","logo":{"@type":"ImageObject","inLanguage":"es-ES","@id":"https:\/\/www.miomiorun.com\/es\/#\/schema\/logo\/image\/","url":"https:\/\/www.miomiorun.com\/app\/uploads\/2019\/12\/logomio.png","contentUrl":"https:\/\/www.miomiorun.com\/app\/uploads\/2019\/12\/logomio.png","width":115,"height":82,"caption":"MioMio Run"},"image":{"@id":"https:\/\/www.miomiorun.com\/es\/#\/schema\/logo\/image\/"},"sameAs":["https:\/\/www.facebook.com\/miomiorun\/","https:\/\/www.instagram.com\/miomiorun\/"]}]}},"_links":{"self":[{"href":"https:\/\/www.miomiorun.com\/es\/wp-json\/wp\/v2\/product\/320246","targetHints":{"allow":["GET"]}}],"collection":[{"href":"https:\/\/www.miomiorun.com\/es\/wp-json\/wp\/v2\/product"}],"about":[{"href":"https:\/\/www.miomiorun.com\/es\/wp-json\/wp\/v2\/types\/product"}],"wp:featuredmedia":[{"embeddable":true,"href":"https:\/\/www.miomiorun.com\/es\/wp-json\/wp\/v2\/media\/411581"}],"wp:attachment":[{"href":"https:\/\/www.miomiorun.com\/es\/wp-json\/wp\/v2\/media?parent=320246"}],"wp:term":[{"taxonomy":"product_brand","embeddable":true,"href":"https:\/\/www.miomiorun.com\/es\/wp-json\/wp\/v2\/product_brand?post=320246"},{"taxonomy":"product_cat","embeddable":true,"href":"https:\/\/www.miomiorun.com\/es\/wp-json\/wp\/v2\/product_cat?post=320246"},{"taxonomy":"product_tag","embeddable":true,"href":"https:\/\/www.miomiorun.com\/es\/wp-json\/wp\/v2\/product_tag?post=320246"}],"curies":[{"name":"wp","href":"https:\/\/api.w.org\/{rel}","templated":true}]}}