{"id":320006,"date":"2025-06-20T16:39:53","date_gmt":"2025-06-20T14:39:53","guid":{"rendered":"https:\/\/miomiorun.com\/?post_type=product&#038;p=320006"},"modified":"2026-03-02T18:52:58","modified_gmt":"2026-03-02T17:52:58","slug":"challenger-8-hombre","status":"publish","type":"product","link":"https:\/\/www.miomiorun.com\/es\/producto\/challenger-8-hombre\/","title":{"rendered":"Challenger 8 hombre"},"content":{"rendered":"<table style=\"border-collapse: collapse;width: 100%\">\n<tbody>\n<tr>\n<td style=\"width: 33.3333%;vertical-align: top;text-align: center\"><strong>Especificaciones t\u00e9cnicas<\/strong><\/p>\n<p>Categor\u00eda: amortiguaci\u00f3n superior.<br \/>\nDesviaci\u00f3n: 8 mm.<br \/>\nPeso: 274 g.<br \/>\nIdeal para: corredores amantes del trail running que buscan un modelo con buena amortiguaci\u00f3n que se pueda utilizar para distancias largas y medias, tanto en monta\u00f1a como en caminos de tierra y, ocasionalmente, en asfalto.<br \/>\nPeso del atleta: 70-90 kg<br \/>\nRitmo de carrera: medio (5,00 min\/km)<br \/>\n<a href=\"https:\/\/miomiorun.com\/guida-alle-specifiche-tecniche\/\">Gu\u00eda de especificaciones t\u00e9cnicas<\/a><\/td>\n<td style=\"width: 66.6666%;vertical-align: top;text-align: center\">\n<p data-start=\"192\" data-end=\"251\"><strong data-start=\"192\" data-end=\"251\">A prueba de carretera. Probado en trail. Perfecto en cualquier lugar.<\/strong><\/p>\n<p data-start=\"253\" data-end=\"544\">Si buscas una zapatilla que te acompa\u00f1e con seguridad desde la carretera hasta el todoterreno sin concesiones, <strong data-start=\"351\" data-end=\"367\">Challenger 8<\/strong> es la respuesta. Una evoluci\u00f3n t\u00e9cnica que combina lo mejor de dos mundos: la amortiguaci\u00f3n fluida de una zapatilla de running para asfalto y la tracci\u00f3n fiable de una zapatilla de trail running.<\/p>\n<p data-start=\"546\" data-end=\"570\"><strong data-start=\"546\" data-end=\"570\">\u00bfQu\u00e9 lo hace \u00fanico?<\/strong><\/p>\n<ul data-start=\"572\" data-end=\"1303\">\n<li data-start=\"572\" data-end=\"755\">\n<p data-start=\"574\" data-end=\"755\"><strong data-start=\"576\" data-end=\"597\">Comodidad superior<\/strong>: gracias a una mayor cantidad de espuma bajo la planta del pie y a un nuevo ajuste perfeccionado, cada paso es m\u00e1s estable, m\u00e1s suave y m\u00e1s natural.<\/p>\n<\/li>\n<li data-start=\"756\" data-end=\"943\">\n<p data-start=\"758\" data-end=\"943\"><strong data-start=\"760\" data-end=\"784\">Versatilidad absoluta<\/strong>: el nuevo dise\u00f1o de la suela multidireccional de 4 mm garantiza agarre y reactividad en todo tipo de terrenos, desde grava compacta hasta senderos embarrados.\n<\/p>\n<\/li>\n<li data-start=\"944\" data-end=\"1133\">\n<p data-start=\"946\" data-end=\"1133\"><strong data-start=\"948\" data-end=\"971\">Parte superior inteligente<\/strong>: la malla t\u00e9cnica de rPET (100 % reciclada) garantiza transpirabilidad y ligereza, mientras que los detalles reforzados en la puntera protegen en las salidas m\u00e1s exigentes.\n<\/p>\n<\/li>\n<li data-start=\"1134\" data-end=\"1303\">\n<p data-start=\"1136\" data-end=\"1303\"><strong data-start=\"1138\" data-end=\"1159\">Dise\u00f1o mejorado<\/strong>: forma actualizada con mayor ca\u00edda y mejor ajuste en la parte delantera y el empeine para una sensaci\u00f3n de adaptaci\u00f3n natural al paso. <\/p>\n<\/li>\n<\/ul>\n<p data-start=\"1305\" data-end=\"1395\"><strong data-start=\"1305\" data-end=\"1395\">No es solo una zapatilla. Es un compa\u00f1ero de viaje para tus entrenamientos m\u00e1s ambiciosos.<\/strong><\/p>\n<p data-start=\"1397\" data-end=\"1582\">Tanto si te enfrentas a una larga carrera por asfalto como a una aventura por el bosque, las <strong data-start=\"1477\" data-end=\"1493\">Challenger 8<\/strong> est\u00e1n dise\u00f1adas para acompa\u00f1arte a cualquier lugar, con una comodidad, protecci\u00f3n y rendimiento inigualables.<\/p>\n<p data-start=\"1584\" data-end=\"1606\">&nbsp;<strong data-start=\"1587\" data-end=\"1603\">Perfecto para<\/strong>:<\/p>\n<ul data-start=\"1607\" data-end=\"1701\">\n<li data-start=\"1607\" data-end=\"1617\">\n<p data-start=\"1609\" data-end=\"1617\">Carretera<\/p>\n<\/li>\n<li data-start=\"1618\" data-end=\"1627\">\n<p data-start=\"1620\" data-end=\"1627\">Trail<\/p>\n<\/li>\n<li data-start=\"1628\" data-end=\"1643\">\n<p data-start=\"1630\" data-end=\"1643\">Carreras mixtas<\/p>\n<\/li>\n<\/ul>\n<\/td>\n<\/tr>\n<\/tbody>\n<\/table>\n<p>&nbsp;<\/p>\n","protected":false},"excerpt":{"rendered":"<ul>\n<li>Refuerzo serigrafiado en 3D en la puntera<\/li>\n<li>EVA moldeado por compresi\u00f3n<\/li>\n<li>Suela multidireccional de 4 mm<\/li>\n<\/ul>\n","protected":false},"featured_media":323098,"template":"","meta":{"_acf_changed":false,"inline_featured_image":false},"product_brand":[],"product_cat":[24454,24451],"product_tag":[23479,23605],"class_list":{"0":"post-320006","1":"product","2":"type-product","3":"status-publish","4":"has-post-thumbnail","6":"product_cat-calzado-para-hombre","7":"product_cat-trail-es-3","8":"product_tag-hoka-one-one-es","9":"product_tag-hoka-hombre","10":"pa_attivita-caminar","11":"pa_attivita-running-es","12":"pa_attivita-trail-es","13":"pa_colore-challenger-8-bay-leaf-sage","14":"pa_colore-challenger-8-faded-navy-pampass-grass-es","15":"pa_colore-challenger-8-skyward-blue-white-es","16":"pa_colore-challenger-8-white-neon-hoka-citrus-es","17":"pa_marca-hoka-es","18":"pa_sesso-hombre","19":"pa_size-41-es","20":"pa_size-42-es","22":"pa_size-43-es","23":"pa_size-44-es","25":"pa_size-45-es","26":"pa_size-46-es","29":"first","30":"instock","31":"sale","32":"taxable","33":"shipping-taxable","34":"purchasable","35":"product-type-variable","36":"wvs-archive-product-wrapper"},"acf":[],"yoast_head":"<!-- This site is optimized with the Yoast SEO plugin v26.8 - https:\/\/yoast.com\/product\/yoast-seo-wordpress\/ -->\n<title>Hoka One One Challenger 8 hombre - Zapatillas de trail - MioMioRun<\/title>\n<meta name=\"description\" content=\"Descubre las Challenger 8: unas zapatillas de running vers\u00e1tiles para carretera y trail. Comodidad superior, tracci\u00f3n avanzada y ajuste mejorado. Perfectas para cualquier terreno.\" \/>\n<meta name=\"robots\" content=\"index, follow, max-snippet:-1, max-image-preview:large, max-video-preview:-1\" \/>\n<link rel=\"canonical\" href=\"https:\/\/www.miomiorun.com\/es\/producto\/challenger-8-hombre\/\" \/>\n<meta property=\"og:locale\" content=\"es_ES\" \/>\n<meta property=\"og:type\" content=\"article\" \/>\n<meta property=\"og:title\" content=\"Hoka One One Challenger 8 hombre - Zapatillas de trail - MioMioRun\" \/>\n<meta property=\"og:description\" content=\"Descubre las Challenger 8: unas zapatillas de running vers\u00e1tiles para carretera y trail. Comodidad superior, tracci\u00f3n avanzada y ajuste mejorado. Perfectas para cualquier terreno.\" \/>\n<meta property=\"og:url\" content=\"https:\/\/www.miomiorun.com\/es\/producto\/challenger-8-hombre\/\" \/>\n<meta property=\"og:site_name\" content=\"MioMioRun\" \/>\n<meta property=\"article:publisher\" content=\"https:\/\/www.facebook.com\/miomiorun\/\" \/>\n<meta property=\"article:modified_time\" content=\"2026-03-02T17:52:58+00:00\" \/>\n<meta property=\"og:image\" content=\"https:\/\/www.miomiorun.com\/app\/uploads\/2025\/07\/hoka-Challenger-8-maple-cardamom-1168716-MPLC.webp\" \/>\n\t<meta property=\"og:image:width\" content=\"600\" \/>\n\t<meta property=\"og:image:height\" content=\"600\" \/>\n\t<meta property=\"og:image:type\" content=\"image\/webp\" \/>\n<meta name=\"twitter:card\" content=\"summary_large_image\" \/>\n<meta name=\"twitter:label1\" content=\"Est. reading time\" \/>\n\t<meta name=\"twitter:data1\" content=\"2 minutes\" \/>\n<script type=\"application\/ld+json\" class=\"yoast-schema-graph\">{\"@context\":\"https:\/\/schema.org\",\"@graph\":[{\"@type\":\"WebPage\",\"@id\":\"https:\/\/www.miomiorun.com\/es\/producto\/challenger-8-hombre\/\",\"url\":\"https:\/\/www.miomiorun.com\/es\/producto\/challenger-8-hombre\/\",\"name\":\"Hoka One One Challenger 8 hombre - Zapatillas de trail - MioMioRun\",\"isPartOf\":{\"@id\":\"https:\/\/www.miomiorun.com\/es\/#website\"},\"primaryImageOfPage\":{\"@id\":\"https:\/\/www.miomiorun.com\/es\/producto\/challenger-8-hombre\/#primaryimage\"},\"image\":{\"@id\":\"https:\/\/www.miomiorun.com\/es\/producto\/challenger-8-hombre\/#primaryimage\"},\"thumbnailUrl\":\"https:\/\/www.miomiorun.com\/app\/uploads\/2025\/07\/hoka-Challenger-8-maple-cardamom-1168716-MPLC.webp\",\"datePublished\":\"2025-06-20T14:39:53+00:00\",\"dateModified\":\"2026-03-02T17:52:58+00:00\",\"description\":\"Descubre las Challenger 8: unas zapatillas de running vers\u00e1tiles para carretera y trail. Comodidad superior, tracci\u00f3n avanzada y ajuste mejorado. Perfectas para cualquier terreno.\",\"breadcrumb\":{\"@id\":\"https:\/\/www.miomiorun.com\/es\/producto\/challenger-8-hombre\/#breadcrumb\"},\"inLanguage\":\"es-ES\",\"potentialAction\":[{\"@type\":\"ReadAction\",\"target\":[\"https:\/\/www.miomiorun.com\/es\/producto\/challenger-8-hombre\/\"]}]},{\"@type\":\"ImageObject\",\"inLanguage\":\"es-ES\",\"@id\":\"https:\/\/www.miomiorun.com\/es\/producto\/challenger-8-hombre\/#primaryimage\",\"url\":\"https:\/\/www.miomiorun.com\/app\/uploads\/2025\/07\/hoka-Challenger-8-maple-cardamom-1168716-MPLC.webp\",\"contentUrl\":\"https:\/\/www.miomiorun.com\/app\/uploads\/2025\/07\/hoka-Challenger-8-maple-cardamom-1168716-MPLC.webp\",\"width\":600,\"height\":600,\"caption\":\"hoka Challenger 8 maple cardamom 1168716 MPLC\"},{\"@type\":\"BreadcrumbList\",\"@id\":\"https:\/\/www.miomiorun.com\/es\/producto\/challenger-8-hombre\/#breadcrumb\",\"itemListElement\":[{\"@type\":\"ListItem\",\"position\":1,\"name\":\"Home\",\"item\":\"https:\/\/www.miomiorun.com\/es\/\"},{\"@type\":\"ListItem\",\"position\":2,\"name\":\"Shop\",\"item\":\"https:\/\/www.miomiorun.com\/shop\/\"},{\"@type\":\"ListItem\",\"position\":3,\"name\":\"Challenger 8 hombre\"}]},{\"@type\":\"WebSite\",\"@id\":\"https:\/\/www.miomiorun.com\/es\/#website\",\"url\":\"https:\/\/www.miomiorun.com\/es\/\",\"name\":\"MioMioRun\",\"description\":\"Tienda 100% running y trail\",\"publisher\":{\"@id\":\"https:\/\/www.miomiorun.com\/es\/#organization\"},\"potentialAction\":[{\"@type\":\"SearchAction\",\"target\":{\"@type\":\"EntryPoint\",\"urlTemplate\":\"https:\/\/www.miomiorun.com\/es\/?s={search_term_string}\"},\"query-input\":{\"@type\":\"PropertyValueSpecification\",\"valueRequired\":true,\"valueName\":\"search_term_string\"}}],\"inLanguage\":\"es-ES\"},{\"@type\":\"Organization\",\"@id\":\"https:\/\/www.miomiorun.com\/es\/#organization\",\"name\":\"MioMio Run\",\"url\":\"https:\/\/www.miomiorun.com\/es\/\",\"logo\":{\"@type\":\"ImageObject\",\"inLanguage\":\"es-ES\",\"@id\":\"https:\/\/www.miomiorun.com\/es\/#\/schema\/logo\/image\/\",\"url\":\"https:\/\/www.miomiorun.com\/app\/uploads\/2019\/12\/logomio.png\",\"contentUrl\":\"https:\/\/www.miomiorun.com\/app\/uploads\/2019\/12\/logomio.png\",\"width\":115,\"height\":82,\"caption\":\"MioMio Run\"},\"image\":{\"@id\":\"https:\/\/www.miomiorun.com\/es\/#\/schema\/logo\/image\/\"},\"sameAs\":[\"https:\/\/www.facebook.com\/miomiorun\/\",\"https:\/\/www.instagram.com\/miomiorun\/\"]}]}<\/script>\n<!-- \/ Yoast SEO plugin. -->","yoast_head_json":{"title":"Hoka One One Challenger 8 hombre - Zapatillas de trail - MioMioRun","description":"Descubre las Challenger 8: unas zapatillas de running vers\u00e1tiles para carretera y trail. Comodidad superior, tracci\u00f3n avanzada y ajuste mejorado. Perfectas para cualquier terreno.","robots":{"index":"index","follow":"follow","max-snippet":"max-snippet:-1","max-image-preview":"max-image-preview:large","max-video-preview":"max-video-preview:-1"},"canonical":"https:\/\/www.miomiorun.com\/es\/producto\/challenger-8-hombre\/","og_locale":"es_ES","og_type":"article","og_title":"Hoka One One Challenger 8 hombre - Zapatillas de trail - MioMioRun","og_description":"Descubre las Challenger 8: unas zapatillas de running vers\u00e1tiles para carretera y trail. Comodidad superior, tracci\u00f3n avanzada y ajuste mejorado. Perfectas para cualquier terreno.","og_url":"https:\/\/www.miomiorun.com\/es\/producto\/challenger-8-hombre\/","og_site_name":"MioMioRun","article_publisher":"https:\/\/www.facebook.com\/miomiorun\/","article_modified_time":"2026-03-02T17:52:58+00:00","og_image":[{"width":600,"height":600,"url":"https:\/\/www.miomiorun.com\/app\/uploads\/2025\/07\/hoka-Challenger-8-maple-cardamom-1168716-MPLC.webp","type":"image\/webp"}],"twitter_card":"summary_large_image","twitter_misc":{"Est. reading time":"2 minutes"},"schema":{"@context":"https:\/\/schema.org","@graph":[{"@type":"WebPage","@id":"https:\/\/www.miomiorun.com\/es\/producto\/challenger-8-hombre\/","url":"https:\/\/www.miomiorun.com\/es\/producto\/challenger-8-hombre\/","name":"Hoka One One Challenger 8 hombre - Zapatillas de trail - MioMioRun","isPartOf":{"@id":"https:\/\/www.miomiorun.com\/es\/#website"},"primaryImageOfPage":{"@id":"https:\/\/www.miomiorun.com\/es\/producto\/challenger-8-hombre\/#primaryimage"},"image":{"@id":"https:\/\/www.miomiorun.com\/es\/producto\/challenger-8-hombre\/#primaryimage"},"thumbnailUrl":"https:\/\/www.miomiorun.com\/app\/uploads\/2025\/07\/hoka-Challenger-8-maple-cardamom-1168716-MPLC.webp","datePublished":"2025-06-20T14:39:53+00:00","dateModified":"2026-03-02T17:52:58+00:00","description":"Descubre las Challenger 8: unas zapatillas de running vers\u00e1tiles para carretera y trail. Comodidad superior, tracci\u00f3n avanzada y ajuste mejorado. Perfectas para cualquier terreno.","breadcrumb":{"@id":"https:\/\/www.miomiorun.com\/es\/producto\/challenger-8-hombre\/#breadcrumb"},"inLanguage":"es-ES","potentialAction":[{"@type":"ReadAction","target":["https:\/\/www.miomiorun.com\/es\/producto\/challenger-8-hombre\/"]}]},{"@type":"ImageObject","inLanguage":"es-ES","@id":"https:\/\/www.miomiorun.com\/es\/producto\/challenger-8-hombre\/#primaryimage","url":"https:\/\/www.miomiorun.com\/app\/uploads\/2025\/07\/hoka-Challenger-8-maple-cardamom-1168716-MPLC.webp","contentUrl":"https:\/\/www.miomiorun.com\/app\/uploads\/2025\/07\/hoka-Challenger-8-maple-cardamom-1168716-MPLC.webp","width":600,"height":600,"caption":"hoka Challenger 8 maple cardamom 1168716 MPLC"},{"@type":"BreadcrumbList","@id":"https:\/\/www.miomiorun.com\/es\/producto\/challenger-8-hombre\/#breadcrumb","itemListElement":[{"@type":"ListItem","position":1,"name":"Home","item":"https:\/\/www.miomiorun.com\/es\/"},{"@type":"ListItem","position":2,"name":"Shop","item":"https:\/\/www.miomiorun.com\/shop\/"},{"@type":"ListItem","position":3,"name":"Challenger 8 hombre"}]},{"@type":"WebSite","@id":"https:\/\/www.miomiorun.com\/es\/#website","url":"https:\/\/www.miomiorun.com\/es\/","name":"MioMioRun","description":"Tienda 100% running y trail","publisher":{"@id":"https:\/\/www.miomiorun.com\/es\/#organization"},"potentialAction":[{"@type":"SearchAction","target":{"@type":"EntryPoint","urlTemplate":"https:\/\/www.miomiorun.com\/es\/?s={search_term_string}"},"query-input":{"@type":"PropertyValueSpecification","valueRequired":true,"valueName":"search_term_string"}}],"inLanguage":"es-ES"},{"@type":"Organization","@id":"https:\/\/www.miomiorun.com\/es\/#organization","name":"MioMio Run","url":"https:\/\/www.miomiorun.com\/es\/","logo":{"@type":"ImageObject","inLanguage":"es-ES","@id":"https:\/\/www.miomiorun.com\/es\/#\/schema\/logo\/image\/","url":"https:\/\/www.miomiorun.com\/app\/uploads\/2019\/12\/logomio.png","contentUrl":"https:\/\/www.miomiorun.com\/app\/uploads\/2019\/12\/logomio.png","width":115,"height":82,"caption":"MioMio Run"},"image":{"@id":"https:\/\/www.miomiorun.com\/es\/#\/schema\/logo\/image\/"},"sameAs":["https:\/\/www.facebook.com\/miomiorun\/","https:\/\/www.instagram.com\/miomiorun\/"]}]}},"_links":{"self":[{"href":"https:\/\/www.miomiorun.com\/es\/wp-json\/wp\/v2\/product\/320006","targetHints":{"allow":["GET"]}}],"collection":[{"href":"https:\/\/www.miomiorun.com\/es\/wp-json\/wp\/v2\/product"}],"about":[{"href":"https:\/\/www.miomiorun.com\/es\/wp-json\/wp\/v2\/types\/product"}],"wp:featuredmedia":[{"embeddable":true,"href":"https:\/\/www.miomiorun.com\/es\/wp-json\/wp\/v2\/media\/323098"}],"wp:attachment":[{"href":"https:\/\/www.miomiorun.com\/es\/wp-json\/wp\/v2\/media?parent=320006"}],"wp:term":[{"taxonomy":"product_brand","embeddable":true,"href":"https:\/\/www.miomiorun.com\/es\/wp-json\/wp\/v2\/product_brand?post=320006"},{"taxonomy":"product_cat","embeddable":true,"href":"https:\/\/www.miomiorun.com\/es\/wp-json\/wp\/v2\/product_cat?post=320006"},{"taxonomy":"product_tag","embeddable":true,"href":"https:\/\/www.miomiorun.com\/es\/wp-json\/wp\/v2\/product_tag?post=320006"}],"curies":[{"name":"wp","href":"https:\/\/api.w.org\/{rel}","templated":true}]}}