{"id":319979,"date":"2025-06-20T16:43:13","date_gmt":"2025-06-20T14:43:13","guid":{"rendered":"https:\/\/miomiorun.com\/?post_type=product&#038;p=319979"},"modified":"2026-03-10T10:51:46","modified_gmt":"2026-03-10T09:51:46","slug":"challenger-8-mujer","status":"publish","type":"product","link":"https:\/\/www.miomiorun.com\/es\/producto\/challenger-8-mujer\/","title":{"rendered":"Challenger 8 mujer"},"content":{"rendered":"<div class=\"vc-row container\"><div class=\"vc-column\"><div class=\"vc-column-text\"><\/p>\n<p><strong>Especificaciones t\u00e9cnicas<\/strong><\/p>\n<p>Categor\u00eda: amortiguaci\u00f3n superior<br \/>\nDesviaci\u00f3n: 8 mm<br \/>\nPeso: 230,00 <sup class=\"pl-1\">g<\/sup><\/p>\n<p>Ideal para: corredores amantes del trail running que buscan un modelo con buena amortiguaci\u00f3n que se pueda utilizar para distancias largas y medias tanto en monta\u00f1a como en caminos de tierra y, ocasionalmente, en asfalto.<br \/>\nPeso del atleta: 60-70 kg<br \/>\nRitmo de carrera: medio (5,00 min\/km)<br \/>\n<a href=\"https:\/\/miomiorun.com\/es\/guia-especifica\/\">Gu\u00eda de especificaciones t\u00e9cnicas<\/a><\/p>\n<p><\/div><div style=\"height:32px\" class=\"vc-empty-space\"><\/div><\/div><div class=\"vc-column\"><div class=\"vc-column-text\"><\/p>\n<p data-start=\"192\" data-end=\"251\"><strong data-start=\"192\" data-end=\"251\">Probada en carretera. Probada en pista. Perfecta en cualquier lugar.<\/strong><\/p>\n<p data-start=\"253\" data-end=\"544\">Si buscas una zapatilla que te acompa\u00f1e con seguridad tanto en carretera como fuera de ella sin renunciar a nada, la <strong data-start=\"351\" data-end=\"367\">Challenger 8<\/strong> es la respuesta. Una evoluci\u00f3n t\u00e9cnica que combina lo mejor de dos mundos: la amortiguaci\u00f3n fluida de una zapatilla para correr sobre asfalto y la tracci\u00f3n fiable de una zapatilla de trail running.<\/p>\n<p data-start=\"546\" data-end=\"570\"><strong data-start=\"546\" data-end=\"570\">\u00bfQu\u00e9 la hace \u00fanica?<\/strong><\/p>\n<ul data-start=\"572\" data-end=\"1303\">\n<li data-start=\"572\" data-end=\"755\">\n<p data-start=\"574\" data-end=\"755\"><strong data-start=\"576\" data-end=\"597\">Comodidad superior<\/strong>: gracias a una mayor cantidad de espuma bajo la planta del pie y a un nuevo ajuste perfeccionado, cada paso es m\u00e1s estable, m\u00e1s suave y m\u00e1s natural.<\/p>\n<\/li>\n<li data-start=\"756\" data-end=\"943\">\n<p data-start=\"758\" data-end=\"943\"><strong data-start=\"760\" data-end=\"784\">Versatilidad absoluta<\/strong>: el nuevo dise\u00f1o del dibujo multidireccional de 4 mm garantiza adherencia y capacidad de respuesta en todo tipo de terrenos, desde grava compacta hasta senderos embarrados.<\/p>\n<\/li>\n<li data-start=\"944\" data-end=\"1133\">\n<p data-start=\"946\" data-end=\"1133\"><strong data-start=\"948\" data-end=\"971\">Parte superior inteligente<\/strong>: la malla t\u00e9cnica de rPET (100 % reciclado) garantiza transpirabilidad y ligereza, mientras que los detalles reforzados en la puntera protegen en las salidas m\u00e1s exigentes.<\/p>\n<\/li>\n<li data-start=\"1134\" data-end=\"1303\">\n<p data-start=\"1136\" data-end=\"1303\"><strong data-start=\"1138\" data-end=\"1159\">Dise\u00f1o mejorado<\/strong>: forma actualizada con mayor ca\u00edda y mejor ajuste en la parte delantera y el empeine del pie para una sensaci\u00f3n de adaptaci\u00f3n natural al paso.<\/p>\n<\/li>\n<\/ul>\n<p data-start=\"1305\" data-end=\"1395\"><strong data-start=\"1305\" data-end=\"1395\">No es solo un calzado. Es un compa\u00f1ero de viaje para tus entrenamientos m\u00e1s ambiciosos.<\/strong><\/p>\n<p data-start=\"1397\" data-end=\"1582\">Tanto si te enfrentas a un largo recorrido por asfalto como a una aventura por el bosque, la <strong data-start=\"1477\" data-end=\"1493\">Challenger 8<\/strong> est\u00e1 dise\u00f1ada para acompa\u00f1arte a cualquier lugar, con una comodidad, protecci\u00f3n y rendimiento inigualables.<\/p>\n<p><\/div><\/div><\/div>\n","protected":false},"excerpt":{"rendered":"<ul class=\"features-container\">\n<li class=\"feature-item\">Equipada con un colch\u00f3n sim\u00e9trico amortiguado<\/li>\n<li class=\"feature-item\">Malla t\u00e9cnica<\/li>\n<li class=\"feature-item\">Impulso reactivo cuando deseas aumentar la velocidad.<\/li>\n<\/ul>\n","protected":false},"featured_media":396105,"template":"","meta":{"_acf_changed":false,"inline_featured_image":false},"product_brand":[],"product_cat":[24227,24230],"product_tag":[23479,23645],"class_list":{"0":"post-319979","1":"product","2":"type-product","3":"status-publish","4":"has-post-thumbnail","6":"product_cat-calzado-femenino","7":"product_cat-trail-es","8":"product_tag-hoka-one-one-es","9":"product_tag-hoka-mujer","10":"pa_attivita-caminar","11":"pa_attivita-running-es","12":"pa_attivita-trail-es","13":"pa_colore-challenger-8-w-ambient-blue-blueberry","14":"pa_colore-challenger-8-w-black-gold-es","15":"pa_colore-challenger-8-w-skyward-blue-cielo-blue-es","16":"pa_colore-challenger-8-w-tidal-wave-pampas-grass","17":"pa_colore-challenger-8-w-white-neon-hoka-citrus-es","18":"pa_marca-hoka-es","19":"pa_sesso-mujer","20":"pa_size-36-es","21":"pa_size-37-es","22":"pa_size-38-es","24":"pa_size-39-es","25":"pa_size-40-es","27":"pa_size-41-es","28":"pa_size-42-es","30":"first","31":"instock","32":"sale","33":"taxable","34":"shipping-taxable","35":"purchasable","36":"product-type-variable","37":"wvs-archive-product-wrapper"},"acf":[],"yoast_head":"<!-- This site is optimized with the Yoast SEO plugin v26.8 - https:\/\/yoast.com\/product\/yoast-seo-wordpress\/ -->\n<title>Hoka One One Challenger 8 mujer - Zapatillas de trail- MioMioRun<\/title>\n<meta name=\"description\" content=\"Descubre las Challenger 8: unas zapatillas de running vers\u00e1tiles para carretera y trail. Comodidad superior, tracci\u00f3n avanzada y ajuste mejorado. Perfectas para cualquier terreno.\" \/>\n<meta name=\"robots\" content=\"index, follow, max-snippet:-1, max-image-preview:large, max-video-preview:-1\" \/>\n<link rel=\"canonical\" href=\"https:\/\/www.miomiorun.com\/es\/producto\/challenger-8-mujer\/\" \/>\n<meta property=\"og:locale\" content=\"es_ES\" \/>\n<meta property=\"og:type\" content=\"article\" \/>\n<meta property=\"og:title\" content=\"Hoka One One Challenger 8 mujer - Zapatillas de trail- MioMioRun\" \/>\n<meta property=\"og:description\" content=\"Descubre las Challenger 8: unas zapatillas de running vers\u00e1tiles para carretera y trail. Comodidad superior, tracci\u00f3n avanzada y ajuste mejorado. Perfectas para cualquier terreno.\" \/>\n<meta property=\"og:url\" content=\"https:\/\/www.miomiorun.com\/es\/producto\/challenger-8-mujer\/\" \/>\n<meta property=\"og:site_name\" content=\"MioMioRun\" \/>\n<meta property=\"article:publisher\" content=\"https:\/\/www.facebook.com\/miomiorun\/\" \/>\n<meta property=\"article:modified_time\" content=\"2026-03-10T09:51:46+00:00\" \/>\n<meta property=\"og:image\" content=\"https:\/\/www.miomiorun.com\/app\/uploads\/2026\/02\/hoka-Challenger-8-W-ambient-blue-blueberry-1168717-ALBR.webp\" \/>\n\t<meta property=\"og:image:width\" content=\"720\" \/>\n\t<meta property=\"og:image:height\" content=\"720\" \/>\n\t<meta property=\"og:image:type\" content=\"image\/webp\" \/>\n<meta name=\"twitter:card\" content=\"summary_large_image\" \/>\n<meta name=\"twitter:label1\" content=\"Est. reading time\" \/>\n\t<meta name=\"twitter:data1\" content=\"2 minutes\" \/>\n<script type=\"application\/ld+json\" class=\"yoast-schema-graph\">{\"@context\":\"https:\/\/schema.org\",\"@graph\":[{\"@type\":\"WebPage\",\"@id\":\"https:\/\/www.miomiorun.com\/es\/producto\/challenger-8-mujer\/\",\"url\":\"https:\/\/www.miomiorun.com\/es\/producto\/challenger-8-mujer\/\",\"name\":\"Hoka One One Challenger 8 mujer - Zapatillas de trail- MioMioRun\",\"isPartOf\":{\"@id\":\"https:\/\/www.miomiorun.com\/es\/#website\"},\"primaryImageOfPage\":{\"@id\":\"https:\/\/www.miomiorun.com\/es\/producto\/challenger-8-mujer\/#primaryimage\"},\"image\":{\"@id\":\"https:\/\/www.miomiorun.com\/es\/producto\/challenger-8-mujer\/#primaryimage\"},\"thumbnailUrl\":\"https:\/\/www.miomiorun.com\/app\/uploads\/2026\/02\/hoka-Challenger-8-W-ambient-blue-blueberry-1168717-ALBR.webp\",\"datePublished\":\"2025-06-20T14:43:13+00:00\",\"dateModified\":\"2026-03-10T09:51:46+00:00\",\"description\":\"Descubre las Challenger 8: unas zapatillas de running vers\u00e1tiles para carretera y trail. Comodidad superior, tracci\u00f3n avanzada y ajuste mejorado. Perfectas para cualquier terreno.\",\"breadcrumb\":{\"@id\":\"https:\/\/www.miomiorun.com\/es\/producto\/challenger-8-mujer\/#breadcrumb\"},\"inLanguage\":\"es-ES\",\"potentialAction\":[{\"@type\":\"ReadAction\",\"target\":[\"https:\/\/www.miomiorun.com\/es\/producto\/challenger-8-mujer\/\"]}]},{\"@type\":\"ImageObject\",\"inLanguage\":\"es-ES\",\"@id\":\"https:\/\/www.miomiorun.com\/es\/producto\/challenger-8-mujer\/#primaryimage\",\"url\":\"https:\/\/www.miomiorun.com\/app\/uploads\/2026\/02\/hoka-Challenger-8-W-ambient-blue-blueberry-1168717-ALBR.webp\",\"contentUrl\":\"https:\/\/www.miomiorun.com\/app\/uploads\/2026\/02\/hoka-Challenger-8-W-ambient-blue-blueberry-1168717-ALBR.webp\",\"width\":720,\"height\":720,\"caption\":\"hoka Challenger 8 W ambient blue blueberry 1168717 ALBR\"},{\"@type\":\"BreadcrumbList\",\"@id\":\"https:\/\/www.miomiorun.com\/es\/producto\/challenger-8-mujer\/#breadcrumb\",\"itemListElement\":[{\"@type\":\"ListItem\",\"position\":1,\"name\":\"Home\",\"item\":\"https:\/\/www.miomiorun.com\/es\/\"},{\"@type\":\"ListItem\",\"position\":2,\"name\":\"Shop\",\"item\":\"https:\/\/www.miomiorun.com\/shop\/\"},{\"@type\":\"ListItem\",\"position\":3,\"name\":\"Challenger 8 mujer\"}]},{\"@type\":\"WebSite\",\"@id\":\"https:\/\/www.miomiorun.com\/es\/#website\",\"url\":\"https:\/\/www.miomiorun.com\/es\/\",\"name\":\"MioMioRun\",\"description\":\"Tienda 100% running y trail\",\"publisher\":{\"@id\":\"https:\/\/www.miomiorun.com\/es\/#organization\"},\"potentialAction\":[{\"@type\":\"SearchAction\",\"target\":{\"@type\":\"EntryPoint\",\"urlTemplate\":\"https:\/\/www.miomiorun.com\/es\/?s={search_term_string}\"},\"query-input\":{\"@type\":\"PropertyValueSpecification\",\"valueRequired\":true,\"valueName\":\"search_term_string\"}}],\"inLanguage\":\"es-ES\"},{\"@type\":\"Organization\",\"@id\":\"https:\/\/www.miomiorun.com\/es\/#organization\",\"name\":\"MioMio Run\",\"url\":\"https:\/\/www.miomiorun.com\/es\/\",\"logo\":{\"@type\":\"ImageObject\",\"inLanguage\":\"es-ES\",\"@id\":\"https:\/\/www.miomiorun.com\/es\/#\/schema\/logo\/image\/\",\"url\":\"https:\/\/www.miomiorun.com\/app\/uploads\/2019\/12\/logomio.png\",\"contentUrl\":\"https:\/\/www.miomiorun.com\/app\/uploads\/2019\/12\/logomio.png\",\"width\":115,\"height\":82,\"caption\":\"MioMio Run\"},\"image\":{\"@id\":\"https:\/\/www.miomiorun.com\/es\/#\/schema\/logo\/image\/\"},\"sameAs\":[\"https:\/\/www.facebook.com\/miomiorun\/\",\"https:\/\/www.instagram.com\/miomiorun\/\"]}]}<\/script>\n<!-- \/ Yoast SEO plugin. -->","yoast_head_json":{"title":"Hoka One One Challenger 8 mujer - Zapatillas de trail- MioMioRun","description":"Descubre las Challenger 8: unas zapatillas de running vers\u00e1tiles para carretera y trail. Comodidad superior, tracci\u00f3n avanzada y ajuste mejorado. Perfectas para cualquier terreno.","robots":{"index":"index","follow":"follow","max-snippet":"max-snippet:-1","max-image-preview":"max-image-preview:large","max-video-preview":"max-video-preview:-1"},"canonical":"https:\/\/www.miomiorun.com\/es\/producto\/challenger-8-mujer\/","og_locale":"es_ES","og_type":"article","og_title":"Hoka One One Challenger 8 mujer - Zapatillas de trail- MioMioRun","og_description":"Descubre las Challenger 8: unas zapatillas de running vers\u00e1tiles para carretera y trail. Comodidad superior, tracci\u00f3n avanzada y ajuste mejorado. Perfectas para cualquier terreno.","og_url":"https:\/\/www.miomiorun.com\/es\/producto\/challenger-8-mujer\/","og_site_name":"MioMioRun","article_publisher":"https:\/\/www.facebook.com\/miomiorun\/","article_modified_time":"2026-03-10T09:51:46+00:00","og_image":[{"width":720,"height":720,"url":"https:\/\/www.miomiorun.com\/app\/uploads\/2026\/02\/hoka-Challenger-8-W-ambient-blue-blueberry-1168717-ALBR.webp","type":"image\/webp"}],"twitter_card":"summary_large_image","twitter_misc":{"Est. reading time":"2 minutes"},"schema":{"@context":"https:\/\/schema.org","@graph":[{"@type":"WebPage","@id":"https:\/\/www.miomiorun.com\/es\/producto\/challenger-8-mujer\/","url":"https:\/\/www.miomiorun.com\/es\/producto\/challenger-8-mujer\/","name":"Hoka One One Challenger 8 mujer - Zapatillas de trail- MioMioRun","isPartOf":{"@id":"https:\/\/www.miomiorun.com\/es\/#website"},"primaryImageOfPage":{"@id":"https:\/\/www.miomiorun.com\/es\/producto\/challenger-8-mujer\/#primaryimage"},"image":{"@id":"https:\/\/www.miomiorun.com\/es\/producto\/challenger-8-mujer\/#primaryimage"},"thumbnailUrl":"https:\/\/www.miomiorun.com\/app\/uploads\/2026\/02\/hoka-Challenger-8-W-ambient-blue-blueberry-1168717-ALBR.webp","datePublished":"2025-06-20T14:43:13+00:00","dateModified":"2026-03-10T09:51:46+00:00","description":"Descubre las Challenger 8: unas zapatillas de running vers\u00e1tiles para carretera y trail. Comodidad superior, tracci\u00f3n avanzada y ajuste mejorado. Perfectas para cualquier terreno.","breadcrumb":{"@id":"https:\/\/www.miomiorun.com\/es\/producto\/challenger-8-mujer\/#breadcrumb"},"inLanguage":"es-ES","potentialAction":[{"@type":"ReadAction","target":["https:\/\/www.miomiorun.com\/es\/producto\/challenger-8-mujer\/"]}]},{"@type":"ImageObject","inLanguage":"es-ES","@id":"https:\/\/www.miomiorun.com\/es\/producto\/challenger-8-mujer\/#primaryimage","url":"https:\/\/www.miomiorun.com\/app\/uploads\/2026\/02\/hoka-Challenger-8-W-ambient-blue-blueberry-1168717-ALBR.webp","contentUrl":"https:\/\/www.miomiorun.com\/app\/uploads\/2026\/02\/hoka-Challenger-8-W-ambient-blue-blueberry-1168717-ALBR.webp","width":720,"height":720,"caption":"hoka Challenger 8 W ambient blue blueberry 1168717 ALBR"},{"@type":"BreadcrumbList","@id":"https:\/\/www.miomiorun.com\/es\/producto\/challenger-8-mujer\/#breadcrumb","itemListElement":[{"@type":"ListItem","position":1,"name":"Home","item":"https:\/\/www.miomiorun.com\/es\/"},{"@type":"ListItem","position":2,"name":"Shop","item":"https:\/\/www.miomiorun.com\/shop\/"},{"@type":"ListItem","position":3,"name":"Challenger 8 mujer"}]},{"@type":"WebSite","@id":"https:\/\/www.miomiorun.com\/es\/#website","url":"https:\/\/www.miomiorun.com\/es\/","name":"MioMioRun","description":"Tienda 100% running y trail","publisher":{"@id":"https:\/\/www.miomiorun.com\/es\/#organization"},"potentialAction":[{"@type":"SearchAction","target":{"@type":"EntryPoint","urlTemplate":"https:\/\/www.miomiorun.com\/es\/?s={search_term_string}"},"query-input":{"@type":"PropertyValueSpecification","valueRequired":true,"valueName":"search_term_string"}}],"inLanguage":"es-ES"},{"@type":"Organization","@id":"https:\/\/www.miomiorun.com\/es\/#organization","name":"MioMio Run","url":"https:\/\/www.miomiorun.com\/es\/","logo":{"@type":"ImageObject","inLanguage":"es-ES","@id":"https:\/\/www.miomiorun.com\/es\/#\/schema\/logo\/image\/","url":"https:\/\/www.miomiorun.com\/app\/uploads\/2019\/12\/logomio.png","contentUrl":"https:\/\/www.miomiorun.com\/app\/uploads\/2019\/12\/logomio.png","width":115,"height":82,"caption":"MioMio Run"},"image":{"@id":"https:\/\/www.miomiorun.com\/es\/#\/schema\/logo\/image\/"},"sameAs":["https:\/\/www.facebook.com\/miomiorun\/","https:\/\/www.instagram.com\/miomiorun\/"]}]}},"_links":{"self":[{"href":"https:\/\/www.miomiorun.com\/es\/wp-json\/wp\/v2\/product\/319979","targetHints":{"allow":["GET"]}}],"collection":[{"href":"https:\/\/www.miomiorun.com\/es\/wp-json\/wp\/v2\/product"}],"about":[{"href":"https:\/\/www.miomiorun.com\/es\/wp-json\/wp\/v2\/types\/product"}],"wp:featuredmedia":[{"embeddable":true,"href":"https:\/\/www.miomiorun.com\/es\/wp-json\/wp\/v2\/media\/396105"}],"wp:attachment":[{"href":"https:\/\/www.miomiorun.com\/es\/wp-json\/wp\/v2\/media?parent=319979"}],"wp:term":[{"taxonomy":"product_brand","embeddable":true,"href":"https:\/\/www.miomiorun.com\/es\/wp-json\/wp\/v2\/product_brand?post=319979"},{"taxonomy":"product_cat","embeddable":true,"href":"https:\/\/www.miomiorun.com\/es\/wp-json\/wp\/v2\/product_cat?post=319979"},{"taxonomy":"product_tag","embeddable":true,"href":"https:\/\/www.miomiorun.com\/es\/wp-json\/wp\/v2\/product_tag?post=319979"}],"curies":[{"name":"wp","href":"https:\/\/api.w.org\/{rel}","templated":true}]}}