{"id":318405,"date":"2025-06-06T10:36:00","date_gmt":"2025-06-06T08:36:00","guid":{"rendered":"https:\/\/miomiorun.com\/prodotto\/supernova-prima-2-uomo\/"},"modified":"2026-03-02T19:10:49","modified_gmt":"2026-03-02T18:10:49","slug":"supernova-prima-2-hombre","status":"publish","type":"product","link":"https:\/\/www.miomiorun.com\/es\/producto\/supernova-prima-2-hombre\/","title":{"rendered":"Supernova Prima 2 hombre"},"content":{"rendered":"<div class=\"vc-row container\"><div class=\"vc-column\"><div class=\"vc-column-text\"><\/p>\n<h4>Especificaciones t\u00e9cnicas<\/h4>\n<p>Categor\u00eda: Amortiguaci\u00f3n media.<br \/>\nOffset: 8 mm (tal\u00f3n 39 mm \/ antepi\u00e9 31 mm).<br \/>\nPeso: 283,0 g (talla 38 2\/3).<br \/>\nIdeal para: corredores de carretera que buscan una zapatilla para realizar entrenamientos r\u00e1pidos y lentos.<br \/>\nPeso del atleta: 65-75 kg.<br \/>\nRitmo de carrera: medio-r\u00e1pido (4-5 min\/km)<br \/>\n<a href=\"https:\/\/miomiorun.com\/es\/guia-especifica\/\">Gu\u00eda de especificaciones t\u00e9cnicas<\/a><\/p>\n<p><\/div><\/div><div class=\"vc-column\"><div class=\"vc-column-text\"><\/p>\n<p data-start=\"185\" data-end=\"494\">Las <strong data-start=\"188\" data-end=\"209\">Supernova Prima 2<\/strong> son las zapatillas de running perfectas para quienes corren a diario y buscan el equilibrio adecuado entre <strong data-start=\"304\" data-end=\"342\">comodidad, sujeci\u00f3n y transpirabilidad<\/strong>. Dise\u00f1adas para acompa\u00f1arte kil\u00f3metro tras kil\u00f3metro, ofrecen un ajuste estable y una amortiguaci\u00f3n suave que convierte cada carrera en un placer.<\/p>\n<p data-start=\"496\" data-end=\"911\">La <strong data-start=\"499\" data-end=\"545\">parte superior de tejido t\u00e9cnico con perforaciones<\/strong> mejora la ventilaci\u00f3n, manteniendo los pies frescos incluso en los momentos m\u00e1s intensos. La combinaci\u00f3n de la <strong data-start=\"652\" data-end=\"687\">suela intermedia Dreamstrike+<\/strong> con las <strong data-start=\"694\" data-end=\"710\">Support Rods<\/strong> integradas garantiza una excelente estabilidad y una carrera fluida. Para completar el conjunto, la <strong data-start=\"796\" data-end=\"841\">suela Lighttraxion con goma Continental\u2122<\/strong> ofrece una tracci\u00f3n fiable en asfalto, aceras y superficies urbanas.<\/p>\n<h4 data-start=\"918\" data-end=\"954\"><strong data-start=\"923\" data-end=\"954\">Caracter\u00edsticas principales:<\/strong><\/h4>\n<ul data-start=\"955\" data-end=\"1370\">\n<li data-start=\"955\" data-end=\"1002\">\n<p data-start=\"957\" data-end=\"1002\"><strong data-start=\"957\" data-end=\"981\">Ajuste regular<\/strong> con cierre de cordones<\/p>\n<\/li>\n<li data-start=\"1003\" data-end=\"1060\">\n<p data-start=\"1005\" data-end=\"1060\"><strong data-start=\"1005\" data-end=\"1038\">Parte superior de tejido transpirable<\/strong> y material sint\u00e9tico<\/p>\n<\/li>\n<li data-start=\"1061\" data-end=\"1108\">\n<p data-start=\"1063\" data-end=\"1108\"><strong data-start=\"1063\" data-end=\"1084\">Forro de tejido<\/strong> para una comodidad constante<\/p>\n<\/li>\n<li data-start=\"1109\" data-end=\"1167\">\n<p data-start=\"1111\" data-end=\"1167\"><strong data-start=\"1111\" data-end=\"1138\">Entresuela Dreamstrike+<\/strong> para una amortiguaci\u00f3n reactiva<\/p>\n<\/li>\n<li data-start=\"1168\" data-end=\"1221\">\n<p data-start=\"1170\" data-end=\"1221\"><strong data-start=\"1170\" data-end=\"1186\">Support Rods<\/strong> para mayor estabilidad y control<\/p>\n<\/li>\n<li data-start=\"1222\" data-end=\"1285\">\n<p data-start=\"1224\" data-end=\"1285\"><strong data-start=\"1224\" data-end=\"1269\">Suela Lighttraxion con goma Continental\u2122<\/strong> para un agarre seguro<\/p>\n<\/li>\n<\/ul>\n<p><\/div><\/div><\/div>\n","protected":false},"excerpt":{"rendered":"<ul>\n<li>Zapatilla de running con soporte adicional.<\/li>\n<li>Perfecta para todos los entrenamientos diarios.<\/li>\n<\/ul>\n","protected":false},"featured_media":318398,"template":"","meta":{"_acf_changed":false,"inline_featured_image":false},"product_brand":[],"product_cat":[24454,24453],"product_tag":[23558,23570],"class_list":{"0":"post-318405","1":"product","2":"type-product","3":"status-publish","4":"has-post-thumbnail","6":"product_cat-calzado-para-hombre","7":"product_cat-neutre-es-3","8":"product_tag-adidas-es","9":"product_tag-adidas-hombre","10":"pa_attivita-caminar","11":"pa_attivita-running-es","12":"pa_colore-supernova-prima-2-blufus-sslime-lucblu-es","13":"pa_marca-adidas-es","14":"pa_sesso-hombre","15":"pa_size-41-es","16":"pa_size-42-es","17":"pa_size-46-es","19":"first","20":"instock","21":"sale","22":"taxable","23":"shipping-taxable","24":"purchasable","25":"product-type-variable","26":"wvs-archive-product-wrapper"},"acf":[],"yoast_head":"<!-- This site is optimized with the Yoast SEO plugin v26.8 - https:\/\/yoast.com\/product\/yoast-seo-wordpress\/ -->\n<title>Adidas Supernova Prima 2 hombre - zapatillas de correr - MioMioRun.com<\/title>\n<meta name=\"description\" content=\"Zapatillas de running adidas Supernova Prima 2: amortiguaci\u00f3n Dreamstrike+, sujeci\u00f3n estable y suela Continental\u2122. Ideales para correr a diario.\" \/>\n<meta name=\"robots\" content=\"index, follow, max-snippet:-1, max-image-preview:large, max-video-preview:-1\" \/>\n<link rel=\"canonical\" href=\"https:\/\/www.miomiorun.com\/es\/producto\/supernova-prima-2-hombre\/\" \/>\n<meta property=\"og:locale\" content=\"es_ES\" \/>\n<meta property=\"og:type\" content=\"article\" \/>\n<meta property=\"og:title\" content=\"Adidas Supernova Prima 2 hombre - zapatillas de correr - MioMioRun.com\" \/>\n<meta property=\"og:description\" content=\"Zapatillas de running adidas Supernova Prima 2: amortiguaci\u00f3n Dreamstrike+, sujeci\u00f3n estable y suela Continental\u2122. Ideales para correr a diario.\" \/>\n<meta property=\"og:url\" content=\"https:\/\/www.miomiorun.com\/es\/producto\/supernova-prima-2-hombre\/\" \/>\n<meta property=\"og:site_name\" content=\"MioMioRun\" \/>\n<meta property=\"article:publisher\" content=\"https:\/\/www.facebook.com\/miomiorun\/\" \/>\n<meta property=\"article:modified_time\" content=\"2026-03-02T18:10:49+00:00\" \/>\n<meta property=\"og:image\" content=\"https:\/\/www.miomiorun.com\/app\/uploads\/2025\/06\/adidas-Supernova-Prima-2-blufus-sslime-lucblu-JR3194.webp\" \/>\n\t<meta property=\"og:image:width\" content=\"600\" \/>\n\t<meta property=\"og:image:height\" content=\"600\" \/>\n\t<meta property=\"og:image:type\" content=\"image\/webp\" \/>\n<meta name=\"twitter:card\" content=\"summary_large_image\" \/>\n<meta name=\"twitter:label1\" content=\"Est. reading time\" \/>\n\t<meta name=\"twitter:data1\" content=\"1 minute\" \/>\n<script type=\"application\/ld+json\" class=\"yoast-schema-graph\">{\"@context\":\"https:\/\/schema.org\",\"@graph\":[{\"@type\":\"WebPage\",\"@id\":\"https:\/\/www.miomiorun.com\/es\/producto\/supernova-prima-2-hombre\/\",\"url\":\"https:\/\/www.miomiorun.com\/es\/producto\/supernova-prima-2-hombre\/\",\"name\":\"Adidas Supernova Prima 2 hombre - zapatillas de correr - MioMioRun.com\",\"isPartOf\":{\"@id\":\"https:\/\/www.miomiorun.com\/es\/#website\"},\"primaryImageOfPage\":{\"@id\":\"https:\/\/www.miomiorun.com\/es\/producto\/supernova-prima-2-hombre\/#primaryimage\"},\"image\":{\"@id\":\"https:\/\/www.miomiorun.com\/es\/producto\/supernova-prima-2-hombre\/#primaryimage\"},\"thumbnailUrl\":\"https:\/\/www.miomiorun.com\/app\/uploads\/2025\/06\/adidas-Supernova-Prima-2-blufus-sslime-lucblu-JR3194.webp\",\"datePublished\":\"2025-06-06T08:36:00+00:00\",\"dateModified\":\"2026-03-02T18:10:49+00:00\",\"description\":\"Zapatillas de running adidas Supernova Prima 2: amortiguaci\u00f3n Dreamstrike+, sujeci\u00f3n estable y suela Continental\u2122. Ideales para correr a diario.\",\"breadcrumb\":{\"@id\":\"https:\/\/www.miomiorun.com\/es\/producto\/supernova-prima-2-hombre\/#breadcrumb\"},\"inLanguage\":\"es-ES\",\"potentialAction\":[{\"@type\":\"ReadAction\",\"target\":[\"https:\/\/www.miomiorun.com\/es\/producto\/supernova-prima-2-hombre\/\"]}]},{\"@type\":\"ImageObject\",\"inLanguage\":\"es-ES\",\"@id\":\"https:\/\/www.miomiorun.com\/es\/producto\/supernova-prima-2-hombre\/#primaryimage\",\"url\":\"https:\/\/www.miomiorun.com\/app\/uploads\/2025\/06\/adidas-Supernova-Prima-2-blufus-sslime-lucblu-JR3194.webp\",\"contentUrl\":\"https:\/\/www.miomiorun.com\/app\/uploads\/2025\/06\/adidas-Supernova-Prima-2-blufus-sslime-lucblu-JR3194.webp\",\"width\":600,\"height\":600,\"caption\":\"adidas Supernova Prima 2 blufus sslime lucblu JR3194\"},{\"@type\":\"BreadcrumbList\",\"@id\":\"https:\/\/www.miomiorun.com\/es\/producto\/supernova-prima-2-hombre\/#breadcrumb\",\"itemListElement\":[{\"@type\":\"ListItem\",\"position\":1,\"name\":\"Home\",\"item\":\"https:\/\/www.miomiorun.com\/es\/\"},{\"@type\":\"ListItem\",\"position\":2,\"name\":\"Shop\",\"item\":\"https:\/\/www.miomiorun.com\/shop\/\"},{\"@type\":\"ListItem\",\"position\":3,\"name\":\"Supernova Prima 2 hombre\"}]},{\"@type\":\"WebSite\",\"@id\":\"https:\/\/www.miomiorun.com\/es\/#website\",\"url\":\"https:\/\/www.miomiorun.com\/es\/\",\"name\":\"MioMioRun\",\"description\":\"Tienda 100% running y trail\",\"publisher\":{\"@id\":\"https:\/\/www.miomiorun.com\/es\/#organization\"},\"potentialAction\":[{\"@type\":\"SearchAction\",\"target\":{\"@type\":\"EntryPoint\",\"urlTemplate\":\"https:\/\/www.miomiorun.com\/es\/?s={search_term_string}\"},\"query-input\":{\"@type\":\"PropertyValueSpecification\",\"valueRequired\":true,\"valueName\":\"search_term_string\"}}],\"inLanguage\":\"es-ES\"},{\"@type\":\"Organization\",\"@id\":\"https:\/\/www.miomiorun.com\/es\/#organization\",\"name\":\"MioMio Run\",\"url\":\"https:\/\/www.miomiorun.com\/es\/\",\"logo\":{\"@type\":\"ImageObject\",\"inLanguage\":\"es-ES\",\"@id\":\"https:\/\/www.miomiorun.com\/es\/#\/schema\/logo\/image\/\",\"url\":\"https:\/\/www.miomiorun.com\/app\/uploads\/2019\/12\/logomio.png\",\"contentUrl\":\"https:\/\/www.miomiorun.com\/app\/uploads\/2019\/12\/logomio.png\",\"width\":115,\"height\":82,\"caption\":\"MioMio Run\"},\"image\":{\"@id\":\"https:\/\/www.miomiorun.com\/es\/#\/schema\/logo\/image\/\"},\"sameAs\":[\"https:\/\/www.facebook.com\/miomiorun\/\",\"https:\/\/www.instagram.com\/miomiorun\/\"]}]}<\/script>\n<!-- \/ Yoast SEO plugin. -->","yoast_head_json":{"title":"Adidas Supernova Prima 2 hombre - zapatillas de correr - MioMioRun.com","description":"Zapatillas de running adidas Supernova Prima 2: amortiguaci\u00f3n Dreamstrike+, sujeci\u00f3n estable y suela Continental\u2122. Ideales para correr a diario.","robots":{"index":"index","follow":"follow","max-snippet":"max-snippet:-1","max-image-preview":"max-image-preview:large","max-video-preview":"max-video-preview:-1"},"canonical":"https:\/\/www.miomiorun.com\/es\/producto\/supernova-prima-2-hombre\/","og_locale":"es_ES","og_type":"article","og_title":"Adidas Supernova Prima 2 hombre - zapatillas de correr - MioMioRun.com","og_description":"Zapatillas de running adidas Supernova Prima 2: amortiguaci\u00f3n Dreamstrike+, sujeci\u00f3n estable y suela Continental\u2122. Ideales para correr a diario.","og_url":"https:\/\/www.miomiorun.com\/es\/producto\/supernova-prima-2-hombre\/","og_site_name":"MioMioRun","article_publisher":"https:\/\/www.facebook.com\/miomiorun\/","article_modified_time":"2026-03-02T18:10:49+00:00","og_image":[{"width":600,"height":600,"url":"https:\/\/www.miomiorun.com\/app\/uploads\/2025\/06\/adidas-Supernova-Prima-2-blufus-sslime-lucblu-JR3194.webp","type":"image\/webp"}],"twitter_card":"summary_large_image","twitter_misc":{"Est. reading time":"1 minute"},"schema":{"@context":"https:\/\/schema.org","@graph":[{"@type":"WebPage","@id":"https:\/\/www.miomiorun.com\/es\/producto\/supernova-prima-2-hombre\/","url":"https:\/\/www.miomiorun.com\/es\/producto\/supernova-prima-2-hombre\/","name":"Adidas Supernova Prima 2 hombre - zapatillas de correr - MioMioRun.com","isPartOf":{"@id":"https:\/\/www.miomiorun.com\/es\/#website"},"primaryImageOfPage":{"@id":"https:\/\/www.miomiorun.com\/es\/producto\/supernova-prima-2-hombre\/#primaryimage"},"image":{"@id":"https:\/\/www.miomiorun.com\/es\/producto\/supernova-prima-2-hombre\/#primaryimage"},"thumbnailUrl":"https:\/\/www.miomiorun.com\/app\/uploads\/2025\/06\/adidas-Supernova-Prima-2-blufus-sslime-lucblu-JR3194.webp","datePublished":"2025-06-06T08:36:00+00:00","dateModified":"2026-03-02T18:10:49+00:00","description":"Zapatillas de running adidas Supernova Prima 2: amortiguaci\u00f3n Dreamstrike+, sujeci\u00f3n estable y suela Continental\u2122. Ideales para correr a diario.","breadcrumb":{"@id":"https:\/\/www.miomiorun.com\/es\/producto\/supernova-prima-2-hombre\/#breadcrumb"},"inLanguage":"es-ES","potentialAction":[{"@type":"ReadAction","target":["https:\/\/www.miomiorun.com\/es\/producto\/supernova-prima-2-hombre\/"]}]},{"@type":"ImageObject","inLanguage":"es-ES","@id":"https:\/\/www.miomiorun.com\/es\/producto\/supernova-prima-2-hombre\/#primaryimage","url":"https:\/\/www.miomiorun.com\/app\/uploads\/2025\/06\/adidas-Supernova-Prima-2-blufus-sslime-lucblu-JR3194.webp","contentUrl":"https:\/\/www.miomiorun.com\/app\/uploads\/2025\/06\/adidas-Supernova-Prima-2-blufus-sslime-lucblu-JR3194.webp","width":600,"height":600,"caption":"adidas Supernova Prima 2 blufus sslime lucblu JR3194"},{"@type":"BreadcrumbList","@id":"https:\/\/www.miomiorun.com\/es\/producto\/supernova-prima-2-hombre\/#breadcrumb","itemListElement":[{"@type":"ListItem","position":1,"name":"Home","item":"https:\/\/www.miomiorun.com\/es\/"},{"@type":"ListItem","position":2,"name":"Shop","item":"https:\/\/www.miomiorun.com\/shop\/"},{"@type":"ListItem","position":3,"name":"Supernova Prima 2 hombre"}]},{"@type":"WebSite","@id":"https:\/\/www.miomiorun.com\/es\/#website","url":"https:\/\/www.miomiorun.com\/es\/","name":"MioMioRun","description":"Tienda 100% running y trail","publisher":{"@id":"https:\/\/www.miomiorun.com\/es\/#organization"},"potentialAction":[{"@type":"SearchAction","target":{"@type":"EntryPoint","urlTemplate":"https:\/\/www.miomiorun.com\/es\/?s={search_term_string}"},"query-input":{"@type":"PropertyValueSpecification","valueRequired":true,"valueName":"search_term_string"}}],"inLanguage":"es-ES"},{"@type":"Organization","@id":"https:\/\/www.miomiorun.com\/es\/#organization","name":"MioMio Run","url":"https:\/\/www.miomiorun.com\/es\/","logo":{"@type":"ImageObject","inLanguage":"es-ES","@id":"https:\/\/www.miomiorun.com\/es\/#\/schema\/logo\/image\/","url":"https:\/\/www.miomiorun.com\/app\/uploads\/2019\/12\/logomio.png","contentUrl":"https:\/\/www.miomiorun.com\/app\/uploads\/2019\/12\/logomio.png","width":115,"height":82,"caption":"MioMio Run"},"image":{"@id":"https:\/\/www.miomiorun.com\/es\/#\/schema\/logo\/image\/"},"sameAs":["https:\/\/www.facebook.com\/miomiorun\/","https:\/\/www.instagram.com\/miomiorun\/"]}]}},"_links":{"self":[{"href":"https:\/\/www.miomiorun.com\/es\/wp-json\/wp\/v2\/product\/318405","targetHints":{"allow":["GET"]}}],"collection":[{"href":"https:\/\/www.miomiorun.com\/es\/wp-json\/wp\/v2\/product"}],"about":[{"href":"https:\/\/www.miomiorun.com\/es\/wp-json\/wp\/v2\/types\/product"}],"wp:featuredmedia":[{"embeddable":true,"href":"https:\/\/www.miomiorun.com\/es\/wp-json\/wp\/v2\/media\/318398"}],"wp:attachment":[{"href":"https:\/\/www.miomiorun.com\/es\/wp-json\/wp\/v2\/media?parent=318405"}],"wp:term":[{"taxonomy":"product_brand","embeddable":true,"href":"https:\/\/www.miomiorun.com\/es\/wp-json\/wp\/v2\/product_brand?post=318405"},{"taxonomy":"product_cat","embeddable":true,"href":"https:\/\/www.miomiorun.com\/es\/wp-json\/wp\/v2\/product_cat?post=318405"},{"taxonomy":"product_tag","embeddable":true,"href":"https:\/\/www.miomiorun.com\/es\/wp-json\/wp\/v2\/product_tag?post=318405"}],"curies":[{"name":"wp","href":"https:\/\/api.w.org\/{rel}","templated":true}]}}