{"id":317917,"date":"2025-06-06T16:01:19","date_gmt":"2025-06-06T14:01:19","guid":{"rendered":"https:\/\/miomiorun.com\/?post_type=product&#038;p=317917"},"modified":"2026-03-02T19:09:38","modified_gmt":"2026-03-02T18:09:38","slug":"bandas-de-frecuencia-cardiaca-hrm-600","status":"publish","type":"product","link":"https:\/\/www.miomiorun.com\/es\/producto\/bandas-de-frecuencia-cardiaca-hrm-600\/","title":{"rendered":"Bandas de frecuencia card\u00edaca HRM 600"},"content":{"rendered":"<p><div class=\"vc-row container\"><div class=\"vc-column\"><div class=\"vc-column-text\"><\/p>\n<div class=\"app__overview__intro\" data-translate=\"\">\n<div class=\"app__layout-container app__layout-container--small app__layout-container--light\">\n<h2>ENTRENA CON EL CORAZ\u00d3N<\/h2>\n<div class=\"app__overview__intro__description\">\n<p>La banda cardio HRM 600 premium est\u00e1 dise\u00f1ada para aquellos atletas que buscan datos sobre su rendimiento, con especial atenci\u00f3n a la frecuencia card\u00edaca y su variabilidad, adem\u00e1s de la din\u00e1mica de la carrera.<\/p>\n<p style=\"text-align: center\">\n<\/div>\n<div class=\"app__column-layout app__column-layout__column--6 app__column-layout__column__mobile--2 app__overview__intro__icons\">\n<div class=\"app__feature__card\" data-translate=\"\">\n<p style=\"text-align: center\"><img decoding=\"async\" class=\"app__feature__card__image\" src=\"https:\/\/static.garmincdn.com\/gdc\/Product_Pages\/ICONS\/Heart_Rate_Sensors.svg\" alt=\"\"><\/p>\n<p class=\"app__feature__card__description app__feature__card__description--left\" style=\"text-align: center\">TRANSMITE EN TIEMPO REAL DATOS SOBRE LA FRECUENCIA CARD\u00cdACA Y SU VARIABILIDAD A DISPOSITIVOS Y APLICACIONES COMPATIBLES<\/p>\n<\/div>\n<div class=\"app__feature__card\" data-translate=\"\">\n<p><img decoding=\"async\" class=\"app__feature__card__image aligncenter\" src=\"https:\/\/static.garmincdn.com\/gdc\/Product_Pages\/ICONS\/recharge-battery.svg\" alt=\"\"><\/p>\n<p class=\"app__feature__card__description app__feature__card__description--left\" style=\"text-align: center\">DURACI\u00d3N DE LA BATER\u00cdA RECARGABLE DE HASTA 2 MESES<\/p>\n<\/div>\n<div class=\"app__feature__card\" data-translate=\"\">\n<p><img decoding=\"async\" class=\"app__feature__card__image aligncenter\" src=\"https:\/\/static.garmincdn.com\/gdc\/Product_Pages\/ICONS\/wrist-based-running-dynamics.svg\" alt=\"\"><\/p>\n<p class=\"app__feature__card__description app__feature__card__description--left\" style=\"text-align: center\">DIN\u00c1MICA DE CARRERA SI SE ASOCIA A UN RELOJ INTELIGENTE COMPATIBLE<\/p>\n<\/div>\n<div class=\"app__feature__card\" data-translate=\"\">\n<p><img decoding=\"async\" class=\"app__feature__card__image aligncenter\" src=\"https:\/\/static.garmincdn.com\/gdc\/Product_Pages\/ICONS\/Garmin_Connect.svg\" alt=\"\"><\/p>\n<p class=\"app__feature__card__description app__feature__card__description--left\" style=\"text-align: center\">REGISTRA LAS ACTIVIDADES Y SE SINCRONIZA CON LA APLICACI\u00d3N GARMIN CONNECT\u2122 SIN NECESIDAD DE UN RELOJ<\/p>\n<\/div>\n<div class=\"app__feature__card\" data-translate=\"\">\n<p><img decoding=\"async\" class=\"app__feature__card__image aligncenter\" src=\"https:\/\/static.garmincdn.com\/gdc\/Product_Pages\/ICONS\/Lightweight.svg\" alt=\"\"><\/p>\n<p class=\"app__feature__card__description app__feature__card__description--left\" style=\"text-align: center\">C\u00d3MODA BANDA LAVABLE A M\u00c1QUINA DISPONIBLE EN DOS TALLAS<\/p>\n<\/div>\n<div class=\"app__feature__card\" data-translate=\"\">\n<p><img decoding=\"async\" class=\"app__feature__card__image aligncenter\" src=\"https:\/\/static.garmincdn.com\/gdc\/Product_Pages\/ICONS\/Swim_Friendly.svg\" alt=\"\"><\/p>\n<p class=\"app__feature__card__description app__feature__card__description--left\" style=\"text-align: center\">RESISTENTE Y DURADERA CON CLASIFICACI\u00d3N DE IMPERMEABILIDAD 5 ATM<\/p>\n<\/div>\n<\/div>\n<\/div>\n<\/div>\n<p><\/div><\/div><\/div><div class=\"vc-row container\"><div class=\"vc-column\"> <div style=\"height:32px\" class=\"vc-empty-space\"><\/div><\/div><\/div><div class=\"vc-row container\"><div class=\"vc-column\"><div class=\"vc-column-text\"><\/p>\n<h2 style=\"text-align: center\">LO QUE TE GUSTAR\u00c1<\/h2>\n<div class=\"app__column-layout app__column-layout__column--3 app__column-layout__column__mobile--1\">\n<div class=\"app__feature__card\" data-translate=\"\">\n<h3>CONECTIVIDAD<\/h3>\n<p class=\"app__feature__card__description app__feature__card__description--left\">El HRM 600 transmite datos precisos en tiempo real sobre la frecuencia card\u00edaca y su variabilidad a los relojes inteligentes Garmin y los ciclocomputadores Edge\u00ae, equipos de fitness compatibles, la aplicaci\u00f3n Tacx Training\u2122 y otras aplicaciones.<\/p>\n<\/div>\n<div class=\"app__feature__card\" data-translate=\"\">\n<h3>DIN\u00c1MICA DE CARRERA AMPLIADA<\/h3>\n<p class=\"app__feature__card__description app__feature__card__description--left\">Mejora tu forma de correr gracias a las din\u00e1micas de carrera, que incluyen la p\u00e9rdida de velocidad de zancada<sup>1<\/sup> para comprender cu\u00e1nto reduces la velocidad cuando el pie toca el suelo, adem\u00e1s de la oscilaci\u00f3n vertical, el tiempo de contacto con el suelo y el equilibrio (requiere un reloj inteligente compatible<sup>2<\/sup>).<\/p>\n<\/div>\n<div class=\"app__feature__card\" data-translate=\"\">\n<h3>REGISTRO DE ACTIVIDADES<\/h3>\n<p class=\"app__feature__card__description app__feature__card__description--left\">Durante las actividades en las que no es posible llevar un reloj, como los deportes de equipo o las artes marciales, la banda de frecuencia card\u00edaca HRM 600 registra el entrenamiento y sincroniza los datos, como la frecuencia card\u00edaca, las calor\u00edas, la velocidad, la distancia y mucho m\u00e1s, directamente en Garmin Connect <sup>3<\/sup>.<\/p>\n<div class=\"app__column-layout app__column-layout__column--3 app__column-layout__column__mobile--1\">\n<div class=\"app__feature__card\" data-translate=\"\">\n<h3>DETECCI\u00d3N DE ACTIVIDAD<\/h3>\n<p class=\"app__feature__card__description app__feature__card__description--left\">El HRM 600 realiza un seguimiento de las m\u00e9tricas diarias, como los pasos, la frecuencia card\u00edaca, las calor\u00edas quemadas y los minutos de intensidad, y sincroniza los datos directamente en la aplicaci\u00f3n Garmin Connect para actualizarlos en todos los dispositivos.<\/p>\n<\/div>\n<div class=\"app__feature__card\" data-translate=\"\">\n<h3>VERSATILIDAD DE ENTRENAMIENTO<\/h3>\n<p class=\"app__feature__card__description app__feature__card__description--left\">Para correr en pista cubierta y cinta, la banda de frecuencia card\u00edaca HRM 600 env\u00eda datos sobre el ritmo y la distancia al reloj inteligente compatible<sup>2<\/sup>. Durante las actividades de nataci\u00f3n, el HRM 600 almacena los datos de frecuencia card\u00edaca y los env\u00eda al reloj inteligente compatible<sup>2<\/sup> cuando se guarda la actividad.<\/p>\n<\/div>\n<div class=\"app__feature__card\" data-translate=\"\">\n<h3>FUNCIONAL Y RESISTENTE<\/h3>\n<p class=\"app__feature__card__description app__feature__card__description--left\">El indicador LED te avisa cuando el HRM 600 est\u00e1 activo y listo para su uso o cuando la bater\u00eda est\u00e1 casi agotada. Pulsando el bot\u00f3n, puedes activar y emparejar f\u00e1cilmente la banda de frecuencia card\u00edaca. Adem\u00e1s, el HRM 600 tiene una clasificaci\u00f3n de impermeabilidad de 5 ATM.<\/p>\n<\/div>\n<\/div>\n<\/div>\n<\/div>\n<p><\/div><\/div><\/div><\/p>\n","protected":false},"excerpt":{"rendered":"","protected":false},"featured_media":318607,"template":"","meta":{"_acf_changed":false,"inline_featured_image":false},"product_brand":[],"product_cat":[24208,22536],"product_tag":[23481],"class_list":{"0":"post-317917","1":"product","2":"type-product","3":"status-publish","4":"has-post-thumbnail","6":"product_cat-accesorios-es","7":"product_cat-garmin-es","8":"product_tag-garmin-es","9":"pa_marca-garmin-es","10":"pa_sesso-hombre","11":"pa_sesso-mujer","12":"pa_size-m-xl-es","13":"pa_size-xs-s-es","15":"first","16":"instock","17":"sale","18":"taxable","19":"shipping-taxable","20":"purchasable","21":"product-type-variable","22":"wvs-archive-product-wrapper"},"acf":[],"yoast_head":"<!-- This site is optimized with the Yoast SEO plugin v26.8 - https:\/\/yoast.com\/product\/yoast-seo-wordpress\/ -->\n<title>Garmin Bandas de frecuencia card\u00edaca HRM 600 -Bandas de frecuencia card\u00edaca - MioMioRun<\/title>\n<meta name=\"description\" content=\"Descubre el Garmin HRM 600, el cintur\u00f3n cardio preciso y c\u00f3modo para correr, montar en bicicleta y hacer ejercicio. Conexi\u00f3n en tiempo real, resistente al agua y lavable.\" \/>\n<meta name=\"robots\" content=\"index, follow, max-snippet:-1, max-image-preview:large, max-video-preview:-1\" \/>\n<link rel=\"canonical\" href=\"https:\/\/www.miomiorun.com\/es\/producto\/bandas-de-frecuencia-cardiaca-hrm-600\/\" \/>\n<meta property=\"og:locale\" content=\"es_ES\" \/>\n<meta property=\"og:type\" content=\"article\" \/>\n<meta property=\"og:title\" content=\"Garmin Bandas de frecuencia card\u00edaca HRM 600 -Bandas de frecuencia card\u00edaca - MioMioRun\" \/>\n<meta property=\"og:description\" content=\"Descubre el Garmin HRM 600, el cintur\u00f3n cardio preciso y c\u00f3modo para correr, montar en bicicleta y hacer ejercicio. Conexi\u00f3n en tiempo real, resistente al agua y lavable.\" \/>\n<meta property=\"og:url\" content=\"https:\/\/www.miomiorun.com\/es\/producto\/bandas-de-frecuencia-cardiaca-hrm-600\/\" \/>\n<meta property=\"og:site_name\" content=\"MioMioRun\" \/>\n<meta property=\"article:publisher\" content=\"https:\/\/www.facebook.com\/miomiorun\/\" \/>\n<meta property=\"article:modified_time\" content=\"2026-03-02T18:09:38+00:00\" \/>\n<meta property=\"og:image\" content=\"https:\/\/www.miomiorun.com\/app\/uploads\/2025\/06\/garmin-HRM-600-XS-S-010-13383-01.webp\" \/>\n\t<meta property=\"og:image:width\" content=\"600\" \/>\n\t<meta property=\"og:image:height\" content=\"600\" \/>\n\t<meta property=\"og:image:type\" content=\"image\/webp\" \/>\n<meta name=\"twitter:card\" content=\"summary_large_image\" \/>\n<meta name=\"twitter:label1\" content=\"Est. reading time\" \/>\n\t<meta name=\"twitter:data1\" content=\"2 minutes\" \/>\n<script type=\"application\/ld+json\" class=\"yoast-schema-graph\">{\"@context\":\"https:\/\/schema.org\",\"@graph\":[{\"@type\":\"WebPage\",\"@id\":\"https:\/\/www.miomiorun.com\/es\/producto\/bandas-de-frecuencia-cardiaca-hrm-600\/\",\"url\":\"https:\/\/www.miomiorun.com\/es\/producto\/bandas-de-frecuencia-cardiaca-hrm-600\/\",\"name\":\"Garmin Bandas de frecuencia card\u00edaca HRM 600 -Bandas de frecuencia card\u00edaca - MioMioRun\",\"isPartOf\":{\"@id\":\"https:\/\/www.miomiorun.com\/es\/#website\"},\"primaryImageOfPage\":{\"@id\":\"https:\/\/www.miomiorun.com\/es\/producto\/bandas-de-frecuencia-cardiaca-hrm-600\/#primaryimage\"},\"image\":{\"@id\":\"https:\/\/www.miomiorun.com\/es\/producto\/bandas-de-frecuencia-cardiaca-hrm-600\/#primaryimage\"},\"thumbnailUrl\":\"https:\/\/www.miomiorun.com\/app\/uploads\/2025\/06\/garmin-HRM-600-XS-S-010-13383-01.webp\",\"datePublished\":\"2025-06-06T14:01:19+00:00\",\"dateModified\":\"2026-03-02T18:09:38+00:00\",\"description\":\"Descubre el Garmin HRM 600, el cintur\u00f3n cardio preciso y c\u00f3modo para correr, montar en bicicleta y hacer ejercicio. Conexi\u00f3n en tiempo real, resistente al agua y lavable.\",\"breadcrumb\":{\"@id\":\"https:\/\/www.miomiorun.com\/es\/producto\/bandas-de-frecuencia-cardiaca-hrm-600\/#breadcrumb\"},\"inLanguage\":\"es-ES\",\"potentialAction\":[{\"@type\":\"ReadAction\",\"target\":[\"https:\/\/www.miomiorun.com\/es\/producto\/bandas-de-frecuencia-cardiaca-hrm-600\/\"]}]},{\"@type\":\"ImageObject\",\"inLanguage\":\"es-ES\",\"@id\":\"https:\/\/www.miomiorun.com\/es\/producto\/bandas-de-frecuencia-cardiaca-hrm-600\/#primaryimage\",\"url\":\"https:\/\/www.miomiorun.com\/app\/uploads\/2025\/06\/garmin-HRM-600-XS-S-010-13383-01.webp\",\"contentUrl\":\"https:\/\/www.miomiorun.com\/app\/uploads\/2025\/06\/garmin-HRM-600-XS-S-010-13383-01.webp\",\"width\":600,\"height\":600,\"caption\":\"garmin HRM 600 XS-S 010-13383-01\"},{\"@type\":\"BreadcrumbList\",\"@id\":\"https:\/\/www.miomiorun.com\/es\/producto\/bandas-de-frecuencia-cardiaca-hrm-600\/#breadcrumb\",\"itemListElement\":[{\"@type\":\"ListItem\",\"position\":1,\"name\":\"Home\",\"item\":\"https:\/\/www.miomiorun.com\/es\/\"},{\"@type\":\"ListItem\",\"position\":2,\"name\":\"Shop\",\"item\":\"https:\/\/www.miomiorun.com\/shop\/\"},{\"@type\":\"ListItem\",\"position\":3,\"name\":\"Bandas de frecuencia card\u00edaca HRM 600\"}]},{\"@type\":\"WebSite\",\"@id\":\"https:\/\/www.miomiorun.com\/es\/#website\",\"url\":\"https:\/\/www.miomiorun.com\/es\/\",\"name\":\"MioMioRun\",\"description\":\"Tienda 100% running y trail\",\"publisher\":{\"@id\":\"https:\/\/www.miomiorun.com\/es\/#organization\"},\"potentialAction\":[{\"@type\":\"SearchAction\",\"target\":{\"@type\":\"EntryPoint\",\"urlTemplate\":\"https:\/\/www.miomiorun.com\/es\/?s={search_term_string}\"},\"query-input\":{\"@type\":\"PropertyValueSpecification\",\"valueRequired\":true,\"valueName\":\"search_term_string\"}}],\"inLanguage\":\"es-ES\"},{\"@type\":\"Organization\",\"@id\":\"https:\/\/www.miomiorun.com\/es\/#organization\",\"name\":\"MioMio Run\",\"url\":\"https:\/\/www.miomiorun.com\/es\/\",\"logo\":{\"@type\":\"ImageObject\",\"inLanguage\":\"es-ES\",\"@id\":\"https:\/\/www.miomiorun.com\/es\/#\/schema\/logo\/image\/\",\"url\":\"https:\/\/www.miomiorun.com\/app\/uploads\/2019\/12\/logomio.png\",\"contentUrl\":\"https:\/\/www.miomiorun.com\/app\/uploads\/2019\/12\/logomio.png\",\"width\":115,\"height\":82,\"caption\":\"MioMio Run\"},\"image\":{\"@id\":\"https:\/\/www.miomiorun.com\/es\/#\/schema\/logo\/image\/\"},\"sameAs\":[\"https:\/\/www.facebook.com\/miomiorun\/\",\"https:\/\/www.instagram.com\/miomiorun\/\"]}]}<\/script>\n<!-- \/ Yoast SEO plugin. -->","yoast_head_json":{"title":"Garmin Bandas de frecuencia card\u00edaca HRM 600 -Bandas de frecuencia card\u00edaca - MioMioRun","description":"Descubre el Garmin HRM 600, el cintur\u00f3n cardio preciso y c\u00f3modo para correr, montar en bicicleta y hacer ejercicio. Conexi\u00f3n en tiempo real, resistente al agua y lavable.","robots":{"index":"index","follow":"follow","max-snippet":"max-snippet:-1","max-image-preview":"max-image-preview:large","max-video-preview":"max-video-preview:-1"},"canonical":"https:\/\/www.miomiorun.com\/es\/producto\/bandas-de-frecuencia-cardiaca-hrm-600\/","og_locale":"es_ES","og_type":"article","og_title":"Garmin Bandas de frecuencia card\u00edaca HRM 600 -Bandas de frecuencia card\u00edaca - MioMioRun","og_description":"Descubre el Garmin HRM 600, el cintur\u00f3n cardio preciso y c\u00f3modo para correr, montar en bicicleta y hacer ejercicio. Conexi\u00f3n en tiempo real, resistente al agua y lavable.","og_url":"https:\/\/www.miomiorun.com\/es\/producto\/bandas-de-frecuencia-cardiaca-hrm-600\/","og_site_name":"MioMioRun","article_publisher":"https:\/\/www.facebook.com\/miomiorun\/","article_modified_time":"2026-03-02T18:09:38+00:00","og_image":[{"width":600,"height":600,"url":"https:\/\/www.miomiorun.com\/app\/uploads\/2025\/06\/garmin-HRM-600-XS-S-010-13383-01.webp","type":"image\/webp"}],"twitter_card":"summary_large_image","twitter_misc":{"Est. reading time":"2 minutes"},"schema":{"@context":"https:\/\/schema.org","@graph":[{"@type":"WebPage","@id":"https:\/\/www.miomiorun.com\/es\/producto\/bandas-de-frecuencia-cardiaca-hrm-600\/","url":"https:\/\/www.miomiorun.com\/es\/producto\/bandas-de-frecuencia-cardiaca-hrm-600\/","name":"Garmin Bandas de frecuencia card\u00edaca HRM 600 -Bandas de frecuencia card\u00edaca - MioMioRun","isPartOf":{"@id":"https:\/\/www.miomiorun.com\/es\/#website"},"primaryImageOfPage":{"@id":"https:\/\/www.miomiorun.com\/es\/producto\/bandas-de-frecuencia-cardiaca-hrm-600\/#primaryimage"},"image":{"@id":"https:\/\/www.miomiorun.com\/es\/producto\/bandas-de-frecuencia-cardiaca-hrm-600\/#primaryimage"},"thumbnailUrl":"https:\/\/www.miomiorun.com\/app\/uploads\/2025\/06\/garmin-HRM-600-XS-S-010-13383-01.webp","datePublished":"2025-06-06T14:01:19+00:00","dateModified":"2026-03-02T18:09:38+00:00","description":"Descubre el Garmin HRM 600, el cintur\u00f3n cardio preciso y c\u00f3modo para correr, montar en bicicleta y hacer ejercicio. Conexi\u00f3n en tiempo real, resistente al agua y lavable.","breadcrumb":{"@id":"https:\/\/www.miomiorun.com\/es\/producto\/bandas-de-frecuencia-cardiaca-hrm-600\/#breadcrumb"},"inLanguage":"es-ES","potentialAction":[{"@type":"ReadAction","target":["https:\/\/www.miomiorun.com\/es\/producto\/bandas-de-frecuencia-cardiaca-hrm-600\/"]}]},{"@type":"ImageObject","inLanguage":"es-ES","@id":"https:\/\/www.miomiorun.com\/es\/producto\/bandas-de-frecuencia-cardiaca-hrm-600\/#primaryimage","url":"https:\/\/www.miomiorun.com\/app\/uploads\/2025\/06\/garmin-HRM-600-XS-S-010-13383-01.webp","contentUrl":"https:\/\/www.miomiorun.com\/app\/uploads\/2025\/06\/garmin-HRM-600-XS-S-010-13383-01.webp","width":600,"height":600,"caption":"garmin HRM 600 XS-S 010-13383-01"},{"@type":"BreadcrumbList","@id":"https:\/\/www.miomiorun.com\/es\/producto\/bandas-de-frecuencia-cardiaca-hrm-600\/#breadcrumb","itemListElement":[{"@type":"ListItem","position":1,"name":"Home","item":"https:\/\/www.miomiorun.com\/es\/"},{"@type":"ListItem","position":2,"name":"Shop","item":"https:\/\/www.miomiorun.com\/shop\/"},{"@type":"ListItem","position":3,"name":"Bandas de frecuencia card\u00edaca HRM 600"}]},{"@type":"WebSite","@id":"https:\/\/www.miomiorun.com\/es\/#website","url":"https:\/\/www.miomiorun.com\/es\/","name":"MioMioRun","description":"Tienda 100% running y trail","publisher":{"@id":"https:\/\/www.miomiorun.com\/es\/#organization"},"potentialAction":[{"@type":"SearchAction","target":{"@type":"EntryPoint","urlTemplate":"https:\/\/www.miomiorun.com\/es\/?s={search_term_string}"},"query-input":{"@type":"PropertyValueSpecification","valueRequired":true,"valueName":"search_term_string"}}],"inLanguage":"es-ES"},{"@type":"Organization","@id":"https:\/\/www.miomiorun.com\/es\/#organization","name":"MioMio Run","url":"https:\/\/www.miomiorun.com\/es\/","logo":{"@type":"ImageObject","inLanguage":"es-ES","@id":"https:\/\/www.miomiorun.com\/es\/#\/schema\/logo\/image\/","url":"https:\/\/www.miomiorun.com\/app\/uploads\/2019\/12\/logomio.png","contentUrl":"https:\/\/www.miomiorun.com\/app\/uploads\/2019\/12\/logomio.png","width":115,"height":82,"caption":"MioMio Run"},"image":{"@id":"https:\/\/www.miomiorun.com\/es\/#\/schema\/logo\/image\/"},"sameAs":["https:\/\/www.facebook.com\/miomiorun\/","https:\/\/www.instagram.com\/miomiorun\/"]}]}},"_links":{"self":[{"href":"https:\/\/www.miomiorun.com\/es\/wp-json\/wp\/v2\/product\/317917","targetHints":{"allow":["GET"]}}],"collection":[{"href":"https:\/\/www.miomiorun.com\/es\/wp-json\/wp\/v2\/product"}],"about":[{"href":"https:\/\/www.miomiorun.com\/es\/wp-json\/wp\/v2\/types\/product"}],"wp:featuredmedia":[{"embeddable":true,"href":"https:\/\/www.miomiorun.com\/es\/wp-json\/wp\/v2\/media\/318607"}],"wp:attachment":[{"href":"https:\/\/www.miomiorun.com\/es\/wp-json\/wp\/v2\/media?parent=317917"}],"wp:term":[{"taxonomy":"product_brand","embeddable":true,"href":"https:\/\/www.miomiorun.com\/es\/wp-json\/wp\/v2\/product_brand?post=317917"},{"taxonomy":"product_cat","embeddable":true,"href":"https:\/\/www.miomiorun.com\/es\/wp-json\/wp\/v2\/product_cat?post=317917"},{"taxonomy":"product_tag","embeddable":true,"href":"https:\/\/www.miomiorun.com\/es\/wp-json\/wp\/v2\/product_tag?post=317917"}],"curies":[{"name":"wp","href":"https:\/\/api.w.org\/{rel}","templated":true}]}}