{"id":317646,"date":"2025-06-06T12:05:39","date_gmt":"2025-06-06T10:05:39","guid":{"rendered":"https:\/\/miomiorun.com\/?post_type=product&#038;p=317646"},"modified":"2026-02-27T19:36:35","modified_gmt":"2026-02-27T18:36:35","slug":"ghost-17-hombre","status":"publish","type":"product","link":"https:\/\/www.miomiorun.com\/es\/producto\/ghost-17-hombre\/","title":{"rendered":"Ghost 17 hombre"},"content":{"rendered":"<table style=\"border-collapse: collapse;width: 100%\">\n<tbody>\n<tr>\n<td style=\"width: 33.3333%;vertical-align: top;text-align: center\">\n<h4>Especificaciones t\u00e9cnicas<\/h4>\n<p>Categor\u00eda: Amortiguaci\u00f3n suave y din\u00e1mica.<br \/>\nOffset: 10 mm.<br \/>\nPeso: 286,3 g.<br \/>\nIdeal para: corredores con pisada neutra que buscan un modelo capaz de proporcionar una buena amortiguaci\u00f3n y una excelente versatilidad para correr y caminar en distancias largas o medias.<br \/>\nPeso del atleta: 70 kg<br \/>\nRitmo de carrera: medio (5 min\/km)<br \/>\n<a href=\"https:\/\/miomiorun.com\/guida-alle-specifiche-tecniche\/\">Gu\u00eda de especificaciones t\u00e9cnicas<\/a><\/td>\n<td style=\"width: 66.6666%;vertical-align: top;text-align: center\">\n<p data-start=\"235\" data-end=\"521\">La nueva <strong data-start=\"244\" data-end=\"256\">Ghost 17<\/strong> de Brooks es la evoluci\u00f3n perfecta de la zapatilla de running que ha conquistado a miles de corredores en todo el mundo. Ideal para quienes corren o caminan a diario, combina <strong data-start=\"416\" data-end=\"449\">una amortiguaci\u00f3n ultrasuave<\/strong>, transiciones fluidas y una comodidad superior, kil\u00f3metro tras kil\u00f3metro.<\/p>\n<p data-start=\"523\" data-end=\"888\">En comparaci\u00f3n con la Ghost 16, la Ghost 17 lleva la comodidad a un nivel superior con una <strong data-start=\"606\" data-end=\"631\">entresuela actualizada<\/strong> equipada con <strong data-start=\"642\" data-end=\"670\">DNA LOFT v3 nitro-infused<\/strong>: +1 mm de espuma en el tal\u00f3n y +3 mm en la parte delantera del pie para una suavidad a\u00fan m\u00e1s equilibrada. Las nuevas <strong data-start=\"775\" data-end=\"802\">ranuras estrat\u00e9gicas<\/strong> mejoran la flexibilidad, favoreciendo un flujo natural y continuo en cada paso.<\/p>\n<p data-start=\"890\" data-end=\"1075\">Tanto si eres un corredor habitual como si buscas una zapatilla para entrenar a diario, la <strong data-start=\"979\" data-end=\"991\">Ghost 17<\/strong> est\u00e1 dise\u00f1ada para ofrecerte una carrera fluida, estable y c\u00f3moda en cualquier condici\u00f3n. <\/p>\n<h4 data-start=\"1082\" data-end=\"1118\"><strong data-start=\"1087\" data-end=\"1118\">Caracter\u00edsticas principales:<\/strong><\/h4>\n<ul data-start=\"1119\" data-end=\"1482\">\n<li data-start=\"1119\" data-end=\"1172\">\n<p data-start=\"1121\" data-end=\"1172\">Amortiguaci\u00f3n <strong data-start=\"1137\" data-end=\"1152\">DNA LOFT v3<\/strong> con infusi\u00f3n de nitr\u00f3geno<\/p>\n<\/li>\n<li data-start=\"1173\" data-end=\"1242\">\n<p data-start=\"1175\" data-end=\"1242\">Nueva <strong data-start=\"1181\" data-end=\"1204\">entresuela moldeada<\/strong> para una carrera m\u00e1s fluida y flexible<\/p>\n<\/li>\n<li data-start=\"1243\" data-end=\"1314\">\n<p data-start=\"1245\" data-end=\"1314\">Mayor cantidad de espuma: +1 mm en el tal\u00f3n, +3 mm en la parte delantera del pie<\/p>\n<\/li>\n<li data-start=\"1315\" data-end=\"1358\">\n<p data-start=\"1317\" data-end=\"1358\">Adecuada para <strong data-start=\"1326\" data-end=\"1358\">corridas diarias y caminatas<\/strong><\/p>\n<\/li>\n<li data-start=\"1359\" data-end=\"1412\">\n<p data-start=\"1361\" data-end=\"1412\">Transiciones m\u00e1s suaves gracias al dise\u00f1o actualizado<\/p>\n<\/li>\n<li data-start=\"1413\" data-end=\"1482\">\n<p data-start=\"1415\" data-end=\"1482\">Una de las opciones preferidas por los corredores por su <strong data-start=\"1457\" data-end=\"1482\">comodidad y versatilidad<\/strong><\/p>\n<\/li>\n<\/ul>\n<\/td>\n<\/tr>\n<\/tbody>\n<\/table>\n<p>&nbsp;<\/p>\n","protected":false},"excerpt":{"rendered":"<ul>\n<li>Amortiguaci\u00f3n con DNA LOFT V3 con infusi\u00f3n de nitro<\/li>\n<li>Transiciones fluidas<\/li>\n<li>Parte superior mejorada<\/li>\n<\/ul>\n","protected":false},"featured_media":389808,"template":"","meta":{"_acf_changed":false,"inline_featured_image":false},"product_brand":[],"product_cat":[24454,24453],"product_tag":[23463,23661],"class_list":{"0":"post-317646","1":"product","2":"type-product","3":"status-publish","4":"has-post-thumbnail","6":"product_cat-calzado-para-hombre","7":"product_cat-neutre-es-3","8":"product_tag-brooks-es","9":"product_tag-brooks-hombre","10":"pa_attivita-caminar","11":"pa_attivita-running-es","12":"pa_colore-ghost-17-acid-lime-navy-white","13":"pa_colore-ghost-17-atlantic-deep-black-green-es","14":"pa_colore-ghost-17-beacon-blue-moonlight-starfish-es","15":"pa_colore-ghost-17-black-grey-white-es","16":"pa_colore-ghost-17-blazing-orange-yellow-ebony-es","17":"pa_colore-ghost-17-gray-mist-yucca-nightlife-es","18":"pa_colore-ghost-17-oyster-beacon-blue-gecko","19":"pa_colore-ghost-17-peacoat-lime-blue-es","20":"pa_colore-ghost-17-white-beacon-blue-ipanema","21":"pa_colore-ghost-17-white-black-tea-es","22":"pa_marca-brooks-es","23":"pa_sesso-hombre","24":"pa_size-41-es","25":"pa_size-42-es","26":"pa_size-42-5-es","27":"pa_size-43-es","28":"pa_size-44-es","29":"pa_size-44-5-es","30":"pa_size-45-es","31":"pa_size-45-5-es","32":"pa_size-46-es","33":"pa_size-46-5-es","34":"pa_size-47-5-es","36":"first","37":"instock","38":"sale","39":"taxable","40":"shipping-taxable","41":"purchasable","42":"product-type-variable","43":"wvs-archive-product-wrapper"},"acf":[],"yoast_head":"<!-- This site is optimized with the Yoast SEO plugin v26.8 - https:\/\/yoast.com\/product\/yoast-seo-wordpress\/ -->\n<title>Brooks Ghost 17 hombre - zapatillas de running hombre - MioMioRun.com<\/title>\n<meta name=\"description\" content=\"Brooks Ghost 17: amortiguaci\u00f3n DNA LOFT v3 mejorada, mayor comodidad y transiciones fluidas. Ideal para corredores y caminantes de todos los niveles.\" \/>\n<meta name=\"robots\" content=\"index, follow, max-snippet:-1, max-image-preview:large, max-video-preview:-1\" \/>\n<link rel=\"canonical\" href=\"https:\/\/www.miomiorun.com\/es\/producto\/ghost-17-hombre\/\" \/>\n<meta property=\"og:locale\" content=\"es_ES\" \/>\n<meta property=\"og:type\" content=\"article\" \/>\n<meta property=\"og:title\" content=\"Brooks Ghost 17 hombre - zapatillas de running hombre - MioMioRun.com\" \/>\n<meta property=\"og:description\" content=\"Brooks Ghost 17: amortiguaci\u00f3n DNA LOFT v3 mejorada, mayor comodidad y transiciones fluidas. Ideal para corredores y caminantes de todos los niveles.\" \/>\n<meta property=\"og:url\" content=\"https:\/\/www.miomiorun.com\/es\/producto\/ghost-17-hombre\/\" \/>\n<meta property=\"og:site_name\" content=\"MioMioRun\" \/>\n<meta property=\"article:publisher\" content=\"https:\/\/www.facebook.com\/miomiorun\/\" \/>\n<meta property=\"article:modified_time\" content=\"2026-02-27T18:36:35+00:00\" \/>\n<meta property=\"og:image\" content=\"https:\/\/www.miomiorun.com\/app\/uploads\/2026\/01\/brooks-Ghost-17-beacon-blue-moonlight-starfish-1104421D443.webp\" \/>\n\t<meta property=\"og:image:width\" content=\"720\" \/>\n\t<meta property=\"og:image:height\" content=\"720\" \/>\n\t<meta property=\"og:image:type\" content=\"image\/webp\" \/>\n<meta name=\"twitter:card\" content=\"summary_large_image\" \/>\n<meta name=\"twitter:label1\" content=\"Est. reading time\" \/>\n\t<meta name=\"twitter:data1\" content=\"1 minute\" \/>\n<script type=\"application\/ld+json\" class=\"yoast-schema-graph\">{\"@context\":\"https:\/\/schema.org\",\"@graph\":[{\"@type\":\"WebPage\",\"@id\":\"https:\/\/www.miomiorun.com\/es\/producto\/ghost-17-hombre\/\",\"url\":\"https:\/\/www.miomiorun.com\/es\/producto\/ghost-17-hombre\/\",\"name\":\"Brooks Ghost 17 hombre - zapatillas de running hombre - MioMioRun.com\",\"isPartOf\":{\"@id\":\"https:\/\/www.miomiorun.com\/es\/#website\"},\"primaryImageOfPage\":{\"@id\":\"https:\/\/www.miomiorun.com\/es\/producto\/ghost-17-hombre\/#primaryimage\"},\"image\":{\"@id\":\"https:\/\/www.miomiorun.com\/es\/producto\/ghost-17-hombre\/#primaryimage\"},\"thumbnailUrl\":\"https:\/\/www.miomiorun.com\/app\/uploads\/2026\/01\/brooks-Ghost-17-beacon-blue-moonlight-starfish-1104421D443.webp\",\"datePublished\":\"2025-06-06T10:05:39+00:00\",\"dateModified\":\"2026-02-27T18:36:35+00:00\",\"description\":\"Brooks Ghost 17: amortiguaci\u00f3n DNA LOFT v3 mejorada, mayor comodidad y transiciones fluidas. Ideal para corredores y caminantes de todos los niveles.\",\"breadcrumb\":{\"@id\":\"https:\/\/www.miomiorun.com\/es\/producto\/ghost-17-hombre\/#breadcrumb\"},\"inLanguage\":\"es-ES\",\"potentialAction\":[{\"@type\":\"ReadAction\",\"target\":[\"https:\/\/www.miomiorun.com\/es\/producto\/ghost-17-hombre\/\"]}]},{\"@type\":\"ImageObject\",\"inLanguage\":\"es-ES\",\"@id\":\"https:\/\/www.miomiorun.com\/es\/producto\/ghost-17-hombre\/#primaryimage\",\"url\":\"https:\/\/www.miomiorun.com\/app\/uploads\/2026\/01\/brooks-Ghost-17-beacon-blue-moonlight-starfish-1104421D443.webp\",\"contentUrl\":\"https:\/\/www.miomiorun.com\/app\/uploads\/2026\/01\/brooks-Ghost-17-beacon-blue-moonlight-starfish-1104421D443.webp\",\"width\":720,\"height\":720,\"caption\":\"brooks Ghost 17 beacon blue moonlight starfish 1104421D443\"},{\"@type\":\"BreadcrumbList\",\"@id\":\"https:\/\/www.miomiorun.com\/es\/producto\/ghost-17-hombre\/#breadcrumb\",\"itemListElement\":[{\"@type\":\"ListItem\",\"position\":1,\"name\":\"Home\",\"item\":\"https:\/\/www.miomiorun.com\/es\/\"},{\"@type\":\"ListItem\",\"position\":2,\"name\":\"Shop\",\"item\":\"https:\/\/www.miomiorun.com\/shop\/\"},{\"@type\":\"ListItem\",\"position\":3,\"name\":\"Ghost 17 hombre\"}]},{\"@type\":\"WebSite\",\"@id\":\"https:\/\/www.miomiorun.com\/es\/#website\",\"url\":\"https:\/\/www.miomiorun.com\/es\/\",\"name\":\"MioMioRun\",\"description\":\"Tienda 100% running y trail\",\"publisher\":{\"@id\":\"https:\/\/www.miomiorun.com\/es\/#organization\"},\"potentialAction\":[{\"@type\":\"SearchAction\",\"target\":{\"@type\":\"EntryPoint\",\"urlTemplate\":\"https:\/\/www.miomiorun.com\/es\/?s={search_term_string}\"},\"query-input\":{\"@type\":\"PropertyValueSpecification\",\"valueRequired\":true,\"valueName\":\"search_term_string\"}}],\"inLanguage\":\"es-ES\"},{\"@type\":\"Organization\",\"@id\":\"https:\/\/www.miomiorun.com\/es\/#organization\",\"name\":\"MioMio Run\",\"url\":\"https:\/\/www.miomiorun.com\/es\/\",\"logo\":{\"@type\":\"ImageObject\",\"inLanguage\":\"es-ES\",\"@id\":\"https:\/\/www.miomiorun.com\/es\/#\/schema\/logo\/image\/\",\"url\":\"https:\/\/www.miomiorun.com\/app\/uploads\/2019\/12\/logomio.png\",\"contentUrl\":\"https:\/\/www.miomiorun.com\/app\/uploads\/2019\/12\/logomio.png\",\"width\":115,\"height\":82,\"caption\":\"MioMio Run\"},\"image\":{\"@id\":\"https:\/\/www.miomiorun.com\/es\/#\/schema\/logo\/image\/\"},\"sameAs\":[\"https:\/\/www.facebook.com\/miomiorun\/\",\"https:\/\/www.instagram.com\/miomiorun\/\"]}]}<\/script>\n<!-- \/ Yoast SEO plugin. -->","yoast_head_json":{"title":"Brooks Ghost 17 hombre - zapatillas de running hombre - MioMioRun.com","description":"Brooks Ghost 17: amortiguaci\u00f3n DNA LOFT v3 mejorada, mayor comodidad y transiciones fluidas. Ideal para corredores y caminantes de todos los niveles.","robots":{"index":"index","follow":"follow","max-snippet":"max-snippet:-1","max-image-preview":"max-image-preview:large","max-video-preview":"max-video-preview:-1"},"canonical":"https:\/\/www.miomiorun.com\/es\/producto\/ghost-17-hombre\/","og_locale":"es_ES","og_type":"article","og_title":"Brooks Ghost 17 hombre - zapatillas de running hombre - MioMioRun.com","og_description":"Brooks Ghost 17: amortiguaci\u00f3n DNA LOFT v3 mejorada, mayor comodidad y transiciones fluidas. Ideal para corredores y caminantes de todos los niveles.","og_url":"https:\/\/www.miomiorun.com\/es\/producto\/ghost-17-hombre\/","og_site_name":"MioMioRun","article_publisher":"https:\/\/www.facebook.com\/miomiorun\/","article_modified_time":"2026-02-27T18:36:35+00:00","og_image":[{"width":720,"height":720,"url":"https:\/\/www.miomiorun.com\/app\/uploads\/2026\/01\/brooks-Ghost-17-beacon-blue-moonlight-starfish-1104421D443.webp","type":"image\/webp"}],"twitter_card":"summary_large_image","twitter_misc":{"Est. reading time":"1 minute"},"schema":{"@context":"https:\/\/schema.org","@graph":[{"@type":"WebPage","@id":"https:\/\/www.miomiorun.com\/es\/producto\/ghost-17-hombre\/","url":"https:\/\/www.miomiorun.com\/es\/producto\/ghost-17-hombre\/","name":"Brooks Ghost 17 hombre - zapatillas de running hombre - MioMioRun.com","isPartOf":{"@id":"https:\/\/www.miomiorun.com\/es\/#website"},"primaryImageOfPage":{"@id":"https:\/\/www.miomiorun.com\/es\/producto\/ghost-17-hombre\/#primaryimage"},"image":{"@id":"https:\/\/www.miomiorun.com\/es\/producto\/ghost-17-hombre\/#primaryimage"},"thumbnailUrl":"https:\/\/www.miomiorun.com\/app\/uploads\/2026\/01\/brooks-Ghost-17-beacon-blue-moonlight-starfish-1104421D443.webp","datePublished":"2025-06-06T10:05:39+00:00","dateModified":"2026-02-27T18:36:35+00:00","description":"Brooks Ghost 17: amortiguaci\u00f3n DNA LOFT v3 mejorada, mayor comodidad y transiciones fluidas. Ideal para corredores y caminantes de todos los niveles.","breadcrumb":{"@id":"https:\/\/www.miomiorun.com\/es\/producto\/ghost-17-hombre\/#breadcrumb"},"inLanguage":"es-ES","potentialAction":[{"@type":"ReadAction","target":["https:\/\/www.miomiorun.com\/es\/producto\/ghost-17-hombre\/"]}]},{"@type":"ImageObject","inLanguage":"es-ES","@id":"https:\/\/www.miomiorun.com\/es\/producto\/ghost-17-hombre\/#primaryimage","url":"https:\/\/www.miomiorun.com\/app\/uploads\/2026\/01\/brooks-Ghost-17-beacon-blue-moonlight-starfish-1104421D443.webp","contentUrl":"https:\/\/www.miomiorun.com\/app\/uploads\/2026\/01\/brooks-Ghost-17-beacon-blue-moonlight-starfish-1104421D443.webp","width":720,"height":720,"caption":"brooks Ghost 17 beacon blue moonlight starfish 1104421D443"},{"@type":"BreadcrumbList","@id":"https:\/\/www.miomiorun.com\/es\/producto\/ghost-17-hombre\/#breadcrumb","itemListElement":[{"@type":"ListItem","position":1,"name":"Home","item":"https:\/\/www.miomiorun.com\/es\/"},{"@type":"ListItem","position":2,"name":"Shop","item":"https:\/\/www.miomiorun.com\/shop\/"},{"@type":"ListItem","position":3,"name":"Ghost 17 hombre"}]},{"@type":"WebSite","@id":"https:\/\/www.miomiorun.com\/es\/#website","url":"https:\/\/www.miomiorun.com\/es\/","name":"MioMioRun","description":"Tienda 100% running y trail","publisher":{"@id":"https:\/\/www.miomiorun.com\/es\/#organization"},"potentialAction":[{"@type":"SearchAction","target":{"@type":"EntryPoint","urlTemplate":"https:\/\/www.miomiorun.com\/es\/?s={search_term_string}"},"query-input":{"@type":"PropertyValueSpecification","valueRequired":true,"valueName":"search_term_string"}}],"inLanguage":"es-ES"},{"@type":"Organization","@id":"https:\/\/www.miomiorun.com\/es\/#organization","name":"MioMio Run","url":"https:\/\/www.miomiorun.com\/es\/","logo":{"@type":"ImageObject","inLanguage":"es-ES","@id":"https:\/\/www.miomiorun.com\/es\/#\/schema\/logo\/image\/","url":"https:\/\/www.miomiorun.com\/app\/uploads\/2019\/12\/logomio.png","contentUrl":"https:\/\/www.miomiorun.com\/app\/uploads\/2019\/12\/logomio.png","width":115,"height":82,"caption":"MioMio Run"},"image":{"@id":"https:\/\/www.miomiorun.com\/es\/#\/schema\/logo\/image\/"},"sameAs":["https:\/\/www.facebook.com\/miomiorun\/","https:\/\/www.instagram.com\/miomiorun\/"]}]}},"_links":{"self":[{"href":"https:\/\/www.miomiorun.com\/es\/wp-json\/wp\/v2\/product\/317646","targetHints":{"allow":["GET"]}}],"collection":[{"href":"https:\/\/www.miomiorun.com\/es\/wp-json\/wp\/v2\/product"}],"about":[{"href":"https:\/\/www.miomiorun.com\/es\/wp-json\/wp\/v2\/types\/product"}],"wp:featuredmedia":[{"embeddable":true,"href":"https:\/\/www.miomiorun.com\/es\/wp-json\/wp\/v2\/media\/389808"}],"wp:attachment":[{"href":"https:\/\/www.miomiorun.com\/es\/wp-json\/wp\/v2\/media?parent=317646"}],"wp:term":[{"taxonomy":"product_brand","embeddable":true,"href":"https:\/\/www.miomiorun.com\/es\/wp-json\/wp\/v2\/product_brand?post=317646"},{"taxonomy":"product_cat","embeddable":true,"href":"https:\/\/www.miomiorun.com\/es\/wp-json\/wp\/v2\/product_cat?post=317646"},{"taxonomy":"product_tag","embeddable":true,"href":"https:\/\/www.miomiorun.com\/es\/wp-json\/wp\/v2\/product_tag?post=317646"}],"curies":[{"name":"wp","href":"https:\/\/api.w.org\/{rel}","templated":true}]}}