{"id":317311,"date":"2025-06-06T11:27:03","date_gmt":"2025-06-06T09:27:03","guid":{"rendered":"https:\/\/miomiorun.com\/?post_type=product&#038;p=317311"},"modified":"2025-06-09T18:47:41","modified_gmt":"2025-06-09T16:47:41","slug":"adizero-xcs","status":"publish","type":"product","link":"https:\/\/www.miomiorun.com\/es\/producto\/adizero-xcs\/","title":{"rendered":"Adizero XCS"},"content":{"rendered":"<div class=\"vc-row container\"><div class=\"vc-column\"><div class=\"vc-column-text\"><\/p>\n<h4>Caracter\u00edsticas t\u00e9cnicas<\/h4>\n<p>Categor\u00eda: zapatilla de atletismo para distancias medias<br \/>\nOffset: 2 mm (tal\u00f3n: 11,5 mm \/ antepi\u00e9: 9,5 mm)<br \/>\nPeso: 175 g (talla 42 2\/3)<br \/>\nIdeal para : atletas r\u00e1pidos y para entrenamientos de carrera, gracias a su amortiguaci\u00f3n innovadora y reactiva te har\u00e1 m\u00e1s r\u00e1pido y te acompa\u00f1ar\u00e1 al podio.<br \/>\nPeso del atleta : &lt; 70 kg<br \/>\nRitmo de carrera : &lt; 4.00 min\/km<br \/>\n<a href=\"https:\/\/miomiorun.com\/es\/guia-especifica\/\">Gu\u00eda de especificaciones<\/a><\/p>\n<p><\/div><\/div><div class=\"vc-column\"><div class=\"vc-column-text\"><\/p>\n<p data-end=\"510\" data-start=\"220\">Las <strong data-end=\"245\" data-start=\"223\">adidas Adizero XCS<\/strong> son las zapatillas de atletismo dise\u00f1adas para aquellos que aspiran a lo m\u00e1ximo en cada carrera. De principio a fin, estas zapatillas ofrecen una <strong data-end=\"419\" data-start=\"382\">capacidad de respuesta, ligereza y tracci\u00f3n<\/strong> excepcionales para ayudarte a mejorar tus tiempos y alcanzar tu <strong data-end=\"509\" data-start=\"492\">mejor marca personal<\/strong>.<\/p>\n<p data-end=\"881\" data-start=\"512\">La <strong data-end=\"541\" data-start=\"515\">construcci\u00f3n ultraligera<\/strong> y la entresuela <strong data-end=\"567\" data-start=\"557\">Bounce<\/strong> garantizan un retorno de energ\u00eda eficaz y una pisada suave, mientras que la parte superior sint\u00e9tica envolvente proporciona un <strong data-end=\"713\" data-start=\"683\">ajuste estable y ce\u00f1ido<\/strong> incluso en los momentos m\u00e1s intensos. La <strong data-end=\"775\" data-start=\"748\">suela exterior de goma con clavos<\/strong>, dise\u00f1ada para la pista, ofrece un agarre agresivo que te permite empujar con confianza en cada pisada.<\/p>\n<p data-end=\"1013\" data-start=\"883\">Adem\u00e1s, est\u00e1n fabricadas con al menos <strong data-end=\"951\" data-start=\"921\">un 20% de materiales reciclados<\/strong>, para una elecci\u00f3n de rendimiento que tambi\u00e9n respeta el medio ambiente.<\/p>\n<h4 data-end=\"1056\" data-start=\"1020\"><strong data-end=\"1056\" data-start=\"1025\">Caracter\u00edsticas principales:<\/strong><\/h4>\n<ul data-end=\"1424\" data-start=\"1057\">\n<li data-end=\"1100\" data-start=\"1057\">\n<p data-end=\"1100\" data-start=\"1059\"><strong data-end=\"1079\" data-start=\"1059\">Corte regular<\/strong> con cierre de cordones<\/p>\n<\/li>\n<li data-end=\"1171\" data-start=\"1101\">\n<p data-end=\"1171\" data-start=\"1103\"><strong data-end=\"1145\" data-start=\"1103\">Exterior y forro sint\u00e9ticos<\/strong> para mayor ligereza y sujeci\u00f3n<\/p>\n<\/li>\n<li data-end=\"1224\" data-start=\"1172\">\n<p data-end=\"1224\" data-start=\"1174\"><strong data-end=\"1195\" data-start=\"1174\">Entresuela de rebote<\/strong> para una amortiguaci\u00f3n reactiva<\/p>\n<\/li>\n<li data-end=\"1296\" data-start=\"1225\">\n<p data-end=\"1296\" data-start=\"1227\"><strong data-end=\"1266\" data-start=\"1227\">Suela exterior con tacos de goma<\/strong> para una m\u00e1xima tracci\u00f3n en la pista<\/p>\n<\/li>\n<li data-end=\"1424\" data-start=\"1385\">\n<p data-end=\"1424\" data-start=\"1387\">Al menos <strong data-end=\"1424\" data-start=\"1394\">un 20% de materiales reciclados<\/strong><\/p>\n<\/li>\n<\/ul>\n<p><\/div><\/div><\/div>\n","protected":false},"excerpt":{"rendered":"<ul class=\"m-long-description__features\">\n<li class=\"m-long-description__feature\">Ultraligera y reactiva<\/li>\n<li>Zapatilla r\u00e1pida de competici\u00f3n<\/li>\n<\/ul>\n","protected":false},"featured_media":318337,"template":"","meta":{"_acf_changed":false,"inline_featured_image":false},"product_brand":[],"product_cat":[24227,24454,24453,24228],"product_tag":[23558,23570,23620],"class_list":{"0":"post-317311","1":"product","2":"type-product","3":"status-publish","4":"has-post-thumbnail","6":"product_cat-calzado-femenino","7":"product_cat-calzado-para-hombre","8":"product_cat-neutre-es-3","9":"product_cat-neutre-es","10":"product_tag-adidas-es","11":"product_tag-adidas-hombre","12":"product_tag-adidas-mujer","13":"pa_attivita-running-es","14":"pa_colore-adizero-xcs-luclem-cblack-halsil-es","15":"pa_marca-adidas-es","16":"pa_sesso-hombre","17":"pa_sesso-mujer","18":"pa_size-38-es","19":"pa_size-40-es","21":"pa_size-41-es","22":"pa_size-42-es","24":"pa_size-43-es","25":"pa_size-44-es","27":"pa_size-45-es","28":"pa_size-46-es","31":"first","32":"instock","33":"sale","34":"taxable","35":"shipping-taxable","36":"purchasable","37":"product-type-variable","38":"wvs-archive-product-wrapper"},"acf":[],"yoast_head":"<!-- This site is optimized with the Yoast SEO plugin v26.8 - https:\/\/yoast.com\/product\/yoast-seo-wordpress\/ -->\n<title>Adidas Adizero XCS - zapatillas para correr - MioMioRun<\/title>\n<meta name=\"description\" content=\"Adidas Adizero XCS: zapatillas de atletismo ultraligeras con entresuela Bounce de gran capacidad de respuesta, suela con clavos de gran agarre y un 20 % de materiales reciclados para tu mejor marca personal.\" \/>\n<meta name=\"robots\" content=\"index, follow, max-snippet:-1, max-image-preview:large, max-video-preview:-1\" \/>\n<link rel=\"canonical\" href=\"https:\/\/www.miomiorun.com\/es\/producto\/adizero-xcs\/\" \/>\n<meta property=\"og:locale\" content=\"es_ES\" \/>\n<meta property=\"og:type\" content=\"article\" \/>\n<meta property=\"og:title\" content=\"Adidas Adizero XCS - zapatillas para correr - MioMioRun\" \/>\n<meta property=\"og:description\" content=\"Adidas Adizero XCS: zapatillas de atletismo ultraligeras con entresuela Bounce de gran capacidad de respuesta, suela con clavos de gran agarre y un 20 % de materiales reciclados para tu mejor marca personal.\" \/>\n<meta property=\"og:url\" content=\"https:\/\/www.miomiorun.com\/es\/producto\/adizero-xcs\/\" \/>\n<meta property=\"og:site_name\" content=\"MioMioRun\" \/>\n<meta property=\"article:publisher\" content=\"https:\/\/www.facebook.com\/miomiorun\/\" \/>\n<meta property=\"article:modified_time\" content=\"2025-06-09T16:47:41+00:00\" \/>\n<meta property=\"og:image\" content=\"https:\/\/www.miomiorun.com\/app\/uploads\/2025\/06\/adidas-Adizero-XCS-luclem-cblack-halsil-IF9429.webp\" \/>\n\t<meta property=\"og:image:width\" content=\"600\" \/>\n\t<meta property=\"og:image:height\" content=\"600\" \/>\n\t<meta property=\"og:image:type\" content=\"image\/webp\" \/>\n<meta name=\"twitter:card\" content=\"summary_large_image\" \/>\n<meta name=\"twitter:label1\" content=\"Est. reading time\" \/>\n\t<meta name=\"twitter:data1\" content=\"2 minutes\" \/>\n<script type=\"application\/ld+json\" class=\"yoast-schema-graph\">{\"@context\":\"https:\/\/schema.org\",\"@graph\":[{\"@type\":\"WebPage\",\"@id\":\"https:\/\/www.miomiorun.com\/es\/producto\/adizero-xcs\/\",\"url\":\"https:\/\/www.miomiorun.com\/es\/producto\/adizero-xcs\/\",\"name\":\"Adidas Adizero XCS - zapatillas para correr - MioMioRun\",\"isPartOf\":{\"@id\":\"https:\/\/www.miomiorun.com\/es\/#website\"},\"primaryImageOfPage\":{\"@id\":\"https:\/\/www.miomiorun.com\/es\/producto\/adizero-xcs\/#primaryimage\"},\"image\":{\"@id\":\"https:\/\/www.miomiorun.com\/es\/producto\/adizero-xcs\/#primaryimage\"},\"thumbnailUrl\":\"https:\/\/www.miomiorun.com\/app\/uploads\/2025\/06\/adidas-Adizero-XCS-luclem-cblack-halsil-IF9429.webp\",\"datePublished\":\"2025-06-06T09:27:03+00:00\",\"dateModified\":\"2025-06-09T16:47:41+00:00\",\"description\":\"Adidas Adizero XCS: zapatillas de atletismo ultraligeras con entresuela Bounce de gran capacidad de respuesta, suela con clavos de gran agarre y un 20 % de materiales reciclados para tu mejor marca personal.\",\"breadcrumb\":{\"@id\":\"https:\/\/www.miomiorun.com\/es\/producto\/adizero-xcs\/#breadcrumb\"},\"inLanguage\":\"es-ES\",\"potentialAction\":[{\"@type\":\"ReadAction\",\"target\":[\"https:\/\/www.miomiorun.com\/es\/producto\/adizero-xcs\/\"]}]},{\"@type\":\"ImageObject\",\"inLanguage\":\"es-ES\",\"@id\":\"https:\/\/www.miomiorun.com\/es\/producto\/adizero-xcs\/#primaryimage\",\"url\":\"https:\/\/www.miomiorun.com\/app\/uploads\/2025\/06\/adidas-Adizero-XCS-luclem-cblack-halsil-IF9429.webp\",\"contentUrl\":\"https:\/\/www.miomiorun.com\/app\/uploads\/2025\/06\/adidas-Adizero-XCS-luclem-cblack-halsil-IF9429.webp\",\"width\":600,\"height\":600,\"caption\":\"adidas Adizero XCS luclem cblack halsil IF9429\"},{\"@type\":\"BreadcrumbList\",\"@id\":\"https:\/\/www.miomiorun.com\/es\/producto\/adizero-xcs\/#breadcrumb\",\"itemListElement\":[{\"@type\":\"ListItem\",\"position\":1,\"name\":\"Home\",\"item\":\"https:\/\/www.miomiorun.com\/es\/\"},{\"@type\":\"ListItem\",\"position\":2,\"name\":\"Shop\",\"item\":\"https:\/\/www.miomiorun.com\/shop\/\"},{\"@type\":\"ListItem\",\"position\":3,\"name\":\"Adizero XCS\"}]},{\"@type\":\"WebSite\",\"@id\":\"https:\/\/www.miomiorun.com\/es\/#website\",\"url\":\"https:\/\/www.miomiorun.com\/es\/\",\"name\":\"MioMioRun\",\"description\":\"Tienda 100% running y trail\",\"publisher\":{\"@id\":\"https:\/\/www.miomiorun.com\/es\/#organization\"},\"potentialAction\":[{\"@type\":\"SearchAction\",\"target\":{\"@type\":\"EntryPoint\",\"urlTemplate\":\"https:\/\/www.miomiorun.com\/es\/?s={search_term_string}\"},\"query-input\":{\"@type\":\"PropertyValueSpecification\",\"valueRequired\":true,\"valueName\":\"search_term_string\"}}],\"inLanguage\":\"es-ES\"},{\"@type\":\"Organization\",\"@id\":\"https:\/\/www.miomiorun.com\/es\/#organization\",\"name\":\"MioMio Run\",\"url\":\"https:\/\/www.miomiorun.com\/es\/\",\"logo\":{\"@type\":\"ImageObject\",\"inLanguage\":\"es-ES\",\"@id\":\"https:\/\/www.miomiorun.com\/es\/#\/schema\/logo\/image\/\",\"url\":\"https:\/\/www.miomiorun.com\/app\/uploads\/2019\/12\/logomio.png\",\"contentUrl\":\"https:\/\/www.miomiorun.com\/app\/uploads\/2019\/12\/logomio.png\",\"width\":115,\"height\":82,\"caption\":\"MioMio Run\"},\"image\":{\"@id\":\"https:\/\/www.miomiorun.com\/es\/#\/schema\/logo\/image\/\"},\"sameAs\":[\"https:\/\/www.facebook.com\/miomiorun\/\",\"https:\/\/www.instagram.com\/miomiorun\/\"]}]}<\/script>\n<!-- \/ Yoast SEO plugin. -->","yoast_head_json":{"title":"Adidas Adizero XCS - zapatillas para correr - MioMioRun","description":"Adidas Adizero XCS: zapatillas de atletismo ultraligeras con entresuela Bounce de gran capacidad de respuesta, suela con clavos de gran agarre y un 20 % de materiales reciclados para tu mejor marca personal.","robots":{"index":"index","follow":"follow","max-snippet":"max-snippet:-1","max-image-preview":"max-image-preview:large","max-video-preview":"max-video-preview:-1"},"canonical":"https:\/\/www.miomiorun.com\/es\/producto\/adizero-xcs\/","og_locale":"es_ES","og_type":"article","og_title":"Adidas Adizero XCS - zapatillas para correr - MioMioRun","og_description":"Adidas Adizero XCS: zapatillas de atletismo ultraligeras con entresuela Bounce de gran capacidad de respuesta, suela con clavos de gran agarre y un 20 % de materiales reciclados para tu mejor marca personal.","og_url":"https:\/\/www.miomiorun.com\/es\/producto\/adizero-xcs\/","og_site_name":"MioMioRun","article_publisher":"https:\/\/www.facebook.com\/miomiorun\/","article_modified_time":"2025-06-09T16:47:41+00:00","og_image":[{"width":600,"height":600,"url":"https:\/\/www.miomiorun.com\/app\/uploads\/2025\/06\/adidas-Adizero-XCS-luclem-cblack-halsil-IF9429.webp","type":"image\/webp"}],"twitter_card":"summary_large_image","twitter_misc":{"Est. reading time":"2 minutes"},"schema":{"@context":"https:\/\/schema.org","@graph":[{"@type":"WebPage","@id":"https:\/\/www.miomiorun.com\/es\/producto\/adizero-xcs\/","url":"https:\/\/www.miomiorun.com\/es\/producto\/adizero-xcs\/","name":"Adidas Adizero XCS - zapatillas para correr - MioMioRun","isPartOf":{"@id":"https:\/\/www.miomiorun.com\/es\/#website"},"primaryImageOfPage":{"@id":"https:\/\/www.miomiorun.com\/es\/producto\/adizero-xcs\/#primaryimage"},"image":{"@id":"https:\/\/www.miomiorun.com\/es\/producto\/adizero-xcs\/#primaryimage"},"thumbnailUrl":"https:\/\/www.miomiorun.com\/app\/uploads\/2025\/06\/adidas-Adizero-XCS-luclem-cblack-halsil-IF9429.webp","datePublished":"2025-06-06T09:27:03+00:00","dateModified":"2025-06-09T16:47:41+00:00","description":"Adidas Adizero XCS: zapatillas de atletismo ultraligeras con entresuela Bounce de gran capacidad de respuesta, suela con clavos de gran agarre y un 20 % de materiales reciclados para tu mejor marca personal.","breadcrumb":{"@id":"https:\/\/www.miomiorun.com\/es\/producto\/adizero-xcs\/#breadcrumb"},"inLanguage":"es-ES","potentialAction":[{"@type":"ReadAction","target":["https:\/\/www.miomiorun.com\/es\/producto\/adizero-xcs\/"]}]},{"@type":"ImageObject","inLanguage":"es-ES","@id":"https:\/\/www.miomiorun.com\/es\/producto\/adizero-xcs\/#primaryimage","url":"https:\/\/www.miomiorun.com\/app\/uploads\/2025\/06\/adidas-Adizero-XCS-luclem-cblack-halsil-IF9429.webp","contentUrl":"https:\/\/www.miomiorun.com\/app\/uploads\/2025\/06\/adidas-Adizero-XCS-luclem-cblack-halsil-IF9429.webp","width":600,"height":600,"caption":"adidas Adizero XCS luclem cblack halsil IF9429"},{"@type":"BreadcrumbList","@id":"https:\/\/www.miomiorun.com\/es\/producto\/adizero-xcs\/#breadcrumb","itemListElement":[{"@type":"ListItem","position":1,"name":"Home","item":"https:\/\/www.miomiorun.com\/es\/"},{"@type":"ListItem","position":2,"name":"Shop","item":"https:\/\/www.miomiorun.com\/shop\/"},{"@type":"ListItem","position":3,"name":"Adizero XCS"}]},{"@type":"WebSite","@id":"https:\/\/www.miomiorun.com\/es\/#website","url":"https:\/\/www.miomiorun.com\/es\/","name":"MioMioRun","description":"Tienda 100% running y trail","publisher":{"@id":"https:\/\/www.miomiorun.com\/es\/#organization"},"potentialAction":[{"@type":"SearchAction","target":{"@type":"EntryPoint","urlTemplate":"https:\/\/www.miomiorun.com\/es\/?s={search_term_string}"},"query-input":{"@type":"PropertyValueSpecification","valueRequired":true,"valueName":"search_term_string"}}],"inLanguage":"es-ES"},{"@type":"Organization","@id":"https:\/\/www.miomiorun.com\/es\/#organization","name":"MioMio Run","url":"https:\/\/www.miomiorun.com\/es\/","logo":{"@type":"ImageObject","inLanguage":"es-ES","@id":"https:\/\/www.miomiorun.com\/es\/#\/schema\/logo\/image\/","url":"https:\/\/www.miomiorun.com\/app\/uploads\/2019\/12\/logomio.png","contentUrl":"https:\/\/www.miomiorun.com\/app\/uploads\/2019\/12\/logomio.png","width":115,"height":82,"caption":"MioMio Run"},"image":{"@id":"https:\/\/www.miomiorun.com\/es\/#\/schema\/logo\/image\/"},"sameAs":["https:\/\/www.facebook.com\/miomiorun\/","https:\/\/www.instagram.com\/miomiorun\/"]}]}},"_links":{"self":[{"href":"https:\/\/www.miomiorun.com\/es\/wp-json\/wp\/v2\/product\/317311","targetHints":{"allow":["GET"]}}],"collection":[{"href":"https:\/\/www.miomiorun.com\/es\/wp-json\/wp\/v2\/product"}],"about":[{"href":"https:\/\/www.miomiorun.com\/es\/wp-json\/wp\/v2\/types\/product"}],"wp:featuredmedia":[{"embeddable":true,"href":"https:\/\/www.miomiorun.com\/es\/wp-json\/wp\/v2\/media\/318337"}],"wp:attachment":[{"href":"https:\/\/www.miomiorun.com\/es\/wp-json\/wp\/v2\/media?parent=317311"}],"wp:term":[{"taxonomy":"product_brand","embeddable":true,"href":"https:\/\/www.miomiorun.com\/es\/wp-json\/wp\/v2\/product_brand?post=317311"},{"taxonomy":"product_cat","embeddable":true,"href":"https:\/\/www.miomiorun.com\/es\/wp-json\/wp\/v2\/product_cat?post=317311"},{"taxonomy":"product_tag","embeddable":true,"href":"https:\/\/www.miomiorun.com\/es\/wp-json\/wp\/v2\/product_tag?post=317311"}],"curies":[{"name":"wp","href":"https:\/\/api.w.org\/{rel}","templated":true}]}}