{"id":317038,"date":"2025-06-06T10:04:57","date_gmt":"2025-06-06T08:04:57","guid":{"rendered":"https:\/\/miomiorun.com\/?post_type=product&#038;p=317038"},"modified":"2026-03-02T18:15:25","modified_gmt":"2026-03-02T17:15:25","slug":"adizero-evo-sl-mujer","status":"publish","type":"product","link":"https:\/\/www.miomiorun.com\/es\/producto\/adizero-evo-sl-mujer\/","title":{"rendered":"Adizero EVO SL mujer"},"content":{"rendered":"<table style=\"border-collapse: collapse;width: 100%\">\n<tbody>\n<tr>\n<td style=\"width: 33.3333%\"><strong>Especificaciones t\u00e9cnicas<\/strong><\/p>\n<p>Categor\u00eda: amortiguaci\u00f3n reactiva.<br \/>\nOffset: 6 mm (tal\u00f3n 36 mm\/punta 30 mm).<br \/>\nPeso: 188 g +\/- 9 g (talla 38 2\/3).<br \/>\nIdeal para: corredoras que no quieren renunciar al rendimiento ni siquiera durante el entrenamiento.<br \/>\nPeso de la atleta: 50-60 kg.<br \/>\nRitmo de carrera: medio-r\u00e1pido (3,30-4,40 min\/km).<br \/>\n<a href=\"https:\/\/miomiorun.com\/guida-alle-specifiche-tecniche\/\">Gu\u00eda de especificaciones t\u00e9cnicas<\/a><\/p>\n<div style=\"width: 1920px;\" class=\"wp-video\"><video class=\"wp-video-shortcode\" id=\"video-317038-1\" width=\"1920\" height=\"1080\" loop autoplay preload=\"metadata\" controls=\"controls\"><source type=\"video\/mp4\" src=\"https:\/\/www.miomiorun.com\/app\/uploads\/2025\/06\/evo-sl-donna.mp4?_=1\" \/><a href=\"https:\/\/www.miomiorun.com\/app\/uploads\/2025\/06\/evo-sl-donna.mp4\">https:\/\/www.miomiorun.com\/app\/uploads\/2025\/06\/evo-sl-donna.mp4<\/a><\/video><\/div>\n<p>&nbsp;<\/td>\n<td style=\"width: 66.6666%\">\n<p data-start=\"192\" data-end=\"530\">Dise\u00f1adas para quienes aman ir m\u00e1s all\u00e1, no solo en la carrera, sino en todos los retos diarios, las <strong data-start=\"282\" data-end=\"307\">adidas Adizero EVO SL<\/strong> son unas zapatillas que combinan <strong data-start=\"333\" data-end=\"356\">rendimiento de competici\u00f3n<\/strong> y <strong data-start=\"359\" data-end=\"379\">dise\u00f1o lifestyle<\/strong>. Inspiradas en las ic\u00f3nicas Pro Evo 1 de la l\u00ednea adizero, ofrecen <strong data-start=\"443\" data-end=\"483\">reactividad, comodidad y un look atrevido<\/strong> perfecto para vivir cada d\u00eda con energ\u00eda.<\/p>\n<p data-start=\"532\" data-end=\"900\">Gracias a la entresuela con <strong data-start=\"558\" data-end=\"585\">espuma LIGHTSTRIKE PRO<\/strong>, las EVO SL garantizan un <strong data-start=\"613\" data-end=\"643\">alto retorno de energ\u00eda<\/strong> y una amortiguaci\u00f3n ligera, mientras que la suela con <strong data-start=\"694\" data-end=\"730\">goma Continental en la parte delantera del pie<\/strong> asegura la tracci\u00f3n incluso en superficies resbaladizas. El drop de 6 mm y el peso reducido (solo unos <strong data-start=\"821\" data-end=\"830\">188 g<\/strong>) hacen que estas zapatillas sean ideales para movimientos r\u00e1pidos y vers\u00e1tiles.<\/p>\n<h4 data-start=\"907\" data-end=\"943\"><strong data-start=\"912\" data-end=\"943\">Caracter\u00edsticas principales:<\/strong><\/h4>\n<ul data-start=\"944\" data-end=\"1293\">\n<li data-start=\"944\" data-end=\"987\">\n<p data-start=\"946\" data-end=\"987\">Ajuste regular con <strong data-start=\"967\" data-end=\"987\">cierre con cordones<\/strong><\/p>\n<\/li>\n<li data-start=\"988\" data-end=\"1029\">\n<p data-start=\"990\" data-end=\"1029\">Empeine de tejido y material sint\u00e9tico<\/p>\n<\/li>\n<li data-start=\"1030\" data-end=\"1082\">\n<p data-start=\"1032\" data-end=\"1082\">Entresuela con <strong data-start=\"1047\" data-end=\"1082\">amortiguaci\u00f3n Lightstrike Pro<\/strong><\/p>\n<\/li>\n<li data-start=\"1083\" data-end=\"1155\">\n<p data-start=\"1085\" data-end=\"1155\">Suela con <strong data-start=\"1095\" data-end=\"1131\">goma Continental (Conti Winter)<\/strong> para un agarre superior<\/p>\n<\/li>\n<li data-start=\"1254\" data-end=\"1293\">\n<p data-start=\"1256\" data-end=\"1293\">Al menos un <strong data-start=\"1263\" data-end=\"1293\">20 % de materiales reciclados<\/strong><\/p>\n<\/li>\n<\/ul>\n<\/td>\n<\/tr>\n<\/tbody>\n<\/table>\n<p>&nbsp;<\/p>\n","protected":false},"excerpt":{"rendered":"<ul>\n<li>Zapatilla de running ligera, r\u00e1pida y reactiva.<\/li>\n<li>Ideal para corredores que quieren correr r\u00e1pido y superarse a s\u00ed mismos.<\/li>\n<\/ul>\n","protected":false},"featured_media":318461,"template":"","meta":{"_acf_changed":false,"inline_featured_image":false},"product_brand":[],"product_cat":[24227,24228],"product_tag":[23558,23620],"class_list":{"0":"post-317038","1":"product","2":"type-product","3":"status-publish","4":"has-post-thumbnail","6":"product_cat-calzado-femenino","7":"product_cat-neutre-es","8":"product_tag-adidas-es","9":"product_tag-adidas-mujer","10":"pa_attivita-running-es","11":"pa_colore-adizero-evo-sl-w-lucpnk-cblack-ftwwht-es","12":"pa_colore-evo-sl-w-cblack-ironmt-cblack-es","13":"pa_colore-evo-sl-w-silvmt-lucred-ironmt-es","14":"pa_colore-evo-sl-w-wonwhi-cybemt-warvan-es","15":"pa_marca-adidas-es","16":"pa_sesso-mujer","17":"pa_size-38-es","19":"pa_size-40-es","20":"pa_size-41-es","22":"first","23":"instock","24":"sale","25":"taxable","26":"shipping-taxable","27":"purchasable","28":"product-type-variable","29":"wvs-archive-product-wrapper"},"acf":[],"yoast_head":"<!-- This site is optimized with the Yoast SEO plugin v26.8 - https:\/\/yoast.com\/product\/yoast-seo-wordpress\/ -->\n<title>Adidas Adizero EVO SL mujer - zapatillas de running mujer - MioMioRun<\/title>\n<meta name=\"description\" content=\"adidas Adizero EVO SL: zapatillas ligeras y reactivas con amortiguaci\u00f3n Lightstrike Pro y suela Continental. Ideales para quienes viven y corren a toda velocidad.\" \/>\n<meta name=\"robots\" content=\"index, follow, max-snippet:-1, max-image-preview:large, max-video-preview:-1\" \/>\n<link rel=\"canonical\" href=\"https:\/\/www.miomiorun.com\/es\/producto\/adizero-evo-sl-mujer\/\" \/>\n<meta property=\"og:locale\" content=\"es_ES\" \/>\n<meta property=\"og:type\" content=\"article\" \/>\n<meta property=\"og:title\" content=\"Adidas Adizero EVO SL mujer - zapatillas de running mujer - MioMioRun\" \/>\n<meta property=\"og:description\" content=\"adidas Adizero EVO SL: zapatillas ligeras y reactivas con amortiguaci\u00f3n Lightstrike Pro y suela Continental. Ideales para quienes viven y corren a toda velocidad.\" \/>\n<meta property=\"og:url\" content=\"https:\/\/www.miomiorun.com\/es\/producto\/adizero-evo-sl-mujer\/\" \/>\n<meta property=\"og:site_name\" content=\"MioMioRun\" \/>\n<meta property=\"article:publisher\" content=\"https:\/\/www.facebook.com\/miomiorun\/\" \/>\n<meta property=\"article:modified_time\" content=\"2026-03-02T17:15:25+00:00\" \/>\n<meta property=\"og:image\" content=\"https:\/\/www.miomiorun.com\/app\/uploads\/2025\/06\/adidas-Adizero-EVO-SL-W-lucpnk-cblack-ftwwht-JS4455.webp\" \/>\n\t<meta property=\"og:image:width\" content=\"600\" \/>\n\t<meta property=\"og:image:height\" content=\"600\" \/>\n\t<meta property=\"og:image:type\" content=\"image\/webp\" \/>\n<meta name=\"twitter:card\" content=\"summary_large_image\" \/>\n<meta name=\"twitter:label1\" content=\"Est. reading time\" \/>\n\t<meta name=\"twitter:data1\" content=\"1 minute\" \/>\n<script type=\"application\/ld+json\" class=\"yoast-schema-graph\">{\"@context\":\"https:\/\/schema.org\",\"@graph\":[{\"@type\":\"WebPage\",\"@id\":\"https:\/\/www.miomiorun.com\/es\/producto\/adizero-evo-sl-mujer\/\",\"url\":\"https:\/\/www.miomiorun.com\/es\/producto\/adizero-evo-sl-mujer\/\",\"name\":\"Adidas Adizero EVO SL mujer - zapatillas de running mujer - MioMioRun\",\"isPartOf\":{\"@id\":\"https:\/\/www.miomiorun.com\/es\/#website\"},\"primaryImageOfPage\":{\"@id\":\"https:\/\/www.miomiorun.com\/es\/producto\/adizero-evo-sl-mujer\/#primaryimage\"},\"image\":{\"@id\":\"https:\/\/www.miomiorun.com\/es\/producto\/adizero-evo-sl-mujer\/#primaryimage\"},\"thumbnailUrl\":\"https:\/\/www.miomiorun.com\/app\/uploads\/2025\/06\/adidas-Adizero-EVO-SL-W-lucpnk-cblack-ftwwht-JS4455.webp\",\"datePublished\":\"2025-06-06T08:04:57+00:00\",\"dateModified\":\"2026-03-02T17:15:25+00:00\",\"description\":\"adidas Adizero EVO SL: zapatillas ligeras y reactivas con amortiguaci\u00f3n Lightstrike Pro y suela Continental. Ideales para quienes viven y corren a toda velocidad.\",\"breadcrumb\":{\"@id\":\"https:\/\/www.miomiorun.com\/es\/producto\/adizero-evo-sl-mujer\/#breadcrumb\"},\"inLanguage\":\"es-ES\",\"potentialAction\":[{\"@type\":\"ReadAction\",\"target\":[\"https:\/\/www.miomiorun.com\/es\/producto\/adizero-evo-sl-mujer\/\"]}]},{\"@type\":\"ImageObject\",\"inLanguage\":\"es-ES\",\"@id\":\"https:\/\/www.miomiorun.com\/es\/producto\/adizero-evo-sl-mujer\/#primaryimage\",\"url\":\"https:\/\/www.miomiorun.com\/app\/uploads\/2025\/06\/adidas-Adizero-EVO-SL-W-lucpnk-cblack-ftwwht-JS4455.webp\",\"contentUrl\":\"https:\/\/www.miomiorun.com\/app\/uploads\/2025\/06\/adidas-Adizero-EVO-SL-W-lucpnk-cblack-ftwwht-JS4455.webp\",\"width\":600,\"height\":600,\"caption\":\"adidas Adizero EVO SL W lucpnk cblack ftwwht JS4455\"},{\"@type\":\"BreadcrumbList\",\"@id\":\"https:\/\/www.miomiorun.com\/es\/producto\/adizero-evo-sl-mujer\/#breadcrumb\",\"itemListElement\":[{\"@type\":\"ListItem\",\"position\":1,\"name\":\"Home\",\"item\":\"https:\/\/www.miomiorun.com\/es\/\"},{\"@type\":\"ListItem\",\"position\":2,\"name\":\"Shop\",\"item\":\"https:\/\/www.miomiorun.com\/shop\/\"},{\"@type\":\"ListItem\",\"position\":3,\"name\":\"Adizero EVO SL mujer\"}]},{\"@type\":\"WebSite\",\"@id\":\"https:\/\/www.miomiorun.com\/es\/#website\",\"url\":\"https:\/\/www.miomiorun.com\/es\/\",\"name\":\"MioMioRun\",\"description\":\"Tienda 100% running y trail\",\"publisher\":{\"@id\":\"https:\/\/www.miomiorun.com\/es\/#organization\"},\"potentialAction\":[{\"@type\":\"SearchAction\",\"target\":{\"@type\":\"EntryPoint\",\"urlTemplate\":\"https:\/\/www.miomiorun.com\/es\/?s={search_term_string}\"},\"query-input\":{\"@type\":\"PropertyValueSpecification\",\"valueRequired\":true,\"valueName\":\"search_term_string\"}}],\"inLanguage\":\"es-ES\"},{\"@type\":\"Organization\",\"@id\":\"https:\/\/www.miomiorun.com\/es\/#organization\",\"name\":\"MioMio Run\",\"url\":\"https:\/\/www.miomiorun.com\/es\/\",\"logo\":{\"@type\":\"ImageObject\",\"inLanguage\":\"es-ES\",\"@id\":\"https:\/\/www.miomiorun.com\/es\/#\/schema\/logo\/image\/\",\"url\":\"https:\/\/www.miomiorun.com\/app\/uploads\/2019\/12\/logomio.png\",\"contentUrl\":\"https:\/\/www.miomiorun.com\/app\/uploads\/2019\/12\/logomio.png\",\"width\":115,\"height\":82,\"caption\":\"MioMio Run\"},\"image\":{\"@id\":\"https:\/\/www.miomiorun.com\/es\/#\/schema\/logo\/image\/\"},\"sameAs\":[\"https:\/\/www.facebook.com\/miomiorun\/\",\"https:\/\/www.instagram.com\/miomiorun\/\"]}]}<\/script>\n<!-- \/ Yoast SEO plugin. -->","yoast_head_json":{"title":"Adidas Adizero EVO SL mujer - zapatillas de running mujer - MioMioRun","description":"adidas Adizero EVO SL: zapatillas ligeras y reactivas con amortiguaci\u00f3n Lightstrike Pro y suela Continental. Ideales para quienes viven y corren a toda velocidad.","robots":{"index":"index","follow":"follow","max-snippet":"max-snippet:-1","max-image-preview":"max-image-preview:large","max-video-preview":"max-video-preview:-1"},"canonical":"https:\/\/www.miomiorun.com\/es\/producto\/adizero-evo-sl-mujer\/","og_locale":"es_ES","og_type":"article","og_title":"Adidas Adizero EVO SL mujer - zapatillas de running mujer - MioMioRun","og_description":"adidas Adizero EVO SL: zapatillas ligeras y reactivas con amortiguaci\u00f3n Lightstrike Pro y suela Continental. Ideales para quienes viven y corren a toda velocidad.","og_url":"https:\/\/www.miomiorun.com\/es\/producto\/adizero-evo-sl-mujer\/","og_site_name":"MioMioRun","article_publisher":"https:\/\/www.facebook.com\/miomiorun\/","article_modified_time":"2026-03-02T17:15:25+00:00","og_image":[{"width":600,"height":600,"url":"https:\/\/www.miomiorun.com\/app\/uploads\/2025\/06\/adidas-Adizero-EVO-SL-W-lucpnk-cblack-ftwwht-JS4455.webp","type":"image\/webp"}],"twitter_card":"summary_large_image","twitter_misc":{"Est. reading time":"1 minute"},"schema":{"@context":"https:\/\/schema.org","@graph":[{"@type":"WebPage","@id":"https:\/\/www.miomiorun.com\/es\/producto\/adizero-evo-sl-mujer\/","url":"https:\/\/www.miomiorun.com\/es\/producto\/adizero-evo-sl-mujer\/","name":"Adidas Adizero EVO SL mujer - zapatillas de running mujer - MioMioRun","isPartOf":{"@id":"https:\/\/www.miomiorun.com\/es\/#website"},"primaryImageOfPage":{"@id":"https:\/\/www.miomiorun.com\/es\/producto\/adizero-evo-sl-mujer\/#primaryimage"},"image":{"@id":"https:\/\/www.miomiorun.com\/es\/producto\/adizero-evo-sl-mujer\/#primaryimage"},"thumbnailUrl":"https:\/\/www.miomiorun.com\/app\/uploads\/2025\/06\/adidas-Adizero-EVO-SL-W-lucpnk-cblack-ftwwht-JS4455.webp","datePublished":"2025-06-06T08:04:57+00:00","dateModified":"2026-03-02T17:15:25+00:00","description":"adidas Adizero EVO SL: zapatillas ligeras y reactivas con amortiguaci\u00f3n Lightstrike Pro y suela Continental. Ideales para quienes viven y corren a toda velocidad.","breadcrumb":{"@id":"https:\/\/www.miomiorun.com\/es\/producto\/adizero-evo-sl-mujer\/#breadcrumb"},"inLanguage":"es-ES","potentialAction":[{"@type":"ReadAction","target":["https:\/\/www.miomiorun.com\/es\/producto\/adizero-evo-sl-mujer\/"]}]},{"@type":"ImageObject","inLanguage":"es-ES","@id":"https:\/\/www.miomiorun.com\/es\/producto\/adizero-evo-sl-mujer\/#primaryimage","url":"https:\/\/www.miomiorun.com\/app\/uploads\/2025\/06\/adidas-Adizero-EVO-SL-W-lucpnk-cblack-ftwwht-JS4455.webp","contentUrl":"https:\/\/www.miomiorun.com\/app\/uploads\/2025\/06\/adidas-Adizero-EVO-SL-W-lucpnk-cblack-ftwwht-JS4455.webp","width":600,"height":600,"caption":"adidas Adizero EVO SL W lucpnk cblack ftwwht JS4455"},{"@type":"BreadcrumbList","@id":"https:\/\/www.miomiorun.com\/es\/producto\/adizero-evo-sl-mujer\/#breadcrumb","itemListElement":[{"@type":"ListItem","position":1,"name":"Home","item":"https:\/\/www.miomiorun.com\/es\/"},{"@type":"ListItem","position":2,"name":"Shop","item":"https:\/\/www.miomiorun.com\/shop\/"},{"@type":"ListItem","position":3,"name":"Adizero EVO SL mujer"}]},{"@type":"WebSite","@id":"https:\/\/www.miomiorun.com\/es\/#website","url":"https:\/\/www.miomiorun.com\/es\/","name":"MioMioRun","description":"Tienda 100% running y trail","publisher":{"@id":"https:\/\/www.miomiorun.com\/es\/#organization"},"potentialAction":[{"@type":"SearchAction","target":{"@type":"EntryPoint","urlTemplate":"https:\/\/www.miomiorun.com\/es\/?s={search_term_string}"},"query-input":{"@type":"PropertyValueSpecification","valueRequired":true,"valueName":"search_term_string"}}],"inLanguage":"es-ES"},{"@type":"Organization","@id":"https:\/\/www.miomiorun.com\/es\/#organization","name":"MioMio Run","url":"https:\/\/www.miomiorun.com\/es\/","logo":{"@type":"ImageObject","inLanguage":"es-ES","@id":"https:\/\/www.miomiorun.com\/es\/#\/schema\/logo\/image\/","url":"https:\/\/www.miomiorun.com\/app\/uploads\/2019\/12\/logomio.png","contentUrl":"https:\/\/www.miomiorun.com\/app\/uploads\/2019\/12\/logomio.png","width":115,"height":82,"caption":"MioMio Run"},"image":{"@id":"https:\/\/www.miomiorun.com\/es\/#\/schema\/logo\/image\/"},"sameAs":["https:\/\/www.facebook.com\/miomiorun\/","https:\/\/www.instagram.com\/miomiorun\/"]}]}},"_links":{"self":[{"href":"https:\/\/www.miomiorun.com\/es\/wp-json\/wp\/v2\/product\/317038","targetHints":{"allow":["GET"]}}],"collection":[{"href":"https:\/\/www.miomiorun.com\/es\/wp-json\/wp\/v2\/product"}],"about":[{"href":"https:\/\/www.miomiorun.com\/es\/wp-json\/wp\/v2\/types\/product"}],"wp:featuredmedia":[{"embeddable":true,"href":"https:\/\/www.miomiorun.com\/es\/wp-json\/wp\/v2\/media\/318461"}],"wp:attachment":[{"href":"https:\/\/www.miomiorun.com\/es\/wp-json\/wp\/v2\/media?parent=317038"}],"wp:term":[{"taxonomy":"product_brand","embeddable":true,"href":"https:\/\/www.miomiorun.com\/es\/wp-json\/wp\/v2\/product_brand?post=317038"},{"taxonomy":"product_cat","embeddable":true,"href":"https:\/\/www.miomiorun.com\/es\/wp-json\/wp\/v2\/product_cat?post=317038"},{"taxonomy":"product_tag","embeddable":true,"href":"https:\/\/www.miomiorun.com\/es\/wp-json\/wp\/v2\/product_tag?post=317038"}],"curies":[{"name":"wp","href":"https:\/\/api.w.org\/{rel}","templated":true}]}}