{"id":315771,"date":"2025-06-04T18:01:40","date_gmt":"2025-06-04T16:01:40","guid":{"rendered":"https:\/\/miomiorun.com\/?post_type=product&#038;p=315771"},"modified":"2025-06-05T16:40:40","modified_gmt":"2025-06-05T14:40:40","slug":"trail-race-t-shirt-hombre","status":"publish","type":"product","link":"https:\/\/www.miomiorun.com\/es\/producto\/trail-race-t-shirt-hombre\/","title":{"rendered":"Trail race t-shirt hombre"},"content":{"rendered":"<p data-end=\"533\" data-start=\"211\">Afronta los senderos m\u00e1s duros con la nueva <strong data-end=\"282\" data-start=\"260\">camiseta<\/strong> Trail <strong data-end=\"282\" data-start=\"260\">Race<\/strong> de Wild Tee, la \u00faltima incorporaci\u00f3n a la gama de trail running y <strong data-end=\"374\" data-start=\"338\">fabricada \u00edntegramente en Italia<\/strong>. Dise\u00f1ada para ofrecer el m\u00e1ximo confort, resistencia y ventilaci\u00f3n, es la prenda ideal para competiciones y entrenamientos de alta intensidad.<\/p>\n<p data-end=\"900\" data-start=\"535\">El <strong data-end=\"576\" data-start=\"538\">panel frontal antirozaduras<\/strong> con cremallera YKK protege la piel de las irritaciones causadas por mochilas o chalecos, mientras que la <strong data-end=\"708\" data-start=\"658\">malla de nido de abeja de poli\u00e9ster 100% reciclado<\/strong> garantiza <strong data-end=\"773\" data-start=\"722\">una ventilaci\u00f3n constante y una transpirabilidad \u00f3ptima<\/strong> incluso en las secciones m\u00e1s expuestas. <strong data-end=\"827\" data-start=\"806\">Los logotipos reflectantes<\/strong> en la parte delantera y trasera garantizan la visibilidad incluso en condiciones de poca luz.<\/p>\n<p data-end=\"1032\" data-start=\"902\"><strong data-end=\"963\" data-start=\"902\">Probado en los senderos del Chianti Ultra Trail by UTMB 2025<\/strong>, este maillot est\u00e1 dise\u00f1ado para quienes no temen las subidas ni los kil\u00f3metros.<\/p>\n<h4 data-end=\"1075\" data-start=\"1039\"><strong data-end=\"1075\" data-start=\"1044\">Caracter\u00edsticas principales:<\/strong><\/h4>\n<ul data-end=\"1475\" data-start=\"1076\">\n<li data-end=\"1100\" data-start=\"1076\">\n<p data-end=\"1100\" data-start=\"1078\"><strong data-end=\"1100\" data-start=\"1078\">100% Made in Italy<\/strong><\/p>\n<\/li>\n<li data-end=\"1152\" data-start=\"1101\">\n<p data-end=\"1152\" data-start=\"1103\">Parte delantera: 71% poliamida, 29% elast\u00e1n<\/p>\n<\/li>\n<li data-end=\"1203\" data-start=\"1153\">\n<p data-end=\"1203\" data-start=\"1155\">Resto del tejido: <strong data-end=\"1203\" data-start=\"1174\">100% poli\u00e9ster reciclado<\/strong><\/p>\n<\/li>\n<li data-end=\"1253\" data-start=\"1204\">\n<p data-end=\"1253\" data-start=\"1206\"><strong data-end=\"1227\" data-start=\"1206\">Malla de nido de abeja<\/strong> para una ventilaci\u00f3n avanzada<\/p>\n<\/li>\n<li data-end=\"1301\" data-start=\"1254\">\n<p data-end=\"1301\" data-start=\"1256\"><strong data-end=\"1267\" data-start=\"1256\">Cremallera<\/strong> frontal <strong data-end=\"1267\" data-start=\"1256\">YKK<\/strong> para ventilaci\u00f3n ajustable<\/p>\n<\/li>\n<li data-end=\"1359\" data-start=\"1302\">\n<p data-end=\"1359\" data-start=\"1304\"><strong data-end=\"1333\" data-start=\"1304\">Panel antifricci\u00f3n<\/strong> resistente a mochilas y chalecos<\/p>\n<\/li>\n<li data-end=\"1410\" data-start=\"1360\">\n<p data-end=\"1410\" data-start=\"1362\"><strong data-end=\"1383\" data-start=\"1362\">Logotipos reflectantes<\/strong> Wild Tee en la parte delantera y trasera<\/p>\n<\/li>\n<li data-end=\"1427\" data-start=\"1411\">\n<p data-end=\"1427\" data-start=\"1413\"><strong data-end=\"1427\" data-start=\"1413\">Peso: 140 g<\/strong><\/p>\n<\/li>\n<li data-end=\"1475\" data-start=\"1428\">\n<p data-end=\"1475\" data-start=\"1430\"><em data-end=\"1475\" data-start=\"1430\">Se recomienda una talla menos para las mujeres<\/em><\/p>\n<\/li>\n<\/ul>\n","protected":false},"excerpt":{"rendered":"<ul>\n<li>Comodidad extrema<\/li>\n<li class=\"\" data-start=\"1256\" data-end=\"1282\">\n<p class=\"\" data-start=\"1258\" data-end=\"1282\">M\u00e1xima transpirabilidad<\/p>\n<\/li>\n<li data-start=\"1256\" data-end=\"1282\">Dise\u00f1ada para el trail<\/li>\n<\/ul>\n","protected":false},"featured_media":316615,"template":"","meta":{"_acf_changed":false,"inline_featured_image":false},"product_brand":[],"product_cat":[24455,24463],"product_tag":[23527,23571],"class_list":{"0":"post-315771","1":"product","2":"type-product","3":"status-publish","4":"has-post-thumbnail","6":"product_cat-camiseta-es-2","7":"product_cat-ropa-de-hombre-es","8":"product_tag-wild-tee-es","9":"product_tag-wlid-tee-hombre","10":"pa_attivita-caminar","11":"pa_attivita-outdoor-es","12":"pa_attivita-trail-es","13":"pa_marca-wild-tee-es","14":"pa_sesso-hombre","15":"pa_size-small-es","16":"pa_size-medium-es","17":"pa_size-large-es","18":"pa_size-extra-large-es","20":"first","21":"instock","22":"sale","23":"taxable","24":"shipping-taxable","25":"purchasable","26":"product-type-variable","27":"wvs-archive-product-wrapper"},"acf":[],"yoast_head":"<!-- This site is optimized with the Yoast SEO plugin v26.8 - https:\/\/yoast.com\/product\/yoast-seo-wordpress\/ -->\n<title>Wild Tee Trail race t-shirt hombre - camiseta running - MioMioRun.com<\/title>\n<meta name=\"description\" content=\"Wild Tee Trail Race: Camiseta t\u00e9cnica de trail running 100% Made in Italy, resistente a las rozaduras, superventilada y probada en UTMB. Ligereza y rendimiento.\" \/>\n<meta name=\"robots\" content=\"index, follow, max-snippet:-1, max-image-preview:large, max-video-preview:-1\" \/>\n<link rel=\"canonical\" href=\"https:\/\/www.miomiorun.com\/es\/producto\/trail-race-t-shirt-hombre\/\" \/>\n<meta property=\"og:locale\" content=\"es_ES\" \/>\n<meta property=\"og:type\" content=\"article\" \/>\n<meta property=\"og:title\" content=\"Wild Tee Trail race t-shirt hombre - camiseta running - MioMioRun.com\" \/>\n<meta property=\"og:description\" content=\"Wild Tee Trail Race: Camiseta t\u00e9cnica de trail running 100% Made in Italy, resistente a las rozaduras, superventilada y probada en UTMB. Ligereza y rendimiento.\" \/>\n<meta property=\"og:url\" content=\"https:\/\/www.miomiorun.com\/es\/producto\/trail-race-t-shirt-hombre\/\" \/>\n<meta property=\"og:site_name\" content=\"MioMioRun\" \/>\n<meta property=\"article:publisher\" content=\"https:\/\/www.facebook.com\/miomiorun\/\" \/>\n<meta property=\"article:modified_time\" content=\"2025-06-05T14:40:40+00:00\" \/>\n<meta property=\"og:image\" content=\"https:\/\/www.miomiorun.com\/app\/uploads\/2025\/06\/wild-tee-Trail-race-t-shirt-green-WT024WT001.webp\" \/>\n\t<meta property=\"og:image:width\" content=\"600\" \/>\n\t<meta property=\"og:image:height\" content=\"600\" \/>\n\t<meta property=\"og:image:type\" content=\"image\/webp\" \/>\n<meta name=\"twitter:card\" content=\"summary_large_image\" \/>\n<meta name=\"twitter:label1\" content=\"Est. reading time\" \/>\n\t<meta name=\"twitter:data1\" content=\"1 minute\" \/>\n<script type=\"application\/ld+json\" class=\"yoast-schema-graph\">{\"@context\":\"https:\/\/schema.org\",\"@graph\":[{\"@type\":\"WebPage\",\"@id\":\"https:\/\/www.miomiorun.com\/es\/producto\/trail-race-t-shirt-hombre\/\",\"url\":\"https:\/\/www.miomiorun.com\/es\/producto\/trail-race-t-shirt-hombre\/\",\"name\":\"Wild Tee Trail race t-shirt hombre - camiseta running - MioMioRun.com\",\"isPartOf\":{\"@id\":\"https:\/\/www.miomiorun.com\/es\/#website\"},\"primaryImageOfPage\":{\"@id\":\"https:\/\/www.miomiorun.com\/es\/producto\/trail-race-t-shirt-hombre\/#primaryimage\"},\"image\":{\"@id\":\"https:\/\/www.miomiorun.com\/es\/producto\/trail-race-t-shirt-hombre\/#primaryimage\"},\"thumbnailUrl\":\"https:\/\/www.miomiorun.com\/app\/uploads\/2025\/06\/wild-tee-Trail-race-t-shirt-green-WT024WT001.webp\",\"datePublished\":\"2025-06-04T16:01:40+00:00\",\"dateModified\":\"2025-06-05T14:40:40+00:00\",\"description\":\"Wild Tee Trail Race: Camiseta t\u00e9cnica de trail running 100% Made in Italy, resistente a las rozaduras, superventilada y probada en UTMB. Ligereza y rendimiento.\",\"breadcrumb\":{\"@id\":\"https:\/\/www.miomiorun.com\/es\/producto\/trail-race-t-shirt-hombre\/#breadcrumb\"},\"inLanguage\":\"es-ES\",\"potentialAction\":[{\"@type\":\"ReadAction\",\"target\":[\"https:\/\/www.miomiorun.com\/es\/producto\/trail-race-t-shirt-hombre\/\"]}]},{\"@type\":\"ImageObject\",\"inLanguage\":\"es-ES\",\"@id\":\"https:\/\/www.miomiorun.com\/es\/producto\/trail-race-t-shirt-hombre\/#primaryimage\",\"url\":\"https:\/\/www.miomiorun.com\/app\/uploads\/2025\/06\/wild-tee-Trail-race-t-shirt-green-WT024WT001.webp\",\"contentUrl\":\"https:\/\/www.miomiorun.com\/app\/uploads\/2025\/06\/wild-tee-Trail-race-t-shirt-green-WT024WT001.webp\",\"width\":600,\"height\":600,\"caption\":\"wild tee Trail race t-shirt green WT024WT001\"},{\"@type\":\"BreadcrumbList\",\"@id\":\"https:\/\/www.miomiorun.com\/es\/producto\/trail-race-t-shirt-hombre\/#breadcrumb\",\"itemListElement\":[{\"@type\":\"ListItem\",\"position\":1,\"name\":\"Home\",\"item\":\"https:\/\/www.miomiorun.com\/es\/\"},{\"@type\":\"ListItem\",\"position\":2,\"name\":\"Shop\",\"item\":\"https:\/\/www.miomiorun.com\/shop\/\"},{\"@type\":\"ListItem\",\"position\":3,\"name\":\"Trail race t-shirt hombre\"}]},{\"@type\":\"WebSite\",\"@id\":\"https:\/\/www.miomiorun.com\/es\/#website\",\"url\":\"https:\/\/www.miomiorun.com\/es\/\",\"name\":\"MioMioRun\",\"description\":\"Tienda 100% running y trail\",\"publisher\":{\"@id\":\"https:\/\/www.miomiorun.com\/es\/#organization\"},\"potentialAction\":[{\"@type\":\"SearchAction\",\"target\":{\"@type\":\"EntryPoint\",\"urlTemplate\":\"https:\/\/www.miomiorun.com\/es\/?s={search_term_string}\"},\"query-input\":{\"@type\":\"PropertyValueSpecification\",\"valueRequired\":true,\"valueName\":\"search_term_string\"}}],\"inLanguage\":\"es-ES\"},{\"@type\":\"Organization\",\"@id\":\"https:\/\/www.miomiorun.com\/es\/#organization\",\"name\":\"MioMio Run\",\"url\":\"https:\/\/www.miomiorun.com\/es\/\",\"logo\":{\"@type\":\"ImageObject\",\"inLanguage\":\"es-ES\",\"@id\":\"https:\/\/www.miomiorun.com\/es\/#\/schema\/logo\/image\/\",\"url\":\"https:\/\/www.miomiorun.com\/app\/uploads\/2019\/12\/logomio.png\",\"contentUrl\":\"https:\/\/www.miomiorun.com\/app\/uploads\/2019\/12\/logomio.png\",\"width\":115,\"height\":82,\"caption\":\"MioMio Run\"},\"image\":{\"@id\":\"https:\/\/www.miomiorun.com\/es\/#\/schema\/logo\/image\/\"},\"sameAs\":[\"https:\/\/www.facebook.com\/miomiorun\/\",\"https:\/\/www.instagram.com\/miomiorun\/\"]}]}<\/script>\n<!-- \/ Yoast SEO plugin. -->","yoast_head_json":{"title":"Wild Tee Trail race t-shirt hombre - camiseta running - MioMioRun.com","description":"Wild Tee Trail Race: Camiseta t\u00e9cnica de trail running 100% Made in Italy, resistente a las rozaduras, superventilada y probada en UTMB. Ligereza y rendimiento.","robots":{"index":"index","follow":"follow","max-snippet":"max-snippet:-1","max-image-preview":"max-image-preview:large","max-video-preview":"max-video-preview:-1"},"canonical":"https:\/\/www.miomiorun.com\/es\/producto\/trail-race-t-shirt-hombre\/","og_locale":"es_ES","og_type":"article","og_title":"Wild Tee Trail race t-shirt hombre - camiseta running - MioMioRun.com","og_description":"Wild Tee Trail Race: Camiseta t\u00e9cnica de trail running 100% Made in Italy, resistente a las rozaduras, superventilada y probada en UTMB. Ligereza y rendimiento.","og_url":"https:\/\/www.miomiorun.com\/es\/producto\/trail-race-t-shirt-hombre\/","og_site_name":"MioMioRun","article_publisher":"https:\/\/www.facebook.com\/miomiorun\/","article_modified_time":"2025-06-05T14:40:40+00:00","og_image":[{"width":600,"height":600,"url":"https:\/\/www.miomiorun.com\/app\/uploads\/2025\/06\/wild-tee-Trail-race-t-shirt-green-WT024WT001.webp","type":"image\/webp"}],"twitter_card":"summary_large_image","twitter_misc":{"Est. reading time":"1 minute"},"schema":{"@context":"https:\/\/schema.org","@graph":[{"@type":"WebPage","@id":"https:\/\/www.miomiorun.com\/es\/producto\/trail-race-t-shirt-hombre\/","url":"https:\/\/www.miomiorun.com\/es\/producto\/trail-race-t-shirt-hombre\/","name":"Wild Tee Trail race t-shirt hombre - camiseta running - MioMioRun.com","isPartOf":{"@id":"https:\/\/www.miomiorun.com\/es\/#website"},"primaryImageOfPage":{"@id":"https:\/\/www.miomiorun.com\/es\/producto\/trail-race-t-shirt-hombre\/#primaryimage"},"image":{"@id":"https:\/\/www.miomiorun.com\/es\/producto\/trail-race-t-shirt-hombre\/#primaryimage"},"thumbnailUrl":"https:\/\/www.miomiorun.com\/app\/uploads\/2025\/06\/wild-tee-Trail-race-t-shirt-green-WT024WT001.webp","datePublished":"2025-06-04T16:01:40+00:00","dateModified":"2025-06-05T14:40:40+00:00","description":"Wild Tee Trail Race: Camiseta t\u00e9cnica de trail running 100% Made in Italy, resistente a las rozaduras, superventilada y probada en UTMB. Ligereza y rendimiento.","breadcrumb":{"@id":"https:\/\/www.miomiorun.com\/es\/producto\/trail-race-t-shirt-hombre\/#breadcrumb"},"inLanguage":"es-ES","potentialAction":[{"@type":"ReadAction","target":["https:\/\/www.miomiorun.com\/es\/producto\/trail-race-t-shirt-hombre\/"]}]},{"@type":"ImageObject","inLanguage":"es-ES","@id":"https:\/\/www.miomiorun.com\/es\/producto\/trail-race-t-shirt-hombre\/#primaryimage","url":"https:\/\/www.miomiorun.com\/app\/uploads\/2025\/06\/wild-tee-Trail-race-t-shirt-green-WT024WT001.webp","contentUrl":"https:\/\/www.miomiorun.com\/app\/uploads\/2025\/06\/wild-tee-Trail-race-t-shirt-green-WT024WT001.webp","width":600,"height":600,"caption":"wild tee Trail race t-shirt green WT024WT001"},{"@type":"BreadcrumbList","@id":"https:\/\/www.miomiorun.com\/es\/producto\/trail-race-t-shirt-hombre\/#breadcrumb","itemListElement":[{"@type":"ListItem","position":1,"name":"Home","item":"https:\/\/www.miomiorun.com\/es\/"},{"@type":"ListItem","position":2,"name":"Shop","item":"https:\/\/www.miomiorun.com\/shop\/"},{"@type":"ListItem","position":3,"name":"Trail race t-shirt hombre"}]},{"@type":"WebSite","@id":"https:\/\/www.miomiorun.com\/es\/#website","url":"https:\/\/www.miomiorun.com\/es\/","name":"MioMioRun","description":"Tienda 100% running y trail","publisher":{"@id":"https:\/\/www.miomiorun.com\/es\/#organization"},"potentialAction":[{"@type":"SearchAction","target":{"@type":"EntryPoint","urlTemplate":"https:\/\/www.miomiorun.com\/es\/?s={search_term_string}"},"query-input":{"@type":"PropertyValueSpecification","valueRequired":true,"valueName":"search_term_string"}}],"inLanguage":"es-ES"},{"@type":"Organization","@id":"https:\/\/www.miomiorun.com\/es\/#organization","name":"MioMio Run","url":"https:\/\/www.miomiorun.com\/es\/","logo":{"@type":"ImageObject","inLanguage":"es-ES","@id":"https:\/\/www.miomiorun.com\/es\/#\/schema\/logo\/image\/","url":"https:\/\/www.miomiorun.com\/app\/uploads\/2019\/12\/logomio.png","contentUrl":"https:\/\/www.miomiorun.com\/app\/uploads\/2019\/12\/logomio.png","width":115,"height":82,"caption":"MioMio Run"},"image":{"@id":"https:\/\/www.miomiorun.com\/es\/#\/schema\/logo\/image\/"},"sameAs":["https:\/\/www.facebook.com\/miomiorun\/","https:\/\/www.instagram.com\/miomiorun\/"]}]}},"_links":{"self":[{"href":"https:\/\/www.miomiorun.com\/es\/wp-json\/wp\/v2\/product\/315771","targetHints":{"allow":["GET"]}}],"collection":[{"href":"https:\/\/www.miomiorun.com\/es\/wp-json\/wp\/v2\/product"}],"about":[{"href":"https:\/\/www.miomiorun.com\/es\/wp-json\/wp\/v2\/types\/product"}],"wp:featuredmedia":[{"embeddable":true,"href":"https:\/\/www.miomiorun.com\/es\/wp-json\/wp\/v2\/media\/316615"}],"wp:attachment":[{"href":"https:\/\/www.miomiorun.com\/es\/wp-json\/wp\/v2\/media?parent=315771"}],"wp:term":[{"taxonomy":"product_brand","embeddable":true,"href":"https:\/\/www.miomiorun.com\/es\/wp-json\/wp\/v2\/product_brand?post=315771"},{"taxonomy":"product_cat","embeddable":true,"href":"https:\/\/www.miomiorun.com\/es\/wp-json\/wp\/v2\/product_cat?post=315771"},{"taxonomy":"product_tag","embeddable":true,"href":"https:\/\/www.miomiorun.com\/es\/wp-json\/wp\/v2\/product_tag?post=315771"}],"curies":[{"name":"wp","href":"https:\/\/api.w.org\/{rel}","templated":true}]}}